{"id":35178,"date":"2023-12-11T16:37:11","date_gmt":"2023-12-11T15:37:11","guid":{"rendered":"https:\/\/romantic-sinoussi.152-228-147-242.plesk.page\/product\/water-90-black-2\/"},"modified":"2023-12-28T11:01:08","modified_gmt":"2023-12-28T10:01:08","slug":"water-90-black-2","status":"publish","type":"product","link":"https:\/\/romantic-sinoussi.152-228-147-242.plesk.page\/es\/producto\/water-90-black-2\/","title":{"rendered":"Water 90 Black"},"content":{"rendered":"<p><strong>Caracter\u00edsticas:\u00a0<\/strong><\/p>\n<ul>\n<li>El <strong>Audibax Water 90<\/strong> es ideal para ser utilizado en exteriores gracias a su protecci\u00f3n IP65. Cuenta con 9 LEDs de 10W RGBW 4 en 1, lo que proporciona una amplia gama de colores y efectos.<\/li>\n<li>Este foco Par LED tambi\u00e9n cuenta con la posibilidad de ser controlado a trav\u00e9s de DMX, con 4\/8 canales, lo que permite una gran flexibilidad y precisi\u00f3n en la configuraci\u00f3n de la iluminaci\u00f3n. Cuenta con modos de funcionamiento como DMX512, Autom\u00e1tico, Controlado por Sonido y Maestro-Esclavo, permite una gran variedad de opciones para adaptarse a diferentes situaciones.<\/li>\n<li>Tambi\u00e9n cuenta con cables con aislamiento y conectores con cierres con rosca, esto proporciona una alta calidad y durabilidad en su uso. Este foco es una excelente opci\u00f3n para aquellos que buscan una iluminaci\u00f3n de calidad y flexibilidad en exteriores, gracias a sus caracter\u00edsticas de protecci\u00f3n, control y rendimiento.<\/li>\n<\/ul>\n<p><strong>Especificaciones:<\/strong><\/p>\n<ul>\n<li>Fuente de luz: 9 x 10W LED RGBW &#8211; 4 en 1<\/li>\n<li>Canales DMX:: 4\/8 CH<\/li>\n<li>Modo Control:\u00a0 DMX512, AUTO, sonido, maestro-esclavo<\/li>\n<li>Voltaje: AC110-220V 50\/60HZ<\/li>\n<li>Cables con aislamiento.<\/li>\n<li>Conectores con cierres con rosca.<\/li>\n<li>Resistente al agua IP65<\/li>\n<li>Color: Negro<\/li>\n<\/ul>\n","protected":false},"excerpt":{"rendered":"<ul>\n<li>Fuente de luz:\u00a09 x 10W LED RGBW &#8211; 4 en 1<\/li>\n<li>Canales DMX:: 4\/8 CH<\/li>\n<li>Modo Control:\u00a0 DMX512, AUTO, sonido, maestro-esclavo<\/li>\n<li>Resistente al agua IP65<\/li>\n<\/ul>\n","protected":false},"featured_media":18722,"comment_status":"open","ping_status":"closed","template":"","meta":[],"product_cat":[367],"product_tag":[],"class_list":{"0":"post-35178","1":"product","2":"type-product","3":"status-publish","4":"has-post-thumbnail","6":"product_cat-spotlights-es","8":"first","9":"instock","10":"featured","11":"shipping-taxable","12":"product-type-simple"},"acf":[],"yoast_head":"<!-- This site is optimized with the Yoast SEO plugin v21.5 - https:\/\/yoast.com\/wordpress\/plugins\/seo\/ -->\n<title>Water 90 Black - Audibax<\/title>\n<meta name=\"robots\" content=\"noindex, follow, max-snippet:-1, max-image-preview:large, max-video-preview:-1\" \/>\n<meta property=\"og:locale\" content=\"es_ES\" \/>\n<meta property=\"og:type\" content=\"article\" \/>\n<meta property=\"og:title\" content=\"Water 90 Black - Audibax\" \/>\n<meta property=\"og:description\" content=\"Fuente de luz:\u00a09 x 10W LED RGBW - 4 en 1  Canales DMX:: 4\/8 CH  Modo Control:\u00a0 DMX512, AUTO, sonido, maestro-esclavo  Resistente al agua IP65\" \/>\n<meta property=\"og:url\" content=\"https:\/\/romantic-sinoussi.152-228-147-242.plesk.page\/es\/producto\/water-90-black-2\/\" \/>\n<meta property=\"og:site_name\" content=\"Audibax\" \/>\n<meta property=\"article:modified_time\" content=\"2023-12-28T10:01:08+00:00\" \/>\n<meta property=\"og:image\" content=\"https:\/\/romantic-sinoussi.152-228-147-242.plesk.page\/wp-content\/uploads\/2023\/12\/Water-90-foco-par-led-exterior-luz-roja.jpg\" \/>\n\t<meta property=\"og:image:width\" content=\"1358\" \/>\n\t<meta property=\"og:image:height\" content=\"1500\" \/>\n\t<meta property=\"og:image:type\" content=\"image\/jpeg\" \/>\n<meta name=\"twitter:card\" content=\"summary_large_image\" \/>\n<meta name=\"twitter:label1\" content=\"Tiempo de lectura\" \/>\n\t<meta name=\"twitter:data1\" content=\"1 minuto\" \/>\n<script type=\"application\/ld+json\" class=\"yoast-schema-graph\">{\"@context\":\"https:\/\/schema.org\",\"@graph\":[{\"@type\":\"WebPage\",\"@id\":\"https:\/\/romantic-sinoussi.152-228-147-242.plesk.page\/es\/producto\/water-90-black-2\/\",\"url\":\"https:\/\/romantic-sinoussi.152-228-147-242.plesk.page\/es\/producto\/water-90-black-2\/\",\"name\":\"Water 90 Black - Audibax\",\"isPartOf\":{\"@id\":\"https:\/\/romantic-sinoussi.152-228-147-242.plesk.page\/es\/#website\"},\"datePublished\":\"2023-12-11T15:37:11+00:00\",\"dateModified\":\"2023-12-28T10:01:08+00:00\",\"breadcrumb\":{\"@id\":\"https:\/\/romantic-sinoussi.152-228-147-242.plesk.page\/es\/producto\/water-90-black-2\/#breadcrumb\"},\"inLanguage\":\"es\",\"potentialAction\":[{\"@type\":\"ReadAction\",\"target\":[\"https:\/\/romantic-sinoussi.152-228-147-242.plesk.page\/es\/producto\/water-90-black-2\/\"]}]},{\"@type\":\"BreadcrumbList\",\"@id\":\"https:\/\/romantic-sinoussi.152-228-147-242.plesk.page\/es\/producto\/water-90-black-2\/#breadcrumb\",\"itemListElement\":[{\"@type\":\"ListItem\",\"position\":1,\"name\":\"Portada\",\"item\":\"https:\/\/romantic-sinoussi.152-228-147-242.plesk.page\/es\/\"},{\"@type\":\"ListItem\",\"position\":2,\"name\":\"Products\",\"item\":\"https:\/\/romantic-sinoussi.152-228-147-242.plesk.page\/es\/shop\/\"},{\"@type\":\"ListItem\",\"position\":3,\"name\":\"Water 90 Black\"}]},{\"@type\":\"WebSite\",\"@id\":\"https:\/\/romantic-sinoussi.152-228-147-242.plesk.page\/es\/#website\",\"url\":\"https:\/\/romantic-sinoussi.152-228-147-242.plesk.page\/es\/\",\"name\":\"Audibax\",\"description\":\"\",\"publisher\":{\"@id\":\"https:\/\/romantic-sinoussi.152-228-147-242.plesk.page\/es\/#organization\"},\"potentialAction\":[{\"@type\":\"SearchAction\",\"target\":{\"@type\":\"EntryPoint\",\"urlTemplate\":\"https:\/\/romantic-sinoussi.152-228-147-242.plesk.page\/es\/?s={search_term_string}\"},\"query-input\":\"required name=search_term_string\"}],\"inLanguage\":\"es\"},{\"@type\":\"Organization\",\"@id\":\"https:\/\/romantic-sinoussi.152-228-147-242.plesk.page\/es\/#organization\",\"name\":\"Audibax\",\"url\":\"https:\/\/romantic-sinoussi.152-228-147-242.plesk.page\/es\/\",\"logo\":{\"@type\":\"ImageObject\",\"inLanguage\":\"es\",\"@id\":\"https:\/\/romantic-sinoussi.152-228-147-242.plesk.page\/es\/#\/schema\/logo\/image\/\",\"url\":\"https:\/\/romantic-sinoussi.152-228-147-242.plesk.page\/wp-content\/uploads\/2023\/09\/logo-Audibax-BLANCO-SVG-1.svg\",\"contentUrl\":\"https:\/\/romantic-sinoussi.152-228-147-242.plesk.page\/wp-content\/uploads\/2023\/09\/logo-Audibax-BLANCO-SVG-1.svg\",\"width\":581,\"height\":146,\"caption\":\"Audibax\"},\"image\":{\"@id\":\"https:\/\/romantic-sinoussi.152-228-147-242.plesk.page\/es\/#\/schema\/logo\/image\/\"}}]}<\/script>\n<!-- \/ Yoast SEO plugin. -->","yoast_head_json":{"title":"Water 90 Black - Audibax","robots":{"index":"noindex","follow":"follow","max-snippet":"max-snippet:-1","max-image-preview":"max-image-preview:large","max-video-preview":"max-video-preview:-1"},"og_locale":"es_ES","og_type":"article","og_title":"Water 90 Black - Audibax","og_description":"Fuente de luz:\u00a09 x 10W LED RGBW - 4 en 1  Canales DMX:: 4\/8 CH  Modo Control:\u00a0 DMX512, AUTO, sonido, maestro-esclavo  Resistente al agua IP65","og_url":"https:\/\/romantic-sinoussi.152-228-147-242.plesk.page\/es\/producto\/water-90-black-2\/","og_site_name":"Audibax","article_modified_time":"2023-12-28T10:01:08+00:00","og_image":[{"width":1358,"height":1500,"url":"https:\/\/romantic-sinoussi.152-228-147-242.plesk.page\/wp-content\/uploads\/2023\/12\/Water-90-foco-par-led-exterior-luz-roja.jpg","type":"image\/jpeg"}],"twitter_card":"summary_large_image","twitter_misc":{"Tiempo de lectura":"1 minuto"},"schema":{"@context":"https:\/\/schema.org","@graph":[{"@type":"WebPage","@id":"https:\/\/romantic-sinoussi.152-228-147-242.plesk.page\/es\/producto\/water-90-black-2\/","url":"https:\/\/romantic-sinoussi.152-228-147-242.plesk.page\/es\/producto\/water-90-black-2\/","name":"Water 90 Black - Audibax","isPartOf":{"@id":"https:\/\/romantic-sinoussi.152-228-147-242.plesk.page\/es\/#website"},"datePublished":"2023-12-11T15:37:11+00:00","dateModified":"2023-12-28T10:01:08+00:00","breadcrumb":{"@id":"https:\/\/romantic-sinoussi.152-228-147-242.plesk.page\/es\/producto\/water-90-black-2\/#breadcrumb"},"inLanguage":"es","potentialAction":[{"@type":"ReadAction","target":["https:\/\/romantic-sinoussi.152-228-147-242.plesk.page\/es\/producto\/water-90-black-2\/"]}]},{"@type":"BreadcrumbList","@id":"https:\/\/romantic-sinoussi.152-228-147-242.plesk.page\/es\/producto\/water-90-black-2\/#breadcrumb","itemListElement":[{"@type":"ListItem","position":1,"name":"Portada","item":"https:\/\/romantic-sinoussi.152-228-147-242.plesk.page\/es\/"},{"@type":"ListItem","position":2,"name":"Products","item":"https:\/\/romantic-sinoussi.152-228-147-242.plesk.page\/es\/shop\/"},{"@type":"ListItem","position":3,"name":"Water 90 Black"}]},{"@type":"WebSite","@id":"https:\/\/romantic-sinoussi.152-228-147-242.plesk.page\/es\/#website","url":"https:\/\/romantic-sinoussi.152-228-147-242.plesk.page\/es\/","name":"Audibax","description":"","publisher":{"@id":"https:\/\/romantic-sinoussi.152-228-147-242.plesk.page\/es\/#organization"},"potentialAction":[{"@type":"SearchAction","target":{"@type":"EntryPoint","urlTemplate":"https:\/\/romantic-sinoussi.152-228-147-242.plesk.page\/es\/?s={search_term_string}"},"query-input":"required name=search_term_string"}],"inLanguage":"es"},{"@type":"Organization","@id":"https:\/\/romantic-sinoussi.152-228-147-242.plesk.page\/es\/#organization","name":"Audibax","url":"https:\/\/romantic-sinoussi.152-228-147-242.plesk.page\/es\/","logo":{"@type":"ImageObject","inLanguage":"es","@id":"https:\/\/romantic-sinoussi.152-228-147-242.plesk.page\/es\/#\/schema\/logo\/image\/","url":"https:\/\/romantic-sinoussi.152-228-147-242.plesk.page\/wp-content\/uploads\/2023\/09\/logo-Audibax-BLANCO-SVG-1.svg","contentUrl":"https:\/\/romantic-sinoussi.152-228-147-242.plesk.page\/wp-content\/uploads\/2023\/09\/logo-Audibax-BLANCO-SVG-1.svg","width":581,"height":146,"caption":"Audibax"},"image":{"@id":"https:\/\/romantic-sinoussi.152-228-147-242.plesk.page\/es\/#\/schema\/logo\/image\/"}}]}},"_links":{"self":[{"href":"https:\/\/romantic-sinoussi.152-228-147-242.plesk.page\/es\/wp-json\/wp\/v2\/product\/35178","targetHints":{"allow":["GET"]}}],"collection":[{"href":"https:\/\/romantic-sinoussi.152-228-147-242.plesk.page\/es\/wp-json\/wp\/v2\/product"}],"about":[{"href":"https:\/\/romantic-sinoussi.152-228-147-242.plesk.page\/es\/wp-json\/wp\/v2\/types\/product"}],"replies":[{"embeddable":true,"href":"https:\/\/romantic-sinoussi.152-228-147-242.plesk.page\/es\/wp-json\/wp\/v2\/comments?post=35178"}],"wp:featuredmedia":[{"embeddable":true,"href":"https:\/\/romantic-sinoussi.152-228-147-242.plesk.page\/es\/wp-json\/wp\/v2\/media\/18722"}],"wp:attachment":[{"href":"https:\/\/romantic-sinoussi.152-228-147-242.plesk.page\/es\/wp-json\/wp\/v2\/media?parent=35178"}],"wp:term":[{"taxonomy":"product_cat","embeddable":true,"href":"https:\/\/romantic-sinoussi.152-228-147-242.plesk.page\/es\/wp-json\/wp\/v2\/product_cat?post=35178"},{"taxonomy":"product_tag","embeddable":true,"href":"https:\/\/romantic-sinoussi.152-228-147-242.plesk.page\/es\/wp-json\/wp\/v2\/product_tag?post=35178"}],"curies":[{"name":"wp","href":"https:\/\/api.w.org\/{rel}","templated":true}]}}