{"id":35344,"date":"2023-12-11T13:51:24","date_gmt":"2023-12-11T12:51:24","guid":{"rendered":"https:\/\/romantic-sinoussi.152-228-147-242.plesk.page\/product\/ovo-4-white-2\/"},"modified":"2023-12-26T12:07:41","modified_gmt":"2023-12-26T11:07:41","slug":"ovo-4-white-2","status":"publish","type":"product","link":"https:\/\/romantic-sinoussi.152-228-147-242.plesk.page\/es\/producto\/ovo-4-white-2\/","title":{"rendered":"Ovo 4 White"},"content":{"rendered":"<p>El\u00a0<strong>Ovo 4 White de Audibax<\/strong>\u00a0es una pareja de altavoces pasivos de montaje en pared de dos v\u00edas compacto y fiable.\u00a0Esta gama Ovo se puede utilizar en linea de\u00a0<strong>100v o 8ohm.\u00a0<\/strong>Cada altavoz est\u00e1 equipado con un woofer de 103 mm y un tweeter de 13 mm y ofrece una respuesta en frecuencia de hasta 18KHz y un SPL de 86dB. El Ovo 4 White llega a los 30 W continuos y destaca por su alta inteligibilidad y su alta calidad de sonido. El marco de montaje est\u00e1 hecho de ABS de alta calidad y el material de la rejilla es acero, contando tambi\u00e9n con un soporte que le proporciona una gran flexibilidad en su posicionamiento. Asimismo, estos altavoces se caracterizan por un r\u00e1pido y f\u00e1cil montaje.<\/p>\n<p>La serie Ovo de Audibax es la opci\u00f3n ideal ya que ofrece una amplia variedad de aplicaciones y una soluci\u00f3n de alta calidad y sencilla para sonorizar m\u00faltiples entornos ya que su moderno dise\u00f1o encaja perfectamente con cualquier tipo de decoraci\u00f3n. Adem\u00e1s la serie Ovo est\u00e1 pensada para utilizarse en exterior por ser un\u00a0<strong>Altavoz IP65<\/strong><\/p>\n<p>&nbsp;<\/p>\n<h2>Especificaciones<\/h2>\n<ul>\n<li>Tipo de producto : Altavoces de instalaci\u00f3n (montaje en pared)<\/li>\n<li>Tipo : Pasivos<\/li>\n<li>Tipo de altavoz : Altavoz de 2 v\u00edas<\/li>\n<li>Color : White<\/li>\n<li>Tama\u00f1o : 4 Pulgadas<\/li>\n<li><strong>Altavoz IP65<\/strong><\/li>\n<li>Tama\u00f1o del Woofer : 103 mm<\/li>\n<li>Tama\u00f1o del Tweeter : 13 mm<\/li>\n<li>Baja impedancia : 8 ohm<\/li>\n<li>Respuesta en frecuencia : 90Hz &#8211; 18KHz<\/li>\n<li>Sensibilidad : 88dB<\/li>\n<li>Potencia linea 100v : 2,5w \/ 5w \/ 10w ( seleccionable )<\/li>\n<li>Potencia a baja impedancia (RMS): 30W<\/li>\n<li>Ancho : 13 cm<\/li>\n<li>Altura : 22 cm<\/li>\n<li>Fondo : 11.5 cm<\/li>\n<li>Peso : 2.2 kg<\/li>\n<\/ul>\n","protected":false},"excerpt":{"rendered":"<ul>\n<li>Tipo de producto : Altavoces de instalaci\u00f3n (montaje en pared)<\/li>\n<li>Tipo de altavoz : Altavoz de 2 v\u00edas<\/li>\n<li>Color : White<\/li>\n<li>Tama\u00f1o : 4 Pulgadas<\/li>\n<li>Potencia linea 100v : 2,5w \/ 5w \/ 10w ( seleccionable )<\/li>\n<li>Potencia a baja impedancia (RMS): 35W<\/li>\n<li><strong>IP65<\/strong><\/li>\n<\/ul>\n","protected":false},"featured_media":17498,"comment_status":"open","ping_status":"closed","template":"","meta":[],"product_cat":[418],"product_tag":[],"class_list":{"0":"post-35344","1":"product","2":"type-product","3":"status-publish","4":"has-post-thumbnail","6":"product_cat-altavoces-de-pared","8":"first","9":"instock","10":"shipping-taxable","11":"product-type-simple"},"acf":[],"yoast_head":"<!-- This site is optimized with the Yoast SEO plugin v21.5 - https:\/\/yoast.com\/wordpress\/plugins\/seo\/ -->\n<title>Ovo 4 White - Audibax<\/title>\n<meta name=\"robots\" content=\"noindex, follow, max-snippet:-1, max-image-preview:large, max-video-preview:-1\" \/>\n<meta property=\"og:locale\" content=\"es_ES\" \/>\n<meta property=\"og:type\" content=\"article\" \/>\n<meta property=\"og:title\" content=\"Ovo 4 White - Audibax\" \/>\n<meta property=\"og:description\" content=\"Tipo de producto : Altavoces de instalaci\u00f3n (montaje en pared)  Tipo de altavoz : Altavoz de 2 v\u00edas  Color : White  Tama\u00f1o : 4 Pulgadas  Potencia linea 100v : 2,5w \/ 5w \/ 10w ( seleccionable )  Potencia a baja impedancia (RMS): 35W  IP65\" \/>\n<meta property=\"og:url\" content=\"https:\/\/romantic-sinoussi.152-228-147-242.plesk.page\/es\/producto\/ovo-4-white-2\/\" \/>\n<meta property=\"og:site_name\" content=\"Audibax\" \/>\n<meta property=\"article:modified_time\" content=\"2023-12-26T11:07:41+00:00\" \/>\n<meta property=\"og:image\" content=\"https:\/\/romantic-sinoussi.152-228-147-242.plesk.page\/wp-content\/uploads\/2023\/12\/audibax-ovo-4-white.jpg\" \/>\n\t<meta property=\"og:image:width\" content=\"1650\" \/>\n\t<meta property=\"og:image:height\" content=\"1030\" \/>\n\t<meta property=\"og:image:type\" content=\"image\/jpeg\" \/>\n<meta name=\"twitter:card\" content=\"summary_large_image\" \/>\n<meta name=\"twitter:label1\" content=\"Tiempo de lectura\" \/>\n\t<meta name=\"twitter:data1\" content=\"2 minutos\" \/>\n<script type=\"application\/ld+json\" class=\"yoast-schema-graph\">{\"@context\":\"https:\/\/schema.org\",\"@graph\":[{\"@type\":\"WebPage\",\"@id\":\"https:\/\/romantic-sinoussi.152-228-147-242.plesk.page\/es\/producto\/ovo-4-white-2\/\",\"url\":\"https:\/\/romantic-sinoussi.152-228-147-242.plesk.page\/es\/producto\/ovo-4-white-2\/\",\"name\":\"Ovo 4 White - Audibax\",\"isPartOf\":{\"@id\":\"https:\/\/romantic-sinoussi.152-228-147-242.plesk.page\/es\/#website\"},\"datePublished\":\"2023-12-11T12:51:24+00:00\",\"dateModified\":\"2023-12-26T11:07:41+00:00\",\"breadcrumb\":{\"@id\":\"https:\/\/romantic-sinoussi.152-228-147-242.plesk.page\/es\/producto\/ovo-4-white-2\/#breadcrumb\"},\"inLanguage\":\"es\",\"potentialAction\":[{\"@type\":\"ReadAction\",\"target\":[\"https:\/\/romantic-sinoussi.152-228-147-242.plesk.page\/es\/producto\/ovo-4-white-2\/\"]}]},{\"@type\":\"BreadcrumbList\",\"@id\":\"https:\/\/romantic-sinoussi.152-228-147-242.plesk.page\/es\/producto\/ovo-4-white-2\/#breadcrumb\",\"itemListElement\":[{\"@type\":\"ListItem\",\"position\":1,\"name\":\"Portada\",\"item\":\"https:\/\/romantic-sinoussi.152-228-147-242.plesk.page\/es\/\"},{\"@type\":\"ListItem\",\"position\":2,\"name\":\"Products\",\"item\":\"https:\/\/romantic-sinoussi.152-228-147-242.plesk.page\/es\/shop\/\"},{\"@type\":\"ListItem\",\"position\":3,\"name\":\"Ovo 4 White\"}]},{\"@type\":\"WebSite\",\"@id\":\"https:\/\/romantic-sinoussi.152-228-147-242.plesk.page\/es\/#website\",\"url\":\"https:\/\/romantic-sinoussi.152-228-147-242.plesk.page\/es\/\",\"name\":\"Audibax\",\"description\":\"\",\"publisher\":{\"@id\":\"https:\/\/romantic-sinoussi.152-228-147-242.plesk.page\/es\/#organization\"},\"potentialAction\":[{\"@type\":\"SearchAction\",\"target\":{\"@type\":\"EntryPoint\",\"urlTemplate\":\"https:\/\/romantic-sinoussi.152-228-147-242.plesk.page\/es\/?s={search_term_string}\"},\"query-input\":\"required name=search_term_string\"}],\"inLanguage\":\"es\"},{\"@type\":\"Organization\",\"@id\":\"https:\/\/romantic-sinoussi.152-228-147-242.plesk.page\/es\/#organization\",\"name\":\"Audibax\",\"url\":\"https:\/\/romantic-sinoussi.152-228-147-242.plesk.page\/es\/\",\"logo\":{\"@type\":\"ImageObject\",\"inLanguage\":\"es\",\"@id\":\"https:\/\/romantic-sinoussi.152-228-147-242.plesk.page\/es\/#\/schema\/logo\/image\/\",\"url\":\"https:\/\/romantic-sinoussi.152-228-147-242.plesk.page\/wp-content\/uploads\/2023\/09\/logo-Audibax-BLANCO-SVG-1.svg\",\"contentUrl\":\"https:\/\/romantic-sinoussi.152-228-147-242.plesk.page\/wp-content\/uploads\/2023\/09\/logo-Audibax-BLANCO-SVG-1.svg\",\"width\":581,\"height\":146,\"caption\":\"Audibax\"},\"image\":{\"@id\":\"https:\/\/romantic-sinoussi.152-228-147-242.plesk.page\/es\/#\/schema\/logo\/image\/\"}}]}<\/script>\n<!-- \/ Yoast SEO plugin. -->","yoast_head_json":{"title":"Ovo 4 White - Audibax","robots":{"index":"noindex","follow":"follow","max-snippet":"max-snippet:-1","max-image-preview":"max-image-preview:large","max-video-preview":"max-video-preview:-1"},"og_locale":"es_ES","og_type":"article","og_title":"Ovo 4 White - Audibax","og_description":"Tipo de producto : Altavoces de instalaci\u00f3n (montaje en pared)  Tipo de altavoz : Altavoz de 2 v\u00edas  Color : White  Tama\u00f1o : 4 Pulgadas  Potencia linea 100v : 2,5w \/ 5w \/ 10w ( seleccionable )  Potencia a baja impedancia (RMS): 35W  IP65","og_url":"https:\/\/romantic-sinoussi.152-228-147-242.plesk.page\/es\/producto\/ovo-4-white-2\/","og_site_name":"Audibax","article_modified_time":"2023-12-26T11:07:41+00:00","og_image":[{"width":1650,"height":1030,"url":"https:\/\/romantic-sinoussi.152-228-147-242.plesk.page\/wp-content\/uploads\/2023\/12\/audibax-ovo-4-white.jpg","type":"image\/jpeg"}],"twitter_card":"summary_large_image","twitter_misc":{"Tiempo de lectura":"2 minutos"},"schema":{"@context":"https:\/\/schema.org","@graph":[{"@type":"WebPage","@id":"https:\/\/romantic-sinoussi.152-228-147-242.plesk.page\/es\/producto\/ovo-4-white-2\/","url":"https:\/\/romantic-sinoussi.152-228-147-242.plesk.page\/es\/producto\/ovo-4-white-2\/","name":"Ovo 4 White - Audibax","isPartOf":{"@id":"https:\/\/romantic-sinoussi.152-228-147-242.plesk.page\/es\/#website"},"datePublished":"2023-12-11T12:51:24+00:00","dateModified":"2023-12-26T11:07:41+00:00","breadcrumb":{"@id":"https:\/\/romantic-sinoussi.152-228-147-242.plesk.page\/es\/producto\/ovo-4-white-2\/#breadcrumb"},"inLanguage":"es","potentialAction":[{"@type":"ReadAction","target":["https:\/\/romantic-sinoussi.152-228-147-242.plesk.page\/es\/producto\/ovo-4-white-2\/"]}]},{"@type":"BreadcrumbList","@id":"https:\/\/romantic-sinoussi.152-228-147-242.plesk.page\/es\/producto\/ovo-4-white-2\/#breadcrumb","itemListElement":[{"@type":"ListItem","position":1,"name":"Portada","item":"https:\/\/romantic-sinoussi.152-228-147-242.plesk.page\/es\/"},{"@type":"ListItem","position":2,"name":"Products","item":"https:\/\/romantic-sinoussi.152-228-147-242.plesk.page\/es\/shop\/"},{"@type":"ListItem","position":3,"name":"Ovo 4 White"}]},{"@type":"WebSite","@id":"https:\/\/romantic-sinoussi.152-228-147-242.plesk.page\/es\/#website","url":"https:\/\/romantic-sinoussi.152-228-147-242.plesk.page\/es\/","name":"Audibax","description":"","publisher":{"@id":"https:\/\/romantic-sinoussi.152-228-147-242.plesk.page\/es\/#organization"},"potentialAction":[{"@type":"SearchAction","target":{"@type":"EntryPoint","urlTemplate":"https:\/\/romantic-sinoussi.152-228-147-242.plesk.page\/es\/?s={search_term_string}"},"query-input":"required name=search_term_string"}],"inLanguage":"es"},{"@type":"Organization","@id":"https:\/\/romantic-sinoussi.152-228-147-242.plesk.page\/es\/#organization","name":"Audibax","url":"https:\/\/romantic-sinoussi.152-228-147-242.plesk.page\/es\/","logo":{"@type":"ImageObject","inLanguage":"es","@id":"https:\/\/romantic-sinoussi.152-228-147-242.plesk.page\/es\/#\/schema\/logo\/image\/","url":"https:\/\/romantic-sinoussi.152-228-147-242.plesk.page\/wp-content\/uploads\/2023\/09\/logo-Audibax-BLANCO-SVG-1.svg","contentUrl":"https:\/\/romantic-sinoussi.152-228-147-242.plesk.page\/wp-content\/uploads\/2023\/09\/logo-Audibax-BLANCO-SVG-1.svg","width":581,"height":146,"caption":"Audibax"},"image":{"@id":"https:\/\/romantic-sinoussi.152-228-147-242.plesk.page\/es\/#\/schema\/logo\/image\/"}}]}},"_links":{"self":[{"href":"https:\/\/romantic-sinoussi.152-228-147-242.plesk.page\/es\/wp-json\/wp\/v2\/product\/35344","targetHints":{"allow":["GET"]}}],"collection":[{"href":"https:\/\/romantic-sinoussi.152-228-147-242.plesk.page\/es\/wp-json\/wp\/v2\/product"}],"about":[{"href":"https:\/\/romantic-sinoussi.152-228-147-242.plesk.page\/es\/wp-json\/wp\/v2\/types\/product"}],"replies":[{"embeddable":true,"href":"https:\/\/romantic-sinoussi.152-228-147-242.plesk.page\/es\/wp-json\/wp\/v2\/comments?post=35344"}],"wp:featuredmedia":[{"embeddable":true,"href":"https:\/\/romantic-sinoussi.152-228-147-242.plesk.page\/es\/wp-json\/wp\/v2\/media\/17498"}],"wp:attachment":[{"href":"https:\/\/romantic-sinoussi.152-228-147-242.plesk.page\/es\/wp-json\/wp\/v2\/media?parent=35344"}],"wp:term":[{"taxonomy":"product_cat","embeddable":true,"href":"https:\/\/romantic-sinoussi.152-228-147-242.plesk.page\/es\/wp-json\/wp\/v2\/product_cat?post=35344"},{"taxonomy":"product_tag","embeddable":true,"href":"https:\/\/romantic-sinoussi.152-228-147-242.plesk.page\/es\/wp-json\/wp\/v2\/product_tag?post=35344"}],"curies":[{"name":"wp","href":"https:\/\/api.w.org\/{rel}","templated":true}]}}