{"id":35345,"date":"2023-12-11T13:51:26","date_gmt":"2023-12-11T12:51:26","guid":{"rendered":"https:\/\/romantic-sinoussi.152-228-147-242.plesk.page\/product\/orion-5-black-2\/"},"modified":"2023-12-26T12:05:06","modified_gmt":"2023-12-26T11:05:06","slug":"orion-5-black-2","status":"publish","type":"product","link":"https:\/\/romantic-sinoussi.152-228-147-242.plesk.page\/es\/producto\/orion-5-black-2\/","title":{"rendered":"Orion 5 Black"},"content":{"rendered":"<p>El <strong>Orion 5 Black de Audibax<\/strong> son una pareja de altavoces pasivos de montaje en pared de dos v\u00edas compacto y fiable que tiene un dise\u00f1o sencillo y elegante. Cada altavoz est\u00e1 equipado con un woofer de 120 mm y un tweeter de 13 mm y ofrece una respuesta en frecuencia de hasta 18KHz y un SPL de 88dB. El marco de montaje est\u00e1 hecho de ABS de alta calidad y el material de la rejilla es acero.<\/p>\n<p>La serie Orion es la opci\u00f3n perfecta para la distribuci\u00f3n de m\u00fasica de fondo en cualquier tipo de instalaciones fijas que se integra perfectamente en cualquier entorno, tal como un restaurante, un hogar o un centro comercial.<\/p>\n<p>&nbsp;<\/p>\n<h2>Especificaciones<\/h2>\n<p>&nbsp;<\/p>\n<ul>\n<li>Tipo de producto : Altavoces de instalaci\u00f3n (montaje en pared)<\/li>\n<li>Tipo : Pasivos<\/li>\n<li>Tipo de altavoz : Altavoz de 2 v\u00edas<\/li>\n<li>Color : Negro<\/li>\n<li>Tama\u00f1o : 5 Pulgadas<\/li>\n<li>Tama\u00f1o del Woofer : 120 mm<\/li>\n<li>Tama\u00f1o del Tweeter : 13 mm<\/li>\n<li>Baja impedancia : 8 ohm<\/li>\n<li>Respuesta en frecuencia : 75Hz &#8211; 18KHz<\/li>\n<li>Sensibilidad : 88dB<\/li>\n<li>Potencia a baja impedancia (RMS): 35W<\/li>\n<li>Ancho : 15 cm<\/li>\n<li>Altura : 22.5 cm<\/li>\n<li>Fondo : 14 cm<\/li>\n<li>Peso : 1.7 kg<\/li>\n<\/ul>\n","protected":false},"excerpt":{"rendered":"<ul>\n<li>Tipo de producto : Altavoces de instalaci\u00f3n (montaje en pared)<\/li>\n<li>Tipo : Pasivo<\/li>\n<li>Tipo de altavoz : Altavoz de 2 v\u00edas<\/li>\n<li>Color : Negro<\/li>\n<li>Potencia : 70w ( Pareja )<\/li>\n<li>Tama\u00f1o : 5 Pulgadas<\/li>\n<\/ul>\n","protected":false},"featured_media":17489,"comment_status":"open","ping_status":"closed","template":"","meta":[],"product_cat":[418],"product_tag":[],"class_list":{"0":"post-35345","1":"product","2":"type-product","3":"status-publish","4":"has-post-thumbnail","6":"product_cat-altavoces-de-pared","8":"first","9":"instock","10":"shipping-taxable","11":"product-type-simple"},"acf":[],"yoast_head":"<!-- This site is optimized with the Yoast SEO plugin v21.5 - https:\/\/yoast.com\/wordpress\/plugins\/seo\/ -->\n<title>Orion 5 Black - Audibax<\/title>\n<meta name=\"robots\" content=\"noindex, follow, max-snippet:-1, max-image-preview:large, max-video-preview:-1\" \/>\n<meta property=\"og:locale\" content=\"es_ES\" \/>\n<meta property=\"og:type\" content=\"article\" \/>\n<meta property=\"og:title\" content=\"Orion 5 Black - Audibax\" \/>\n<meta property=\"og:description\" content=\"Tipo de producto : Altavoces de instalaci\u00f3n (montaje en pared)  Tipo : Pasivo  Tipo de altavoz : Altavoz de 2 v\u00edas  Color : Negro  Potencia : 70w ( Pareja )  Tama\u00f1o : 5 Pulgadas\" \/>\n<meta property=\"og:url\" content=\"https:\/\/romantic-sinoussi.152-228-147-242.plesk.page\/es\/producto\/orion-5-black-2\/\" \/>\n<meta property=\"og:site_name\" content=\"Audibax\" \/>\n<meta property=\"article:modified_time\" content=\"2023-12-26T11:05:06+00:00\" \/>\n<meta property=\"og:image\" content=\"https:\/\/romantic-sinoussi.152-228-147-242.plesk.page\/wp-content\/uploads\/2023\/12\/audibax-orion-5-black.jpg\" \/>\n\t<meta property=\"og:image:width\" content=\"1650\" \/>\n\t<meta property=\"og:image:height\" content=\"1184\" \/>\n\t<meta property=\"og:image:type\" content=\"image\/jpeg\" \/>\n<meta name=\"twitter:card\" content=\"summary_large_image\" \/>\n<meta name=\"twitter:label1\" content=\"Tiempo de lectura\" \/>\n\t<meta name=\"twitter:data1\" content=\"1 minuto\" \/>\n<script type=\"application\/ld+json\" class=\"yoast-schema-graph\">{\"@context\":\"https:\/\/schema.org\",\"@graph\":[{\"@type\":\"WebPage\",\"@id\":\"https:\/\/romantic-sinoussi.152-228-147-242.plesk.page\/es\/producto\/orion-5-black-2\/\",\"url\":\"https:\/\/romantic-sinoussi.152-228-147-242.plesk.page\/es\/producto\/orion-5-black-2\/\",\"name\":\"Orion 5 Black - Audibax\",\"isPartOf\":{\"@id\":\"https:\/\/romantic-sinoussi.152-228-147-242.plesk.page\/es\/#website\"},\"datePublished\":\"2023-12-11T12:51:26+00:00\",\"dateModified\":\"2023-12-26T11:05:06+00:00\",\"breadcrumb\":{\"@id\":\"https:\/\/romantic-sinoussi.152-228-147-242.plesk.page\/es\/producto\/orion-5-black-2\/#breadcrumb\"},\"inLanguage\":\"es\",\"potentialAction\":[{\"@type\":\"ReadAction\",\"target\":[\"https:\/\/romantic-sinoussi.152-228-147-242.plesk.page\/es\/producto\/orion-5-black-2\/\"]}]},{\"@type\":\"BreadcrumbList\",\"@id\":\"https:\/\/romantic-sinoussi.152-228-147-242.plesk.page\/es\/producto\/orion-5-black-2\/#breadcrumb\",\"itemListElement\":[{\"@type\":\"ListItem\",\"position\":1,\"name\":\"Portada\",\"item\":\"https:\/\/romantic-sinoussi.152-228-147-242.plesk.page\/es\/\"},{\"@type\":\"ListItem\",\"position\":2,\"name\":\"Products\",\"item\":\"https:\/\/romantic-sinoussi.152-228-147-242.plesk.page\/es\/shop\/\"},{\"@type\":\"ListItem\",\"position\":3,\"name\":\"Orion 5 Black\"}]},{\"@type\":\"WebSite\",\"@id\":\"https:\/\/romantic-sinoussi.152-228-147-242.plesk.page\/es\/#website\",\"url\":\"https:\/\/romantic-sinoussi.152-228-147-242.plesk.page\/es\/\",\"name\":\"Audibax\",\"description\":\"\",\"publisher\":{\"@id\":\"https:\/\/romantic-sinoussi.152-228-147-242.plesk.page\/es\/#organization\"},\"potentialAction\":[{\"@type\":\"SearchAction\",\"target\":{\"@type\":\"EntryPoint\",\"urlTemplate\":\"https:\/\/romantic-sinoussi.152-228-147-242.plesk.page\/es\/?s={search_term_string}\"},\"query-input\":\"required name=search_term_string\"}],\"inLanguage\":\"es\"},{\"@type\":\"Organization\",\"@id\":\"https:\/\/romantic-sinoussi.152-228-147-242.plesk.page\/es\/#organization\",\"name\":\"Audibax\",\"url\":\"https:\/\/romantic-sinoussi.152-228-147-242.plesk.page\/es\/\",\"logo\":{\"@type\":\"ImageObject\",\"inLanguage\":\"es\",\"@id\":\"https:\/\/romantic-sinoussi.152-228-147-242.plesk.page\/es\/#\/schema\/logo\/image\/\",\"url\":\"https:\/\/romantic-sinoussi.152-228-147-242.plesk.page\/wp-content\/uploads\/2023\/09\/logo-Audibax-BLANCO-SVG-1.svg\",\"contentUrl\":\"https:\/\/romantic-sinoussi.152-228-147-242.plesk.page\/wp-content\/uploads\/2023\/09\/logo-Audibax-BLANCO-SVG-1.svg\",\"width\":581,\"height\":146,\"caption\":\"Audibax\"},\"image\":{\"@id\":\"https:\/\/romantic-sinoussi.152-228-147-242.plesk.page\/es\/#\/schema\/logo\/image\/\"}}]}<\/script>\n<!-- \/ Yoast SEO plugin. -->","yoast_head_json":{"title":"Orion 5 Black - Audibax","robots":{"index":"noindex","follow":"follow","max-snippet":"max-snippet:-1","max-image-preview":"max-image-preview:large","max-video-preview":"max-video-preview:-1"},"og_locale":"es_ES","og_type":"article","og_title":"Orion 5 Black - Audibax","og_description":"Tipo de producto : Altavoces de instalaci\u00f3n (montaje en pared)  Tipo : Pasivo  Tipo de altavoz : Altavoz de 2 v\u00edas  Color : Negro  Potencia : 70w ( Pareja )  Tama\u00f1o : 5 Pulgadas","og_url":"https:\/\/romantic-sinoussi.152-228-147-242.plesk.page\/es\/producto\/orion-5-black-2\/","og_site_name":"Audibax","article_modified_time":"2023-12-26T11:05:06+00:00","og_image":[{"width":1650,"height":1184,"url":"https:\/\/romantic-sinoussi.152-228-147-242.plesk.page\/wp-content\/uploads\/2023\/12\/audibax-orion-5-black.jpg","type":"image\/jpeg"}],"twitter_card":"summary_large_image","twitter_misc":{"Tiempo de lectura":"1 minuto"},"schema":{"@context":"https:\/\/schema.org","@graph":[{"@type":"WebPage","@id":"https:\/\/romantic-sinoussi.152-228-147-242.plesk.page\/es\/producto\/orion-5-black-2\/","url":"https:\/\/romantic-sinoussi.152-228-147-242.plesk.page\/es\/producto\/orion-5-black-2\/","name":"Orion 5 Black - Audibax","isPartOf":{"@id":"https:\/\/romantic-sinoussi.152-228-147-242.plesk.page\/es\/#website"},"datePublished":"2023-12-11T12:51:26+00:00","dateModified":"2023-12-26T11:05:06+00:00","breadcrumb":{"@id":"https:\/\/romantic-sinoussi.152-228-147-242.plesk.page\/es\/producto\/orion-5-black-2\/#breadcrumb"},"inLanguage":"es","potentialAction":[{"@type":"ReadAction","target":["https:\/\/romantic-sinoussi.152-228-147-242.plesk.page\/es\/producto\/orion-5-black-2\/"]}]},{"@type":"BreadcrumbList","@id":"https:\/\/romantic-sinoussi.152-228-147-242.plesk.page\/es\/producto\/orion-5-black-2\/#breadcrumb","itemListElement":[{"@type":"ListItem","position":1,"name":"Portada","item":"https:\/\/romantic-sinoussi.152-228-147-242.plesk.page\/es\/"},{"@type":"ListItem","position":2,"name":"Products","item":"https:\/\/romantic-sinoussi.152-228-147-242.plesk.page\/es\/shop\/"},{"@type":"ListItem","position":3,"name":"Orion 5 Black"}]},{"@type":"WebSite","@id":"https:\/\/romantic-sinoussi.152-228-147-242.plesk.page\/es\/#website","url":"https:\/\/romantic-sinoussi.152-228-147-242.plesk.page\/es\/","name":"Audibax","description":"","publisher":{"@id":"https:\/\/romantic-sinoussi.152-228-147-242.plesk.page\/es\/#organization"},"potentialAction":[{"@type":"SearchAction","target":{"@type":"EntryPoint","urlTemplate":"https:\/\/romantic-sinoussi.152-228-147-242.plesk.page\/es\/?s={search_term_string}"},"query-input":"required name=search_term_string"}],"inLanguage":"es"},{"@type":"Organization","@id":"https:\/\/romantic-sinoussi.152-228-147-242.plesk.page\/es\/#organization","name":"Audibax","url":"https:\/\/romantic-sinoussi.152-228-147-242.plesk.page\/es\/","logo":{"@type":"ImageObject","inLanguage":"es","@id":"https:\/\/romantic-sinoussi.152-228-147-242.plesk.page\/es\/#\/schema\/logo\/image\/","url":"https:\/\/romantic-sinoussi.152-228-147-242.plesk.page\/wp-content\/uploads\/2023\/09\/logo-Audibax-BLANCO-SVG-1.svg","contentUrl":"https:\/\/romantic-sinoussi.152-228-147-242.plesk.page\/wp-content\/uploads\/2023\/09\/logo-Audibax-BLANCO-SVG-1.svg","width":581,"height":146,"caption":"Audibax"},"image":{"@id":"https:\/\/romantic-sinoussi.152-228-147-242.plesk.page\/es\/#\/schema\/logo\/image\/"}}]}},"_links":{"self":[{"href":"https:\/\/romantic-sinoussi.152-228-147-242.plesk.page\/es\/wp-json\/wp\/v2\/product\/35345","targetHints":{"allow":["GET"]}}],"collection":[{"href":"https:\/\/romantic-sinoussi.152-228-147-242.plesk.page\/es\/wp-json\/wp\/v2\/product"}],"about":[{"href":"https:\/\/romantic-sinoussi.152-228-147-242.plesk.page\/es\/wp-json\/wp\/v2\/types\/product"}],"replies":[{"embeddable":true,"href":"https:\/\/romantic-sinoussi.152-228-147-242.plesk.page\/es\/wp-json\/wp\/v2\/comments?post=35345"}],"wp:featuredmedia":[{"embeddable":true,"href":"https:\/\/romantic-sinoussi.152-228-147-242.plesk.page\/es\/wp-json\/wp\/v2\/media\/17489"}],"wp:attachment":[{"href":"https:\/\/romantic-sinoussi.152-228-147-242.plesk.page\/es\/wp-json\/wp\/v2\/media?parent=35345"}],"wp:term":[{"taxonomy":"product_cat","embeddable":true,"href":"https:\/\/romantic-sinoussi.152-228-147-242.plesk.page\/es\/wp-json\/wp\/v2\/product_cat?post=35345"},{"taxonomy":"product_tag","embeddable":true,"href":"https:\/\/romantic-sinoussi.152-228-147-242.plesk.page\/es\/wp-json\/wp\/v2\/product_tag?post=35345"}],"curies":[{"name":"wp","href":"https:\/\/api.w.org\/{rel}","templated":true}]}}