{"id":36593,"date":"2023-12-27T11:55:19","date_gmt":"2023-12-27T10:55:19","guid":{"rendered":"https:\/\/romantic-sinoussi.152-228-147-242.plesk.page\/product\/easy-dmx-black-2\/"},"modified":"2023-12-27T11:55:19","modified_gmt":"2023-12-27T10:55:19","slug":"easy-dmx-black-2","status":"publish","type":"product","link":"https:\/\/romantic-sinoussi.152-228-147-242.plesk.page\/es\/product\/easy-dmx-black-2\/","title":{"rendered":"Easy DMX Black"},"content":{"rendered":"<\/p>\n<p><strong>Caract\u00e9ristiques<\/strong><\/strong><\/p>\n<ul>\n<ul>\n<li>Le <strong>Audibax Easy DMX&nbsp;<strong>Audibax Easy DMX&nbsp;<\/strong>est un \u00e9metteur ou r\u00e9cepteur DMX compact in&aacute;lambrex.nbsp;<\/strong>est un \u00e9metteur ou r\u00e9cepteur DMX sans fil compact, qui a la possibilit\u00e9 de fonctionner avec n&#8217;importe quelle unit\u00e9 DMX.<\/li>\n<li>Le <strong>Easy DMX<\/strong> est \u00e9quip\u00e9 d&#8217;un connecteur DMX XLR \u00e0 3 broches.<\/li>\n<li>Il vous permet de contr\u00f4ler les unit\u00e9s contr\u00f4l\u00e9es par DMX via 2,4 GHz.<\/li>\n<\/ul>\n<p><strong>Sp\u00e9cifications<\/strong><\/p>\n<ul>\n<li>Fonctionne avec n&#8217;importe quelle unit\u00e9 DMX<\/li>\n<li>Fr\u00e9quence : 2,4 GHz<\/li>\n<li>Connecteur DMX : XLR 3 broches<\/li>\n<li>Univers DMX : 7<\/li>\n<li>Port\u00e9e int\u00e9rieure : 60 m\u00e8tres<\/li>\n<li>Port\u00e9e ext\u00e9rieure : 40-50 m\u00e8tres<\/li>\n<li>Tension nominale : 5 volts DC \/ 500 mA via adaptateur AC 100 ~ 240V 50 \/ 60 Hz<\/li>\n<li>Dimensions par unit\u00e9 : 212 x 18 x 18 mm<\/li>\n<li>Poids : 0,18 kg<\/li>\n<\/ul>\n","protected":false},"excerpt":{"rendered":"<ul>\n<li>Emetteur ou r\u00e9cepteur sans fil DMX compact<\/li>\n<li>Fonctionne avec n&#8217;importe quelle unit\u00e9 DMX<\/li>\n<li>Univers DMX : 7<\/li>\n<\/ul>\n<li>Emetteur ou r\u00e9cepteur DMX : 7<\/li>\n<\/ul>\n<ul> <\/ul>\n","protected":false},"featured_media":18296,"comment_status":"open","ping_status":"closed","template":"","meta":[],"product_cat":[243],"product_tag":[],"class_list":{"0":"post-36593","1":"product","2":"type-product","3":"status-publish","4":"has-post-thumbnail","6":"product_cat-uncategorized","8":"first","9":"instock","10":"shipping-taxable","11":"product-type-simple"},"acf":[],"yoast_head":"<!-- This site is optimized with the Yoast SEO plugin v21.5 - https:\/\/yoast.com\/wordpress\/plugins\/seo\/ -->\n<title>Easy DMX Black - Audibax<\/title>\n<meta name=\"robots\" content=\"noindex, follow, max-snippet:-1, max-image-preview:large, max-video-preview:-1\" \/>\n<meta property=\"og:locale\" content=\"es_ES\" \/>\n<meta property=\"og:type\" content=\"article\" \/>\n<meta property=\"og:title\" content=\"Easy DMX Black - Audibax\" \/>\n<meta property=\"og:description\" content=\"Emetteur ou r\u00e9cepteur sans fil DMX compact Fonctionne avec n&#039;importe quelle unit\u00e9 DMX Univers DMX : 7 Emetteur ou r\u00e9cepteur DMX : 7\" \/>\n<meta property=\"og:url\" content=\"https:\/\/romantic-sinoussi.152-228-147-242.plesk.page\/es\/product\/easy-dmx-black-2\/\" \/>\n<meta property=\"og:site_name\" content=\"Audibax\" \/>\n<meta name=\"twitter:card\" content=\"summary_large_image\" \/>\n<meta name=\"twitter:label1\" content=\"Tiempo de lectura\" \/>\n\t<meta name=\"twitter:data1\" content=\"1 minuto\" \/>\n<script type=\"application\/ld+json\" class=\"yoast-schema-graph\">{\"@context\":\"https:\/\/schema.org\",\"@graph\":[{\"@type\":\"WebPage\",\"@id\":\"https:\/\/romantic-sinoussi.152-228-147-242.plesk.page\/es\/product\/easy-dmx-black-2\/\",\"url\":\"https:\/\/romantic-sinoussi.152-228-147-242.plesk.page\/es\/product\/easy-dmx-black-2\/\",\"name\":\"Easy DMX Black - Audibax\",\"isPartOf\":{\"@id\":\"https:\/\/romantic-sinoussi.152-228-147-242.plesk.page\/es\/#website\"},\"datePublished\":\"2023-12-27T10:55:19+00:00\",\"dateModified\":\"2023-12-27T10:55:19+00:00\",\"breadcrumb\":{\"@id\":\"https:\/\/romantic-sinoussi.152-228-147-242.plesk.page\/es\/product\/easy-dmx-black-2\/#breadcrumb\"},\"inLanguage\":\"es\",\"potentialAction\":[{\"@type\":\"ReadAction\",\"target\":[\"https:\/\/romantic-sinoussi.152-228-147-242.plesk.page\/es\/product\/easy-dmx-black-2\/\"]}]},{\"@type\":\"BreadcrumbList\",\"@id\":\"https:\/\/romantic-sinoussi.152-228-147-242.plesk.page\/es\/product\/easy-dmx-black-2\/#breadcrumb\",\"itemListElement\":[{\"@type\":\"ListItem\",\"position\":1,\"name\":\"Portada\",\"item\":\"https:\/\/romantic-sinoussi.152-228-147-242.plesk.page\/es\/\"},{\"@type\":\"ListItem\",\"position\":2,\"name\":\"Products\",\"item\":\"https:\/\/romantic-sinoussi.152-228-147-242.plesk.page\/es\/shop\/\"},{\"@type\":\"ListItem\",\"position\":3,\"name\":\"Easy DMX Black\"}]},{\"@type\":\"WebSite\",\"@id\":\"https:\/\/romantic-sinoussi.152-228-147-242.plesk.page\/es\/#website\",\"url\":\"https:\/\/romantic-sinoussi.152-228-147-242.plesk.page\/es\/\",\"name\":\"Audibax\",\"description\":\"\",\"publisher\":{\"@id\":\"https:\/\/romantic-sinoussi.152-228-147-242.plesk.page\/es\/#organization\"},\"potentialAction\":[{\"@type\":\"SearchAction\",\"target\":{\"@type\":\"EntryPoint\",\"urlTemplate\":\"https:\/\/romantic-sinoussi.152-228-147-242.plesk.page\/es\/?s={search_term_string}\"},\"query-input\":\"required name=search_term_string\"}],\"inLanguage\":\"es\"},{\"@type\":\"Organization\",\"@id\":\"https:\/\/romantic-sinoussi.152-228-147-242.plesk.page\/es\/#organization\",\"name\":\"Audibax\",\"url\":\"https:\/\/romantic-sinoussi.152-228-147-242.plesk.page\/es\/\",\"logo\":{\"@type\":\"ImageObject\",\"inLanguage\":\"es\",\"@id\":\"https:\/\/romantic-sinoussi.152-228-147-242.plesk.page\/es\/#\/schema\/logo\/image\/\",\"url\":\"https:\/\/romantic-sinoussi.152-228-147-242.plesk.page\/wp-content\/uploads\/2023\/09\/logo-Audibax-BLANCO-SVG-1.svg\",\"contentUrl\":\"https:\/\/romantic-sinoussi.152-228-147-242.plesk.page\/wp-content\/uploads\/2023\/09\/logo-Audibax-BLANCO-SVG-1.svg\",\"width\":581,\"height\":146,\"caption\":\"Audibax\"},\"image\":{\"@id\":\"https:\/\/romantic-sinoussi.152-228-147-242.plesk.page\/es\/#\/schema\/logo\/image\/\"}}]}<\/script>\n<!-- \/ Yoast SEO plugin. -->","yoast_head_json":{"title":"Easy DMX Black - Audibax","robots":{"index":"noindex","follow":"follow","max-snippet":"max-snippet:-1","max-image-preview":"max-image-preview:large","max-video-preview":"max-video-preview:-1"},"og_locale":"es_ES","og_type":"article","og_title":"Easy DMX Black - Audibax","og_description":"Emetteur ou r\u00e9cepteur sans fil DMX compact Fonctionne avec n'importe quelle unit\u00e9 DMX Univers DMX : 7 Emetteur ou r\u00e9cepteur DMX : 7","og_url":"https:\/\/romantic-sinoussi.152-228-147-242.plesk.page\/es\/product\/easy-dmx-black-2\/","og_site_name":"Audibax","twitter_card":"summary_large_image","twitter_misc":{"Tiempo de lectura":"1 minuto"},"schema":{"@context":"https:\/\/schema.org","@graph":[{"@type":"WebPage","@id":"https:\/\/romantic-sinoussi.152-228-147-242.plesk.page\/es\/product\/easy-dmx-black-2\/","url":"https:\/\/romantic-sinoussi.152-228-147-242.plesk.page\/es\/product\/easy-dmx-black-2\/","name":"Easy DMX Black - Audibax","isPartOf":{"@id":"https:\/\/romantic-sinoussi.152-228-147-242.plesk.page\/es\/#website"},"datePublished":"2023-12-27T10:55:19+00:00","dateModified":"2023-12-27T10:55:19+00:00","breadcrumb":{"@id":"https:\/\/romantic-sinoussi.152-228-147-242.plesk.page\/es\/product\/easy-dmx-black-2\/#breadcrumb"},"inLanguage":"es","potentialAction":[{"@type":"ReadAction","target":["https:\/\/romantic-sinoussi.152-228-147-242.plesk.page\/es\/product\/easy-dmx-black-2\/"]}]},{"@type":"BreadcrumbList","@id":"https:\/\/romantic-sinoussi.152-228-147-242.plesk.page\/es\/product\/easy-dmx-black-2\/#breadcrumb","itemListElement":[{"@type":"ListItem","position":1,"name":"Portada","item":"https:\/\/romantic-sinoussi.152-228-147-242.plesk.page\/es\/"},{"@type":"ListItem","position":2,"name":"Products","item":"https:\/\/romantic-sinoussi.152-228-147-242.plesk.page\/es\/shop\/"},{"@type":"ListItem","position":3,"name":"Easy DMX Black"}]},{"@type":"WebSite","@id":"https:\/\/romantic-sinoussi.152-228-147-242.plesk.page\/es\/#website","url":"https:\/\/romantic-sinoussi.152-228-147-242.plesk.page\/es\/","name":"Audibax","description":"","publisher":{"@id":"https:\/\/romantic-sinoussi.152-228-147-242.plesk.page\/es\/#organization"},"potentialAction":[{"@type":"SearchAction","target":{"@type":"EntryPoint","urlTemplate":"https:\/\/romantic-sinoussi.152-228-147-242.plesk.page\/es\/?s={search_term_string}"},"query-input":"required name=search_term_string"}],"inLanguage":"es"},{"@type":"Organization","@id":"https:\/\/romantic-sinoussi.152-228-147-242.plesk.page\/es\/#organization","name":"Audibax","url":"https:\/\/romantic-sinoussi.152-228-147-242.plesk.page\/es\/","logo":{"@type":"ImageObject","inLanguage":"es","@id":"https:\/\/romantic-sinoussi.152-228-147-242.plesk.page\/es\/#\/schema\/logo\/image\/","url":"https:\/\/romantic-sinoussi.152-228-147-242.plesk.page\/wp-content\/uploads\/2023\/09\/logo-Audibax-BLANCO-SVG-1.svg","contentUrl":"https:\/\/romantic-sinoussi.152-228-147-242.plesk.page\/wp-content\/uploads\/2023\/09\/logo-Audibax-BLANCO-SVG-1.svg","width":581,"height":146,"caption":"Audibax"},"image":{"@id":"https:\/\/romantic-sinoussi.152-228-147-242.plesk.page\/es\/#\/schema\/logo\/image\/"}}]}},"_links":{"self":[{"href":"https:\/\/romantic-sinoussi.152-228-147-242.plesk.page\/es\/wp-json\/wp\/v2\/product\/36593","targetHints":{"allow":["GET"]}}],"collection":[{"href":"https:\/\/romantic-sinoussi.152-228-147-242.plesk.page\/es\/wp-json\/wp\/v2\/product"}],"about":[{"href":"https:\/\/romantic-sinoussi.152-228-147-242.plesk.page\/es\/wp-json\/wp\/v2\/types\/product"}],"replies":[{"embeddable":true,"href":"https:\/\/romantic-sinoussi.152-228-147-242.plesk.page\/es\/wp-json\/wp\/v2\/comments?post=36593"}],"wp:featuredmedia":[{"embeddable":true,"href":"https:\/\/romantic-sinoussi.152-228-147-242.plesk.page\/es\/wp-json\/wp\/v2\/media\/18296"}],"wp:attachment":[{"href":"https:\/\/romantic-sinoussi.152-228-147-242.plesk.page\/es\/wp-json\/wp\/v2\/media?parent=36593"}],"wp:term":[{"taxonomy":"product_cat","embeddable":true,"href":"https:\/\/romantic-sinoussi.152-228-147-242.plesk.page\/es\/wp-json\/wp\/v2\/product_cat?post=36593"},{"taxonomy":"product_tag","embeddable":true,"href":"https:\/\/romantic-sinoussi.152-228-147-242.plesk.page\/es\/wp-json\/wp\/v2\/product_tag?post=36593"}],"curies":[{"name":"wp","href":"https:\/\/api.w.org\/{rel}","templated":true}]}}