{"id":36594,"date":"2023-12-27T11:55:20","date_gmt":"2023-12-27T10:55:20","guid":{"rendered":"https:\/\/romantic-sinoussi.152-228-147-242.plesk.page\/product\/ffh-5-heavy-fog-fluid-5l-2\/"},"modified":"2023-12-27T11:55:20","modified_gmt":"2023-12-27T10:55:20","slug":"ffh-5-heavy-fog-fluid-5l-2","status":"publish","type":"product","link":"https:\/\/romantic-sinoussi.152-228-147-242.plesk.page\/es\/product\/ffh-5-heavy-fog-fluid-5l-2\/","title":{"rendered":"FFH-5 Heavy Fog Fluid 5L"},"content":{"rendered":"<\/p>\n<p><strong>AUDIBAX FFH-5 HEAVY FOG FLUID<\/strong><\/p>\n<p>Haute densit\u00e9 de brouillard 5L<\/p>\n<p>Le fluide de brouillard Audibax FFH-5 a \u00e9t\u00e9 m\u00e9ticuleusement con\u00e7u pour \u00eatre utilis\u00e9 dans les machines \u00e0 brouillard ;Le liquide de brouillard Audibax FFH-5 a \u00e9t\u00e9 m\u00e9ticuleusement con\u00e7u pour \u00eatre utilis\u00e9 dans les machines \u00e0 brouillard\/fum\u00e9e, garantissant des effets sp\u00e9ciaux visuellement \u00e9poustouflants et totalement s\u00fbrs. Sa formule hautement efficace garantit la cr\u00e9ation d&#8217;effets impressionnants. Ce liquide est parfait pour une vari\u00e9t\u00e9 d&#8217;occasions, que ce soit pour le divertissement, la sc\u00e8ne, les productions t\u00e9l\u00e9vis\u00e9es, les discoth\u00e8ques ou les effets sp\u00e9ciaux. La formule sp\u00e9ciale soigneusement mise au point est s\u00fbre et convient \u00e0 tous les publics car elle est non parfum\u00e9e, non toxique et non irritante et g\u00e9n\u00e8re un brouillard blanc dense sans laisser de r\u00e9sidu gras.<\/p>\n<p>&nbsp;<\/p>\n<ul>\n<li>Fluide brumeux haute densit\u00e9<\/li>\n<li>Carafe de 5L<\/li>\n<li>Convient \u00e0 tous les types de produits de soins capillaires.li>Convient \u00e0 tous les types de machines \u00e0 fum\u00e9e et \u00e0 brouillard<\/li>\n<li>Formule s\u00fbre et inodore qui ne laisse aucun r\u00e9sidu<\/li>\n<\/ul>\n<\/ul>\n<p>.<\/p>\n","protected":false},"excerpt":{"rendered":"<ul>\n<li>Fluide de brouillard haute densit\u00e9<\/li>\n<li>Carafe de 5L<\/li>\n<li>Convient \u00e0 tous les types de machines \u00e0 fum\u00e9e et \u00e0 brouillard<\/li>\n<li>Formule s\u00fbre, inodore et sans r\u00e9sidu<\/li>\n<\/ul>\n<li>Formule s\u00fbre, inodore et sans r\u00e9sidu<\/li>\n<li>Formule s\u00fbre, inodore et sans r\u00e9sidu<\/li>\n<li>Formule s\u00fbre, inodore et sans r\u00e9sidu<\/li>\n<li>Formule s\u00fbre, inodore et sans r\u00e9sidu<\/li>\n<ul>\n<li>Formule s\u00fbre, inodore et sans r\u00e9sidu<\/li>\n<li>Formule s\u00fbre, inodore et sans r\u00e9sidu.\n<li>Formule s\u00fbre, inodore et sans r\u00e9sidu<\/li>\n<\/ul>\n<li>Convient \u00e0 tous les types de machines \u00e0 fum\u00e9e et \u00e0 brouillard<\/li>\n<\/ul>\n<li>Formule s\u00fbre, inodore et sans r\u00e9sidu<\/li>\n<\/ul>\n","protected":false},"featured_media":16532,"comment_status":"open","ping_status":"closed","template":"","meta":[],"product_cat":[243],"product_tag":[],"class_list":{"0":"post-36594","1":"product","2":"type-product","3":"status-publish","4":"has-post-thumbnail","6":"product_cat-uncategorized","8":"first","9":"instock","10":"shipping-taxable","11":"product-type-simple"},"acf":[],"yoast_head":"<!-- This site is optimized with the Yoast SEO plugin v21.5 - https:\/\/yoast.com\/wordpress\/plugins\/seo\/ -->\n<title>FFH-5 Heavy Fog Fluid 5L - Audibax<\/title>\n<meta name=\"robots\" content=\"noindex, follow, max-snippet:-1, max-image-preview:large, max-video-preview:-1\" \/>\n<meta property=\"og:locale\" content=\"es_ES\" \/>\n<meta property=\"og:type\" content=\"article\" \/>\n<meta property=\"og:title\" content=\"FFH-5 Heavy Fog Fluid 5L - Audibax\" \/>\n<meta property=\"og:description\" content=\"Fluide de brouillard haute densit\u00e9 Carafe de 5L Convient \u00e0 tous les types de machines \u00e0 fum\u00e9e et \u00e0 brouillard Formule s\u00fbre, inodore et sans r\u00e9sidu Formule s\u00fbre, inodore et sans r\u00e9sidu Formule s\u00fbre, inodore et sans r\u00e9sidu Formule s\u00fbre, inodore et sans r\u00e9sidu Formule s\u00fbre, inodore et sans r\u00e9sidu Formule s\u00fbre, inodore et sans r\u00e9sidu Formule s\u00fbre, inodore et sans r\u00e9sidu.Formule s\u00fbre, inodore et sans r\u00e9sidu Convient \u00e0 tous les types de machines \u00e0 fum\u00e9e et \u00e0 brouillard Formule s\u00fbre, inodore et sans r\u00e9sidu\" \/>\n<meta property=\"og:url\" content=\"https:\/\/romantic-sinoussi.152-228-147-242.plesk.page\/es\/product\/ffh-5-heavy-fog-fluid-5l-2\/\" \/>\n<meta property=\"og:site_name\" content=\"Audibax\" \/>\n<meta name=\"twitter:card\" content=\"summary_large_image\" \/>\n<meta name=\"twitter:label1\" content=\"Tiempo de lectura\" \/>\n\t<meta name=\"twitter:data1\" content=\"1 minuto\" \/>\n<script type=\"application\/ld+json\" class=\"yoast-schema-graph\">{\"@context\":\"https:\/\/schema.org\",\"@graph\":[{\"@type\":\"WebPage\",\"@id\":\"https:\/\/romantic-sinoussi.152-228-147-242.plesk.page\/es\/product\/ffh-5-heavy-fog-fluid-5l-2\/\",\"url\":\"https:\/\/romantic-sinoussi.152-228-147-242.plesk.page\/es\/product\/ffh-5-heavy-fog-fluid-5l-2\/\",\"name\":\"FFH-5 Heavy Fog Fluid 5L - Audibax\",\"isPartOf\":{\"@id\":\"https:\/\/romantic-sinoussi.152-228-147-242.plesk.page\/es\/#website\"},\"datePublished\":\"2023-12-27T10:55:20+00:00\",\"dateModified\":\"2023-12-27T10:55:20+00:00\",\"breadcrumb\":{\"@id\":\"https:\/\/romantic-sinoussi.152-228-147-242.plesk.page\/es\/product\/ffh-5-heavy-fog-fluid-5l-2\/#breadcrumb\"},\"inLanguage\":\"es\",\"potentialAction\":[{\"@type\":\"ReadAction\",\"target\":[\"https:\/\/romantic-sinoussi.152-228-147-242.plesk.page\/es\/product\/ffh-5-heavy-fog-fluid-5l-2\/\"]}]},{\"@type\":\"BreadcrumbList\",\"@id\":\"https:\/\/romantic-sinoussi.152-228-147-242.plesk.page\/es\/product\/ffh-5-heavy-fog-fluid-5l-2\/#breadcrumb\",\"itemListElement\":[{\"@type\":\"ListItem\",\"position\":1,\"name\":\"Portada\",\"item\":\"https:\/\/romantic-sinoussi.152-228-147-242.plesk.page\/es\/\"},{\"@type\":\"ListItem\",\"position\":2,\"name\":\"Products\",\"item\":\"https:\/\/romantic-sinoussi.152-228-147-242.plesk.page\/es\/shop\/\"},{\"@type\":\"ListItem\",\"position\":3,\"name\":\"FFH-5 Heavy Fog Fluid 5L\"}]},{\"@type\":\"WebSite\",\"@id\":\"https:\/\/romantic-sinoussi.152-228-147-242.plesk.page\/es\/#website\",\"url\":\"https:\/\/romantic-sinoussi.152-228-147-242.plesk.page\/es\/\",\"name\":\"Audibax\",\"description\":\"\",\"publisher\":{\"@id\":\"https:\/\/romantic-sinoussi.152-228-147-242.plesk.page\/es\/#organization\"},\"potentialAction\":[{\"@type\":\"SearchAction\",\"target\":{\"@type\":\"EntryPoint\",\"urlTemplate\":\"https:\/\/romantic-sinoussi.152-228-147-242.plesk.page\/es\/?s={search_term_string}\"},\"query-input\":\"required name=search_term_string\"}],\"inLanguage\":\"es\"},{\"@type\":\"Organization\",\"@id\":\"https:\/\/romantic-sinoussi.152-228-147-242.plesk.page\/es\/#organization\",\"name\":\"Audibax\",\"url\":\"https:\/\/romantic-sinoussi.152-228-147-242.plesk.page\/es\/\",\"logo\":{\"@type\":\"ImageObject\",\"inLanguage\":\"es\",\"@id\":\"https:\/\/romantic-sinoussi.152-228-147-242.plesk.page\/es\/#\/schema\/logo\/image\/\",\"url\":\"https:\/\/romantic-sinoussi.152-228-147-242.plesk.page\/wp-content\/uploads\/2023\/09\/logo-Audibax-BLANCO-SVG-1.svg\",\"contentUrl\":\"https:\/\/romantic-sinoussi.152-228-147-242.plesk.page\/wp-content\/uploads\/2023\/09\/logo-Audibax-BLANCO-SVG-1.svg\",\"width\":581,\"height\":146,\"caption\":\"Audibax\"},\"image\":{\"@id\":\"https:\/\/romantic-sinoussi.152-228-147-242.plesk.page\/es\/#\/schema\/logo\/image\/\"}}]}<\/script>\n<!-- \/ Yoast SEO plugin. -->","yoast_head_json":{"title":"FFH-5 Heavy Fog Fluid 5L - Audibax","robots":{"index":"noindex","follow":"follow","max-snippet":"max-snippet:-1","max-image-preview":"max-image-preview:large","max-video-preview":"max-video-preview:-1"},"og_locale":"es_ES","og_type":"article","og_title":"FFH-5 Heavy Fog Fluid 5L - Audibax","og_description":"Fluide de brouillard haute densit\u00e9 Carafe de 5L Convient \u00e0 tous les types de machines \u00e0 fum\u00e9e et \u00e0 brouillard Formule s\u00fbre, inodore et sans r\u00e9sidu Formule s\u00fbre, inodore et sans r\u00e9sidu Formule s\u00fbre, inodore et sans r\u00e9sidu Formule s\u00fbre, inodore et sans r\u00e9sidu Formule s\u00fbre, inodore et sans r\u00e9sidu Formule s\u00fbre, inodore et sans r\u00e9sidu Formule s\u00fbre, inodore et sans r\u00e9sidu.Formule s\u00fbre, inodore et sans r\u00e9sidu Convient \u00e0 tous les types de machines \u00e0 fum\u00e9e et \u00e0 brouillard Formule s\u00fbre, inodore et sans r\u00e9sidu","og_url":"https:\/\/romantic-sinoussi.152-228-147-242.plesk.page\/es\/product\/ffh-5-heavy-fog-fluid-5l-2\/","og_site_name":"Audibax","twitter_card":"summary_large_image","twitter_misc":{"Tiempo de lectura":"1 minuto"},"schema":{"@context":"https:\/\/schema.org","@graph":[{"@type":"WebPage","@id":"https:\/\/romantic-sinoussi.152-228-147-242.plesk.page\/es\/product\/ffh-5-heavy-fog-fluid-5l-2\/","url":"https:\/\/romantic-sinoussi.152-228-147-242.plesk.page\/es\/product\/ffh-5-heavy-fog-fluid-5l-2\/","name":"FFH-5 Heavy Fog Fluid 5L - Audibax","isPartOf":{"@id":"https:\/\/romantic-sinoussi.152-228-147-242.plesk.page\/es\/#website"},"datePublished":"2023-12-27T10:55:20+00:00","dateModified":"2023-12-27T10:55:20+00:00","breadcrumb":{"@id":"https:\/\/romantic-sinoussi.152-228-147-242.plesk.page\/es\/product\/ffh-5-heavy-fog-fluid-5l-2\/#breadcrumb"},"inLanguage":"es","potentialAction":[{"@type":"ReadAction","target":["https:\/\/romantic-sinoussi.152-228-147-242.plesk.page\/es\/product\/ffh-5-heavy-fog-fluid-5l-2\/"]}]},{"@type":"BreadcrumbList","@id":"https:\/\/romantic-sinoussi.152-228-147-242.plesk.page\/es\/product\/ffh-5-heavy-fog-fluid-5l-2\/#breadcrumb","itemListElement":[{"@type":"ListItem","position":1,"name":"Portada","item":"https:\/\/romantic-sinoussi.152-228-147-242.plesk.page\/es\/"},{"@type":"ListItem","position":2,"name":"Products","item":"https:\/\/romantic-sinoussi.152-228-147-242.plesk.page\/es\/shop\/"},{"@type":"ListItem","position":3,"name":"FFH-5 Heavy Fog Fluid 5L"}]},{"@type":"WebSite","@id":"https:\/\/romantic-sinoussi.152-228-147-242.plesk.page\/es\/#website","url":"https:\/\/romantic-sinoussi.152-228-147-242.plesk.page\/es\/","name":"Audibax","description":"","publisher":{"@id":"https:\/\/romantic-sinoussi.152-228-147-242.plesk.page\/es\/#organization"},"potentialAction":[{"@type":"SearchAction","target":{"@type":"EntryPoint","urlTemplate":"https:\/\/romantic-sinoussi.152-228-147-242.plesk.page\/es\/?s={search_term_string}"},"query-input":"required name=search_term_string"}],"inLanguage":"es"},{"@type":"Organization","@id":"https:\/\/romantic-sinoussi.152-228-147-242.plesk.page\/es\/#organization","name":"Audibax","url":"https:\/\/romantic-sinoussi.152-228-147-242.plesk.page\/es\/","logo":{"@type":"ImageObject","inLanguage":"es","@id":"https:\/\/romantic-sinoussi.152-228-147-242.plesk.page\/es\/#\/schema\/logo\/image\/","url":"https:\/\/romantic-sinoussi.152-228-147-242.plesk.page\/wp-content\/uploads\/2023\/09\/logo-Audibax-BLANCO-SVG-1.svg","contentUrl":"https:\/\/romantic-sinoussi.152-228-147-242.plesk.page\/wp-content\/uploads\/2023\/09\/logo-Audibax-BLANCO-SVG-1.svg","width":581,"height":146,"caption":"Audibax"},"image":{"@id":"https:\/\/romantic-sinoussi.152-228-147-242.plesk.page\/es\/#\/schema\/logo\/image\/"}}]}},"_links":{"self":[{"href":"https:\/\/romantic-sinoussi.152-228-147-242.plesk.page\/es\/wp-json\/wp\/v2\/product\/36594","targetHints":{"allow":["GET"]}}],"collection":[{"href":"https:\/\/romantic-sinoussi.152-228-147-242.plesk.page\/es\/wp-json\/wp\/v2\/product"}],"about":[{"href":"https:\/\/romantic-sinoussi.152-228-147-242.plesk.page\/es\/wp-json\/wp\/v2\/types\/product"}],"replies":[{"embeddable":true,"href":"https:\/\/romantic-sinoussi.152-228-147-242.plesk.page\/es\/wp-json\/wp\/v2\/comments?post=36594"}],"wp:featuredmedia":[{"embeddable":true,"href":"https:\/\/romantic-sinoussi.152-228-147-242.plesk.page\/es\/wp-json\/wp\/v2\/media\/16532"}],"wp:attachment":[{"href":"https:\/\/romantic-sinoussi.152-228-147-242.plesk.page\/es\/wp-json\/wp\/v2\/media?parent=36594"}],"wp:term":[{"taxonomy":"product_cat","embeddable":true,"href":"https:\/\/romantic-sinoussi.152-228-147-242.plesk.page\/es\/wp-json\/wp\/v2\/product_cat?post=36594"},{"taxonomy":"product_tag","embeddable":true,"href":"https:\/\/romantic-sinoussi.152-228-147-242.plesk.page\/es\/wp-json\/wp\/v2\/product_tag?post=36594"}],"curies":[{"name":"wp","href":"https:\/\/api.w.org\/{rel}","templated":true}]}}