{"id":36595,"date":"2023-12-27T11:55:21","date_gmt":"2023-12-27T10:55:21","guid":{"rendered":"https:\/\/romantic-sinoussi.152-228-147-242.plesk.page\/product\/ffn-5-normal-fog-fluid-5l-2\/"},"modified":"2023-12-27T11:55:21","modified_gmt":"2023-12-27T10:55:21","slug":"ffn-5-normal-fog-fluid-5l-2","status":"publish","type":"product","link":"https:\/\/romantic-sinoussi.152-228-147-242.plesk.page\/es\/product\/ffn-5-normal-fog-fluid-5l-2\/","title":{"rendered":"FFN-5 Normal Fog Fluid 5L"},"content":{"rendered":"<\/p>\n<p><strong>AUDIBAX FFN-5 NORMAL FOG FLUID<\/strong><\/p>\n<p>Brouillard de densit\u00e9 normale 5L<\/p>\n<p>Audibax FFN-5 NORMAL FOG FLUID<\/strong><\/p>\n<pLe fluide de brouillard Audibax FFN-5 est sp\u00e9cialement formul\u00e9 pour \u00eatre utilis\u00e9 dans les machines \u00e0 brouillard et \u00e0 fum\u00e9e. Gr\u00e2ce \u00e0 sa composition efficace, il permet d'obtenir des effets visuels \u00e9tonnants en toute s\u00e9curit\u00e9. Il est id\u00e9al pour une vari\u00e9t\u00e9 d'applications, notamment le divertissement, la sc\u00e8ne, la t\u00e9l\u00e9vision, les discoth\u00e8ques et les effets sp\u00e9ciaux. La formule unique garantit une s\u00e9curit\u00e9 totale pour tous les publics, \u00e9tant non parfum\u00e9e, non toxique et non irritante, produisant un brouillard blanc sans laisser de r\u00e9sidu gras.<\/p>\n<ul>\n<li>Fluide \u00e0 brouillard de densit\u00e9 normale<\/li>\n<li>Carafe de 5L<\/li>\n<li>\n<li>Convient \u00e0 tous les types de mousse.Convient \u00e0 tous les types de machines \u00e0 fum\u00e9e et \u00e0 brouillard<\/li>\n<li>Formule s\u00fbre, inodore et ne laissant aucun r\u00e9sidu<\/li>\n<\/ul>\n<\/ul>\n<p>.<\/p>\n","protected":false},"excerpt":{"rendered":"<ul>\n<li>Fluide \u00e0 brouillard de densit\u00e9 normale<\/li>\n<li>Carafe de 5L<\/li>\n<li>Convient \u00e0 tous les types de machines \u00e0 fum\u00e9e et \u00e0 brouillard<\/li>\n<li>Formule s\u00fbre, inodore et sans r\u00e9sidu<\/li>\n<\/ul>\n<li>Formule s\u00fbre, inodore et sans r\u00e9sidu<\/li>\n<li>Formule s\u00fbre, inodore et sans r\u00e9sidu<\/li>\n<li>Formule s\u00fbre, inodore et sans r\u00e9sidu<\/li>\n<li>Convient \u00e0 toutes les machines \u00e0 fum\u00e9e et \u00e0 brouillard<\/li>\n<li>Formule s\u00fbre, inodore et sans r\u00e9sidu<\/li>\n<li>Formule s\u00fbre, inodore et sans r\u00e9sidu.Convient \u00e0 toutes les machines \u00e0 fum\u00e9e et \u00e0 brouillard<\/li>\n<li>Formule s\u00fbre, inodore et ne laissant aucun r\u00e9sidu<\/li>\n<\/ul>\n<li> <\/ul>\n<li>Formule s\u00fbre, inodore et non r\u00e9siduelle<\/li>\n<\/ul>\n<li>S\u00fbre, inodore et non r\u00e9siduelle<br \/>\n","protected":false},"featured_media":16535,"comment_status":"open","ping_status":"closed","template":"","meta":[],"product_cat":[243],"product_tag":[],"class_list":{"0":"post-36595","1":"product","2":"type-product","3":"status-publish","4":"has-post-thumbnail","6":"product_cat-uncategorized","8":"first","9":"instock","10":"shipping-taxable","11":"product-type-simple"},"acf":[],"yoast_head":"<!-- This site is optimized with the Yoast SEO plugin v21.5 - https:\/\/yoast.com\/wordpress\/plugins\/seo\/ -->\n<title>FFN-5 Normal Fog Fluid 5L - Audibax<\/title>\n<meta name=\"robots\" content=\"noindex, follow, max-snippet:-1, max-image-preview:large, max-video-preview:-1\" \/>\n<meta property=\"og:locale\" content=\"es_ES\" \/>\n<meta property=\"og:type\" content=\"article\" \/>\n<meta property=\"og:title\" content=\"FFN-5 Normal Fog Fluid 5L - Audibax\" \/>\n<meta property=\"og:description\" content=\"Fluide \u00e0 brouillard de densit\u00e9 normale Carafe de 5L Convient \u00e0 tous les types de machines \u00e0 fum\u00e9e et \u00e0 brouillard Formule s\u00fbre, inodore et sans r\u00e9sidu Formule s\u00fbre, inodore et sans r\u00e9sidu Formule s\u00fbre, inodore et sans r\u00e9sidu Formule s\u00fbre, inodore et sans r\u00e9sidu Convient \u00e0 toutes les machines \u00e0 fum\u00e9e et \u00e0 brouillard Formule s\u00fbre, inodore et sans r\u00e9sidu Formule s\u00fbre, inodore et sans r\u00e9sidu.Convient \u00e0 toutes les machines \u00e0 fum\u00e9e et \u00e0 brouillard Formule s\u00fbre, inodore et ne laissant aucun r\u00e9sidu  Formule s\u00fbre, inodore et non r\u00e9siduelle S\u00fbre, inodore et non r\u00e9siduelle\" \/>\n<meta property=\"og:url\" content=\"https:\/\/romantic-sinoussi.152-228-147-242.plesk.page\/es\/product\/ffn-5-normal-fog-fluid-5l-2\/\" \/>\n<meta property=\"og:site_name\" content=\"Audibax\" \/>\n<meta name=\"twitter:card\" content=\"summary_large_image\" \/>\n<script type=\"application\/ld+json\" class=\"yoast-schema-graph\">{\"@context\":\"https:\/\/schema.org\",\"@graph\":[{\"@type\":\"WebPage\",\"@id\":\"https:\/\/romantic-sinoussi.152-228-147-242.plesk.page\/es\/product\/ffn-5-normal-fog-fluid-5l-2\/\",\"url\":\"https:\/\/romantic-sinoussi.152-228-147-242.plesk.page\/es\/product\/ffn-5-normal-fog-fluid-5l-2\/\",\"name\":\"FFN-5 Normal Fog Fluid 5L - Audibax\",\"isPartOf\":{\"@id\":\"https:\/\/romantic-sinoussi.152-228-147-242.plesk.page\/es\/#website\"},\"datePublished\":\"2023-12-27T10:55:21+00:00\",\"dateModified\":\"2023-12-27T10:55:21+00:00\",\"breadcrumb\":{\"@id\":\"https:\/\/romantic-sinoussi.152-228-147-242.plesk.page\/es\/product\/ffn-5-normal-fog-fluid-5l-2\/#breadcrumb\"},\"inLanguage\":\"es\",\"potentialAction\":[{\"@type\":\"ReadAction\",\"target\":[\"https:\/\/romantic-sinoussi.152-228-147-242.plesk.page\/es\/product\/ffn-5-normal-fog-fluid-5l-2\/\"]}]},{\"@type\":\"BreadcrumbList\",\"@id\":\"https:\/\/romantic-sinoussi.152-228-147-242.plesk.page\/es\/product\/ffn-5-normal-fog-fluid-5l-2\/#breadcrumb\",\"itemListElement\":[{\"@type\":\"ListItem\",\"position\":1,\"name\":\"Portada\",\"item\":\"https:\/\/romantic-sinoussi.152-228-147-242.plesk.page\/es\/\"},{\"@type\":\"ListItem\",\"position\":2,\"name\":\"Products\",\"item\":\"https:\/\/romantic-sinoussi.152-228-147-242.plesk.page\/es\/shop\/\"},{\"@type\":\"ListItem\",\"position\":3,\"name\":\"FFN-5 Normal Fog Fluid 5L\"}]},{\"@type\":\"WebSite\",\"@id\":\"https:\/\/romantic-sinoussi.152-228-147-242.plesk.page\/es\/#website\",\"url\":\"https:\/\/romantic-sinoussi.152-228-147-242.plesk.page\/es\/\",\"name\":\"Audibax\",\"description\":\"\",\"publisher\":{\"@id\":\"https:\/\/romantic-sinoussi.152-228-147-242.plesk.page\/es\/#organization\"},\"potentialAction\":[{\"@type\":\"SearchAction\",\"target\":{\"@type\":\"EntryPoint\",\"urlTemplate\":\"https:\/\/romantic-sinoussi.152-228-147-242.plesk.page\/es\/?s={search_term_string}\"},\"query-input\":\"required name=search_term_string\"}],\"inLanguage\":\"es\"},{\"@type\":\"Organization\",\"@id\":\"https:\/\/romantic-sinoussi.152-228-147-242.plesk.page\/es\/#organization\",\"name\":\"Audibax\",\"url\":\"https:\/\/romantic-sinoussi.152-228-147-242.plesk.page\/es\/\",\"logo\":{\"@type\":\"ImageObject\",\"inLanguage\":\"es\",\"@id\":\"https:\/\/romantic-sinoussi.152-228-147-242.plesk.page\/es\/#\/schema\/logo\/image\/\",\"url\":\"https:\/\/romantic-sinoussi.152-228-147-242.plesk.page\/wp-content\/uploads\/2023\/09\/logo-Audibax-BLANCO-SVG-1.svg\",\"contentUrl\":\"https:\/\/romantic-sinoussi.152-228-147-242.plesk.page\/wp-content\/uploads\/2023\/09\/logo-Audibax-BLANCO-SVG-1.svg\",\"width\":581,\"height\":146,\"caption\":\"Audibax\"},\"image\":{\"@id\":\"https:\/\/romantic-sinoussi.152-228-147-242.plesk.page\/es\/#\/schema\/logo\/image\/\"}}]}<\/script>\n<!-- \/ Yoast SEO plugin. -->","yoast_head_json":{"title":"FFN-5 Normal Fog Fluid 5L - Audibax","robots":{"index":"noindex","follow":"follow","max-snippet":"max-snippet:-1","max-image-preview":"max-image-preview:large","max-video-preview":"max-video-preview:-1"},"og_locale":"es_ES","og_type":"article","og_title":"FFN-5 Normal Fog Fluid 5L - Audibax","og_description":"Fluide \u00e0 brouillard de densit\u00e9 normale Carafe de 5L Convient \u00e0 tous les types de machines \u00e0 fum\u00e9e et \u00e0 brouillard Formule s\u00fbre, inodore et sans r\u00e9sidu Formule s\u00fbre, inodore et sans r\u00e9sidu Formule s\u00fbre, inodore et sans r\u00e9sidu Formule s\u00fbre, inodore et sans r\u00e9sidu Convient \u00e0 toutes les machines \u00e0 fum\u00e9e et \u00e0 brouillard Formule s\u00fbre, inodore et sans r\u00e9sidu Formule s\u00fbre, inodore et sans r\u00e9sidu.Convient \u00e0 toutes les machines \u00e0 fum\u00e9e et \u00e0 brouillard Formule s\u00fbre, inodore et ne laissant aucun r\u00e9sidu  Formule s\u00fbre, inodore et non r\u00e9siduelle S\u00fbre, inodore et non r\u00e9siduelle","og_url":"https:\/\/romantic-sinoussi.152-228-147-242.plesk.page\/es\/product\/ffn-5-normal-fog-fluid-5l-2\/","og_site_name":"Audibax","twitter_card":"summary_large_image","schema":{"@context":"https:\/\/schema.org","@graph":[{"@type":"WebPage","@id":"https:\/\/romantic-sinoussi.152-228-147-242.plesk.page\/es\/product\/ffn-5-normal-fog-fluid-5l-2\/","url":"https:\/\/romantic-sinoussi.152-228-147-242.plesk.page\/es\/product\/ffn-5-normal-fog-fluid-5l-2\/","name":"FFN-5 Normal Fog Fluid 5L - Audibax","isPartOf":{"@id":"https:\/\/romantic-sinoussi.152-228-147-242.plesk.page\/es\/#website"},"datePublished":"2023-12-27T10:55:21+00:00","dateModified":"2023-12-27T10:55:21+00:00","breadcrumb":{"@id":"https:\/\/romantic-sinoussi.152-228-147-242.plesk.page\/es\/product\/ffn-5-normal-fog-fluid-5l-2\/#breadcrumb"},"inLanguage":"es","potentialAction":[{"@type":"ReadAction","target":["https:\/\/romantic-sinoussi.152-228-147-242.plesk.page\/es\/product\/ffn-5-normal-fog-fluid-5l-2\/"]}]},{"@type":"BreadcrumbList","@id":"https:\/\/romantic-sinoussi.152-228-147-242.plesk.page\/es\/product\/ffn-5-normal-fog-fluid-5l-2\/#breadcrumb","itemListElement":[{"@type":"ListItem","position":1,"name":"Portada","item":"https:\/\/romantic-sinoussi.152-228-147-242.plesk.page\/es\/"},{"@type":"ListItem","position":2,"name":"Products","item":"https:\/\/romantic-sinoussi.152-228-147-242.plesk.page\/es\/shop\/"},{"@type":"ListItem","position":3,"name":"FFN-5 Normal Fog Fluid 5L"}]},{"@type":"WebSite","@id":"https:\/\/romantic-sinoussi.152-228-147-242.plesk.page\/es\/#website","url":"https:\/\/romantic-sinoussi.152-228-147-242.plesk.page\/es\/","name":"Audibax","description":"","publisher":{"@id":"https:\/\/romantic-sinoussi.152-228-147-242.plesk.page\/es\/#organization"},"potentialAction":[{"@type":"SearchAction","target":{"@type":"EntryPoint","urlTemplate":"https:\/\/romantic-sinoussi.152-228-147-242.plesk.page\/es\/?s={search_term_string}"},"query-input":"required name=search_term_string"}],"inLanguage":"es"},{"@type":"Organization","@id":"https:\/\/romantic-sinoussi.152-228-147-242.plesk.page\/es\/#organization","name":"Audibax","url":"https:\/\/romantic-sinoussi.152-228-147-242.plesk.page\/es\/","logo":{"@type":"ImageObject","inLanguage":"es","@id":"https:\/\/romantic-sinoussi.152-228-147-242.plesk.page\/es\/#\/schema\/logo\/image\/","url":"https:\/\/romantic-sinoussi.152-228-147-242.plesk.page\/wp-content\/uploads\/2023\/09\/logo-Audibax-BLANCO-SVG-1.svg","contentUrl":"https:\/\/romantic-sinoussi.152-228-147-242.plesk.page\/wp-content\/uploads\/2023\/09\/logo-Audibax-BLANCO-SVG-1.svg","width":581,"height":146,"caption":"Audibax"},"image":{"@id":"https:\/\/romantic-sinoussi.152-228-147-242.plesk.page\/es\/#\/schema\/logo\/image\/"}}]}},"_links":{"self":[{"href":"https:\/\/romantic-sinoussi.152-228-147-242.plesk.page\/es\/wp-json\/wp\/v2\/product\/36595","targetHints":{"allow":["GET"]}}],"collection":[{"href":"https:\/\/romantic-sinoussi.152-228-147-242.plesk.page\/es\/wp-json\/wp\/v2\/product"}],"about":[{"href":"https:\/\/romantic-sinoussi.152-228-147-242.plesk.page\/es\/wp-json\/wp\/v2\/types\/product"}],"replies":[{"embeddable":true,"href":"https:\/\/romantic-sinoussi.152-228-147-242.plesk.page\/es\/wp-json\/wp\/v2\/comments?post=36595"}],"wp:featuredmedia":[{"embeddable":true,"href":"https:\/\/romantic-sinoussi.152-228-147-242.plesk.page\/es\/wp-json\/wp\/v2\/media\/16535"}],"wp:attachment":[{"href":"https:\/\/romantic-sinoussi.152-228-147-242.plesk.page\/es\/wp-json\/wp\/v2\/media?parent=36595"}],"wp:term":[{"taxonomy":"product_cat","embeddable":true,"href":"https:\/\/romantic-sinoussi.152-228-147-242.plesk.page\/es\/wp-json\/wp\/v2\/product_cat?post=36595"},{"taxonomy":"product_tag","embeddable":true,"href":"https:\/\/romantic-sinoussi.152-228-147-242.plesk.page\/es\/wp-json\/wp\/v2\/product_tag?post=36595"}],"curies":[{"name":"wp","href":"https:\/\/api.w.org\/{rel}","templated":true}]}}