{"id":32305,"date":"2023-12-18T12:40:59","date_gmt":"2023-12-18T11:40:59","guid":{"rendered":"https:\/\/romantic-sinoussi.152-228-147-242.plesk.page\/warranty-conditions\/"},"modified":"2023-12-18T12:46:32","modified_gmt":"2023-12-18T11:46:32","slug":"warranty-conditions","status":"publish","type":"page","link":"https:\/\/romantic-sinoussi.152-228-147-242.plesk.page\/fr\/warranty-conditions\/","title":{"rendered":"Warranty Conditions"},"content":{"rendered":"\t\t<div data-elementor-type=\"wp-page\" data-elementor-id=\"32305\" class=\"elementor elementor-32305 elementor-32296\" data-elementor-post-type=\"page\">\n\t\t\t\t\t\t\t<div class=\"elementor-element elementor-element-f596023 e-flex e-con-boxed e-con e-parent\" data-id=\"f596023\" data-element_type=\"container\" data-settings=\"{&quot;content_width&quot;:&quot;boxed&quot;}\" data-core-v316-plus=\"true\">\n\t\t\t\t\t<div class=\"e-con-inner\">\n\t\t\t\t<div class=\"elementor-element elementor-element-f12061b elementor-widget elementor-widget-heading\" data-id=\"f12061b\" data-element_type=\"widget\" data-widget_type=\"heading.default\">\n\t\t\t\t<div class=\"elementor-widget-container\">\n\t\t\t<style>\/*! elementor - v3.18.0 - 08-12-2023 *\/\n.elementor-heading-title{padding:0;margin:0;line-height:1}.elementor-widget-heading .elementor-heading-title[class*=elementor-size-]>a{color:inherit;font-size:inherit;line-height:inherit}.elementor-widget-heading .elementor-heading-title.elementor-size-small{font-size:15px}.elementor-widget-heading .elementor-heading-title.elementor-size-medium{font-size:19px}.elementor-widget-heading .elementor-heading-title.elementor-size-large{font-size:29px}.elementor-widget-heading .elementor-heading-title.elementor-size-xl{font-size:39px}.elementor-widget-heading .elementor-heading-title.elementor-size-xxl{font-size:59px}<\/style><h2 class=\"elementor-heading-title elementor-size-default\">Conditions de garantie\n<\/h2>\t\t<\/div>\n\t\t\t\t<\/div>\n\t\t\t\t\t<\/div>\n\t\t\t\t<\/div>\n\t\t<div class=\"elementor-element elementor-element-7a93350 e-flex e-con-boxed e-con e-parent\" data-id=\"7a93350\" data-element_type=\"container\" data-settings=\"{&quot;content_width&quot;:&quot;boxed&quot;}\" data-core-v316-plus=\"true\">\n\t\t\t\t\t<div class=\"e-con-inner\">\n\t\t\t\t<div class=\"elementor-element elementor-element-00f263c elementor-widget elementor-widget-text-editor\" data-id=\"00f263c\" data-element_type=\"widget\" data-widget_type=\"text-editor.default\">\n\t\t\t\t<div class=\"elementor-widget-container\">\n\t\t\t<style>\/*! elementor - v3.18.0 - 08-12-2023 *\/\n.elementor-widget-text-editor.elementor-drop-cap-view-stacked .elementor-drop-cap{background-color:#69727d;color:#fff}.elementor-widget-text-editor.elementor-drop-cap-view-framed .elementor-drop-cap{color:#69727d;border:3px solid;background-color:transparent}.elementor-widget-text-editor:not(.elementor-drop-cap-view-default) .elementor-drop-cap{margin-top:8px}.elementor-widget-text-editor:not(.elementor-drop-cap-view-default) .elementor-drop-cap-letter{width:1em;height:1em}.elementor-widget-text-editor .elementor-drop-cap{float:left;text-align:center;line-height:1;font-size:50px}.elementor-widget-text-editor .elementor-drop-cap-letter{display:inline-block}<\/style>\t\t\t\t<p><span style=\"font-weight: 400;\">MH Group est le cr\u00e9ateur et le fabricant d&#8217;\u00e9quipements audio professionnels, d&#8217;\u00e9clairages et d&#8217;accessoires sous la marque Audibax. La soci\u00e9t\u00e9 s&#8217;engage \u00e0 maintenir l&#8217;excellence des produits Audibax gr\u00e2ce \u00e0 des tests de fiabilit\u00e9 approfondis et \u00e0 des proc\u00e9dures de contr\u00f4le de qualit\u00e9 rigoureuses pour chaque produit fabriqu\u00e9.<\/span><\/p><p>\u00a0<\/p><p><span style=\"font-weight: 400;\">Toutefois, si vous avez besoin d&#8217;une assistance pour votre produit Audibax, m\u00eame apr\u00e8s l&#8217;expiration de la p\u00e9riode de garantie, veillez \u00e0 suivre les \u00e9tapes suivantes :\u00a0<\/span><\/p><p>\u00a0<\/p><p><span style=\"font-weight: 400;\">&#8211; Conservez l&#8217;emballage d&#8217;origine pour prot\u00e9ger correctement votre produit. Envoyez votre produit \u00e0 un centre de service agr\u00e9\u00e9, en prenant \u00e0 votre charge les frais d&#8217;exp\u00e9dition et d&#8217;assurance.\u00a0<\/span><\/p><p><span style=\"font-weight: 400;\">&#8211; Joignez une description d\u00e9taill\u00e9e du probl\u00e8me rencontr\u00e9, ainsi qu&#8217;une copie de votre ticket de caisse et, le cas \u00e9ch\u00e9ant, la carte de garantie ou le num\u00e9ro d&#8217;enregistrement Internet associ\u00e9 \u00e0 votre garantie.<\/span><\/p><p>\u00a0<\/p><p><span style=\"font-weight: 400;\">Centres de service agr\u00e9\u00e9s<\/span><\/p><p>\u00a0<\/p><p><span style=\"font-weight: 400;\">Afin de maintenir la validit\u00e9 de la garantie sur les produits Audibax, il est essentiel que toute r\u00e9paration ou tout service soit effectu\u00e9 uniquement par un centre de service agr\u00e9\u00e9 du groupe MH. Pour obtenir des informations sur les centres de service agr\u00e9\u00e9s dans votre pays, veuillez contacter le distributeur officiel d&#8217;Audibax.<\/span><\/p><p>\u00a0<\/p><p><span style=\"font-weight: 400;\">Conditions de garantie<\/span><\/p><p>\u00a0<\/p><p><span style=\"font-weight: 400;\">Le groupe MH offre une garantie de trois ans contre les d\u00e9fauts de fabrication des produits Audibax, valable pour le premier acheteur au d\u00e9tail \u00e0 compter de la date d&#8217;achat. Si le produit pr\u00e9sente des probl\u00e8mes de fonctionnement pendant la p\u00e9riode de garantie, le groupe MH r\u00e9parera ou remplacera gratuitement le produit d\u00e9fectueux, \u00e0 sa discr\u00e9tion. La garantie ne s&#8217;applique qu&#8217;\u00e0 l&#8217;acheteur au d\u00e9tail d&#8217;origine qui conserve une preuve d&#8217;achat valide du produit Audibax. Cette garantie n&#8217;est pas transf\u00e9rable et ne s&#8217;applique qu&#8217;\u00e0 l&#8217;acheteur d&#8217;origine qui a achet\u00e9 le produit aupr\u00e8s d&#8217;un revendeur Audibax agr\u00e9\u00e9.<\/span><\/p><p>\u00a0<\/p><p><span style=\"font-weight: 400;\">Exclusions de la pr\u00e9sente garantie<\/span><\/p><p>\u00a0<\/p><p><span style=\"font-weight: 400;\">Cette garantie ne couvre pas les \u00e9l\u00e9ments suivants :<\/span><\/p><p><span style=\"font-weight: 400;\">&#8211; Les dommages r\u00e9sultant d&#8217;une mauvaise utilisation, d&#8217;une n\u00e9gligence, d&#8217;un entretien insuffisant, du non-respect des instructions d\u00e9taill\u00e9es dans le manuel d&#8217;utilisation applicable, de connexions incorrectes ou d&#8217;accidents. Le groupe MH n&#8217;est pas responsable des pertes, dommages ou blessures directs ou indirects li\u00e9s aux produits Audibax ou caus\u00e9s par eux.<\/span><\/p><p><span style=\"font-weight: 400;\">&#8211; Les produits qui ont \u00e9t\u00e9 alt\u00e9r\u00e9s, modifi\u00e9s ou r\u00e9par\u00e9s par des personnes ou des entit\u00e9s autres que des centres de service agr\u00e9\u00e9s.<\/span><\/p><p><br \/><br \/><\/p><p><span style=\"font-weight: 400;\">&#8211; Le bo\u00eetier externe, les composants \u00e9lectrom\u00e9caniques et l&#8217;usure due \u00e0 une utilisation normale.<\/span><\/p><p><span style=\"font-weight: 400;\">&#8211; Les frais d&#8217;exp\u00e9dition et d&#8217;assurance, ainsi que les dommages pouvant survenir au produit pendant le transport.<\/span><\/p><p>\u00a0<\/p><p><span style=\"font-weight: 400;\">Cette garantie reste valable si les r\u00e9parations ou les services sont effectu\u00e9s par MH Group ou par un centre de service agr\u00e9\u00e9 sp\u00e9cifiquement d\u00e9sign\u00e9 pour les produits Audibax. Cette garantie est compl\u00e8te et remplace toutes les autres garanties, explicites ou implicites, y compris les garanties de qualit\u00e9 marchande pour un usage particulier, et est nulle. MH Group d\u00e9cline \u00e9galement toute responsabilit\u00e9 pour les dommages accessoires ou indirects r\u00e9sultant d&#8217;une violation de la pr\u00e9sente garantie. Il est important de noter que dans certains pays, l&#8217;exclusion des dommages accessoires ou indirects peut ne pas s&#8217;appliquer, de sorte que cette limitation peut ne pas s&#8217;appliquer \u00e0 vous.\u00a0<\/span><\/p><p>\u00a0<\/p><p><span style=\"font-weight: 400;\">*Pour les appareils Audibax achet\u00e9s avant le 1er janvier 2023, la p\u00e9riode de garantie est de deux ans \u00e0 compter de la date d&#8217;achat.<\/span><\/p>\t\t\t\t\t\t<\/div>\n\t\t\t\t<\/div>\n\t\t\t\t\t<\/div>\n\t\t\t\t<\/div>\n\t\t\t\t\t\t\t<\/div>\n\t\t","protected":false},"excerpt":{"rendered":"<p>Conditions de garantie MH Group est le cr\u00e9ateur et le fabricant d&#8217;\u00e9quipements audio professionnels, d&#8217;\u00e9clairages et d&#8217;accessoires sous la marque Audibax. La soci\u00e9t\u00e9 s&#8217;engage \u00e0 maintenir l&#8217;excellence des produits Audibax gr\u00e2ce \u00e0 des tests de fiabilit\u00e9 approfondis et \u00e0 des proc\u00e9dures de contr\u00f4le de qualit\u00e9 rigoureuses pour chaque produit fabriqu\u00e9. \u00a0 Toutefois, si vous avez [&hellip;]<\/p>\n","protected":false},"author":1,"featured_media":0,"parent":0,"menu_order":0,"comment_status":"closed","ping_status":"closed","template":"","meta":{"footnotes":""},"class_list":["post-32305","page","type-page","status-publish","hentry"],"acf":[],"yoast_head":"<!-- This site is optimized with the Yoast SEO plugin v21.5 - https:\/\/yoast.com\/wordpress\/plugins\/seo\/ -->\n<title>Warranty Conditions - Audibax<\/title>\n<meta name=\"robots\" content=\"noindex, follow, max-snippet:-1, max-image-preview:large, max-video-preview:-1\" \/>\n<meta property=\"og:locale\" content=\"fr_FR\" \/>\n<meta property=\"og:type\" content=\"article\" \/>\n<meta property=\"og:title\" content=\"Warranty Conditions - Audibax\" \/>\n<meta property=\"og:description\" content=\"Conditions de garantie MH Group est le cr\u00e9ateur et le fabricant d&#8217;\u00e9quipements audio professionnels, d&#8217;\u00e9clairages et d&#8217;accessoires sous la marque Audibax. La soci\u00e9t\u00e9 s&#8217;engage \u00e0 maintenir l&#8217;excellence des produits Audibax gr\u00e2ce \u00e0 des tests de fiabilit\u00e9 approfondis et \u00e0 des proc\u00e9dures de contr\u00f4le de qualit\u00e9 rigoureuses pour chaque produit fabriqu\u00e9. \u00a0 Toutefois, si vous avez [&hellip;]\" \/>\n<meta property=\"og:url\" content=\"https:\/\/romantic-sinoussi.152-228-147-242.plesk.page\/fr\/warranty-conditions\/\" \/>\n<meta property=\"og:site_name\" content=\"Audibax\" \/>\n<meta property=\"article:modified_time\" content=\"2023-12-18T11:46:32+00:00\" \/>\n<meta name=\"twitter:card\" content=\"summary_large_image\" \/>\n<meta name=\"twitter:label1\" content=\"Dur\u00e9e de lecture estim\u00e9e\" \/>\n\t<meta name=\"twitter:data1\" content=\"3 minutes\" \/>\n<script type=\"application\/ld+json\" class=\"yoast-schema-graph\">{\"@context\":\"https:\/\/schema.org\",\"@graph\":[{\"@type\":\"WebPage\",\"@id\":\"https:\/\/romantic-sinoussi.152-228-147-242.plesk.page\/fr\/warranty-conditions\/\",\"url\":\"https:\/\/romantic-sinoussi.152-228-147-242.plesk.page\/fr\/warranty-conditions\/\",\"name\":\"Warranty Conditions - Audibax\",\"isPartOf\":{\"@id\":\"https:\/\/romantic-sinoussi.152-228-147-242.plesk.page\/fr\/#website\"},\"datePublished\":\"2023-12-18T11:40:59+00:00\",\"dateModified\":\"2023-12-18T11:46:32+00:00\",\"breadcrumb\":{\"@id\":\"https:\/\/romantic-sinoussi.152-228-147-242.plesk.page\/fr\/warranty-conditions\/#breadcrumb\"},\"inLanguage\":\"fr-FR\",\"potentialAction\":[{\"@type\":\"ReadAction\",\"target\":[\"https:\/\/romantic-sinoussi.152-228-147-242.plesk.page\/fr\/warranty-conditions\/\"]}]},{\"@type\":\"BreadcrumbList\",\"@id\":\"https:\/\/romantic-sinoussi.152-228-147-242.plesk.page\/fr\/warranty-conditions\/#breadcrumb\",\"itemListElement\":[{\"@type\":\"ListItem\",\"position\":1,\"name\":\"Portada\",\"item\":\"https:\/\/romantic-sinoussi.152-228-147-242.plesk.page\/fr\/\"},{\"@type\":\"ListItem\",\"position\":2,\"name\":\"Warranty Conditions\"}]},{\"@type\":\"WebSite\",\"@id\":\"https:\/\/romantic-sinoussi.152-228-147-242.plesk.page\/fr\/#website\",\"url\":\"https:\/\/romantic-sinoussi.152-228-147-242.plesk.page\/fr\/\",\"name\":\"Audibax\",\"description\":\"\",\"publisher\":{\"@id\":\"https:\/\/romantic-sinoussi.152-228-147-242.plesk.page\/fr\/#organization\"},\"potentialAction\":[{\"@type\":\"SearchAction\",\"target\":{\"@type\":\"EntryPoint\",\"urlTemplate\":\"https:\/\/romantic-sinoussi.152-228-147-242.plesk.page\/fr\/?s={search_term_string}\"},\"query-input\":\"required name=search_term_string\"}],\"inLanguage\":\"fr-FR\"},{\"@type\":\"Organization\",\"@id\":\"https:\/\/romantic-sinoussi.152-228-147-242.plesk.page\/fr\/#organization\",\"name\":\"Audibax\",\"url\":\"https:\/\/romantic-sinoussi.152-228-147-242.plesk.page\/fr\/\",\"logo\":{\"@type\":\"ImageObject\",\"inLanguage\":\"fr-FR\",\"@id\":\"https:\/\/romantic-sinoussi.152-228-147-242.plesk.page\/fr\/#\/schema\/logo\/image\/\",\"url\":\"https:\/\/romantic-sinoussi.152-228-147-242.plesk.page\/wp-content\/uploads\/2023\/09\/logo-Audibax-BLANCO-SVG-1.svg\",\"contentUrl\":\"https:\/\/romantic-sinoussi.152-228-147-242.plesk.page\/wp-content\/uploads\/2023\/09\/logo-Audibax-BLANCO-SVG-1.svg\",\"width\":581,\"height\":146,\"caption\":\"Audibax\"},\"image\":{\"@id\":\"https:\/\/romantic-sinoussi.152-228-147-242.plesk.page\/fr\/#\/schema\/logo\/image\/\"}}]}<\/script>\n<!-- \/ Yoast SEO plugin. -->","yoast_head_json":{"title":"Warranty Conditions - Audibax","robots":{"index":"noindex","follow":"follow","max-snippet":"max-snippet:-1","max-image-preview":"max-image-preview:large","max-video-preview":"max-video-preview:-1"},"og_locale":"fr_FR","og_type":"article","og_title":"Warranty Conditions - Audibax","og_description":"Conditions de garantie MH Group est le cr\u00e9ateur et le fabricant d&#8217;\u00e9quipements audio professionnels, d&#8217;\u00e9clairages et d&#8217;accessoires sous la marque Audibax. La soci\u00e9t\u00e9 s&#8217;engage \u00e0 maintenir l&#8217;excellence des produits Audibax gr\u00e2ce \u00e0 des tests de fiabilit\u00e9 approfondis et \u00e0 des proc\u00e9dures de contr\u00f4le de qualit\u00e9 rigoureuses pour chaque produit fabriqu\u00e9. \u00a0 Toutefois, si vous avez [&hellip;]","og_url":"https:\/\/romantic-sinoussi.152-228-147-242.plesk.page\/fr\/warranty-conditions\/","og_site_name":"Audibax","article_modified_time":"2023-12-18T11:46:32+00:00","twitter_card":"summary_large_image","twitter_misc":{"Dur\u00e9e de lecture estim\u00e9e":"3 minutes"},"schema":{"@context":"https:\/\/schema.org","@graph":[{"@type":"WebPage","@id":"https:\/\/romantic-sinoussi.152-228-147-242.plesk.page\/fr\/warranty-conditions\/","url":"https:\/\/romantic-sinoussi.152-228-147-242.plesk.page\/fr\/warranty-conditions\/","name":"Warranty Conditions - Audibax","isPartOf":{"@id":"https:\/\/romantic-sinoussi.152-228-147-242.plesk.page\/fr\/#website"},"datePublished":"2023-12-18T11:40:59+00:00","dateModified":"2023-12-18T11:46:32+00:00","breadcrumb":{"@id":"https:\/\/romantic-sinoussi.152-228-147-242.plesk.page\/fr\/warranty-conditions\/#breadcrumb"},"inLanguage":"fr-FR","potentialAction":[{"@type":"ReadAction","target":["https:\/\/romantic-sinoussi.152-228-147-242.plesk.page\/fr\/warranty-conditions\/"]}]},{"@type":"BreadcrumbList","@id":"https:\/\/romantic-sinoussi.152-228-147-242.plesk.page\/fr\/warranty-conditions\/#breadcrumb","itemListElement":[{"@type":"ListItem","position":1,"name":"Portada","item":"https:\/\/romantic-sinoussi.152-228-147-242.plesk.page\/fr\/"},{"@type":"ListItem","position":2,"name":"Warranty Conditions"}]},{"@type":"WebSite","@id":"https:\/\/romantic-sinoussi.152-228-147-242.plesk.page\/fr\/#website","url":"https:\/\/romantic-sinoussi.152-228-147-242.plesk.page\/fr\/","name":"Audibax","description":"","publisher":{"@id":"https:\/\/romantic-sinoussi.152-228-147-242.plesk.page\/fr\/#organization"},"potentialAction":[{"@type":"SearchAction","target":{"@type":"EntryPoint","urlTemplate":"https:\/\/romantic-sinoussi.152-228-147-242.plesk.page\/fr\/?s={search_term_string}"},"query-input":"required name=search_term_string"}],"inLanguage":"fr-FR"},{"@type":"Organization","@id":"https:\/\/romantic-sinoussi.152-228-147-242.plesk.page\/fr\/#organization","name":"Audibax","url":"https:\/\/romantic-sinoussi.152-228-147-242.plesk.page\/fr\/","logo":{"@type":"ImageObject","inLanguage":"fr-FR","@id":"https:\/\/romantic-sinoussi.152-228-147-242.plesk.page\/fr\/#\/schema\/logo\/image\/","url":"https:\/\/romantic-sinoussi.152-228-147-242.plesk.page\/wp-content\/uploads\/2023\/09\/logo-Audibax-BLANCO-SVG-1.svg","contentUrl":"https:\/\/romantic-sinoussi.152-228-147-242.plesk.page\/wp-content\/uploads\/2023\/09\/logo-Audibax-BLANCO-SVG-1.svg","width":581,"height":146,"caption":"Audibax"},"image":{"@id":"https:\/\/romantic-sinoussi.152-228-147-242.plesk.page\/fr\/#\/schema\/logo\/image\/"}}]}},"_links":{"self":[{"href":"https:\/\/romantic-sinoussi.152-228-147-242.plesk.page\/fr\/wp-json\/wp\/v2\/pages\/32305","targetHints":{"allow":["GET"]}}],"collection":[{"href":"https:\/\/romantic-sinoussi.152-228-147-242.plesk.page\/fr\/wp-json\/wp\/v2\/pages"}],"about":[{"href":"https:\/\/romantic-sinoussi.152-228-147-242.plesk.page\/fr\/wp-json\/wp\/v2\/types\/page"}],"author":[{"embeddable":true,"href":"https:\/\/romantic-sinoussi.152-228-147-242.plesk.page\/fr\/wp-json\/wp\/v2\/users\/1"}],"replies":[{"embeddable":true,"href":"https:\/\/romantic-sinoussi.152-228-147-242.plesk.page\/fr\/wp-json\/wp\/v2\/comments?post=32305"}],"version-history":[{"count":3,"href":"https:\/\/romantic-sinoussi.152-228-147-242.plesk.page\/fr\/wp-json\/wp\/v2\/pages\/32305\/revisions"}],"predecessor-version":[{"id":32312,"href":"https:\/\/romantic-sinoussi.152-228-147-242.plesk.page\/fr\/wp-json\/wp\/v2\/pages\/32305\/revisions\/32312"}],"wp:attachment":[{"href":"https:\/\/romantic-sinoussi.152-228-147-242.plesk.page\/fr\/wp-json\/wp\/v2\/media?parent=32305"}],"curies":[{"name":"wp","href":"https:\/\/api.w.org\/{rel}","templated":true}]}}