{"id":36335,"date":"2023-12-11T10:36:38","date_gmt":"2023-12-11T09:36:38","guid":{"rendered":"https:\/\/romantic-sinoussi.152-228-147-242.plesk.page\/product\/silver-coil-bsm100-microphone-100m-black-10116245-2\/"},"modified":"2023-12-27T11:52:14","modified_gmt":"2023-12-27T10:52:14","slug":"silver-coil-bsm100-microphone-100m-black-10116245-2","status":"publish","type":"product","link":"https:\/\/romantic-sinoussi.152-228-147-242.plesk.page\/fr\/produit\/silver-coil-bsm100-microphone-100m-black-10116245-2\/","title":{"rendered":"Silver Coil BSM100 Microphone 100m Black 10116245"},"content":{"rendered":"<\/p>\n<p><strong>Audibax Silver BSM100 Black Coil Balanced Microphone Cable 100 Metres<\/strong><\/strong><\/p>\n<p>Audibax Silver BSM100 Black Coil.La bobine de la <strong>s\u00e9rie Silver d&#8217;Audibax<\/strong> pr\u00e9sente une qualit\u00e9 et une fiabilit\u00e9 \u00e9lev\u00e9es \u00e0 un prix \u00e9conomique. Le mat\u00e9riau est en m\u00e9tal et tr\u00e8s solide, ce qui permet d&#8217;am\u00e9liorer la d\u00e9charge de traction, le contact et la protection contre les contraintes de flexion sur le c\u00e2ble.<\/p>\n<h3>&nbsp;<\/h3>\n<h2>Caract\u00e9ristiques de la bobine<\/h2>\n<p>&nbsp;<\/p>\n<ul>\n<li>Couleur : Noir<\/li>\n<li>S\u00e9rie : Argent<\/li>\n<li>Distance : 100 m<\/li>\n<li>Diam\u00e8tre total : 6,0 mm<\/li>\n<li>Type de c\u00e2ble : C\u00e2ble de microphone<\/li>\n<\/ul>\n<p>&nbsp;<\/p>\n<h2>Conducteurs<\/li>\n<\/ul>\n<h2>Conducteurs<\/h2>\n<p>&nbsp;<\/p>\n<ul>\n<li>Section int\u00e9rieure du conducteur : 0,24 mm OFC ( Oxygen Free )<\/li>\n<li>Mat\u00e9riau du conducteur int\u00e9rieur : Cuivre OFC<\/li>\n<li>Construction du conducteur int\u00e9rieur : 20 x 0,12 mm ( OFC )<\/li>\n<li>Nombre de conduits int\u00e9rieurs : 2\n<p> &nbsp;<\/li>\n<\/ul>\n<h2>Protection et rev\u00eatement<\/h2>\n<p> ;Protection et rev\u00eatement<\/h2>\n<p>&nbsp;<\/p>\n<ul>\n<li>Mat\u00e9riau de l&#8217;\u00e9cran : Cuivre ( OFC )<\/li>\n<li>Bobine : Filet\u00e9e<\/li>\n<li>Mat\u00e9riau des autres \u00e9crans : Papier \/ Coton<\/li>\n<li>Mat\u00e9riau de l&#8217;enveloppe : PVC flexible et r\u00e9sistant<\/li>\n<li>Mat\u00e9riel de l&#8217;enveloppe : PVC flexible et r\u00e9sistant<\/li>\n<li>Temp\u00e9rature de fonctionnement Min\/max : -20&ordm;C \/ +70&ordm;C<\/li>\n<\/ul>\n<\/ul>\n","protected":false},"excerpt":{"rendered":"<ul>\n<li>Couleur : Noir<\/li>\n<li>S\u00e9rie : Argent<\/li>\n<li>Distance : 100 m<\/li>\n<li>Diam\u00e8tre total : 6,0 mm<\/li>\n<li>Type de c\u00e2ble : C\u00e2ble pour microphone<\/li>\n<\/ul>\n<li>Type de c\u00e2ble : C\u00e2ble pour microphone<\/li>\n<\/ul>\n<li>Type de c\u00e2ble : C\u00e2ble pour microphone<\/li>\n<\/ul>\n<li>Type de c\u00e2ble : C\u00e2ble pour microphone<\/li>\n<\/ul>\n<li>C\u00e2ble pour microphone<br \/>\n","protected":false},"featured_media":17691,"comment_status":"open","ping_status":"closed","template":"","meta":[],"product_cat":[297],"product_tag":[],"class_list":{"0":"post-36335","1":"product","2":"type-product","3":"status-publish","4":"has-post-thumbnail","6":"product_cat-cable-dmx-a-bobines","8":"first","9":"instock","10":"shipping-taxable","11":"product-type-simple"},"acf":[],"yoast_head":"<!-- This site is optimized with the Yoast SEO plugin v21.5 - https:\/\/yoast.com\/wordpress\/plugins\/seo\/ -->\n<title>Silver Coil BSM100 Microphone 100m Black 10116245 - Audibax<\/title>\n<meta name=\"robots\" content=\"noindex, follow, max-snippet:-1, max-image-preview:large, max-video-preview:-1\" \/>\n<meta property=\"og:locale\" content=\"fr_FR\" \/>\n<meta property=\"og:type\" content=\"article\" \/>\n<meta property=\"og:title\" content=\"Silver Coil BSM100 Microphone 100m Black 10116245 - Audibax\" \/>\n<meta property=\"og:description\" content=\"Couleur : Noir S\u00e9rie : Argent Distance : 100 m Diam\u00e8tre total : 6,0 mm Type de c\u00e2ble : C\u00e2ble pour microphone Type de c\u00e2ble : C\u00e2ble pour microphone Type de c\u00e2ble : C\u00e2ble pour microphone Type de c\u00e2ble : C\u00e2ble pour microphone C\u00e2ble pour microphone\" \/>\n<meta property=\"og:url\" content=\"https:\/\/romantic-sinoussi.152-228-147-242.plesk.page\/fr\/produit\/silver-coil-bsm100-microphone-100m-black-10116245-2\/\" \/>\n<meta property=\"og:site_name\" content=\"Audibax\" \/>\n<meta property=\"article:modified_time\" content=\"2023-12-27T10:52:14+00:00\" \/>\n<meta name=\"twitter:card\" content=\"summary_large_image\" \/>\n<meta name=\"twitter:label1\" content=\"Dur\u00e9e de lecture estim\u00e9e\" \/>\n\t<meta name=\"twitter:data1\" content=\"1 minute\" \/>\n<script type=\"application\/ld+json\" class=\"yoast-schema-graph\">{\"@context\":\"https:\/\/schema.org\",\"@graph\":[{\"@type\":\"WebPage\",\"@id\":\"https:\/\/romantic-sinoussi.152-228-147-242.plesk.page\/fr\/produit\/silver-coil-bsm100-microphone-100m-black-10116245-2\/\",\"url\":\"https:\/\/romantic-sinoussi.152-228-147-242.plesk.page\/fr\/produit\/silver-coil-bsm100-microphone-100m-black-10116245-2\/\",\"name\":\"Silver Coil BSM100 Microphone 100m Black 10116245 - Audibax\",\"isPartOf\":{\"@id\":\"https:\/\/romantic-sinoussi.152-228-147-242.plesk.page\/fr\/#website\"},\"datePublished\":\"2023-12-11T09:36:38+00:00\",\"dateModified\":\"2023-12-27T10:52:14+00:00\",\"breadcrumb\":{\"@id\":\"https:\/\/romantic-sinoussi.152-228-147-242.plesk.page\/fr\/produit\/silver-coil-bsm100-microphone-100m-black-10116245-2\/#breadcrumb\"},\"inLanguage\":\"fr-FR\",\"potentialAction\":[{\"@type\":\"ReadAction\",\"target\":[\"https:\/\/romantic-sinoussi.152-228-147-242.plesk.page\/fr\/produit\/silver-coil-bsm100-microphone-100m-black-10116245-2\/\"]}]},{\"@type\":\"BreadcrumbList\",\"@id\":\"https:\/\/romantic-sinoussi.152-228-147-242.plesk.page\/fr\/produit\/silver-coil-bsm100-microphone-100m-black-10116245-2\/#breadcrumb\",\"itemListElement\":[{\"@type\":\"ListItem\",\"position\":1,\"name\":\"Portada\",\"item\":\"https:\/\/romantic-sinoussi.152-228-147-242.plesk.page\/fr\/\"},{\"@type\":\"ListItem\",\"position\":2,\"name\":\"Products\",\"item\":\"https:\/\/romantic-sinoussi.152-228-147-242.plesk.page\/fr\/shop\/\"},{\"@type\":\"ListItem\",\"position\":3,\"name\":\"Silver Coil BSM100 Microphone 100m Black 10116245\"}]},{\"@type\":\"WebSite\",\"@id\":\"https:\/\/romantic-sinoussi.152-228-147-242.plesk.page\/fr\/#website\",\"url\":\"https:\/\/romantic-sinoussi.152-228-147-242.plesk.page\/fr\/\",\"name\":\"Audibax\",\"description\":\"\",\"publisher\":{\"@id\":\"https:\/\/romantic-sinoussi.152-228-147-242.plesk.page\/fr\/#organization\"},\"potentialAction\":[{\"@type\":\"SearchAction\",\"target\":{\"@type\":\"EntryPoint\",\"urlTemplate\":\"https:\/\/romantic-sinoussi.152-228-147-242.plesk.page\/fr\/?s={search_term_string}\"},\"query-input\":\"required name=search_term_string\"}],\"inLanguage\":\"fr-FR\"},{\"@type\":\"Organization\",\"@id\":\"https:\/\/romantic-sinoussi.152-228-147-242.plesk.page\/fr\/#organization\",\"name\":\"Audibax\",\"url\":\"https:\/\/romantic-sinoussi.152-228-147-242.plesk.page\/fr\/\",\"logo\":{\"@type\":\"ImageObject\",\"inLanguage\":\"fr-FR\",\"@id\":\"https:\/\/romantic-sinoussi.152-228-147-242.plesk.page\/fr\/#\/schema\/logo\/image\/\",\"url\":\"https:\/\/romantic-sinoussi.152-228-147-242.plesk.page\/wp-content\/uploads\/2023\/09\/logo-Audibax-BLANCO-SVG-1.svg\",\"contentUrl\":\"https:\/\/romantic-sinoussi.152-228-147-242.plesk.page\/wp-content\/uploads\/2023\/09\/logo-Audibax-BLANCO-SVG-1.svg\",\"width\":581,\"height\":146,\"caption\":\"Audibax\"},\"image\":{\"@id\":\"https:\/\/romantic-sinoussi.152-228-147-242.plesk.page\/fr\/#\/schema\/logo\/image\/\"}}]}<\/script>\n<!-- \/ Yoast SEO plugin. -->","yoast_head_json":{"title":"Silver Coil BSM100 Microphone 100m Black 10116245 - Audibax","robots":{"index":"noindex","follow":"follow","max-snippet":"max-snippet:-1","max-image-preview":"max-image-preview:large","max-video-preview":"max-video-preview:-1"},"og_locale":"fr_FR","og_type":"article","og_title":"Silver Coil BSM100 Microphone 100m Black 10116245 - Audibax","og_description":"Couleur : Noir S\u00e9rie : Argent Distance : 100 m Diam\u00e8tre total : 6,0 mm Type de c\u00e2ble : C\u00e2ble pour microphone Type de c\u00e2ble : C\u00e2ble pour microphone Type de c\u00e2ble : C\u00e2ble pour microphone Type de c\u00e2ble : C\u00e2ble pour microphone C\u00e2ble pour microphone","og_url":"https:\/\/romantic-sinoussi.152-228-147-242.plesk.page\/fr\/produit\/silver-coil-bsm100-microphone-100m-black-10116245-2\/","og_site_name":"Audibax","article_modified_time":"2023-12-27T10:52:14+00:00","twitter_card":"summary_large_image","twitter_misc":{"Dur\u00e9e de lecture estim\u00e9e":"1 minute"},"schema":{"@context":"https:\/\/schema.org","@graph":[{"@type":"WebPage","@id":"https:\/\/romantic-sinoussi.152-228-147-242.plesk.page\/fr\/produit\/silver-coil-bsm100-microphone-100m-black-10116245-2\/","url":"https:\/\/romantic-sinoussi.152-228-147-242.plesk.page\/fr\/produit\/silver-coil-bsm100-microphone-100m-black-10116245-2\/","name":"Silver Coil BSM100 Microphone 100m Black 10116245 - Audibax","isPartOf":{"@id":"https:\/\/romantic-sinoussi.152-228-147-242.plesk.page\/fr\/#website"},"datePublished":"2023-12-11T09:36:38+00:00","dateModified":"2023-12-27T10:52:14+00:00","breadcrumb":{"@id":"https:\/\/romantic-sinoussi.152-228-147-242.plesk.page\/fr\/produit\/silver-coil-bsm100-microphone-100m-black-10116245-2\/#breadcrumb"},"inLanguage":"fr-FR","potentialAction":[{"@type":"ReadAction","target":["https:\/\/romantic-sinoussi.152-228-147-242.plesk.page\/fr\/produit\/silver-coil-bsm100-microphone-100m-black-10116245-2\/"]}]},{"@type":"BreadcrumbList","@id":"https:\/\/romantic-sinoussi.152-228-147-242.plesk.page\/fr\/produit\/silver-coil-bsm100-microphone-100m-black-10116245-2\/#breadcrumb","itemListElement":[{"@type":"ListItem","position":1,"name":"Portada","item":"https:\/\/romantic-sinoussi.152-228-147-242.plesk.page\/fr\/"},{"@type":"ListItem","position":2,"name":"Products","item":"https:\/\/romantic-sinoussi.152-228-147-242.plesk.page\/fr\/shop\/"},{"@type":"ListItem","position":3,"name":"Silver Coil BSM100 Microphone 100m Black 10116245"}]},{"@type":"WebSite","@id":"https:\/\/romantic-sinoussi.152-228-147-242.plesk.page\/fr\/#website","url":"https:\/\/romantic-sinoussi.152-228-147-242.plesk.page\/fr\/","name":"Audibax","description":"","publisher":{"@id":"https:\/\/romantic-sinoussi.152-228-147-242.plesk.page\/fr\/#organization"},"potentialAction":[{"@type":"SearchAction","target":{"@type":"EntryPoint","urlTemplate":"https:\/\/romantic-sinoussi.152-228-147-242.plesk.page\/fr\/?s={search_term_string}"},"query-input":"required name=search_term_string"}],"inLanguage":"fr-FR"},{"@type":"Organization","@id":"https:\/\/romantic-sinoussi.152-228-147-242.plesk.page\/fr\/#organization","name":"Audibax","url":"https:\/\/romantic-sinoussi.152-228-147-242.plesk.page\/fr\/","logo":{"@type":"ImageObject","inLanguage":"fr-FR","@id":"https:\/\/romantic-sinoussi.152-228-147-242.plesk.page\/fr\/#\/schema\/logo\/image\/","url":"https:\/\/romantic-sinoussi.152-228-147-242.plesk.page\/wp-content\/uploads\/2023\/09\/logo-Audibax-BLANCO-SVG-1.svg","contentUrl":"https:\/\/romantic-sinoussi.152-228-147-242.plesk.page\/wp-content\/uploads\/2023\/09\/logo-Audibax-BLANCO-SVG-1.svg","width":581,"height":146,"caption":"Audibax"},"image":{"@id":"https:\/\/romantic-sinoussi.152-228-147-242.plesk.page\/fr\/#\/schema\/logo\/image\/"}}]}},"_links":{"self":[{"href":"https:\/\/romantic-sinoussi.152-228-147-242.plesk.page\/fr\/wp-json\/wp\/v2\/product\/36335","targetHints":{"allow":["GET"]}}],"collection":[{"href":"https:\/\/romantic-sinoussi.152-228-147-242.plesk.page\/fr\/wp-json\/wp\/v2\/product"}],"about":[{"href":"https:\/\/romantic-sinoussi.152-228-147-242.plesk.page\/fr\/wp-json\/wp\/v2\/types\/product"}],"replies":[{"embeddable":true,"href":"https:\/\/romantic-sinoussi.152-228-147-242.plesk.page\/fr\/wp-json\/wp\/v2\/comments?post=36335"}],"wp:featuredmedia":[{"embeddable":true,"href":"https:\/\/romantic-sinoussi.152-228-147-242.plesk.page\/fr\/wp-json\/wp\/v2\/media\/17691"}],"wp:attachment":[{"href":"https:\/\/romantic-sinoussi.152-228-147-242.plesk.page\/fr\/wp-json\/wp\/v2\/media?parent=36335"}],"wp:term":[{"taxonomy":"product_cat","embeddable":true,"href":"https:\/\/romantic-sinoussi.152-228-147-242.plesk.page\/fr\/wp-json\/wp\/v2\/product_cat?post=36335"},{"taxonomy":"product_tag","embeddable":true,"href":"https:\/\/romantic-sinoussi.152-228-147-242.plesk.page\/fr\/wp-json\/wp\/v2\/product_tag?post=36335"}],"curies":[{"name":"wp","href":"https:\/\/api.w.org\/{rel}","templated":true}]}}