{"id":36373,"date":"2023-12-27T11:52:38","date_gmt":"2023-12-27T10:52:38","guid":{"rendered":"https:\/\/romantic-sinoussi.152-228-147-242.plesk.page\/product\/silver-black-dmx-cable-5-pins-1-meter-2\/"},"modified":"2023-12-27T11:52:38","modified_gmt":"2023-12-27T10:52:38","slug":"silver-black-dmx-cable-5-pins-1-meter-2","status":"publish","type":"product","link":"https:\/\/romantic-sinoussi.152-228-147-242.plesk.page\/fr\/produit\/silver-black-dmx-cable-5-pins-1-meter-2\/","title":{"rendered":"Silver Black DMX Cable 5 pins 1 meter"},"content":{"rendered":"<p><span style=\"font-size :14px\"><strong>Audibax Silver Black C\u00e2ble DMX 5 Pins 1 M\u00e8tre<\/strong><\/strong><\/span><\/p>\n<p>Les c\u00e2bles de la s\u00e9rie Silver Black<\/strong><\/strong>&nbsp;<strong>Audibax Silver Black<\/strong>&nbsp;offrent d&#8217;excellentes performances professionnelles \u00e0 un prix tr\u00e8s abordable. Le fil central est compos\u00e9 de conducteurs qui assurent une transmission pure et naturelle du signal en r\u00e9duisant les \u00e9ventuels bruits ind\u00e9sirables. La s\u00e9rie <strong>Silver Black&nbsp;<\/strong> est fabriqu\u00e9e dans un mat\u00e9riau tr\u00e8s flexible qui fait de ces c\u00e2bles le choix id\u00e9al pour tous les sc\u00e9narios car ils assurent une transmission optimale du signal.<\/p>\n<p><span style=\"font-size :14px\"><strong>Caract\u00e9ristiques g\u00e9n\u00e9rales de la s\u00e9rie Silver Black&nbsp;<\/strong><\/span><\/span><\/p>\n<ul>\n<li>Conception \u00e0 faible bruit avec reproduction dynamique compl\u00e8te.<\/li>\n<li>Connecteurs DMX Silver Black<\/li>\n<\/ul>\n<p><span style=\"font-size :14px\"><strong>Caract\u00e9ristiques du c\u00e2ble<\/strong><\/strong><\/span><\/p>\n<ul>\n<li>S\u00e9rie : Silver Black&nbsp;<\/li>\n<li>Type : C\u00e2ble DMX&nbsp;<\/li>\n<li>Longueur : 1 m\u00e8tre<\/li>\n<li>Couleur : Noir<\/li>\n<li>Diam\u00e8tre du c\u00e2ble : 5,4 mm<\/li>\n<li>Section int\u00e9rieure du conducteur XLR : 0,21 mm<\/li>\n<li>Rev\u00eatement PVC<\/li>\n<\/ul>\n<p><span style=\"font-size :14px\"><strong>Caract\u00e9ristiques&iacute;sticas Connecteur A<\/strong><\/strong><\/span><\/p>\n<ul>\n<ul>\n<li>Connecteur : DMX<\/li>\n<li>Type : M\u00e2le<\/li>\n<li>Nombre de broches : 5<\/li>\n<li>Contacts du connecteur : plaqu\u00e9 or 24k<\/li>\n<li>Couleur : Noir<\/li>\n<li>Connecteur A Fabricant : Audibax<\/li>\n<li>Connecteur A S\u00e9rie : Argent Noir<\/li>\n<\/ul>\n<p><span style=\"font-size :14px\"><strong>Caract\u00e9ristiques Connecteur B<\/strong><\/span><\/p>\n<ul>\n<li>Connecteur : DMX<\/li>\n<li>Type : Femelle<\/li>\n<li>Nombre de broches : 5<\/li>\n<li>Contacts du connecteur : plaqu\u00e9 or 24k<\/li>\n<li>Couleur : Noir<\/li>\n<li>Fabricant Connecteur B : Audibax<\/li>\n<li>Connecteur B Series : Silver Black<\/li>\n<\/ul>\n<\/ul>\n<\/ul>\n","protected":false},"excerpt":{"rendered":"<ul>\n<li>S\u00e9rie : Silver Black&nbsp;<\/li>\n<li>Type : C\u00e2ble DMX&nbsp;<\/li>\n<li>Longueur : 1 m\u00e8tre<\/li>\n<li>Couleur : Noir<\/li>\n<li>Diam\u00e8tre du c\u00e2ble : 5,4 mm<\/li>\n<li>Section int\u00e9rieure du conducteur XLR : 0,21 mm<\/li>\n<li>Rev\u00eatement PVC<\/li>\n<\/ul>\n","protected":false},"featured_media":18608,"comment_status":"open","ping_status":"closed","template":"","meta":[],"product_cat":[311,243],"product_tag":[],"class_list":{"0":"post-36373","1":"product","2":"type-product","3":"status-publish","4":"has-post-thumbnail","6":"product_cat-cable-dmx-fr","7":"product_cat-uncategorized","9":"first","10":"instock","11":"shipping-taxable","12":"product-type-simple"},"acf":[],"yoast_head":"<!-- This site is optimized with the Yoast SEO plugin v21.5 - https:\/\/yoast.com\/wordpress\/plugins\/seo\/ -->\n<title>Silver Black DMX Cable 5 pins 1 meter - Audibax<\/title>\n<meta name=\"robots\" content=\"noindex, follow, max-snippet:-1, max-image-preview:large, max-video-preview:-1\" \/>\n<meta property=\"og:locale\" content=\"fr_FR\" \/>\n<meta property=\"og:type\" content=\"article\" \/>\n<meta property=\"og:title\" content=\"Silver Black DMX Cable 5 pins 1 meter - Audibax\" \/>\n<meta property=\"og:description\" content=\"S\u00e9rie : Silver Black&nbsp; Type : C\u00e2ble DMX&nbsp; Longueur : 1 m\u00e8tre Couleur : Noir Diam\u00e8tre du c\u00e2ble : 5,4 mm Section int\u00e9rieure du conducteur XLR : 0,21 mm Rev\u00eatement PVC\" \/>\n<meta property=\"og:url\" content=\"https:\/\/romantic-sinoussi.152-228-147-242.plesk.page\/fr\/produit\/silver-black-dmx-cable-5-pins-1-meter-2\/\" \/>\n<meta property=\"og:site_name\" content=\"Audibax\" \/>\n<meta name=\"twitter:card\" content=\"summary_large_image\" \/>\n<meta name=\"twitter:label1\" content=\"Dur\u00e9e de lecture estim\u00e9e\" \/>\n\t<meta name=\"twitter:data1\" content=\"1 minute\" \/>\n<script type=\"application\/ld+json\" class=\"yoast-schema-graph\">{\"@context\":\"https:\/\/schema.org\",\"@graph\":[{\"@type\":\"WebPage\",\"@id\":\"https:\/\/romantic-sinoussi.152-228-147-242.plesk.page\/fr\/produit\/silver-black-dmx-cable-5-pins-1-meter-2\/\",\"url\":\"https:\/\/romantic-sinoussi.152-228-147-242.plesk.page\/fr\/produit\/silver-black-dmx-cable-5-pins-1-meter-2\/\",\"name\":\"Silver Black DMX Cable 5 pins 1 meter - Audibax\",\"isPartOf\":{\"@id\":\"https:\/\/romantic-sinoussi.152-228-147-242.plesk.page\/fr\/#website\"},\"datePublished\":\"2023-12-27T10:52:38+00:00\",\"dateModified\":\"2023-12-27T10:52:38+00:00\",\"breadcrumb\":{\"@id\":\"https:\/\/romantic-sinoussi.152-228-147-242.plesk.page\/fr\/produit\/silver-black-dmx-cable-5-pins-1-meter-2\/#breadcrumb\"},\"inLanguage\":\"fr-FR\",\"potentialAction\":[{\"@type\":\"ReadAction\",\"target\":[\"https:\/\/romantic-sinoussi.152-228-147-242.plesk.page\/fr\/produit\/silver-black-dmx-cable-5-pins-1-meter-2\/\"]}]},{\"@type\":\"BreadcrumbList\",\"@id\":\"https:\/\/romantic-sinoussi.152-228-147-242.plesk.page\/fr\/produit\/silver-black-dmx-cable-5-pins-1-meter-2\/#breadcrumb\",\"itemListElement\":[{\"@type\":\"ListItem\",\"position\":1,\"name\":\"Portada\",\"item\":\"https:\/\/romantic-sinoussi.152-228-147-242.plesk.page\/fr\/\"},{\"@type\":\"ListItem\",\"position\":2,\"name\":\"Products\",\"item\":\"https:\/\/romantic-sinoussi.152-228-147-242.plesk.page\/fr\/shop\/\"},{\"@type\":\"ListItem\",\"position\":3,\"name\":\"Silver Black DMX Cable 5 pins 1 meter\"}]},{\"@type\":\"WebSite\",\"@id\":\"https:\/\/romantic-sinoussi.152-228-147-242.plesk.page\/fr\/#website\",\"url\":\"https:\/\/romantic-sinoussi.152-228-147-242.plesk.page\/fr\/\",\"name\":\"Audibax\",\"description\":\"\",\"publisher\":{\"@id\":\"https:\/\/romantic-sinoussi.152-228-147-242.plesk.page\/fr\/#organization\"},\"potentialAction\":[{\"@type\":\"SearchAction\",\"target\":{\"@type\":\"EntryPoint\",\"urlTemplate\":\"https:\/\/romantic-sinoussi.152-228-147-242.plesk.page\/fr\/?s={search_term_string}\"},\"query-input\":\"required name=search_term_string\"}],\"inLanguage\":\"fr-FR\"},{\"@type\":\"Organization\",\"@id\":\"https:\/\/romantic-sinoussi.152-228-147-242.plesk.page\/fr\/#organization\",\"name\":\"Audibax\",\"url\":\"https:\/\/romantic-sinoussi.152-228-147-242.plesk.page\/fr\/\",\"logo\":{\"@type\":\"ImageObject\",\"inLanguage\":\"fr-FR\",\"@id\":\"https:\/\/romantic-sinoussi.152-228-147-242.plesk.page\/fr\/#\/schema\/logo\/image\/\",\"url\":\"https:\/\/romantic-sinoussi.152-228-147-242.plesk.page\/wp-content\/uploads\/2023\/09\/logo-Audibax-BLANCO-SVG-1.svg\",\"contentUrl\":\"https:\/\/romantic-sinoussi.152-228-147-242.plesk.page\/wp-content\/uploads\/2023\/09\/logo-Audibax-BLANCO-SVG-1.svg\",\"width\":581,\"height\":146,\"caption\":\"Audibax\"},\"image\":{\"@id\":\"https:\/\/romantic-sinoussi.152-228-147-242.plesk.page\/fr\/#\/schema\/logo\/image\/\"}}]}<\/script>\n<!-- \/ Yoast SEO plugin. -->","yoast_head_json":{"title":"Silver Black DMX Cable 5 pins 1 meter - Audibax","robots":{"index":"noindex","follow":"follow","max-snippet":"max-snippet:-1","max-image-preview":"max-image-preview:large","max-video-preview":"max-video-preview:-1"},"og_locale":"fr_FR","og_type":"article","og_title":"Silver Black DMX Cable 5 pins 1 meter - Audibax","og_description":"S\u00e9rie : Silver Black&nbsp; Type : C\u00e2ble DMX&nbsp; Longueur : 1 m\u00e8tre Couleur : Noir Diam\u00e8tre du c\u00e2ble : 5,4 mm Section int\u00e9rieure du conducteur XLR : 0,21 mm Rev\u00eatement PVC","og_url":"https:\/\/romantic-sinoussi.152-228-147-242.plesk.page\/fr\/produit\/silver-black-dmx-cable-5-pins-1-meter-2\/","og_site_name":"Audibax","twitter_card":"summary_large_image","twitter_misc":{"Dur\u00e9e de lecture estim\u00e9e":"1 minute"},"schema":{"@context":"https:\/\/schema.org","@graph":[{"@type":"WebPage","@id":"https:\/\/romantic-sinoussi.152-228-147-242.plesk.page\/fr\/produit\/silver-black-dmx-cable-5-pins-1-meter-2\/","url":"https:\/\/romantic-sinoussi.152-228-147-242.plesk.page\/fr\/produit\/silver-black-dmx-cable-5-pins-1-meter-2\/","name":"Silver Black DMX Cable 5 pins 1 meter - Audibax","isPartOf":{"@id":"https:\/\/romantic-sinoussi.152-228-147-242.plesk.page\/fr\/#website"},"datePublished":"2023-12-27T10:52:38+00:00","dateModified":"2023-12-27T10:52:38+00:00","breadcrumb":{"@id":"https:\/\/romantic-sinoussi.152-228-147-242.plesk.page\/fr\/produit\/silver-black-dmx-cable-5-pins-1-meter-2\/#breadcrumb"},"inLanguage":"fr-FR","potentialAction":[{"@type":"ReadAction","target":["https:\/\/romantic-sinoussi.152-228-147-242.plesk.page\/fr\/produit\/silver-black-dmx-cable-5-pins-1-meter-2\/"]}]},{"@type":"BreadcrumbList","@id":"https:\/\/romantic-sinoussi.152-228-147-242.plesk.page\/fr\/produit\/silver-black-dmx-cable-5-pins-1-meter-2\/#breadcrumb","itemListElement":[{"@type":"ListItem","position":1,"name":"Portada","item":"https:\/\/romantic-sinoussi.152-228-147-242.plesk.page\/fr\/"},{"@type":"ListItem","position":2,"name":"Products","item":"https:\/\/romantic-sinoussi.152-228-147-242.plesk.page\/fr\/shop\/"},{"@type":"ListItem","position":3,"name":"Silver Black DMX Cable 5 pins 1 meter"}]},{"@type":"WebSite","@id":"https:\/\/romantic-sinoussi.152-228-147-242.plesk.page\/fr\/#website","url":"https:\/\/romantic-sinoussi.152-228-147-242.plesk.page\/fr\/","name":"Audibax","description":"","publisher":{"@id":"https:\/\/romantic-sinoussi.152-228-147-242.plesk.page\/fr\/#organization"},"potentialAction":[{"@type":"SearchAction","target":{"@type":"EntryPoint","urlTemplate":"https:\/\/romantic-sinoussi.152-228-147-242.plesk.page\/fr\/?s={search_term_string}"},"query-input":"required name=search_term_string"}],"inLanguage":"fr-FR"},{"@type":"Organization","@id":"https:\/\/romantic-sinoussi.152-228-147-242.plesk.page\/fr\/#organization","name":"Audibax","url":"https:\/\/romantic-sinoussi.152-228-147-242.plesk.page\/fr\/","logo":{"@type":"ImageObject","inLanguage":"fr-FR","@id":"https:\/\/romantic-sinoussi.152-228-147-242.plesk.page\/fr\/#\/schema\/logo\/image\/","url":"https:\/\/romantic-sinoussi.152-228-147-242.plesk.page\/wp-content\/uploads\/2023\/09\/logo-Audibax-BLANCO-SVG-1.svg","contentUrl":"https:\/\/romantic-sinoussi.152-228-147-242.plesk.page\/wp-content\/uploads\/2023\/09\/logo-Audibax-BLANCO-SVG-1.svg","width":581,"height":146,"caption":"Audibax"},"image":{"@id":"https:\/\/romantic-sinoussi.152-228-147-242.plesk.page\/fr\/#\/schema\/logo\/image\/"}}]}},"_links":{"self":[{"href":"https:\/\/romantic-sinoussi.152-228-147-242.plesk.page\/fr\/wp-json\/wp\/v2\/product\/36373","targetHints":{"allow":["GET"]}}],"collection":[{"href":"https:\/\/romantic-sinoussi.152-228-147-242.plesk.page\/fr\/wp-json\/wp\/v2\/product"}],"about":[{"href":"https:\/\/romantic-sinoussi.152-228-147-242.plesk.page\/fr\/wp-json\/wp\/v2\/types\/product"}],"replies":[{"embeddable":true,"href":"https:\/\/romantic-sinoussi.152-228-147-242.plesk.page\/fr\/wp-json\/wp\/v2\/comments?post=36373"}],"wp:featuredmedia":[{"embeddable":true,"href":"https:\/\/romantic-sinoussi.152-228-147-242.plesk.page\/fr\/wp-json\/wp\/v2\/media\/18608"}],"wp:attachment":[{"href":"https:\/\/romantic-sinoussi.152-228-147-242.plesk.page\/fr\/wp-json\/wp\/v2\/media?parent=36373"}],"wp:term":[{"taxonomy":"product_cat","embeddable":true,"href":"https:\/\/romantic-sinoussi.152-228-147-242.plesk.page\/fr\/wp-json\/wp\/v2\/product_cat?post=36373"},{"taxonomy":"product_tag","embeddable":true,"href":"https:\/\/romantic-sinoussi.152-228-147-242.plesk.page\/fr\/wp-json\/wp\/v2\/product_tag?post=36373"}],"curies":[{"name":"wp","href":"https:\/\/api.w.org\/{rel}","templated":true}]}}