{"id":36385,"date":"2023-12-27T11:52:49","date_gmt":"2023-12-27T10:52:49","guid":{"rendered":"https:\/\/romantic-sinoussi.152-228-147-242.plesk.page\/product\/evolution-mono-jack-mono-jack-3m-black-10154438-2\/"},"modified":"2023-12-27T11:52:49","modified_gmt":"2023-12-27T10:52:49","slug":"evolution-mono-jack-mono-jack-3m-black-10154438-2","status":"publish","type":"product","link":"https:\/\/romantic-sinoussi.152-228-147-242.plesk.page\/fr\/produit\/evolution-mono-jack-mono-jack-3m-black-10154438-2\/","title":{"rendered":"Evolution Mono Jack Mono Jack 3m Black 10154438"},"content":{"rendered":"<\/p>\n<p><strong>Audibax Evolution Jack Mono vers Jack Mono 3 m\u00e8tres Noir<\/strong><\/p>\n<p>Les <strong>s\u00e9ries Audibax Evolution<\/strong> sont fabriqu\u00e9es avec une paire suppl\u00e9mentaire de conducteurs OFC (cuivre sans oxyde) pour fournir une transmission de signal ultra-pure et une r\u00e9duction de bruit r\u00e9duite ;La s\u00e9rie Audibax Evolution est fabriqu\u00e9e avec une paire suppl\u00e9mentaire de conducteurs OFC (cuivre sans oxyg\u00e8ne) pour assurer une transmission ultra-pure du signal et une r\u00e9duction sup\u00e9rieure du bruit. Cette configuration de qualit\u00e9 studio utilise quatre haut-parleurs pour annuler le bruit et rejeter les interf\u00e9rences RF et EM qui peuvent exister avec les syst\u00e8mes sans fil ou d&#8217;autres appareils \u00e9lectroniques.<\/p>\n<p>La s\u00e9rie Evolution est con\u00e7ue pour tous ceux qui recherchent une excellente qualit\u00e9 sonore et ne veulent pas faire de compromis sur la qualit\u00e9. Les composants suppl\u00e9mentaires de haute qualit\u00e9 offrent la reproduction sonore la plus propre et la plus pr\u00e9cise qui soit.<\/p>\n<p>&nbsp;<\/p>\n<h2>Caract\u00e9ristiques g\u00e9n\u00e9rales de la s\u00e9rie Evolution<\/h2>\n<p>&nbsp;<\/p>\n<p>&nbsp;<\/p>\n<p>Caract\u00e9ristiques g\u00e9n\u00e9rales de la s\u00e9rie Evolution<\/h2>\n<p>&nbsp;<\/p>\n<p>. <\/p>\n<p>&nbsp;<\/p>\n<ul>\n<li>Conception \u00e0 faible bruit avec reproduction dynamique compl\u00e8te<\/li>\n<li>Conception \u00e0 faible bruit avec reproduction dynamique compl\u00e8te<\/li>\n<li>.li>Connecteurs Evolution Jack Mono de haute qualit\u00e9<\/li>\n<li>Double blindage OFC spiral\u00e9 \u00e0 haute densit\u00e9<\/li>\n<\/ul>\n<h2>\n<h2>\n<li>\n<li>Double blindage OFC spiral\u00e9 \u00e0 haute densit\u00e9<\/li>\n<\/ul>\n<h2>\n<li>Double blindage OFC.br \/>Caract\u00e9ristiques g\u00e9n\u00e9rales du c\u00e2ble<\/h2>\n<p>&nbsp;<\/p>\n<\/p>\n<p>&nbsp;<\/p>\n<ul>\n<li>\n<li>S\u00e9rie : Evolution<\/li>\n<li>Type : C\u00e2ble mono jack<\/li>\n<li>Longueur : 3m<\/li>\n<li>Couleur : Noir<\/li>\n<li>Diam\u00e8tre du c\u00e2ble : 7 mm<\/li>\n<li>Section du conducteur int\u00e9rieur : 0.64 mm OFC<\/li>\n<li>Double blindage spiral\u00e9 OFC<\/li>\n<li>Enrobage PVC<\/li>\n<li>Guitar Special<\/li>\n<\/ul>\n<\/ul>\n<h2>Caract\u00e9ristiques Connecteur A<\/h2>\n<p>&nbsp;<\/p>\n<p>&nbsp;<\/p>\n<ul>\n<li>Connecteur : Jack&nbsp;<\/li>\n<li>Type : Mono<\/li>\n<li>N&nbsp;Nombre de broches : 1<\/li>\n<li>Contacts du connecteur : Plaqu\u00e9 or 24k<\/li>\n<li>Fabricant Connecteur A : Audibax<\/li>\n<li>Connecteur A Series : Evolution<\/li>\n<li>Couleur : Noir<\/li>\n<\/ul>\n<h2>Caract\u00e9ristiques&iacute;sticas Connecteur B<\/h2>\n<p>&nbsp;<\/p>\n<ul>\n<li>Connecteur : Jack<\/li>\n<li>Type : Mono<\/li>\n<li>Nombre de broches : 1<\/li>\n<li>Contacts du connecteur : Plaqu\u00e9 or 24k<\/li>\n<li>Fabricant Connecteur B : Audibax<\/li>\n<li>Connecteur B Series : Evolution<\/li>\n<li>Couleur : Noir<\/li>\n<\/ul>\n<\/ul>\n","protected":false},"excerpt":{"rendered":"<ul>\n<li>S\u00e9rie : Evolution<\/li>\n<li>Type : C\u00e2ble Jack mono<\/li>\n<li>Longueur : 3m<\/li>\n<li>Couleur : Noir<\/li>\n<li>Diam\u00e8tre du c\u00e2ble : 7 mm<\/li>\n<li>Sp\u00e9cial pour Guitare<\/li>\n<\/ul>\n<\/ul>\n","protected":false},"featured_media":17135,"comment_status":"open","ping_status":"closed","template":"","meta":[],"product_cat":[313,243],"product_tag":[],"class_list":{"0":"post-36385","1":"product","2":"type-product","3":"status-publish","4":"has-post-thumbnail","6":"product_cat-cable-jack","7":"product_cat-uncategorized","9":"first","10":"instock","11":"shipping-taxable","12":"product-type-simple"},"acf":[],"yoast_head":"<!-- This site is optimized with the Yoast SEO plugin v21.5 - https:\/\/yoast.com\/wordpress\/plugins\/seo\/ -->\n<title>Evolution Mono Jack Mono Jack 3m Black 10154438 - Audibax<\/title>\n<meta name=\"robots\" content=\"noindex, follow, max-snippet:-1, max-image-preview:large, max-video-preview:-1\" \/>\n<meta property=\"og:locale\" content=\"fr_FR\" \/>\n<meta property=\"og:type\" content=\"article\" \/>\n<meta property=\"og:title\" content=\"Evolution Mono Jack Mono Jack 3m Black 10154438 - Audibax\" \/>\n<meta property=\"og:description\" content=\"S\u00e9rie : Evolution Type : C\u00e2ble Jack mono Longueur : 3m Couleur : Noir Diam\u00e8tre du c\u00e2ble : 7 mm Sp\u00e9cial pour Guitare\" \/>\n<meta property=\"og:url\" content=\"https:\/\/romantic-sinoussi.152-228-147-242.plesk.page\/fr\/produit\/evolution-mono-jack-mono-jack-3m-black-10154438-2\/\" \/>\n<meta property=\"og:site_name\" content=\"Audibax\" \/>\n<meta name=\"twitter:card\" content=\"summary_large_image\" \/>\n<meta name=\"twitter:label1\" content=\"Dur\u00e9e de lecture estim\u00e9e\" \/>\n\t<meta name=\"twitter:data1\" content=\"2 minutes\" \/>\n<script type=\"application\/ld+json\" class=\"yoast-schema-graph\">{\"@context\":\"https:\/\/schema.org\",\"@graph\":[{\"@type\":\"WebPage\",\"@id\":\"https:\/\/romantic-sinoussi.152-228-147-242.plesk.page\/fr\/produit\/evolution-mono-jack-mono-jack-3m-black-10154438-2\/\",\"url\":\"https:\/\/romantic-sinoussi.152-228-147-242.plesk.page\/fr\/produit\/evolution-mono-jack-mono-jack-3m-black-10154438-2\/\",\"name\":\"Evolution Mono Jack Mono Jack 3m Black 10154438 - Audibax\",\"isPartOf\":{\"@id\":\"https:\/\/romantic-sinoussi.152-228-147-242.plesk.page\/fr\/#website\"},\"datePublished\":\"2023-12-27T10:52:49+00:00\",\"dateModified\":\"2023-12-27T10:52:49+00:00\",\"breadcrumb\":{\"@id\":\"https:\/\/romantic-sinoussi.152-228-147-242.plesk.page\/fr\/produit\/evolution-mono-jack-mono-jack-3m-black-10154438-2\/#breadcrumb\"},\"inLanguage\":\"fr-FR\",\"potentialAction\":[{\"@type\":\"ReadAction\",\"target\":[\"https:\/\/romantic-sinoussi.152-228-147-242.plesk.page\/fr\/produit\/evolution-mono-jack-mono-jack-3m-black-10154438-2\/\"]}]},{\"@type\":\"BreadcrumbList\",\"@id\":\"https:\/\/romantic-sinoussi.152-228-147-242.plesk.page\/fr\/produit\/evolution-mono-jack-mono-jack-3m-black-10154438-2\/#breadcrumb\",\"itemListElement\":[{\"@type\":\"ListItem\",\"position\":1,\"name\":\"Portada\",\"item\":\"https:\/\/romantic-sinoussi.152-228-147-242.plesk.page\/fr\/\"},{\"@type\":\"ListItem\",\"position\":2,\"name\":\"Products\",\"item\":\"https:\/\/romantic-sinoussi.152-228-147-242.plesk.page\/fr\/shop\/\"},{\"@type\":\"ListItem\",\"position\":3,\"name\":\"Evolution Mono Jack Mono Jack 3m Black 10154438\"}]},{\"@type\":\"WebSite\",\"@id\":\"https:\/\/romantic-sinoussi.152-228-147-242.plesk.page\/fr\/#website\",\"url\":\"https:\/\/romantic-sinoussi.152-228-147-242.plesk.page\/fr\/\",\"name\":\"Audibax\",\"description\":\"\",\"publisher\":{\"@id\":\"https:\/\/romantic-sinoussi.152-228-147-242.plesk.page\/fr\/#organization\"},\"potentialAction\":[{\"@type\":\"SearchAction\",\"target\":{\"@type\":\"EntryPoint\",\"urlTemplate\":\"https:\/\/romantic-sinoussi.152-228-147-242.plesk.page\/fr\/?s={search_term_string}\"},\"query-input\":\"required name=search_term_string\"}],\"inLanguage\":\"fr-FR\"},{\"@type\":\"Organization\",\"@id\":\"https:\/\/romantic-sinoussi.152-228-147-242.plesk.page\/fr\/#organization\",\"name\":\"Audibax\",\"url\":\"https:\/\/romantic-sinoussi.152-228-147-242.plesk.page\/fr\/\",\"logo\":{\"@type\":\"ImageObject\",\"inLanguage\":\"fr-FR\",\"@id\":\"https:\/\/romantic-sinoussi.152-228-147-242.plesk.page\/fr\/#\/schema\/logo\/image\/\",\"url\":\"https:\/\/romantic-sinoussi.152-228-147-242.plesk.page\/wp-content\/uploads\/2023\/09\/logo-Audibax-BLANCO-SVG-1.svg\",\"contentUrl\":\"https:\/\/romantic-sinoussi.152-228-147-242.plesk.page\/wp-content\/uploads\/2023\/09\/logo-Audibax-BLANCO-SVG-1.svg\",\"width\":581,\"height\":146,\"caption\":\"Audibax\"},\"image\":{\"@id\":\"https:\/\/romantic-sinoussi.152-228-147-242.plesk.page\/fr\/#\/schema\/logo\/image\/\"}}]}<\/script>\n<!-- \/ Yoast SEO plugin. -->","yoast_head_json":{"title":"Evolution Mono Jack Mono Jack 3m Black 10154438 - Audibax","robots":{"index":"noindex","follow":"follow","max-snippet":"max-snippet:-1","max-image-preview":"max-image-preview:large","max-video-preview":"max-video-preview:-1"},"og_locale":"fr_FR","og_type":"article","og_title":"Evolution Mono Jack Mono Jack 3m Black 10154438 - Audibax","og_description":"S\u00e9rie : Evolution Type : C\u00e2ble Jack mono Longueur : 3m Couleur : Noir Diam\u00e8tre du c\u00e2ble : 7 mm Sp\u00e9cial pour Guitare","og_url":"https:\/\/romantic-sinoussi.152-228-147-242.plesk.page\/fr\/produit\/evolution-mono-jack-mono-jack-3m-black-10154438-2\/","og_site_name":"Audibax","twitter_card":"summary_large_image","twitter_misc":{"Dur\u00e9e de lecture estim\u00e9e":"2 minutes"},"schema":{"@context":"https:\/\/schema.org","@graph":[{"@type":"WebPage","@id":"https:\/\/romantic-sinoussi.152-228-147-242.plesk.page\/fr\/produit\/evolution-mono-jack-mono-jack-3m-black-10154438-2\/","url":"https:\/\/romantic-sinoussi.152-228-147-242.plesk.page\/fr\/produit\/evolution-mono-jack-mono-jack-3m-black-10154438-2\/","name":"Evolution Mono Jack Mono Jack 3m Black 10154438 - Audibax","isPartOf":{"@id":"https:\/\/romantic-sinoussi.152-228-147-242.plesk.page\/fr\/#website"},"datePublished":"2023-12-27T10:52:49+00:00","dateModified":"2023-12-27T10:52:49+00:00","breadcrumb":{"@id":"https:\/\/romantic-sinoussi.152-228-147-242.plesk.page\/fr\/produit\/evolution-mono-jack-mono-jack-3m-black-10154438-2\/#breadcrumb"},"inLanguage":"fr-FR","potentialAction":[{"@type":"ReadAction","target":["https:\/\/romantic-sinoussi.152-228-147-242.plesk.page\/fr\/produit\/evolution-mono-jack-mono-jack-3m-black-10154438-2\/"]}]},{"@type":"BreadcrumbList","@id":"https:\/\/romantic-sinoussi.152-228-147-242.plesk.page\/fr\/produit\/evolution-mono-jack-mono-jack-3m-black-10154438-2\/#breadcrumb","itemListElement":[{"@type":"ListItem","position":1,"name":"Portada","item":"https:\/\/romantic-sinoussi.152-228-147-242.plesk.page\/fr\/"},{"@type":"ListItem","position":2,"name":"Products","item":"https:\/\/romantic-sinoussi.152-228-147-242.plesk.page\/fr\/shop\/"},{"@type":"ListItem","position":3,"name":"Evolution Mono Jack Mono Jack 3m Black 10154438"}]},{"@type":"WebSite","@id":"https:\/\/romantic-sinoussi.152-228-147-242.plesk.page\/fr\/#website","url":"https:\/\/romantic-sinoussi.152-228-147-242.plesk.page\/fr\/","name":"Audibax","description":"","publisher":{"@id":"https:\/\/romantic-sinoussi.152-228-147-242.plesk.page\/fr\/#organization"},"potentialAction":[{"@type":"SearchAction","target":{"@type":"EntryPoint","urlTemplate":"https:\/\/romantic-sinoussi.152-228-147-242.plesk.page\/fr\/?s={search_term_string}"},"query-input":"required name=search_term_string"}],"inLanguage":"fr-FR"},{"@type":"Organization","@id":"https:\/\/romantic-sinoussi.152-228-147-242.plesk.page\/fr\/#organization","name":"Audibax","url":"https:\/\/romantic-sinoussi.152-228-147-242.plesk.page\/fr\/","logo":{"@type":"ImageObject","inLanguage":"fr-FR","@id":"https:\/\/romantic-sinoussi.152-228-147-242.plesk.page\/fr\/#\/schema\/logo\/image\/","url":"https:\/\/romantic-sinoussi.152-228-147-242.plesk.page\/wp-content\/uploads\/2023\/09\/logo-Audibax-BLANCO-SVG-1.svg","contentUrl":"https:\/\/romantic-sinoussi.152-228-147-242.plesk.page\/wp-content\/uploads\/2023\/09\/logo-Audibax-BLANCO-SVG-1.svg","width":581,"height":146,"caption":"Audibax"},"image":{"@id":"https:\/\/romantic-sinoussi.152-228-147-242.plesk.page\/fr\/#\/schema\/logo\/image\/"}}]}},"_links":{"self":[{"href":"https:\/\/romantic-sinoussi.152-228-147-242.plesk.page\/fr\/wp-json\/wp\/v2\/product\/36385","targetHints":{"allow":["GET"]}}],"collection":[{"href":"https:\/\/romantic-sinoussi.152-228-147-242.plesk.page\/fr\/wp-json\/wp\/v2\/product"}],"about":[{"href":"https:\/\/romantic-sinoussi.152-228-147-242.plesk.page\/fr\/wp-json\/wp\/v2\/types\/product"}],"replies":[{"embeddable":true,"href":"https:\/\/romantic-sinoussi.152-228-147-242.plesk.page\/fr\/wp-json\/wp\/v2\/comments?post=36385"}],"wp:featuredmedia":[{"embeddable":true,"href":"https:\/\/romantic-sinoussi.152-228-147-242.plesk.page\/fr\/wp-json\/wp\/v2\/media\/17135"}],"wp:attachment":[{"href":"https:\/\/romantic-sinoussi.152-228-147-242.plesk.page\/fr\/wp-json\/wp\/v2\/media?parent=36385"}],"wp:term":[{"taxonomy":"product_cat","embeddable":true,"href":"https:\/\/romantic-sinoussi.152-228-147-242.plesk.page\/fr\/wp-json\/wp\/v2\/product_cat?post=36385"},{"taxonomy":"product_tag","embeddable":true,"href":"https:\/\/romantic-sinoussi.152-228-147-242.plesk.page\/fr\/wp-json\/wp\/v2\/product_tag?post=36385"}],"curies":[{"name":"wp","href":"https:\/\/api.w.org\/{rel}","templated":true}]}}