{"id":36392,"date":"2023-12-27T11:52:55","date_gmt":"2023-12-27T10:52:55","guid":{"rendered":"https:\/\/romantic-sinoussi.152-228-147-242.plesk.page\/product\/gold-custom-guitar-mono-jack-mono-jack-3m-black-10145123-2\/"},"modified":"2023-12-27T11:52:55","modified_gmt":"2023-12-27T10:52:55","slug":"gold-custom-guitar-mono-jack-mono-jack-3m-black-10145123-2","status":"publish","type":"product","link":"https:\/\/romantic-sinoussi.152-228-147-242.plesk.page\/fr\/produit\/gold-custom-guitar-mono-jack-mono-jack-3m-black-10145123-2\/","title":{"rendered":"Gold Custom Guitar Mono Jack Mono Jack 3m Black 10145123"},"content":{"rendered":"<\/p>\n<p><strong>Audibax Gold Custom Guitar Cable Mono Jack to Mono Jack 3 Metres Black<\/strong><\/p>\n<p>La s\u00e9rie Audibax Gold Custom Guitar<\/strong>&nbsp;<strong>Gold Custom Guitar<\/strong>&nbsp;est compos\u00e9e d&#8217;une paire suppl\u00e9mentaire de conducteurs OFC (cuivre sans oxyde) afin d&#8217;assurer une transmission ultra-pure du signal.Les guitares Audibax Gold Custom Guitar sont dot\u00e9es d&#8217;une paire suppl\u00e9mentaire de conducteurs OFC (Oxygen Free Copper) afin d&#8217;assurer une transmission ultra-pure du signal et de r\u00e9duire autant que possible les bruits de fond. Il est con\u00e7u pour \u00e9liminer le bruit et rejeter les interf\u00e9rences qui peuvent se produire.<\/p>\n<p>La nouvelle gamme Gold Custom Guitar est une ligne de c\u00e2bles con\u00e7ue pour les guitaristes qui recherchent la qualit\u00e9 et le design dans les c\u00e2bles au meilleur prix.<\/p>\n<h2>Caract\u00e9ristiques du connecteur<\/h2>\n<p>&nbsp;<\/p>\n<ul>\n<li>S\u00e9rie : Gold Custom Guitar<\/li>\n<li>Type : Jack mono vers Jack mono<\/li>\n<li>Longueur : 3m<\/li>\n<li>Couleur : Noir<\/li>\n<li>Diam\u00e8tre du c\u00e2ble : 8 mm<\/li>\n<li>Section int\u00e9rieure du conducteur : 0.64 mm OFC<\/li>\n<li>Bouclier spiral\u00e9 OFC dense<\/li>\n<li>Enrobage PVC<\/li>\n<\/ul>\n<\/ul>\n<ul>\n<ul>\n<ul>\n<ul>\n<li>Diam\u00e8tre du c\u00e2ble : 8 mm<\/li>\n<\/ul>\n<ul>\n<li>Sec.h2><br \/>Caract\u00e9ristiques Connecteur A<\/h2>\n<p>&nbsp;<\/p>\n<ul>\n<li>Connecteur : Jack&nbsp;<\/li>\n<li>Type : Mono<\/li>\n<li>N&nbsp;Nombre de broches : 1<\/li>\n<li>Contacts du connecteur : plaqu\u00e9 or 24k ( Jack Tip )<\/li>\n<li>Couleur : Gris<\/li>\n<li>Fabricant Connecteur A : Audibax<\/li>\n<li>Connecteur A Series : Gold Custom Guitar<\/li>\n<\/ul>\n<h2>Caract\u00e9ristiques Connecteur B<\/h2>\n<p>&nbsp;<\/p>\n<ul>\n<li>Connecteur : Jack<\/li>\n<li>Type : Mono&nbsp;<\/li>\n<li>N&uacute;m de broches : 1<\/li>\n<li>Contacts du connecteur : Plaqu\u00e9 or 24k ( Jack Tip )<\/li>\n<li>Couleur : Gris<\/li>\n<li>Fabricant Connecteur B : Audibax<\/li>\n<li>Connecteur B Series : Gold Custom Guitar<\/li>\n<\/ul>\n<p>&nbsp;<\/p>\n<p>.<\/p>\n","protected":false},"excerpt":{"rendered":"<ul>\n<li>S\u00e9rie : Gold Custom Guitar<\/li>\n<li>Type : Mono Jack \u00e0 Mono Jack<\/li>\n<li>Longueur : 3m<\/li>\n<li>Couleur : Noir<\/li>\n<li>Diam\u00e8tre du c\u00e2ble : 8 mm<\/li>\n<\/ul>\n<li>Couleur : Noir<\/li>\n<li>Diam\u00e8tre du c\u00e2ble : 8 mm<\/li>\n<\/ul>\n","protected":false},"featured_media":17213,"comment_status":"open","ping_status":"closed","template":"","meta":[],"product_cat":[313,243],"product_tag":[],"class_list":{"0":"post-36392","1":"product","2":"type-product","3":"status-publish","4":"has-post-thumbnail","6":"product_cat-cable-jack","7":"product_cat-uncategorized","9":"first","10":"instock","11":"shipping-taxable","12":"product-type-simple"},"acf":[],"yoast_head":"<!-- This site is optimized with the Yoast SEO plugin v21.5 - https:\/\/yoast.com\/wordpress\/plugins\/seo\/ -->\n<title>Gold Custom Guitar Mono Jack Mono Jack 3m Black 10145123 - Audibax<\/title>\n<meta name=\"robots\" content=\"noindex, follow, max-snippet:-1, max-image-preview:large, max-video-preview:-1\" \/>\n<meta property=\"og:locale\" content=\"fr_FR\" \/>\n<meta property=\"og:type\" content=\"article\" \/>\n<meta property=\"og:title\" content=\"Gold Custom Guitar Mono Jack Mono Jack 3m Black 10145123 - Audibax\" \/>\n<meta property=\"og:description\" content=\"S\u00e9rie : Gold Custom Guitar Type : Mono Jack \u00e0 Mono Jack Longueur : 3m Couleur : Noir Diam\u00e8tre du c\u00e2ble : 8 mm Couleur : Noir Diam\u00e8tre du c\u00e2ble : 8 mm\" \/>\n<meta property=\"og:url\" content=\"https:\/\/romantic-sinoussi.152-228-147-242.plesk.page\/fr\/produit\/gold-custom-guitar-mono-jack-mono-jack-3m-black-10145123-2\/\" \/>\n<meta property=\"og:site_name\" content=\"Audibax\" \/>\n<meta name=\"twitter:card\" content=\"summary_large_image\" \/>\n<meta name=\"twitter:label1\" content=\"Dur\u00e9e de lecture estim\u00e9e\" \/>\n\t<meta name=\"twitter:data1\" content=\"1 minute\" \/>\n<script type=\"application\/ld+json\" class=\"yoast-schema-graph\">{\"@context\":\"https:\/\/schema.org\",\"@graph\":[{\"@type\":\"WebPage\",\"@id\":\"https:\/\/romantic-sinoussi.152-228-147-242.plesk.page\/fr\/produit\/gold-custom-guitar-mono-jack-mono-jack-3m-black-10145123-2\/\",\"url\":\"https:\/\/romantic-sinoussi.152-228-147-242.plesk.page\/fr\/produit\/gold-custom-guitar-mono-jack-mono-jack-3m-black-10145123-2\/\",\"name\":\"Gold Custom Guitar Mono Jack Mono Jack 3m Black 10145123 - Audibax\",\"isPartOf\":{\"@id\":\"https:\/\/romantic-sinoussi.152-228-147-242.plesk.page\/fr\/#website\"},\"datePublished\":\"2023-12-27T10:52:55+00:00\",\"dateModified\":\"2023-12-27T10:52:55+00:00\",\"breadcrumb\":{\"@id\":\"https:\/\/romantic-sinoussi.152-228-147-242.plesk.page\/fr\/produit\/gold-custom-guitar-mono-jack-mono-jack-3m-black-10145123-2\/#breadcrumb\"},\"inLanguage\":\"fr-FR\",\"potentialAction\":[{\"@type\":\"ReadAction\",\"target\":[\"https:\/\/romantic-sinoussi.152-228-147-242.plesk.page\/fr\/produit\/gold-custom-guitar-mono-jack-mono-jack-3m-black-10145123-2\/\"]}]},{\"@type\":\"BreadcrumbList\",\"@id\":\"https:\/\/romantic-sinoussi.152-228-147-242.plesk.page\/fr\/produit\/gold-custom-guitar-mono-jack-mono-jack-3m-black-10145123-2\/#breadcrumb\",\"itemListElement\":[{\"@type\":\"ListItem\",\"position\":1,\"name\":\"Portada\",\"item\":\"https:\/\/romantic-sinoussi.152-228-147-242.plesk.page\/fr\/\"},{\"@type\":\"ListItem\",\"position\":2,\"name\":\"Products\",\"item\":\"https:\/\/romantic-sinoussi.152-228-147-242.plesk.page\/fr\/shop\/\"},{\"@type\":\"ListItem\",\"position\":3,\"name\":\"Gold Custom Guitar Mono Jack Mono Jack 3m Black 10145123\"}]},{\"@type\":\"WebSite\",\"@id\":\"https:\/\/romantic-sinoussi.152-228-147-242.plesk.page\/fr\/#website\",\"url\":\"https:\/\/romantic-sinoussi.152-228-147-242.plesk.page\/fr\/\",\"name\":\"Audibax\",\"description\":\"\",\"publisher\":{\"@id\":\"https:\/\/romantic-sinoussi.152-228-147-242.plesk.page\/fr\/#organization\"},\"potentialAction\":[{\"@type\":\"SearchAction\",\"target\":{\"@type\":\"EntryPoint\",\"urlTemplate\":\"https:\/\/romantic-sinoussi.152-228-147-242.plesk.page\/fr\/?s={search_term_string}\"},\"query-input\":\"required name=search_term_string\"}],\"inLanguage\":\"fr-FR\"},{\"@type\":\"Organization\",\"@id\":\"https:\/\/romantic-sinoussi.152-228-147-242.plesk.page\/fr\/#organization\",\"name\":\"Audibax\",\"url\":\"https:\/\/romantic-sinoussi.152-228-147-242.plesk.page\/fr\/\",\"logo\":{\"@type\":\"ImageObject\",\"inLanguage\":\"fr-FR\",\"@id\":\"https:\/\/romantic-sinoussi.152-228-147-242.plesk.page\/fr\/#\/schema\/logo\/image\/\",\"url\":\"https:\/\/romantic-sinoussi.152-228-147-242.plesk.page\/wp-content\/uploads\/2023\/09\/logo-Audibax-BLANCO-SVG-1.svg\",\"contentUrl\":\"https:\/\/romantic-sinoussi.152-228-147-242.plesk.page\/wp-content\/uploads\/2023\/09\/logo-Audibax-BLANCO-SVG-1.svg\",\"width\":581,\"height\":146,\"caption\":\"Audibax\"},\"image\":{\"@id\":\"https:\/\/romantic-sinoussi.152-228-147-242.plesk.page\/fr\/#\/schema\/logo\/image\/\"}}]}<\/script>\n<!-- \/ Yoast SEO plugin. -->","yoast_head_json":{"title":"Gold Custom Guitar Mono Jack Mono Jack 3m Black 10145123 - Audibax","robots":{"index":"noindex","follow":"follow","max-snippet":"max-snippet:-1","max-image-preview":"max-image-preview:large","max-video-preview":"max-video-preview:-1"},"og_locale":"fr_FR","og_type":"article","og_title":"Gold Custom Guitar Mono Jack Mono Jack 3m Black 10145123 - Audibax","og_description":"S\u00e9rie : Gold Custom Guitar Type : Mono Jack \u00e0 Mono Jack Longueur : 3m Couleur : Noir Diam\u00e8tre du c\u00e2ble : 8 mm Couleur : Noir Diam\u00e8tre du c\u00e2ble : 8 mm","og_url":"https:\/\/romantic-sinoussi.152-228-147-242.plesk.page\/fr\/produit\/gold-custom-guitar-mono-jack-mono-jack-3m-black-10145123-2\/","og_site_name":"Audibax","twitter_card":"summary_large_image","twitter_misc":{"Dur\u00e9e de lecture estim\u00e9e":"1 minute"},"schema":{"@context":"https:\/\/schema.org","@graph":[{"@type":"WebPage","@id":"https:\/\/romantic-sinoussi.152-228-147-242.plesk.page\/fr\/produit\/gold-custom-guitar-mono-jack-mono-jack-3m-black-10145123-2\/","url":"https:\/\/romantic-sinoussi.152-228-147-242.plesk.page\/fr\/produit\/gold-custom-guitar-mono-jack-mono-jack-3m-black-10145123-2\/","name":"Gold Custom Guitar Mono Jack Mono Jack 3m Black 10145123 - Audibax","isPartOf":{"@id":"https:\/\/romantic-sinoussi.152-228-147-242.plesk.page\/fr\/#website"},"datePublished":"2023-12-27T10:52:55+00:00","dateModified":"2023-12-27T10:52:55+00:00","breadcrumb":{"@id":"https:\/\/romantic-sinoussi.152-228-147-242.plesk.page\/fr\/produit\/gold-custom-guitar-mono-jack-mono-jack-3m-black-10145123-2\/#breadcrumb"},"inLanguage":"fr-FR","potentialAction":[{"@type":"ReadAction","target":["https:\/\/romantic-sinoussi.152-228-147-242.plesk.page\/fr\/produit\/gold-custom-guitar-mono-jack-mono-jack-3m-black-10145123-2\/"]}]},{"@type":"BreadcrumbList","@id":"https:\/\/romantic-sinoussi.152-228-147-242.plesk.page\/fr\/produit\/gold-custom-guitar-mono-jack-mono-jack-3m-black-10145123-2\/#breadcrumb","itemListElement":[{"@type":"ListItem","position":1,"name":"Portada","item":"https:\/\/romantic-sinoussi.152-228-147-242.plesk.page\/fr\/"},{"@type":"ListItem","position":2,"name":"Products","item":"https:\/\/romantic-sinoussi.152-228-147-242.plesk.page\/fr\/shop\/"},{"@type":"ListItem","position":3,"name":"Gold Custom Guitar Mono Jack Mono Jack 3m Black 10145123"}]},{"@type":"WebSite","@id":"https:\/\/romantic-sinoussi.152-228-147-242.plesk.page\/fr\/#website","url":"https:\/\/romantic-sinoussi.152-228-147-242.plesk.page\/fr\/","name":"Audibax","description":"","publisher":{"@id":"https:\/\/romantic-sinoussi.152-228-147-242.plesk.page\/fr\/#organization"},"potentialAction":[{"@type":"SearchAction","target":{"@type":"EntryPoint","urlTemplate":"https:\/\/romantic-sinoussi.152-228-147-242.plesk.page\/fr\/?s={search_term_string}"},"query-input":"required name=search_term_string"}],"inLanguage":"fr-FR"},{"@type":"Organization","@id":"https:\/\/romantic-sinoussi.152-228-147-242.plesk.page\/fr\/#organization","name":"Audibax","url":"https:\/\/romantic-sinoussi.152-228-147-242.plesk.page\/fr\/","logo":{"@type":"ImageObject","inLanguage":"fr-FR","@id":"https:\/\/romantic-sinoussi.152-228-147-242.plesk.page\/fr\/#\/schema\/logo\/image\/","url":"https:\/\/romantic-sinoussi.152-228-147-242.plesk.page\/wp-content\/uploads\/2023\/09\/logo-Audibax-BLANCO-SVG-1.svg","contentUrl":"https:\/\/romantic-sinoussi.152-228-147-242.plesk.page\/wp-content\/uploads\/2023\/09\/logo-Audibax-BLANCO-SVG-1.svg","width":581,"height":146,"caption":"Audibax"},"image":{"@id":"https:\/\/romantic-sinoussi.152-228-147-242.plesk.page\/fr\/#\/schema\/logo\/image\/"}}]}},"_links":{"self":[{"href":"https:\/\/romantic-sinoussi.152-228-147-242.plesk.page\/fr\/wp-json\/wp\/v2\/product\/36392","targetHints":{"allow":["GET"]}}],"collection":[{"href":"https:\/\/romantic-sinoussi.152-228-147-242.plesk.page\/fr\/wp-json\/wp\/v2\/product"}],"about":[{"href":"https:\/\/romantic-sinoussi.152-228-147-242.plesk.page\/fr\/wp-json\/wp\/v2\/types\/product"}],"replies":[{"embeddable":true,"href":"https:\/\/romantic-sinoussi.152-228-147-242.plesk.page\/fr\/wp-json\/wp\/v2\/comments?post=36392"}],"wp:featuredmedia":[{"embeddable":true,"href":"https:\/\/romantic-sinoussi.152-228-147-242.plesk.page\/fr\/wp-json\/wp\/v2\/media\/17213"}],"wp:attachment":[{"href":"https:\/\/romantic-sinoussi.152-228-147-242.plesk.page\/fr\/wp-json\/wp\/v2\/media?parent=36392"}],"wp:term":[{"taxonomy":"product_cat","embeddable":true,"href":"https:\/\/romantic-sinoussi.152-228-147-242.plesk.page\/fr\/wp-json\/wp\/v2\/product_cat?post=36392"},{"taxonomy":"product_tag","embeddable":true,"href":"https:\/\/romantic-sinoussi.152-228-147-242.plesk.page\/fr\/wp-json\/wp\/v2\/product_tag?post=36392"}],"curies":[{"name":"wp","href":"https:\/\/api.w.org\/{rel}","templated":true}]}}