{"id":36483,"date":"2023-12-27T11:53:46","date_gmt":"2023-12-27T10:53:46","guid":{"rendered":"https:\/\/romantic-sinoussi.152-228-147-242.plesk.page\/product\/silver-black-xlr-male-xlr-female-6m-black-10154410-2\/"},"modified":"2023-12-27T11:53:46","modified_gmt":"2023-12-27T10:53:46","slug":"silver-black-xlr-male-xlr-female-6m-black-10154410-2","status":"publish","type":"product","link":"https:\/\/romantic-sinoussi.152-228-147-242.plesk.page\/fr\/produit\/silver-black-xlr-male-xlr-female-6m-black-10154410-2\/","title":{"rendered":"Silver Black XLR Male XLR Female 6m Black 10154410"},"content":{"rendered":"<\/p>\n<p><strong>Audibax Silver Black C\u00e2ble XLR m\u00e2le-XLR femelle 6 m\u00e8tres Noir<\/strong><\/p>\n<p>Les c\u00e2bles de la s\u00e9rie Silver Black d&#8217;Audibax offrent d&#8217;excellentes performances professionnelles \u00e0 un prix tr\u00e8s abordable. Le fil central est compos\u00e9 de conducteurs OFC (cuivre sans oxyde) qui assurent une transmission pure et naturelle du signal. Le blindage spiral\u00e9 dense r\u00e9duit tout bruit ind\u00e9sirable et assure une transmission audio optimale. La s\u00e9rie Silver Black est fabriqu\u00e9e dans un mat\u00e9riau tr\u00e8s flexible, ce qui fait de ces c\u00e2bles le choix id\u00e9al pour tous les sc\u00e9narios.<\/p>\n<p><img decoding=\"async\" alt=\"\" src=\"\/crm\/documents\/fckeditor\/image\/1-MRA\/cable-xlr-male-female-6-metres.png\" style=\"height:532px ; width :675px\" \/><\/p>\n<p>&nbsp;<\/p>\n<h2>Caract\u00e9ristiques g\u00e9n\u00e9rales de la s\u00e9rie Silver Black<\/h2>\n<p>&nbsp;<\/p>\n<h2>Caract\u00e9ristiques g\u00e9n\u00e9rales de la s\u00e9rie Silver Black<\/h2>\n<p>.<\/p>\n<li>\n<li>Connecteurs XLR Silver Black de qualit\u00e9<\/li>\n<li>Dense OFC&nbsp;blindage en spirale<\/li>\n<li>\n<li>Dense OFC&nbsp;blindage en spirale.\/ul><br \/>\n<h2>Caract\u00e9ristiques du c\u00e2ble<\/h2>\n<p>&nbsp;<\/p>\n<ul>\n<ul>\n<li>S\u00e9rie : Silver Black<\/li>\n<li>Type : XLR \/ C\u00e2ble microphone<\/li>\n<li>Longueur : 6m<\/li>\n<li>Couleur : Noir<\/li>\n<li>Diam\u00e8tre du c\u00e2ble : 6 mm<\/li>\n<li>Section du conducteur int\u00e9rieur : 0.24 mm OFC<\/li>\n<li>Spiral OFC Shielding<\/li>\n<li>PVC Coating<\/li>\n<\/ul>\n<\/ul>\n<ul>\n<ul>\n<ul>\n<ul>\n<li>Diam\u00e8tre du c\u00e2ble : 6 mm<\/li>\n<\/ul>\n<\/ul>\n<ul>\n<ul> <ulh2> Caract\u00e9ristiques Connecteur A<\/h2>\n<p>&nbsp;<\/p>\n<ul>\n<li>Connecteur : XLR<\/li>\n<li>Type : Femelle<\/li>\n<li>Nombre de broches : 3<\/li>\n<li>Contacts du connecteur : Plaqu\u00e9 or 24k<\/li>\n<li>Couleur : Noir<\/li>\n<li>Fabricant Connecteur A : Audibax<\/li>\n<li>Connecteur&nbsp;S\u00e9rie A : Argent Noir<\/li>\n<\/ul>\n<h2>Caract\u00e9ristiques&nbsp;Connecteur B<\/h2>\n<p>&nbsp;<\/p>\n<ul>\n<li>Connecteur : XLR<\/li>\n<li>Type : M\u00e2le<\/li>\n<li>N&uacute;m de broches : 3<\/li>\n<li>Contacts du connecteur :&nbsp;Plaqu\u00e9 or 24k<\/li>\n<li>Couleur : Noir<\/li>\n<li>Fabricant Connecteur B : Audibax<\/li>\n<li>Connecteur B Series : Argent Noir<\/li>\n<\/ul>\n<\/ul>\n<\/ul>\n","protected":false},"excerpt":{"rendered":"<ul>\n<li>S\u00e9rie : Silver Black<\/li>\n<li>Type : XLR \/ C\u00e2ble microphone<\/li>\n<li>Longueur : 6 m\u00e8tres<\/li>\n<li>Couleur : Noir<\/li>\n<li>Diam\u00e8tre du c\u00e2ble : 6 mm<\/li>\n<\/ul>\n<\/ul>\n","protected":false},"featured_media":17006,"comment_status":"open","ping_status":"closed","template":"","meta":[],"product_cat":[325,243],"product_tag":[],"class_list":{"0":"post-36483","1":"product","2":"type-product","3":"status-publish","4":"has-post-thumbnail","6":"product_cat-cable-xlr","7":"product_cat-uncategorized","9":"first","10":"instock","11":"shipping-taxable","12":"product-type-simple"},"acf":[],"yoast_head":"<!-- This site is optimized with the Yoast SEO plugin v21.5 - https:\/\/yoast.com\/wordpress\/plugins\/seo\/ -->\n<title>Silver Black XLR Male XLR Female 6m Black 10154410 - Audibax<\/title>\n<meta name=\"robots\" content=\"noindex, follow, max-snippet:-1, max-image-preview:large, max-video-preview:-1\" \/>\n<meta property=\"og:locale\" content=\"fr_FR\" \/>\n<meta property=\"og:type\" content=\"article\" \/>\n<meta property=\"og:title\" content=\"Silver Black XLR Male XLR Female 6m Black 10154410 - Audibax\" \/>\n<meta property=\"og:description\" content=\"S\u00e9rie : Silver Black Type : XLR \/ C\u00e2ble microphone Longueur : 6 m\u00e8tres Couleur : Noir Diam\u00e8tre du c\u00e2ble : 6 mm\" \/>\n<meta property=\"og:url\" content=\"https:\/\/romantic-sinoussi.152-228-147-242.plesk.page\/fr\/produit\/silver-black-xlr-male-xlr-female-6m-black-10154410-2\/\" \/>\n<meta property=\"og:site_name\" content=\"Audibax\" \/>\n<meta name=\"twitter:card\" content=\"summary_large_image\" \/>\n<meta name=\"twitter:label1\" content=\"Dur\u00e9e de lecture estim\u00e9e\" \/>\n\t<meta name=\"twitter:data1\" content=\"1 minute\" \/>\n<script type=\"application\/ld+json\" class=\"yoast-schema-graph\">{\"@context\":\"https:\/\/schema.org\",\"@graph\":[{\"@type\":\"WebPage\",\"@id\":\"https:\/\/romantic-sinoussi.152-228-147-242.plesk.page\/fr\/produit\/silver-black-xlr-male-xlr-female-6m-black-10154410-2\/\",\"url\":\"https:\/\/romantic-sinoussi.152-228-147-242.plesk.page\/fr\/produit\/silver-black-xlr-male-xlr-female-6m-black-10154410-2\/\",\"name\":\"Silver Black XLR Male XLR Female 6m Black 10154410 - Audibax\",\"isPartOf\":{\"@id\":\"https:\/\/romantic-sinoussi.152-228-147-242.plesk.page\/fr\/#website\"},\"datePublished\":\"2023-12-27T10:53:46+00:00\",\"dateModified\":\"2023-12-27T10:53:46+00:00\",\"breadcrumb\":{\"@id\":\"https:\/\/romantic-sinoussi.152-228-147-242.plesk.page\/fr\/produit\/silver-black-xlr-male-xlr-female-6m-black-10154410-2\/#breadcrumb\"},\"inLanguage\":\"fr-FR\",\"potentialAction\":[{\"@type\":\"ReadAction\",\"target\":[\"https:\/\/romantic-sinoussi.152-228-147-242.plesk.page\/fr\/produit\/silver-black-xlr-male-xlr-female-6m-black-10154410-2\/\"]}]},{\"@type\":\"BreadcrumbList\",\"@id\":\"https:\/\/romantic-sinoussi.152-228-147-242.plesk.page\/fr\/produit\/silver-black-xlr-male-xlr-female-6m-black-10154410-2\/#breadcrumb\",\"itemListElement\":[{\"@type\":\"ListItem\",\"position\":1,\"name\":\"Portada\",\"item\":\"https:\/\/romantic-sinoussi.152-228-147-242.plesk.page\/fr\/\"},{\"@type\":\"ListItem\",\"position\":2,\"name\":\"Products\",\"item\":\"https:\/\/romantic-sinoussi.152-228-147-242.plesk.page\/fr\/shop\/\"},{\"@type\":\"ListItem\",\"position\":3,\"name\":\"Silver Black XLR Male XLR Female 6m Black 10154410\"}]},{\"@type\":\"WebSite\",\"@id\":\"https:\/\/romantic-sinoussi.152-228-147-242.plesk.page\/fr\/#website\",\"url\":\"https:\/\/romantic-sinoussi.152-228-147-242.plesk.page\/fr\/\",\"name\":\"Audibax\",\"description\":\"\",\"publisher\":{\"@id\":\"https:\/\/romantic-sinoussi.152-228-147-242.plesk.page\/fr\/#organization\"},\"potentialAction\":[{\"@type\":\"SearchAction\",\"target\":{\"@type\":\"EntryPoint\",\"urlTemplate\":\"https:\/\/romantic-sinoussi.152-228-147-242.plesk.page\/fr\/?s={search_term_string}\"},\"query-input\":\"required name=search_term_string\"}],\"inLanguage\":\"fr-FR\"},{\"@type\":\"Organization\",\"@id\":\"https:\/\/romantic-sinoussi.152-228-147-242.plesk.page\/fr\/#organization\",\"name\":\"Audibax\",\"url\":\"https:\/\/romantic-sinoussi.152-228-147-242.plesk.page\/fr\/\",\"logo\":{\"@type\":\"ImageObject\",\"inLanguage\":\"fr-FR\",\"@id\":\"https:\/\/romantic-sinoussi.152-228-147-242.plesk.page\/fr\/#\/schema\/logo\/image\/\",\"url\":\"https:\/\/romantic-sinoussi.152-228-147-242.plesk.page\/wp-content\/uploads\/2023\/09\/logo-Audibax-BLANCO-SVG-1.svg\",\"contentUrl\":\"https:\/\/romantic-sinoussi.152-228-147-242.plesk.page\/wp-content\/uploads\/2023\/09\/logo-Audibax-BLANCO-SVG-1.svg\",\"width\":581,\"height\":146,\"caption\":\"Audibax\"},\"image\":{\"@id\":\"https:\/\/romantic-sinoussi.152-228-147-242.plesk.page\/fr\/#\/schema\/logo\/image\/\"}}]}<\/script>\n<!-- \/ Yoast SEO plugin. -->","yoast_head_json":{"title":"Silver Black XLR Male XLR Female 6m Black 10154410 - Audibax","robots":{"index":"noindex","follow":"follow","max-snippet":"max-snippet:-1","max-image-preview":"max-image-preview:large","max-video-preview":"max-video-preview:-1"},"og_locale":"fr_FR","og_type":"article","og_title":"Silver Black XLR Male XLR Female 6m Black 10154410 - Audibax","og_description":"S\u00e9rie : Silver Black Type : XLR \/ C\u00e2ble microphone Longueur : 6 m\u00e8tres Couleur : Noir Diam\u00e8tre du c\u00e2ble : 6 mm","og_url":"https:\/\/romantic-sinoussi.152-228-147-242.plesk.page\/fr\/produit\/silver-black-xlr-male-xlr-female-6m-black-10154410-2\/","og_site_name":"Audibax","twitter_card":"summary_large_image","twitter_misc":{"Dur\u00e9e de lecture estim\u00e9e":"1 minute"},"schema":{"@context":"https:\/\/schema.org","@graph":[{"@type":"WebPage","@id":"https:\/\/romantic-sinoussi.152-228-147-242.plesk.page\/fr\/produit\/silver-black-xlr-male-xlr-female-6m-black-10154410-2\/","url":"https:\/\/romantic-sinoussi.152-228-147-242.plesk.page\/fr\/produit\/silver-black-xlr-male-xlr-female-6m-black-10154410-2\/","name":"Silver Black XLR Male XLR Female 6m Black 10154410 - Audibax","isPartOf":{"@id":"https:\/\/romantic-sinoussi.152-228-147-242.plesk.page\/fr\/#website"},"datePublished":"2023-12-27T10:53:46+00:00","dateModified":"2023-12-27T10:53:46+00:00","breadcrumb":{"@id":"https:\/\/romantic-sinoussi.152-228-147-242.plesk.page\/fr\/produit\/silver-black-xlr-male-xlr-female-6m-black-10154410-2\/#breadcrumb"},"inLanguage":"fr-FR","potentialAction":[{"@type":"ReadAction","target":["https:\/\/romantic-sinoussi.152-228-147-242.plesk.page\/fr\/produit\/silver-black-xlr-male-xlr-female-6m-black-10154410-2\/"]}]},{"@type":"BreadcrumbList","@id":"https:\/\/romantic-sinoussi.152-228-147-242.plesk.page\/fr\/produit\/silver-black-xlr-male-xlr-female-6m-black-10154410-2\/#breadcrumb","itemListElement":[{"@type":"ListItem","position":1,"name":"Portada","item":"https:\/\/romantic-sinoussi.152-228-147-242.plesk.page\/fr\/"},{"@type":"ListItem","position":2,"name":"Products","item":"https:\/\/romantic-sinoussi.152-228-147-242.plesk.page\/fr\/shop\/"},{"@type":"ListItem","position":3,"name":"Silver Black XLR Male XLR Female 6m Black 10154410"}]},{"@type":"WebSite","@id":"https:\/\/romantic-sinoussi.152-228-147-242.plesk.page\/fr\/#website","url":"https:\/\/romantic-sinoussi.152-228-147-242.plesk.page\/fr\/","name":"Audibax","description":"","publisher":{"@id":"https:\/\/romantic-sinoussi.152-228-147-242.plesk.page\/fr\/#organization"},"potentialAction":[{"@type":"SearchAction","target":{"@type":"EntryPoint","urlTemplate":"https:\/\/romantic-sinoussi.152-228-147-242.plesk.page\/fr\/?s={search_term_string}"},"query-input":"required name=search_term_string"}],"inLanguage":"fr-FR"},{"@type":"Organization","@id":"https:\/\/romantic-sinoussi.152-228-147-242.plesk.page\/fr\/#organization","name":"Audibax","url":"https:\/\/romantic-sinoussi.152-228-147-242.plesk.page\/fr\/","logo":{"@type":"ImageObject","inLanguage":"fr-FR","@id":"https:\/\/romantic-sinoussi.152-228-147-242.plesk.page\/fr\/#\/schema\/logo\/image\/","url":"https:\/\/romantic-sinoussi.152-228-147-242.plesk.page\/wp-content\/uploads\/2023\/09\/logo-Audibax-BLANCO-SVG-1.svg","contentUrl":"https:\/\/romantic-sinoussi.152-228-147-242.plesk.page\/wp-content\/uploads\/2023\/09\/logo-Audibax-BLANCO-SVG-1.svg","width":581,"height":146,"caption":"Audibax"},"image":{"@id":"https:\/\/romantic-sinoussi.152-228-147-242.plesk.page\/fr\/#\/schema\/logo\/image\/"}}]}},"_links":{"self":[{"href":"https:\/\/romantic-sinoussi.152-228-147-242.plesk.page\/fr\/wp-json\/wp\/v2\/product\/36483","targetHints":{"allow":["GET"]}}],"collection":[{"href":"https:\/\/romantic-sinoussi.152-228-147-242.plesk.page\/fr\/wp-json\/wp\/v2\/product"}],"about":[{"href":"https:\/\/romantic-sinoussi.152-228-147-242.plesk.page\/fr\/wp-json\/wp\/v2\/types\/product"}],"replies":[{"embeddable":true,"href":"https:\/\/romantic-sinoussi.152-228-147-242.plesk.page\/fr\/wp-json\/wp\/v2\/comments?post=36483"}],"wp:featuredmedia":[{"embeddable":true,"href":"https:\/\/romantic-sinoussi.152-228-147-242.plesk.page\/fr\/wp-json\/wp\/v2\/media\/17006"}],"wp:attachment":[{"href":"https:\/\/romantic-sinoussi.152-228-147-242.plesk.page\/fr\/wp-json\/wp\/v2\/media?parent=36483"}],"wp:term":[{"taxonomy":"product_cat","embeddable":true,"href":"https:\/\/romantic-sinoussi.152-228-147-242.plesk.page\/fr\/wp-json\/wp\/v2\/product_cat?post=36483"},{"taxonomy":"product_tag","embeddable":true,"href":"https:\/\/romantic-sinoussi.152-228-147-242.plesk.page\/fr\/wp-json\/wp\/v2\/product_tag?post=36483"}],"curies":[{"name":"wp","href":"https:\/\/api.w.org\/{rel}","templated":true}]}}