{"id":36512,"date":"2023-12-27T11:54:02","date_gmt":"2023-12-27T10:54:02","guid":{"rendered":"https:\/\/romantic-sinoussi.152-228-147-242.plesk.page\/product\/silver-xlr-male-stereo-minijack-15m-black-10145068-2\/"},"modified":"2023-12-27T11:54:02","modified_gmt":"2023-12-27T10:54:02","slug":"silver-xlr-male-stereo-minijack-15m-black-10145068-2","status":"publish","type":"product","link":"https:\/\/romantic-sinoussi.152-228-147-242.plesk.page\/fr\/produit\/silver-xlr-male-stereo-minijack-15m-black-10145068-2\/","title":{"rendered":"Silver XLR Male Stereo Minijack 1,5m Black 10145068"},"content":{"rendered":"<\/p>\n<p><strong>Audibax Silver XLR Male to Minijack Stereo Cable 1.5 M\u00e8tres Noir<\/strong><\/strong><\/p>\n<p>La <strong>s\u00e9rie Silver d&#8217;Audibax<\/strong> est une gamme destin\u00e9e \u00e0 l&#8217;usage quotidien des musiciens et des professionnels du son qui recherchent une tr\u00e8s bonne qualit\u00e9 mais \u00e0 un prix \u00e9conomique. Elle comporte des connecteurs OFC (cuivre sans oxyde) de haute qualit\u00e9 qui assurent une transmission \u00e9lev\u00e9e du signal. Il est dot\u00e9 d&#8217;un rev\u00eatement en PVC dur qui conf\u00e8re au c\u00e2ble une isolation maximale.<\/p>\n<h2>Caract\u00e9ristiques du c\u00e2ble<\/h2>\n<\/p>\n<ul>\n<li>S\u00e9rie : Argent<\/li>\n<li>Type : XLR m\u00e2le vers Minijack st\u00e9r\u00e9o<\/li>\n<li>Conception \u00e0 faible bruit avec reproduction dynamique compl\u00e8te<\/li>\n<li>C\u00e2ble \u00e0 isolation maximale.<\/li>\n<li>Connecteurs haute performance<\/li>\n<li>Diam\u00e8tre du c\u00e2ble 6 mm.<\/li>\n<li>Section du conducteur 2 mm<\/li>\n<li>Enrobage PVC tr\u00e8s durable<\/li>\n<li>Longueur : 1.5 m\u00e8tres<\/li>\n<li>Couleur : Noir<\/li>\n<\/ul>\n<p>&nbsp;<\/p>\n<h2>Caract\u00e9ristiques Connecteur A<\/h2>\n<p>&nbsp;<\/p>\n<ul>\n<ul>\n<li>Connecteur :&nbsp;XLR&nbsp;<\/li>\n<li>Type : M\u00e2le<\/li>\n<li>Nombre de broches : 3<\/li>\n<li>Contacts du connecteur : Argent<\/li>\n<li>Couleur : Argent<\/li>\n<li>Fabricant Connecteur A : Audibax<\/li>\n<li>Connecteur S\u00e9rie A : Argent<br \/> &nbsp;<\/li>\n<\/ul>\n<h2>&nbsp;<\/h2>\n<h2> <\/ul>\n<h2>Caract\u00e9ristiques Connecteur B<br \/> &nbsp;<\/h2>\n<ul>\n<li>Connecteur :&nbsp;Minijack&nbsp;<\/li>\n<li>Type : St\u00e9r\u00e9o<\/li>\n<li>Nombre de broches : 1<\/li>\n<li>Contacts du connecteur : Argent<\/li>\n<li>Couleur : Argent<\/li>\n<li>Fabricant Connecteur B : Audibax<\/li>\n<li>Connecteur B Series : Argent<\/li>\n<\/ul>\n<\/ul>\n<\/ul>\n","protected":false},"excerpt":{"rendered":"<ul>\n<li>S\u00e9rie : Argent<\/li>\n<li>Type : XLR m\u00e2le vers Minijack st\u00e9r\u00e9o<\/li>\n<li>Longueur : 1.5 m<\/li>\n<li>Couleur : Noir<\/li>\n<li>Diam\u00e8tre du c\u00e2ble : 6 mm<\/li>\n<\/ul>\n<li>Couleur : Noir<\/li>\n<li>Diam\u00e8tre du c\u00e2ble : 6 mm<\/li>\n<\/ul>\n","protected":false},"featured_media":17711,"comment_status":"open","ping_status":"closed","template":"","meta":[],"product_cat":[325,243],"product_tag":[],"class_list":{"0":"post-36512","1":"product","2":"type-product","3":"status-publish","4":"has-post-thumbnail","6":"product_cat-cable-xlr","7":"product_cat-uncategorized","9":"first","10":"instock","11":"shipping-taxable","12":"product-type-simple"},"acf":[],"yoast_head":"<!-- This site is optimized with the Yoast SEO plugin v21.5 - https:\/\/yoast.com\/wordpress\/plugins\/seo\/ -->\n<title>Silver XLR Male Stereo Minijack 1,5m Black 10145068 - Audibax<\/title>\n<meta name=\"robots\" content=\"noindex, follow, max-snippet:-1, max-image-preview:large, max-video-preview:-1\" \/>\n<meta property=\"og:locale\" content=\"fr_FR\" \/>\n<meta property=\"og:type\" content=\"article\" \/>\n<meta property=\"og:title\" content=\"Silver XLR Male Stereo Minijack 1,5m Black 10145068 - Audibax\" \/>\n<meta property=\"og:description\" content=\"S\u00e9rie : Argent Type : XLR m\u00e2le vers Minijack st\u00e9r\u00e9o Longueur : 1.5 m Couleur : Noir Diam\u00e8tre du c\u00e2ble : 6 mm Couleur : Noir Diam\u00e8tre du c\u00e2ble : 6 mm\" \/>\n<meta property=\"og:url\" content=\"https:\/\/romantic-sinoussi.152-228-147-242.plesk.page\/fr\/produit\/silver-xlr-male-stereo-minijack-15m-black-10145068-2\/\" \/>\n<meta property=\"og:site_name\" content=\"Audibax\" \/>\n<meta name=\"twitter:card\" content=\"summary_large_image\" \/>\n<meta name=\"twitter:label1\" content=\"Dur\u00e9e de lecture estim\u00e9e\" \/>\n\t<meta name=\"twitter:data1\" content=\"1 minute\" \/>\n<script type=\"application\/ld+json\" class=\"yoast-schema-graph\">{\"@context\":\"https:\/\/schema.org\",\"@graph\":[{\"@type\":\"WebPage\",\"@id\":\"https:\/\/romantic-sinoussi.152-228-147-242.plesk.page\/fr\/produit\/silver-xlr-male-stereo-minijack-15m-black-10145068-2\/\",\"url\":\"https:\/\/romantic-sinoussi.152-228-147-242.plesk.page\/fr\/produit\/silver-xlr-male-stereo-minijack-15m-black-10145068-2\/\",\"name\":\"Silver XLR Male Stereo Minijack 1,5m Black 10145068 - Audibax\",\"isPartOf\":{\"@id\":\"https:\/\/romantic-sinoussi.152-228-147-242.plesk.page\/fr\/#website\"},\"datePublished\":\"2023-12-27T10:54:02+00:00\",\"dateModified\":\"2023-12-27T10:54:02+00:00\",\"breadcrumb\":{\"@id\":\"https:\/\/romantic-sinoussi.152-228-147-242.plesk.page\/fr\/produit\/silver-xlr-male-stereo-minijack-15m-black-10145068-2\/#breadcrumb\"},\"inLanguage\":\"fr-FR\",\"potentialAction\":[{\"@type\":\"ReadAction\",\"target\":[\"https:\/\/romantic-sinoussi.152-228-147-242.plesk.page\/fr\/produit\/silver-xlr-male-stereo-minijack-15m-black-10145068-2\/\"]}]},{\"@type\":\"BreadcrumbList\",\"@id\":\"https:\/\/romantic-sinoussi.152-228-147-242.plesk.page\/fr\/produit\/silver-xlr-male-stereo-minijack-15m-black-10145068-2\/#breadcrumb\",\"itemListElement\":[{\"@type\":\"ListItem\",\"position\":1,\"name\":\"Portada\",\"item\":\"https:\/\/romantic-sinoussi.152-228-147-242.plesk.page\/fr\/\"},{\"@type\":\"ListItem\",\"position\":2,\"name\":\"Products\",\"item\":\"https:\/\/romantic-sinoussi.152-228-147-242.plesk.page\/fr\/shop\/\"},{\"@type\":\"ListItem\",\"position\":3,\"name\":\"Silver XLR Male Stereo Minijack 1,5m Black 10145068\"}]},{\"@type\":\"WebSite\",\"@id\":\"https:\/\/romantic-sinoussi.152-228-147-242.plesk.page\/fr\/#website\",\"url\":\"https:\/\/romantic-sinoussi.152-228-147-242.plesk.page\/fr\/\",\"name\":\"Audibax\",\"description\":\"\",\"publisher\":{\"@id\":\"https:\/\/romantic-sinoussi.152-228-147-242.plesk.page\/fr\/#organization\"},\"potentialAction\":[{\"@type\":\"SearchAction\",\"target\":{\"@type\":\"EntryPoint\",\"urlTemplate\":\"https:\/\/romantic-sinoussi.152-228-147-242.plesk.page\/fr\/?s={search_term_string}\"},\"query-input\":\"required name=search_term_string\"}],\"inLanguage\":\"fr-FR\"},{\"@type\":\"Organization\",\"@id\":\"https:\/\/romantic-sinoussi.152-228-147-242.plesk.page\/fr\/#organization\",\"name\":\"Audibax\",\"url\":\"https:\/\/romantic-sinoussi.152-228-147-242.plesk.page\/fr\/\",\"logo\":{\"@type\":\"ImageObject\",\"inLanguage\":\"fr-FR\",\"@id\":\"https:\/\/romantic-sinoussi.152-228-147-242.plesk.page\/fr\/#\/schema\/logo\/image\/\",\"url\":\"https:\/\/romantic-sinoussi.152-228-147-242.plesk.page\/wp-content\/uploads\/2023\/09\/logo-Audibax-BLANCO-SVG-1.svg\",\"contentUrl\":\"https:\/\/romantic-sinoussi.152-228-147-242.plesk.page\/wp-content\/uploads\/2023\/09\/logo-Audibax-BLANCO-SVG-1.svg\",\"width\":581,\"height\":146,\"caption\":\"Audibax\"},\"image\":{\"@id\":\"https:\/\/romantic-sinoussi.152-228-147-242.plesk.page\/fr\/#\/schema\/logo\/image\/\"}}]}<\/script>\n<!-- \/ Yoast SEO plugin. -->","yoast_head_json":{"title":"Silver XLR Male Stereo Minijack 1,5m Black 10145068 - Audibax","robots":{"index":"noindex","follow":"follow","max-snippet":"max-snippet:-1","max-image-preview":"max-image-preview:large","max-video-preview":"max-video-preview:-1"},"og_locale":"fr_FR","og_type":"article","og_title":"Silver XLR Male Stereo Minijack 1,5m Black 10145068 - Audibax","og_description":"S\u00e9rie : Argent Type : XLR m\u00e2le vers Minijack st\u00e9r\u00e9o Longueur : 1.5 m Couleur : Noir Diam\u00e8tre du c\u00e2ble : 6 mm Couleur : Noir Diam\u00e8tre du c\u00e2ble : 6 mm","og_url":"https:\/\/romantic-sinoussi.152-228-147-242.plesk.page\/fr\/produit\/silver-xlr-male-stereo-minijack-15m-black-10145068-2\/","og_site_name":"Audibax","twitter_card":"summary_large_image","twitter_misc":{"Dur\u00e9e de lecture estim\u00e9e":"1 minute"},"schema":{"@context":"https:\/\/schema.org","@graph":[{"@type":"WebPage","@id":"https:\/\/romantic-sinoussi.152-228-147-242.plesk.page\/fr\/produit\/silver-xlr-male-stereo-minijack-15m-black-10145068-2\/","url":"https:\/\/romantic-sinoussi.152-228-147-242.plesk.page\/fr\/produit\/silver-xlr-male-stereo-minijack-15m-black-10145068-2\/","name":"Silver XLR Male Stereo Minijack 1,5m Black 10145068 - Audibax","isPartOf":{"@id":"https:\/\/romantic-sinoussi.152-228-147-242.plesk.page\/fr\/#website"},"datePublished":"2023-12-27T10:54:02+00:00","dateModified":"2023-12-27T10:54:02+00:00","breadcrumb":{"@id":"https:\/\/romantic-sinoussi.152-228-147-242.plesk.page\/fr\/produit\/silver-xlr-male-stereo-minijack-15m-black-10145068-2\/#breadcrumb"},"inLanguage":"fr-FR","potentialAction":[{"@type":"ReadAction","target":["https:\/\/romantic-sinoussi.152-228-147-242.plesk.page\/fr\/produit\/silver-xlr-male-stereo-minijack-15m-black-10145068-2\/"]}]},{"@type":"BreadcrumbList","@id":"https:\/\/romantic-sinoussi.152-228-147-242.plesk.page\/fr\/produit\/silver-xlr-male-stereo-minijack-15m-black-10145068-2\/#breadcrumb","itemListElement":[{"@type":"ListItem","position":1,"name":"Portada","item":"https:\/\/romantic-sinoussi.152-228-147-242.plesk.page\/fr\/"},{"@type":"ListItem","position":2,"name":"Products","item":"https:\/\/romantic-sinoussi.152-228-147-242.plesk.page\/fr\/shop\/"},{"@type":"ListItem","position":3,"name":"Silver XLR Male Stereo Minijack 1,5m Black 10145068"}]},{"@type":"WebSite","@id":"https:\/\/romantic-sinoussi.152-228-147-242.plesk.page\/fr\/#website","url":"https:\/\/romantic-sinoussi.152-228-147-242.plesk.page\/fr\/","name":"Audibax","description":"","publisher":{"@id":"https:\/\/romantic-sinoussi.152-228-147-242.plesk.page\/fr\/#organization"},"potentialAction":[{"@type":"SearchAction","target":{"@type":"EntryPoint","urlTemplate":"https:\/\/romantic-sinoussi.152-228-147-242.plesk.page\/fr\/?s={search_term_string}"},"query-input":"required name=search_term_string"}],"inLanguage":"fr-FR"},{"@type":"Organization","@id":"https:\/\/romantic-sinoussi.152-228-147-242.plesk.page\/fr\/#organization","name":"Audibax","url":"https:\/\/romantic-sinoussi.152-228-147-242.plesk.page\/fr\/","logo":{"@type":"ImageObject","inLanguage":"fr-FR","@id":"https:\/\/romantic-sinoussi.152-228-147-242.plesk.page\/fr\/#\/schema\/logo\/image\/","url":"https:\/\/romantic-sinoussi.152-228-147-242.plesk.page\/wp-content\/uploads\/2023\/09\/logo-Audibax-BLANCO-SVG-1.svg","contentUrl":"https:\/\/romantic-sinoussi.152-228-147-242.plesk.page\/wp-content\/uploads\/2023\/09\/logo-Audibax-BLANCO-SVG-1.svg","width":581,"height":146,"caption":"Audibax"},"image":{"@id":"https:\/\/romantic-sinoussi.152-228-147-242.plesk.page\/fr\/#\/schema\/logo\/image\/"}}]}},"_links":{"self":[{"href":"https:\/\/romantic-sinoussi.152-228-147-242.plesk.page\/fr\/wp-json\/wp\/v2\/product\/36512","targetHints":{"allow":["GET"]}}],"collection":[{"href":"https:\/\/romantic-sinoussi.152-228-147-242.plesk.page\/fr\/wp-json\/wp\/v2\/product"}],"about":[{"href":"https:\/\/romantic-sinoussi.152-228-147-242.plesk.page\/fr\/wp-json\/wp\/v2\/types\/product"}],"replies":[{"embeddable":true,"href":"https:\/\/romantic-sinoussi.152-228-147-242.plesk.page\/fr\/wp-json\/wp\/v2\/comments?post=36512"}],"wp:featuredmedia":[{"embeddable":true,"href":"https:\/\/romantic-sinoussi.152-228-147-242.plesk.page\/fr\/wp-json\/wp\/v2\/media\/17711"}],"wp:attachment":[{"href":"https:\/\/romantic-sinoussi.152-228-147-242.plesk.page\/fr\/wp-json\/wp\/v2\/media?parent=36512"}],"wp:term":[{"taxonomy":"product_cat","embeddable":true,"href":"https:\/\/romantic-sinoussi.152-228-147-242.plesk.page\/fr\/wp-json\/wp\/v2\/product_cat?post=36512"},{"taxonomy":"product_tag","embeddable":true,"href":"https:\/\/romantic-sinoussi.152-228-147-242.plesk.page\/fr\/wp-json\/wp\/v2\/product_tag?post=36512"}],"curies":[{"name":"wp","href":"https:\/\/api.w.org\/{rel}","templated":true}]}}