{"id":36549,"date":"2023-12-27T11:54:26","date_gmt":"2023-12-27T10:54:26","guid":{"rendered":"https:\/\/romantic-sinoussi.152-228-147-242.plesk.page\/product\/atlanta-case-90-black-2\/"},"modified":"2023-12-27T11:54:26","modified_gmt":"2023-12-27T10:54:26","slug":"atlanta-case-90-black-2","status":"publish","type":"product","link":"https:\/\/romantic-sinoussi.152-228-147-242.plesk.page\/fr\/produit\/atlanta-case-90-black-2\/","title":{"rendered":"Atlanta Case 90 Black"},"content":{"rendered":"<\/p>\n<p><strong>Audibax Atlanta Case pour Pioneer CDJ-2000NXS2 \/ DJM-900NX2 \/ DJS-1000.Audibax Atlanta Case 90&nbsp;&nbsp;<\/strong><\/p>\n<p>La&nbsp;<strong>Audibax Atlanta Case 90 <\/strong>Audibax Atlanta Case 90<\/strong>est une solution de transport l\u00e9g\u00e8re et compacte pour prot\u00e9ger votre contr\u00f4leur et les mod\u00e8les plus petits. Fabriqu\u00e9e \u00e0 partir de mousse EVA moul\u00e9e Durashock durable et l\u00e9g\u00e8re et d&#8217;un ext\u00e9rieur en poly\u00e9thyl\u00e8ne hydrofuge. En outre, il est \u00e9quip\u00e9 d&#8217;un kit de mousse r\u00e9glable qui offre une protection suppl\u00e9mentaire pour tous les boutons de contr\u00f4le, les faders et les jog wheels.<\/p>\n<h2>Caract\u00e9ristiques principales<\/h2>\n<ul>\n<li>\n<li>L\u00e9ger Durashock moul\u00e9 en mousse EVA de 5 mm et coque ext\u00e9rieure en poly\u00e9thyl\u00e8ne<\/li>\n<li>Incl. kit de mousse r\u00e9glable pour s&#8217;adapter aux plus petits mod\u00e8les et pour prot\u00e9ger les boutons de commande, les variateurs et les molettes de d\u00e9filement<\/li>\n<li>Zip robuste et poign\u00e9es de transport confortables<\/li>\n<li>Dimensions ext\u00e9rieures : 46 x 38 x 7 cm<\/li>\n<li>Mesures int\u00e9rieures : 45 x 37 x 7 x 7 cm<\/li>\n<li>Poids : 1,0 kg<\/li>\n<li>Couleur noir<\/li>\n<\/ul>\n<h2>V&aacute;lida Pour<\/h2>\n<ul>\n<li>Pioneer CDJ-2000NXS2<\/li>\n<li>Pioneer CDJ-2000NXS2<\/li>\n<li>Pioneer DJM-900NXS2<\/li>\n<li>Pioneer DJM-900NXS2Pioneer DJM-900NX2<\/li>\n<li>Pioneer DJS-1000<\/li>\n<li>Pioneer CDJ-850K<\/li>\n<li>Allen &#038; amp ; Heath XONE 92<\/li>\n<li>Allen &#038; amp ; Heath Xone DB4<\/li>\n<li>Allen &#038; amp ; Heath Xone DB4<\/li>\n<li>Allen &#038; amp ; Heath Xone DB4<\/li>\n<p>.amp ; Heath Xone DB4<\/li>\n<li>Allen &#038; amp ; Heath XONE PX5<\/li>\n<li>Denon SC5000<\/li>\n<li>Denon X1800<\/li>\n<li>Behringer DDM4000<\/li>\n<li>Behringer DDM4000<\/li>\n<li>Behringer DDM4000<\/li>\n<li>Behringer DDM4000<\/li>\n<li>Behringer DDM4000<\/li>\n<p>.\/li> <\/p>\n<li>Behringer DJX-900<\/li>\n<li>Behringer DJX-750<\/li>\n<li>Reloop RMX 80<\/li>\n<li>Rane MP 2015<\/li>\n<\/ul>\n","protected":false},"excerpt":{"rendered":"<\/p>\n<p>Valise pour Pioneer CD DJ Professional<\/p>\n<p>Valise pour Pioneer CD DJ Professional<\/p>\n<p>Pioneer CD DJ Professional<\/p>\n","protected":false},"featured_media":16562,"comment_status":"open","ping_status":"closed","template":"","meta":[],"product_cat":[329,243],"product_tag":[],"class_list":{"0":"post-36549","1":"product","2":"type-product","3":"status-publish","4":"has-post-thumbnail","6":"product_cat-sacs-dj","7":"product_cat-uncategorized","9":"first","10":"instock","11":"shipping-taxable","12":"product-type-simple"},"acf":[],"yoast_head":"<!-- This site is optimized with the Yoast SEO plugin v21.5 - https:\/\/yoast.com\/wordpress\/plugins\/seo\/ -->\n<title>Atlanta Case 90 Black - Audibax<\/title>\n<meta name=\"robots\" content=\"noindex, follow, max-snippet:-1, max-image-preview:large, max-video-preview:-1\" \/>\n<meta property=\"og:locale\" content=\"fr_FR\" \/>\n<meta property=\"og:type\" content=\"article\" \/>\n<meta property=\"og:title\" content=\"Atlanta Case 90 Black - Audibax\" \/>\n<meta property=\"og:description\" content=\"Valise pour Pioneer CD DJ Professional Valise pour Pioneer CD DJ Professional Pioneer CD DJ Professional\" \/>\n<meta property=\"og:url\" content=\"https:\/\/romantic-sinoussi.152-228-147-242.plesk.page\/fr\/produit\/atlanta-case-90-black-2\/\" \/>\n<meta property=\"og:site_name\" content=\"Audibax\" \/>\n<meta name=\"twitter:card\" content=\"summary_large_image\" \/>\n<meta name=\"twitter:label1\" content=\"Dur\u00e9e de lecture estim\u00e9e\" \/>\n\t<meta name=\"twitter:data1\" content=\"1 minute\" \/>\n<script type=\"application\/ld+json\" class=\"yoast-schema-graph\">{\"@context\":\"https:\/\/schema.org\",\"@graph\":[{\"@type\":\"WebPage\",\"@id\":\"https:\/\/romantic-sinoussi.152-228-147-242.plesk.page\/fr\/produit\/atlanta-case-90-black-2\/\",\"url\":\"https:\/\/romantic-sinoussi.152-228-147-242.plesk.page\/fr\/produit\/atlanta-case-90-black-2\/\",\"name\":\"Atlanta Case 90 Black - Audibax\",\"isPartOf\":{\"@id\":\"https:\/\/romantic-sinoussi.152-228-147-242.plesk.page\/fr\/#website\"},\"datePublished\":\"2023-12-27T10:54:26+00:00\",\"dateModified\":\"2023-12-27T10:54:26+00:00\",\"breadcrumb\":{\"@id\":\"https:\/\/romantic-sinoussi.152-228-147-242.plesk.page\/fr\/produit\/atlanta-case-90-black-2\/#breadcrumb\"},\"inLanguage\":\"fr-FR\",\"potentialAction\":[{\"@type\":\"ReadAction\",\"target\":[\"https:\/\/romantic-sinoussi.152-228-147-242.plesk.page\/fr\/produit\/atlanta-case-90-black-2\/\"]}]},{\"@type\":\"BreadcrumbList\",\"@id\":\"https:\/\/romantic-sinoussi.152-228-147-242.plesk.page\/fr\/produit\/atlanta-case-90-black-2\/#breadcrumb\",\"itemListElement\":[{\"@type\":\"ListItem\",\"position\":1,\"name\":\"Portada\",\"item\":\"https:\/\/romantic-sinoussi.152-228-147-242.plesk.page\/fr\/\"},{\"@type\":\"ListItem\",\"position\":2,\"name\":\"Products\",\"item\":\"https:\/\/romantic-sinoussi.152-228-147-242.plesk.page\/fr\/shop\/\"},{\"@type\":\"ListItem\",\"position\":3,\"name\":\"Atlanta Case 90 Black\"}]},{\"@type\":\"WebSite\",\"@id\":\"https:\/\/romantic-sinoussi.152-228-147-242.plesk.page\/fr\/#website\",\"url\":\"https:\/\/romantic-sinoussi.152-228-147-242.plesk.page\/fr\/\",\"name\":\"Audibax\",\"description\":\"\",\"publisher\":{\"@id\":\"https:\/\/romantic-sinoussi.152-228-147-242.plesk.page\/fr\/#organization\"},\"potentialAction\":[{\"@type\":\"SearchAction\",\"target\":{\"@type\":\"EntryPoint\",\"urlTemplate\":\"https:\/\/romantic-sinoussi.152-228-147-242.plesk.page\/fr\/?s={search_term_string}\"},\"query-input\":\"required name=search_term_string\"}],\"inLanguage\":\"fr-FR\"},{\"@type\":\"Organization\",\"@id\":\"https:\/\/romantic-sinoussi.152-228-147-242.plesk.page\/fr\/#organization\",\"name\":\"Audibax\",\"url\":\"https:\/\/romantic-sinoussi.152-228-147-242.plesk.page\/fr\/\",\"logo\":{\"@type\":\"ImageObject\",\"inLanguage\":\"fr-FR\",\"@id\":\"https:\/\/romantic-sinoussi.152-228-147-242.plesk.page\/fr\/#\/schema\/logo\/image\/\",\"url\":\"https:\/\/romantic-sinoussi.152-228-147-242.plesk.page\/wp-content\/uploads\/2023\/09\/logo-Audibax-BLANCO-SVG-1.svg\",\"contentUrl\":\"https:\/\/romantic-sinoussi.152-228-147-242.plesk.page\/wp-content\/uploads\/2023\/09\/logo-Audibax-BLANCO-SVG-1.svg\",\"width\":581,\"height\":146,\"caption\":\"Audibax\"},\"image\":{\"@id\":\"https:\/\/romantic-sinoussi.152-228-147-242.plesk.page\/fr\/#\/schema\/logo\/image\/\"}}]}<\/script>\n<!-- \/ Yoast SEO plugin. -->","yoast_head_json":{"title":"Atlanta Case 90 Black - Audibax","robots":{"index":"noindex","follow":"follow","max-snippet":"max-snippet:-1","max-image-preview":"max-image-preview:large","max-video-preview":"max-video-preview:-1"},"og_locale":"fr_FR","og_type":"article","og_title":"Atlanta Case 90 Black - Audibax","og_description":"Valise pour Pioneer CD DJ Professional Valise pour Pioneer CD DJ Professional Pioneer CD DJ Professional","og_url":"https:\/\/romantic-sinoussi.152-228-147-242.plesk.page\/fr\/produit\/atlanta-case-90-black-2\/","og_site_name":"Audibax","twitter_card":"summary_large_image","twitter_misc":{"Dur\u00e9e de lecture estim\u00e9e":"1 minute"},"schema":{"@context":"https:\/\/schema.org","@graph":[{"@type":"WebPage","@id":"https:\/\/romantic-sinoussi.152-228-147-242.plesk.page\/fr\/produit\/atlanta-case-90-black-2\/","url":"https:\/\/romantic-sinoussi.152-228-147-242.plesk.page\/fr\/produit\/atlanta-case-90-black-2\/","name":"Atlanta Case 90 Black - Audibax","isPartOf":{"@id":"https:\/\/romantic-sinoussi.152-228-147-242.plesk.page\/fr\/#website"},"datePublished":"2023-12-27T10:54:26+00:00","dateModified":"2023-12-27T10:54:26+00:00","breadcrumb":{"@id":"https:\/\/romantic-sinoussi.152-228-147-242.plesk.page\/fr\/produit\/atlanta-case-90-black-2\/#breadcrumb"},"inLanguage":"fr-FR","potentialAction":[{"@type":"ReadAction","target":["https:\/\/romantic-sinoussi.152-228-147-242.plesk.page\/fr\/produit\/atlanta-case-90-black-2\/"]}]},{"@type":"BreadcrumbList","@id":"https:\/\/romantic-sinoussi.152-228-147-242.plesk.page\/fr\/produit\/atlanta-case-90-black-2\/#breadcrumb","itemListElement":[{"@type":"ListItem","position":1,"name":"Portada","item":"https:\/\/romantic-sinoussi.152-228-147-242.plesk.page\/fr\/"},{"@type":"ListItem","position":2,"name":"Products","item":"https:\/\/romantic-sinoussi.152-228-147-242.plesk.page\/fr\/shop\/"},{"@type":"ListItem","position":3,"name":"Atlanta Case 90 Black"}]},{"@type":"WebSite","@id":"https:\/\/romantic-sinoussi.152-228-147-242.plesk.page\/fr\/#website","url":"https:\/\/romantic-sinoussi.152-228-147-242.plesk.page\/fr\/","name":"Audibax","description":"","publisher":{"@id":"https:\/\/romantic-sinoussi.152-228-147-242.plesk.page\/fr\/#organization"},"potentialAction":[{"@type":"SearchAction","target":{"@type":"EntryPoint","urlTemplate":"https:\/\/romantic-sinoussi.152-228-147-242.plesk.page\/fr\/?s={search_term_string}"},"query-input":"required name=search_term_string"}],"inLanguage":"fr-FR"},{"@type":"Organization","@id":"https:\/\/romantic-sinoussi.152-228-147-242.plesk.page\/fr\/#organization","name":"Audibax","url":"https:\/\/romantic-sinoussi.152-228-147-242.plesk.page\/fr\/","logo":{"@type":"ImageObject","inLanguage":"fr-FR","@id":"https:\/\/romantic-sinoussi.152-228-147-242.plesk.page\/fr\/#\/schema\/logo\/image\/","url":"https:\/\/romantic-sinoussi.152-228-147-242.plesk.page\/wp-content\/uploads\/2023\/09\/logo-Audibax-BLANCO-SVG-1.svg","contentUrl":"https:\/\/romantic-sinoussi.152-228-147-242.plesk.page\/wp-content\/uploads\/2023\/09\/logo-Audibax-BLANCO-SVG-1.svg","width":581,"height":146,"caption":"Audibax"},"image":{"@id":"https:\/\/romantic-sinoussi.152-228-147-242.plesk.page\/fr\/#\/schema\/logo\/image\/"}}]}},"_links":{"self":[{"href":"https:\/\/romantic-sinoussi.152-228-147-242.plesk.page\/fr\/wp-json\/wp\/v2\/product\/36549","targetHints":{"allow":["GET"]}}],"collection":[{"href":"https:\/\/romantic-sinoussi.152-228-147-242.plesk.page\/fr\/wp-json\/wp\/v2\/product"}],"about":[{"href":"https:\/\/romantic-sinoussi.152-228-147-242.plesk.page\/fr\/wp-json\/wp\/v2\/types\/product"}],"replies":[{"embeddable":true,"href":"https:\/\/romantic-sinoussi.152-228-147-242.plesk.page\/fr\/wp-json\/wp\/v2\/comments?post=36549"}],"wp:featuredmedia":[{"embeddable":true,"href":"https:\/\/romantic-sinoussi.152-228-147-242.plesk.page\/fr\/wp-json\/wp\/v2\/media\/16562"}],"wp:attachment":[{"href":"https:\/\/romantic-sinoussi.152-228-147-242.plesk.page\/fr\/wp-json\/wp\/v2\/media?parent=36549"}],"wp:term":[{"taxonomy":"product_cat","embeddable":true,"href":"https:\/\/romantic-sinoussi.152-228-147-242.plesk.page\/fr\/wp-json\/wp\/v2\/product_cat?post=36549"},{"taxonomy":"product_tag","embeddable":true,"href":"https:\/\/romantic-sinoussi.152-228-147-242.plesk.page\/fr\/wp-json\/wp\/v2\/product_tag?post=36549"}],"curies":[{"name":"wp","href":"https:\/\/api.w.org\/{rel}","templated":true}]}}