{"id":36551,"date":"2023-12-27T11:54:28","date_gmt":"2023-12-27T10:54:28","guid":{"rendered":"https:\/\/romantic-sinoussi.152-228-147-242.plesk.page\/product\/atlanta-case-60-black-2\/"},"modified":"2023-12-27T11:54:28","modified_gmt":"2023-12-27T10:54:28","slug":"atlanta-case-60-black-2","status":"publish","type":"product","link":"https:\/\/romantic-sinoussi.152-228-147-242.plesk.page\/fr\/produit\/atlanta-case-60-black-2\/","title":{"rendered":"Atlanta Case 60 Black"},"content":{"rendered":"<\/p>\n<p>Le nouveau <strong>Audibax Atlanta 60 Case&nbsp;<\/strong>est un \u00e9tui EVA semi-rigide et compact qui offre un moyen s\u00fbr et pratique de transporter (bandouli\u00e8re incluse) votre contr\u00f4leur Pioneer DDJ-400.<\/p>\n<p> Fabriqu\u00e9 \u00e0 partir d&#8217;une coque EVA moul\u00e9e Durashock l\u00e9g\u00e8re et rigide, le couvercle int\u00e9rieur est doubl\u00e9 d&#8217;une mousse de polyur\u00e9thane haute densit\u00e9 pour prot\u00e9ger les \u00e9crans et les commandes.<\/p>\n<p> Que vous vous rendiez en voiture ou en avion \u00e0 votre prochain \u00e9v\u00e9nement, la <strong>Valisette Atlanta 60<\/strong> sera \u00e0 vos c\u00f4t\u00e9s tout au long du voyage.<\/p>\n<h2><span style=\"colour :#008080\">Caract\u00e9ristiques principales<\/span><\/span><\/h2>\n<ul>\n<li>L\u00e9ger Durashock moul\u00e9 en mousse EVA de 5 mm et coque ext\u00e9rieure en poly-su\u00e8de<\/li>\n<li>Glissi\u00e8re renforc\u00e9e<\/li>\n<li>Glissi\u00e8re renforc\u00e9e<\/li>\n<li>Glissi\u00e8re renforc\u00e9e.Comprend une mousse d&#8217;%u0153uf haute densit\u00e9 pour prot\u00e9ger les boutons de commande, les gradateurs et les molettes de d\u00e9filement<\/li>\n<li>C&#038;oacute ;Poign\u00e9es de transport modulaires et bandouli\u00e8re suppl\u00e9mentaire<\/li>\n<li>Compatible avec les housses Decksaver<\/li>\n<li>Dimensions ext\u00e9rieures : 50 x 29,5 x 9 cm<\/li>\n<li>Dimensions int\u00e9rieures : 49 x 28,5 x 7 cm<\/li>\n<li>Poids : 1,2 kg<\/li>\n<li>Couleur : noir<\/li>\n<\/ul>\n<p>&nbsp;<\/p>\n<h2><span style=\"colour :#008080\">V&aacute;lida Pour<\/span><\/h2>\n<ul>\n<ul>\n<li>Pioneer DDJ-400<\/li>\n<li>Pioneer DDJ-SB2<\/li>\n<li>Pioneer DDJ-RB<\/li>\n<li>Gemini Slate4<\/li>\n<li>Kontrol S2 Mk3<\/li>\n<li>Behringer Studio 4A<\/li>\n<li>Behringer Studio 4A<\/li>\n<li>Reloop Beat Mix<\/li>\n<li>M-Audio MPK-225<\/li>\n<li>M-Audio Oxygen 25 MK IV<\/li>\n<li>M-Audio Oxygen 25 MK IV<\/li>\n<li>M-Audio MPK-225<\/li>\n<li>M-Audio Oxygen 25 MK IVEgalement valable pour la plupart des claviers \u00e0 25 touches ( Voir mesures )<\/li>\n<\/ul>\n<p>&nbsp;<\/p>\n<p>&nbsp;<\/p><\/p>\n","protected":false},"excerpt":{"rendered":"<\/p>\n<p><span style=\"colour:#008080\">Sac de transport pour contr\u00f4leurs DJ.<br \/> Pioneer DDJ-400 \/&#038;nbsp ; Pioneer SB3 \/&#038;nbsp ; &nbsp;Pioneer SB2 \/ Traktor S2 MK3<\/span><\/p>\n<\/p>\n<p>Sac de transport pour contr\u00f4leurs DJ.<\/p>\n","protected":false},"featured_media":16559,"comment_status":"open","ping_status":"closed","template":"","meta":[],"product_cat":[329,243],"product_tag":[],"class_list":{"0":"post-36551","1":"product","2":"type-product","3":"status-publish","4":"has-post-thumbnail","6":"product_cat-sacs-dj","7":"product_cat-uncategorized","9":"first","10":"instock","11":"shipping-taxable","12":"product-type-simple"},"acf":[],"yoast_head":"<!-- This site is optimized with the Yoast SEO plugin v21.5 - https:\/\/yoast.com\/wordpress\/plugins\/seo\/ -->\n<title>Atlanta Case 60 Black - Audibax<\/title>\n<meta name=\"robots\" content=\"noindex, follow, max-snippet:-1, max-image-preview:large, max-video-preview:-1\" \/>\n<meta property=\"og:locale\" content=\"fr_FR\" \/>\n<meta property=\"og:type\" content=\"article\" \/>\n<meta property=\"og:title\" content=\"Atlanta Case 60 Black - Audibax\" \/>\n<meta property=\"og:description\" content=\"Sac de transport pour contr\u00f4leurs DJ. Pioneer DDJ-400 \/&amp;nbsp ; Pioneer SB3 \/&amp;nbsp ; &nbsp;Pioneer SB2 \/ Traktor S2 MK3 Sac de transport pour contr\u00f4leurs DJ.\" \/>\n<meta property=\"og:url\" content=\"https:\/\/romantic-sinoussi.152-228-147-242.plesk.page\/fr\/produit\/atlanta-case-60-black-2\/\" \/>\n<meta property=\"og:site_name\" content=\"Audibax\" \/>\n<meta name=\"twitter:card\" content=\"summary_large_image\" \/>\n<meta name=\"twitter:label1\" content=\"Dur\u00e9e de lecture estim\u00e9e\" \/>\n\t<meta name=\"twitter:data1\" content=\"1 minute\" \/>\n<script type=\"application\/ld+json\" class=\"yoast-schema-graph\">{\"@context\":\"https:\/\/schema.org\",\"@graph\":[{\"@type\":\"WebPage\",\"@id\":\"https:\/\/romantic-sinoussi.152-228-147-242.plesk.page\/fr\/produit\/atlanta-case-60-black-2\/\",\"url\":\"https:\/\/romantic-sinoussi.152-228-147-242.plesk.page\/fr\/produit\/atlanta-case-60-black-2\/\",\"name\":\"Atlanta Case 60 Black - Audibax\",\"isPartOf\":{\"@id\":\"https:\/\/romantic-sinoussi.152-228-147-242.plesk.page\/fr\/#website\"},\"datePublished\":\"2023-12-27T10:54:28+00:00\",\"dateModified\":\"2023-12-27T10:54:28+00:00\",\"breadcrumb\":{\"@id\":\"https:\/\/romantic-sinoussi.152-228-147-242.plesk.page\/fr\/produit\/atlanta-case-60-black-2\/#breadcrumb\"},\"inLanguage\":\"fr-FR\",\"potentialAction\":[{\"@type\":\"ReadAction\",\"target\":[\"https:\/\/romantic-sinoussi.152-228-147-242.plesk.page\/fr\/produit\/atlanta-case-60-black-2\/\"]}]},{\"@type\":\"BreadcrumbList\",\"@id\":\"https:\/\/romantic-sinoussi.152-228-147-242.plesk.page\/fr\/produit\/atlanta-case-60-black-2\/#breadcrumb\",\"itemListElement\":[{\"@type\":\"ListItem\",\"position\":1,\"name\":\"Portada\",\"item\":\"https:\/\/romantic-sinoussi.152-228-147-242.plesk.page\/fr\/\"},{\"@type\":\"ListItem\",\"position\":2,\"name\":\"Products\",\"item\":\"https:\/\/romantic-sinoussi.152-228-147-242.plesk.page\/fr\/shop\/\"},{\"@type\":\"ListItem\",\"position\":3,\"name\":\"Atlanta Case 60 Black\"}]},{\"@type\":\"WebSite\",\"@id\":\"https:\/\/romantic-sinoussi.152-228-147-242.plesk.page\/fr\/#website\",\"url\":\"https:\/\/romantic-sinoussi.152-228-147-242.plesk.page\/fr\/\",\"name\":\"Audibax\",\"description\":\"\",\"publisher\":{\"@id\":\"https:\/\/romantic-sinoussi.152-228-147-242.plesk.page\/fr\/#organization\"},\"potentialAction\":[{\"@type\":\"SearchAction\",\"target\":{\"@type\":\"EntryPoint\",\"urlTemplate\":\"https:\/\/romantic-sinoussi.152-228-147-242.plesk.page\/fr\/?s={search_term_string}\"},\"query-input\":\"required name=search_term_string\"}],\"inLanguage\":\"fr-FR\"},{\"@type\":\"Organization\",\"@id\":\"https:\/\/romantic-sinoussi.152-228-147-242.plesk.page\/fr\/#organization\",\"name\":\"Audibax\",\"url\":\"https:\/\/romantic-sinoussi.152-228-147-242.plesk.page\/fr\/\",\"logo\":{\"@type\":\"ImageObject\",\"inLanguage\":\"fr-FR\",\"@id\":\"https:\/\/romantic-sinoussi.152-228-147-242.plesk.page\/fr\/#\/schema\/logo\/image\/\",\"url\":\"https:\/\/romantic-sinoussi.152-228-147-242.plesk.page\/wp-content\/uploads\/2023\/09\/logo-Audibax-BLANCO-SVG-1.svg\",\"contentUrl\":\"https:\/\/romantic-sinoussi.152-228-147-242.plesk.page\/wp-content\/uploads\/2023\/09\/logo-Audibax-BLANCO-SVG-1.svg\",\"width\":581,\"height\":146,\"caption\":\"Audibax\"},\"image\":{\"@id\":\"https:\/\/romantic-sinoussi.152-228-147-242.plesk.page\/fr\/#\/schema\/logo\/image\/\"}}]}<\/script>\n<!-- \/ Yoast SEO plugin. -->","yoast_head_json":{"title":"Atlanta Case 60 Black - Audibax","robots":{"index":"noindex","follow":"follow","max-snippet":"max-snippet:-1","max-image-preview":"max-image-preview:large","max-video-preview":"max-video-preview:-1"},"og_locale":"fr_FR","og_type":"article","og_title":"Atlanta Case 60 Black - Audibax","og_description":"Sac de transport pour contr\u00f4leurs DJ. Pioneer DDJ-400 \/&nbsp ; Pioneer SB3 \/&nbsp ; &nbsp;Pioneer SB2 \/ Traktor S2 MK3 Sac de transport pour contr\u00f4leurs DJ.","og_url":"https:\/\/romantic-sinoussi.152-228-147-242.plesk.page\/fr\/produit\/atlanta-case-60-black-2\/","og_site_name":"Audibax","twitter_card":"summary_large_image","twitter_misc":{"Dur\u00e9e de lecture estim\u00e9e":"1 minute"},"schema":{"@context":"https:\/\/schema.org","@graph":[{"@type":"WebPage","@id":"https:\/\/romantic-sinoussi.152-228-147-242.plesk.page\/fr\/produit\/atlanta-case-60-black-2\/","url":"https:\/\/romantic-sinoussi.152-228-147-242.plesk.page\/fr\/produit\/atlanta-case-60-black-2\/","name":"Atlanta Case 60 Black - Audibax","isPartOf":{"@id":"https:\/\/romantic-sinoussi.152-228-147-242.plesk.page\/fr\/#website"},"datePublished":"2023-12-27T10:54:28+00:00","dateModified":"2023-12-27T10:54:28+00:00","breadcrumb":{"@id":"https:\/\/romantic-sinoussi.152-228-147-242.plesk.page\/fr\/produit\/atlanta-case-60-black-2\/#breadcrumb"},"inLanguage":"fr-FR","potentialAction":[{"@type":"ReadAction","target":["https:\/\/romantic-sinoussi.152-228-147-242.plesk.page\/fr\/produit\/atlanta-case-60-black-2\/"]}]},{"@type":"BreadcrumbList","@id":"https:\/\/romantic-sinoussi.152-228-147-242.plesk.page\/fr\/produit\/atlanta-case-60-black-2\/#breadcrumb","itemListElement":[{"@type":"ListItem","position":1,"name":"Portada","item":"https:\/\/romantic-sinoussi.152-228-147-242.plesk.page\/fr\/"},{"@type":"ListItem","position":2,"name":"Products","item":"https:\/\/romantic-sinoussi.152-228-147-242.plesk.page\/fr\/shop\/"},{"@type":"ListItem","position":3,"name":"Atlanta Case 60 Black"}]},{"@type":"WebSite","@id":"https:\/\/romantic-sinoussi.152-228-147-242.plesk.page\/fr\/#website","url":"https:\/\/romantic-sinoussi.152-228-147-242.plesk.page\/fr\/","name":"Audibax","description":"","publisher":{"@id":"https:\/\/romantic-sinoussi.152-228-147-242.plesk.page\/fr\/#organization"},"potentialAction":[{"@type":"SearchAction","target":{"@type":"EntryPoint","urlTemplate":"https:\/\/romantic-sinoussi.152-228-147-242.plesk.page\/fr\/?s={search_term_string}"},"query-input":"required name=search_term_string"}],"inLanguage":"fr-FR"},{"@type":"Organization","@id":"https:\/\/romantic-sinoussi.152-228-147-242.plesk.page\/fr\/#organization","name":"Audibax","url":"https:\/\/romantic-sinoussi.152-228-147-242.plesk.page\/fr\/","logo":{"@type":"ImageObject","inLanguage":"fr-FR","@id":"https:\/\/romantic-sinoussi.152-228-147-242.plesk.page\/fr\/#\/schema\/logo\/image\/","url":"https:\/\/romantic-sinoussi.152-228-147-242.plesk.page\/wp-content\/uploads\/2023\/09\/logo-Audibax-BLANCO-SVG-1.svg","contentUrl":"https:\/\/romantic-sinoussi.152-228-147-242.plesk.page\/wp-content\/uploads\/2023\/09\/logo-Audibax-BLANCO-SVG-1.svg","width":581,"height":146,"caption":"Audibax"},"image":{"@id":"https:\/\/romantic-sinoussi.152-228-147-242.plesk.page\/fr\/#\/schema\/logo\/image\/"}}]}},"_links":{"self":[{"href":"https:\/\/romantic-sinoussi.152-228-147-242.plesk.page\/fr\/wp-json\/wp\/v2\/product\/36551","targetHints":{"allow":["GET"]}}],"collection":[{"href":"https:\/\/romantic-sinoussi.152-228-147-242.plesk.page\/fr\/wp-json\/wp\/v2\/product"}],"about":[{"href":"https:\/\/romantic-sinoussi.152-228-147-242.plesk.page\/fr\/wp-json\/wp\/v2\/types\/product"}],"replies":[{"embeddable":true,"href":"https:\/\/romantic-sinoussi.152-228-147-242.plesk.page\/fr\/wp-json\/wp\/v2\/comments?post=36551"}],"wp:featuredmedia":[{"embeddable":true,"href":"https:\/\/romantic-sinoussi.152-228-147-242.plesk.page\/fr\/wp-json\/wp\/v2\/media\/16559"}],"wp:attachment":[{"href":"https:\/\/romantic-sinoussi.152-228-147-242.plesk.page\/fr\/wp-json\/wp\/v2\/media?parent=36551"}],"wp:term":[{"taxonomy":"product_cat","embeddable":true,"href":"https:\/\/romantic-sinoussi.152-228-147-242.plesk.page\/fr\/wp-json\/wp\/v2\/product_cat?post=36551"},{"taxonomy":"product_tag","embeddable":true,"href":"https:\/\/romantic-sinoussi.152-228-147-242.plesk.page\/fr\/wp-json\/wp\/v2\/product_tag?post=36551"}],"curies":[{"name":"wp","href":"https:\/\/api.w.org\/{rel}","templated":true}]}}