{"id":36558,"date":"2023-12-27T11:54:33","date_gmt":"2023-12-27T10:54:33","guid":{"rendered":"https:\/\/romantic-sinoussi.152-228-147-242.plesk.page\/product\/pro-dj400-black-2\/"},"modified":"2023-12-27T11:54:33","modified_gmt":"2023-12-27T10:54:33","slug":"pro-dj400-black-2","status":"publish","type":"product","link":"https:\/\/romantic-sinoussi.152-228-147-242.plesk.page\/fr\/produit\/pro-dj400-black-2\/","title":{"rendered":"Pro DJ400 Black"},"content":{"rendered":"<\/p>\n<p><strong>Flight Case&nbsp;Valise pour Pioneer DDJ-400 \/&nbsp;DDJ FLX 4 et contr\u00f4leurs DJ jusqu&#8217;\u00e0 44 cm<\/strong><\/p>\n<p><strong>Flight Case pour Pioneer DDJ-400 \/&nbsp;DDJ FLX 4 et contr\u00f4leurs DJ jusqu&#8217;\u00e0 44 cm<\/strong><\/p>\n<p>.Flight Case pour contr\u00f4leur DJ midi, avec ordinateur portable coulissant pour ordinateur portable,<br \/>Roues int\u00e9gr\u00e9es et poign\u00e9e r\u00e9tractable de type trolley.<\/p>\n<p>Contreplaqu\u00e9 de bouleau de 9 mm. Couvercle suppl\u00e9mentaire pour faciliter l&#8217;acc\u00e8s, avec la possibilit\u00e9 de le placer sous l&#8217;unit\u00e9 principale pour augmenter la hauteur.<\/p>\n<p>Finition int\u00e9rieure avec mousse de diff\u00e9rentes densit\u00e9s. Support coulissant pour ordinateur portable.<\/p>\n<p>Porte avant et arri\u00e8re extensible pour un acc\u00e8s facile aux commandes<\/p>\n<p> <\/p>\n<p> <\/p>\n<p> <strong>Porte avant et arri\u00e8re pour un acc\u00e8s facile aux commandes<\/p>\n<p> <strong>Porte avant et arri\u00e8re. <strong>Caract\u00e9ristiques techniques Flight Case&nbsp;Valise pour Pioneer DDJ-400 \/ DDJ FLX 4 Audibax PRO-DJ4<\/strong><\/strong><\/p>\n<\/p>\n<p><strong>. <\/p>\n<ul>\n<li>Contreplaqu\u00e9 de bouleau de 9 mm<\/li>\n<li>Bords en aluminium 30 x 30 mm<\/li>\n<li>Bords en aluminium 30 x 30 mm<\/li>\n<li>Rembourrage en mousse \u00e0 l&#8217;int\u00e9rieur de la valise<\/li>\n<li>Rembourrage en mousse \u00e0 l&#8217;ext\u00e9rieur de la valise<\/li>\n<li>Rembourrage en mousse \u00e0 l&#8217;int\u00e9rieur de la valise<\/li>\n<li>Rembourrage en mousse \u00e0 l&#8217;ext\u00e9rieur de la valise.Rembourrage en mousse \u00e0 l&#8217;int\u00e9rieur<\/li>\n<li>Coins billes acier moyen<\/li>\n<li>Porte avant et arri\u00e8re extractible.<\/li>\n<li>Fermeture papillon. <\/li>\n<li>Poign\u00e9e encastr\u00e9e dans son panneau et \u00e9quip\u00e9e de ressorts r\u00e9tractables.<\/li>\n<li>Poign\u00e9e t\u00e9lescopique r\u00e9tractable de type chariot.<\/li>\n<li>Pieds antid\u00e9rapants.<\/li>\n<li>Roulettes encastr\u00e9es dans la valise.<\/li>\n<li>Roulettes encastr\u00e9es dans la valise.<\/li>\n<li>Support informatique 486w x 300d mm.<\/li>\n<li>Espace contr\u00f4leur 440w x 325d + 65d (c\u00e2bles) x 95h mm (base du support informatique).<\/li>\n<li>Mousse suppl\u00e9mentaire 2 unit\u00e9s de 8w x 325d mm + 2 unit\u00e9s de 10w x 325d mm + 2 unit\u00e9s de 12w x 325d mm + 2 unit\u00e9s de 18w x 70d mm.<\/li>\n<li>Taille du couvercle interne 500w x 396d x 98h mm.<\/li>\n<li>Dimensions ext\u00e9rieures : 588w x 424d x 218h mm.<\/li>\n<li>Dimensions int\u00e9rieures : 440w x 325d x 148h mm.<\/li>\n<li>Poids : 10 Kg.<\/li>\n<\/ul>\n<\/ul>\n","protected":false},"excerpt":{"rendered":"<li>Bords en aluminium 30 x 30 mm<\/li>\n<li>Rembourrage en mousse \u00e0 l&#8217;int\u00e9rieur<\/li>\n<li>Coins \u00e0 billes en acier moyen<\/li>\n<li>Porte avant et arri\u00e8re amovibles.<\/li>\n<\/ul>\n<\/ul>\n","protected":false},"featured_media":18338,"comment_status":"open","ping_status":"closed","template":"","meta":[],"product_cat":[331,243],"product_tag":[],"class_list":{"0":"post-36558","1":"product","2":"type-product","3":"status-publish","4":"has-post-thumbnail","6":"product_cat-dj-flightcase-fr","7":"product_cat-uncategorized","9":"first","10":"instock","11":"shipping-taxable","12":"product-type-simple"},"acf":[],"yoast_head":"<!-- This site is optimized with the Yoast SEO plugin v21.5 - https:\/\/yoast.com\/wordpress\/plugins\/seo\/ -->\n<title>Pro DJ400 Black - Audibax<\/title>\n<meta name=\"robots\" content=\"noindex, follow, max-snippet:-1, max-image-preview:large, max-video-preview:-1\" \/>\n<meta property=\"og:locale\" content=\"fr_FR\" \/>\n<meta property=\"og:type\" content=\"article\" \/>\n<meta property=\"og:title\" content=\"Pro DJ400 Black - Audibax\" \/>\n<meta property=\"og:description\" content=\"Bords en aluminium 30 x 30 mm Rembourrage en mousse \u00e0 l&#039;int\u00e9rieur Coins \u00e0 billes en acier moyen Porte avant et arri\u00e8re amovibles.\" \/>\n<meta property=\"og:url\" content=\"https:\/\/romantic-sinoussi.152-228-147-242.plesk.page\/fr\/produit\/pro-dj400-black-2\/\" \/>\n<meta property=\"og:site_name\" content=\"Audibax\" \/>\n<meta name=\"twitter:card\" content=\"summary_large_image\" \/>\n<meta name=\"twitter:label1\" content=\"Dur\u00e9e de lecture estim\u00e9e\" \/>\n\t<meta name=\"twitter:data1\" content=\"2 minutes\" \/>\n<script type=\"application\/ld+json\" class=\"yoast-schema-graph\">{\"@context\":\"https:\/\/schema.org\",\"@graph\":[{\"@type\":\"WebPage\",\"@id\":\"https:\/\/romantic-sinoussi.152-228-147-242.plesk.page\/fr\/produit\/pro-dj400-black-2\/\",\"url\":\"https:\/\/romantic-sinoussi.152-228-147-242.plesk.page\/fr\/produit\/pro-dj400-black-2\/\",\"name\":\"Pro DJ400 Black - Audibax\",\"isPartOf\":{\"@id\":\"https:\/\/romantic-sinoussi.152-228-147-242.plesk.page\/fr\/#website\"},\"datePublished\":\"2023-12-27T10:54:33+00:00\",\"dateModified\":\"2023-12-27T10:54:33+00:00\",\"breadcrumb\":{\"@id\":\"https:\/\/romantic-sinoussi.152-228-147-242.plesk.page\/fr\/produit\/pro-dj400-black-2\/#breadcrumb\"},\"inLanguage\":\"fr-FR\",\"potentialAction\":[{\"@type\":\"ReadAction\",\"target\":[\"https:\/\/romantic-sinoussi.152-228-147-242.plesk.page\/fr\/produit\/pro-dj400-black-2\/\"]}]},{\"@type\":\"BreadcrumbList\",\"@id\":\"https:\/\/romantic-sinoussi.152-228-147-242.plesk.page\/fr\/produit\/pro-dj400-black-2\/#breadcrumb\",\"itemListElement\":[{\"@type\":\"ListItem\",\"position\":1,\"name\":\"Portada\",\"item\":\"https:\/\/romantic-sinoussi.152-228-147-242.plesk.page\/fr\/\"},{\"@type\":\"ListItem\",\"position\":2,\"name\":\"Products\",\"item\":\"https:\/\/romantic-sinoussi.152-228-147-242.plesk.page\/fr\/shop\/\"},{\"@type\":\"ListItem\",\"position\":3,\"name\":\"Pro DJ400 Black\"}]},{\"@type\":\"WebSite\",\"@id\":\"https:\/\/romantic-sinoussi.152-228-147-242.plesk.page\/fr\/#website\",\"url\":\"https:\/\/romantic-sinoussi.152-228-147-242.plesk.page\/fr\/\",\"name\":\"Audibax\",\"description\":\"\",\"publisher\":{\"@id\":\"https:\/\/romantic-sinoussi.152-228-147-242.plesk.page\/fr\/#organization\"},\"potentialAction\":[{\"@type\":\"SearchAction\",\"target\":{\"@type\":\"EntryPoint\",\"urlTemplate\":\"https:\/\/romantic-sinoussi.152-228-147-242.plesk.page\/fr\/?s={search_term_string}\"},\"query-input\":\"required name=search_term_string\"}],\"inLanguage\":\"fr-FR\"},{\"@type\":\"Organization\",\"@id\":\"https:\/\/romantic-sinoussi.152-228-147-242.plesk.page\/fr\/#organization\",\"name\":\"Audibax\",\"url\":\"https:\/\/romantic-sinoussi.152-228-147-242.plesk.page\/fr\/\",\"logo\":{\"@type\":\"ImageObject\",\"inLanguage\":\"fr-FR\",\"@id\":\"https:\/\/romantic-sinoussi.152-228-147-242.plesk.page\/fr\/#\/schema\/logo\/image\/\",\"url\":\"https:\/\/romantic-sinoussi.152-228-147-242.plesk.page\/wp-content\/uploads\/2023\/09\/logo-Audibax-BLANCO-SVG-1.svg\",\"contentUrl\":\"https:\/\/romantic-sinoussi.152-228-147-242.plesk.page\/wp-content\/uploads\/2023\/09\/logo-Audibax-BLANCO-SVG-1.svg\",\"width\":581,\"height\":146,\"caption\":\"Audibax\"},\"image\":{\"@id\":\"https:\/\/romantic-sinoussi.152-228-147-242.plesk.page\/fr\/#\/schema\/logo\/image\/\"}}]}<\/script>\n<!-- \/ Yoast SEO plugin. -->","yoast_head_json":{"title":"Pro DJ400 Black - Audibax","robots":{"index":"noindex","follow":"follow","max-snippet":"max-snippet:-1","max-image-preview":"max-image-preview:large","max-video-preview":"max-video-preview:-1"},"og_locale":"fr_FR","og_type":"article","og_title":"Pro DJ400 Black - Audibax","og_description":"Bords en aluminium 30 x 30 mm Rembourrage en mousse \u00e0 l'int\u00e9rieur Coins \u00e0 billes en acier moyen Porte avant et arri\u00e8re amovibles.","og_url":"https:\/\/romantic-sinoussi.152-228-147-242.plesk.page\/fr\/produit\/pro-dj400-black-2\/","og_site_name":"Audibax","twitter_card":"summary_large_image","twitter_misc":{"Dur\u00e9e de lecture estim\u00e9e":"2 minutes"},"schema":{"@context":"https:\/\/schema.org","@graph":[{"@type":"WebPage","@id":"https:\/\/romantic-sinoussi.152-228-147-242.plesk.page\/fr\/produit\/pro-dj400-black-2\/","url":"https:\/\/romantic-sinoussi.152-228-147-242.plesk.page\/fr\/produit\/pro-dj400-black-2\/","name":"Pro DJ400 Black - Audibax","isPartOf":{"@id":"https:\/\/romantic-sinoussi.152-228-147-242.plesk.page\/fr\/#website"},"datePublished":"2023-12-27T10:54:33+00:00","dateModified":"2023-12-27T10:54:33+00:00","breadcrumb":{"@id":"https:\/\/romantic-sinoussi.152-228-147-242.plesk.page\/fr\/produit\/pro-dj400-black-2\/#breadcrumb"},"inLanguage":"fr-FR","potentialAction":[{"@type":"ReadAction","target":["https:\/\/romantic-sinoussi.152-228-147-242.plesk.page\/fr\/produit\/pro-dj400-black-2\/"]}]},{"@type":"BreadcrumbList","@id":"https:\/\/romantic-sinoussi.152-228-147-242.plesk.page\/fr\/produit\/pro-dj400-black-2\/#breadcrumb","itemListElement":[{"@type":"ListItem","position":1,"name":"Portada","item":"https:\/\/romantic-sinoussi.152-228-147-242.plesk.page\/fr\/"},{"@type":"ListItem","position":2,"name":"Products","item":"https:\/\/romantic-sinoussi.152-228-147-242.plesk.page\/fr\/shop\/"},{"@type":"ListItem","position":3,"name":"Pro DJ400 Black"}]},{"@type":"WebSite","@id":"https:\/\/romantic-sinoussi.152-228-147-242.plesk.page\/fr\/#website","url":"https:\/\/romantic-sinoussi.152-228-147-242.plesk.page\/fr\/","name":"Audibax","description":"","publisher":{"@id":"https:\/\/romantic-sinoussi.152-228-147-242.plesk.page\/fr\/#organization"},"potentialAction":[{"@type":"SearchAction","target":{"@type":"EntryPoint","urlTemplate":"https:\/\/romantic-sinoussi.152-228-147-242.plesk.page\/fr\/?s={search_term_string}"},"query-input":"required name=search_term_string"}],"inLanguage":"fr-FR"},{"@type":"Organization","@id":"https:\/\/romantic-sinoussi.152-228-147-242.plesk.page\/fr\/#organization","name":"Audibax","url":"https:\/\/romantic-sinoussi.152-228-147-242.plesk.page\/fr\/","logo":{"@type":"ImageObject","inLanguage":"fr-FR","@id":"https:\/\/romantic-sinoussi.152-228-147-242.plesk.page\/fr\/#\/schema\/logo\/image\/","url":"https:\/\/romantic-sinoussi.152-228-147-242.plesk.page\/wp-content\/uploads\/2023\/09\/logo-Audibax-BLANCO-SVG-1.svg","contentUrl":"https:\/\/romantic-sinoussi.152-228-147-242.plesk.page\/wp-content\/uploads\/2023\/09\/logo-Audibax-BLANCO-SVG-1.svg","width":581,"height":146,"caption":"Audibax"},"image":{"@id":"https:\/\/romantic-sinoussi.152-228-147-242.plesk.page\/fr\/#\/schema\/logo\/image\/"}}]}},"_links":{"self":[{"href":"https:\/\/romantic-sinoussi.152-228-147-242.plesk.page\/fr\/wp-json\/wp\/v2\/product\/36558","targetHints":{"allow":["GET"]}}],"collection":[{"href":"https:\/\/romantic-sinoussi.152-228-147-242.plesk.page\/fr\/wp-json\/wp\/v2\/product"}],"about":[{"href":"https:\/\/romantic-sinoussi.152-228-147-242.plesk.page\/fr\/wp-json\/wp\/v2\/types\/product"}],"replies":[{"embeddable":true,"href":"https:\/\/romantic-sinoussi.152-228-147-242.plesk.page\/fr\/wp-json\/wp\/v2\/comments?post=36558"}],"wp:featuredmedia":[{"embeddable":true,"href":"https:\/\/romantic-sinoussi.152-228-147-242.plesk.page\/fr\/wp-json\/wp\/v2\/media\/18338"}],"wp:attachment":[{"href":"https:\/\/romantic-sinoussi.152-228-147-242.plesk.page\/fr\/wp-json\/wp\/v2\/media?parent=36558"}],"wp:term":[{"taxonomy":"product_cat","embeddable":true,"href":"https:\/\/romantic-sinoussi.152-228-147-242.plesk.page\/fr\/wp-json\/wp\/v2\/product_cat?post=36558"},{"taxonomy":"product_tag","embeddable":true,"href":"https:\/\/romantic-sinoussi.152-228-147-242.plesk.page\/fr\/wp-json\/wp\/v2\/product_tag?post=36558"}],"curies":[{"name":"wp","href":"https:\/\/api.w.org\/{rel}","templated":true}]}}