{"id":36578,"date":"2023-12-27T11:54:56","date_gmt":"2023-12-27T10:54:56","guid":{"rendered":"https:\/\/romantic-sinoussi.152-228-147-242.plesk.page\/product\/ha4000-blue-2\/"},"modified":"2023-12-27T11:54:56","modified_gmt":"2023-12-27T10:54:56","slug":"ha4000-blue-2","status":"publish","type":"product","link":"https:\/\/romantic-sinoussi.152-228-147-242.plesk.page\/fr\/produit\/ha4000-blue-2\/","title":{"rendered":"HA4000 Blue"},"content":{"rendered":"<ul>\n<li>Amplificateur de casque \u00e0 4 canaux<\/li>\n<li>Connecteur d&#8217;entr\u00e9e : 3.5mm, RCA<\/li>\n<li>Imp\u00e9dance d&#8217;entr\u00e9e : 1000K&Omega;<\/li>\n<li>Niveau de sortie maximum : + 22dB<\/li>\n<li>Connecteur de sortie : 6,35mm st\u00e9r\u00e9o<\/li>\n<li>Imp\u00e9dance de sortie : 10&#038;Omega ; min. chaque canal<\/li>\n<li>Gain maximum : 20 dB sur chaque canal<\/li>\n<li>Rapport signal\/bruit:&#038;gt ; 98dB<\/li>\n<li>Source : adaptateur inclus.<\/li>\n<\/ul>\n<p><img decoding=\"async\" alt=\"\" src=\"\/crm\/documents\/fckeditor\/image\/audibax-ha4000-inputs.jpg\" style=\"height:329px ; width:980px\" \/><\/p>\n<p><strong>Audibax HA4000<\/strong> est un <strong>amplificateur de casque multicanal extr\u00eamement compact et puissant<\/strong>.<\/p>\n<p> Pratiquement aliment\u00e9 par un adaptateur et log\u00e9 dans un ch\u00e2ssis en acier tremp\u00e9.<\/p>\n<p>Le <strong>Audibax HA4000<\/strong> est une petite b\u00eate robuste comprenant <strong>4 amplificateurs de casque haute puissance contr\u00f4lables ind\u00e9pendamment<\/strong>.<br \/> Un commutateur st\u00e9r\u00e9o\/mono pratique est \u00e9galement fourni pour une utilisation en cas de besoin.<\/p>\n<p> <strong>Combien de fois avez-vous voulu \u00e9couter le mixage \u00e0 travers une paire de casques en m\u00eame temps que quelqu&#8217;un d&#8217;autre,<br \/>mais il n&#8217;y en avait plus,Il est temps de vous procurer l&#8217;amplificateur de casque multicanal <strong>Audibax HA4000.<\/strong><\/p>\n<p> Chaque studio a besoin d&#8217;un amplificateur de casque flexible pour r\u00e9pondre \u00e0 une multitude de besoins en mati\u00e8re de surveillance.<\/p>\n<p> Parfois, vous devrez distribuer un signal de mani\u00e8re \u00e9gale sur 4 jeux de casques. <\/p>\n<p> D&#8217;autres fois, des mixages compl\u00e8tement diff\u00e9rents sont n\u00e9cessaires sur chaque casque.<\/p>\n<p> <strong>Audibax HA4000<\/strong> vous offre une solution tr\u00e8s flexible et abordable pour r\u00e9pondre \u00e0 tous vos besoins en mati\u00e8re de monitoring au casque.<\/p>\n<p>Avec le nouvel amplificateur Audibax \u00e0 4 canaux, vous disposerez de multiples applications de monitoring.<\/p>\n<p><img decoding=\"async\" alt=\"\" src=\"\/crm\/documents\/fckeditor\/image\/audibax-ha4000-applications.jpg\" style=\"height:516px ; width:654px\" \/><\/p>\n<p><nbsp;<\/p>\n<p>&nbsp;<\/p>\n","protected":false},"excerpt":{"rendered":"<ul>\n<li>Amplificateur de casque \u00e0 4 canaux<\/li>\n<li>Alimentation incluse<\/li>\n<li>Id\u00e9al pour les studios<\/li>\n<\/ul>\n<ul>\n<li>Amplificateur \u00e0 4 canaux<\/li>\n<li>Alimentation incluse<\/li>\n<li>Id\u00e9al pour les studios<\/li>\n<\/ul>\n<ul><\/ul>\n<ul>.<\/p>\n","protected":false},"featured_media":17240,"comment_status":"open","ping_status":"closed","template":"","meta":[],"product_cat":[347,243],"product_tag":[],"class_list":{"0":"post-36578","1":"product","2":"type-product","3":"status-publish","4":"has-post-thumbnail","6":"product_cat-amplificateurs-pour-casque-decoute","7":"product_cat-uncategorized","9":"first","10":"instock","11":"shipping-taxable","12":"product-type-simple"},"acf":[],"yoast_head":"<!-- This site is optimized with the Yoast SEO plugin v21.5 - https:\/\/yoast.com\/wordpress\/plugins\/seo\/ -->\n<title>HA4000 Blue - Audibax<\/title>\n<meta name=\"robots\" content=\"noindex, follow, max-snippet:-1, max-image-preview:large, max-video-preview:-1\" \/>\n<meta property=\"og:locale\" content=\"fr_FR\" \/>\n<meta property=\"og:type\" content=\"article\" \/>\n<meta property=\"og:title\" content=\"HA4000 Blue - Audibax\" \/>\n<meta property=\"og:description\" content=\"Amplificateur de casque \u00e0 4 canaux Alimentation incluse Id\u00e9al pour les studios  Amplificateur \u00e0 4 canaux Alimentation incluse Id\u00e9al pour les studios  .\" \/>\n<meta property=\"og:url\" content=\"https:\/\/romantic-sinoussi.152-228-147-242.plesk.page\/fr\/produit\/ha4000-blue-2\/\" \/>\n<meta property=\"og:site_name\" content=\"Audibax\" \/>\n<meta name=\"twitter:card\" content=\"summary_large_image\" \/>\n<meta name=\"twitter:label1\" content=\"Dur\u00e9e de lecture estim\u00e9e\" \/>\n\t<meta name=\"twitter:data1\" content=\"1 minute\" \/>\n<script type=\"application\/ld+json\" class=\"yoast-schema-graph\">{\"@context\":\"https:\/\/schema.org\",\"@graph\":[{\"@type\":\"WebPage\",\"@id\":\"https:\/\/romantic-sinoussi.152-228-147-242.plesk.page\/fr\/produit\/ha4000-blue-2\/\",\"url\":\"https:\/\/romantic-sinoussi.152-228-147-242.plesk.page\/fr\/produit\/ha4000-blue-2\/\",\"name\":\"HA4000 Blue - Audibax\",\"isPartOf\":{\"@id\":\"https:\/\/romantic-sinoussi.152-228-147-242.plesk.page\/fr\/#website\"},\"datePublished\":\"2023-12-27T10:54:56+00:00\",\"dateModified\":\"2023-12-27T10:54:56+00:00\",\"breadcrumb\":{\"@id\":\"https:\/\/romantic-sinoussi.152-228-147-242.plesk.page\/fr\/produit\/ha4000-blue-2\/#breadcrumb\"},\"inLanguage\":\"fr-FR\",\"potentialAction\":[{\"@type\":\"ReadAction\",\"target\":[\"https:\/\/romantic-sinoussi.152-228-147-242.plesk.page\/fr\/produit\/ha4000-blue-2\/\"]}]},{\"@type\":\"BreadcrumbList\",\"@id\":\"https:\/\/romantic-sinoussi.152-228-147-242.plesk.page\/fr\/produit\/ha4000-blue-2\/#breadcrumb\",\"itemListElement\":[{\"@type\":\"ListItem\",\"position\":1,\"name\":\"Portada\",\"item\":\"https:\/\/romantic-sinoussi.152-228-147-242.plesk.page\/fr\/\"},{\"@type\":\"ListItem\",\"position\":2,\"name\":\"Products\",\"item\":\"https:\/\/romantic-sinoussi.152-228-147-242.plesk.page\/fr\/shop\/\"},{\"@type\":\"ListItem\",\"position\":3,\"name\":\"HA4000 Blue\"}]},{\"@type\":\"WebSite\",\"@id\":\"https:\/\/romantic-sinoussi.152-228-147-242.plesk.page\/fr\/#website\",\"url\":\"https:\/\/romantic-sinoussi.152-228-147-242.plesk.page\/fr\/\",\"name\":\"Audibax\",\"description\":\"\",\"publisher\":{\"@id\":\"https:\/\/romantic-sinoussi.152-228-147-242.plesk.page\/fr\/#organization\"},\"potentialAction\":[{\"@type\":\"SearchAction\",\"target\":{\"@type\":\"EntryPoint\",\"urlTemplate\":\"https:\/\/romantic-sinoussi.152-228-147-242.plesk.page\/fr\/?s={search_term_string}\"},\"query-input\":\"required name=search_term_string\"}],\"inLanguage\":\"fr-FR\"},{\"@type\":\"Organization\",\"@id\":\"https:\/\/romantic-sinoussi.152-228-147-242.plesk.page\/fr\/#organization\",\"name\":\"Audibax\",\"url\":\"https:\/\/romantic-sinoussi.152-228-147-242.plesk.page\/fr\/\",\"logo\":{\"@type\":\"ImageObject\",\"inLanguage\":\"fr-FR\",\"@id\":\"https:\/\/romantic-sinoussi.152-228-147-242.plesk.page\/fr\/#\/schema\/logo\/image\/\",\"url\":\"https:\/\/romantic-sinoussi.152-228-147-242.plesk.page\/wp-content\/uploads\/2023\/09\/logo-Audibax-BLANCO-SVG-1.svg\",\"contentUrl\":\"https:\/\/romantic-sinoussi.152-228-147-242.plesk.page\/wp-content\/uploads\/2023\/09\/logo-Audibax-BLANCO-SVG-1.svg\",\"width\":581,\"height\":146,\"caption\":\"Audibax\"},\"image\":{\"@id\":\"https:\/\/romantic-sinoussi.152-228-147-242.plesk.page\/fr\/#\/schema\/logo\/image\/\"}}]}<\/script>\n<!-- \/ Yoast SEO plugin. -->","yoast_head_json":{"title":"HA4000 Blue - Audibax","robots":{"index":"noindex","follow":"follow","max-snippet":"max-snippet:-1","max-image-preview":"max-image-preview:large","max-video-preview":"max-video-preview:-1"},"og_locale":"fr_FR","og_type":"article","og_title":"HA4000 Blue - Audibax","og_description":"Amplificateur de casque \u00e0 4 canaux Alimentation incluse Id\u00e9al pour les studios  Amplificateur \u00e0 4 canaux Alimentation incluse Id\u00e9al pour les studios  .","og_url":"https:\/\/romantic-sinoussi.152-228-147-242.plesk.page\/fr\/produit\/ha4000-blue-2\/","og_site_name":"Audibax","twitter_card":"summary_large_image","twitter_misc":{"Dur\u00e9e de lecture estim\u00e9e":"1 minute"},"schema":{"@context":"https:\/\/schema.org","@graph":[{"@type":"WebPage","@id":"https:\/\/romantic-sinoussi.152-228-147-242.plesk.page\/fr\/produit\/ha4000-blue-2\/","url":"https:\/\/romantic-sinoussi.152-228-147-242.plesk.page\/fr\/produit\/ha4000-blue-2\/","name":"HA4000 Blue - Audibax","isPartOf":{"@id":"https:\/\/romantic-sinoussi.152-228-147-242.plesk.page\/fr\/#website"},"datePublished":"2023-12-27T10:54:56+00:00","dateModified":"2023-12-27T10:54:56+00:00","breadcrumb":{"@id":"https:\/\/romantic-sinoussi.152-228-147-242.plesk.page\/fr\/produit\/ha4000-blue-2\/#breadcrumb"},"inLanguage":"fr-FR","potentialAction":[{"@type":"ReadAction","target":["https:\/\/romantic-sinoussi.152-228-147-242.plesk.page\/fr\/produit\/ha4000-blue-2\/"]}]},{"@type":"BreadcrumbList","@id":"https:\/\/romantic-sinoussi.152-228-147-242.plesk.page\/fr\/produit\/ha4000-blue-2\/#breadcrumb","itemListElement":[{"@type":"ListItem","position":1,"name":"Portada","item":"https:\/\/romantic-sinoussi.152-228-147-242.plesk.page\/fr\/"},{"@type":"ListItem","position":2,"name":"Products","item":"https:\/\/romantic-sinoussi.152-228-147-242.plesk.page\/fr\/shop\/"},{"@type":"ListItem","position":3,"name":"HA4000 Blue"}]},{"@type":"WebSite","@id":"https:\/\/romantic-sinoussi.152-228-147-242.plesk.page\/fr\/#website","url":"https:\/\/romantic-sinoussi.152-228-147-242.plesk.page\/fr\/","name":"Audibax","description":"","publisher":{"@id":"https:\/\/romantic-sinoussi.152-228-147-242.plesk.page\/fr\/#organization"},"potentialAction":[{"@type":"SearchAction","target":{"@type":"EntryPoint","urlTemplate":"https:\/\/romantic-sinoussi.152-228-147-242.plesk.page\/fr\/?s={search_term_string}"},"query-input":"required name=search_term_string"}],"inLanguage":"fr-FR"},{"@type":"Organization","@id":"https:\/\/romantic-sinoussi.152-228-147-242.plesk.page\/fr\/#organization","name":"Audibax","url":"https:\/\/romantic-sinoussi.152-228-147-242.plesk.page\/fr\/","logo":{"@type":"ImageObject","inLanguage":"fr-FR","@id":"https:\/\/romantic-sinoussi.152-228-147-242.plesk.page\/fr\/#\/schema\/logo\/image\/","url":"https:\/\/romantic-sinoussi.152-228-147-242.plesk.page\/wp-content\/uploads\/2023\/09\/logo-Audibax-BLANCO-SVG-1.svg","contentUrl":"https:\/\/romantic-sinoussi.152-228-147-242.plesk.page\/wp-content\/uploads\/2023\/09\/logo-Audibax-BLANCO-SVG-1.svg","width":581,"height":146,"caption":"Audibax"},"image":{"@id":"https:\/\/romantic-sinoussi.152-228-147-242.plesk.page\/fr\/#\/schema\/logo\/image\/"}}]}},"_links":{"self":[{"href":"https:\/\/romantic-sinoussi.152-228-147-242.plesk.page\/fr\/wp-json\/wp\/v2\/product\/36578","targetHints":{"allow":["GET"]}}],"collection":[{"href":"https:\/\/romantic-sinoussi.152-228-147-242.plesk.page\/fr\/wp-json\/wp\/v2\/product"}],"about":[{"href":"https:\/\/romantic-sinoussi.152-228-147-242.plesk.page\/fr\/wp-json\/wp\/v2\/types\/product"}],"replies":[{"embeddable":true,"href":"https:\/\/romantic-sinoussi.152-228-147-242.plesk.page\/fr\/wp-json\/wp\/v2\/comments?post=36578"}],"wp:featuredmedia":[{"embeddable":true,"href":"https:\/\/romantic-sinoussi.152-228-147-242.plesk.page\/fr\/wp-json\/wp\/v2\/media\/17240"}],"wp:attachment":[{"href":"https:\/\/romantic-sinoussi.152-228-147-242.plesk.page\/fr\/wp-json\/wp\/v2\/media?parent=36578"}],"wp:term":[{"taxonomy":"product_cat","embeddable":true,"href":"https:\/\/romantic-sinoussi.152-228-147-242.plesk.page\/fr\/wp-json\/wp\/v2\/product_cat?post=36578"},{"taxonomy":"product_tag","embeddable":true,"href":"https:\/\/romantic-sinoussi.152-228-147-242.plesk.page\/fr\/wp-json\/wp\/v2\/product_tag?post=36578"}],"curies":[{"name":"wp","href":"https:\/\/api.w.org\/{rel}","templated":true}]}}