{"id":36590,"date":"2023-12-27T11:55:16","date_gmt":"2023-12-27T10:55:16","guid":{"rendered":"https:\/\/romantic-sinoussi.152-228-147-242.plesk.page\/product\/control-192-grey-2\/"},"modified":"2023-12-27T11:55:16","modified_gmt":"2023-12-27T10:55:16","slug":"control-192-grey-2","status":"publish","type":"product","link":"https:\/\/romantic-sinoussi.152-228-147-242.plesk.page\/fr\/product\/control-192-grey-2\/","title":{"rendered":"Control 192 Grey"},"content":{"rendered":"<\/p>\n<p><strong>Caract\u00e9ristiques<\/strong><\/strong><\/p>\n<ul>\n<li>Le <strong>Audibax Control 192&nbsp;<\/strong>est un contr\u00f4leur de discoth\u00e8que 512 DMX avec 192 canaux.<\/li>\n<li>Notre&nbsp;<strong>Audibax Control 192<\/strong>&nbsp;est capable de contr\u00f4ler 12 appareils avec 16 canaux DMX chacun.<\/li>\n<li>Il a la possibilit\u00e9 de programmer 30 banques de 8 pas par sc\u00e8ne.<\/li>\n<li>Il fonctionne en mode manuel, automatique et sonore.<\/li>\n<li>A l&#8217;arri\u00e8re, il dispose d&#8217;un connecteur XLR \u00e0 3 broches con\u00e7u pour l&#8217;interface de sortie DMX512.<\/li>\n<\/ul>\n<p><strong>Sp\u00e9cifications<\/strong><\/p>\n<ul>\n<li>Nombre de canaux : 192<\/li>\n<li>Contr\u00f4le de 12 appareils avec 16 canaux DMX chacun<\/li>\n<li>Mode de contr\u00f4le : Manuel, Auto, Son&nbsp;<\/li>\n<li>Posiblidiad pour pr\u00e9programmer les chases et les s\u00e9quences sur les faders<\/li>\n<li>Contr\u00f4le du temps de sc\u00e8ne et du temps de chase.Signal de sortie standard international DMX512<\/li>\n<li>Programmez 30 banques de 8 pas par sc\u00e8ne<\/li>\n<li>Nombre maximum de pas de chenillard (sc\u00e8ne) : 40 pas<\/li>\n<li>Nombre total de pas de poursuite (sc\u00e8ne) : 480 pas<\/li>\n<li>Temps de pause de la sc\u00e8ne : 0,1-25,5 secondes\/pas<\/li>\n<li>Vitesse de changement de sc\u00e8ne : 0,1-25,5 secondes<\/li>\n<li>Canal d&#8217;att\u00e9nuation : 24CH<\/li>\n<li>\u00c9cran d&#8217;affichage LCD, 16&fois;2 caract\u00e8res<\/li>\n<li>Interface de sortieDMX512 connecteur XLR 3 broches<\/li>\n<li>Capacit\u00e9 de m\u00e9moire : Carte m\u00e9moire haute capacit\u00e9 128K<\/li>\n<li>Tension : 220-240V 50\/60Hz<\/li>\n<li>Tension d&#8217;entr\u00e9e : 50 \/ 60HZ&mdash;5V \/ 2000MA<\/li>\n<li>Mesures : 483mm&mash;178mm&mash;80mm<\/li>\n<li>Poids : 3.25kg<\/li>\n<\/ul>\n","protected":false},"excerpt":{"rendered":"<ul>\n<li>Contr\u00f4leur DMX512<\/li>\n<li>Nombre total de canaux 192 canaux<\/li>\n<li>Contr\u00f4leur DMX512<\/li>\n<li>Nombre total de canaux 192 canaux<\/li>\n<li>Contr\u00f4leur DMX512<\/li>\n<li>Contr\u00f4leur DMX512Contr\u00f4le de 12 appareils avec 16 canaux DMX chacun<\/li>\n<li>Programmez 30 banques de 8 \u00e9tapes par sc\u00e8ne<\/li>\n<\/ul>\n<\/ul>\n","protected":false},"featured_media":18221,"comment_status":"open","ping_status":"closed","template":"","meta":[],"product_cat":[243],"product_tag":[],"class_list":{"0":"post-36590","1":"product","2":"type-product","3":"status-publish","4":"has-post-thumbnail","6":"product_cat-uncategorized","8":"first","9":"instock","10":"shipping-taxable","11":"product-type-simple"},"acf":[],"yoast_head":"<!-- This site is optimized with the Yoast SEO plugin v21.5 - https:\/\/yoast.com\/wordpress\/plugins\/seo\/ -->\n<title>Control 192 Grey - Audibax<\/title>\n<meta name=\"robots\" content=\"noindex, follow, max-snippet:-1, max-image-preview:large, max-video-preview:-1\" \/>\n<meta property=\"og:locale\" content=\"fr_FR\" \/>\n<meta property=\"og:type\" content=\"article\" \/>\n<meta property=\"og:title\" content=\"Control 192 Grey - Audibax\" \/>\n<meta property=\"og:description\" content=\"Contr\u00f4leur DMX512 Nombre total de canaux 192 canaux Contr\u00f4leur DMX512 Nombre total de canaux 192 canaux Contr\u00f4leur DMX512 Contr\u00f4leur DMX512Contr\u00f4le de 12 appareils avec 16 canaux DMX chacun Programmez 30 banques de 8 \u00e9tapes par sc\u00e8ne\" \/>\n<meta property=\"og:url\" content=\"https:\/\/romantic-sinoussi.152-228-147-242.plesk.page\/fr\/product\/control-192-grey-2\/\" \/>\n<meta property=\"og:site_name\" content=\"Audibax\" \/>\n<meta name=\"twitter:card\" content=\"summary_large_image\" \/>\n<meta name=\"twitter:label1\" content=\"Dur\u00e9e de lecture estim\u00e9e\" \/>\n\t<meta name=\"twitter:data1\" content=\"1 minute\" \/>\n<script type=\"application\/ld+json\" class=\"yoast-schema-graph\">{\"@context\":\"https:\/\/schema.org\",\"@graph\":[{\"@type\":\"WebPage\",\"@id\":\"https:\/\/romantic-sinoussi.152-228-147-242.plesk.page\/fr\/product\/control-192-grey-2\/\",\"url\":\"https:\/\/romantic-sinoussi.152-228-147-242.plesk.page\/fr\/product\/control-192-grey-2\/\",\"name\":\"Control 192 Grey - Audibax\",\"isPartOf\":{\"@id\":\"https:\/\/romantic-sinoussi.152-228-147-242.plesk.page\/fr\/#website\"},\"datePublished\":\"2023-12-27T10:55:16+00:00\",\"dateModified\":\"2023-12-27T10:55:16+00:00\",\"breadcrumb\":{\"@id\":\"https:\/\/romantic-sinoussi.152-228-147-242.plesk.page\/fr\/product\/control-192-grey-2\/#breadcrumb\"},\"inLanguage\":\"fr-FR\",\"potentialAction\":[{\"@type\":\"ReadAction\",\"target\":[\"https:\/\/romantic-sinoussi.152-228-147-242.plesk.page\/fr\/product\/control-192-grey-2\/\"]}]},{\"@type\":\"BreadcrumbList\",\"@id\":\"https:\/\/romantic-sinoussi.152-228-147-242.plesk.page\/fr\/product\/control-192-grey-2\/#breadcrumb\",\"itemListElement\":[{\"@type\":\"ListItem\",\"position\":1,\"name\":\"Portada\",\"item\":\"https:\/\/romantic-sinoussi.152-228-147-242.plesk.page\/fr\/\"},{\"@type\":\"ListItem\",\"position\":2,\"name\":\"Products\",\"item\":\"https:\/\/romantic-sinoussi.152-228-147-242.plesk.page\/fr\/shop\/\"},{\"@type\":\"ListItem\",\"position\":3,\"name\":\"Control 192 Grey\"}]},{\"@type\":\"WebSite\",\"@id\":\"https:\/\/romantic-sinoussi.152-228-147-242.plesk.page\/fr\/#website\",\"url\":\"https:\/\/romantic-sinoussi.152-228-147-242.plesk.page\/fr\/\",\"name\":\"Audibax\",\"description\":\"\",\"publisher\":{\"@id\":\"https:\/\/romantic-sinoussi.152-228-147-242.plesk.page\/fr\/#organization\"},\"potentialAction\":[{\"@type\":\"SearchAction\",\"target\":{\"@type\":\"EntryPoint\",\"urlTemplate\":\"https:\/\/romantic-sinoussi.152-228-147-242.plesk.page\/fr\/?s={search_term_string}\"},\"query-input\":\"required name=search_term_string\"}],\"inLanguage\":\"fr-FR\"},{\"@type\":\"Organization\",\"@id\":\"https:\/\/romantic-sinoussi.152-228-147-242.plesk.page\/fr\/#organization\",\"name\":\"Audibax\",\"url\":\"https:\/\/romantic-sinoussi.152-228-147-242.plesk.page\/fr\/\",\"logo\":{\"@type\":\"ImageObject\",\"inLanguage\":\"fr-FR\",\"@id\":\"https:\/\/romantic-sinoussi.152-228-147-242.plesk.page\/fr\/#\/schema\/logo\/image\/\",\"url\":\"https:\/\/romantic-sinoussi.152-228-147-242.plesk.page\/wp-content\/uploads\/2023\/09\/logo-Audibax-BLANCO-SVG-1.svg\",\"contentUrl\":\"https:\/\/romantic-sinoussi.152-228-147-242.plesk.page\/wp-content\/uploads\/2023\/09\/logo-Audibax-BLANCO-SVG-1.svg\",\"width\":581,\"height\":146,\"caption\":\"Audibax\"},\"image\":{\"@id\":\"https:\/\/romantic-sinoussi.152-228-147-242.plesk.page\/fr\/#\/schema\/logo\/image\/\"}}]}<\/script>\n<!-- \/ Yoast SEO plugin. -->","yoast_head_json":{"title":"Control 192 Grey - Audibax","robots":{"index":"noindex","follow":"follow","max-snippet":"max-snippet:-1","max-image-preview":"max-image-preview:large","max-video-preview":"max-video-preview:-1"},"og_locale":"fr_FR","og_type":"article","og_title":"Control 192 Grey - Audibax","og_description":"Contr\u00f4leur DMX512 Nombre total de canaux 192 canaux Contr\u00f4leur DMX512 Nombre total de canaux 192 canaux Contr\u00f4leur DMX512 Contr\u00f4leur DMX512Contr\u00f4le de 12 appareils avec 16 canaux DMX chacun Programmez 30 banques de 8 \u00e9tapes par sc\u00e8ne","og_url":"https:\/\/romantic-sinoussi.152-228-147-242.plesk.page\/fr\/product\/control-192-grey-2\/","og_site_name":"Audibax","twitter_card":"summary_large_image","twitter_misc":{"Dur\u00e9e de lecture estim\u00e9e":"1 minute"},"schema":{"@context":"https:\/\/schema.org","@graph":[{"@type":"WebPage","@id":"https:\/\/romantic-sinoussi.152-228-147-242.plesk.page\/fr\/product\/control-192-grey-2\/","url":"https:\/\/romantic-sinoussi.152-228-147-242.plesk.page\/fr\/product\/control-192-grey-2\/","name":"Control 192 Grey - Audibax","isPartOf":{"@id":"https:\/\/romantic-sinoussi.152-228-147-242.plesk.page\/fr\/#website"},"datePublished":"2023-12-27T10:55:16+00:00","dateModified":"2023-12-27T10:55:16+00:00","breadcrumb":{"@id":"https:\/\/romantic-sinoussi.152-228-147-242.plesk.page\/fr\/product\/control-192-grey-2\/#breadcrumb"},"inLanguage":"fr-FR","potentialAction":[{"@type":"ReadAction","target":["https:\/\/romantic-sinoussi.152-228-147-242.plesk.page\/fr\/product\/control-192-grey-2\/"]}]},{"@type":"BreadcrumbList","@id":"https:\/\/romantic-sinoussi.152-228-147-242.plesk.page\/fr\/product\/control-192-grey-2\/#breadcrumb","itemListElement":[{"@type":"ListItem","position":1,"name":"Portada","item":"https:\/\/romantic-sinoussi.152-228-147-242.plesk.page\/fr\/"},{"@type":"ListItem","position":2,"name":"Products","item":"https:\/\/romantic-sinoussi.152-228-147-242.plesk.page\/fr\/shop\/"},{"@type":"ListItem","position":3,"name":"Control 192 Grey"}]},{"@type":"WebSite","@id":"https:\/\/romantic-sinoussi.152-228-147-242.plesk.page\/fr\/#website","url":"https:\/\/romantic-sinoussi.152-228-147-242.plesk.page\/fr\/","name":"Audibax","description":"","publisher":{"@id":"https:\/\/romantic-sinoussi.152-228-147-242.plesk.page\/fr\/#organization"},"potentialAction":[{"@type":"SearchAction","target":{"@type":"EntryPoint","urlTemplate":"https:\/\/romantic-sinoussi.152-228-147-242.plesk.page\/fr\/?s={search_term_string}"},"query-input":"required name=search_term_string"}],"inLanguage":"fr-FR"},{"@type":"Organization","@id":"https:\/\/romantic-sinoussi.152-228-147-242.plesk.page\/fr\/#organization","name":"Audibax","url":"https:\/\/romantic-sinoussi.152-228-147-242.plesk.page\/fr\/","logo":{"@type":"ImageObject","inLanguage":"fr-FR","@id":"https:\/\/romantic-sinoussi.152-228-147-242.plesk.page\/fr\/#\/schema\/logo\/image\/","url":"https:\/\/romantic-sinoussi.152-228-147-242.plesk.page\/wp-content\/uploads\/2023\/09\/logo-Audibax-BLANCO-SVG-1.svg","contentUrl":"https:\/\/romantic-sinoussi.152-228-147-242.plesk.page\/wp-content\/uploads\/2023\/09\/logo-Audibax-BLANCO-SVG-1.svg","width":581,"height":146,"caption":"Audibax"},"image":{"@id":"https:\/\/romantic-sinoussi.152-228-147-242.plesk.page\/fr\/#\/schema\/logo\/image\/"}}]}},"_links":{"self":[{"href":"https:\/\/romantic-sinoussi.152-228-147-242.plesk.page\/fr\/wp-json\/wp\/v2\/product\/36590","targetHints":{"allow":["GET"]}}],"collection":[{"href":"https:\/\/romantic-sinoussi.152-228-147-242.plesk.page\/fr\/wp-json\/wp\/v2\/product"}],"about":[{"href":"https:\/\/romantic-sinoussi.152-228-147-242.plesk.page\/fr\/wp-json\/wp\/v2\/types\/product"}],"replies":[{"embeddable":true,"href":"https:\/\/romantic-sinoussi.152-228-147-242.plesk.page\/fr\/wp-json\/wp\/v2\/comments?post=36590"}],"wp:featuredmedia":[{"embeddable":true,"href":"https:\/\/romantic-sinoussi.152-228-147-242.plesk.page\/fr\/wp-json\/wp\/v2\/media\/18221"}],"wp:attachment":[{"href":"https:\/\/romantic-sinoussi.152-228-147-242.plesk.page\/fr\/wp-json\/wp\/v2\/media?parent=36590"}],"wp:term":[{"taxonomy":"product_cat","embeddable":true,"href":"https:\/\/romantic-sinoussi.152-228-147-242.plesk.page\/fr\/wp-json\/wp\/v2\/product_cat?post=36590"},{"taxonomy":"product_tag","embeddable":true,"href":"https:\/\/romantic-sinoussi.152-228-147-242.plesk.page\/fr\/wp-json\/wp\/v2\/product_tag?post=36590"}],"curies":[{"name":"wp","href":"https:\/\/api.w.org\/{rel}","templated":true}]}}