{"id":36600,"date":"2023-12-27T11:55:30","date_gmt":"2023-12-27T10:55:30","guid":{"rendered":"https:\/\/romantic-sinoussi.152-228-147-242.plesk.page\/product\/bar-243-black-2\/"},"modified":"2023-12-27T11:55:30","modified_gmt":"2023-12-27T10:55:30","slug":"bar-243-black-2","status":"publish","type":"product","link":"https:\/\/romantic-sinoussi.152-228-147-242.plesk.page\/fr\/produit\/bar-243-black-2\/","title":{"rendered":"Bar 243 Black"},"content":{"rendered":"<\/p>\n<p><strong>Caract\u00e9ristiques<\/strong><\/p>\n<ul>\n<ul>\n<li>La <strong>Audibax Bar 243 RGB<\/strong>&nbsp;est une barre lumineuse qui \u00e9met une source de lumi\u00e8re LED puissante et vivement color\u00e9e, g\u00e9n\u00e9rant des combinaisons de couleurs qui cr\u00e9ent une exp\u00e9rience d&#8217;\u00e9clairage fantastique et unique.Elle \u00e9met une puissante source de lumi\u00e8re LED aux couleurs vives, g\u00e9n\u00e9rant des combinaisons de couleurs qui cr\u00e9ent une exp\u00e9rience d&#8217;\u00e9clairage fantastique.<\/li>\n<li>Notre <strong>Bar 243 RGB<\/strong>&nbsp;barre d&#8217;\u00e9clairage&nbsp;est compos\u00e9e de 24 lampes LED RVB 3-en-1 d&#8217;une puissance de 3W.<\/li>\n<li>Elle fonctionne en mode DMX512, ma\u00eetre-esclave, auto et son.<\/li>\n<li>Elle a une construction robuste et est pr\u00eate \u00e0 \u00eatre install\u00e9e aussi bien au plafond qu&#8217;au sol.<\/li>\n<li>Toutes les fonctions importantes peuvent \u00eatre contr\u00f4l\u00e9es \u00e0 partir de l&#8217;\u00e9cran LED ou \u00e0 l&#8217;aide de la t\u00e9l\u00e9commande fournie.<\/li>\n<\/ul>\n<p><strong>Sp\u00e9cifications<\/strong><\/p>\n<ul>\n<li>Barre de LED RVB,&#038;nbsp ; 24 leds 3 W<\/li>\n<li>Puissance :&nbsp;80W<\/li>\n<li>Source lumineuse : 24 x 3W LED RGB 3 en 1&nbsp;<\/li>\n<li>Mode DMX : 2, 4, 6, 7, 7, 12, 24 CH<\/li>\n<li>Mode de contr\u00f4le : DMX512, ma\u00eetre-esclave, AUTO, son<\/li>\n<li>Contr\u00f4le des pixels : 8 sections de 3 led<\/li>\n<li>Voltage : AC90V-240V 50HZ\/60HZ&nbsp;<\/li>\n<li>Inclut une t\u00e9l\u00e9commande<\/li>\n<li>Construction robuste<\/li>\n<li>Installation au plafond ou au sol<\/li>\n<li>Couleur : Noir<\/li>\n<li>Mesures : 105 x 6.5 x 6,5 x 8 cm<\/li>\n<\/ul>\n<li>Dimensions : 105 x 6,5 x 8 cm<\/li>\n<\/ul>\n","protected":false},"excerpt":{"rendered":"<ul>\n<li>La <strong>Audibax Bar 243 RGB<\/strong>&nbsp;<strong>Audibax Bar 243 RGB<\/strong>&nbsp;est une barre lumineuse qui \u00e9met une puissante source lumineuse LED aux couleurs vives, g\u00e9n\u00e9rant des combinaisons de couleurs qui cr\u00e9ent une exp\u00e9rience d&#8217;\u00e9clairage fantastique.<\/li>\n<li>Notre <strong>Bar 243 RGB<\/strong>&nbsp;barre lumineuse&nbsp;est compos\u00e9e de 24 lampes LED RVB 3-en-1 d&#8217;une puissance de 3W.<\/li>\n<li>Elle fonctionne en mode DMX512, ma\u00eetre-esclave, auto et son.<\/li>\n<li>Contr\u00f4le des pixels : 8 sections de 3 LED<\/li>\n<\/ul>\n<\/ul>\n<li>Contr\u00f4le des pixels : 8 sections de 3 LED<\/li>\n<\/ul>\n<li>Mode DMX512 : 8 sections de 3 LED<\/li>\n<\/ul>\n<\/ul>\n<\/ul>\n<\/ul>\n<p>.<\/p>\n","protected":false},"featured_media":17912,"comment_status":"open","ping_status":"closed","template":"","meta":[],"product_cat":[353,243],"product_tag":[],"class_list":{"0":"post-36600","1":"product","2":"type-product","3":"status-publish","4":"has-post-thumbnail","6":"product_cat-barre-a-led","7":"product_cat-uncategorized","9":"first","10":"instock","11":"shipping-taxable","12":"product-type-simple"},"acf":[],"yoast_head":"<!-- This site is optimized with the Yoast SEO plugin v21.5 - https:\/\/yoast.com\/wordpress\/plugins\/seo\/ -->\n<title>Bar 243 Black - Audibax<\/title>\n<meta name=\"robots\" content=\"noindex, follow, max-snippet:-1, max-image-preview:large, max-video-preview:-1\" \/>\n<meta property=\"og:locale\" content=\"fr_FR\" \/>\n<meta property=\"og:type\" content=\"article\" \/>\n<meta property=\"og:title\" content=\"Bar 243 Black - Audibax\" \/>\n<meta property=\"og:description\" content=\"La Audibax Bar 243 RGB&nbsp;Audibax Bar 243 RGB&nbsp;est une barre lumineuse qui \u00e9met une puissante source lumineuse LED aux couleurs vives, g\u00e9n\u00e9rant des combinaisons de couleurs qui cr\u00e9ent une exp\u00e9rience d&#039;\u00e9clairage fantastique. Notre Bar 243 RGB&nbsp;barre lumineuse&nbsp;est compos\u00e9e de 24 lampes LED RVB 3-en-1 d&#039;une puissance de 3W. Elle fonctionne en mode DMX512, ma\u00eetre-esclave, auto et son. Contr\u00f4le des pixels : 8 sections de 3 LED  Contr\u00f4le des pixels : 8 sections de 3 LED Mode DMX512 : 8 sections de 3 LED  .\" \/>\n<meta property=\"og:url\" content=\"https:\/\/romantic-sinoussi.152-228-147-242.plesk.page\/fr\/produit\/bar-243-black-2\/\" \/>\n<meta property=\"og:site_name\" content=\"Audibax\" \/>\n<meta name=\"twitter:card\" content=\"summary_large_image\" \/>\n<meta name=\"twitter:label1\" content=\"Dur\u00e9e de lecture estim\u00e9e\" \/>\n\t<meta name=\"twitter:data1\" content=\"1 minute\" \/>\n<script type=\"application\/ld+json\" class=\"yoast-schema-graph\">{\"@context\":\"https:\/\/schema.org\",\"@graph\":[{\"@type\":\"WebPage\",\"@id\":\"https:\/\/romantic-sinoussi.152-228-147-242.plesk.page\/fr\/produit\/bar-243-black-2\/\",\"url\":\"https:\/\/romantic-sinoussi.152-228-147-242.plesk.page\/fr\/produit\/bar-243-black-2\/\",\"name\":\"Bar 243 Black - Audibax\",\"isPartOf\":{\"@id\":\"https:\/\/romantic-sinoussi.152-228-147-242.plesk.page\/fr\/#website\"},\"datePublished\":\"2023-12-27T10:55:30+00:00\",\"dateModified\":\"2023-12-27T10:55:30+00:00\",\"breadcrumb\":{\"@id\":\"https:\/\/romantic-sinoussi.152-228-147-242.plesk.page\/fr\/produit\/bar-243-black-2\/#breadcrumb\"},\"inLanguage\":\"fr-FR\",\"potentialAction\":[{\"@type\":\"ReadAction\",\"target\":[\"https:\/\/romantic-sinoussi.152-228-147-242.plesk.page\/fr\/produit\/bar-243-black-2\/\"]}]},{\"@type\":\"BreadcrumbList\",\"@id\":\"https:\/\/romantic-sinoussi.152-228-147-242.plesk.page\/fr\/produit\/bar-243-black-2\/#breadcrumb\",\"itemListElement\":[{\"@type\":\"ListItem\",\"position\":1,\"name\":\"Portada\",\"item\":\"https:\/\/romantic-sinoussi.152-228-147-242.plesk.page\/fr\/\"},{\"@type\":\"ListItem\",\"position\":2,\"name\":\"Products\",\"item\":\"https:\/\/romantic-sinoussi.152-228-147-242.plesk.page\/fr\/shop\/\"},{\"@type\":\"ListItem\",\"position\":3,\"name\":\"Bar 243 Black\"}]},{\"@type\":\"WebSite\",\"@id\":\"https:\/\/romantic-sinoussi.152-228-147-242.plesk.page\/fr\/#website\",\"url\":\"https:\/\/romantic-sinoussi.152-228-147-242.plesk.page\/fr\/\",\"name\":\"Audibax\",\"description\":\"\",\"publisher\":{\"@id\":\"https:\/\/romantic-sinoussi.152-228-147-242.plesk.page\/fr\/#organization\"},\"potentialAction\":[{\"@type\":\"SearchAction\",\"target\":{\"@type\":\"EntryPoint\",\"urlTemplate\":\"https:\/\/romantic-sinoussi.152-228-147-242.plesk.page\/fr\/?s={search_term_string}\"},\"query-input\":\"required name=search_term_string\"}],\"inLanguage\":\"fr-FR\"},{\"@type\":\"Organization\",\"@id\":\"https:\/\/romantic-sinoussi.152-228-147-242.plesk.page\/fr\/#organization\",\"name\":\"Audibax\",\"url\":\"https:\/\/romantic-sinoussi.152-228-147-242.plesk.page\/fr\/\",\"logo\":{\"@type\":\"ImageObject\",\"inLanguage\":\"fr-FR\",\"@id\":\"https:\/\/romantic-sinoussi.152-228-147-242.plesk.page\/fr\/#\/schema\/logo\/image\/\",\"url\":\"https:\/\/romantic-sinoussi.152-228-147-242.plesk.page\/wp-content\/uploads\/2023\/09\/logo-Audibax-BLANCO-SVG-1.svg\",\"contentUrl\":\"https:\/\/romantic-sinoussi.152-228-147-242.plesk.page\/wp-content\/uploads\/2023\/09\/logo-Audibax-BLANCO-SVG-1.svg\",\"width\":581,\"height\":146,\"caption\":\"Audibax\"},\"image\":{\"@id\":\"https:\/\/romantic-sinoussi.152-228-147-242.plesk.page\/fr\/#\/schema\/logo\/image\/\"}}]}<\/script>\n<!-- \/ Yoast SEO plugin. -->","yoast_head_json":{"title":"Bar 243 Black - Audibax","robots":{"index":"noindex","follow":"follow","max-snippet":"max-snippet:-1","max-image-preview":"max-image-preview:large","max-video-preview":"max-video-preview:-1"},"og_locale":"fr_FR","og_type":"article","og_title":"Bar 243 Black - Audibax","og_description":"La Audibax Bar 243 RGB&nbsp;Audibax Bar 243 RGB&nbsp;est une barre lumineuse qui \u00e9met une puissante source lumineuse LED aux couleurs vives, g\u00e9n\u00e9rant des combinaisons de couleurs qui cr\u00e9ent une exp\u00e9rience d'\u00e9clairage fantastique. Notre Bar 243 RGB&nbsp;barre lumineuse&nbsp;est compos\u00e9e de 24 lampes LED RVB 3-en-1 d'une puissance de 3W. Elle fonctionne en mode DMX512, ma\u00eetre-esclave, auto et son. Contr\u00f4le des pixels : 8 sections de 3 LED  Contr\u00f4le des pixels : 8 sections de 3 LED Mode DMX512 : 8 sections de 3 LED  .","og_url":"https:\/\/romantic-sinoussi.152-228-147-242.plesk.page\/fr\/produit\/bar-243-black-2\/","og_site_name":"Audibax","twitter_card":"summary_large_image","twitter_misc":{"Dur\u00e9e de lecture estim\u00e9e":"1 minute"},"schema":{"@context":"https:\/\/schema.org","@graph":[{"@type":"WebPage","@id":"https:\/\/romantic-sinoussi.152-228-147-242.plesk.page\/fr\/produit\/bar-243-black-2\/","url":"https:\/\/romantic-sinoussi.152-228-147-242.plesk.page\/fr\/produit\/bar-243-black-2\/","name":"Bar 243 Black - Audibax","isPartOf":{"@id":"https:\/\/romantic-sinoussi.152-228-147-242.plesk.page\/fr\/#website"},"datePublished":"2023-12-27T10:55:30+00:00","dateModified":"2023-12-27T10:55:30+00:00","breadcrumb":{"@id":"https:\/\/romantic-sinoussi.152-228-147-242.plesk.page\/fr\/produit\/bar-243-black-2\/#breadcrumb"},"inLanguage":"fr-FR","potentialAction":[{"@type":"ReadAction","target":["https:\/\/romantic-sinoussi.152-228-147-242.plesk.page\/fr\/produit\/bar-243-black-2\/"]}]},{"@type":"BreadcrumbList","@id":"https:\/\/romantic-sinoussi.152-228-147-242.plesk.page\/fr\/produit\/bar-243-black-2\/#breadcrumb","itemListElement":[{"@type":"ListItem","position":1,"name":"Portada","item":"https:\/\/romantic-sinoussi.152-228-147-242.plesk.page\/fr\/"},{"@type":"ListItem","position":2,"name":"Products","item":"https:\/\/romantic-sinoussi.152-228-147-242.plesk.page\/fr\/shop\/"},{"@type":"ListItem","position":3,"name":"Bar 243 Black"}]},{"@type":"WebSite","@id":"https:\/\/romantic-sinoussi.152-228-147-242.plesk.page\/fr\/#website","url":"https:\/\/romantic-sinoussi.152-228-147-242.plesk.page\/fr\/","name":"Audibax","description":"","publisher":{"@id":"https:\/\/romantic-sinoussi.152-228-147-242.plesk.page\/fr\/#organization"},"potentialAction":[{"@type":"SearchAction","target":{"@type":"EntryPoint","urlTemplate":"https:\/\/romantic-sinoussi.152-228-147-242.plesk.page\/fr\/?s={search_term_string}"},"query-input":"required name=search_term_string"}],"inLanguage":"fr-FR"},{"@type":"Organization","@id":"https:\/\/romantic-sinoussi.152-228-147-242.plesk.page\/fr\/#organization","name":"Audibax","url":"https:\/\/romantic-sinoussi.152-228-147-242.plesk.page\/fr\/","logo":{"@type":"ImageObject","inLanguage":"fr-FR","@id":"https:\/\/romantic-sinoussi.152-228-147-242.plesk.page\/fr\/#\/schema\/logo\/image\/","url":"https:\/\/romantic-sinoussi.152-228-147-242.plesk.page\/wp-content\/uploads\/2023\/09\/logo-Audibax-BLANCO-SVG-1.svg","contentUrl":"https:\/\/romantic-sinoussi.152-228-147-242.plesk.page\/wp-content\/uploads\/2023\/09\/logo-Audibax-BLANCO-SVG-1.svg","width":581,"height":146,"caption":"Audibax"},"image":{"@id":"https:\/\/romantic-sinoussi.152-228-147-242.plesk.page\/fr\/#\/schema\/logo\/image\/"}}]}},"_links":{"self":[{"href":"https:\/\/romantic-sinoussi.152-228-147-242.plesk.page\/fr\/wp-json\/wp\/v2\/product\/36600","targetHints":{"allow":["GET"]}}],"collection":[{"href":"https:\/\/romantic-sinoussi.152-228-147-242.plesk.page\/fr\/wp-json\/wp\/v2\/product"}],"about":[{"href":"https:\/\/romantic-sinoussi.152-228-147-242.plesk.page\/fr\/wp-json\/wp\/v2\/types\/product"}],"replies":[{"embeddable":true,"href":"https:\/\/romantic-sinoussi.152-228-147-242.plesk.page\/fr\/wp-json\/wp\/v2\/comments?post=36600"}],"wp:featuredmedia":[{"embeddable":true,"href":"https:\/\/romantic-sinoussi.152-228-147-242.plesk.page\/fr\/wp-json\/wp\/v2\/media\/17912"}],"wp:attachment":[{"href":"https:\/\/romantic-sinoussi.152-228-147-242.plesk.page\/fr\/wp-json\/wp\/v2\/media?parent=36600"}],"wp:term":[{"taxonomy":"product_cat","embeddable":true,"href":"https:\/\/romantic-sinoussi.152-228-147-242.plesk.page\/fr\/wp-json\/wp\/v2\/product_cat?post=36600"},{"taxonomy":"product_tag","embeddable":true,"href":"https:\/\/romantic-sinoussi.152-228-147-242.plesk.page\/fr\/wp-json\/wp\/v2\/product_tag?post=36600"}],"curies":[{"name":"wp","href":"https:\/\/api.w.org\/{rel}","templated":true}]}}