{"id":36602,"date":"2023-12-27T11:55:33","date_gmt":"2023-12-27T10:55:33","guid":{"rendered":"https:\/\/romantic-sinoussi.152-228-147-242.plesk.page\/product\/bar-event-1212-black-2\/"},"modified":"2023-12-27T11:55:33","modified_gmt":"2023-12-27T10:55:33","slug":"bar-event-1212-black-2","status":"publish","type":"product","link":"https:\/\/romantic-sinoussi.152-228-147-242.plesk.page\/fr\/produit\/bar-event-1212-black-2\/","title":{"rendered":"Bar Event 1212 Black"},"content":{"rendered":"<\/p>\n<p><strong>Caract\u00e9ristiques<\/strong><\/strong><\/p>\n<ul>\n<li>La <strong>Audibax Bar Event 1212 RGBWAUV<\/strong> est une barre lumineuse aliment\u00e9e par batterie, qui \u00e9met une source lumineuse LED puissante et aux couleurs vives, g\u00e9n\u00e9rant une exp\u00e9rience d&#8217;\u00e9clairage fantastique.Le <strong>Audibax Event Bar 1212 RGBWAUV<\/strong> est une barre lumineuse aliment\u00e9e par batterie, qui \u00e9met une puissante source lumineuse LED aux couleurs vives et \u00e9clatantes, cr\u00e9ant ainsi une fantastique exp\u00e9rience d&#8217;\u00e9clairage.<\/li>\n<li>Notre <strong>barre Event 1212 RGBWAUV<\/strong> est \u00e9quip\u00e9e de 12 lumi\u00e8res LED RGBWAUV 6-en-1 d&#8217;une puissance de 12W.<\/li>\n<li>Il est dimmable et peut fonctionner en DMX512, son, auto, ma\u00eetre-esclave, et via un contr\u00f4le DMX sans fil et une t\u00e9l\u00e9commande IRC.<\/li>\n<\/ul>\n<p><strong>Sp\u00e9cifications<\/strong><\/p>\n<ul>\n<ul>\n<ul>\n<ul>\n<ul>\n<ul>\n<ul>\n<ul>\n<ul><strong>Pile LED + t\u00e9l\u00e9commande sans fil<\/strong><\/strong>.Li>LED Batten Battery + Wireless 144W LED RGBWAUV -&#038;nbsp ; 6 en 1<\/li>\n<li>Power : 144W<\/li>\n<li>Source de lumi\u00e8re :&nbsp;12 x 12W LED RGBWAUV -&#038;nbsp ; 6 en 1<\/li>\n<li>Attenuateur : 0%-100% de gradation lin\u00e9aire avec t\u00e9l\u00e9commande DMX et IR sans fil<\/li>\n<li>Dispersion : 40&deg;&nbsp;<\/li>\n<li>Canal DMX : 6 \/ 10 canaux<\/li>\n<li>Mode de contr\u00f4le : DMX512, contr\u00f4le sonore, automatique, contr\u00f4le DMX sans fil, ma\u00eetre \/ esclave, t\u00e9l\u00e9commande IRC<\/li>\n<li>Alimentation \u00e9lectrique : 90-240V AC \/ 50-60 Hz<\/li>\n<li>Temps de charge de la batterie : 5-6 heures<\/li>\n<li>Heures d&#8217;utilisation de la batterie : 5 heures<\/li>\n<li>Affichage LED<\/li>\n<li>Couleur : Noir<\/li>\n<li>Mesures : 1000 x 83 x 157 mm<\/li>\n<li>Poids net : 7,5 kg<\/li>\n<\/ul>\n<\/ul>\n","protected":false},"excerpt":{"rendered":"<ul>\n<li>Bar LED Battery + Wireless 144W LED RGBWAUV -&#038;nbsp ; 6 in 1<\/li>\n<li>Source lumineuse:&nbsp;12 x 12W LED RGBWAUV -&#038;nbsp ; 6 in 1<\/li>\n<li>Attenuateur : 0%-100% gradation lin\u00e9aire<\/nbsp;<\/li>\n<li>Canal DMX : 6 \/ 10 canaux<\/li>\n<li>Mode de contr\u00f4le : DMX512, contr\u00f4le sonore, automatique, contr\u00f4le DMX sans fil, ma\u00eetre \/ esclave, t\u00e9l\u00e9commande IRC<\/li>\n<\/ul>\n<\/ul>\n","protected":false},"featured_media":34308,"comment_status":"open","ping_status":"closed","template":"","meta":[],"product_cat":[353,243],"product_tag":[],"class_list":{"0":"post-36602","1":"product","2":"type-product","3":"status-publish","4":"has-post-thumbnail","6":"product_cat-barre-a-led","7":"product_cat-uncategorized","9":"first","10":"instock","11":"shipping-taxable","12":"product-type-simple"},"acf":[],"yoast_head":"<!-- This site is optimized with the Yoast SEO plugin v21.5 - https:\/\/yoast.com\/wordpress\/plugins\/seo\/ -->\n<title>Bar Event 1212 Black - Audibax<\/title>\n<meta name=\"robots\" content=\"noindex, follow, max-snippet:-1, max-image-preview:large, max-video-preview:-1\" \/>\n<meta property=\"og:locale\" content=\"fr_FR\" \/>\n<meta property=\"og:type\" content=\"article\" \/>\n<meta property=\"og:title\" content=\"Bar Event 1212 Black - Audibax\" \/>\n<meta property=\"og:description\" content=\"Bar LED Battery + Wireless 144W LED RGBWAUV -&amp;nbsp ; 6 in 1 Source lumineuse:&nbsp;12 x 12W LED RGBWAUV -&amp;nbsp ; 6 in 1 Attenuateur : 0%-100% gradation lin\u00e9aire\" \/>\n<meta property=\"og:url\" content=\"https:\/\/romantic-sinoussi.152-228-147-242.plesk.page\/fr\/produit\/bar-event-1212-black-2\/\" \/>\n<meta property=\"og:site_name\" content=\"Audibax\" \/>\n<meta name=\"twitter:card\" content=\"summary_large_image\" \/>\n<meta name=\"twitter:label1\" content=\"Dur\u00e9e de lecture estim\u00e9e\" \/>\n\t<meta name=\"twitter:data1\" content=\"1 minute\" \/>\n<script type=\"application\/ld+json\" class=\"yoast-schema-graph\">{\"@context\":\"https:\/\/schema.org\",\"@graph\":[{\"@type\":\"WebPage\",\"@id\":\"https:\/\/romantic-sinoussi.152-228-147-242.plesk.page\/fr\/produit\/bar-event-1212-black-2\/\",\"url\":\"https:\/\/romantic-sinoussi.152-228-147-242.plesk.page\/fr\/produit\/bar-event-1212-black-2\/\",\"name\":\"Bar Event 1212 Black - Audibax\",\"isPartOf\":{\"@id\":\"https:\/\/romantic-sinoussi.152-228-147-242.plesk.page\/fr\/#website\"},\"datePublished\":\"2023-12-27T10:55:33+00:00\",\"dateModified\":\"2023-12-27T10:55:33+00:00\",\"breadcrumb\":{\"@id\":\"https:\/\/romantic-sinoussi.152-228-147-242.plesk.page\/fr\/produit\/bar-event-1212-black-2\/#breadcrumb\"},\"inLanguage\":\"fr-FR\",\"potentialAction\":[{\"@type\":\"ReadAction\",\"target\":[\"https:\/\/romantic-sinoussi.152-228-147-242.plesk.page\/fr\/produit\/bar-event-1212-black-2\/\"]}]},{\"@type\":\"BreadcrumbList\",\"@id\":\"https:\/\/romantic-sinoussi.152-228-147-242.plesk.page\/fr\/produit\/bar-event-1212-black-2\/#breadcrumb\",\"itemListElement\":[{\"@type\":\"ListItem\",\"position\":1,\"name\":\"Portada\",\"item\":\"https:\/\/romantic-sinoussi.152-228-147-242.plesk.page\/fr\/\"},{\"@type\":\"ListItem\",\"position\":2,\"name\":\"Products\",\"item\":\"https:\/\/romantic-sinoussi.152-228-147-242.plesk.page\/fr\/shop\/\"},{\"@type\":\"ListItem\",\"position\":3,\"name\":\"Bar Event 1212 Black\"}]},{\"@type\":\"WebSite\",\"@id\":\"https:\/\/romantic-sinoussi.152-228-147-242.plesk.page\/fr\/#website\",\"url\":\"https:\/\/romantic-sinoussi.152-228-147-242.plesk.page\/fr\/\",\"name\":\"Audibax\",\"description\":\"\",\"publisher\":{\"@id\":\"https:\/\/romantic-sinoussi.152-228-147-242.plesk.page\/fr\/#organization\"},\"potentialAction\":[{\"@type\":\"SearchAction\",\"target\":{\"@type\":\"EntryPoint\",\"urlTemplate\":\"https:\/\/romantic-sinoussi.152-228-147-242.plesk.page\/fr\/?s={search_term_string}\"},\"query-input\":\"required name=search_term_string\"}],\"inLanguage\":\"fr-FR\"},{\"@type\":\"Organization\",\"@id\":\"https:\/\/romantic-sinoussi.152-228-147-242.plesk.page\/fr\/#organization\",\"name\":\"Audibax\",\"url\":\"https:\/\/romantic-sinoussi.152-228-147-242.plesk.page\/fr\/\",\"logo\":{\"@type\":\"ImageObject\",\"inLanguage\":\"fr-FR\",\"@id\":\"https:\/\/romantic-sinoussi.152-228-147-242.plesk.page\/fr\/#\/schema\/logo\/image\/\",\"url\":\"https:\/\/romantic-sinoussi.152-228-147-242.plesk.page\/wp-content\/uploads\/2023\/09\/logo-Audibax-BLANCO-SVG-1.svg\",\"contentUrl\":\"https:\/\/romantic-sinoussi.152-228-147-242.plesk.page\/wp-content\/uploads\/2023\/09\/logo-Audibax-BLANCO-SVG-1.svg\",\"width\":581,\"height\":146,\"caption\":\"Audibax\"},\"image\":{\"@id\":\"https:\/\/romantic-sinoussi.152-228-147-242.plesk.page\/fr\/#\/schema\/logo\/image\/\"}}]}<\/script>\n<!-- \/ Yoast SEO plugin. -->","yoast_head_json":{"title":"Bar Event 1212 Black - Audibax","robots":{"index":"noindex","follow":"follow","max-snippet":"max-snippet:-1","max-image-preview":"max-image-preview:large","max-video-preview":"max-video-preview:-1"},"og_locale":"fr_FR","og_type":"article","og_title":"Bar Event 1212 Black - Audibax","og_description":"Bar LED Battery + Wireless 144W LED RGBWAUV -&nbsp ; 6 in 1 Source lumineuse:&nbsp;12 x 12W LED RGBWAUV -&nbsp ; 6 in 1 Attenuateur : 0%-100% gradation lin\u00e9aire","og_url":"https:\/\/romantic-sinoussi.152-228-147-242.plesk.page\/fr\/produit\/bar-event-1212-black-2\/","og_site_name":"Audibax","twitter_card":"summary_large_image","twitter_misc":{"Dur\u00e9e de lecture estim\u00e9e":"1 minute"},"schema":{"@context":"https:\/\/schema.org","@graph":[{"@type":"WebPage","@id":"https:\/\/romantic-sinoussi.152-228-147-242.plesk.page\/fr\/produit\/bar-event-1212-black-2\/","url":"https:\/\/romantic-sinoussi.152-228-147-242.plesk.page\/fr\/produit\/bar-event-1212-black-2\/","name":"Bar Event 1212 Black - Audibax","isPartOf":{"@id":"https:\/\/romantic-sinoussi.152-228-147-242.plesk.page\/fr\/#website"},"datePublished":"2023-12-27T10:55:33+00:00","dateModified":"2023-12-27T10:55:33+00:00","breadcrumb":{"@id":"https:\/\/romantic-sinoussi.152-228-147-242.plesk.page\/fr\/produit\/bar-event-1212-black-2\/#breadcrumb"},"inLanguage":"fr-FR","potentialAction":[{"@type":"ReadAction","target":["https:\/\/romantic-sinoussi.152-228-147-242.plesk.page\/fr\/produit\/bar-event-1212-black-2\/"]}]},{"@type":"BreadcrumbList","@id":"https:\/\/romantic-sinoussi.152-228-147-242.plesk.page\/fr\/produit\/bar-event-1212-black-2\/#breadcrumb","itemListElement":[{"@type":"ListItem","position":1,"name":"Portada","item":"https:\/\/romantic-sinoussi.152-228-147-242.plesk.page\/fr\/"},{"@type":"ListItem","position":2,"name":"Products","item":"https:\/\/romantic-sinoussi.152-228-147-242.plesk.page\/fr\/shop\/"},{"@type":"ListItem","position":3,"name":"Bar Event 1212 Black"}]},{"@type":"WebSite","@id":"https:\/\/romantic-sinoussi.152-228-147-242.plesk.page\/fr\/#website","url":"https:\/\/romantic-sinoussi.152-228-147-242.plesk.page\/fr\/","name":"Audibax","description":"","publisher":{"@id":"https:\/\/romantic-sinoussi.152-228-147-242.plesk.page\/fr\/#organization"},"potentialAction":[{"@type":"SearchAction","target":{"@type":"EntryPoint","urlTemplate":"https:\/\/romantic-sinoussi.152-228-147-242.plesk.page\/fr\/?s={search_term_string}"},"query-input":"required name=search_term_string"}],"inLanguage":"fr-FR"},{"@type":"Organization","@id":"https:\/\/romantic-sinoussi.152-228-147-242.plesk.page\/fr\/#organization","name":"Audibax","url":"https:\/\/romantic-sinoussi.152-228-147-242.plesk.page\/fr\/","logo":{"@type":"ImageObject","inLanguage":"fr-FR","@id":"https:\/\/romantic-sinoussi.152-228-147-242.plesk.page\/fr\/#\/schema\/logo\/image\/","url":"https:\/\/romantic-sinoussi.152-228-147-242.plesk.page\/wp-content\/uploads\/2023\/09\/logo-Audibax-BLANCO-SVG-1.svg","contentUrl":"https:\/\/romantic-sinoussi.152-228-147-242.plesk.page\/wp-content\/uploads\/2023\/09\/logo-Audibax-BLANCO-SVG-1.svg","width":581,"height":146,"caption":"Audibax"},"image":{"@id":"https:\/\/romantic-sinoussi.152-228-147-242.plesk.page\/fr\/#\/schema\/logo\/image\/"}}]}},"_links":{"self":[{"href":"https:\/\/romantic-sinoussi.152-228-147-242.plesk.page\/fr\/wp-json\/wp\/v2\/product\/36602","targetHints":{"allow":["GET"]}}],"collection":[{"href":"https:\/\/romantic-sinoussi.152-228-147-242.plesk.page\/fr\/wp-json\/wp\/v2\/product"}],"about":[{"href":"https:\/\/romantic-sinoussi.152-228-147-242.plesk.page\/fr\/wp-json\/wp\/v2\/types\/product"}],"replies":[{"embeddable":true,"href":"https:\/\/romantic-sinoussi.152-228-147-242.plesk.page\/fr\/wp-json\/wp\/v2\/comments?post=36602"}],"wp:featuredmedia":[{"embeddable":true,"href":"https:\/\/romantic-sinoussi.152-228-147-242.plesk.page\/fr\/wp-json\/wp\/v2\/media\/34308"}],"wp:attachment":[{"href":"https:\/\/romantic-sinoussi.152-228-147-242.plesk.page\/fr\/wp-json\/wp\/v2\/media?parent=36602"}],"wp:term":[{"taxonomy":"product_cat","embeddable":true,"href":"https:\/\/romantic-sinoussi.152-228-147-242.plesk.page\/fr\/wp-json\/wp\/v2\/product_cat?post=36602"},{"taxonomy":"product_tag","embeddable":true,"href":"https:\/\/romantic-sinoussi.152-228-147-242.plesk.page\/fr\/wp-json\/wp\/v2\/product_tag?post=36602"}],"curies":[{"name":"wp","href":"https:\/\/api.w.org\/{rel}","templated":true}]}}