{"id":36613,"date":"2023-12-27T11:55:50","date_gmt":"2023-12-27T10:55:50","guid":{"rendered":"https:\/\/romantic-sinoussi.152-228-147-242.plesk.page\/product\/smoke-1200-grey-2\/"},"modified":"2023-12-27T11:55:50","modified_gmt":"2023-12-27T10:55:50","slug":"smoke-1200-grey-2","status":"publish","type":"product","link":"https:\/\/romantic-sinoussi.152-228-147-242.plesk.page\/fr\/produit\/smoke-1200-grey-2\/","title":{"rendered":"Smoke 1200 Grey"},"content":{"rendered":"<\/p>\n<p><strong>Audibax Smoke 1200 Professional Disco Smoke Machine 1200w + Wireless Controller<\/strong><\/strong><\/p>\n<p>La <strong>Audibax Smoke 1200<\/strong> est une <strong>machine \u00e0 fum\u00e9e de haute performance 1200W<\/strong> \u00e0 haut rendement pour diverses utilisations.Machine \u00e0 fum\u00e9e<\/strong> Audibax Smoke 1200 est une machine \u00e0 fum\u00e9e compacte <strong>haute performance 1200W<\/strong> \u00e0 haut rendement de fum\u00e9e pour diverses utilisations.<br \/> Fournie avec une t\u00e9l\u00e9commande. \u00c9quip\u00e9e d&#8217;une <strong>t\u00e9l\u00e9commande sans fil<\/strong>.<\/p>\n<p><strong>Caract\u00e9ristiques g\u00e9n\u00e9rales Audibax Smoke 1200 Smoke Machine<\/strong><\/strong><\/p>\n<ul>\n<li>Pompe \u00e0 haute pression pour une \u00e9mission de fum\u00e9e \u00e9lev\u00e9e<\/strong>\n<li>\n<li>Pompe \u00e0 haute pression pour une \u00e9mission de fum\u00e9e \u00e9lev\u00e9e<\/strong>\n<li>\n<li>Pompe \u00e0 haute pression pour une \u00e9mission de fum\u00e9e \u00e9lev\u00e9e<\/strong>\n<li>\n<li>Pompe \u00e0 haute pression pour une \u00e9mission de fum\u00e9e \u00e9lev\u00e9e<\/strong>\n<li>\n<li>Pompe \u00e0 haute pression pour une \u00e9mission de fum\u00e9e \u00e9lev\u00e9e ;\n<li>Equip\u00e9 d&#8217;un chauffage de 1200 W<\/li>\n<li>T\u00e9l\u00e9commande sans fil incluse<\/li>\n<\/ul>\n<p><strong>Sp\u00e9cifications techniques :<\/strong><\/p>\n<ul>\n<li>Puissance : 1200W<\/li>\n<li>D\u00e9bit : 18000 cu.ff\/min<\/li>\n<li>Capacit\u00e9 du r\u00e9servoir : 2.3 Litres<\/li>\n<li>Temps de chauffe : 8 minutes<\/li>\n<li>Distance de pulv\u00e9risation : 10M<\/li>\n<li>Tension : 220-250V 50\/60Hz<\/li>\n<li>Contr\u00f4l\u00e9 par t\u00e9l\u00e9commande sans fil<\/li>\n<li>Dimensions : 53 x 31.5 x 26.5 Cm.<\/li>\n<li>Poids : 6.8KG.<\/li>\n<\/ul>\n<\/ul>\n<p>&nbsp;<\/p>\n<p><img decoding=\"async\" alt=\"\" src=\"\/crm\/documents\/fckeditor\/image\/Audibax-Smoke1200-smoke-machine.jpg\" style=\"height:431px ; width:675px\" \/><\/p>\n<p>&nbsp;<\/p>\n<p>.<\/p>\n","protected":false},"excerpt":{"rendered":"<ul>\n<li>Machine \u00e0 fum\u00e9e<\/li>\n<li>Puissance : 1200W<\/li>\n<li>Contr\u00f4l\u00e9e par t\u00e9l\u00e9commande sans fil<\/li>\n<\/ul>\n<\/ul>\n<li>Machine \u00e0 fum\u00e9e : 1200W<\/li>\n<li>Machine \u00e0 fum\u00e9e : 1200W<\/li>\n<li>Contr\u00f4l\u00e9e par t\u00e9l\u00e9commande sans fil<\/li>\n<\/ul>\n<\/ul>\n<\/ul>\n","protected":false},"featured_media":34330,"comment_status":"open","ping_status":"closed","template":"","meta":[],"product_cat":[357,243],"product_tag":[],"class_list":{"0":"post-36613","1":"product","2":"type-product","3":"status-publish","4":"has-post-thumbnail","6":"product_cat-effets-de-la-machine","7":"product_cat-uncategorized","9":"first","10":"instock","11":"shipping-taxable","12":"product-type-simple"},"acf":[],"yoast_head":"<!-- This site is optimized with the Yoast SEO plugin v21.5 - https:\/\/yoast.com\/wordpress\/plugins\/seo\/ -->\n<title>Smoke 1200 Grey - Audibax<\/title>\n<meta name=\"robots\" content=\"noindex, follow, max-snippet:-1, max-image-preview:large, max-video-preview:-1\" \/>\n<meta property=\"og:locale\" content=\"fr_FR\" \/>\n<meta property=\"og:type\" content=\"article\" \/>\n<meta property=\"og:title\" content=\"Smoke 1200 Grey - Audibax\" \/>\n<meta property=\"og:description\" content=\"Machine \u00e0 fum\u00e9e Puissance : 1200W Contr\u00f4l\u00e9e par t\u00e9l\u00e9commande sans fil  Machine \u00e0 fum\u00e9e : 1200W Machine \u00e0 fum\u00e9e : 1200W Contr\u00f4l\u00e9e par t\u00e9l\u00e9commande sans fil\" \/>\n<meta property=\"og:url\" content=\"https:\/\/romantic-sinoussi.152-228-147-242.plesk.page\/fr\/produit\/smoke-1200-grey-2\/\" \/>\n<meta property=\"og:site_name\" content=\"Audibax\" \/>\n<meta name=\"twitter:card\" content=\"summary_large_image\" \/>\n<meta name=\"twitter:label1\" content=\"Dur\u00e9e de lecture estim\u00e9e\" \/>\n\t<meta name=\"twitter:data1\" content=\"1 minute\" \/>\n<script type=\"application\/ld+json\" class=\"yoast-schema-graph\">{\"@context\":\"https:\/\/schema.org\",\"@graph\":[{\"@type\":\"WebPage\",\"@id\":\"https:\/\/romantic-sinoussi.152-228-147-242.plesk.page\/fr\/produit\/smoke-1200-grey-2\/\",\"url\":\"https:\/\/romantic-sinoussi.152-228-147-242.plesk.page\/fr\/produit\/smoke-1200-grey-2\/\",\"name\":\"Smoke 1200 Grey - Audibax\",\"isPartOf\":{\"@id\":\"https:\/\/romantic-sinoussi.152-228-147-242.plesk.page\/fr\/#website\"},\"datePublished\":\"2023-12-27T10:55:50+00:00\",\"dateModified\":\"2023-12-27T10:55:50+00:00\",\"breadcrumb\":{\"@id\":\"https:\/\/romantic-sinoussi.152-228-147-242.plesk.page\/fr\/produit\/smoke-1200-grey-2\/#breadcrumb\"},\"inLanguage\":\"fr-FR\",\"potentialAction\":[{\"@type\":\"ReadAction\",\"target\":[\"https:\/\/romantic-sinoussi.152-228-147-242.plesk.page\/fr\/produit\/smoke-1200-grey-2\/\"]}]},{\"@type\":\"BreadcrumbList\",\"@id\":\"https:\/\/romantic-sinoussi.152-228-147-242.plesk.page\/fr\/produit\/smoke-1200-grey-2\/#breadcrumb\",\"itemListElement\":[{\"@type\":\"ListItem\",\"position\":1,\"name\":\"Portada\",\"item\":\"https:\/\/romantic-sinoussi.152-228-147-242.plesk.page\/fr\/\"},{\"@type\":\"ListItem\",\"position\":2,\"name\":\"Products\",\"item\":\"https:\/\/romantic-sinoussi.152-228-147-242.plesk.page\/fr\/shop\/\"},{\"@type\":\"ListItem\",\"position\":3,\"name\":\"Smoke 1200 Grey\"}]},{\"@type\":\"WebSite\",\"@id\":\"https:\/\/romantic-sinoussi.152-228-147-242.plesk.page\/fr\/#website\",\"url\":\"https:\/\/romantic-sinoussi.152-228-147-242.plesk.page\/fr\/\",\"name\":\"Audibax\",\"description\":\"\",\"publisher\":{\"@id\":\"https:\/\/romantic-sinoussi.152-228-147-242.plesk.page\/fr\/#organization\"},\"potentialAction\":[{\"@type\":\"SearchAction\",\"target\":{\"@type\":\"EntryPoint\",\"urlTemplate\":\"https:\/\/romantic-sinoussi.152-228-147-242.plesk.page\/fr\/?s={search_term_string}\"},\"query-input\":\"required name=search_term_string\"}],\"inLanguage\":\"fr-FR\"},{\"@type\":\"Organization\",\"@id\":\"https:\/\/romantic-sinoussi.152-228-147-242.plesk.page\/fr\/#organization\",\"name\":\"Audibax\",\"url\":\"https:\/\/romantic-sinoussi.152-228-147-242.plesk.page\/fr\/\",\"logo\":{\"@type\":\"ImageObject\",\"inLanguage\":\"fr-FR\",\"@id\":\"https:\/\/romantic-sinoussi.152-228-147-242.plesk.page\/fr\/#\/schema\/logo\/image\/\",\"url\":\"https:\/\/romantic-sinoussi.152-228-147-242.plesk.page\/wp-content\/uploads\/2023\/09\/logo-Audibax-BLANCO-SVG-1.svg\",\"contentUrl\":\"https:\/\/romantic-sinoussi.152-228-147-242.plesk.page\/wp-content\/uploads\/2023\/09\/logo-Audibax-BLANCO-SVG-1.svg\",\"width\":581,\"height\":146,\"caption\":\"Audibax\"},\"image\":{\"@id\":\"https:\/\/romantic-sinoussi.152-228-147-242.plesk.page\/fr\/#\/schema\/logo\/image\/\"}}]}<\/script>\n<!-- \/ Yoast SEO plugin. -->","yoast_head_json":{"title":"Smoke 1200 Grey - Audibax","robots":{"index":"noindex","follow":"follow","max-snippet":"max-snippet:-1","max-image-preview":"max-image-preview:large","max-video-preview":"max-video-preview:-1"},"og_locale":"fr_FR","og_type":"article","og_title":"Smoke 1200 Grey - Audibax","og_description":"Machine \u00e0 fum\u00e9e Puissance : 1200W Contr\u00f4l\u00e9e par t\u00e9l\u00e9commande sans fil  Machine \u00e0 fum\u00e9e : 1200W Machine \u00e0 fum\u00e9e : 1200W Contr\u00f4l\u00e9e par t\u00e9l\u00e9commande sans fil","og_url":"https:\/\/romantic-sinoussi.152-228-147-242.plesk.page\/fr\/produit\/smoke-1200-grey-2\/","og_site_name":"Audibax","twitter_card":"summary_large_image","twitter_misc":{"Dur\u00e9e de lecture estim\u00e9e":"1 minute"},"schema":{"@context":"https:\/\/schema.org","@graph":[{"@type":"WebPage","@id":"https:\/\/romantic-sinoussi.152-228-147-242.plesk.page\/fr\/produit\/smoke-1200-grey-2\/","url":"https:\/\/romantic-sinoussi.152-228-147-242.plesk.page\/fr\/produit\/smoke-1200-grey-2\/","name":"Smoke 1200 Grey - Audibax","isPartOf":{"@id":"https:\/\/romantic-sinoussi.152-228-147-242.plesk.page\/fr\/#website"},"datePublished":"2023-12-27T10:55:50+00:00","dateModified":"2023-12-27T10:55:50+00:00","breadcrumb":{"@id":"https:\/\/romantic-sinoussi.152-228-147-242.plesk.page\/fr\/produit\/smoke-1200-grey-2\/#breadcrumb"},"inLanguage":"fr-FR","potentialAction":[{"@type":"ReadAction","target":["https:\/\/romantic-sinoussi.152-228-147-242.plesk.page\/fr\/produit\/smoke-1200-grey-2\/"]}]},{"@type":"BreadcrumbList","@id":"https:\/\/romantic-sinoussi.152-228-147-242.plesk.page\/fr\/produit\/smoke-1200-grey-2\/#breadcrumb","itemListElement":[{"@type":"ListItem","position":1,"name":"Portada","item":"https:\/\/romantic-sinoussi.152-228-147-242.plesk.page\/fr\/"},{"@type":"ListItem","position":2,"name":"Products","item":"https:\/\/romantic-sinoussi.152-228-147-242.plesk.page\/fr\/shop\/"},{"@type":"ListItem","position":3,"name":"Smoke 1200 Grey"}]},{"@type":"WebSite","@id":"https:\/\/romantic-sinoussi.152-228-147-242.plesk.page\/fr\/#website","url":"https:\/\/romantic-sinoussi.152-228-147-242.plesk.page\/fr\/","name":"Audibax","description":"","publisher":{"@id":"https:\/\/romantic-sinoussi.152-228-147-242.plesk.page\/fr\/#organization"},"potentialAction":[{"@type":"SearchAction","target":{"@type":"EntryPoint","urlTemplate":"https:\/\/romantic-sinoussi.152-228-147-242.plesk.page\/fr\/?s={search_term_string}"},"query-input":"required name=search_term_string"}],"inLanguage":"fr-FR"},{"@type":"Organization","@id":"https:\/\/romantic-sinoussi.152-228-147-242.plesk.page\/fr\/#organization","name":"Audibax","url":"https:\/\/romantic-sinoussi.152-228-147-242.plesk.page\/fr\/","logo":{"@type":"ImageObject","inLanguage":"fr-FR","@id":"https:\/\/romantic-sinoussi.152-228-147-242.plesk.page\/fr\/#\/schema\/logo\/image\/","url":"https:\/\/romantic-sinoussi.152-228-147-242.plesk.page\/wp-content\/uploads\/2023\/09\/logo-Audibax-BLANCO-SVG-1.svg","contentUrl":"https:\/\/romantic-sinoussi.152-228-147-242.plesk.page\/wp-content\/uploads\/2023\/09\/logo-Audibax-BLANCO-SVG-1.svg","width":581,"height":146,"caption":"Audibax"},"image":{"@id":"https:\/\/romantic-sinoussi.152-228-147-242.plesk.page\/fr\/#\/schema\/logo\/image\/"}}]}},"_links":{"self":[{"href":"https:\/\/romantic-sinoussi.152-228-147-242.plesk.page\/fr\/wp-json\/wp\/v2\/product\/36613","targetHints":{"allow":["GET"]}}],"collection":[{"href":"https:\/\/romantic-sinoussi.152-228-147-242.plesk.page\/fr\/wp-json\/wp\/v2\/product"}],"about":[{"href":"https:\/\/romantic-sinoussi.152-228-147-242.plesk.page\/fr\/wp-json\/wp\/v2\/types\/product"}],"replies":[{"embeddable":true,"href":"https:\/\/romantic-sinoussi.152-228-147-242.plesk.page\/fr\/wp-json\/wp\/v2\/comments?post=36613"}],"wp:featuredmedia":[{"embeddable":true,"href":"https:\/\/romantic-sinoussi.152-228-147-242.plesk.page\/fr\/wp-json\/wp\/v2\/media\/34330"}],"wp:attachment":[{"href":"https:\/\/romantic-sinoussi.152-228-147-242.plesk.page\/fr\/wp-json\/wp\/v2\/media?parent=36613"}],"wp:term":[{"taxonomy":"product_cat","embeddable":true,"href":"https:\/\/romantic-sinoussi.152-228-147-242.plesk.page\/fr\/wp-json\/wp\/v2\/product_cat?post=36613"},{"taxonomy":"product_tag","embeddable":true,"href":"https:\/\/romantic-sinoussi.152-228-147-242.plesk.page\/fr\/wp-json\/wp\/v2\/product_tag?post=36613"}],"curies":[{"name":"wp","href":"https:\/\/api.w.org\/{rel}","templated":true}]}}