{"id":36621,"date":"2023-12-27T11:56:11","date_gmt":"2023-12-27T10:56:11","guid":{"rendered":"https:\/\/romantic-sinoussi.152-228-147-242.plesk.page\/product\/arizona-one-black-2\/"},"modified":"2023-12-27T11:56:11","modified_gmt":"2023-12-27T10:56:11","slug":"arizona-one-black-2","status":"publish","type":"product","link":"https:\/\/romantic-sinoussi.152-228-147-242.plesk.page\/fr\/produit\/arizona-one-black-2\/","title":{"rendered":"Arizona One Black"},"content":{"rendered":"<p><Avec une puissance de 36 x 3W, il illuminera \u00e0 coup s\u00fbr votre club.<\/p>\n<p>Son fonctionnement pr\u00e9cis, soit synchronis\u00e9 avec la musique via le micro int\u00e9gr\u00e9, soit son mode automatique, soit sa connexion DMX, ravira vos invit\u00e9s. A partir de ce mode DMX, avec 9 ou 16 canaux, vous pourrez contr\u00f4ler des param\u00e8tres tels que l&#8217;intensit\u00e9, la couleur, la vitesse,&#8230;<\/p>\n<p>Vous aurez tout le contr\u00f4le entre vos mains.<\/p>\n<\/p>\n<p>Et tout cela pour un prix bien inf\u00e9rieur aux autres t\u00eates mobiles de ses caract\u00e9ristiques !<\/p>\n<p><strong>Sp\u00e9cifications :&nbsp;<\/strong><\/p>\n<ul>\n<li> <strong>LED <strong>m&oacute;vile Wash head<\/strong> (36X3W)<\/li>\n<li>DMX channels : 9\/16<\/strong><\/strong><\/li>\n<li>Modes de contr\u00f4le : Audio-Radio\/Auto\/Auto\/DMX\/Ma\u00eetre et Esclave<\/li>\n<li>Puissance d&#8217;\u00e9mission : <strong>150W<\/strong><\/strong><\/li>\n<li>Structure en fibre (polyur\u00e9thane)<\/li>\n<li>Mesures :\n<ul>\n<li>Plateau de la table tournante : 17 x 17 x 9&#39;5 cm.<\/li>\n<li>Unit\u00e9 compl\u00e8te : 31 x 27 x 27 x 15 cm.<\/li>\n<\/ul>\n<\/li>\n<li>Poids : 4&#39;65 Kg.<\/li>\n<\/ul>\n<p> <strong>Audibax ARIZONA ONE<\/strong>, fournit le meilleur effet d&#8217;\u00e9clairage avec diff\u00e9rentes couleurs et mouvements pour diff\u00e9rents types d&#8217;\u00e9v\u00e9nements.<\/p>\n<p> <strong>Audibax ARIZONA ONE<\/strong>, fournit le meilleur effet d&#8217;\u00e9clairage avec diff\u00e9rentes couleurs et mouvements pour diff\u00e9rents types d&#8217;\u00e9v\u00e9nements.<\/p>\n<p> <strong>Audibax ARIZONA ONE<\/strong>, fournit le meilleur effet d&#8217;\u00e9clairage avec diff\u00e9rentes couleurs et mouvements pour diff\u00e9rents types d&#8217;\u00e9v\u00e9nements.<\/p>\n<p><strong>Audibax ARIZONA ONE<\/strong>, fournit le meilleur effet d&#8217;\u00e9clairage avec diff\u00e9rentes couleurs et mouvements pour diff\u00e9rents types d&#8217;\u00e9v\u00e9nements.<\/p>\n","protected":false},"excerpt":{"rendered":"<ul>\n<li>T\u00eate de lavage mobile<\/li>\n<li>Source lumineuse : 36 x 3W RGB<\/li>\n<li>Puissance de sortie :&nbsp;150W<\/li>\n<li>Canaux DMX : 9\/16<\/li>\n<li>Modes de contr\u00f4le : Audio r&iacute;tmic, AUTO, DMX, ma\u00eetre-esclave<\/li>\n<\/ul>\n<\/ul>\n<\/ul>\n","protected":false},"featured_media":34362,"comment_status":"open","ping_status":"closed","template":"","meta":[],"product_cat":[361,243],"product_tag":[],"class_list":{"0":"post-36621","1":"product","2":"type-product","3":"status-publish","4":"has-post-thumbnail","6":"product_cat-tetes-en-mouvement-fr","7":"product_cat-uncategorized","9":"first","10":"instock","11":"shipping-taxable","12":"product-type-simple"},"acf":[],"yoast_head":"<!-- This site is optimized with the Yoast SEO plugin v21.5 - https:\/\/yoast.com\/wordpress\/plugins\/seo\/ -->\n<title>Arizona One Black - Audibax<\/title>\n<meta name=\"robots\" content=\"noindex, follow, max-snippet:-1, max-image-preview:large, max-video-preview:-1\" \/>\n<meta property=\"og:locale\" content=\"fr_FR\" \/>\n<meta property=\"og:type\" content=\"article\" \/>\n<meta property=\"og:title\" content=\"Arizona One Black - Audibax\" \/>\n<meta property=\"og:description\" content=\"T\u00eate de lavage mobile Source lumineuse : 36 x 3W RGB Puissance de sortie :&nbsp;150W Canaux DMX : 9\/16 Modes de contr\u00f4le : Audio r&iacute;tmic, AUTO, DMX, ma\u00eetre-esclave\" \/>\n<meta property=\"og:url\" content=\"https:\/\/romantic-sinoussi.152-228-147-242.plesk.page\/fr\/produit\/arizona-one-black-2\/\" \/>\n<meta property=\"og:site_name\" content=\"Audibax\" \/>\n<meta name=\"twitter:card\" content=\"summary_large_image\" \/>\n<script type=\"application\/ld+json\" class=\"yoast-schema-graph\">{\"@context\":\"https:\/\/schema.org\",\"@graph\":[{\"@type\":\"WebPage\",\"@id\":\"https:\/\/romantic-sinoussi.152-228-147-242.plesk.page\/fr\/produit\/arizona-one-black-2\/\",\"url\":\"https:\/\/romantic-sinoussi.152-228-147-242.plesk.page\/fr\/produit\/arizona-one-black-2\/\",\"name\":\"Arizona One Black - Audibax\",\"isPartOf\":{\"@id\":\"https:\/\/romantic-sinoussi.152-228-147-242.plesk.page\/fr\/#website\"},\"datePublished\":\"2023-12-27T10:56:11+00:00\",\"dateModified\":\"2023-12-27T10:56:11+00:00\",\"breadcrumb\":{\"@id\":\"https:\/\/romantic-sinoussi.152-228-147-242.plesk.page\/fr\/produit\/arizona-one-black-2\/#breadcrumb\"},\"inLanguage\":\"fr-FR\",\"potentialAction\":[{\"@type\":\"ReadAction\",\"target\":[\"https:\/\/romantic-sinoussi.152-228-147-242.plesk.page\/fr\/produit\/arizona-one-black-2\/\"]}]},{\"@type\":\"BreadcrumbList\",\"@id\":\"https:\/\/romantic-sinoussi.152-228-147-242.plesk.page\/fr\/produit\/arizona-one-black-2\/#breadcrumb\",\"itemListElement\":[{\"@type\":\"ListItem\",\"position\":1,\"name\":\"Portada\",\"item\":\"https:\/\/romantic-sinoussi.152-228-147-242.plesk.page\/fr\/\"},{\"@type\":\"ListItem\",\"position\":2,\"name\":\"Products\",\"item\":\"https:\/\/romantic-sinoussi.152-228-147-242.plesk.page\/fr\/shop\/\"},{\"@type\":\"ListItem\",\"position\":3,\"name\":\"Arizona One Black\"}]},{\"@type\":\"WebSite\",\"@id\":\"https:\/\/romantic-sinoussi.152-228-147-242.plesk.page\/fr\/#website\",\"url\":\"https:\/\/romantic-sinoussi.152-228-147-242.plesk.page\/fr\/\",\"name\":\"Audibax\",\"description\":\"\",\"publisher\":{\"@id\":\"https:\/\/romantic-sinoussi.152-228-147-242.plesk.page\/fr\/#organization\"},\"potentialAction\":[{\"@type\":\"SearchAction\",\"target\":{\"@type\":\"EntryPoint\",\"urlTemplate\":\"https:\/\/romantic-sinoussi.152-228-147-242.plesk.page\/fr\/?s={search_term_string}\"},\"query-input\":\"required name=search_term_string\"}],\"inLanguage\":\"fr-FR\"},{\"@type\":\"Organization\",\"@id\":\"https:\/\/romantic-sinoussi.152-228-147-242.plesk.page\/fr\/#organization\",\"name\":\"Audibax\",\"url\":\"https:\/\/romantic-sinoussi.152-228-147-242.plesk.page\/fr\/\",\"logo\":{\"@type\":\"ImageObject\",\"inLanguage\":\"fr-FR\",\"@id\":\"https:\/\/romantic-sinoussi.152-228-147-242.plesk.page\/fr\/#\/schema\/logo\/image\/\",\"url\":\"https:\/\/romantic-sinoussi.152-228-147-242.plesk.page\/wp-content\/uploads\/2023\/09\/logo-Audibax-BLANCO-SVG-1.svg\",\"contentUrl\":\"https:\/\/romantic-sinoussi.152-228-147-242.plesk.page\/wp-content\/uploads\/2023\/09\/logo-Audibax-BLANCO-SVG-1.svg\",\"width\":581,\"height\":146,\"caption\":\"Audibax\"},\"image\":{\"@id\":\"https:\/\/romantic-sinoussi.152-228-147-242.plesk.page\/fr\/#\/schema\/logo\/image\/\"}}]}<\/script>\n<!-- \/ Yoast SEO plugin. -->","yoast_head_json":{"title":"Arizona One Black - Audibax","robots":{"index":"noindex","follow":"follow","max-snippet":"max-snippet:-1","max-image-preview":"max-image-preview:large","max-video-preview":"max-video-preview:-1"},"og_locale":"fr_FR","og_type":"article","og_title":"Arizona One Black - Audibax","og_description":"T\u00eate de lavage mobile Source lumineuse : 36 x 3W RGB Puissance de sortie :&nbsp;150W Canaux DMX : 9\/16 Modes de contr\u00f4le : Audio r&iacute;tmic, AUTO, DMX, ma\u00eetre-esclave","og_url":"https:\/\/romantic-sinoussi.152-228-147-242.plesk.page\/fr\/produit\/arizona-one-black-2\/","og_site_name":"Audibax","twitter_card":"summary_large_image","schema":{"@context":"https:\/\/schema.org","@graph":[{"@type":"WebPage","@id":"https:\/\/romantic-sinoussi.152-228-147-242.plesk.page\/fr\/produit\/arizona-one-black-2\/","url":"https:\/\/romantic-sinoussi.152-228-147-242.plesk.page\/fr\/produit\/arizona-one-black-2\/","name":"Arizona One Black - Audibax","isPartOf":{"@id":"https:\/\/romantic-sinoussi.152-228-147-242.plesk.page\/fr\/#website"},"datePublished":"2023-12-27T10:56:11+00:00","dateModified":"2023-12-27T10:56:11+00:00","breadcrumb":{"@id":"https:\/\/romantic-sinoussi.152-228-147-242.plesk.page\/fr\/produit\/arizona-one-black-2\/#breadcrumb"},"inLanguage":"fr-FR","potentialAction":[{"@type":"ReadAction","target":["https:\/\/romantic-sinoussi.152-228-147-242.plesk.page\/fr\/produit\/arizona-one-black-2\/"]}]},{"@type":"BreadcrumbList","@id":"https:\/\/romantic-sinoussi.152-228-147-242.plesk.page\/fr\/produit\/arizona-one-black-2\/#breadcrumb","itemListElement":[{"@type":"ListItem","position":1,"name":"Portada","item":"https:\/\/romantic-sinoussi.152-228-147-242.plesk.page\/fr\/"},{"@type":"ListItem","position":2,"name":"Products","item":"https:\/\/romantic-sinoussi.152-228-147-242.plesk.page\/fr\/shop\/"},{"@type":"ListItem","position":3,"name":"Arizona One Black"}]},{"@type":"WebSite","@id":"https:\/\/romantic-sinoussi.152-228-147-242.plesk.page\/fr\/#website","url":"https:\/\/romantic-sinoussi.152-228-147-242.plesk.page\/fr\/","name":"Audibax","description":"","publisher":{"@id":"https:\/\/romantic-sinoussi.152-228-147-242.plesk.page\/fr\/#organization"},"potentialAction":[{"@type":"SearchAction","target":{"@type":"EntryPoint","urlTemplate":"https:\/\/romantic-sinoussi.152-228-147-242.plesk.page\/fr\/?s={search_term_string}"},"query-input":"required name=search_term_string"}],"inLanguage":"fr-FR"},{"@type":"Organization","@id":"https:\/\/romantic-sinoussi.152-228-147-242.plesk.page\/fr\/#organization","name":"Audibax","url":"https:\/\/romantic-sinoussi.152-228-147-242.plesk.page\/fr\/","logo":{"@type":"ImageObject","inLanguage":"fr-FR","@id":"https:\/\/romantic-sinoussi.152-228-147-242.plesk.page\/fr\/#\/schema\/logo\/image\/","url":"https:\/\/romantic-sinoussi.152-228-147-242.plesk.page\/wp-content\/uploads\/2023\/09\/logo-Audibax-BLANCO-SVG-1.svg","contentUrl":"https:\/\/romantic-sinoussi.152-228-147-242.plesk.page\/wp-content\/uploads\/2023\/09\/logo-Audibax-BLANCO-SVG-1.svg","width":581,"height":146,"caption":"Audibax"},"image":{"@id":"https:\/\/romantic-sinoussi.152-228-147-242.plesk.page\/fr\/#\/schema\/logo\/image\/"}}]}},"_links":{"self":[{"href":"https:\/\/romantic-sinoussi.152-228-147-242.plesk.page\/fr\/wp-json\/wp\/v2\/product\/36621","targetHints":{"allow":["GET"]}}],"collection":[{"href":"https:\/\/romantic-sinoussi.152-228-147-242.plesk.page\/fr\/wp-json\/wp\/v2\/product"}],"about":[{"href":"https:\/\/romantic-sinoussi.152-228-147-242.plesk.page\/fr\/wp-json\/wp\/v2\/types\/product"}],"replies":[{"embeddable":true,"href":"https:\/\/romantic-sinoussi.152-228-147-242.plesk.page\/fr\/wp-json\/wp\/v2\/comments?post=36621"}],"wp:featuredmedia":[{"embeddable":true,"href":"https:\/\/romantic-sinoussi.152-228-147-242.plesk.page\/fr\/wp-json\/wp\/v2\/media\/34362"}],"wp:attachment":[{"href":"https:\/\/romantic-sinoussi.152-228-147-242.plesk.page\/fr\/wp-json\/wp\/v2\/media?parent=36621"}],"wp:term":[{"taxonomy":"product_cat","embeddable":true,"href":"https:\/\/romantic-sinoussi.152-228-147-242.plesk.page\/fr\/wp-json\/wp\/v2\/product_cat?post=36621"},{"taxonomy":"product_tag","embeddable":true,"href":"https:\/\/romantic-sinoussi.152-228-147-242.plesk.page\/fr\/wp-json\/wp\/v2\/product_tag?post=36621"}],"curies":[{"name":"wp","href":"https:\/\/api.w.org\/{rel}","templated":true}]}}