{"id":36624,"date":"2023-12-27T11:56:18","date_gmt":"2023-12-27T10:56:18","guid":{"rendered":"https:\/\/romantic-sinoussi.152-228-147-242.plesk.page\/product\/monster-beam-7r-flightcase-single-2\/"},"modified":"2023-12-27T11:56:18","modified_gmt":"2023-12-27T10:56:18","slug":"monster-beam-7r-flightcase-single-2","status":"publish","type":"product","link":"https:\/\/romantic-sinoussi.152-228-147-242.plesk.page\/fr\/produit\/monster-beam-7r-flightcase-single-2\/","title":{"rendered":"Monster Beam 7R + Flightcase Single"},"content":{"rendered":"<\/p>\n<p>Audibax Monster Beam 7R + <strong>Flightcase pour 1 unit\u00e9<\/strong><\/p>\n<p>Audibax Monster Beam 7R <strong>T\u00eate mobile <strong>Audibax Monster Beam 7R<\/strong> avec 20 canaux avec <strong>le <strong>Sirius 230W<\/strong><\/p>\n<p>OSRAM Sirius Discharge Lamp<\/strong><\/strong><\/p>\n<p>Audibax Monster Beam 7R ;Le <strong>Audibax Monster Beam 7R<\/strong><\/strong><\/strong><\/p>\n<p>Audibax Monster Beam 7R est le meilleur effet lumineux avec <strong>diff\u00e9rentes couleurs, gobos et mouvements pour diff\u00e9rents types d&#8217;\u00e9v\u00e9nements<\/strong><\/p>\n<p>Audibax Monster Beam 7R<\/strong><\/p>\n<p>Audibax Monster Beam 7R est le meilleur effet lumineux pour diff\u00e9rents types d&#8217;\u00e9v\u00e9nements.<\/strong><\/p>\n<p>Audibax Monster Beam 7R est con\u00e7u pour produire un puissant faisceau de lumi\u00e8re sur de longues distances, id\u00e9al pour projeter depuis le fond d&#8217;une sc\u00e8ne vers le public ou vers le ciel.<\/p>\n<p>Ce faisceau peut \u00eatre<strong>Beam ou Wash<\/strong>, en utilisant la fonction Frost.<\/p>\n<p>Gr\u00e2ce \u00e0 sa lampe de nouvelle technologie ainsi qu&#8217;\u00e0 sa<strong>grande lentille de verre et son excellente optique<\/strong>, il g\u00e9n\u00e8re plus de lumi\u00e8re qu&#8217;un appareil de 1200W.<\/p>\n<p> <strong>Caract\u00e9ristiques techniques Audibax Monster Beam 7R ( 1 Unit\u00e9 )<\/strong><\/strong><\/p>\n<ul>\n<li>Couleur : 14 couleurs + blanc<\/li>\n<li>Gobo : 17 gobo fixes + blanc<\/li>\n<li>Prisme : rotation du prisme \u00e0 8 c\u00f4t\u00e9s, rotation bilat\u00e9rale, avec mise au point<\/li>\n<li>Lentille : lentille optique de haute pr\u00e9cision<\/li>\n<li>Attenuateur : gradateur lin\u00e9aire 0-100%<\/li>\n<li>Stroboscopes : 1-12 fois \/ s double stroboscope<\/li>\n<li>\u00c9cran tactile<\/li>\n<li>Moteur super silencieux&nbsp;<\/li>\n<li>Mode de contr\u00f4le : Auto \/ Son \/ DMX \/ Ma\u00eetre-esclave<\/li>\n<li>DMX : 16 \/ 20CH<\/li>\n<li>Classe de protection : IP20<\/li>\n<\/ul>\n<p> <strong>RANGES ET MOUVEMENTS<\/strong><\/p>\n<ul>\n<li>Pan Tilt :<\/li>\n<li>Axe X 540 &#038;deg ; Correction \u00e9lectrique<\/li>\n<li>Axe Y 270 &#038;deg ; Correction \u00e9lectrique<\/li>\n<li>Axe Y 270 &#038;deg ; Correction \u00e9lectrique< \/li>\n<li>Automatiquement.\/li>\n<li>Fonction de correction automatique<\/li>\n<li>R\u00e9glage de la vitesse<\/li>\n<li>Vitesse de balayage : Axe X &#8211; 5 s, Axe Y &#8211; 3 s<\/li>\n<li>Acute;angle du faisceau : 8 &#038;deg ; Axe X \/ Y<\/li>\n<li>Faisceau parall\u00e8le : 0-3.8 &deg;<\/li>\n<\/ul>\n<p> <strong>FONCTIONS PRINCIPALES<\/strong><\/strong><\/p>\n<ul>\n<li>\n<li>Fonctions macro : r\u00e9initialisation \/ lampe allum\u00e9e ou \u00e9teinte peut \u00eatre contr\u00f4l\u00e9e par DMX.<\/li>\n<\/ul>\n<p> <strong>ALIMENTATION ET ALIMENTATION DE LA LAMPE<\/strong><\/p>\n<ul>\n<ul><strong>L&#8217;alimentation de la lampe peut \u00eatre contr\u00f4l\u00e9e par DMX. <\/p>\n<li>100-240VAC \/ 50-60HZ<\/li>\n<li>Puissance nominale 500W<\/li>\n<li>Lampe : OSRAM 7R&#038;nbsp ; 230W<\/li>\n<li>Temp\u00e9rature de couleur 8000K<\/li>\n<li>Dur\u00e9e de vie moyenne 2000 Heures<\/li>\n<li>Lampe : OSRAM 7R&#038;nbsp ; 230W<\/li>\n<li>Temp\u00e9rature de couleur 8000K<\/li>\n<li>Dur\u00e9e de vie moyenne 2000 Heures\n<li> <\/ul>\n<li>Lampes.\n<li> <\/ul>\n<p> <strong>Autres CARACT\u00c9RISTIQUES<\/strong><\/p>\n<ul>\n<li>Circuit d&#8217;arr\u00eat thermique<\/li>\n<li>Circuit de protection contre les surintensit\u00e9s<\/li>\n<li>Excellent effet de ventilation et de refroidissement par ventilateur \u00e0 axe vertical.<\/li>\n<li>Affichage du temps d&#8217;utilisation de la lampe<\/li>\n<li>Analyseur d&#8217;erreurs int\u00e9gr\u00e9<\/li>\n<li>Protection contre les surintensit\u00e9s<\/li>\n<li>Protection contre les surintensit\u00e9s<\/li>\n<li>Protection contre les surintensit\u00e9s<\/li>\n<li>Protection contre les surintensit\u00e9s<\/li>\n<li>Protection contre les surintensit\u00e9s.\n<li>Protection contre l&#8217;isolement du signal d&#8217;entr\u00e9e<\/li>\n<li>Dimensions 465 x 380 x 550mm<\/li>\n<li>N.W.\/G.W . : 17.5Kg \/ 21Kg<\/li>\n<\/ul>\n<\/ul>\n","protected":false},"excerpt":{"rendered":"<ul>\n<li>T\u00eate de spot mobile<\/li>\n<li>Inclut un Flightcase individuel<\/li>\n<li>Power:&nbsp;OSRAM 7R&#038;nbsp ; 230W<\/li>\n<li>Color : 14 couleurs + blanc<\/li>\n<li>Gobos : 17 gobos<\/li>\n<li>Canaux DMX : 16\/20 CH<\/li>\n<li>Mode de contr\u00f4le : DMX512, AUTO, ma\u00eetre-esclave, son<\/li>\n<\/li>\n<\/ul>\n","protected":false},"featured_media":34368,"comment_status":"open","ping_status":"closed","template":"","meta":[],"product_cat":[363,243],"product_tag":[],"class_list":{"0":"post-36624","1":"product","2":"type-product","3":"status-publish","4":"has-post-thumbnail","6":"product_cat-tete-mobile-ponctuelle","7":"product_cat-uncategorized","9":"first","10":"instock","11":"shipping-taxable","12":"product-type-simple"},"acf":[],"yoast_head":"<!-- This site is optimized with the Yoast SEO plugin v21.5 - https:\/\/yoast.com\/wordpress\/plugins\/seo\/ -->\n<title>Monster Beam 7R + Flightcase Single - Audibax<\/title>\n<meta name=\"robots\" content=\"noindex, follow, max-snippet:-1, max-image-preview:large, max-video-preview:-1\" \/>\n<meta property=\"og:locale\" content=\"fr_FR\" \/>\n<meta property=\"og:type\" content=\"article\" \/>\n<meta property=\"og:title\" content=\"Monster Beam 7R + Flightcase Single - Audibax\" \/>\n<meta property=\"og:description\" content=\"T\u00eate de spot mobile Inclut un Flightcase individuel Power:&nbsp;OSRAM 7R&amp;nbsp ; 230W Color : 14 couleurs + blanc Gobos : 17 gobos Canaux DMX : 16\/20 CH Mode de contr\u00f4le : DMX512, AUTO, ma\u00eetre-esclave, son\" \/>\n<meta property=\"og:url\" content=\"https:\/\/romantic-sinoussi.152-228-147-242.plesk.page\/fr\/produit\/monster-beam-7r-flightcase-single-2\/\" \/>\n<meta property=\"og:site_name\" content=\"Audibax\" \/>\n<meta name=\"twitter:card\" content=\"summary_large_image\" \/>\n<meta name=\"twitter:label1\" content=\"Dur\u00e9e de lecture estim\u00e9e\" \/>\n\t<meta name=\"twitter:data1\" content=\"2 minutes\" \/>\n<script type=\"application\/ld+json\" class=\"yoast-schema-graph\">{\"@context\":\"https:\/\/schema.org\",\"@graph\":[{\"@type\":\"WebPage\",\"@id\":\"https:\/\/romantic-sinoussi.152-228-147-242.plesk.page\/fr\/produit\/monster-beam-7r-flightcase-single-2\/\",\"url\":\"https:\/\/romantic-sinoussi.152-228-147-242.plesk.page\/fr\/produit\/monster-beam-7r-flightcase-single-2\/\",\"name\":\"Monster Beam 7R + Flightcase Single - Audibax\",\"isPartOf\":{\"@id\":\"https:\/\/romantic-sinoussi.152-228-147-242.plesk.page\/fr\/#website\"},\"datePublished\":\"2023-12-27T10:56:18+00:00\",\"dateModified\":\"2023-12-27T10:56:18+00:00\",\"breadcrumb\":{\"@id\":\"https:\/\/romantic-sinoussi.152-228-147-242.plesk.page\/fr\/produit\/monster-beam-7r-flightcase-single-2\/#breadcrumb\"},\"inLanguage\":\"fr-FR\",\"potentialAction\":[{\"@type\":\"ReadAction\",\"target\":[\"https:\/\/romantic-sinoussi.152-228-147-242.plesk.page\/fr\/produit\/monster-beam-7r-flightcase-single-2\/\"]}]},{\"@type\":\"BreadcrumbList\",\"@id\":\"https:\/\/romantic-sinoussi.152-228-147-242.plesk.page\/fr\/produit\/monster-beam-7r-flightcase-single-2\/#breadcrumb\",\"itemListElement\":[{\"@type\":\"ListItem\",\"position\":1,\"name\":\"Portada\",\"item\":\"https:\/\/romantic-sinoussi.152-228-147-242.plesk.page\/fr\/\"},{\"@type\":\"ListItem\",\"position\":2,\"name\":\"Products\",\"item\":\"https:\/\/romantic-sinoussi.152-228-147-242.plesk.page\/fr\/shop\/\"},{\"@type\":\"ListItem\",\"position\":3,\"name\":\"Monster Beam 7R + Flightcase Single\"}]},{\"@type\":\"WebSite\",\"@id\":\"https:\/\/romantic-sinoussi.152-228-147-242.plesk.page\/fr\/#website\",\"url\":\"https:\/\/romantic-sinoussi.152-228-147-242.plesk.page\/fr\/\",\"name\":\"Audibax\",\"description\":\"\",\"publisher\":{\"@id\":\"https:\/\/romantic-sinoussi.152-228-147-242.plesk.page\/fr\/#organization\"},\"potentialAction\":[{\"@type\":\"SearchAction\",\"target\":{\"@type\":\"EntryPoint\",\"urlTemplate\":\"https:\/\/romantic-sinoussi.152-228-147-242.plesk.page\/fr\/?s={search_term_string}\"},\"query-input\":\"required name=search_term_string\"}],\"inLanguage\":\"fr-FR\"},{\"@type\":\"Organization\",\"@id\":\"https:\/\/romantic-sinoussi.152-228-147-242.plesk.page\/fr\/#organization\",\"name\":\"Audibax\",\"url\":\"https:\/\/romantic-sinoussi.152-228-147-242.plesk.page\/fr\/\",\"logo\":{\"@type\":\"ImageObject\",\"inLanguage\":\"fr-FR\",\"@id\":\"https:\/\/romantic-sinoussi.152-228-147-242.plesk.page\/fr\/#\/schema\/logo\/image\/\",\"url\":\"https:\/\/romantic-sinoussi.152-228-147-242.plesk.page\/wp-content\/uploads\/2023\/09\/logo-Audibax-BLANCO-SVG-1.svg\",\"contentUrl\":\"https:\/\/romantic-sinoussi.152-228-147-242.plesk.page\/wp-content\/uploads\/2023\/09\/logo-Audibax-BLANCO-SVG-1.svg\",\"width\":581,\"height\":146,\"caption\":\"Audibax\"},\"image\":{\"@id\":\"https:\/\/romantic-sinoussi.152-228-147-242.plesk.page\/fr\/#\/schema\/logo\/image\/\"}}]}<\/script>\n<!-- \/ Yoast SEO plugin. -->","yoast_head_json":{"title":"Monster Beam 7R + Flightcase Single - Audibax","robots":{"index":"noindex","follow":"follow","max-snippet":"max-snippet:-1","max-image-preview":"max-image-preview:large","max-video-preview":"max-video-preview:-1"},"og_locale":"fr_FR","og_type":"article","og_title":"Monster Beam 7R + Flightcase Single - Audibax","og_description":"T\u00eate de spot mobile Inclut un Flightcase individuel Power:&nbsp;OSRAM 7R&nbsp ; 230W Color : 14 couleurs + blanc Gobos : 17 gobos Canaux DMX : 16\/20 CH Mode de contr\u00f4le : DMX512, AUTO, ma\u00eetre-esclave, son","og_url":"https:\/\/romantic-sinoussi.152-228-147-242.plesk.page\/fr\/produit\/monster-beam-7r-flightcase-single-2\/","og_site_name":"Audibax","twitter_card":"summary_large_image","twitter_misc":{"Dur\u00e9e de lecture estim\u00e9e":"2 minutes"},"schema":{"@context":"https:\/\/schema.org","@graph":[{"@type":"WebPage","@id":"https:\/\/romantic-sinoussi.152-228-147-242.plesk.page\/fr\/produit\/monster-beam-7r-flightcase-single-2\/","url":"https:\/\/romantic-sinoussi.152-228-147-242.plesk.page\/fr\/produit\/monster-beam-7r-flightcase-single-2\/","name":"Monster Beam 7R + Flightcase Single - Audibax","isPartOf":{"@id":"https:\/\/romantic-sinoussi.152-228-147-242.plesk.page\/fr\/#website"},"datePublished":"2023-12-27T10:56:18+00:00","dateModified":"2023-12-27T10:56:18+00:00","breadcrumb":{"@id":"https:\/\/romantic-sinoussi.152-228-147-242.plesk.page\/fr\/produit\/monster-beam-7r-flightcase-single-2\/#breadcrumb"},"inLanguage":"fr-FR","potentialAction":[{"@type":"ReadAction","target":["https:\/\/romantic-sinoussi.152-228-147-242.plesk.page\/fr\/produit\/monster-beam-7r-flightcase-single-2\/"]}]},{"@type":"BreadcrumbList","@id":"https:\/\/romantic-sinoussi.152-228-147-242.plesk.page\/fr\/produit\/monster-beam-7r-flightcase-single-2\/#breadcrumb","itemListElement":[{"@type":"ListItem","position":1,"name":"Portada","item":"https:\/\/romantic-sinoussi.152-228-147-242.plesk.page\/fr\/"},{"@type":"ListItem","position":2,"name":"Products","item":"https:\/\/romantic-sinoussi.152-228-147-242.plesk.page\/fr\/shop\/"},{"@type":"ListItem","position":3,"name":"Monster Beam 7R + Flightcase Single"}]},{"@type":"WebSite","@id":"https:\/\/romantic-sinoussi.152-228-147-242.plesk.page\/fr\/#website","url":"https:\/\/romantic-sinoussi.152-228-147-242.plesk.page\/fr\/","name":"Audibax","description":"","publisher":{"@id":"https:\/\/romantic-sinoussi.152-228-147-242.plesk.page\/fr\/#organization"},"potentialAction":[{"@type":"SearchAction","target":{"@type":"EntryPoint","urlTemplate":"https:\/\/romantic-sinoussi.152-228-147-242.plesk.page\/fr\/?s={search_term_string}"},"query-input":"required name=search_term_string"}],"inLanguage":"fr-FR"},{"@type":"Organization","@id":"https:\/\/romantic-sinoussi.152-228-147-242.plesk.page\/fr\/#organization","name":"Audibax","url":"https:\/\/romantic-sinoussi.152-228-147-242.plesk.page\/fr\/","logo":{"@type":"ImageObject","inLanguage":"fr-FR","@id":"https:\/\/romantic-sinoussi.152-228-147-242.plesk.page\/fr\/#\/schema\/logo\/image\/","url":"https:\/\/romantic-sinoussi.152-228-147-242.plesk.page\/wp-content\/uploads\/2023\/09\/logo-Audibax-BLANCO-SVG-1.svg","contentUrl":"https:\/\/romantic-sinoussi.152-228-147-242.plesk.page\/wp-content\/uploads\/2023\/09\/logo-Audibax-BLANCO-SVG-1.svg","width":581,"height":146,"caption":"Audibax"},"image":{"@id":"https:\/\/romantic-sinoussi.152-228-147-242.plesk.page\/fr\/#\/schema\/logo\/image\/"}}]}},"_links":{"self":[{"href":"https:\/\/romantic-sinoussi.152-228-147-242.plesk.page\/fr\/wp-json\/wp\/v2\/product\/36624","targetHints":{"allow":["GET"]}}],"collection":[{"href":"https:\/\/romantic-sinoussi.152-228-147-242.plesk.page\/fr\/wp-json\/wp\/v2\/product"}],"about":[{"href":"https:\/\/romantic-sinoussi.152-228-147-242.plesk.page\/fr\/wp-json\/wp\/v2\/types\/product"}],"replies":[{"embeddable":true,"href":"https:\/\/romantic-sinoussi.152-228-147-242.plesk.page\/fr\/wp-json\/wp\/v2\/comments?post=36624"}],"wp:featuredmedia":[{"embeddable":true,"href":"https:\/\/romantic-sinoussi.152-228-147-242.plesk.page\/fr\/wp-json\/wp\/v2\/media\/34368"}],"wp:attachment":[{"href":"https:\/\/romantic-sinoussi.152-228-147-242.plesk.page\/fr\/wp-json\/wp\/v2\/media?parent=36624"}],"wp:term":[{"taxonomy":"product_cat","embeddable":true,"href":"https:\/\/romantic-sinoussi.152-228-147-242.plesk.page\/fr\/wp-json\/wp\/v2\/product_cat?post=36624"},{"taxonomy":"product_tag","embeddable":true,"href":"https:\/\/romantic-sinoussi.152-228-147-242.plesk.page\/fr\/wp-json\/wp\/v2\/product_tag?post=36624"}],"curies":[{"name":"wp","href":"https:\/\/api.w.org\/{rel}","templated":true}]}}