{"id":36626,"date":"2023-12-27T11:56:20","date_gmt":"2023-12-27T10:56:20","guid":{"rendered":"https:\/\/romantic-sinoussi.152-228-147-242.plesk.page\/product\/boston-30-ring-black-2\/"},"modified":"2023-12-27T11:56:20","modified_gmt":"2023-12-27T10:56:20","slug":"boston-30-ring-black-2","status":"publish","type":"product","link":"https:\/\/romantic-sinoussi.152-228-147-242.plesk.page\/fr\/produit\/boston-30-ring-black-2\/","title":{"rendered":"Boston 30 Ring Black"},"content":{"rendered":"<\/p>\n<p><strong>Caract\u00e9ristiques<\/strong><\/p>\n<ul>\n<ul>\n<li>Le&nbsp;<strong>Audibax Boston 30<\/strong>.<strong>Ring&nbsp;<\/strong>est une t\u00eate de projecteur mobile dot\u00e9e d&#8217;une source lumineuse LED 30W + anneau LED.<\/li>\n<li>Sa taille compacte et son poids l\u00e9ger en font un outil id\u00e9al pour tous les types d&#8217;\u00e9v\u00e9nements, car sa puissance de 30 W lui permet d&#8217;offrir des performances spectaculaires.<\/li>\n<li>Cette t\u00eate mobile dispose de 7 couleurs plus le blanc, 7 spots rotatifs plus (GOBOS fixe) et des roues de couleur s\u00e9par\u00e9es.<\/li>\n<li>Le <strong>Audibax&nbsp;Boston 30<\/strong><em><em><\/em><strong>Ring&nbsp;<\/strong><em><em><strong>Ring&nbsp;<\/strong>vous procurera le pur frisson de l&#8217;\u00e9clairage avec ses mouvements rapides du faisceau et ses changements de couleur.<\/li>\n<\/ul>\n<p><strong>Sp\u00e9cifications<\/strong><\/p>\n<ul>\n<ul>\n<li>T\u00eate de spot haute performance avec une source lumineuse blanche de 30W + anneau LED<\/li>\n<li>Couleur : 7 couleurs + blanc<\/li>\n<li>Gobos : 7 gobos + Open<\/li>\n<li>Roues de couleurs et de gobos ind\u00e9pendantes<\/li>\n<li>3 modes de fonctionnement : DMX, activ\u00e9 par le son et modes de contr\u00f4le de performance interne<\/li>\n<li>2 modes de canaux DMX : 10 et 12<\/li>\n<li>4 spectacles pr\u00e9programm\u00e9s<\/li>\n<li>Mode de d\u00e9calage des gobos<\/li>\n<li>Un angle de faisceau de 13 degr\u00e9s<\/li>\n<li>Un angle de faisceau de 13 degr\u00e9s<\/li>\n<li>Tiltering<\/li>\n<li>Tiltering<\/li>\n<li>Tiltering<\/li>\n<li>Tiltering<\/li>\n<li>Tilteringli>Inclinaison horizontale 540&#038;deg ; \/ verticale 270&deg;<\/li>\n<li>Inclinaison invers\u00e9e horizontale et verticale<\/li>\n<li>Dimerisable : 0%-100%<\/li>\n<li>Refroidissement par ventilateur<\/li>\n<li>Mode d&#8217;affichage invers\u00e9<\/li>\n<li>Support Om\u00e9ga inclus<\/li>\n<li>Liaison : C\u00e2ble XLR via DMX 3 broches<\/li>\n<li>Modes de contr\u00f4le : Ma\u00eetre-esclave, Auto, Musique<\/li>\n<li>Consommation \u00e9lectrique : 50w<\/li>\n<li>Multi-tension : AC 900 &#8211; 240V, 50\/60Hz<\/li>\n<li>Source lumineuse LED:&#038;nbsp ; 30W LED Blanc (50.000 heures environ)<\/li>\n<li>Couleur : noir<\/li>\n<li>Mesures : 290 x 170 x 150 mm.<\/li>\n<li>T\u00e9l\u00e9chargez la commande <em>fixture<\/em> <a href=\"https:\/\/archive.org\/download\/audibax_fixtures\/Boston_30.ssl2\">ici<\/a>.<\/li>\n<\/ul>\n<\/ul>\n<p>&nbsp;<\/p>\n<p>&nbsp;<\/p>\n<p>&nbsp;<\/p>\n<\/p>\n<p>&nbsp;<\/p>\n<\/p>\n<p>.<\/p>\n","protected":false},"excerpt":{"rendered":"<ul>\n<li>T\u00eate Spot mobile + anneau LED<\/li>\n<li>Puissance : 30W LED<\/li>\n<li>Couleurs : 7 Couleurs + Blanc<\/li>\n<li>Gobos : 7 Gobos + Spot<\/li>\n<li>CanauxDMX : 10\/12<br \/> &nbsp;<\/li>\n<\/ul>\n<\/ul>\n<\/ul>\n","protected":false},"featured_media":16865,"comment_status":"open","ping_status":"closed","template":"","meta":[],"product_cat":[363,243],"product_tag":[],"class_list":{"0":"post-36626","1":"product","2":"type-product","3":"status-publish","4":"has-post-thumbnail","6":"product_cat-tete-mobile-ponctuelle","7":"product_cat-uncategorized","9":"first","10":"instock","11":"shipping-taxable","12":"product-type-simple"},"acf":[],"yoast_head":"<!-- This site is optimized with the Yoast SEO plugin v21.5 - https:\/\/yoast.com\/wordpress\/plugins\/seo\/ -->\n<title>Boston 30 Ring Black - Audibax<\/title>\n<meta name=\"robots\" content=\"noindex, follow, max-snippet:-1, max-image-preview:large, max-video-preview:-1\" \/>\n<meta property=\"og:locale\" content=\"fr_FR\" \/>\n<meta property=\"og:type\" content=\"article\" \/>\n<meta property=\"og:title\" content=\"Boston 30 Ring Black - Audibax\" \/>\n<meta property=\"og:description\" content=\"T\u00eate Spot mobile + anneau LED Puissance : 30W LED Couleurs : 7 Couleurs + Blanc Gobos : 7 Gobos + Spot CanauxDMX : 10\/12 &nbsp;\" \/>\n<meta property=\"og:url\" content=\"https:\/\/romantic-sinoussi.152-228-147-242.plesk.page\/fr\/produit\/boston-30-ring-black-2\/\" \/>\n<meta property=\"og:site_name\" content=\"Audibax\" \/>\n<meta name=\"twitter:card\" content=\"summary_large_image\" \/>\n<meta name=\"twitter:label1\" content=\"Dur\u00e9e de lecture estim\u00e9e\" \/>\n\t<meta name=\"twitter:data1\" content=\"1 minute\" \/>\n<script type=\"application\/ld+json\" class=\"yoast-schema-graph\">{\"@context\":\"https:\/\/schema.org\",\"@graph\":[{\"@type\":\"WebPage\",\"@id\":\"https:\/\/romantic-sinoussi.152-228-147-242.plesk.page\/fr\/produit\/boston-30-ring-black-2\/\",\"url\":\"https:\/\/romantic-sinoussi.152-228-147-242.plesk.page\/fr\/produit\/boston-30-ring-black-2\/\",\"name\":\"Boston 30 Ring Black - Audibax\",\"isPartOf\":{\"@id\":\"https:\/\/romantic-sinoussi.152-228-147-242.plesk.page\/fr\/#website\"},\"datePublished\":\"2023-12-27T10:56:20+00:00\",\"dateModified\":\"2023-12-27T10:56:20+00:00\",\"breadcrumb\":{\"@id\":\"https:\/\/romantic-sinoussi.152-228-147-242.plesk.page\/fr\/produit\/boston-30-ring-black-2\/#breadcrumb\"},\"inLanguage\":\"fr-FR\",\"potentialAction\":[{\"@type\":\"ReadAction\",\"target\":[\"https:\/\/romantic-sinoussi.152-228-147-242.plesk.page\/fr\/produit\/boston-30-ring-black-2\/\"]}]},{\"@type\":\"BreadcrumbList\",\"@id\":\"https:\/\/romantic-sinoussi.152-228-147-242.plesk.page\/fr\/produit\/boston-30-ring-black-2\/#breadcrumb\",\"itemListElement\":[{\"@type\":\"ListItem\",\"position\":1,\"name\":\"Portada\",\"item\":\"https:\/\/romantic-sinoussi.152-228-147-242.plesk.page\/fr\/\"},{\"@type\":\"ListItem\",\"position\":2,\"name\":\"Products\",\"item\":\"https:\/\/romantic-sinoussi.152-228-147-242.plesk.page\/fr\/shop\/\"},{\"@type\":\"ListItem\",\"position\":3,\"name\":\"Boston 30 Ring Black\"}]},{\"@type\":\"WebSite\",\"@id\":\"https:\/\/romantic-sinoussi.152-228-147-242.plesk.page\/fr\/#website\",\"url\":\"https:\/\/romantic-sinoussi.152-228-147-242.plesk.page\/fr\/\",\"name\":\"Audibax\",\"description\":\"\",\"publisher\":{\"@id\":\"https:\/\/romantic-sinoussi.152-228-147-242.plesk.page\/fr\/#organization\"},\"potentialAction\":[{\"@type\":\"SearchAction\",\"target\":{\"@type\":\"EntryPoint\",\"urlTemplate\":\"https:\/\/romantic-sinoussi.152-228-147-242.plesk.page\/fr\/?s={search_term_string}\"},\"query-input\":\"required name=search_term_string\"}],\"inLanguage\":\"fr-FR\"},{\"@type\":\"Organization\",\"@id\":\"https:\/\/romantic-sinoussi.152-228-147-242.plesk.page\/fr\/#organization\",\"name\":\"Audibax\",\"url\":\"https:\/\/romantic-sinoussi.152-228-147-242.plesk.page\/fr\/\",\"logo\":{\"@type\":\"ImageObject\",\"inLanguage\":\"fr-FR\",\"@id\":\"https:\/\/romantic-sinoussi.152-228-147-242.plesk.page\/fr\/#\/schema\/logo\/image\/\",\"url\":\"https:\/\/romantic-sinoussi.152-228-147-242.plesk.page\/wp-content\/uploads\/2023\/09\/logo-Audibax-BLANCO-SVG-1.svg\",\"contentUrl\":\"https:\/\/romantic-sinoussi.152-228-147-242.plesk.page\/wp-content\/uploads\/2023\/09\/logo-Audibax-BLANCO-SVG-1.svg\",\"width\":581,\"height\":146,\"caption\":\"Audibax\"},\"image\":{\"@id\":\"https:\/\/romantic-sinoussi.152-228-147-242.plesk.page\/fr\/#\/schema\/logo\/image\/\"}}]}<\/script>\n<!-- \/ Yoast SEO plugin. -->","yoast_head_json":{"title":"Boston 30 Ring Black - Audibax","robots":{"index":"noindex","follow":"follow","max-snippet":"max-snippet:-1","max-image-preview":"max-image-preview:large","max-video-preview":"max-video-preview:-1"},"og_locale":"fr_FR","og_type":"article","og_title":"Boston 30 Ring Black - Audibax","og_description":"T\u00eate Spot mobile + anneau LED Puissance : 30W LED Couleurs : 7 Couleurs + Blanc Gobos : 7 Gobos + Spot CanauxDMX : 10\/12 &nbsp;","og_url":"https:\/\/romantic-sinoussi.152-228-147-242.plesk.page\/fr\/produit\/boston-30-ring-black-2\/","og_site_name":"Audibax","twitter_card":"summary_large_image","twitter_misc":{"Dur\u00e9e de lecture estim\u00e9e":"1 minute"},"schema":{"@context":"https:\/\/schema.org","@graph":[{"@type":"WebPage","@id":"https:\/\/romantic-sinoussi.152-228-147-242.plesk.page\/fr\/produit\/boston-30-ring-black-2\/","url":"https:\/\/romantic-sinoussi.152-228-147-242.plesk.page\/fr\/produit\/boston-30-ring-black-2\/","name":"Boston 30 Ring Black - Audibax","isPartOf":{"@id":"https:\/\/romantic-sinoussi.152-228-147-242.plesk.page\/fr\/#website"},"datePublished":"2023-12-27T10:56:20+00:00","dateModified":"2023-12-27T10:56:20+00:00","breadcrumb":{"@id":"https:\/\/romantic-sinoussi.152-228-147-242.plesk.page\/fr\/produit\/boston-30-ring-black-2\/#breadcrumb"},"inLanguage":"fr-FR","potentialAction":[{"@type":"ReadAction","target":["https:\/\/romantic-sinoussi.152-228-147-242.plesk.page\/fr\/produit\/boston-30-ring-black-2\/"]}]},{"@type":"BreadcrumbList","@id":"https:\/\/romantic-sinoussi.152-228-147-242.plesk.page\/fr\/produit\/boston-30-ring-black-2\/#breadcrumb","itemListElement":[{"@type":"ListItem","position":1,"name":"Portada","item":"https:\/\/romantic-sinoussi.152-228-147-242.plesk.page\/fr\/"},{"@type":"ListItem","position":2,"name":"Products","item":"https:\/\/romantic-sinoussi.152-228-147-242.plesk.page\/fr\/shop\/"},{"@type":"ListItem","position":3,"name":"Boston 30 Ring Black"}]},{"@type":"WebSite","@id":"https:\/\/romantic-sinoussi.152-228-147-242.plesk.page\/fr\/#website","url":"https:\/\/romantic-sinoussi.152-228-147-242.plesk.page\/fr\/","name":"Audibax","description":"","publisher":{"@id":"https:\/\/romantic-sinoussi.152-228-147-242.plesk.page\/fr\/#organization"},"potentialAction":[{"@type":"SearchAction","target":{"@type":"EntryPoint","urlTemplate":"https:\/\/romantic-sinoussi.152-228-147-242.plesk.page\/fr\/?s={search_term_string}"},"query-input":"required name=search_term_string"}],"inLanguage":"fr-FR"},{"@type":"Organization","@id":"https:\/\/romantic-sinoussi.152-228-147-242.plesk.page\/fr\/#organization","name":"Audibax","url":"https:\/\/romantic-sinoussi.152-228-147-242.plesk.page\/fr\/","logo":{"@type":"ImageObject","inLanguage":"fr-FR","@id":"https:\/\/romantic-sinoussi.152-228-147-242.plesk.page\/fr\/#\/schema\/logo\/image\/","url":"https:\/\/romantic-sinoussi.152-228-147-242.plesk.page\/wp-content\/uploads\/2023\/09\/logo-Audibax-BLANCO-SVG-1.svg","contentUrl":"https:\/\/romantic-sinoussi.152-228-147-242.plesk.page\/wp-content\/uploads\/2023\/09\/logo-Audibax-BLANCO-SVG-1.svg","width":581,"height":146,"caption":"Audibax"},"image":{"@id":"https:\/\/romantic-sinoussi.152-228-147-242.plesk.page\/fr\/#\/schema\/logo\/image\/"}}]}},"_links":{"self":[{"href":"https:\/\/romantic-sinoussi.152-228-147-242.plesk.page\/fr\/wp-json\/wp\/v2\/product\/36626","targetHints":{"allow":["GET"]}}],"collection":[{"href":"https:\/\/romantic-sinoussi.152-228-147-242.plesk.page\/fr\/wp-json\/wp\/v2\/product"}],"about":[{"href":"https:\/\/romantic-sinoussi.152-228-147-242.plesk.page\/fr\/wp-json\/wp\/v2\/types\/product"}],"replies":[{"embeddable":true,"href":"https:\/\/romantic-sinoussi.152-228-147-242.plesk.page\/fr\/wp-json\/wp\/v2\/comments?post=36626"}],"wp:featuredmedia":[{"embeddable":true,"href":"https:\/\/romantic-sinoussi.152-228-147-242.plesk.page\/fr\/wp-json\/wp\/v2\/media\/16865"}],"wp:attachment":[{"href":"https:\/\/romantic-sinoussi.152-228-147-242.plesk.page\/fr\/wp-json\/wp\/v2\/media?parent=36626"}],"wp:term":[{"taxonomy":"product_cat","embeddable":true,"href":"https:\/\/romantic-sinoussi.152-228-147-242.plesk.page\/fr\/wp-json\/wp\/v2\/product_cat?post=36626"},{"taxonomy":"product_tag","embeddable":true,"href":"https:\/\/romantic-sinoussi.152-228-147-242.plesk.page\/fr\/wp-json\/wp\/v2\/product_tag?post=36626"}],"curies":[{"name":"wp","href":"https:\/\/api.w.org\/{rel}","templated":true}]}}