{"id":36628,"date":"2023-12-27T11:56:22","date_gmt":"2023-12-27T10:56:22","guid":{"rendered":"https:\/\/romantic-sinoussi.152-228-147-242.plesk.page\/product\/boston-10-black-2\/"},"modified":"2023-12-27T11:56:22","modified_gmt":"2023-12-27T10:56:22","slug":"boston-10-black-2","status":"publish","type":"product","link":"https:\/\/romantic-sinoussi.152-228-147-242.plesk.page\/fr\/produit\/boston-10-black-2\/","title":{"rendered":"Boston 10 Black"},"content":{"rendered":"<p><Cette t\u00eate mobile est \u00e9quip\u00e9e d'une LED blanche de 10w et de 7 couleurs. Elle est \u00e9quip\u00e9e de 7 gobos fixes et d'un spot. D\u00e9couvrez la puissance de cette t\u00eate mobile et cr\u00e9ez des spectacles jamais vus auparavant. <\/p>\n<p>Id\u00e9al pour les petits \u00e9v\u00e9nements, les mariages, les pubs ou les discoth\u00e8ques mobiles.<\/p>\n<h2><span style=\"font-size :14px\"><strong>Sp\u00e9cifications<\/strong><\/strong><\/span><\/h2>\n<ul>\n<ul>\n<li>Haute performance de la mini t\u00eate de m&oacute;vile avec une source lumineuse LED blanche de 10W<\/li>\n<li>Couleur : 7 couleurs + blanc<\/li>\n<li>Gobos : 7 gobos + Open<\/li>\n<li>Roues de couleurs et de gobos ind\u00e9pendantes<\/li>\n<li>Mise au point manuelle<\/li>\n<li>3 modes de fonctionnement : DMX, automatique au rythme de la musique et modes de contr\u00f4le interne de la performance.<\/li>\n<li>2 modes de canaux DMX : 9 et 11<\/li>\n<li>Mode de d\u00e9calage des gobos<\/li>\n<li>Taille des gobos : 74mm (15mm visible)<\/li>\n<li>Angle de rayonnement de 13 degr\u00e9s<\/li>\n<li>Inclinaison horizontale 540&#038;deg.deg ; \/ vertical 200&deg;<\/li>\n<li>Horizontal and vertical reverse tilt<\/li>\n<li>Dimerisable : 0%-100%<\/li>\n<li>Refroidissement par ventilateur<\/li>\n<li>Mode d&#8217;affichage invers\u00e9<\/li>\n<li>Support Om\u00e9ga inclus\n<li>\n<li>Support Om\u00e9ga inclus<\/li>\n<li>Refroidissement par ventilateur<\/li>\n<li>Refroidissement par ventilateur<\/li>\n<li>Refroidissement par ventilateur\n<li>\n<li>DMX in \/ DMX Out<\/li>\n<li>Peut \u00eatre contr\u00f4l\u00e9 par Ma\u00eetre\/Esclave<\/li>\n<li>Consommation d&#8217;\u00e9nergie : 35W<\/li>\n<li>Multi-voltage : AC 100 &#8211; 240V, 50\/60Hz<\/li>\n<li>Source lumineuse LED : 10W White LED (50.000 heures environ)<\/li>\n<li>Couleur : noir<\/li>\n<li>Dimensions : 159 x 147 x 265mm<\/li>\n<li>Poids : 2,8 kg<\/li>\n<\/ul>\n","protected":false},"excerpt":{"rendered":"<ul>\n<li>Mobile Head Spot<\/li>\n<li>10w LED White<\/li>\n<li>Mobile Head Spot<\/li>\n<li>Mobile Head Spot<\/li>\n<li>10w LED White<\/li>\n<li>Mobile Head Spot<\/li>\n<li>Mobile Head7 Couleurs + Blanc<\/li>\n<li>7 Gobos + Spot<\/li>\n<li>Support inclus<\/li>\n<\/ul>\n<\/ul>\n","protected":false},"featured_media":34374,"comment_status":"open","ping_status":"closed","template":"","meta":[],"product_cat":[363,243],"product_tag":[],"class_list":{"0":"post-36628","1":"product","2":"type-product","3":"status-publish","4":"has-post-thumbnail","6":"product_cat-tete-mobile-ponctuelle","7":"product_cat-uncategorized","9":"first","10":"instock","11":"shipping-taxable","12":"product-type-simple"},"acf":[],"yoast_head":"<!-- This site is optimized with the Yoast SEO plugin v21.5 - https:\/\/yoast.com\/wordpress\/plugins\/seo\/ -->\n<title>Boston 10 Black - Audibax<\/title>\n<meta name=\"robots\" content=\"noindex, follow, max-snippet:-1, max-image-preview:large, max-video-preview:-1\" \/>\n<meta property=\"og:locale\" content=\"fr_FR\" \/>\n<meta property=\"og:type\" content=\"article\" \/>\n<meta property=\"og:title\" content=\"Boston 10 Black - Audibax\" \/>\n<meta property=\"og:description\" content=\"Mobile Head Spot 10w LED White Mobile Head Spot Mobile Head Spot 10w LED White Mobile Head Spot Mobile Head7 Couleurs + Blanc 7 Gobos + Spot Support inclus\" \/>\n<meta property=\"og:url\" content=\"https:\/\/romantic-sinoussi.152-228-147-242.plesk.page\/fr\/produit\/boston-10-black-2\/\" \/>\n<meta property=\"og:site_name\" content=\"Audibax\" \/>\n<meta name=\"twitter:card\" content=\"summary_large_image\" \/>\n<script type=\"application\/ld+json\" class=\"yoast-schema-graph\">{\"@context\":\"https:\/\/schema.org\",\"@graph\":[{\"@type\":\"WebPage\",\"@id\":\"https:\/\/romantic-sinoussi.152-228-147-242.plesk.page\/fr\/produit\/boston-10-black-2\/\",\"url\":\"https:\/\/romantic-sinoussi.152-228-147-242.plesk.page\/fr\/produit\/boston-10-black-2\/\",\"name\":\"Boston 10 Black - Audibax\",\"isPartOf\":{\"@id\":\"https:\/\/romantic-sinoussi.152-228-147-242.plesk.page\/fr\/#website\"},\"datePublished\":\"2023-12-27T10:56:22+00:00\",\"dateModified\":\"2023-12-27T10:56:22+00:00\",\"breadcrumb\":{\"@id\":\"https:\/\/romantic-sinoussi.152-228-147-242.plesk.page\/fr\/produit\/boston-10-black-2\/#breadcrumb\"},\"inLanguage\":\"fr-FR\",\"potentialAction\":[{\"@type\":\"ReadAction\",\"target\":[\"https:\/\/romantic-sinoussi.152-228-147-242.plesk.page\/fr\/produit\/boston-10-black-2\/\"]}]},{\"@type\":\"BreadcrumbList\",\"@id\":\"https:\/\/romantic-sinoussi.152-228-147-242.plesk.page\/fr\/produit\/boston-10-black-2\/#breadcrumb\",\"itemListElement\":[{\"@type\":\"ListItem\",\"position\":1,\"name\":\"Portada\",\"item\":\"https:\/\/romantic-sinoussi.152-228-147-242.plesk.page\/fr\/\"},{\"@type\":\"ListItem\",\"position\":2,\"name\":\"Products\",\"item\":\"https:\/\/romantic-sinoussi.152-228-147-242.plesk.page\/fr\/shop\/\"},{\"@type\":\"ListItem\",\"position\":3,\"name\":\"Boston 10 Black\"}]},{\"@type\":\"WebSite\",\"@id\":\"https:\/\/romantic-sinoussi.152-228-147-242.plesk.page\/fr\/#website\",\"url\":\"https:\/\/romantic-sinoussi.152-228-147-242.plesk.page\/fr\/\",\"name\":\"Audibax\",\"description\":\"\",\"publisher\":{\"@id\":\"https:\/\/romantic-sinoussi.152-228-147-242.plesk.page\/fr\/#organization\"},\"potentialAction\":[{\"@type\":\"SearchAction\",\"target\":{\"@type\":\"EntryPoint\",\"urlTemplate\":\"https:\/\/romantic-sinoussi.152-228-147-242.plesk.page\/fr\/?s={search_term_string}\"},\"query-input\":\"required name=search_term_string\"}],\"inLanguage\":\"fr-FR\"},{\"@type\":\"Organization\",\"@id\":\"https:\/\/romantic-sinoussi.152-228-147-242.plesk.page\/fr\/#organization\",\"name\":\"Audibax\",\"url\":\"https:\/\/romantic-sinoussi.152-228-147-242.plesk.page\/fr\/\",\"logo\":{\"@type\":\"ImageObject\",\"inLanguage\":\"fr-FR\",\"@id\":\"https:\/\/romantic-sinoussi.152-228-147-242.plesk.page\/fr\/#\/schema\/logo\/image\/\",\"url\":\"https:\/\/romantic-sinoussi.152-228-147-242.plesk.page\/wp-content\/uploads\/2023\/09\/logo-Audibax-BLANCO-SVG-1.svg\",\"contentUrl\":\"https:\/\/romantic-sinoussi.152-228-147-242.plesk.page\/wp-content\/uploads\/2023\/09\/logo-Audibax-BLANCO-SVG-1.svg\",\"width\":581,\"height\":146,\"caption\":\"Audibax\"},\"image\":{\"@id\":\"https:\/\/romantic-sinoussi.152-228-147-242.plesk.page\/fr\/#\/schema\/logo\/image\/\"}}]}<\/script>\n<!-- \/ Yoast SEO plugin. -->","yoast_head_json":{"title":"Boston 10 Black - Audibax","robots":{"index":"noindex","follow":"follow","max-snippet":"max-snippet:-1","max-image-preview":"max-image-preview:large","max-video-preview":"max-video-preview:-1"},"og_locale":"fr_FR","og_type":"article","og_title":"Boston 10 Black - Audibax","og_description":"Mobile Head Spot 10w LED White Mobile Head Spot Mobile Head Spot 10w LED White Mobile Head Spot Mobile Head7 Couleurs + Blanc 7 Gobos + Spot Support inclus","og_url":"https:\/\/romantic-sinoussi.152-228-147-242.plesk.page\/fr\/produit\/boston-10-black-2\/","og_site_name":"Audibax","twitter_card":"summary_large_image","schema":{"@context":"https:\/\/schema.org","@graph":[{"@type":"WebPage","@id":"https:\/\/romantic-sinoussi.152-228-147-242.plesk.page\/fr\/produit\/boston-10-black-2\/","url":"https:\/\/romantic-sinoussi.152-228-147-242.plesk.page\/fr\/produit\/boston-10-black-2\/","name":"Boston 10 Black - Audibax","isPartOf":{"@id":"https:\/\/romantic-sinoussi.152-228-147-242.plesk.page\/fr\/#website"},"datePublished":"2023-12-27T10:56:22+00:00","dateModified":"2023-12-27T10:56:22+00:00","breadcrumb":{"@id":"https:\/\/romantic-sinoussi.152-228-147-242.plesk.page\/fr\/produit\/boston-10-black-2\/#breadcrumb"},"inLanguage":"fr-FR","potentialAction":[{"@type":"ReadAction","target":["https:\/\/romantic-sinoussi.152-228-147-242.plesk.page\/fr\/produit\/boston-10-black-2\/"]}]},{"@type":"BreadcrumbList","@id":"https:\/\/romantic-sinoussi.152-228-147-242.plesk.page\/fr\/produit\/boston-10-black-2\/#breadcrumb","itemListElement":[{"@type":"ListItem","position":1,"name":"Portada","item":"https:\/\/romantic-sinoussi.152-228-147-242.plesk.page\/fr\/"},{"@type":"ListItem","position":2,"name":"Products","item":"https:\/\/romantic-sinoussi.152-228-147-242.plesk.page\/fr\/shop\/"},{"@type":"ListItem","position":3,"name":"Boston 10 Black"}]},{"@type":"WebSite","@id":"https:\/\/romantic-sinoussi.152-228-147-242.plesk.page\/fr\/#website","url":"https:\/\/romantic-sinoussi.152-228-147-242.plesk.page\/fr\/","name":"Audibax","description":"","publisher":{"@id":"https:\/\/romantic-sinoussi.152-228-147-242.plesk.page\/fr\/#organization"},"potentialAction":[{"@type":"SearchAction","target":{"@type":"EntryPoint","urlTemplate":"https:\/\/romantic-sinoussi.152-228-147-242.plesk.page\/fr\/?s={search_term_string}"},"query-input":"required name=search_term_string"}],"inLanguage":"fr-FR"},{"@type":"Organization","@id":"https:\/\/romantic-sinoussi.152-228-147-242.plesk.page\/fr\/#organization","name":"Audibax","url":"https:\/\/romantic-sinoussi.152-228-147-242.plesk.page\/fr\/","logo":{"@type":"ImageObject","inLanguage":"fr-FR","@id":"https:\/\/romantic-sinoussi.152-228-147-242.plesk.page\/fr\/#\/schema\/logo\/image\/","url":"https:\/\/romantic-sinoussi.152-228-147-242.plesk.page\/wp-content\/uploads\/2023\/09\/logo-Audibax-BLANCO-SVG-1.svg","contentUrl":"https:\/\/romantic-sinoussi.152-228-147-242.plesk.page\/wp-content\/uploads\/2023\/09\/logo-Audibax-BLANCO-SVG-1.svg","width":581,"height":146,"caption":"Audibax"},"image":{"@id":"https:\/\/romantic-sinoussi.152-228-147-242.plesk.page\/fr\/#\/schema\/logo\/image\/"}}]}},"_links":{"self":[{"href":"https:\/\/romantic-sinoussi.152-228-147-242.plesk.page\/fr\/wp-json\/wp\/v2\/product\/36628","targetHints":{"allow":["GET"]}}],"collection":[{"href":"https:\/\/romantic-sinoussi.152-228-147-242.plesk.page\/fr\/wp-json\/wp\/v2\/product"}],"about":[{"href":"https:\/\/romantic-sinoussi.152-228-147-242.plesk.page\/fr\/wp-json\/wp\/v2\/types\/product"}],"replies":[{"embeddable":true,"href":"https:\/\/romantic-sinoussi.152-228-147-242.plesk.page\/fr\/wp-json\/wp\/v2\/comments?post=36628"}],"wp:featuredmedia":[{"embeddable":true,"href":"https:\/\/romantic-sinoussi.152-228-147-242.plesk.page\/fr\/wp-json\/wp\/v2\/media\/34374"}],"wp:attachment":[{"href":"https:\/\/romantic-sinoussi.152-228-147-242.plesk.page\/fr\/wp-json\/wp\/v2\/media?parent=36628"}],"wp:term":[{"taxonomy":"product_cat","embeddable":true,"href":"https:\/\/romantic-sinoussi.152-228-147-242.plesk.page\/fr\/wp-json\/wp\/v2\/product_cat?post=36628"},{"taxonomy":"product_tag","embeddable":true,"href":"https:\/\/romantic-sinoussi.152-228-147-242.plesk.page\/fr\/wp-json\/wp\/v2\/product_tag?post=36628"}],"curies":[{"name":"wp","href":"https:\/\/api.w.org\/{rel}","templated":true}]}}