{"id":36633,"date":"2023-12-27T11:56:29","date_gmt":"2023-12-27T10:56:29","guid":{"rendered":"https:\/\/romantic-sinoussi.152-228-147-242.plesk.page\/product\/boston-30-white-2\/"},"modified":"2023-12-27T11:56:29","modified_gmt":"2023-12-27T10:56:29","slug":"boston-30-white-2","status":"publish","type":"product","link":"https:\/\/romantic-sinoussi.152-228-147-242.plesk.page\/fr\/produit\/boston-30-white-2\/","title":{"rendered":"Boston 30 White"},"content":{"rendered":"<\/p>\n<p><strong>Caract\u00e9ristiques<\/strong><\/strong><\/p>\n<ul>\n<ul>\n<li>Le <strong>Audibax Boston 30<\/strong>\n<li>Audibax Boston 30<\/strong> est une t\u00eate de spot m&oacute;vile avec une source lumineuse LED brillante.<strong>&nbsp;<strong>Blanc&nbsp;<\/strong>est une t\u00eate de spot mobile dot\u00e9e d&#8217;une source lumineuse LED.Sa taille compacte et son poids l\u00e9ger la rendent id\u00e9ale pour tous les types d&#8217;\u00e9v\u00e9nements car elle offre une performance spectaculaire avec une puissance de 30W.<\/li>\n<li>Cette t\u00eate mobile dispose de 7 couleurs plus le blanc, 7 spots rotatifs plus (GOBOS fixes) et des roues de couleur s\u00e9par\u00e9es.<\/li>\n<li>Le <strong>Audibax&nbsp;Boston 30 White<\/strong><em><em>&nbsp;<\/em>vous donnera le frisson et l&#8217;excitation du <strong>Boston 30 White<\/strong><em>.<\/li>\n<li>L&#8217;<strong>Audibax 30 White<\/strong><em><\/em>vous donnera le pur frisson de l&#8217;illumination avec ses mouvements de faisceau rapides et ses changements de couleur.<\/li>\n<\/ul>\n<p><strong>Sp\u00e9cifications :<\/strong><\/p>\n<ul>\n<ul>\n<li>T\u00eate de spot haute performance avec une source lumineuse blanche de 30W blanc + anneau LED<\/li>\n<li>\n<li>7 Couleurs + Blanc<\/li>\n<li>Eclairage.li>7 Couleurs + Blanc<\/li>\n<li>7 Gobos + Open<\/li>\n<li>Roues de couleurs et de Gobo ind\u00e9pendantes<\/li>\n<li>3 modes de fonctionnement : DMX, son activ\u00e9 et modes de contr\u00f4le de performance interne<\/li>\n<li>2 modes de canaux DMX : 10 et 12<\/li>\n<li>4 spectacles pr\u00e9programm\u00e9s<\/li>\n<li>Mode de d\u00e9calage des gobos<\/li>\n<li>Un angle de faisceau de 13 degr\u00e9s<\/li>\n<li>L&#8217;inclinaison et le pivotement de la fl\u00e8che<\/li>\n<li>L&#8217;inclinaison et le pivotement de la fl\u00e8che.li>Horizontal tilt 540&#038;deg ; \/ vertical 270&deg;<\/li>\n<li>Horizontal and vertical reverse tilt<\/li>\n<li>Dimerisable : 0%-100%<\/li>\n<li>Refroidissement par ventilateur<\/li>\n<li>Mode d&#8217;affichage invers\u00e9<\/li>\n<li>Support Om\u00e9ga inclus<\/li>\n<li>Liaison : C\u00e2ble XLR via DMX 3 broches<\/li>\n<li>Modes de contr\u00f4le : Ma\u00eetre-esclave, Auto, Musique<\/li>\n<li>Consommation \u00e9lectrique : 50w<\/li>\n<li>Multi-tension : AC 900 &#8211; 240V, 50\/60Hz<\/li>\n<li>Source lumineuse LED:&#038;nbsp ; 30W LED Blanc (50.000 heures environ)<\/li>\n<li>Dimensions : 290 x 170 x 150 mm.<\/li>\n<li>T\u00e9l\u00e9chargez le&nbsp;<em>fixture<\/em>&nbsp;control&nbsp;<a href=\"https:\/\/archive.org\/download\/audibax_fixtures\/Boston_30.ssl2\" style=\"box-sizing : border-box ; background-colour : transparent ; colour : rgb(0, 109, 211) ; text-decoration-line : none ; cursor : pointer ; transition : all 0.5s ease 0s ;\">here<\/a>.<\/li>\n<\/ul>\n<\/ul>\n","protected":false},"excerpt":{"rendered":"<ul>\n<li>T\u00eate Spot mobile + anneau LED<\/li>\n<li>Puissance : 30W LED<\/li>\n<li>Couleurs : 7 Couleurs + Blanc<\/li>\n<li>Gobos : 7 Gobos + Spot<\/li>\n<li>CanauxDMX : 10\/12<\/li>\n<\/ul>\n<\/ul>\n","protected":false},"featured_media":17936,"comment_status":"open","ping_status":"closed","template":"","meta":[],"product_cat":[363,243],"product_tag":[],"class_list":{"0":"post-36633","1":"product","2":"type-product","3":"status-publish","4":"has-post-thumbnail","6":"product_cat-tete-mobile-ponctuelle","7":"product_cat-uncategorized","9":"first","10":"instock","11":"shipping-taxable","12":"product-type-simple"},"acf":[],"yoast_head":"<!-- This site is optimized with the Yoast SEO plugin v21.5 - https:\/\/yoast.com\/wordpress\/plugins\/seo\/ -->\n<title>Boston 30 White - Audibax<\/title>\n<meta name=\"robots\" content=\"noindex, follow, max-snippet:-1, max-image-preview:large, max-video-preview:-1\" \/>\n<meta property=\"og:locale\" content=\"fr_FR\" \/>\n<meta property=\"og:type\" content=\"article\" \/>\n<meta property=\"og:title\" content=\"Boston 30 White - Audibax\" \/>\n<meta property=\"og:description\" content=\"T\u00eate Spot mobile + anneau LED Puissance : 30W LED Couleurs : 7 Couleurs + Blanc Gobos : 7 Gobos + Spot CanauxDMX : 10\/12\" \/>\n<meta property=\"og:url\" content=\"https:\/\/romantic-sinoussi.152-228-147-242.plesk.page\/fr\/produit\/boston-30-white-2\/\" \/>\n<meta property=\"og:site_name\" content=\"Audibax\" \/>\n<meta name=\"twitter:card\" content=\"summary_large_image\" \/>\n<meta name=\"twitter:label1\" content=\"Dur\u00e9e de lecture estim\u00e9e\" \/>\n\t<meta name=\"twitter:data1\" content=\"1 minute\" \/>\n<script type=\"application\/ld+json\" class=\"yoast-schema-graph\">{\"@context\":\"https:\/\/schema.org\",\"@graph\":[{\"@type\":\"WebPage\",\"@id\":\"https:\/\/romantic-sinoussi.152-228-147-242.plesk.page\/fr\/produit\/boston-30-white-2\/\",\"url\":\"https:\/\/romantic-sinoussi.152-228-147-242.plesk.page\/fr\/produit\/boston-30-white-2\/\",\"name\":\"Boston 30 White - Audibax\",\"isPartOf\":{\"@id\":\"https:\/\/romantic-sinoussi.152-228-147-242.plesk.page\/fr\/#website\"},\"datePublished\":\"2023-12-27T10:56:29+00:00\",\"dateModified\":\"2023-12-27T10:56:29+00:00\",\"breadcrumb\":{\"@id\":\"https:\/\/romantic-sinoussi.152-228-147-242.plesk.page\/fr\/produit\/boston-30-white-2\/#breadcrumb\"},\"inLanguage\":\"fr-FR\",\"potentialAction\":[{\"@type\":\"ReadAction\",\"target\":[\"https:\/\/romantic-sinoussi.152-228-147-242.plesk.page\/fr\/produit\/boston-30-white-2\/\"]}]},{\"@type\":\"BreadcrumbList\",\"@id\":\"https:\/\/romantic-sinoussi.152-228-147-242.plesk.page\/fr\/produit\/boston-30-white-2\/#breadcrumb\",\"itemListElement\":[{\"@type\":\"ListItem\",\"position\":1,\"name\":\"Portada\",\"item\":\"https:\/\/romantic-sinoussi.152-228-147-242.plesk.page\/fr\/\"},{\"@type\":\"ListItem\",\"position\":2,\"name\":\"Products\",\"item\":\"https:\/\/romantic-sinoussi.152-228-147-242.plesk.page\/fr\/shop\/\"},{\"@type\":\"ListItem\",\"position\":3,\"name\":\"Boston 30 White\"}]},{\"@type\":\"WebSite\",\"@id\":\"https:\/\/romantic-sinoussi.152-228-147-242.plesk.page\/fr\/#website\",\"url\":\"https:\/\/romantic-sinoussi.152-228-147-242.plesk.page\/fr\/\",\"name\":\"Audibax\",\"description\":\"\",\"publisher\":{\"@id\":\"https:\/\/romantic-sinoussi.152-228-147-242.plesk.page\/fr\/#organization\"},\"potentialAction\":[{\"@type\":\"SearchAction\",\"target\":{\"@type\":\"EntryPoint\",\"urlTemplate\":\"https:\/\/romantic-sinoussi.152-228-147-242.plesk.page\/fr\/?s={search_term_string}\"},\"query-input\":\"required name=search_term_string\"}],\"inLanguage\":\"fr-FR\"},{\"@type\":\"Organization\",\"@id\":\"https:\/\/romantic-sinoussi.152-228-147-242.plesk.page\/fr\/#organization\",\"name\":\"Audibax\",\"url\":\"https:\/\/romantic-sinoussi.152-228-147-242.plesk.page\/fr\/\",\"logo\":{\"@type\":\"ImageObject\",\"inLanguage\":\"fr-FR\",\"@id\":\"https:\/\/romantic-sinoussi.152-228-147-242.plesk.page\/fr\/#\/schema\/logo\/image\/\",\"url\":\"https:\/\/romantic-sinoussi.152-228-147-242.plesk.page\/wp-content\/uploads\/2023\/09\/logo-Audibax-BLANCO-SVG-1.svg\",\"contentUrl\":\"https:\/\/romantic-sinoussi.152-228-147-242.plesk.page\/wp-content\/uploads\/2023\/09\/logo-Audibax-BLANCO-SVG-1.svg\",\"width\":581,\"height\":146,\"caption\":\"Audibax\"},\"image\":{\"@id\":\"https:\/\/romantic-sinoussi.152-228-147-242.plesk.page\/fr\/#\/schema\/logo\/image\/\"}}]}<\/script>\n<!-- \/ Yoast SEO plugin. -->","yoast_head_json":{"title":"Boston 30 White - Audibax","robots":{"index":"noindex","follow":"follow","max-snippet":"max-snippet:-1","max-image-preview":"max-image-preview:large","max-video-preview":"max-video-preview:-1"},"og_locale":"fr_FR","og_type":"article","og_title":"Boston 30 White - Audibax","og_description":"T\u00eate Spot mobile + anneau LED Puissance : 30W LED Couleurs : 7 Couleurs + Blanc Gobos : 7 Gobos + Spot CanauxDMX : 10\/12","og_url":"https:\/\/romantic-sinoussi.152-228-147-242.plesk.page\/fr\/produit\/boston-30-white-2\/","og_site_name":"Audibax","twitter_card":"summary_large_image","twitter_misc":{"Dur\u00e9e de lecture estim\u00e9e":"1 minute"},"schema":{"@context":"https:\/\/schema.org","@graph":[{"@type":"WebPage","@id":"https:\/\/romantic-sinoussi.152-228-147-242.plesk.page\/fr\/produit\/boston-30-white-2\/","url":"https:\/\/romantic-sinoussi.152-228-147-242.plesk.page\/fr\/produit\/boston-30-white-2\/","name":"Boston 30 White - Audibax","isPartOf":{"@id":"https:\/\/romantic-sinoussi.152-228-147-242.plesk.page\/fr\/#website"},"datePublished":"2023-12-27T10:56:29+00:00","dateModified":"2023-12-27T10:56:29+00:00","breadcrumb":{"@id":"https:\/\/romantic-sinoussi.152-228-147-242.plesk.page\/fr\/produit\/boston-30-white-2\/#breadcrumb"},"inLanguage":"fr-FR","potentialAction":[{"@type":"ReadAction","target":["https:\/\/romantic-sinoussi.152-228-147-242.plesk.page\/fr\/produit\/boston-30-white-2\/"]}]},{"@type":"BreadcrumbList","@id":"https:\/\/romantic-sinoussi.152-228-147-242.plesk.page\/fr\/produit\/boston-30-white-2\/#breadcrumb","itemListElement":[{"@type":"ListItem","position":1,"name":"Portada","item":"https:\/\/romantic-sinoussi.152-228-147-242.plesk.page\/fr\/"},{"@type":"ListItem","position":2,"name":"Products","item":"https:\/\/romantic-sinoussi.152-228-147-242.plesk.page\/fr\/shop\/"},{"@type":"ListItem","position":3,"name":"Boston 30 White"}]},{"@type":"WebSite","@id":"https:\/\/romantic-sinoussi.152-228-147-242.plesk.page\/fr\/#website","url":"https:\/\/romantic-sinoussi.152-228-147-242.plesk.page\/fr\/","name":"Audibax","description":"","publisher":{"@id":"https:\/\/romantic-sinoussi.152-228-147-242.plesk.page\/fr\/#organization"},"potentialAction":[{"@type":"SearchAction","target":{"@type":"EntryPoint","urlTemplate":"https:\/\/romantic-sinoussi.152-228-147-242.plesk.page\/fr\/?s={search_term_string}"},"query-input":"required name=search_term_string"}],"inLanguage":"fr-FR"},{"@type":"Organization","@id":"https:\/\/romantic-sinoussi.152-228-147-242.plesk.page\/fr\/#organization","name":"Audibax","url":"https:\/\/romantic-sinoussi.152-228-147-242.plesk.page\/fr\/","logo":{"@type":"ImageObject","inLanguage":"fr-FR","@id":"https:\/\/romantic-sinoussi.152-228-147-242.plesk.page\/fr\/#\/schema\/logo\/image\/","url":"https:\/\/romantic-sinoussi.152-228-147-242.plesk.page\/wp-content\/uploads\/2023\/09\/logo-Audibax-BLANCO-SVG-1.svg","contentUrl":"https:\/\/romantic-sinoussi.152-228-147-242.plesk.page\/wp-content\/uploads\/2023\/09\/logo-Audibax-BLANCO-SVG-1.svg","width":581,"height":146,"caption":"Audibax"},"image":{"@id":"https:\/\/romantic-sinoussi.152-228-147-242.plesk.page\/fr\/#\/schema\/logo\/image\/"}}]}},"_links":{"self":[{"href":"https:\/\/romantic-sinoussi.152-228-147-242.plesk.page\/fr\/wp-json\/wp\/v2\/product\/36633","targetHints":{"allow":["GET"]}}],"collection":[{"href":"https:\/\/romantic-sinoussi.152-228-147-242.plesk.page\/fr\/wp-json\/wp\/v2\/product"}],"about":[{"href":"https:\/\/romantic-sinoussi.152-228-147-242.plesk.page\/fr\/wp-json\/wp\/v2\/types\/product"}],"replies":[{"embeddable":true,"href":"https:\/\/romantic-sinoussi.152-228-147-242.plesk.page\/fr\/wp-json\/wp\/v2\/comments?post=36633"}],"wp:featuredmedia":[{"embeddable":true,"href":"https:\/\/romantic-sinoussi.152-228-147-242.plesk.page\/fr\/wp-json\/wp\/v2\/media\/17936"}],"wp:attachment":[{"href":"https:\/\/romantic-sinoussi.152-228-147-242.plesk.page\/fr\/wp-json\/wp\/v2\/media?parent=36633"}],"wp:term":[{"taxonomy":"product_cat","embeddable":true,"href":"https:\/\/romantic-sinoussi.152-228-147-242.plesk.page\/fr\/wp-json\/wp\/v2\/product_cat?post=36633"},{"taxonomy":"product_tag","embeddable":true,"href":"https:\/\/romantic-sinoussi.152-228-147-242.plesk.page\/fr\/wp-json\/wp\/v2\/product_tag?post=36633"}],"curies":[{"name":"wp","href":"https:\/\/api.w.org\/{rel}","templated":true}]}}