{"id":36635,"date":"2023-12-27T11:56:32","date_gmt":"2023-12-27T10:56:32","guid":{"rendered":"https:\/\/romantic-sinoussi.152-228-147-242.plesk.page\/product\/monster-beam-7r-black-2\/"},"modified":"2023-12-27T11:56:32","modified_gmt":"2023-12-27T10:56:32","slug":"monster-beam-7r-black-2","status":"publish","type":"product","link":"https:\/\/romantic-sinoussi.152-228-147-242.plesk.page\/fr\/produit\/monster-beam-7r-black-2\/","title":{"rendered":"Monster Beam 7R Black"},"content":{"rendered":"<p><span style=\"font-size :14px\"><strong>Caract\u00e9ristiques<\/strong><\/span><\/p>\n<ul>\n<li>M&oacute;sticas<\/strong><\/span><\/p>\n<ul>\n<li>M&#038;oacute ;vil&nbsp;<strong>Audibax Monster Beam 7R<\/strong>&nbsp;20 canaux avec&nbsp;<strong>l&#038;aacute ;<strong>Audibax Monster Beam 7R<\/strong><\/strong><\/strong>\n<li>\n<li>Audibax Monster Beam 7R est le meilleur effet de lumi\u00e8re avec diff\u00e9rentes couleurs, gobos et mouvements pour diff\u00e9rents types d&#8217;\u00e9v\u00e9nements.<\/strong><\/li>\n<li>Il est con\u00e7u pour produire un puissant faisceau de lumi\u00e8re sur de longues distances, id\u00e9al pour une projection du fond de la sc\u00e8ne vers le public ou dans le ciel. Ce faisceau peut \u00eatre<strong>&nbsp;Beam ou Wash<\/strong>, en utilisant la fonction Frost.<\/li>\n<li>En outre, gr\u00e2ce \u00e0 sa nouvelle technologie de lampe, il est plus su<strong>&#038;nbsp ;grande lentille de verre et excellente optique<\/strong>, elle g\u00e9n\u00e8re plus de lumi\u00e8re qu&#8217;une lampe de 1200W.<\/li>\n<\/ul>\n<p><span style=\"font-size:14px\"><strong>Sp\u00e9cifications<\/strong><\/strong><\/span><\/span><\/p>\n<ul>\n<li>Couleur : 14 couleurs + blanc<\/li>\n<li>Gobo : 17 gobo fixes + blanc<\/li>\n<li>Prisme : rotation du prisme \u00e0 8 c\u00f4t\u00e9s, rotation bilat\u00e9rale, avec mise au point<\/li>\n<li>Lentille : lentille optique de haute pr\u00e9cision<\/li>\n<li>Attenuateur : gradateur lin\u00e9aire 0-100%<\/li>\n<li>Stroboscopes : 1-12 fois \/ s double stroboscope<\/li>\n<li>\u00c9cran tactile<\/li>\n<li>Mode de contr\u00f4le : Auto \/ Son \/ Son \/ DMX \/ Ma\u00eetre-esclave<\/li>\n<li>DMX : 16 \/ 20CH<\/li>\n<li>Classe de protection : IP20<\/li>\n<\/ul>\n<p><span style=\"font-size :14px\"><strong>Gammes et mouvements<\/strong><\/strong><\/span><\/p>\n<ul>\n<li>Pan Tilt :\/li>\n<li>Fonction de correction automatique<\/li>\n<li>R\u00e9glage de la vitesse<\/li>\n<li>Vitesse de balayage : Axe X &#8211; 5 s, axe Y &#8211; 3 s<\/li>\n<li>&Acute;angle du faisceau : 8 &#038;deg ; axe X \/ Y<\/li>\n<li>Faisceau parall\u00e8le : 0-3.8 &deg;<\/li>\n<\/ul>\n<p><span style=\"font-size:14px\"><strong>Fonctions principales<\/strong><\/strong><\/span><\/p>\n<ul>\n<ul>\n<li>Fonctions macro : La r\u00e9initialisation \/ l&#8217;allumage ou l&#8217;extinction de la lampe peuvent \u00eatre contr\u00f4l\u00e9s par DMX.<\/li>\n<\/ul>\n<p><span style=\"font-size :14px\"><strong>Alimentation et lampes<\/strong><\/strong><\/span><\/span><\/p>\n<ul>\n<li>100-240VAC \/ 50-60HZ<\/li>\n<li>Puissance nominale 500W<\/li>\n<li>Lampe : OSRAM 7R&#038;nbsp ; 230W<\/li>\n<li>Temp\u00e9rature de couleur 8000K<\/li>\n<li>Dur\u00e9e de vie moyenne 2000 Heures<\/li>\n<\/ul>\n<p><span style=\"font-size :14px\"><strong>Autres caract\u00e9ristiques<\/strong><\/strong><\/span><\/p>\n<ul>\n<ul>\n<li>Circuit d&#8217;arr\u00eat thermique<\/li>\n<li>Circuit d&#8217;arr\u00eat thermique<\/li>\n<li>Circuit d&#8217;arr\u00eat thermique<\/li>\n<li>Circuit d&#8217;arr\u00eat thermique<\/li>\n<li>Circuit d&#8217;arr\u00eat thermique<\/li>\n<li>Circuit d&#8217;arr\u00eat thermique.Circuit de protection contre les surintensit\u00e9s<\/li>\n<li>Excellent effet de ventilation et de refroidissement par ventilateur \u00e0 axe vertical.<\/li>\n<li>Affichage du temps d&#8217;utilisation de la lampe<\/li>\n<li>Analyseur d&#8217;erreurs int\u00e9gr\u00e9<\/li>\n<li>Protection contre les surintensit\u00e9s<\/li>\n<li>Protection contre les surintensit\u00e9s<\/li>\n<li>Protection contre les surintensit\u00e9s<\/li>\n<li>Protection contre les surintensit\u00e9s<\/li>\n<li>Protection contre les surintensit\u00e9s.\n<li>Protection contre l&#8217;isolement du signal d&#8217;entr\u00e9e<\/li>\n<li>Dimensions 465 x 380 x 550mm<\/li>\n<li>N.W.\/G.W . : 17.5Kg \/ 21Kg<\/li>\n<\/ul>\n<\/ul>\n","protected":false},"excerpt":{"rendered":"<ul>\n<li>T\u00eate de projecteur mobile<\/li>\n<li>Puissance:&nbsp;OSRAM 7R&#038;nbsp ; 230W<\/li>\n<li>Couleur : 14 couleurs + blanc<\/li>\n<li>Gobos : 17 gobos<\/li>\n<li>Canaux DMX : 16\/20 CH<\/li>\n<li>Mode de contr\u00f4le : DMX512, AUTO, ma\u00eetre-esclave, son<\/li>\n<\/ul>\n","protected":false},"featured_media":18497,"comment_status":"open","ping_status":"closed","template":"","meta":[],"product_cat":[363,243],"product_tag":[],"class_list":{"0":"post-36635","1":"product","2":"type-product","3":"status-publish","4":"has-post-thumbnail","6":"product_cat-tete-mobile-ponctuelle","7":"product_cat-uncategorized","9":"first","10":"instock","11":"shipping-taxable","12":"product-type-simple"},"acf":[],"yoast_head":"<!-- This site is optimized with the Yoast SEO plugin v21.5 - https:\/\/yoast.com\/wordpress\/plugins\/seo\/ -->\n<title>Monster Beam 7R Black - Audibax<\/title>\n<meta name=\"robots\" content=\"noindex, follow, max-snippet:-1, max-image-preview:large, max-video-preview:-1\" \/>\n<meta property=\"og:locale\" content=\"fr_FR\" \/>\n<meta property=\"og:type\" content=\"article\" \/>\n<meta property=\"og:title\" content=\"Monster Beam 7R Black - Audibax\" \/>\n<meta property=\"og:description\" content=\"T\u00eate de projecteur mobile Puissance:&nbsp;OSRAM 7R&amp;nbsp ; 230W Couleur : 14 couleurs + blanc Gobos : 17 gobos Canaux DMX : 16\/20 CH Mode de contr\u00f4le : DMX512, AUTO, ma\u00eetre-esclave, son\" \/>\n<meta property=\"og:url\" content=\"https:\/\/romantic-sinoussi.152-228-147-242.plesk.page\/fr\/produit\/monster-beam-7r-black-2\/\" \/>\n<meta property=\"og:site_name\" content=\"Audibax\" \/>\n<meta name=\"twitter:card\" content=\"summary_large_image\" \/>\n<meta name=\"twitter:label1\" content=\"Dur\u00e9e de lecture estim\u00e9e\" \/>\n\t<meta name=\"twitter:data1\" content=\"2 minutes\" \/>\n<script type=\"application\/ld+json\" class=\"yoast-schema-graph\">{\"@context\":\"https:\/\/schema.org\",\"@graph\":[{\"@type\":\"WebPage\",\"@id\":\"https:\/\/romantic-sinoussi.152-228-147-242.plesk.page\/fr\/produit\/monster-beam-7r-black-2\/\",\"url\":\"https:\/\/romantic-sinoussi.152-228-147-242.plesk.page\/fr\/produit\/monster-beam-7r-black-2\/\",\"name\":\"Monster Beam 7R Black - Audibax\",\"isPartOf\":{\"@id\":\"https:\/\/romantic-sinoussi.152-228-147-242.plesk.page\/fr\/#website\"},\"datePublished\":\"2023-12-27T10:56:32+00:00\",\"dateModified\":\"2023-12-27T10:56:32+00:00\",\"breadcrumb\":{\"@id\":\"https:\/\/romantic-sinoussi.152-228-147-242.plesk.page\/fr\/produit\/monster-beam-7r-black-2\/#breadcrumb\"},\"inLanguage\":\"fr-FR\",\"potentialAction\":[{\"@type\":\"ReadAction\",\"target\":[\"https:\/\/romantic-sinoussi.152-228-147-242.plesk.page\/fr\/produit\/monster-beam-7r-black-2\/\"]}]},{\"@type\":\"BreadcrumbList\",\"@id\":\"https:\/\/romantic-sinoussi.152-228-147-242.plesk.page\/fr\/produit\/monster-beam-7r-black-2\/#breadcrumb\",\"itemListElement\":[{\"@type\":\"ListItem\",\"position\":1,\"name\":\"Portada\",\"item\":\"https:\/\/romantic-sinoussi.152-228-147-242.plesk.page\/fr\/\"},{\"@type\":\"ListItem\",\"position\":2,\"name\":\"Products\",\"item\":\"https:\/\/romantic-sinoussi.152-228-147-242.plesk.page\/fr\/shop\/\"},{\"@type\":\"ListItem\",\"position\":3,\"name\":\"Monster Beam 7R Black\"}]},{\"@type\":\"WebSite\",\"@id\":\"https:\/\/romantic-sinoussi.152-228-147-242.plesk.page\/fr\/#website\",\"url\":\"https:\/\/romantic-sinoussi.152-228-147-242.plesk.page\/fr\/\",\"name\":\"Audibax\",\"description\":\"\",\"publisher\":{\"@id\":\"https:\/\/romantic-sinoussi.152-228-147-242.plesk.page\/fr\/#organization\"},\"potentialAction\":[{\"@type\":\"SearchAction\",\"target\":{\"@type\":\"EntryPoint\",\"urlTemplate\":\"https:\/\/romantic-sinoussi.152-228-147-242.plesk.page\/fr\/?s={search_term_string}\"},\"query-input\":\"required name=search_term_string\"}],\"inLanguage\":\"fr-FR\"},{\"@type\":\"Organization\",\"@id\":\"https:\/\/romantic-sinoussi.152-228-147-242.plesk.page\/fr\/#organization\",\"name\":\"Audibax\",\"url\":\"https:\/\/romantic-sinoussi.152-228-147-242.plesk.page\/fr\/\",\"logo\":{\"@type\":\"ImageObject\",\"inLanguage\":\"fr-FR\",\"@id\":\"https:\/\/romantic-sinoussi.152-228-147-242.plesk.page\/fr\/#\/schema\/logo\/image\/\",\"url\":\"https:\/\/romantic-sinoussi.152-228-147-242.plesk.page\/wp-content\/uploads\/2023\/09\/logo-Audibax-BLANCO-SVG-1.svg\",\"contentUrl\":\"https:\/\/romantic-sinoussi.152-228-147-242.plesk.page\/wp-content\/uploads\/2023\/09\/logo-Audibax-BLANCO-SVG-1.svg\",\"width\":581,\"height\":146,\"caption\":\"Audibax\"},\"image\":{\"@id\":\"https:\/\/romantic-sinoussi.152-228-147-242.plesk.page\/fr\/#\/schema\/logo\/image\/\"}}]}<\/script>\n<!-- \/ Yoast SEO plugin. -->","yoast_head_json":{"title":"Monster Beam 7R Black - Audibax","robots":{"index":"noindex","follow":"follow","max-snippet":"max-snippet:-1","max-image-preview":"max-image-preview:large","max-video-preview":"max-video-preview:-1"},"og_locale":"fr_FR","og_type":"article","og_title":"Monster Beam 7R Black - Audibax","og_description":"T\u00eate de projecteur mobile Puissance:&nbsp;OSRAM 7R&nbsp ; 230W Couleur : 14 couleurs + blanc Gobos : 17 gobos Canaux DMX : 16\/20 CH Mode de contr\u00f4le : DMX512, AUTO, ma\u00eetre-esclave, son","og_url":"https:\/\/romantic-sinoussi.152-228-147-242.plesk.page\/fr\/produit\/monster-beam-7r-black-2\/","og_site_name":"Audibax","twitter_card":"summary_large_image","twitter_misc":{"Dur\u00e9e de lecture estim\u00e9e":"2 minutes"},"schema":{"@context":"https:\/\/schema.org","@graph":[{"@type":"WebPage","@id":"https:\/\/romantic-sinoussi.152-228-147-242.plesk.page\/fr\/produit\/monster-beam-7r-black-2\/","url":"https:\/\/romantic-sinoussi.152-228-147-242.plesk.page\/fr\/produit\/monster-beam-7r-black-2\/","name":"Monster Beam 7R Black - Audibax","isPartOf":{"@id":"https:\/\/romantic-sinoussi.152-228-147-242.plesk.page\/fr\/#website"},"datePublished":"2023-12-27T10:56:32+00:00","dateModified":"2023-12-27T10:56:32+00:00","breadcrumb":{"@id":"https:\/\/romantic-sinoussi.152-228-147-242.plesk.page\/fr\/produit\/monster-beam-7r-black-2\/#breadcrumb"},"inLanguage":"fr-FR","potentialAction":[{"@type":"ReadAction","target":["https:\/\/romantic-sinoussi.152-228-147-242.plesk.page\/fr\/produit\/monster-beam-7r-black-2\/"]}]},{"@type":"BreadcrumbList","@id":"https:\/\/romantic-sinoussi.152-228-147-242.plesk.page\/fr\/produit\/monster-beam-7r-black-2\/#breadcrumb","itemListElement":[{"@type":"ListItem","position":1,"name":"Portada","item":"https:\/\/romantic-sinoussi.152-228-147-242.plesk.page\/fr\/"},{"@type":"ListItem","position":2,"name":"Products","item":"https:\/\/romantic-sinoussi.152-228-147-242.plesk.page\/fr\/shop\/"},{"@type":"ListItem","position":3,"name":"Monster Beam 7R Black"}]},{"@type":"WebSite","@id":"https:\/\/romantic-sinoussi.152-228-147-242.plesk.page\/fr\/#website","url":"https:\/\/romantic-sinoussi.152-228-147-242.plesk.page\/fr\/","name":"Audibax","description":"","publisher":{"@id":"https:\/\/romantic-sinoussi.152-228-147-242.plesk.page\/fr\/#organization"},"potentialAction":[{"@type":"SearchAction","target":{"@type":"EntryPoint","urlTemplate":"https:\/\/romantic-sinoussi.152-228-147-242.plesk.page\/fr\/?s={search_term_string}"},"query-input":"required name=search_term_string"}],"inLanguage":"fr-FR"},{"@type":"Organization","@id":"https:\/\/romantic-sinoussi.152-228-147-242.plesk.page\/fr\/#organization","name":"Audibax","url":"https:\/\/romantic-sinoussi.152-228-147-242.plesk.page\/fr\/","logo":{"@type":"ImageObject","inLanguage":"fr-FR","@id":"https:\/\/romantic-sinoussi.152-228-147-242.plesk.page\/fr\/#\/schema\/logo\/image\/","url":"https:\/\/romantic-sinoussi.152-228-147-242.plesk.page\/wp-content\/uploads\/2023\/09\/logo-Audibax-BLANCO-SVG-1.svg","contentUrl":"https:\/\/romantic-sinoussi.152-228-147-242.plesk.page\/wp-content\/uploads\/2023\/09\/logo-Audibax-BLANCO-SVG-1.svg","width":581,"height":146,"caption":"Audibax"},"image":{"@id":"https:\/\/romantic-sinoussi.152-228-147-242.plesk.page\/fr\/#\/schema\/logo\/image\/"}}]}},"_links":{"self":[{"href":"https:\/\/romantic-sinoussi.152-228-147-242.plesk.page\/fr\/wp-json\/wp\/v2\/product\/36635","targetHints":{"allow":["GET"]}}],"collection":[{"href":"https:\/\/romantic-sinoussi.152-228-147-242.plesk.page\/fr\/wp-json\/wp\/v2\/product"}],"about":[{"href":"https:\/\/romantic-sinoussi.152-228-147-242.plesk.page\/fr\/wp-json\/wp\/v2\/types\/product"}],"replies":[{"embeddable":true,"href":"https:\/\/romantic-sinoussi.152-228-147-242.plesk.page\/fr\/wp-json\/wp\/v2\/comments?post=36635"}],"wp:featuredmedia":[{"embeddable":true,"href":"https:\/\/romantic-sinoussi.152-228-147-242.plesk.page\/fr\/wp-json\/wp\/v2\/media\/18497"}],"wp:attachment":[{"href":"https:\/\/romantic-sinoussi.152-228-147-242.plesk.page\/fr\/wp-json\/wp\/v2\/media?parent=36635"}],"wp:term":[{"taxonomy":"product_cat","embeddable":true,"href":"https:\/\/romantic-sinoussi.152-228-147-242.plesk.page\/fr\/wp-json\/wp\/v2\/product_cat?post=36635"},{"taxonomy":"product_tag","embeddable":true,"href":"https:\/\/romantic-sinoussi.152-228-147-242.plesk.page\/fr\/wp-json\/wp\/v2\/product_tag?post=36635"}],"curies":[{"name":"wp","href":"https:\/\/api.w.org\/{rel}","templated":true}]}}