{"id":36636,"date":"2023-12-27T11:56:37","date_gmt":"2023-12-27T10:56:37","guid":{"rendered":"https:\/\/romantic-sinoussi.152-228-147-242.plesk.page\/product\/oregon-120-black-2\/"},"modified":"2023-12-27T11:56:37","modified_gmt":"2023-12-27T10:56:37","slug":"oregon-120-black-2","status":"publish","type":"product","link":"https:\/\/romantic-sinoussi.152-228-147-242.plesk.page\/fr\/produit\/oregon-120-black-2\/","title":{"rendered":"Oregon 120 Black"},"content":{"rendered":"<\/p>\n<p><strong>Audibax Oregon 120 Moving Head Disco Beam Osram + Wash RGBw 4 en 1<\/strong><\/strong><\/p>\n<p>Le <strong>Audibax Oregon 120<\/strong><\/p>\n<p>Le <strong>Audibax Oregon 120<\/strong> est une t\u00eate mobile puissante et compacte.<strong>L&#8217;Oregon 120 est une t\u00eate mobile puissante et compacte avec laquelle vous obtiendrez le spectacle lumineux que vous recherchez. Elle dispose de deux effets diff\u00e9rents, un de chaque c\u00f4t\u00e9, qui peuvent \u00eatre contr\u00f4l\u00e9s ind\u00e9pendamment et vous permettent de cr\u00e9er de multiples effets de lumi\u00e8re qui produisent une exp\u00e9rience lumineuse visuelle \u00e9poustouflante.<\/p>\n<p>Il est ultra-rapide et g\u00e9n\u00e8re des panoramiques et des inclinaisons horizontales (pan) et verticales (tilt) pr\u00e9cises et continues, gr\u00e2ce \u00e0 un moteur puissant qui g\u00e9n\u00e8re des faisceaux de lumi\u00e8re nets et cibl\u00e9s. Il est extr\u00eamement lumineux et a une longue dur\u00e9e de vie. La t\u00eate mobile <strong>Oregon 120<\/strong> est refroidie par un ventilateur \u00e0 temp\u00e9rature contr\u00f4l\u00e9e, ce qui garantit un fonctionnement fiable et une longue dur\u00e9e de vie des LED.<\/p>\n<p>&iexcl;n n&#8217;h\u00e9sitez pas \u00e0 vous procurer le nouveau <strong>Oregon 120<\/strong> et \u00e0 animer toutes vos f\u00eates et \u00e9v\u00e9nements !<\/p>\n<p>&nbsp;<\/p>\n<h2>Caract\u00e9ristiques&iacute;sticas Wash Mode<\/h2>\n<ul>\n<li>\n<li>N&#038;ordm ; Leds : 6<\/li>\n<li>Power : 10w x Led<\/li>\n<li>RGBw 4 en 1<\/li>\n<\/ul>\n<p>&nbsp;<\/p>\n<h2>Caract\u00e9ristiques&#038;iacute ;Caract\u00e9ristiques Mode faisceau<\/h2>\n<ul>\n<li>1 lampe LED Osram<\/li>\n<\/li>\n<li>Puissance : 60w<\/li>\n<li>SMD LED Ring<\/li>\n<li>RGBw 4 en 1<\/li>\n<\/ul>\n<p>&#038;nbsp ;<\/p>\n<h2>Sp\u00e9cifications g\u00e9n\u00e9rales<\/h2>\n<ul>\n<li>M&oacute;vile Couleur de la t\u00eate : Noir<\/li>\n<li>Voltage : AC90-240V, 50\/60HZ<\/li>\n<li>Puissance : 120W<\/li>\n<li>Canaux DMX : 17CH<\/li>\n<li>Op\u00e9ration : DMX512, Auto, Son, Ma\u00eetre-esclave<\/li>\n<li>Dimensions:<\/li>\n<li>Diam\u00e8tre : 15.5cm<\/li>\n<li>Hauteur : 27.5cm<\/li>\n<li>Profondeur : 14.5cm<\/li>\n<\/ul>\n<\/ul>\n","protected":false},"excerpt":{"rendered":"<ul>\n<li>T\u00eate mobile double effet<\/li>\n<li>C\u00f4t\u00e9 faisceau : 1 Led Osram 60w + Led Ring<\/li>\n<li>C\u00f4t\u00e9 lavage : 6 Leds x 10w<\/li>\n<li>RGBw 4 en 1<\/li>\n<\/ul>\n<\/ul>\n<\/ul>\n","protected":false},"featured_media":17486,"comment_status":"open","ping_status":"closed","template":"","meta":[],"product_cat":[365,243],"product_tag":[],"class_list":{"0":"post-36636","1":"product","2":"type-product","3":"status-publish","4":"has-post-thumbnail","6":"product_cat-tete-mobile-de-lavage","7":"product_cat-uncategorized","9":"first","10":"instock","11":"shipping-taxable","12":"product-type-simple"},"acf":[],"yoast_head":"<!-- This site is optimized with the Yoast SEO plugin v21.5 - https:\/\/yoast.com\/wordpress\/plugins\/seo\/ -->\n<title>Oregon 120 Black - Audibax<\/title>\n<meta name=\"robots\" content=\"noindex, follow, max-snippet:-1, max-image-preview:large, max-video-preview:-1\" \/>\n<meta property=\"og:locale\" content=\"fr_FR\" \/>\n<meta property=\"og:type\" content=\"article\" \/>\n<meta property=\"og:title\" content=\"Oregon 120 Black - Audibax\" \/>\n<meta property=\"og:description\" content=\"T\u00eate mobile double effet C\u00f4t\u00e9 faisceau : 1 Led Osram 60w + Led Ring C\u00f4t\u00e9 lavage : 6 Leds x 10w RGBw 4 en 1\" \/>\n<meta property=\"og:url\" content=\"https:\/\/romantic-sinoussi.152-228-147-242.plesk.page\/fr\/produit\/oregon-120-black-2\/\" \/>\n<meta property=\"og:site_name\" content=\"Audibax\" \/>\n<meta name=\"twitter:card\" content=\"summary_large_image\" \/>\n<meta name=\"twitter:label1\" content=\"Dur\u00e9e de lecture estim\u00e9e\" \/>\n\t<meta name=\"twitter:data1\" content=\"1 minute\" \/>\n<script type=\"application\/ld+json\" class=\"yoast-schema-graph\">{\"@context\":\"https:\/\/schema.org\",\"@graph\":[{\"@type\":\"WebPage\",\"@id\":\"https:\/\/romantic-sinoussi.152-228-147-242.plesk.page\/fr\/produit\/oregon-120-black-2\/\",\"url\":\"https:\/\/romantic-sinoussi.152-228-147-242.plesk.page\/fr\/produit\/oregon-120-black-2\/\",\"name\":\"Oregon 120 Black - Audibax\",\"isPartOf\":{\"@id\":\"https:\/\/romantic-sinoussi.152-228-147-242.plesk.page\/fr\/#website\"},\"datePublished\":\"2023-12-27T10:56:37+00:00\",\"dateModified\":\"2023-12-27T10:56:37+00:00\",\"breadcrumb\":{\"@id\":\"https:\/\/romantic-sinoussi.152-228-147-242.plesk.page\/fr\/produit\/oregon-120-black-2\/#breadcrumb\"},\"inLanguage\":\"fr-FR\",\"potentialAction\":[{\"@type\":\"ReadAction\",\"target\":[\"https:\/\/romantic-sinoussi.152-228-147-242.plesk.page\/fr\/produit\/oregon-120-black-2\/\"]}]},{\"@type\":\"BreadcrumbList\",\"@id\":\"https:\/\/romantic-sinoussi.152-228-147-242.plesk.page\/fr\/produit\/oregon-120-black-2\/#breadcrumb\",\"itemListElement\":[{\"@type\":\"ListItem\",\"position\":1,\"name\":\"Portada\",\"item\":\"https:\/\/romantic-sinoussi.152-228-147-242.plesk.page\/fr\/\"},{\"@type\":\"ListItem\",\"position\":2,\"name\":\"Products\",\"item\":\"https:\/\/romantic-sinoussi.152-228-147-242.plesk.page\/fr\/shop\/\"},{\"@type\":\"ListItem\",\"position\":3,\"name\":\"Oregon 120 Black\"}]},{\"@type\":\"WebSite\",\"@id\":\"https:\/\/romantic-sinoussi.152-228-147-242.plesk.page\/fr\/#website\",\"url\":\"https:\/\/romantic-sinoussi.152-228-147-242.plesk.page\/fr\/\",\"name\":\"Audibax\",\"description\":\"\",\"publisher\":{\"@id\":\"https:\/\/romantic-sinoussi.152-228-147-242.plesk.page\/fr\/#organization\"},\"potentialAction\":[{\"@type\":\"SearchAction\",\"target\":{\"@type\":\"EntryPoint\",\"urlTemplate\":\"https:\/\/romantic-sinoussi.152-228-147-242.plesk.page\/fr\/?s={search_term_string}\"},\"query-input\":\"required name=search_term_string\"}],\"inLanguage\":\"fr-FR\"},{\"@type\":\"Organization\",\"@id\":\"https:\/\/romantic-sinoussi.152-228-147-242.plesk.page\/fr\/#organization\",\"name\":\"Audibax\",\"url\":\"https:\/\/romantic-sinoussi.152-228-147-242.plesk.page\/fr\/\",\"logo\":{\"@type\":\"ImageObject\",\"inLanguage\":\"fr-FR\",\"@id\":\"https:\/\/romantic-sinoussi.152-228-147-242.plesk.page\/fr\/#\/schema\/logo\/image\/\",\"url\":\"https:\/\/romantic-sinoussi.152-228-147-242.plesk.page\/wp-content\/uploads\/2023\/09\/logo-Audibax-BLANCO-SVG-1.svg\",\"contentUrl\":\"https:\/\/romantic-sinoussi.152-228-147-242.plesk.page\/wp-content\/uploads\/2023\/09\/logo-Audibax-BLANCO-SVG-1.svg\",\"width\":581,\"height\":146,\"caption\":\"Audibax\"},\"image\":{\"@id\":\"https:\/\/romantic-sinoussi.152-228-147-242.plesk.page\/fr\/#\/schema\/logo\/image\/\"}}]}<\/script>\n<!-- \/ Yoast SEO plugin. -->","yoast_head_json":{"title":"Oregon 120 Black - Audibax","robots":{"index":"noindex","follow":"follow","max-snippet":"max-snippet:-1","max-image-preview":"max-image-preview:large","max-video-preview":"max-video-preview:-1"},"og_locale":"fr_FR","og_type":"article","og_title":"Oregon 120 Black - Audibax","og_description":"T\u00eate mobile double effet C\u00f4t\u00e9 faisceau : 1 Led Osram 60w + Led Ring C\u00f4t\u00e9 lavage : 6 Leds x 10w RGBw 4 en 1","og_url":"https:\/\/romantic-sinoussi.152-228-147-242.plesk.page\/fr\/produit\/oregon-120-black-2\/","og_site_name":"Audibax","twitter_card":"summary_large_image","twitter_misc":{"Dur\u00e9e de lecture estim\u00e9e":"1 minute"},"schema":{"@context":"https:\/\/schema.org","@graph":[{"@type":"WebPage","@id":"https:\/\/romantic-sinoussi.152-228-147-242.plesk.page\/fr\/produit\/oregon-120-black-2\/","url":"https:\/\/romantic-sinoussi.152-228-147-242.plesk.page\/fr\/produit\/oregon-120-black-2\/","name":"Oregon 120 Black - Audibax","isPartOf":{"@id":"https:\/\/romantic-sinoussi.152-228-147-242.plesk.page\/fr\/#website"},"datePublished":"2023-12-27T10:56:37+00:00","dateModified":"2023-12-27T10:56:37+00:00","breadcrumb":{"@id":"https:\/\/romantic-sinoussi.152-228-147-242.plesk.page\/fr\/produit\/oregon-120-black-2\/#breadcrumb"},"inLanguage":"fr-FR","potentialAction":[{"@type":"ReadAction","target":["https:\/\/romantic-sinoussi.152-228-147-242.plesk.page\/fr\/produit\/oregon-120-black-2\/"]}]},{"@type":"BreadcrumbList","@id":"https:\/\/romantic-sinoussi.152-228-147-242.plesk.page\/fr\/produit\/oregon-120-black-2\/#breadcrumb","itemListElement":[{"@type":"ListItem","position":1,"name":"Portada","item":"https:\/\/romantic-sinoussi.152-228-147-242.plesk.page\/fr\/"},{"@type":"ListItem","position":2,"name":"Products","item":"https:\/\/romantic-sinoussi.152-228-147-242.plesk.page\/fr\/shop\/"},{"@type":"ListItem","position":3,"name":"Oregon 120 Black"}]},{"@type":"WebSite","@id":"https:\/\/romantic-sinoussi.152-228-147-242.plesk.page\/fr\/#website","url":"https:\/\/romantic-sinoussi.152-228-147-242.plesk.page\/fr\/","name":"Audibax","description":"","publisher":{"@id":"https:\/\/romantic-sinoussi.152-228-147-242.plesk.page\/fr\/#organization"},"potentialAction":[{"@type":"SearchAction","target":{"@type":"EntryPoint","urlTemplate":"https:\/\/romantic-sinoussi.152-228-147-242.plesk.page\/fr\/?s={search_term_string}"},"query-input":"required name=search_term_string"}],"inLanguage":"fr-FR"},{"@type":"Organization","@id":"https:\/\/romantic-sinoussi.152-228-147-242.plesk.page\/fr\/#organization","name":"Audibax","url":"https:\/\/romantic-sinoussi.152-228-147-242.plesk.page\/fr\/","logo":{"@type":"ImageObject","inLanguage":"fr-FR","@id":"https:\/\/romantic-sinoussi.152-228-147-242.plesk.page\/fr\/#\/schema\/logo\/image\/","url":"https:\/\/romantic-sinoussi.152-228-147-242.plesk.page\/wp-content\/uploads\/2023\/09\/logo-Audibax-BLANCO-SVG-1.svg","contentUrl":"https:\/\/romantic-sinoussi.152-228-147-242.plesk.page\/wp-content\/uploads\/2023\/09\/logo-Audibax-BLANCO-SVG-1.svg","width":581,"height":146,"caption":"Audibax"},"image":{"@id":"https:\/\/romantic-sinoussi.152-228-147-242.plesk.page\/fr\/#\/schema\/logo\/image\/"}}]}},"_links":{"self":[{"href":"https:\/\/romantic-sinoussi.152-228-147-242.plesk.page\/fr\/wp-json\/wp\/v2\/product\/36636","targetHints":{"allow":["GET"]}}],"collection":[{"href":"https:\/\/romantic-sinoussi.152-228-147-242.plesk.page\/fr\/wp-json\/wp\/v2\/product"}],"about":[{"href":"https:\/\/romantic-sinoussi.152-228-147-242.plesk.page\/fr\/wp-json\/wp\/v2\/types\/product"}],"replies":[{"embeddable":true,"href":"https:\/\/romantic-sinoussi.152-228-147-242.plesk.page\/fr\/wp-json\/wp\/v2\/comments?post=36636"}],"wp:featuredmedia":[{"embeddable":true,"href":"https:\/\/romantic-sinoussi.152-228-147-242.plesk.page\/fr\/wp-json\/wp\/v2\/media\/17486"}],"wp:attachment":[{"href":"https:\/\/romantic-sinoussi.152-228-147-242.plesk.page\/fr\/wp-json\/wp\/v2\/media?parent=36636"}],"wp:term":[{"taxonomy":"product_cat","embeddable":true,"href":"https:\/\/romantic-sinoussi.152-228-147-242.plesk.page\/fr\/wp-json\/wp\/v2\/product_cat?post=36636"},{"taxonomy":"product_tag","embeddable":true,"href":"https:\/\/romantic-sinoussi.152-228-147-242.plesk.page\/fr\/wp-json\/wp\/v2\/product_tag?post=36636"}],"curies":[{"name":"wp","href":"https:\/\/api.w.org\/{rel}","templated":true}]}}