{"id":36638,"date":"2023-12-27T11:56:39","date_gmt":"2023-12-27T10:56:39","guid":{"rendered":"https:\/\/romantic-sinoussi.152-228-147-242.plesk.page\/product\/iowa-70-white-2\/"},"modified":"2023-12-27T11:56:39","modified_gmt":"2023-12-27T10:56:39","slug":"iowa-70-white-2","status":"publish","type":"product","link":"https:\/\/romantic-sinoussi.152-228-147-242.plesk.page\/fr\/produit\/iowa-70-white-2\/","title":{"rendered":"Iowa 70 White"},"content":{"rendered":"<\/p>\n<p><strong>Caract\u00e9ristiques<\/strong><\/strong><\/p>\n<ul>\n<li>La <strong>Audibax Iowa 70 White<\/strong> est une petite t\u00eate de lavage mobile tr\u00e8s puissante.La <strong>Audibax Iowa 70 White<\/strong> est une petite t\u00eate de lavage mobile tr\u00e8s puissante qui, gr\u00e2ce \u00e0 ses mouvements rapides, est capable de g\u00e9n\u00e9rer une exp\u00e9rience lumineuse in\u00e9gal\u00e9e.<\/li>\n<li>Notre <strong>Iowa 70 White&nbsp;<\/strong>T\u00eate de lavage est \u00e9quip\u00e9e de 7 LED multicolores RGBW 4-en-1 10W, qui \u00e9mettent une source lumineuse aux couleurs vives et \u00e9clatantes.<\/li>\n<li>La t\u00eate est contr\u00f4l\u00e9e par DMX et int\u00e8gre un indicateur intelligent de temp\u00e9rature et de dur\u00e9e de combustion pour prolonger la dur\u00e9e de vie de l&#8217;appareil.<\/li>\n<li>La t\u00eate est \u00e9quip\u00e9e d&#8217;un variateur \u00e9lectronique doux, d&#8217;un stroboscope \u00e9lectronique avec des effets de pulsation et des effets al\u00e9atoires.<\/li>\n<li>Il fonctionne en mode DMX512, ma\u00eetre-esclave, automatique et sonore.<\/li>\n<\/ul>\n<p><strong>Sp\u00e9cifications<\/strong><\/p>\n<ul>\n<li>Voltage : AC 90V-240V, 50-60HZ<\/li>\n<li>Puissance : 80W&nbsp;<\/li>\n<li>Source lumineuse : 7 x 10W LED RGBW 4-en-1<\/li>\n<li>Gradation douce \u00e9lectronique : 0-100%<\/li>\n<li>Stroboscope \u00e9lectronique avec effets d&#8217;impulsion et al\u00e9atoires.<\/li>\n<li>Horizontal\/Vertical : 6300\/2400, vitesse r\u00e9glable<\/li>\n<li>Canaux DMX : 9CH\/14CH<\/li>\n<li>Mode de contr\u00f4le : DMX512, ma\u00eetre-esclave, AUTO, son<\/li>\n<li>Haute efficacit\u00e9, faible consommation d&#8217;\u00e9nergie<\/li>\n<li>Structure en fibres (polyur\u00e9thane)<\/li>\n<li>Couleur : Blanc<\/li>\n<li>Dimensions : 175 x 175 x 235 mm<\/li>\n<li>Poids : 3 kg<\/li>\n<\/ul>\n<\/ul>\n","protected":false},"excerpt":{"rendered":"<ul>\n<li>T\u00eate de lavage mobile<\/li>\n<li>Source lumineuse : 7 x 10W LED RGBW 4 en 1<\/li>\n<li>Canaux DMX : 9CH\/14CH<\/li>\n<li>Mode de contr\u00f4le : DMX512, ma\u00eetre-esclave, AUTO, son<\/li>\n<\/ul>\n<\/ul>\n<\/ul>\n","protected":false},"featured_media":34384,"comment_status":"open","ping_status":"closed","template":"","meta":[],"product_cat":[365,243],"product_tag":[],"class_list":{"0":"post-36638","1":"product","2":"type-product","3":"status-publish","4":"has-post-thumbnail","6":"product_cat-tete-mobile-de-lavage","7":"product_cat-uncategorized","9":"first","10":"instock","11":"shipping-taxable","12":"product-type-simple"},"acf":[],"yoast_head":"<!-- This site is optimized with the Yoast SEO plugin v21.5 - https:\/\/yoast.com\/wordpress\/plugins\/seo\/ -->\n<title>Iowa 70 White - Audibax<\/title>\n<meta name=\"robots\" content=\"noindex, follow, max-snippet:-1, max-image-preview:large, max-video-preview:-1\" \/>\n<meta property=\"og:locale\" content=\"fr_FR\" \/>\n<meta property=\"og:type\" content=\"article\" \/>\n<meta property=\"og:title\" content=\"Iowa 70 White - Audibax\" \/>\n<meta property=\"og:description\" content=\"T\u00eate de lavage mobile Source lumineuse : 7 x 10W LED RGBW 4 en 1 Canaux DMX : 9CH\/14CH Mode de contr\u00f4le : DMX512, ma\u00eetre-esclave, AUTO, son\" \/>\n<meta property=\"og:url\" content=\"https:\/\/romantic-sinoussi.152-228-147-242.plesk.page\/fr\/produit\/iowa-70-white-2\/\" \/>\n<meta property=\"og:site_name\" content=\"Audibax\" \/>\n<meta name=\"twitter:card\" content=\"summary_large_image\" \/>\n<meta name=\"twitter:label1\" content=\"Dur\u00e9e de lecture estim\u00e9e\" \/>\n\t<meta name=\"twitter:data1\" content=\"1 minute\" \/>\n<script type=\"application\/ld+json\" class=\"yoast-schema-graph\">{\"@context\":\"https:\/\/schema.org\",\"@graph\":[{\"@type\":\"WebPage\",\"@id\":\"https:\/\/romantic-sinoussi.152-228-147-242.plesk.page\/fr\/produit\/iowa-70-white-2\/\",\"url\":\"https:\/\/romantic-sinoussi.152-228-147-242.plesk.page\/fr\/produit\/iowa-70-white-2\/\",\"name\":\"Iowa 70 White - Audibax\",\"isPartOf\":{\"@id\":\"https:\/\/romantic-sinoussi.152-228-147-242.plesk.page\/fr\/#website\"},\"datePublished\":\"2023-12-27T10:56:39+00:00\",\"dateModified\":\"2023-12-27T10:56:39+00:00\",\"breadcrumb\":{\"@id\":\"https:\/\/romantic-sinoussi.152-228-147-242.plesk.page\/fr\/produit\/iowa-70-white-2\/#breadcrumb\"},\"inLanguage\":\"fr-FR\",\"potentialAction\":[{\"@type\":\"ReadAction\",\"target\":[\"https:\/\/romantic-sinoussi.152-228-147-242.plesk.page\/fr\/produit\/iowa-70-white-2\/\"]}]},{\"@type\":\"BreadcrumbList\",\"@id\":\"https:\/\/romantic-sinoussi.152-228-147-242.plesk.page\/fr\/produit\/iowa-70-white-2\/#breadcrumb\",\"itemListElement\":[{\"@type\":\"ListItem\",\"position\":1,\"name\":\"Portada\",\"item\":\"https:\/\/romantic-sinoussi.152-228-147-242.plesk.page\/fr\/\"},{\"@type\":\"ListItem\",\"position\":2,\"name\":\"Products\",\"item\":\"https:\/\/romantic-sinoussi.152-228-147-242.plesk.page\/fr\/shop\/\"},{\"@type\":\"ListItem\",\"position\":3,\"name\":\"Iowa 70 White\"}]},{\"@type\":\"WebSite\",\"@id\":\"https:\/\/romantic-sinoussi.152-228-147-242.plesk.page\/fr\/#website\",\"url\":\"https:\/\/romantic-sinoussi.152-228-147-242.plesk.page\/fr\/\",\"name\":\"Audibax\",\"description\":\"\",\"publisher\":{\"@id\":\"https:\/\/romantic-sinoussi.152-228-147-242.plesk.page\/fr\/#organization\"},\"potentialAction\":[{\"@type\":\"SearchAction\",\"target\":{\"@type\":\"EntryPoint\",\"urlTemplate\":\"https:\/\/romantic-sinoussi.152-228-147-242.plesk.page\/fr\/?s={search_term_string}\"},\"query-input\":\"required name=search_term_string\"}],\"inLanguage\":\"fr-FR\"},{\"@type\":\"Organization\",\"@id\":\"https:\/\/romantic-sinoussi.152-228-147-242.plesk.page\/fr\/#organization\",\"name\":\"Audibax\",\"url\":\"https:\/\/romantic-sinoussi.152-228-147-242.plesk.page\/fr\/\",\"logo\":{\"@type\":\"ImageObject\",\"inLanguage\":\"fr-FR\",\"@id\":\"https:\/\/romantic-sinoussi.152-228-147-242.plesk.page\/fr\/#\/schema\/logo\/image\/\",\"url\":\"https:\/\/romantic-sinoussi.152-228-147-242.plesk.page\/wp-content\/uploads\/2023\/09\/logo-Audibax-BLANCO-SVG-1.svg\",\"contentUrl\":\"https:\/\/romantic-sinoussi.152-228-147-242.plesk.page\/wp-content\/uploads\/2023\/09\/logo-Audibax-BLANCO-SVG-1.svg\",\"width\":581,\"height\":146,\"caption\":\"Audibax\"},\"image\":{\"@id\":\"https:\/\/romantic-sinoussi.152-228-147-242.plesk.page\/fr\/#\/schema\/logo\/image\/\"}}]}<\/script>\n<!-- \/ Yoast SEO plugin. -->","yoast_head_json":{"title":"Iowa 70 White - Audibax","robots":{"index":"noindex","follow":"follow","max-snippet":"max-snippet:-1","max-image-preview":"max-image-preview:large","max-video-preview":"max-video-preview:-1"},"og_locale":"fr_FR","og_type":"article","og_title":"Iowa 70 White - Audibax","og_description":"T\u00eate de lavage mobile Source lumineuse : 7 x 10W LED RGBW 4 en 1 Canaux DMX : 9CH\/14CH Mode de contr\u00f4le : DMX512, ma\u00eetre-esclave, AUTO, son","og_url":"https:\/\/romantic-sinoussi.152-228-147-242.plesk.page\/fr\/produit\/iowa-70-white-2\/","og_site_name":"Audibax","twitter_card":"summary_large_image","twitter_misc":{"Dur\u00e9e de lecture estim\u00e9e":"1 minute"},"schema":{"@context":"https:\/\/schema.org","@graph":[{"@type":"WebPage","@id":"https:\/\/romantic-sinoussi.152-228-147-242.plesk.page\/fr\/produit\/iowa-70-white-2\/","url":"https:\/\/romantic-sinoussi.152-228-147-242.plesk.page\/fr\/produit\/iowa-70-white-2\/","name":"Iowa 70 White - Audibax","isPartOf":{"@id":"https:\/\/romantic-sinoussi.152-228-147-242.plesk.page\/fr\/#website"},"datePublished":"2023-12-27T10:56:39+00:00","dateModified":"2023-12-27T10:56:39+00:00","breadcrumb":{"@id":"https:\/\/romantic-sinoussi.152-228-147-242.plesk.page\/fr\/produit\/iowa-70-white-2\/#breadcrumb"},"inLanguage":"fr-FR","potentialAction":[{"@type":"ReadAction","target":["https:\/\/romantic-sinoussi.152-228-147-242.plesk.page\/fr\/produit\/iowa-70-white-2\/"]}]},{"@type":"BreadcrumbList","@id":"https:\/\/romantic-sinoussi.152-228-147-242.plesk.page\/fr\/produit\/iowa-70-white-2\/#breadcrumb","itemListElement":[{"@type":"ListItem","position":1,"name":"Portada","item":"https:\/\/romantic-sinoussi.152-228-147-242.plesk.page\/fr\/"},{"@type":"ListItem","position":2,"name":"Products","item":"https:\/\/romantic-sinoussi.152-228-147-242.plesk.page\/fr\/shop\/"},{"@type":"ListItem","position":3,"name":"Iowa 70 White"}]},{"@type":"WebSite","@id":"https:\/\/romantic-sinoussi.152-228-147-242.plesk.page\/fr\/#website","url":"https:\/\/romantic-sinoussi.152-228-147-242.plesk.page\/fr\/","name":"Audibax","description":"","publisher":{"@id":"https:\/\/romantic-sinoussi.152-228-147-242.plesk.page\/fr\/#organization"},"potentialAction":[{"@type":"SearchAction","target":{"@type":"EntryPoint","urlTemplate":"https:\/\/romantic-sinoussi.152-228-147-242.plesk.page\/fr\/?s={search_term_string}"},"query-input":"required name=search_term_string"}],"inLanguage":"fr-FR"},{"@type":"Organization","@id":"https:\/\/romantic-sinoussi.152-228-147-242.plesk.page\/fr\/#organization","name":"Audibax","url":"https:\/\/romantic-sinoussi.152-228-147-242.plesk.page\/fr\/","logo":{"@type":"ImageObject","inLanguage":"fr-FR","@id":"https:\/\/romantic-sinoussi.152-228-147-242.plesk.page\/fr\/#\/schema\/logo\/image\/","url":"https:\/\/romantic-sinoussi.152-228-147-242.plesk.page\/wp-content\/uploads\/2023\/09\/logo-Audibax-BLANCO-SVG-1.svg","contentUrl":"https:\/\/romantic-sinoussi.152-228-147-242.plesk.page\/wp-content\/uploads\/2023\/09\/logo-Audibax-BLANCO-SVG-1.svg","width":581,"height":146,"caption":"Audibax"},"image":{"@id":"https:\/\/romantic-sinoussi.152-228-147-242.plesk.page\/fr\/#\/schema\/logo\/image\/"}}]}},"_links":{"self":[{"href":"https:\/\/romantic-sinoussi.152-228-147-242.plesk.page\/fr\/wp-json\/wp\/v2\/product\/36638","targetHints":{"allow":["GET"]}}],"collection":[{"href":"https:\/\/romantic-sinoussi.152-228-147-242.plesk.page\/fr\/wp-json\/wp\/v2\/product"}],"about":[{"href":"https:\/\/romantic-sinoussi.152-228-147-242.plesk.page\/fr\/wp-json\/wp\/v2\/types\/product"}],"replies":[{"embeddable":true,"href":"https:\/\/romantic-sinoussi.152-228-147-242.plesk.page\/fr\/wp-json\/wp\/v2\/comments?post=36638"}],"wp:featuredmedia":[{"embeddable":true,"href":"https:\/\/romantic-sinoussi.152-228-147-242.plesk.page\/fr\/wp-json\/wp\/v2\/media\/34384"}],"wp:attachment":[{"href":"https:\/\/romantic-sinoussi.152-228-147-242.plesk.page\/fr\/wp-json\/wp\/v2\/media?parent=36638"}],"wp:term":[{"taxonomy":"product_cat","embeddable":true,"href":"https:\/\/romantic-sinoussi.152-228-147-242.plesk.page\/fr\/wp-json\/wp\/v2\/product_cat?post=36638"},{"taxonomy":"product_tag","embeddable":true,"href":"https:\/\/romantic-sinoussi.152-228-147-242.plesk.page\/fr\/wp-json\/wp\/v2\/product_tag?post=36638"}],"curies":[{"name":"wp","href":"https:\/\/api.w.org\/{rel}","templated":true}]}}