{"id":36641,"date":"2023-12-27T11:56:42","date_gmt":"2023-12-27T10:56:42","guid":{"rendered":"https:\/\/romantic-sinoussi.152-228-147-242.plesk.page\/product\/iowa-360-zoom-black-2\/"},"modified":"2023-12-27T11:56:42","modified_gmt":"2023-12-27T10:56:42","slug":"iowa-360-zoom-black-2","status":"publish","type":"product","link":"https:\/\/romantic-sinoussi.152-228-147-242.plesk.page\/fr\/produit\/iowa-360-zoom-black-2\/","title":{"rendered":"Iowa 360 Zoom Black"},"content":{"rendered":"<p><span style=\"font-size :14px\"><strong>Caract\u00e9ristiques<\/strong><\/span><\/p>\n<p>Le <strong>Audibax Iowa 360 Zoom<\/strong> est un m&#038;oacute ;Le <strong>Audibax Iowa 360 Zoom<\/strong><\/span><\/p>\n<p>Le <strong>Audibax Iowa 360 Zoom<\/strong> est une t\u00eate de lavage mobile qui comprend 36 LED RGBW de 10W chacune, avec la technologie 4 en 1, ce qui signifie que chaque LED peut produire une large gamme de couleurs et de subtils m\u00e9langes de couleurs.<\/p>\n<p>Notre t\u00eate mobile <strong>Iowa 360 Zoom<\/strong> est \u00e9galement dot\u00e9e d&#8217;un syst\u00e8me de zoom motoris\u00e9 qui vous permet d&#8217;ajuster l&#8217;angle du faisceau pour l&#8217;adapter aux diff\u00e9rentes tailles de sc\u00e8ne et aux applications d&#8217;\u00e9clairage. De plus, cette t\u00eate mobile offre une rotation continue de 360 degr\u00e9s en panoramique et en inclinaison, ce qui permet un \u00e9clairage dynamique et cr\u00e9atif dans n&#8217;importe quelle direction.<\/p>\n<p>Audibax Iowa 360 Zoom<\/strong> est id\u00e9al pour les applications mobiles telles que les tourn\u00e9es et les \u00e9v\u00e9nements en direct, gr\u00e2ce \u00e0 sa conception compacte et l\u00e9g\u00e8re. Cette t\u00eate mobile est \u00e9galement dot\u00e9e d&#8217;un certain nombre de fonctionnalit\u00e9s avanc\u00e9es, telles que le contr\u00f4le DMX et les effets d&#8217;\u00e9clairage automatiques, ce qui la rend facile \u00e0 utiliser pour les d\u00e9butants comme pour les professionnels de l&#8217;\u00e9clairage.<\/p>\n<p><span style=\"font-size :14px\"><strong>Sp\u00e9cifications<\/strong><\/strong><\/span><\/p>\n<ul>\n<li>M&oacute;vile Wash<\/li>\n<li>Puissance totale : 450W<\/li>\n<li>Puissance de projection : 320W<\/li>\n<li>Source lumineuse : 36 x 10W RGBW 4-in-1 LED<\/li>\n<li>Temp\u00e9rature de couleur : 8500K<\/li>\n<li>Syst\u00e8me de contr\u00f4le : norme internationale DMX512<\/li>\n<li>Alimentation \u00e9lectrique : AC100V-240V<\/li>\n<li>Fr\u00e9quence : 50 Hz-60 Hz<\/li>\n<li>Fusible : 7A<\/li>\n<li>Dur\u00e9e de vie moyenne : 2000h<\/li>\n<li>Degr\u00e9 de protection : IP20<\/li>\n<li>Apparence : Plastique r\u00e9sistant aux hautes temp\u00e9ratures + mat\u00e9riau en alliage moul\u00e9<\/li>\n<li>Couleur : Noir<\/li>\n<li>Dimensions : 325mm x 400 x 210<\/li>\n<li>Poids net 11kg<\/li>\n<\/ul>\n<li>Dimensions : 325mm x 400 x 210<\/li>\n<li>Dimensions.<br \/>\n","protected":false},"excerpt":{"rendered":"<ul>\n<li>Mobile Wash<\/li>\n<li>Puissance totale : 450W<\/li>\n<li>Source lumineuse : 36 x 10W LED RGBW 4 en 1<\/li>\n<\/ul>\n<li>Source lumineuse : 36 x 10W LED RGBW 4 en 1<\/li>\n<\/ul>\n<\/ul>\n","protected":false},"featured_media":34391,"comment_status":"open","ping_status":"closed","template":"","meta":[],"product_cat":[365,243],"product_tag":[],"class_list":{"0":"post-36641","1":"product","2":"type-product","3":"status-publish","4":"has-post-thumbnail","6":"product_cat-tete-mobile-de-lavage","7":"product_cat-uncategorized","9":"first","10":"instock","11":"shipping-taxable","12":"product-type-simple"},"acf":[],"yoast_head":"<!-- This site is optimized with the Yoast SEO plugin v21.5 - https:\/\/yoast.com\/wordpress\/plugins\/seo\/ -->\n<title>Iowa 360 Zoom Black - Audibax<\/title>\n<meta name=\"robots\" content=\"noindex, follow, max-snippet:-1, max-image-preview:large, max-video-preview:-1\" \/>\n<meta property=\"og:locale\" content=\"fr_FR\" \/>\n<meta property=\"og:type\" content=\"article\" \/>\n<meta property=\"og:title\" content=\"Iowa 360 Zoom Black - Audibax\" \/>\n<meta property=\"og:description\" content=\"Mobile Wash Puissance totale : 450W Source lumineuse : 36 x 10W LED RGBW 4 en 1 Source lumineuse : 36 x 10W LED RGBW 4 en 1\" \/>\n<meta property=\"og:url\" content=\"https:\/\/romantic-sinoussi.152-228-147-242.plesk.page\/fr\/produit\/iowa-360-zoom-black-2\/\" \/>\n<meta property=\"og:site_name\" content=\"Audibax\" \/>\n<meta name=\"twitter:card\" content=\"summary_large_image\" \/>\n<meta name=\"twitter:label1\" content=\"Dur\u00e9e de lecture estim\u00e9e\" \/>\n\t<meta name=\"twitter:data1\" content=\"1 minute\" \/>\n<script type=\"application\/ld+json\" class=\"yoast-schema-graph\">{\"@context\":\"https:\/\/schema.org\",\"@graph\":[{\"@type\":\"WebPage\",\"@id\":\"https:\/\/romantic-sinoussi.152-228-147-242.plesk.page\/fr\/produit\/iowa-360-zoom-black-2\/\",\"url\":\"https:\/\/romantic-sinoussi.152-228-147-242.plesk.page\/fr\/produit\/iowa-360-zoom-black-2\/\",\"name\":\"Iowa 360 Zoom Black - Audibax\",\"isPartOf\":{\"@id\":\"https:\/\/romantic-sinoussi.152-228-147-242.plesk.page\/fr\/#website\"},\"datePublished\":\"2023-12-27T10:56:42+00:00\",\"dateModified\":\"2023-12-27T10:56:42+00:00\",\"breadcrumb\":{\"@id\":\"https:\/\/romantic-sinoussi.152-228-147-242.plesk.page\/fr\/produit\/iowa-360-zoom-black-2\/#breadcrumb\"},\"inLanguage\":\"fr-FR\",\"potentialAction\":[{\"@type\":\"ReadAction\",\"target\":[\"https:\/\/romantic-sinoussi.152-228-147-242.plesk.page\/fr\/produit\/iowa-360-zoom-black-2\/\"]}]},{\"@type\":\"BreadcrumbList\",\"@id\":\"https:\/\/romantic-sinoussi.152-228-147-242.plesk.page\/fr\/produit\/iowa-360-zoom-black-2\/#breadcrumb\",\"itemListElement\":[{\"@type\":\"ListItem\",\"position\":1,\"name\":\"Portada\",\"item\":\"https:\/\/romantic-sinoussi.152-228-147-242.plesk.page\/fr\/\"},{\"@type\":\"ListItem\",\"position\":2,\"name\":\"Products\",\"item\":\"https:\/\/romantic-sinoussi.152-228-147-242.plesk.page\/fr\/shop\/\"},{\"@type\":\"ListItem\",\"position\":3,\"name\":\"Iowa 360 Zoom Black\"}]},{\"@type\":\"WebSite\",\"@id\":\"https:\/\/romantic-sinoussi.152-228-147-242.plesk.page\/fr\/#website\",\"url\":\"https:\/\/romantic-sinoussi.152-228-147-242.plesk.page\/fr\/\",\"name\":\"Audibax\",\"description\":\"\",\"publisher\":{\"@id\":\"https:\/\/romantic-sinoussi.152-228-147-242.plesk.page\/fr\/#organization\"},\"potentialAction\":[{\"@type\":\"SearchAction\",\"target\":{\"@type\":\"EntryPoint\",\"urlTemplate\":\"https:\/\/romantic-sinoussi.152-228-147-242.plesk.page\/fr\/?s={search_term_string}\"},\"query-input\":\"required name=search_term_string\"}],\"inLanguage\":\"fr-FR\"},{\"@type\":\"Organization\",\"@id\":\"https:\/\/romantic-sinoussi.152-228-147-242.plesk.page\/fr\/#organization\",\"name\":\"Audibax\",\"url\":\"https:\/\/romantic-sinoussi.152-228-147-242.plesk.page\/fr\/\",\"logo\":{\"@type\":\"ImageObject\",\"inLanguage\":\"fr-FR\",\"@id\":\"https:\/\/romantic-sinoussi.152-228-147-242.plesk.page\/fr\/#\/schema\/logo\/image\/\",\"url\":\"https:\/\/romantic-sinoussi.152-228-147-242.plesk.page\/wp-content\/uploads\/2023\/09\/logo-Audibax-BLANCO-SVG-1.svg\",\"contentUrl\":\"https:\/\/romantic-sinoussi.152-228-147-242.plesk.page\/wp-content\/uploads\/2023\/09\/logo-Audibax-BLANCO-SVG-1.svg\",\"width\":581,\"height\":146,\"caption\":\"Audibax\"},\"image\":{\"@id\":\"https:\/\/romantic-sinoussi.152-228-147-242.plesk.page\/fr\/#\/schema\/logo\/image\/\"}}]}<\/script>\n<!-- \/ Yoast SEO plugin. -->","yoast_head_json":{"title":"Iowa 360 Zoom Black - Audibax","robots":{"index":"noindex","follow":"follow","max-snippet":"max-snippet:-1","max-image-preview":"max-image-preview:large","max-video-preview":"max-video-preview:-1"},"og_locale":"fr_FR","og_type":"article","og_title":"Iowa 360 Zoom Black - Audibax","og_description":"Mobile Wash Puissance totale : 450W Source lumineuse : 36 x 10W LED RGBW 4 en 1 Source lumineuse : 36 x 10W LED RGBW 4 en 1","og_url":"https:\/\/romantic-sinoussi.152-228-147-242.plesk.page\/fr\/produit\/iowa-360-zoom-black-2\/","og_site_name":"Audibax","twitter_card":"summary_large_image","twitter_misc":{"Dur\u00e9e de lecture estim\u00e9e":"1 minute"},"schema":{"@context":"https:\/\/schema.org","@graph":[{"@type":"WebPage","@id":"https:\/\/romantic-sinoussi.152-228-147-242.plesk.page\/fr\/produit\/iowa-360-zoom-black-2\/","url":"https:\/\/romantic-sinoussi.152-228-147-242.plesk.page\/fr\/produit\/iowa-360-zoom-black-2\/","name":"Iowa 360 Zoom Black - Audibax","isPartOf":{"@id":"https:\/\/romantic-sinoussi.152-228-147-242.plesk.page\/fr\/#website"},"datePublished":"2023-12-27T10:56:42+00:00","dateModified":"2023-12-27T10:56:42+00:00","breadcrumb":{"@id":"https:\/\/romantic-sinoussi.152-228-147-242.plesk.page\/fr\/produit\/iowa-360-zoom-black-2\/#breadcrumb"},"inLanguage":"fr-FR","potentialAction":[{"@type":"ReadAction","target":["https:\/\/romantic-sinoussi.152-228-147-242.plesk.page\/fr\/produit\/iowa-360-zoom-black-2\/"]}]},{"@type":"BreadcrumbList","@id":"https:\/\/romantic-sinoussi.152-228-147-242.plesk.page\/fr\/produit\/iowa-360-zoom-black-2\/#breadcrumb","itemListElement":[{"@type":"ListItem","position":1,"name":"Portada","item":"https:\/\/romantic-sinoussi.152-228-147-242.plesk.page\/fr\/"},{"@type":"ListItem","position":2,"name":"Products","item":"https:\/\/romantic-sinoussi.152-228-147-242.plesk.page\/fr\/shop\/"},{"@type":"ListItem","position":3,"name":"Iowa 360 Zoom Black"}]},{"@type":"WebSite","@id":"https:\/\/romantic-sinoussi.152-228-147-242.plesk.page\/fr\/#website","url":"https:\/\/romantic-sinoussi.152-228-147-242.plesk.page\/fr\/","name":"Audibax","description":"","publisher":{"@id":"https:\/\/romantic-sinoussi.152-228-147-242.plesk.page\/fr\/#organization"},"potentialAction":[{"@type":"SearchAction","target":{"@type":"EntryPoint","urlTemplate":"https:\/\/romantic-sinoussi.152-228-147-242.plesk.page\/fr\/?s={search_term_string}"},"query-input":"required name=search_term_string"}],"inLanguage":"fr-FR"},{"@type":"Organization","@id":"https:\/\/romantic-sinoussi.152-228-147-242.plesk.page\/fr\/#organization","name":"Audibax","url":"https:\/\/romantic-sinoussi.152-228-147-242.plesk.page\/fr\/","logo":{"@type":"ImageObject","inLanguage":"fr-FR","@id":"https:\/\/romantic-sinoussi.152-228-147-242.plesk.page\/fr\/#\/schema\/logo\/image\/","url":"https:\/\/romantic-sinoussi.152-228-147-242.plesk.page\/wp-content\/uploads\/2023\/09\/logo-Audibax-BLANCO-SVG-1.svg","contentUrl":"https:\/\/romantic-sinoussi.152-228-147-242.plesk.page\/wp-content\/uploads\/2023\/09\/logo-Audibax-BLANCO-SVG-1.svg","width":581,"height":146,"caption":"Audibax"},"image":{"@id":"https:\/\/romantic-sinoussi.152-228-147-242.plesk.page\/fr\/#\/schema\/logo\/image\/"}}]}},"_links":{"self":[{"href":"https:\/\/romantic-sinoussi.152-228-147-242.plesk.page\/fr\/wp-json\/wp\/v2\/product\/36641","targetHints":{"allow":["GET"]}}],"collection":[{"href":"https:\/\/romantic-sinoussi.152-228-147-242.plesk.page\/fr\/wp-json\/wp\/v2\/product"}],"about":[{"href":"https:\/\/romantic-sinoussi.152-228-147-242.plesk.page\/fr\/wp-json\/wp\/v2\/types\/product"}],"replies":[{"embeddable":true,"href":"https:\/\/romantic-sinoussi.152-228-147-242.plesk.page\/fr\/wp-json\/wp\/v2\/comments?post=36641"}],"wp:featuredmedia":[{"embeddable":true,"href":"https:\/\/romantic-sinoussi.152-228-147-242.plesk.page\/fr\/wp-json\/wp\/v2\/media\/34391"}],"wp:attachment":[{"href":"https:\/\/romantic-sinoussi.152-228-147-242.plesk.page\/fr\/wp-json\/wp\/v2\/media?parent=36641"}],"wp:term":[{"taxonomy":"product_cat","embeddable":true,"href":"https:\/\/romantic-sinoussi.152-228-147-242.plesk.page\/fr\/wp-json\/wp\/v2\/product_cat?post=36641"},{"taxonomy":"product_tag","embeddable":true,"href":"https:\/\/romantic-sinoussi.152-228-147-242.plesk.page\/fr\/wp-json\/wp\/v2\/product_tag?post=36641"}],"curies":[{"name":"wp","href":"https:\/\/api.w.org\/{rel}","templated":true}]}}