{"id":36642,"date":"2023-12-27T11:56:44","date_gmt":"2023-12-27T10:56:44","guid":{"rendered":"https:\/\/romantic-sinoussi.152-228-147-242.plesk.page\/product\/iowa-360-zoom-double-flightcase-2\/"},"modified":"2023-12-27T11:56:44","modified_gmt":"2023-12-27T10:56:44","slug":"iowa-360-zoom-double-flightcase-2","status":"publish","type":"product","link":"https:\/\/romantic-sinoussi.152-228-147-242.plesk.page\/fr\/produit\/iowa-360-zoom-double-flightcase-2\/","title":{"rendered":"Iowa 360 Zoom + Double Flightcase"},"content":{"rendered":"<p><span style=\"font-size :14px\"><strong>Caract\u00e9ristiques&iacute;sticas<\/strong><\/strong><\/span><\/p>\n<p>Kit 2 T\u00eates <strong>Audibax Iowa 360 Zoom<\/strong> 2 Unit\u00e9s + <strong>Flightcase Double<\/strong> sur mesure<\/strong>.Audibax Iowa 360 Zoom<\/strong> 2 Unit\u00e9s + <strong>Flightcase Double<\/strong> Sur Mesure<\/strong><\/strong><\/p>\n<p>Les&nbsp;<strong>Audibax Iowa 360 Zoom<\/strong>&nbsp;est une t\u00eate de lavage mobile qui comprend 36 LED RGBW de 10W chacune, avec la technologie 4 en 1, ce qui signifie que chaque LED peut produire une large gamme de couleurs et des m\u00e9langes de couleurs subtils.<\/p>\n<p>Notre t\u00eate mobile <strong>Audibax Iowa 360 Zoom<\/strong> est id\u00e9ale pour les applications mobiles telles que les tourn\u00e9es et les \u00e9v\u00e9nements en direct. Cette t\u00eate mobile est \u00e9galement dot\u00e9e d&#8217;un certain nombre de fonctionnalit\u00e9s avanc\u00e9es telles que le contr\u00f4le DMX et les effets d&#8217;\u00e9clairage automatiques, ce qui la rend facile \u00e0 utiliser pour les d\u00e9butants comme pour les professionnels de l&#8217;\u00e9clairage.<\/p>\n<p>Le double flightcase constitue une solution s\u00fbre et pratique pour le transport de vos t\u00eates mobiles, ce qui vous permet de les emmener \u00e0 vos concerts sans craindre de les endommager.En achetant deux unit\u00e9s de l&#8217;Audibax Iowa 360 Zoom et le double flightcase, vous disposerez d&#8217;une solution professionnelle compl\u00e8te pour vos besoins d&#8217;\u00e9clairage en direct, et vous serez \u00e9quip\u00e9 pour offrir un spectacle impressionnant \u00e0 votre public. De plus, la rotation continue de 360 degr\u00e9s et le syst\u00e8me de zoom motoris\u00e9 permettent un \u00e9clairage dynamique et cr\u00e9atif dans toutes les directions.<\/p>\n<p><span style=\"font-size:14px\"><strong>Sp\u00e9cifications<\/strong><\/strong><\/span><\/p>\n<ul>\n<li>T\u00eate de lavage mobile : 2 pcs<\/li>\n<li>Inclut un double flightcase<\/li>\n<li>Puissance totale : 450W<\/li>\n<li>Puissance de projection : 320W<\/li>\n<li>Source de lumi\u00e8re : 36 x 10W LED RGBW 4 en 1<\/li>\n<li>Temp\u00e9rature de couleur : 8500K<\/li>\n<li>Syst\u00e8me de contr\u00f4le : norme internationale DMX512<\/li>\n<li>Alimentation \u00e9lectrique : AC100V-240V<\/li>\n<li>Fr\u00e9quence : 50 Hz-60 Hz<\/li>\n<li>Fusible : 7A<\/li>\n<li>Dur\u00e9e de vie moyenne : 2000h<\/li>\n<li>Degr\u00e9 de protection : IP20<\/li>\n<li>Apparence : Plastique r\u00e9sistant aux hautes temp\u00e9ratures + alliage moul\u00e9<\/li>\n<li>Couleur : Noir<\/li>\n<li>Dimensions : 325mm x 400 x 210<\/li>\n<li>Poids net 11 kg<\/li>\n<li>Dimensions de la valise de vol : 600mm x 600 x 600 x 400<\/li>\n<\/ul>\n","protected":false},"excerpt":{"rendered":"<ul>\n<li>T\u00eate de lavage mobile : 2 pcs<\/li>\n<li>Inclut une double valise de transport<\/li>\n<li>Puissance totale : 450W<\/li>\n<li>Source lumineuse : 36 x 10W LED RGBW 4-en-1 RGBW<\/li>\n<\/ul>\n","protected":false},"featured_media":18332,"comment_status":"open","ping_status":"closed","template":"","meta":[],"product_cat":[365,243],"product_tag":[],"class_list":{"0":"post-36642","1":"product","2":"type-product","3":"status-publish","4":"has-post-thumbnail","6":"product_cat-tete-mobile-de-lavage","7":"product_cat-uncategorized","9":"first","10":"instock","11":"shipping-taxable","12":"product-type-simple"},"acf":[],"yoast_head":"<!-- This site is optimized with the Yoast SEO plugin v21.5 - https:\/\/yoast.com\/wordpress\/plugins\/seo\/ -->\n<title>Iowa 360 Zoom + Double Flightcase - Audibax<\/title>\n<meta name=\"robots\" content=\"noindex, follow, max-snippet:-1, max-image-preview:large, max-video-preview:-1\" \/>\n<meta property=\"og:locale\" content=\"fr_FR\" \/>\n<meta property=\"og:type\" content=\"article\" \/>\n<meta property=\"og:title\" content=\"Iowa 360 Zoom + Double Flightcase - Audibax\" \/>\n<meta property=\"og:description\" content=\"T\u00eate de lavage mobile : 2 pcs Inclut une double valise de transport Puissance totale : 450W Source lumineuse : 36 x 10W LED RGBW 4-en-1 RGBW\" \/>\n<meta property=\"og:url\" content=\"https:\/\/romantic-sinoussi.152-228-147-242.plesk.page\/fr\/produit\/iowa-360-zoom-double-flightcase-2\/\" \/>\n<meta property=\"og:site_name\" content=\"Audibax\" \/>\n<meta name=\"twitter:card\" content=\"summary_large_image\" \/>\n<meta name=\"twitter:label1\" content=\"Dur\u00e9e de lecture estim\u00e9e\" \/>\n\t<meta name=\"twitter:data1\" content=\"2 minutes\" \/>\n<script type=\"application\/ld+json\" class=\"yoast-schema-graph\">{\"@context\":\"https:\/\/schema.org\",\"@graph\":[{\"@type\":\"WebPage\",\"@id\":\"https:\/\/romantic-sinoussi.152-228-147-242.plesk.page\/fr\/produit\/iowa-360-zoom-double-flightcase-2\/\",\"url\":\"https:\/\/romantic-sinoussi.152-228-147-242.plesk.page\/fr\/produit\/iowa-360-zoom-double-flightcase-2\/\",\"name\":\"Iowa 360 Zoom + Double Flightcase - Audibax\",\"isPartOf\":{\"@id\":\"https:\/\/romantic-sinoussi.152-228-147-242.plesk.page\/fr\/#website\"},\"datePublished\":\"2023-12-27T10:56:44+00:00\",\"dateModified\":\"2023-12-27T10:56:44+00:00\",\"breadcrumb\":{\"@id\":\"https:\/\/romantic-sinoussi.152-228-147-242.plesk.page\/fr\/produit\/iowa-360-zoom-double-flightcase-2\/#breadcrumb\"},\"inLanguage\":\"fr-FR\",\"potentialAction\":[{\"@type\":\"ReadAction\",\"target\":[\"https:\/\/romantic-sinoussi.152-228-147-242.plesk.page\/fr\/produit\/iowa-360-zoom-double-flightcase-2\/\"]}]},{\"@type\":\"BreadcrumbList\",\"@id\":\"https:\/\/romantic-sinoussi.152-228-147-242.plesk.page\/fr\/produit\/iowa-360-zoom-double-flightcase-2\/#breadcrumb\",\"itemListElement\":[{\"@type\":\"ListItem\",\"position\":1,\"name\":\"Portada\",\"item\":\"https:\/\/romantic-sinoussi.152-228-147-242.plesk.page\/fr\/\"},{\"@type\":\"ListItem\",\"position\":2,\"name\":\"Products\",\"item\":\"https:\/\/romantic-sinoussi.152-228-147-242.plesk.page\/fr\/shop\/\"},{\"@type\":\"ListItem\",\"position\":3,\"name\":\"Iowa 360 Zoom + Double Flightcase\"}]},{\"@type\":\"WebSite\",\"@id\":\"https:\/\/romantic-sinoussi.152-228-147-242.plesk.page\/fr\/#website\",\"url\":\"https:\/\/romantic-sinoussi.152-228-147-242.plesk.page\/fr\/\",\"name\":\"Audibax\",\"description\":\"\",\"publisher\":{\"@id\":\"https:\/\/romantic-sinoussi.152-228-147-242.plesk.page\/fr\/#organization\"},\"potentialAction\":[{\"@type\":\"SearchAction\",\"target\":{\"@type\":\"EntryPoint\",\"urlTemplate\":\"https:\/\/romantic-sinoussi.152-228-147-242.plesk.page\/fr\/?s={search_term_string}\"},\"query-input\":\"required name=search_term_string\"}],\"inLanguage\":\"fr-FR\"},{\"@type\":\"Organization\",\"@id\":\"https:\/\/romantic-sinoussi.152-228-147-242.plesk.page\/fr\/#organization\",\"name\":\"Audibax\",\"url\":\"https:\/\/romantic-sinoussi.152-228-147-242.plesk.page\/fr\/\",\"logo\":{\"@type\":\"ImageObject\",\"inLanguage\":\"fr-FR\",\"@id\":\"https:\/\/romantic-sinoussi.152-228-147-242.plesk.page\/fr\/#\/schema\/logo\/image\/\",\"url\":\"https:\/\/romantic-sinoussi.152-228-147-242.plesk.page\/wp-content\/uploads\/2023\/09\/logo-Audibax-BLANCO-SVG-1.svg\",\"contentUrl\":\"https:\/\/romantic-sinoussi.152-228-147-242.plesk.page\/wp-content\/uploads\/2023\/09\/logo-Audibax-BLANCO-SVG-1.svg\",\"width\":581,\"height\":146,\"caption\":\"Audibax\"},\"image\":{\"@id\":\"https:\/\/romantic-sinoussi.152-228-147-242.plesk.page\/fr\/#\/schema\/logo\/image\/\"}}]}<\/script>\n<!-- \/ Yoast SEO plugin. -->","yoast_head_json":{"title":"Iowa 360 Zoom + Double Flightcase - Audibax","robots":{"index":"noindex","follow":"follow","max-snippet":"max-snippet:-1","max-image-preview":"max-image-preview:large","max-video-preview":"max-video-preview:-1"},"og_locale":"fr_FR","og_type":"article","og_title":"Iowa 360 Zoom + Double Flightcase - Audibax","og_description":"T\u00eate de lavage mobile : 2 pcs Inclut une double valise de transport Puissance totale : 450W Source lumineuse : 36 x 10W LED RGBW 4-en-1 RGBW","og_url":"https:\/\/romantic-sinoussi.152-228-147-242.plesk.page\/fr\/produit\/iowa-360-zoom-double-flightcase-2\/","og_site_name":"Audibax","twitter_card":"summary_large_image","twitter_misc":{"Dur\u00e9e de lecture estim\u00e9e":"2 minutes"},"schema":{"@context":"https:\/\/schema.org","@graph":[{"@type":"WebPage","@id":"https:\/\/romantic-sinoussi.152-228-147-242.plesk.page\/fr\/produit\/iowa-360-zoom-double-flightcase-2\/","url":"https:\/\/romantic-sinoussi.152-228-147-242.plesk.page\/fr\/produit\/iowa-360-zoom-double-flightcase-2\/","name":"Iowa 360 Zoom + Double Flightcase - Audibax","isPartOf":{"@id":"https:\/\/romantic-sinoussi.152-228-147-242.plesk.page\/fr\/#website"},"datePublished":"2023-12-27T10:56:44+00:00","dateModified":"2023-12-27T10:56:44+00:00","breadcrumb":{"@id":"https:\/\/romantic-sinoussi.152-228-147-242.plesk.page\/fr\/produit\/iowa-360-zoom-double-flightcase-2\/#breadcrumb"},"inLanguage":"fr-FR","potentialAction":[{"@type":"ReadAction","target":["https:\/\/romantic-sinoussi.152-228-147-242.plesk.page\/fr\/produit\/iowa-360-zoom-double-flightcase-2\/"]}]},{"@type":"BreadcrumbList","@id":"https:\/\/romantic-sinoussi.152-228-147-242.plesk.page\/fr\/produit\/iowa-360-zoom-double-flightcase-2\/#breadcrumb","itemListElement":[{"@type":"ListItem","position":1,"name":"Portada","item":"https:\/\/romantic-sinoussi.152-228-147-242.plesk.page\/fr\/"},{"@type":"ListItem","position":2,"name":"Products","item":"https:\/\/romantic-sinoussi.152-228-147-242.plesk.page\/fr\/shop\/"},{"@type":"ListItem","position":3,"name":"Iowa 360 Zoom + Double Flightcase"}]},{"@type":"WebSite","@id":"https:\/\/romantic-sinoussi.152-228-147-242.plesk.page\/fr\/#website","url":"https:\/\/romantic-sinoussi.152-228-147-242.plesk.page\/fr\/","name":"Audibax","description":"","publisher":{"@id":"https:\/\/romantic-sinoussi.152-228-147-242.plesk.page\/fr\/#organization"},"potentialAction":[{"@type":"SearchAction","target":{"@type":"EntryPoint","urlTemplate":"https:\/\/romantic-sinoussi.152-228-147-242.plesk.page\/fr\/?s={search_term_string}"},"query-input":"required name=search_term_string"}],"inLanguage":"fr-FR"},{"@type":"Organization","@id":"https:\/\/romantic-sinoussi.152-228-147-242.plesk.page\/fr\/#organization","name":"Audibax","url":"https:\/\/romantic-sinoussi.152-228-147-242.plesk.page\/fr\/","logo":{"@type":"ImageObject","inLanguage":"fr-FR","@id":"https:\/\/romantic-sinoussi.152-228-147-242.plesk.page\/fr\/#\/schema\/logo\/image\/","url":"https:\/\/romantic-sinoussi.152-228-147-242.plesk.page\/wp-content\/uploads\/2023\/09\/logo-Audibax-BLANCO-SVG-1.svg","contentUrl":"https:\/\/romantic-sinoussi.152-228-147-242.plesk.page\/wp-content\/uploads\/2023\/09\/logo-Audibax-BLANCO-SVG-1.svg","width":581,"height":146,"caption":"Audibax"},"image":{"@id":"https:\/\/romantic-sinoussi.152-228-147-242.plesk.page\/fr\/#\/schema\/logo\/image\/"}}]}},"_links":{"self":[{"href":"https:\/\/romantic-sinoussi.152-228-147-242.plesk.page\/fr\/wp-json\/wp\/v2\/product\/36642","targetHints":{"allow":["GET"]}}],"collection":[{"href":"https:\/\/romantic-sinoussi.152-228-147-242.plesk.page\/fr\/wp-json\/wp\/v2\/product"}],"about":[{"href":"https:\/\/romantic-sinoussi.152-228-147-242.plesk.page\/fr\/wp-json\/wp\/v2\/types\/product"}],"replies":[{"embeddable":true,"href":"https:\/\/romantic-sinoussi.152-228-147-242.plesk.page\/fr\/wp-json\/wp\/v2\/comments?post=36642"}],"wp:featuredmedia":[{"embeddable":true,"href":"https:\/\/romantic-sinoussi.152-228-147-242.plesk.page\/fr\/wp-json\/wp\/v2\/media\/18332"}],"wp:attachment":[{"href":"https:\/\/romantic-sinoussi.152-228-147-242.plesk.page\/fr\/wp-json\/wp\/v2\/media?parent=36642"}],"wp:term":[{"taxonomy":"product_cat","embeddable":true,"href":"https:\/\/romantic-sinoussi.152-228-147-242.plesk.page\/fr\/wp-json\/wp\/v2\/product_cat?post=36642"},{"taxonomy":"product_tag","embeddable":true,"href":"https:\/\/romantic-sinoussi.152-228-147-242.plesk.page\/fr\/wp-json\/wp\/v2\/product_tag?post=36642"}],"curies":[{"name":"wp","href":"https:\/\/api.w.org\/{rel}","templated":true}]}}