{"id":36644,"date":"2023-12-27T11:56:47","date_gmt":"2023-12-27T10:56:47","guid":{"rendered":"https:\/\/romantic-sinoussi.152-228-147-242.plesk.page\/product\/iowa-pix-300-double-flightcase-2\/"},"modified":"2023-12-27T11:56:47","modified_gmt":"2023-12-27T10:56:47","slug":"iowa-pix-300-double-flightcase-2","status":"publish","type":"product","link":"https:\/\/romantic-sinoussi.152-228-147-242.plesk.page\/fr\/produit\/iowa-pix-300-double-flightcase-2\/","title":{"rendered":"Iowa Pix 300 + Double Flightcase"},"content":{"rendered":"<p><span style=\"font-size :14px\"><strong>Caract\u00e9ristiques<\/strong><\/strong><\/p>\n<p>Kit 4 T\u00eates<strong>Audibax Iowa Pix 300<\/strong> + <strong>Valise double<\/strong> Sur mesure<\/strong><\/p>\n<p>Le&nbsp;<strong>Audibax Iowa Pix 300<\/strong> + <strong>Valise double<\/strong> <strong>Flightcase<\/strong>.Audibax Iowa Pix 300<\/strong>&nbsp;est une t\u00eate de lavage mobile qui comprend 19 LED RGBW de 15W chacune, avec la technologie 4 en 1, ce qui signifie que chaque LED peut produire une large gamme de couleurs et des m\u00e9langes de couleurs subtils.<\/p>\n<p>Notre t\u00eate mobile <strong>Iowa Pix 300<\/strong> est id\u00e9ale pour les applications mobiles telles que les tourn\u00e9es et les \u00e9v\u00e9nements en direct. Elle est \u00e9galement dot\u00e9e d&#8217;un certain nombre de fonctionnalit\u00e9s avanc\u00e9es telles que le contr\u00f4le DMX et les effets d&#8217;\u00e9clairage automatiques, ce qui la rend facile \u00e0 utiliser pour les d\u00e9butants comme pour les professionnels de l&#8217;\u00e9clairage.<\/p>\n<p>En outre, le <strong>Iowa Pix 300<\/strong> offre une rotation panoramique continue de 540 degr\u00e9s ;En outre, l&#8217;Iowa Pix 300 offre une rotation panoramique continue de 540 degr\u00e9s et une inclinaison de 280 degr\u00e9s, ce qui permet un \u00e9clairage dynamique et cr\u00e9atif dans toutes les directions. Il est \u00e9galement dot\u00e9 d&#8217;un syst\u00e8me de zoom motoris\u00e9 qui vous permet d&#8217;ajuster l&#8217;angle du faisceau en fonction de la taille de la sc\u00e8ne et des applications d&#8217;\u00e9clairage.<\/p>\n<p>L&#8217;I<strong>owa Pix 300<\/strong> est un excellent choix pour ceux qui recherchent une t\u00eate de lavage mobile puissante et polyvalente pour une vari\u00e9t\u00e9 d&#8217;applications d&#8217;\u00e9clairage en direct.<\/p>\n<p><span style=\"font-size:14px\"><strong>Sp\u00e9cifications<\/strong><\/strong><\/span><\/p>\n<ul>\n<li>T\u00eate de lavage mobile : 2 pi\u00e8ces<\/li>\n<li>Inclut une double valise<\/li>\n<li>Puissance : 250W<\/li>\n<li>Source lumineuse : 19 x 15W RGBW 4 en 1 LED Osram<\/li>\n<li>R\u00e9glage de la lumi\u00e8re : 0-100 \u00e9lectrons ajuster la lumi\u00e8re, diverses couleurs peuvent se d\u00e9placer seul aussi peut m\u00e9langer le ton de la couleur<\/li>\n<li>La lumi\u00e8re stroboscopique : 1-25\/seconde lumi\u00e8re stroboscopique \u00e0 grande vitesse, mais une seule couleur m\u00e9langer la lumi\u00e8re stroboscopique de couleur<\/li>\n<li>Mouvement : 540&#038;deg ; niveau, 280&#038;deg ; vertical, 280&#038;deg ;, horizontal et vertical utilise la fonction de remplacement \u00e9lectronique<\/li>\n<li>&#038;Andash ; Angle de zoom : 7 &#038;ndash ; 55 degr\u00e9s<\/li>\n<li>Canal : 15\/23CH, contr\u00f4le des canaux DMX512<\/li>\n<li>Mode de contr\u00f4le : DMX512, Auto, Son, Ma\u00eetre-esclave<\/li>\n<li>Mode de contr\u00f4le : DMX 512, en jeux dans la proc\u00e9dure automatique<\/li>\n<li>Couleur : 16,7 millions de types de changements de couleur<\/li>\n<li>Tension : AC110-260V 50\/60Hz<\/li>\n<li>Dimensions :&#038;nbsp ; 250mm L x 380 H x 165 D<\/li>\n<li>Poids net : 11Kg<\/li>\n<li>Dimensions de la valise de vol : 690mm x 560 x 430 x 430<\/li>\n<\/ul>\n","protected":false},"excerpt":{"rendered":"<ul>\n<li>T\u00eate de lavage mobile : 2 pcs<\/li>\n<li>Inclut une double valise<\/li>\n<li>Puissance : 250W<\/li>\n<li>Source de lumi\u00e8re : 19 x 15W RGBW 4 en 1 Osram LED<\/li>\n<\/ul>\n<li>Source de lumi\u00e8re.<br \/>\n","protected":false},"featured_media":18335,"comment_status":"open","ping_status":"closed","template":"","meta":[],"product_cat":[365,243],"product_tag":[],"class_list":{"0":"post-36644","1":"product","2":"type-product","3":"status-publish","4":"has-post-thumbnail","6":"product_cat-tete-mobile-de-lavage","7":"product_cat-uncategorized","9":"first","10":"instock","11":"shipping-taxable","12":"product-type-simple"},"acf":[],"yoast_head":"<!-- This site is optimized with the Yoast SEO plugin v21.5 - https:\/\/yoast.com\/wordpress\/plugins\/seo\/ -->\n<title>Iowa Pix 300 + Double Flightcase - Audibax<\/title>\n<meta name=\"robots\" content=\"noindex, follow, max-snippet:-1, max-image-preview:large, max-video-preview:-1\" \/>\n<meta property=\"og:locale\" content=\"fr_FR\" \/>\n<meta property=\"og:type\" content=\"article\" \/>\n<meta property=\"og:title\" content=\"Iowa Pix 300 + Double Flightcase - Audibax\" \/>\n<meta property=\"og:description\" content=\"T\u00eate de lavage mobile : 2 pcs Inclut une double valise Puissance : 250W Source de lumi\u00e8re : 19 x 15W RGBW 4 en 1 Osram LED Source de lumi\u00e8re.\" \/>\n<meta property=\"og:url\" content=\"https:\/\/romantic-sinoussi.152-228-147-242.plesk.page\/fr\/produit\/iowa-pix-300-double-flightcase-2\/\" \/>\n<meta property=\"og:site_name\" content=\"Audibax\" \/>\n<meta name=\"twitter:card\" content=\"summary_large_image\" \/>\n<meta name=\"twitter:label1\" content=\"Dur\u00e9e de lecture estim\u00e9e\" \/>\n\t<meta name=\"twitter:data1\" content=\"2 minutes\" \/>\n<script type=\"application\/ld+json\" class=\"yoast-schema-graph\">{\"@context\":\"https:\/\/schema.org\",\"@graph\":[{\"@type\":\"WebPage\",\"@id\":\"https:\/\/romantic-sinoussi.152-228-147-242.plesk.page\/fr\/produit\/iowa-pix-300-double-flightcase-2\/\",\"url\":\"https:\/\/romantic-sinoussi.152-228-147-242.plesk.page\/fr\/produit\/iowa-pix-300-double-flightcase-2\/\",\"name\":\"Iowa Pix 300 + Double Flightcase - Audibax\",\"isPartOf\":{\"@id\":\"https:\/\/romantic-sinoussi.152-228-147-242.plesk.page\/fr\/#website\"},\"datePublished\":\"2023-12-27T10:56:47+00:00\",\"dateModified\":\"2023-12-27T10:56:47+00:00\",\"breadcrumb\":{\"@id\":\"https:\/\/romantic-sinoussi.152-228-147-242.plesk.page\/fr\/produit\/iowa-pix-300-double-flightcase-2\/#breadcrumb\"},\"inLanguage\":\"fr-FR\",\"potentialAction\":[{\"@type\":\"ReadAction\",\"target\":[\"https:\/\/romantic-sinoussi.152-228-147-242.plesk.page\/fr\/produit\/iowa-pix-300-double-flightcase-2\/\"]}]},{\"@type\":\"BreadcrumbList\",\"@id\":\"https:\/\/romantic-sinoussi.152-228-147-242.plesk.page\/fr\/produit\/iowa-pix-300-double-flightcase-2\/#breadcrumb\",\"itemListElement\":[{\"@type\":\"ListItem\",\"position\":1,\"name\":\"Portada\",\"item\":\"https:\/\/romantic-sinoussi.152-228-147-242.plesk.page\/fr\/\"},{\"@type\":\"ListItem\",\"position\":2,\"name\":\"Products\",\"item\":\"https:\/\/romantic-sinoussi.152-228-147-242.plesk.page\/fr\/shop\/\"},{\"@type\":\"ListItem\",\"position\":3,\"name\":\"Iowa Pix 300 + Double Flightcase\"}]},{\"@type\":\"WebSite\",\"@id\":\"https:\/\/romantic-sinoussi.152-228-147-242.plesk.page\/fr\/#website\",\"url\":\"https:\/\/romantic-sinoussi.152-228-147-242.plesk.page\/fr\/\",\"name\":\"Audibax\",\"description\":\"\",\"publisher\":{\"@id\":\"https:\/\/romantic-sinoussi.152-228-147-242.plesk.page\/fr\/#organization\"},\"potentialAction\":[{\"@type\":\"SearchAction\",\"target\":{\"@type\":\"EntryPoint\",\"urlTemplate\":\"https:\/\/romantic-sinoussi.152-228-147-242.plesk.page\/fr\/?s={search_term_string}\"},\"query-input\":\"required name=search_term_string\"}],\"inLanguage\":\"fr-FR\"},{\"@type\":\"Organization\",\"@id\":\"https:\/\/romantic-sinoussi.152-228-147-242.plesk.page\/fr\/#organization\",\"name\":\"Audibax\",\"url\":\"https:\/\/romantic-sinoussi.152-228-147-242.plesk.page\/fr\/\",\"logo\":{\"@type\":\"ImageObject\",\"inLanguage\":\"fr-FR\",\"@id\":\"https:\/\/romantic-sinoussi.152-228-147-242.plesk.page\/fr\/#\/schema\/logo\/image\/\",\"url\":\"https:\/\/romantic-sinoussi.152-228-147-242.plesk.page\/wp-content\/uploads\/2023\/09\/logo-Audibax-BLANCO-SVG-1.svg\",\"contentUrl\":\"https:\/\/romantic-sinoussi.152-228-147-242.plesk.page\/wp-content\/uploads\/2023\/09\/logo-Audibax-BLANCO-SVG-1.svg\",\"width\":581,\"height\":146,\"caption\":\"Audibax\"},\"image\":{\"@id\":\"https:\/\/romantic-sinoussi.152-228-147-242.plesk.page\/fr\/#\/schema\/logo\/image\/\"}}]}<\/script>\n<!-- \/ Yoast SEO plugin. -->","yoast_head_json":{"title":"Iowa Pix 300 + Double Flightcase - Audibax","robots":{"index":"noindex","follow":"follow","max-snippet":"max-snippet:-1","max-image-preview":"max-image-preview:large","max-video-preview":"max-video-preview:-1"},"og_locale":"fr_FR","og_type":"article","og_title":"Iowa Pix 300 + Double Flightcase - Audibax","og_description":"T\u00eate de lavage mobile : 2 pcs Inclut une double valise Puissance : 250W Source de lumi\u00e8re : 19 x 15W RGBW 4 en 1 Osram LED Source de lumi\u00e8re.","og_url":"https:\/\/romantic-sinoussi.152-228-147-242.plesk.page\/fr\/produit\/iowa-pix-300-double-flightcase-2\/","og_site_name":"Audibax","twitter_card":"summary_large_image","twitter_misc":{"Dur\u00e9e de lecture estim\u00e9e":"2 minutes"},"schema":{"@context":"https:\/\/schema.org","@graph":[{"@type":"WebPage","@id":"https:\/\/romantic-sinoussi.152-228-147-242.plesk.page\/fr\/produit\/iowa-pix-300-double-flightcase-2\/","url":"https:\/\/romantic-sinoussi.152-228-147-242.plesk.page\/fr\/produit\/iowa-pix-300-double-flightcase-2\/","name":"Iowa Pix 300 + Double Flightcase - Audibax","isPartOf":{"@id":"https:\/\/romantic-sinoussi.152-228-147-242.plesk.page\/fr\/#website"},"datePublished":"2023-12-27T10:56:47+00:00","dateModified":"2023-12-27T10:56:47+00:00","breadcrumb":{"@id":"https:\/\/romantic-sinoussi.152-228-147-242.plesk.page\/fr\/produit\/iowa-pix-300-double-flightcase-2\/#breadcrumb"},"inLanguage":"fr-FR","potentialAction":[{"@type":"ReadAction","target":["https:\/\/romantic-sinoussi.152-228-147-242.plesk.page\/fr\/produit\/iowa-pix-300-double-flightcase-2\/"]}]},{"@type":"BreadcrumbList","@id":"https:\/\/romantic-sinoussi.152-228-147-242.plesk.page\/fr\/produit\/iowa-pix-300-double-flightcase-2\/#breadcrumb","itemListElement":[{"@type":"ListItem","position":1,"name":"Portada","item":"https:\/\/romantic-sinoussi.152-228-147-242.plesk.page\/fr\/"},{"@type":"ListItem","position":2,"name":"Products","item":"https:\/\/romantic-sinoussi.152-228-147-242.plesk.page\/fr\/shop\/"},{"@type":"ListItem","position":3,"name":"Iowa Pix 300 + Double Flightcase"}]},{"@type":"WebSite","@id":"https:\/\/romantic-sinoussi.152-228-147-242.plesk.page\/fr\/#website","url":"https:\/\/romantic-sinoussi.152-228-147-242.plesk.page\/fr\/","name":"Audibax","description":"","publisher":{"@id":"https:\/\/romantic-sinoussi.152-228-147-242.plesk.page\/fr\/#organization"},"potentialAction":[{"@type":"SearchAction","target":{"@type":"EntryPoint","urlTemplate":"https:\/\/romantic-sinoussi.152-228-147-242.plesk.page\/fr\/?s={search_term_string}"},"query-input":"required name=search_term_string"}],"inLanguage":"fr-FR"},{"@type":"Organization","@id":"https:\/\/romantic-sinoussi.152-228-147-242.plesk.page\/fr\/#organization","name":"Audibax","url":"https:\/\/romantic-sinoussi.152-228-147-242.plesk.page\/fr\/","logo":{"@type":"ImageObject","inLanguage":"fr-FR","@id":"https:\/\/romantic-sinoussi.152-228-147-242.plesk.page\/fr\/#\/schema\/logo\/image\/","url":"https:\/\/romantic-sinoussi.152-228-147-242.plesk.page\/wp-content\/uploads\/2023\/09\/logo-Audibax-BLANCO-SVG-1.svg","contentUrl":"https:\/\/romantic-sinoussi.152-228-147-242.plesk.page\/wp-content\/uploads\/2023\/09\/logo-Audibax-BLANCO-SVG-1.svg","width":581,"height":146,"caption":"Audibax"},"image":{"@id":"https:\/\/romantic-sinoussi.152-228-147-242.plesk.page\/fr\/#\/schema\/logo\/image\/"}}]}},"_links":{"self":[{"href":"https:\/\/romantic-sinoussi.152-228-147-242.plesk.page\/fr\/wp-json\/wp\/v2\/product\/36644","targetHints":{"allow":["GET"]}}],"collection":[{"href":"https:\/\/romantic-sinoussi.152-228-147-242.plesk.page\/fr\/wp-json\/wp\/v2\/product"}],"about":[{"href":"https:\/\/romantic-sinoussi.152-228-147-242.plesk.page\/fr\/wp-json\/wp\/v2\/types\/product"}],"replies":[{"embeddable":true,"href":"https:\/\/romantic-sinoussi.152-228-147-242.plesk.page\/fr\/wp-json\/wp\/v2\/comments?post=36644"}],"wp:featuredmedia":[{"embeddable":true,"href":"https:\/\/romantic-sinoussi.152-228-147-242.plesk.page\/fr\/wp-json\/wp\/v2\/media\/18335"}],"wp:attachment":[{"href":"https:\/\/romantic-sinoussi.152-228-147-242.plesk.page\/fr\/wp-json\/wp\/v2\/media?parent=36644"}],"wp:term":[{"taxonomy":"product_cat","embeddable":true,"href":"https:\/\/romantic-sinoussi.152-228-147-242.plesk.page\/fr\/wp-json\/wp\/v2\/product_cat?post=36644"},{"taxonomy":"product_tag","embeddable":true,"href":"https:\/\/romantic-sinoussi.152-228-147-242.plesk.page\/fr\/wp-json\/wp\/v2\/product_tag?post=36644"}],"curies":[{"name":"wp","href":"https:\/\/api.w.org\/{rel}","templated":true}]}}