{"id":36648,"date":"2023-12-27T11:56:52","date_gmt":"2023-12-27T10:56:52","guid":{"rendered":"https:\/\/romantic-sinoussi.152-228-147-242.plesk.page\/product\/dallas-180-mk2-black-2\/"},"modified":"2023-12-27T11:56:52","modified_gmt":"2023-12-27T10:56:52","slug":"dallas-180-mk2-black-2","status":"publish","type":"product","link":"https:\/\/romantic-sinoussi.152-228-147-242.plesk.page\/fr\/produit\/dallas-180-mk2-black-2\/","title":{"rendered":"Dallas 180 MK2 Black"},"content":{"rendered":"<\/p>\n<p>Le <strong>Audibax Dallas 180 MK2<\/strong> est la nouvelle version du c\u00e9l\u00e8bre projecteur Dallas 180. Au titre des am\u00e9liorations, il int\u00e8gre<\/p>\n<ul>\n<li>Un ventilateur silencieux &quot;Silent&quot;<\/li>\n<li>Un aluminium ultral\u00e9ger<\/li>\n<li>RGBw 4 en 1<\/li>\n<\/ul>\n<\/ul>\n<p>.Les 18 LED 10 W \u00e0 haut rendement offrent une large gamme de couleurs RGBW, des tons doux aux tons chauds et tr\u00e8s satur\u00e9s, avec un angle de projection de 30\u00b0 et un niveau d&#8217;\u00e9clairage \u00e9lev\u00e9. Il est tr\u00e8s silencieux en fonctionnement gr\u00e2ce \u00e0 la ventilation \u00e0 faible bruit.<\/p>\n<p> Le <strong>Dallas 180 MK2<\/strong> offre 1 mode DMX avec de nombreuses fonctions et programmes int\u00e9gr\u00e9s, et dispose d&#8217;un microphone int\u00e9gr\u00e9 pour l&#8217;activation du son. Il fonctionne en mode ma\u00eetre, esclave et automatique et l&#8217;\u00e9cran \u00e9clair\u00e9 permet des r\u00e9glages faciles avec les 4 boutons.<\/p>\n<p> Il a un bo\u00eetier en aluminium moul\u00e9 sous pression noir avec 3 entr\u00e9es et sorties XLR pour le signal DMX. L&#8217;Audibax <em>Dallas 180 MK2<\/em>&nbsp;comprend un support multifonctionnel qui offre une grande vari\u00e9t\u00e9 d&#8217;options de montage.<\/p>\n<h2>Caract\u00e9ristiques<\/h2>\n<p>&nbsp;<\/p>\n<ul>\n<ul>\n<ul>\n<li>Les LED ultra-brillantes<\/h2>\n<ul>.li>Les LED haute efficacit\u00e9 10 W ultra-lumineuses<\/li>\n<li>Tr\u00e8s silencieuses gr\u00e2ce \u00e0 la ventilation.<\/li>\n<li>Le spectre de couleurs RVBW offre un m\u00e9lange de couleurs tr\u00e8s flexible, des couleurs chaudes et satur\u00e9es aux couleurs pastel et unies<\/li>\n<li>Sans scintillement<\/li>\n<li>Pas de scintillement<\/li>\n<li>Pas de scintillement<\/li>\n<li>Pas de scintillement<\/li>\n<li>Pas de scintillement<\/li>\n<li>Pas de scintillement<\/li>\n<li>Pas de scintillement<\/li>\n<li>Pas de scintillement<\/li>\n<li>Pas de scintillement<\/li>\n<li>Pas de scintillement.Connexion professionnelle avec entr\u00e9e et sortie DMX \u00e0 3 et 5 broches via XLR<\/li>\n<li>Bo\u00eetier m\u00e9tallique robuste, plat et compact\n<li>\n<li>Bo\u00eetier m\u00e9tallique\n<li>\n<li>Bo\u00eetier m\u00e9tallique\n<li>\n<li>Bo\u00eetier m\u00e9tallique\n<li>\n<li>Bo\u00eetier m\u00e9tallique\n<li>\n<li>Bo\u00eetier m\u00e9tallique\n<li>\n<li>Bo\u00eetier m\u00e9tallique\/li> <\/ul>\n<p>&nbsp;<\/p>\n<h2>Sp\u00e9cifications<\/h2>\n<p>&nbsp;<\/p>\n<ul>\n<ul>\n<li>Type de produit : Spot PAR avec technologie<\/li>\n<li>Type : PAR plat<\/li>\n<li>Couleurs : RGBW 4 en 1<\/li>\n<li>Nombre de LED : 18<\/li>\n<li>Type de LED : 10 W<\/li>\n<li>Puissance 180w<\/li>\n<li>Dispersion : 30&deg;<\/li>\n<li>Entr\u00e9eDMX : XLR m\u00e2le 3 broches<\/li>\n<li>SortieDMX : XLR femelle 3 broches<\/li>\n<li>ModeDMX : 8 canaux<\/li>\n<li>FonctionsDMX : RGBW, stroboscope, gradateur, ma\u00eetre, son activ\u00e9, changement de couleur, gradation de couleur<\/li>\n<li>Modes automatiques : Mode esclave, changement de couleur, gradation de couleur, couleur fixe, activ\u00e9 par le son<\/li>\n<li>Contr\u00f4les : Entr\u00e9e, Haut, Bas, Mode<\/li>\n<li>Indication : \u00e9cran r\u00e9tro\u00e9clair\u00e9<\/li>\n<li>Voltage : AC90-240v, 50-60Khz<\/li>\n<li>Mat\u00e9riau du bo\u00eetier : Aluminium<\/li>\n<li>Couleur du bo\u00eetier : noir<\/li>\n<li>Consommation \u00e9lectrique : 200w<\/li>\n<li>Dimensions avec poign\u00e9e : 260 x 260 x 80<\/li>\n<\/ul>\n","protected":false},"excerpt":{"rendered":"<ul>\n<li>Type de produit : Spot PAR avec technologie<\/li>\n<li>Type : Flat PAR<\/li>\n<li>Couleurs : RGBW 4 en 1<\/li>\n<li>Nombre de LEDs : 18<\/li>\n<li>Type de LED : 10 W<\/li>\n<li>Puissance 180w<\/li>\n<li>Dispersion : 30&deg;<\/li>\n<\/ul>\n<\/ul>\n","protected":false},"featured_media":16601,"comment_status":"open","ping_status":"closed","template":"","meta":[],"product_cat":[368,243],"product_tag":[],"class_list":{"0":"post-36648","1":"product","2":"type-product","3":"status-publish","4":"has-post-thumbnail","6":"product_cat-spotlights-fr","7":"product_cat-uncategorized","9":"first","10":"instock","11":"shipping-taxable","12":"product-type-simple"},"acf":[],"yoast_head":"<!-- This site is optimized with the Yoast SEO plugin v21.5 - https:\/\/yoast.com\/wordpress\/plugins\/seo\/ -->\n<title>Dallas 180 MK2 Black - Audibax<\/title>\n<meta name=\"robots\" content=\"noindex, follow, max-snippet:-1, max-image-preview:large, max-video-preview:-1\" \/>\n<meta property=\"og:locale\" content=\"fr_FR\" \/>\n<meta property=\"og:type\" content=\"article\" \/>\n<meta property=\"og:title\" content=\"Dallas 180 MK2 Black - Audibax\" \/>\n<meta property=\"og:description\" content=\"Type de produit : Spot PAR avec technologie Type : Flat PAR Couleurs : RGBW 4 en 1 Nombre de LEDs : 18 Type de LED : 10 W Puissance 180w Dispersion : 30&deg;\" \/>\n<meta property=\"og:url\" content=\"https:\/\/romantic-sinoussi.152-228-147-242.plesk.page\/fr\/produit\/dallas-180-mk2-black-2\/\" \/>\n<meta property=\"og:site_name\" content=\"Audibax\" \/>\n<meta name=\"twitter:card\" content=\"summary_large_image\" \/>\n<meta name=\"twitter:label1\" content=\"Dur\u00e9e de lecture estim\u00e9e\" \/>\n\t<meta name=\"twitter:data1\" content=\"2 minutes\" \/>\n<script type=\"application\/ld+json\" class=\"yoast-schema-graph\">{\"@context\":\"https:\/\/schema.org\",\"@graph\":[{\"@type\":\"WebPage\",\"@id\":\"https:\/\/romantic-sinoussi.152-228-147-242.plesk.page\/fr\/produit\/dallas-180-mk2-black-2\/\",\"url\":\"https:\/\/romantic-sinoussi.152-228-147-242.plesk.page\/fr\/produit\/dallas-180-mk2-black-2\/\",\"name\":\"Dallas 180 MK2 Black - Audibax\",\"isPartOf\":{\"@id\":\"https:\/\/romantic-sinoussi.152-228-147-242.plesk.page\/fr\/#website\"},\"datePublished\":\"2023-12-27T10:56:52+00:00\",\"dateModified\":\"2023-12-27T10:56:52+00:00\",\"breadcrumb\":{\"@id\":\"https:\/\/romantic-sinoussi.152-228-147-242.plesk.page\/fr\/produit\/dallas-180-mk2-black-2\/#breadcrumb\"},\"inLanguage\":\"fr-FR\",\"potentialAction\":[{\"@type\":\"ReadAction\",\"target\":[\"https:\/\/romantic-sinoussi.152-228-147-242.plesk.page\/fr\/produit\/dallas-180-mk2-black-2\/\"]}]},{\"@type\":\"BreadcrumbList\",\"@id\":\"https:\/\/romantic-sinoussi.152-228-147-242.plesk.page\/fr\/produit\/dallas-180-mk2-black-2\/#breadcrumb\",\"itemListElement\":[{\"@type\":\"ListItem\",\"position\":1,\"name\":\"Portada\",\"item\":\"https:\/\/romantic-sinoussi.152-228-147-242.plesk.page\/fr\/\"},{\"@type\":\"ListItem\",\"position\":2,\"name\":\"Products\",\"item\":\"https:\/\/romantic-sinoussi.152-228-147-242.plesk.page\/fr\/shop\/\"},{\"@type\":\"ListItem\",\"position\":3,\"name\":\"Dallas 180 MK2 Black\"}]},{\"@type\":\"WebSite\",\"@id\":\"https:\/\/romantic-sinoussi.152-228-147-242.plesk.page\/fr\/#website\",\"url\":\"https:\/\/romantic-sinoussi.152-228-147-242.plesk.page\/fr\/\",\"name\":\"Audibax\",\"description\":\"\",\"publisher\":{\"@id\":\"https:\/\/romantic-sinoussi.152-228-147-242.plesk.page\/fr\/#organization\"},\"potentialAction\":[{\"@type\":\"SearchAction\",\"target\":{\"@type\":\"EntryPoint\",\"urlTemplate\":\"https:\/\/romantic-sinoussi.152-228-147-242.plesk.page\/fr\/?s={search_term_string}\"},\"query-input\":\"required name=search_term_string\"}],\"inLanguage\":\"fr-FR\"},{\"@type\":\"Organization\",\"@id\":\"https:\/\/romantic-sinoussi.152-228-147-242.plesk.page\/fr\/#organization\",\"name\":\"Audibax\",\"url\":\"https:\/\/romantic-sinoussi.152-228-147-242.plesk.page\/fr\/\",\"logo\":{\"@type\":\"ImageObject\",\"inLanguage\":\"fr-FR\",\"@id\":\"https:\/\/romantic-sinoussi.152-228-147-242.plesk.page\/fr\/#\/schema\/logo\/image\/\",\"url\":\"https:\/\/romantic-sinoussi.152-228-147-242.plesk.page\/wp-content\/uploads\/2023\/09\/logo-Audibax-BLANCO-SVG-1.svg\",\"contentUrl\":\"https:\/\/romantic-sinoussi.152-228-147-242.plesk.page\/wp-content\/uploads\/2023\/09\/logo-Audibax-BLANCO-SVG-1.svg\",\"width\":581,\"height\":146,\"caption\":\"Audibax\"},\"image\":{\"@id\":\"https:\/\/romantic-sinoussi.152-228-147-242.plesk.page\/fr\/#\/schema\/logo\/image\/\"}}]}<\/script>\n<!-- \/ Yoast SEO plugin. -->","yoast_head_json":{"title":"Dallas 180 MK2 Black - Audibax","robots":{"index":"noindex","follow":"follow","max-snippet":"max-snippet:-1","max-image-preview":"max-image-preview:large","max-video-preview":"max-video-preview:-1"},"og_locale":"fr_FR","og_type":"article","og_title":"Dallas 180 MK2 Black - Audibax","og_description":"Type de produit : Spot PAR avec technologie Type : Flat PAR Couleurs : RGBW 4 en 1 Nombre de LEDs : 18 Type de LED : 10 W Puissance 180w Dispersion : 30&deg;","og_url":"https:\/\/romantic-sinoussi.152-228-147-242.plesk.page\/fr\/produit\/dallas-180-mk2-black-2\/","og_site_name":"Audibax","twitter_card":"summary_large_image","twitter_misc":{"Dur\u00e9e de lecture estim\u00e9e":"2 minutes"},"schema":{"@context":"https:\/\/schema.org","@graph":[{"@type":"WebPage","@id":"https:\/\/romantic-sinoussi.152-228-147-242.plesk.page\/fr\/produit\/dallas-180-mk2-black-2\/","url":"https:\/\/romantic-sinoussi.152-228-147-242.plesk.page\/fr\/produit\/dallas-180-mk2-black-2\/","name":"Dallas 180 MK2 Black - Audibax","isPartOf":{"@id":"https:\/\/romantic-sinoussi.152-228-147-242.plesk.page\/fr\/#website"},"datePublished":"2023-12-27T10:56:52+00:00","dateModified":"2023-12-27T10:56:52+00:00","breadcrumb":{"@id":"https:\/\/romantic-sinoussi.152-228-147-242.plesk.page\/fr\/produit\/dallas-180-mk2-black-2\/#breadcrumb"},"inLanguage":"fr-FR","potentialAction":[{"@type":"ReadAction","target":["https:\/\/romantic-sinoussi.152-228-147-242.plesk.page\/fr\/produit\/dallas-180-mk2-black-2\/"]}]},{"@type":"BreadcrumbList","@id":"https:\/\/romantic-sinoussi.152-228-147-242.plesk.page\/fr\/produit\/dallas-180-mk2-black-2\/#breadcrumb","itemListElement":[{"@type":"ListItem","position":1,"name":"Portada","item":"https:\/\/romantic-sinoussi.152-228-147-242.plesk.page\/fr\/"},{"@type":"ListItem","position":2,"name":"Products","item":"https:\/\/romantic-sinoussi.152-228-147-242.plesk.page\/fr\/shop\/"},{"@type":"ListItem","position":3,"name":"Dallas 180 MK2 Black"}]},{"@type":"WebSite","@id":"https:\/\/romantic-sinoussi.152-228-147-242.plesk.page\/fr\/#website","url":"https:\/\/romantic-sinoussi.152-228-147-242.plesk.page\/fr\/","name":"Audibax","description":"","publisher":{"@id":"https:\/\/romantic-sinoussi.152-228-147-242.plesk.page\/fr\/#organization"},"potentialAction":[{"@type":"SearchAction","target":{"@type":"EntryPoint","urlTemplate":"https:\/\/romantic-sinoussi.152-228-147-242.plesk.page\/fr\/?s={search_term_string}"},"query-input":"required name=search_term_string"}],"inLanguage":"fr-FR"},{"@type":"Organization","@id":"https:\/\/romantic-sinoussi.152-228-147-242.plesk.page\/fr\/#organization","name":"Audibax","url":"https:\/\/romantic-sinoussi.152-228-147-242.plesk.page\/fr\/","logo":{"@type":"ImageObject","inLanguage":"fr-FR","@id":"https:\/\/romantic-sinoussi.152-228-147-242.plesk.page\/fr\/#\/schema\/logo\/image\/","url":"https:\/\/romantic-sinoussi.152-228-147-242.plesk.page\/wp-content\/uploads\/2023\/09\/logo-Audibax-BLANCO-SVG-1.svg","contentUrl":"https:\/\/romantic-sinoussi.152-228-147-242.plesk.page\/wp-content\/uploads\/2023\/09\/logo-Audibax-BLANCO-SVG-1.svg","width":581,"height":146,"caption":"Audibax"},"image":{"@id":"https:\/\/romantic-sinoussi.152-228-147-242.plesk.page\/fr\/#\/schema\/logo\/image\/"}}]}},"_links":{"self":[{"href":"https:\/\/romantic-sinoussi.152-228-147-242.plesk.page\/fr\/wp-json\/wp\/v2\/product\/36648","targetHints":{"allow":["GET"]}}],"collection":[{"href":"https:\/\/romantic-sinoussi.152-228-147-242.plesk.page\/fr\/wp-json\/wp\/v2\/product"}],"about":[{"href":"https:\/\/romantic-sinoussi.152-228-147-242.plesk.page\/fr\/wp-json\/wp\/v2\/types\/product"}],"replies":[{"embeddable":true,"href":"https:\/\/romantic-sinoussi.152-228-147-242.plesk.page\/fr\/wp-json\/wp\/v2\/comments?post=36648"}],"wp:featuredmedia":[{"embeddable":true,"href":"https:\/\/romantic-sinoussi.152-228-147-242.plesk.page\/fr\/wp-json\/wp\/v2\/media\/16601"}],"wp:attachment":[{"href":"https:\/\/romantic-sinoussi.152-228-147-242.plesk.page\/fr\/wp-json\/wp\/v2\/media?parent=36648"}],"wp:term":[{"taxonomy":"product_cat","embeddable":true,"href":"https:\/\/romantic-sinoussi.152-228-147-242.plesk.page\/fr\/wp-json\/wp\/v2\/product_cat?post=36648"},{"taxonomy":"product_tag","embeddable":true,"href":"https:\/\/romantic-sinoussi.152-228-147-242.plesk.page\/fr\/wp-json\/wp\/v2\/product_tag?post=36648"}],"curies":[{"name":"wp","href":"https:\/\/api.w.org\/{rel}","templated":true}]}}