{"id":36649,"date":"2023-12-27T11:56:53","date_gmt":"2023-12-27T10:56:53","guid":{"rendered":"https:\/\/romantic-sinoussi.152-228-147-242.plesk.page\/product\/event-90-black-2\/"},"modified":"2023-12-27T11:56:53","modified_gmt":"2023-12-27T10:56:53","slug":"event-90-black-2","status":"publish","type":"product","link":"https:\/\/romantic-sinoussi.152-228-147-242.plesk.page\/fr\/produit\/event-90-black-2\/","title":{"rendered":"Event 90 Black"},"content":{"rendered":"<hr \/>\n<p>Le <strong>Audibax Event 90<\/strong> est un wash light architectural avec batterie et contr\u00f4le sans fil qui facilitera la mise en place de tout environnement.<\/p>\n<p>Ce projecteur vous permettra de lib\u00e9rer votre cr\u00e9ativit\u00e9 gr\u00e2ce \u00e0 ses innombrables fonctions. Le tout avec la facilit\u00e9 d&#8217;un contr\u00f4le via smartphone ou tablette gr\u00e2ce \u00e0 sa connectivit\u00e9 WiFi.<\/p>\n<p>L&#8217;application gratuite LedHome\/Led Wifi Light, disponible \u00e0 la fois <a href=\"https:\/\/play.google.com\/store\/apps\/details?id=com.feicanled.ledhome&amp;hl=fr\">pour Android<\/a> et <a href=\"https:\/\/itunes.apple.com\/es\/app\/ledhome\/id1056921921?mt=8\">pour iOS<\/a>, vous permet de contr\u00f4ler \u00e0 la fois la couleur et l&#8217;intensit\u00e9 de votre Event 90, ainsi que d&#8217;activer le mode de contr\u00f4le sonore ou le stroboscope. L&#8217;application dispose de 32 macros dans lesquelles vous pouvez cr\u00e9er vos propres combinaisons de changements de couleurs, de timings et de strobe.<\/p>\n<p>Bien s\u00fbr, il y a aussi le contr\u00f4le DMX, avec des modes \u00e0 6 ou 10 canaux, pour un contr\u00f4le plus traditionnel \u00e0 partir d&#8217;un pupitre ou de votre logiciel DMX favori.<\/p>\n<p>Ses 6 puissantes LED de 15 W vous donnent assez de puissance pour \u00e9clairer votre mur, un arbre ou n&#8217;importe quelle surface \u00e0 laquelle vous pouvez penser. De plus, comme il est livr\u00e9 avec une batterie, vous pouvez le changer de place ou de position \u00e0 votre guise sans avoir \u00e0 vous soucier des prises de courant.<\/p>\n<p>Caract\u00e9ristiques :<\/p>\n<ul>\n<li>Luminaire architectural avec batterie<\/li>\n<li>Luminaire aliment\u00e9 par batterie<\/li>\n<li>LEDs.6 x 15W LEDs<\/li>\n<li>RGBW+A+UV<\/li>\n<li>Contr\u00f4le Wi-Fi<\/li>\n<li>Contr\u00f4le Wi-Fi<\/li>\n<li>DMX 6\/10 Canaux<\/li>\n<li>Contr\u00f4le Wi-Fi<\/li>\n<li>Contr\u00f4le Wi-FiDMX 6\/10 canaux<\/li>\n<li>Fonctionnement automatique, contr\u00f4le sonore, ma\u00eetre\/esclave, DMX<\/li>\n<li>Bo\u00eetier m\u00e9tallique<\/li>\n<li>Vie des piles : 4-5 heures<\/li>\n<li>Support r\u00e9tractable inclinable<\/li>\n<li>Mesures : 200 x 140 x 140 x 140 mm.<\/li>\n<\/ul>\n<\/ul>\n","protected":false},"excerpt":{"rendered":"<\/p>\n<p>Le nouveau <strong>Audibax Event 90<\/strong> est un appareil d&#8217;\u00e9clairage structurel contr\u00f4l\u00e9 sans fil qui facilitera la mise en place de tout environnement.<\/p>\n<p>Le nouveau <strong>Audibax Event 90<\/strong> est un appareil d&#8217;\u00e9clairage structurel contr\u00f4l\u00e9 sans fil qui facilitera la mise en place de tout environnement.<\/p>\n<p>Le nouveau <strong>Audibax Event 90<\/strong> est un appareil d&#8217;\u00e9clairage structurel contr\u00f4l\u00e9 sans fil qui facilitera la mise en place de tout environnement.<\/p>\n","protected":false},"featured_media":34400,"comment_status":"open","ping_status":"closed","template":"","meta":[],"product_cat":[368,243],"product_tag":[],"class_list":{"0":"post-36649","1":"product","2":"type-product","3":"status-publish","4":"has-post-thumbnail","6":"product_cat-spotlights-fr","7":"product_cat-uncategorized","9":"first","10":"instock","11":"shipping-taxable","12":"product-type-simple"},"acf":[],"yoast_head":"<!-- This site is optimized with the Yoast SEO plugin v21.5 - https:\/\/yoast.com\/wordpress\/plugins\/seo\/ -->\n<title>Event 90 Black - Audibax<\/title>\n<meta name=\"robots\" content=\"noindex, follow, max-snippet:-1, max-image-preview:large, max-video-preview:-1\" \/>\n<meta property=\"og:locale\" content=\"fr_FR\" \/>\n<meta property=\"og:type\" content=\"article\" \/>\n<meta property=\"og:title\" content=\"Event 90 Black - Audibax\" \/>\n<meta property=\"og:description\" content=\"Le nouveau Audibax Event 90 est un appareil d&#039;\u00e9clairage structurel contr\u00f4l\u00e9 sans fil qui facilitera la mise en place de tout environnement. Le nouveau Audibax Event 90 est un appareil d&#039;\u00e9clairage structurel contr\u00f4l\u00e9 sans fil qui facilitera la mise en place de tout environnement. Le nouveau Audibax Event 90 est un appareil d&#039;\u00e9clairage structurel contr\u00f4l\u00e9 sans fil qui facilitera la mise en place de tout environnement.\" \/>\n<meta property=\"og:url\" content=\"https:\/\/romantic-sinoussi.152-228-147-242.plesk.page\/fr\/produit\/event-90-black-2\/\" \/>\n<meta property=\"og:site_name\" content=\"Audibax\" \/>\n<meta name=\"twitter:card\" content=\"summary_large_image\" \/>\n<meta name=\"twitter:label1\" content=\"Dur\u00e9e de lecture estim\u00e9e\" \/>\n\t<meta name=\"twitter:data1\" content=\"1 minute\" \/>\n<script type=\"application\/ld+json\" class=\"yoast-schema-graph\">{\"@context\":\"https:\/\/schema.org\",\"@graph\":[{\"@type\":\"WebPage\",\"@id\":\"https:\/\/romantic-sinoussi.152-228-147-242.plesk.page\/fr\/produit\/event-90-black-2\/\",\"url\":\"https:\/\/romantic-sinoussi.152-228-147-242.plesk.page\/fr\/produit\/event-90-black-2\/\",\"name\":\"Event 90 Black - Audibax\",\"isPartOf\":{\"@id\":\"https:\/\/romantic-sinoussi.152-228-147-242.plesk.page\/fr\/#website\"},\"datePublished\":\"2023-12-27T10:56:53+00:00\",\"dateModified\":\"2023-12-27T10:56:53+00:00\",\"breadcrumb\":{\"@id\":\"https:\/\/romantic-sinoussi.152-228-147-242.plesk.page\/fr\/produit\/event-90-black-2\/#breadcrumb\"},\"inLanguage\":\"fr-FR\",\"potentialAction\":[{\"@type\":\"ReadAction\",\"target\":[\"https:\/\/romantic-sinoussi.152-228-147-242.plesk.page\/fr\/produit\/event-90-black-2\/\"]}]},{\"@type\":\"BreadcrumbList\",\"@id\":\"https:\/\/romantic-sinoussi.152-228-147-242.plesk.page\/fr\/produit\/event-90-black-2\/#breadcrumb\",\"itemListElement\":[{\"@type\":\"ListItem\",\"position\":1,\"name\":\"Portada\",\"item\":\"https:\/\/romantic-sinoussi.152-228-147-242.plesk.page\/fr\/\"},{\"@type\":\"ListItem\",\"position\":2,\"name\":\"Products\",\"item\":\"https:\/\/romantic-sinoussi.152-228-147-242.plesk.page\/fr\/shop\/\"},{\"@type\":\"ListItem\",\"position\":3,\"name\":\"Event 90 Black\"}]},{\"@type\":\"WebSite\",\"@id\":\"https:\/\/romantic-sinoussi.152-228-147-242.plesk.page\/fr\/#website\",\"url\":\"https:\/\/romantic-sinoussi.152-228-147-242.plesk.page\/fr\/\",\"name\":\"Audibax\",\"description\":\"\",\"publisher\":{\"@id\":\"https:\/\/romantic-sinoussi.152-228-147-242.plesk.page\/fr\/#organization\"},\"potentialAction\":[{\"@type\":\"SearchAction\",\"target\":{\"@type\":\"EntryPoint\",\"urlTemplate\":\"https:\/\/romantic-sinoussi.152-228-147-242.plesk.page\/fr\/?s={search_term_string}\"},\"query-input\":\"required name=search_term_string\"}],\"inLanguage\":\"fr-FR\"},{\"@type\":\"Organization\",\"@id\":\"https:\/\/romantic-sinoussi.152-228-147-242.plesk.page\/fr\/#organization\",\"name\":\"Audibax\",\"url\":\"https:\/\/romantic-sinoussi.152-228-147-242.plesk.page\/fr\/\",\"logo\":{\"@type\":\"ImageObject\",\"inLanguage\":\"fr-FR\",\"@id\":\"https:\/\/romantic-sinoussi.152-228-147-242.plesk.page\/fr\/#\/schema\/logo\/image\/\",\"url\":\"https:\/\/romantic-sinoussi.152-228-147-242.plesk.page\/wp-content\/uploads\/2023\/09\/logo-Audibax-BLANCO-SVG-1.svg\",\"contentUrl\":\"https:\/\/romantic-sinoussi.152-228-147-242.plesk.page\/wp-content\/uploads\/2023\/09\/logo-Audibax-BLANCO-SVG-1.svg\",\"width\":581,\"height\":146,\"caption\":\"Audibax\"},\"image\":{\"@id\":\"https:\/\/romantic-sinoussi.152-228-147-242.plesk.page\/fr\/#\/schema\/logo\/image\/\"}}]}<\/script>\n<!-- \/ Yoast SEO plugin. -->","yoast_head_json":{"title":"Event 90 Black - Audibax","robots":{"index":"noindex","follow":"follow","max-snippet":"max-snippet:-1","max-image-preview":"max-image-preview:large","max-video-preview":"max-video-preview:-1"},"og_locale":"fr_FR","og_type":"article","og_title":"Event 90 Black - Audibax","og_description":"Le nouveau Audibax Event 90 est un appareil d'\u00e9clairage structurel contr\u00f4l\u00e9 sans fil qui facilitera la mise en place de tout environnement. Le nouveau Audibax Event 90 est un appareil d'\u00e9clairage structurel contr\u00f4l\u00e9 sans fil qui facilitera la mise en place de tout environnement. Le nouveau Audibax Event 90 est un appareil d'\u00e9clairage structurel contr\u00f4l\u00e9 sans fil qui facilitera la mise en place de tout environnement.","og_url":"https:\/\/romantic-sinoussi.152-228-147-242.plesk.page\/fr\/produit\/event-90-black-2\/","og_site_name":"Audibax","twitter_card":"summary_large_image","twitter_misc":{"Dur\u00e9e de lecture estim\u00e9e":"1 minute"},"schema":{"@context":"https:\/\/schema.org","@graph":[{"@type":"WebPage","@id":"https:\/\/romantic-sinoussi.152-228-147-242.plesk.page\/fr\/produit\/event-90-black-2\/","url":"https:\/\/romantic-sinoussi.152-228-147-242.plesk.page\/fr\/produit\/event-90-black-2\/","name":"Event 90 Black - Audibax","isPartOf":{"@id":"https:\/\/romantic-sinoussi.152-228-147-242.plesk.page\/fr\/#website"},"datePublished":"2023-12-27T10:56:53+00:00","dateModified":"2023-12-27T10:56:53+00:00","breadcrumb":{"@id":"https:\/\/romantic-sinoussi.152-228-147-242.plesk.page\/fr\/produit\/event-90-black-2\/#breadcrumb"},"inLanguage":"fr-FR","potentialAction":[{"@type":"ReadAction","target":["https:\/\/romantic-sinoussi.152-228-147-242.plesk.page\/fr\/produit\/event-90-black-2\/"]}]},{"@type":"BreadcrumbList","@id":"https:\/\/romantic-sinoussi.152-228-147-242.plesk.page\/fr\/produit\/event-90-black-2\/#breadcrumb","itemListElement":[{"@type":"ListItem","position":1,"name":"Portada","item":"https:\/\/romantic-sinoussi.152-228-147-242.plesk.page\/fr\/"},{"@type":"ListItem","position":2,"name":"Products","item":"https:\/\/romantic-sinoussi.152-228-147-242.plesk.page\/fr\/shop\/"},{"@type":"ListItem","position":3,"name":"Event 90 Black"}]},{"@type":"WebSite","@id":"https:\/\/romantic-sinoussi.152-228-147-242.plesk.page\/fr\/#website","url":"https:\/\/romantic-sinoussi.152-228-147-242.plesk.page\/fr\/","name":"Audibax","description":"","publisher":{"@id":"https:\/\/romantic-sinoussi.152-228-147-242.plesk.page\/fr\/#organization"},"potentialAction":[{"@type":"SearchAction","target":{"@type":"EntryPoint","urlTemplate":"https:\/\/romantic-sinoussi.152-228-147-242.plesk.page\/fr\/?s={search_term_string}"},"query-input":"required name=search_term_string"}],"inLanguage":"fr-FR"},{"@type":"Organization","@id":"https:\/\/romantic-sinoussi.152-228-147-242.plesk.page\/fr\/#organization","name":"Audibax","url":"https:\/\/romantic-sinoussi.152-228-147-242.plesk.page\/fr\/","logo":{"@type":"ImageObject","inLanguage":"fr-FR","@id":"https:\/\/romantic-sinoussi.152-228-147-242.plesk.page\/fr\/#\/schema\/logo\/image\/","url":"https:\/\/romantic-sinoussi.152-228-147-242.plesk.page\/wp-content\/uploads\/2023\/09\/logo-Audibax-BLANCO-SVG-1.svg","contentUrl":"https:\/\/romantic-sinoussi.152-228-147-242.plesk.page\/wp-content\/uploads\/2023\/09\/logo-Audibax-BLANCO-SVG-1.svg","width":581,"height":146,"caption":"Audibax"},"image":{"@id":"https:\/\/romantic-sinoussi.152-228-147-242.plesk.page\/fr\/#\/schema\/logo\/image\/"}}]}},"_links":{"self":[{"href":"https:\/\/romantic-sinoussi.152-228-147-242.plesk.page\/fr\/wp-json\/wp\/v2\/product\/36649","targetHints":{"allow":["GET"]}}],"collection":[{"href":"https:\/\/romantic-sinoussi.152-228-147-242.plesk.page\/fr\/wp-json\/wp\/v2\/product"}],"about":[{"href":"https:\/\/romantic-sinoussi.152-228-147-242.plesk.page\/fr\/wp-json\/wp\/v2\/types\/product"}],"replies":[{"embeddable":true,"href":"https:\/\/romantic-sinoussi.152-228-147-242.plesk.page\/fr\/wp-json\/wp\/v2\/comments?post=36649"}],"wp:featuredmedia":[{"embeddable":true,"href":"https:\/\/romantic-sinoussi.152-228-147-242.plesk.page\/fr\/wp-json\/wp\/v2\/media\/34400"}],"wp:attachment":[{"href":"https:\/\/romantic-sinoussi.152-228-147-242.plesk.page\/fr\/wp-json\/wp\/v2\/media?parent=36649"}],"wp:term":[{"taxonomy":"product_cat","embeddable":true,"href":"https:\/\/romantic-sinoussi.152-228-147-242.plesk.page\/fr\/wp-json\/wp\/v2\/product_cat?post=36649"},{"taxonomy":"product_tag","embeddable":true,"href":"https:\/\/romantic-sinoussi.152-228-147-242.plesk.page\/fr\/wp-json\/wp\/v2\/product_tag?post=36649"}],"curies":[{"name":"wp","href":"https:\/\/api.w.org\/{rel}","templated":true}]}}