{"id":36652,"date":"2023-12-27T11:56:56","date_gmt":"2023-12-27T10:56:56","guid":{"rendered":"https:\/\/romantic-sinoussi.152-228-147-242.plesk.page\/product\/dallas-216-black-2\/"},"modified":"2023-12-27T11:56:56","modified_gmt":"2023-12-27T10:56:56","slug":"dallas-216-black-2","status":"publish","type":"product","link":"https:\/\/romantic-sinoussi.152-228-147-242.plesk.page\/fr\/produit\/dallas-216-black-2\/","title":{"rendered":"Dallas 216 Black"},"content":{"rendered":"<\/p>\n<p>Le <strong>Audibax Dallas 216<\/strong> a un design tr\u00e8s plat, le spot PAR professionnel Audibax est le choix id\u00e9al pour l&#8217;\u00e9clairage professionnel.<\/p>\n<p>Les 18 LED 12W \u00e0 haute efficacit\u00e9 permettent d&#8217;obtenir une large gamme de couleurs RGBW, des tons doux aux tons chauds et tr\u00e8s satur\u00e9s, avec un angle d&#8217;ouverture de 30\u00b0 et un niveau d&#8217;\u00e9clairement \u00e9lev\u00e9. <\/p>\n<p> Le Dallas 216 offre 2 modes DMX avec de nombreuses fonctions et programmes int\u00e9gr\u00e9s, et dispose d&#8217;un microphone int\u00e9gr\u00e9 pour l&#8217;activation sonore. Il fonctionne en mode ma\u00eetre, esclave et automatique et l&#8217;\u00e9cran \u00e9clair\u00e9 permet des r\u00e9glages faciles avec les 4 boutons.<\/p>\n<p> Il dispose d&#8217;un bo\u00eetier noir en aluminium moul\u00e9 sous pression avec 3 entr\u00e9es et sorties XLR pour le signal DMX. L&#8217;Audibax Dallas 216 comprend un support multifonctionnel qui offre une grande vari\u00e9t\u00e9 d&#8217;options de montage.<\/p>\n<h2>Caract\u00e9ristiques<\/h2>\n<p>&nbsp;<\/p>\n<ul>\n<ul>\n<ul>\n<ul>\n<ul>\n<ul>\n<ul> <ulli>Les LED haute efficacit\u00e9 de 12 W ultra lumineuses<\/li>\n<li>Tr\u00e8s silencieuses gr\u00e2ce \u00e0 la ventilation.<\/li>\n<li>Le spectre de couleurs RVBW offre un m\u00e9lange de couleurs tr\u00e8s flexible, des couleurs chaudes et satur\u00e9es aux couleurs pastel et unies<\/li>\n<li>Sans scintillement<\/li>\n<li>Pas de scintillement<\/li>\n<li>Pas de scintillement<\/li>\n<li>Pas de scintillement<\/li>\n<li>Pas de scintillement<\/li>\n<li>Pas de scintillement<\/li>\n<li>Pas de scintillement<\/li>\n<li>Pas de scintillement<\/li>\n<li>Non scintillementC\u00e2blage professionnel avec entr\u00e9e et sortie DMX IEC et XLR 3 broches<\/li>\n<li>Bo\u00eetier m\u00e9tallique robuste, plat et compact<\/li>\n<li>Bo\u00eetier m\u00e9tallique<\/li>\n<li>Bo\u00eetier m\u00e9tallique<\/li>\n<li>Bo\u00eetier m\u00e9tallique<\/li>\n<li>Bo\u00eetier m\u00e9tallique<\/li>\n<li>Bo\u00eetier m\u00e9tallique<\/li>\n<li>Bo\u00eetier m\u00e9tallique<\/li>\n<li>Bo\u00eetier m\u00e9tallique <\/ul>\n<p>&nbsp;<\/p>\n<h2>Sp\u00e9cifications<\/h2>\n<p>&nbsp;<\/p>\n<ul>\n<ul>\n<li>Type de produit : Spot PAR \u00e0 LED<\/li>\n<li>Type : PAR plat<\/li>\n<li>Couleurs : RGBW 4 en 1<\/li>\n<li>Nombre de LED : 18<\/li>\n<li>Type de LED : 12 W<\/li>\n<li>Puissance 200w<\/li>\n<li>Et angle d&#8217;ouverture : 30&deg;<\/li>\n<li>DMX 512<\/li>\n<li>Entr\u00e9eDMX : XLR m\u00e2le 3 broches<\/li>\n<li>SortieDMX : XLR femelle 3 broches<\/li>\n<li>ModeDMX : 4 ou 8 canaux<\/li>\n<li>FonctionsDMX : RGBW, stroboscope, gradateur, ma\u00eetre, son activ\u00e9, changement de couleur, gradation de couleur<\/li>\n<li>Modes automatiques : Mode esclave, changement de couleur, gradation de couleur, couleur fixe, son activ\u00e9<\/li>\n<li>Contr\u00f4les : Entr\u00e9e, Haut, Bas, Mode<\/li>\n<li>Indication : Ecran r\u00e9tro-\u00e9clair\u00e9<\/li>\n<li>Mat\u00e9riau du bo\u00eetier : Aluminium<\/li>\n<li>Couleur du bo\u00eetier : noir<\/li>\n<li>Dimensions avec poign\u00e9e : 290 x 230 x 125 mm.<\/li>\n<\/ul>\n<\/ul>\n","protected":false},"excerpt":{"rendered":"<ul>\n<li>Couleurs : RGBW 4 en 1<\/li>\n<li>N&uacute;m de LED : 18<\/li>\n<li>Type de LED : 12 W<\/li>\n<li>Puissance 200w<\/li>\n<\/ul>\n","protected":false},"featured_media":16607,"comment_status":"open","ping_status":"closed","template":"","meta":[],"product_cat":[368,243],"product_tag":[],"class_list":{"0":"post-36652","1":"product","2":"type-product","3":"status-publish","4":"has-post-thumbnail","6":"product_cat-spotlights-fr","7":"product_cat-uncategorized","9":"first","10":"instock","11":"shipping-taxable","12":"product-type-simple"},"acf":[],"yoast_head":"<!-- This site is optimized with the Yoast SEO plugin v21.5 - https:\/\/yoast.com\/wordpress\/plugins\/seo\/ -->\n<title>Dallas 216 Black - Audibax<\/title>\n<meta name=\"robots\" content=\"noindex, follow, max-snippet:-1, max-image-preview:large, max-video-preview:-1\" \/>\n<meta property=\"og:locale\" content=\"fr_FR\" \/>\n<meta property=\"og:type\" content=\"article\" \/>\n<meta property=\"og:title\" content=\"Dallas 216 Black - Audibax\" \/>\n<meta property=\"og:description\" content=\"Couleurs : RGBW 4 en 1 N&uacute;m de LED : 18 Type de LED : 12 W Puissance 200w\" \/>\n<meta property=\"og:url\" content=\"https:\/\/romantic-sinoussi.152-228-147-242.plesk.page\/fr\/produit\/dallas-216-black-2\/\" \/>\n<meta property=\"og:site_name\" content=\"Audibax\" \/>\n<meta name=\"twitter:card\" content=\"summary_large_image\" \/>\n<meta name=\"twitter:label1\" content=\"Dur\u00e9e de lecture estim\u00e9e\" \/>\n\t<meta name=\"twitter:data1\" content=\"2 minutes\" \/>\n<script type=\"application\/ld+json\" class=\"yoast-schema-graph\">{\"@context\":\"https:\/\/schema.org\",\"@graph\":[{\"@type\":\"WebPage\",\"@id\":\"https:\/\/romantic-sinoussi.152-228-147-242.plesk.page\/fr\/produit\/dallas-216-black-2\/\",\"url\":\"https:\/\/romantic-sinoussi.152-228-147-242.plesk.page\/fr\/produit\/dallas-216-black-2\/\",\"name\":\"Dallas 216 Black - Audibax\",\"isPartOf\":{\"@id\":\"https:\/\/romantic-sinoussi.152-228-147-242.plesk.page\/fr\/#website\"},\"datePublished\":\"2023-12-27T10:56:56+00:00\",\"dateModified\":\"2023-12-27T10:56:56+00:00\",\"breadcrumb\":{\"@id\":\"https:\/\/romantic-sinoussi.152-228-147-242.plesk.page\/fr\/produit\/dallas-216-black-2\/#breadcrumb\"},\"inLanguage\":\"fr-FR\",\"potentialAction\":[{\"@type\":\"ReadAction\",\"target\":[\"https:\/\/romantic-sinoussi.152-228-147-242.plesk.page\/fr\/produit\/dallas-216-black-2\/\"]}]},{\"@type\":\"BreadcrumbList\",\"@id\":\"https:\/\/romantic-sinoussi.152-228-147-242.plesk.page\/fr\/produit\/dallas-216-black-2\/#breadcrumb\",\"itemListElement\":[{\"@type\":\"ListItem\",\"position\":1,\"name\":\"Portada\",\"item\":\"https:\/\/romantic-sinoussi.152-228-147-242.plesk.page\/fr\/\"},{\"@type\":\"ListItem\",\"position\":2,\"name\":\"Products\",\"item\":\"https:\/\/romantic-sinoussi.152-228-147-242.plesk.page\/fr\/shop\/\"},{\"@type\":\"ListItem\",\"position\":3,\"name\":\"Dallas 216 Black\"}]},{\"@type\":\"WebSite\",\"@id\":\"https:\/\/romantic-sinoussi.152-228-147-242.plesk.page\/fr\/#website\",\"url\":\"https:\/\/romantic-sinoussi.152-228-147-242.plesk.page\/fr\/\",\"name\":\"Audibax\",\"description\":\"\",\"publisher\":{\"@id\":\"https:\/\/romantic-sinoussi.152-228-147-242.plesk.page\/fr\/#organization\"},\"potentialAction\":[{\"@type\":\"SearchAction\",\"target\":{\"@type\":\"EntryPoint\",\"urlTemplate\":\"https:\/\/romantic-sinoussi.152-228-147-242.plesk.page\/fr\/?s={search_term_string}\"},\"query-input\":\"required name=search_term_string\"}],\"inLanguage\":\"fr-FR\"},{\"@type\":\"Organization\",\"@id\":\"https:\/\/romantic-sinoussi.152-228-147-242.plesk.page\/fr\/#organization\",\"name\":\"Audibax\",\"url\":\"https:\/\/romantic-sinoussi.152-228-147-242.plesk.page\/fr\/\",\"logo\":{\"@type\":\"ImageObject\",\"inLanguage\":\"fr-FR\",\"@id\":\"https:\/\/romantic-sinoussi.152-228-147-242.plesk.page\/fr\/#\/schema\/logo\/image\/\",\"url\":\"https:\/\/romantic-sinoussi.152-228-147-242.plesk.page\/wp-content\/uploads\/2023\/09\/logo-Audibax-BLANCO-SVG-1.svg\",\"contentUrl\":\"https:\/\/romantic-sinoussi.152-228-147-242.plesk.page\/wp-content\/uploads\/2023\/09\/logo-Audibax-BLANCO-SVG-1.svg\",\"width\":581,\"height\":146,\"caption\":\"Audibax\"},\"image\":{\"@id\":\"https:\/\/romantic-sinoussi.152-228-147-242.plesk.page\/fr\/#\/schema\/logo\/image\/\"}}]}<\/script>\n<!-- \/ Yoast SEO plugin. -->","yoast_head_json":{"title":"Dallas 216 Black - Audibax","robots":{"index":"noindex","follow":"follow","max-snippet":"max-snippet:-1","max-image-preview":"max-image-preview:large","max-video-preview":"max-video-preview:-1"},"og_locale":"fr_FR","og_type":"article","og_title":"Dallas 216 Black - Audibax","og_description":"Couleurs : RGBW 4 en 1 N&uacute;m de LED : 18 Type de LED : 12 W Puissance 200w","og_url":"https:\/\/romantic-sinoussi.152-228-147-242.plesk.page\/fr\/produit\/dallas-216-black-2\/","og_site_name":"Audibax","twitter_card":"summary_large_image","twitter_misc":{"Dur\u00e9e de lecture estim\u00e9e":"2 minutes"},"schema":{"@context":"https:\/\/schema.org","@graph":[{"@type":"WebPage","@id":"https:\/\/romantic-sinoussi.152-228-147-242.plesk.page\/fr\/produit\/dallas-216-black-2\/","url":"https:\/\/romantic-sinoussi.152-228-147-242.plesk.page\/fr\/produit\/dallas-216-black-2\/","name":"Dallas 216 Black - Audibax","isPartOf":{"@id":"https:\/\/romantic-sinoussi.152-228-147-242.plesk.page\/fr\/#website"},"datePublished":"2023-12-27T10:56:56+00:00","dateModified":"2023-12-27T10:56:56+00:00","breadcrumb":{"@id":"https:\/\/romantic-sinoussi.152-228-147-242.plesk.page\/fr\/produit\/dallas-216-black-2\/#breadcrumb"},"inLanguage":"fr-FR","potentialAction":[{"@type":"ReadAction","target":["https:\/\/romantic-sinoussi.152-228-147-242.plesk.page\/fr\/produit\/dallas-216-black-2\/"]}]},{"@type":"BreadcrumbList","@id":"https:\/\/romantic-sinoussi.152-228-147-242.plesk.page\/fr\/produit\/dallas-216-black-2\/#breadcrumb","itemListElement":[{"@type":"ListItem","position":1,"name":"Portada","item":"https:\/\/romantic-sinoussi.152-228-147-242.plesk.page\/fr\/"},{"@type":"ListItem","position":2,"name":"Products","item":"https:\/\/romantic-sinoussi.152-228-147-242.plesk.page\/fr\/shop\/"},{"@type":"ListItem","position":3,"name":"Dallas 216 Black"}]},{"@type":"WebSite","@id":"https:\/\/romantic-sinoussi.152-228-147-242.plesk.page\/fr\/#website","url":"https:\/\/romantic-sinoussi.152-228-147-242.plesk.page\/fr\/","name":"Audibax","description":"","publisher":{"@id":"https:\/\/romantic-sinoussi.152-228-147-242.plesk.page\/fr\/#organization"},"potentialAction":[{"@type":"SearchAction","target":{"@type":"EntryPoint","urlTemplate":"https:\/\/romantic-sinoussi.152-228-147-242.plesk.page\/fr\/?s={search_term_string}"},"query-input":"required name=search_term_string"}],"inLanguage":"fr-FR"},{"@type":"Organization","@id":"https:\/\/romantic-sinoussi.152-228-147-242.plesk.page\/fr\/#organization","name":"Audibax","url":"https:\/\/romantic-sinoussi.152-228-147-242.plesk.page\/fr\/","logo":{"@type":"ImageObject","inLanguage":"fr-FR","@id":"https:\/\/romantic-sinoussi.152-228-147-242.plesk.page\/fr\/#\/schema\/logo\/image\/","url":"https:\/\/romantic-sinoussi.152-228-147-242.plesk.page\/wp-content\/uploads\/2023\/09\/logo-Audibax-BLANCO-SVG-1.svg","contentUrl":"https:\/\/romantic-sinoussi.152-228-147-242.plesk.page\/wp-content\/uploads\/2023\/09\/logo-Audibax-BLANCO-SVG-1.svg","width":581,"height":146,"caption":"Audibax"},"image":{"@id":"https:\/\/romantic-sinoussi.152-228-147-242.plesk.page\/fr\/#\/schema\/logo\/image\/"}}]}},"_links":{"self":[{"href":"https:\/\/romantic-sinoussi.152-228-147-242.plesk.page\/fr\/wp-json\/wp\/v2\/product\/36652","targetHints":{"allow":["GET"]}}],"collection":[{"href":"https:\/\/romantic-sinoussi.152-228-147-242.plesk.page\/fr\/wp-json\/wp\/v2\/product"}],"about":[{"href":"https:\/\/romantic-sinoussi.152-228-147-242.plesk.page\/fr\/wp-json\/wp\/v2\/types\/product"}],"replies":[{"embeddable":true,"href":"https:\/\/romantic-sinoussi.152-228-147-242.plesk.page\/fr\/wp-json\/wp\/v2\/comments?post=36652"}],"wp:featuredmedia":[{"embeddable":true,"href":"https:\/\/romantic-sinoussi.152-228-147-242.plesk.page\/fr\/wp-json\/wp\/v2\/media\/16607"}],"wp:attachment":[{"href":"https:\/\/romantic-sinoussi.152-228-147-242.plesk.page\/fr\/wp-json\/wp\/v2\/media?parent=36652"}],"wp:term":[{"taxonomy":"product_cat","embeddable":true,"href":"https:\/\/romantic-sinoussi.152-228-147-242.plesk.page\/fr\/wp-json\/wp\/v2\/product_cat?post=36652"},{"taxonomy":"product_tag","embeddable":true,"href":"https:\/\/romantic-sinoussi.152-228-147-242.plesk.page\/fr\/wp-json\/wp\/v2\/product_tag?post=36652"}],"curies":[{"name":"wp","href":"https:\/\/api.w.org\/{rel}","templated":true}]}}