{"id":36661,"date":"2023-12-27T11:57:09","date_gmt":"2023-12-27T10:57:09","guid":{"rendered":"https:\/\/romantic-sinoussi.152-228-147-242.plesk.page\/product\/water-70-black-2\/"},"modified":"2023-12-27T11:57:09","modified_gmt":"2023-12-27T10:57:09","slug":"water-70-black-2","status":"publish","type":"product","link":"https:\/\/romantic-sinoussi.152-228-147-242.plesk.page\/fr\/produit\/water-70-black-2\/","title":{"rendered":"Water 70 Black"},"content":{"rendered":"<\/p>\n<p><strong>Caract\u00e9ristiques<\/strong><\/strong><\/p>\n<ul>\n<ul>\n<li>Le <strong>Audibax Water 70&nbsp;<strong>Audibax Water 70&nbsp;<\/strong>est un projecteur LED d&#8217;ext\u00e9rieur \u00e9tanche qui \u00e9met une puissante source lumineuse LED aux couleurs fra\u00eeches et \u00e0 la luminosit\u00e9 \u00e9lev\u00e9e.L&#8217;Audibax Water 70&nbsp;<\/strong>est un projecteur \u00e0 LED \u00e9tanche pour l&#8217;ext\u00e9rieur qui \u00e9met une puissante source lumineuse \u00e0 LED avec des couleurs fra\u00eeches et une grande luminosit\u00e9.<\/li>\n<li>Notre <strong>Water 70<\/strong> projecteur LED par est \u00e9quip\u00e9 de 7 lumi\u00e8res LED RGBW 4-en-1 avec 10W de puissance, gr\u00e2ce auxquelles vous pouvez obtenir le meilleur \u00e9clairage sc\u00e9nique et les meilleurs effets d\u00e9coratifs.<\/li>\n<li>Il se distingue par son \u00e9conomie d&#8217;\u00e9nergie et sa longue dur\u00e9e de vie, atteignant jusqu&#8217;\u00e0 60 000 heures.<\/li>\n<li>Il fonctionne en mode DMX512, ma\u00eetre-esclave, auto et son, et a une port\u00e9e optique de 25 degr\u00e9s.<\/li>\n<li>Avec des vis en acier inoxydable et un indice de protection IP65, c&#8217;est le projecteur parfait pour vos \u00e9v\u00e9nements en ext\u00e9rieur.<\/li>\n<\/ul>\n<p><strong><strong><span style=\"font-size:14px\">Sp\u00e9cifications:<\/span><\/strong><\/strong><\/p>\n<ul>\n<ul>\n<li>Source lumineuse : 7 x 10W LED RGBW &#038;ndash ; 4 en 1<\/li>\n<li>Canaux DMX : 4\/8CH<\/li>\n<li>Mode de contr\u00f4le :&#038;nbsp ; DMX512, AUTO, son, ma\u00eetre-esclave<\/li>\n<li>&Oacute;ptic 25&ordm;<\/li>\n<li>Voltage : AC110-220V 50\/60HZ<\/li>\n<li>Etanch\u00e9it\u00e9 IP65<\/li>\n<li>Pi\u00e8ces : Vis en acier inoxydable<\/li>\n<li>Couleur : Noir<\/li>\n<li>Dimensions : 215 x 120 x 215 mm<\/li>\n<\/ul>\n<\/ul>\n","protected":false},"excerpt":{"rendered":"<ul>\n<li>Source lumineuse : 7 x 10W LED RGBW &#038;ndash ; 4 en 1<\/li>\n<li>Canaux DMX : 4\/8CH<\/li>\n<li>Mode Control:&#038;nbsp ; DMX512, AUTO, son, ma\u00eetre-esclave<\/li>\n<li>IP65 rating<\/li>\n<\/ul>\n<li>Mode Control:&#038;nbsp ; DMX512, AUTO, son, ma\u00eetre-esclave<\/li>\n<li>IP65 rating<\/li>\n<\/ul>\n","protected":false},"featured_media":18719,"comment_status":"open","ping_status":"closed","template":"","meta":[],"product_cat":[368,243],"product_tag":[],"class_list":{"0":"post-36661","1":"product","2":"type-product","3":"status-publish","4":"has-post-thumbnail","6":"product_cat-spotlights-fr","7":"product_cat-uncategorized","9":"first","10":"instock","11":"shipping-taxable","12":"product-type-simple"},"acf":[],"yoast_head":"<!-- This site is optimized with the Yoast SEO plugin v21.5 - https:\/\/yoast.com\/wordpress\/plugins\/seo\/ -->\n<title>Water 70 Black - Audibax<\/title>\n<meta name=\"robots\" content=\"noindex, follow, max-snippet:-1, max-image-preview:large, max-video-preview:-1\" \/>\n<meta property=\"og:locale\" content=\"fr_FR\" \/>\n<meta property=\"og:type\" content=\"article\" \/>\n<meta property=\"og:title\" content=\"Water 70 Black - Audibax\" \/>\n<meta property=\"og:description\" content=\"Source lumineuse : 7 x 10W LED RGBW &amp;ndash ; 4 en 1 Canaux DMX : 4\/8CH Mode Control:&amp;nbsp ; DMX512, AUTO, son, ma\u00eetre-esclave IP65 rating Mode Control:&amp;nbsp ; DMX512, AUTO, son, ma\u00eetre-esclave IP65 rating\" \/>\n<meta property=\"og:url\" content=\"https:\/\/romantic-sinoussi.152-228-147-242.plesk.page\/fr\/produit\/water-70-black-2\/\" \/>\n<meta property=\"og:site_name\" content=\"Audibax\" \/>\n<meta name=\"twitter:card\" content=\"summary_large_image\" \/>\n<meta name=\"twitter:label1\" content=\"Dur\u00e9e de lecture estim\u00e9e\" \/>\n\t<meta name=\"twitter:data1\" content=\"1 minute\" \/>\n<script type=\"application\/ld+json\" class=\"yoast-schema-graph\">{\"@context\":\"https:\/\/schema.org\",\"@graph\":[{\"@type\":\"WebPage\",\"@id\":\"https:\/\/romantic-sinoussi.152-228-147-242.plesk.page\/fr\/produit\/water-70-black-2\/\",\"url\":\"https:\/\/romantic-sinoussi.152-228-147-242.plesk.page\/fr\/produit\/water-70-black-2\/\",\"name\":\"Water 70 Black - Audibax\",\"isPartOf\":{\"@id\":\"https:\/\/romantic-sinoussi.152-228-147-242.plesk.page\/fr\/#website\"},\"datePublished\":\"2023-12-27T10:57:09+00:00\",\"dateModified\":\"2023-12-27T10:57:09+00:00\",\"breadcrumb\":{\"@id\":\"https:\/\/romantic-sinoussi.152-228-147-242.plesk.page\/fr\/produit\/water-70-black-2\/#breadcrumb\"},\"inLanguage\":\"fr-FR\",\"potentialAction\":[{\"@type\":\"ReadAction\",\"target\":[\"https:\/\/romantic-sinoussi.152-228-147-242.plesk.page\/fr\/produit\/water-70-black-2\/\"]}]},{\"@type\":\"BreadcrumbList\",\"@id\":\"https:\/\/romantic-sinoussi.152-228-147-242.plesk.page\/fr\/produit\/water-70-black-2\/#breadcrumb\",\"itemListElement\":[{\"@type\":\"ListItem\",\"position\":1,\"name\":\"Portada\",\"item\":\"https:\/\/romantic-sinoussi.152-228-147-242.plesk.page\/fr\/\"},{\"@type\":\"ListItem\",\"position\":2,\"name\":\"Products\",\"item\":\"https:\/\/romantic-sinoussi.152-228-147-242.plesk.page\/fr\/shop\/\"},{\"@type\":\"ListItem\",\"position\":3,\"name\":\"Water 70 Black\"}]},{\"@type\":\"WebSite\",\"@id\":\"https:\/\/romantic-sinoussi.152-228-147-242.plesk.page\/fr\/#website\",\"url\":\"https:\/\/romantic-sinoussi.152-228-147-242.plesk.page\/fr\/\",\"name\":\"Audibax\",\"description\":\"\",\"publisher\":{\"@id\":\"https:\/\/romantic-sinoussi.152-228-147-242.plesk.page\/fr\/#organization\"},\"potentialAction\":[{\"@type\":\"SearchAction\",\"target\":{\"@type\":\"EntryPoint\",\"urlTemplate\":\"https:\/\/romantic-sinoussi.152-228-147-242.plesk.page\/fr\/?s={search_term_string}\"},\"query-input\":\"required name=search_term_string\"}],\"inLanguage\":\"fr-FR\"},{\"@type\":\"Organization\",\"@id\":\"https:\/\/romantic-sinoussi.152-228-147-242.plesk.page\/fr\/#organization\",\"name\":\"Audibax\",\"url\":\"https:\/\/romantic-sinoussi.152-228-147-242.plesk.page\/fr\/\",\"logo\":{\"@type\":\"ImageObject\",\"inLanguage\":\"fr-FR\",\"@id\":\"https:\/\/romantic-sinoussi.152-228-147-242.plesk.page\/fr\/#\/schema\/logo\/image\/\",\"url\":\"https:\/\/romantic-sinoussi.152-228-147-242.plesk.page\/wp-content\/uploads\/2023\/09\/logo-Audibax-BLANCO-SVG-1.svg\",\"contentUrl\":\"https:\/\/romantic-sinoussi.152-228-147-242.plesk.page\/wp-content\/uploads\/2023\/09\/logo-Audibax-BLANCO-SVG-1.svg\",\"width\":581,\"height\":146,\"caption\":\"Audibax\"},\"image\":{\"@id\":\"https:\/\/romantic-sinoussi.152-228-147-242.plesk.page\/fr\/#\/schema\/logo\/image\/\"}}]}<\/script>\n<!-- \/ Yoast SEO plugin. -->","yoast_head_json":{"title":"Water 70 Black - Audibax","robots":{"index":"noindex","follow":"follow","max-snippet":"max-snippet:-1","max-image-preview":"max-image-preview:large","max-video-preview":"max-video-preview:-1"},"og_locale":"fr_FR","og_type":"article","og_title":"Water 70 Black - Audibax","og_description":"Source lumineuse : 7 x 10W LED RGBW &ndash ; 4 en 1 Canaux DMX : 4\/8CH Mode Control:&nbsp ; DMX512, AUTO, son, ma\u00eetre-esclave IP65 rating Mode Control:&nbsp ; DMX512, AUTO, son, ma\u00eetre-esclave IP65 rating","og_url":"https:\/\/romantic-sinoussi.152-228-147-242.plesk.page\/fr\/produit\/water-70-black-2\/","og_site_name":"Audibax","twitter_card":"summary_large_image","twitter_misc":{"Dur\u00e9e de lecture estim\u00e9e":"1 minute"},"schema":{"@context":"https:\/\/schema.org","@graph":[{"@type":"WebPage","@id":"https:\/\/romantic-sinoussi.152-228-147-242.plesk.page\/fr\/produit\/water-70-black-2\/","url":"https:\/\/romantic-sinoussi.152-228-147-242.plesk.page\/fr\/produit\/water-70-black-2\/","name":"Water 70 Black - Audibax","isPartOf":{"@id":"https:\/\/romantic-sinoussi.152-228-147-242.plesk.page\/fr\/#website"},"datePublished":"2023-12-27T10:57:09+00:00","dateModified":"2023-12-27T10:57:09+00:00","breadcrumb":{"@id":"https:\/\/romantic-sinoussi.152-228-147-242.plesk.page\/fr\/produit\/water-70-black-2\/#breadcrumb"},"inLanguage":"fr-FR","potentialAction":[{"@type":"ReadAction","target":["https:\/\/romantic-sinoussi.152-228-147-242.plesk.page\/fr\/produit\/water-70-black-2\/"]}]},{"@type":"BreadcrumbList","@id":"https:\/\/romantic-sinoussi.152-228-147-242.plesk.page\/fr\/produit\/water-70-black-2\/#breadcrumb","itemListElement":[{"@type":"ListItem","position":1,"name":"Portada","item":"https:\/\/romantic-sinoussi.152-228-147-242.plesk.page\/fr\/"},{"@type":"ListItem","position":2,"name":"Products","item":"https:\/\/romantic-sinoussi.152-228-147-242.plesk.page\/fr\/shop\/"},{"@type":"ListItem","position":3,"name":"Water 70 Black"}]},{"@type":"WebSite","@id":"https:\/\/romantic-sinoussi.152-228-147-242.plesk.page\/fr\/#website","url":"https:\/\/romantic-sinoussi.152-228-147-242.plesk.page\/fr\/","name":"Audibax","description":"","publisher":{"@id":"https:\/\/romantic-sinoussi.152-228-147-242.plesk.page\/fr\/#organization"},"potentialAction":[{"@type":"SearchAction","target":{"@type":"EntryPoint","urlTemplate":"https:\/\/romantic-sinoussi.152-228-147-242.plesk.page\/fr\/?s={search_term_string}"},"query-input":"required name=search_term_string"}],"inLanguage":"fr-FR"},{"@type":"Organization","@id":"https:\/\/romantic-sinoussi.152-228-147-242.plesk.page\/fr\/#organization","name":"Audibax","url":"https:\/\/romantic-sinoussi.152-228-147-242.plesk.page\/fr\/","logo":{"@type":"ImageObject","inLanguage":"fr-FR","@id":"https:\/\/romantic-sinoussi.152-228-147-242.plesk.page\/fr\/#\/schema\/logo\/image\/","url":"https:\/\/romantic-sinoussi.152-228-147-242.plesk.page\/wp-content\/uploads\/2023\/09\/logo-Audibax-BLANCO-SVG-1.svg","contentUrl":"https:\/\/romantic-sinoussi.152-228-147-242.plesk.page\/wp-content\/uploads\/2023\/09\/logo-Audibax-BLANCO-SVG-1.svg","width":581,"height":146,"caption":"Audibax"},"image":{"@id":"https:\/\/romantic-sinoussi.152-228-147-242.plesk.page\/fr\/#\/schema\/logo\/image\/"}}]}},"_links":{"self":[{"href":"https:\/\/romantic-sinoussi.152-228-147-242.plesk.page\/fr\/wp-json\/wp\/v2\/product\/36661","targetHints":{"allow":["GET"]}}],"collection":[{"href":"https:\/\/romantic-sinoussi.152-228-147-242.plesk.page\/fr\/wp-json\/wp\/v2\/product"}],"about":[{"href":"https:\/\/romantic-sinoussi.152-228-147-242.plesk.page\/fr\/wp-json\/wp\/v2\/types\/product"}],"replies":[{"embeddable":true,"href":"https:\/\/romantic-sinoussi.152-228-147-242.plesk.page\/fr\/wp-json\/wp\/v2\/comments?post=36661"}],"wp:featuredmedia":[{"embeddable":true,"href":"https:\/\/romantic-sinoussi.152-228-147-242.plesk.page\/fr\/wp-json\/wp\/v2\/media\/18719"}],"wp:attachment":[{"href":"https:\/\/romantic-sinoussi.152-228-147-242.plesk.page\/fr\/wp-json\/wp\/v2\/media?parent=36661"}],"wp:term":[{"taxonomy":"product_cat","embeddable":true,"href":"https:\/\/romantic-sinoussi.152-228-147-242.plesk.page\/fr\/wp-json\/wp\/v2\/product_cat?post=36661"},{"taxonomy":"product_tag","embeddable":true,"href":"https:\/\/romantic-sinoussi.152-228-147-242.plesk.page\/fr\/wp-json\/wp\/v2\/product_tag?post=36661"}],"curies":[{"name":"wp","href":"https:\/\/api.w.org\/{rel}","templated":true}]}}