{"id":36662,"date":"2023-12-27T11:57:10","date_gmt":"2023-12-27T10:57:10","guid":{"rendered":"https:\/\/romantic-sinoussi.152-228-147-242.plesk.page\/product\/event-78-black-2\/"},"modified":"2023-12-27T11:57:10","modified_gmt":"2023-12-27T10:57:10","slug":"event-78-black-2","status":"publish","type":"product","link":"https:\/\/romantic-sinoussi.152-228-147-242.plesk.page\/fr\/produit\/event-78-black-2\/","title":{"rendered":"Event 78 Black"},"content":{"rendered":"<\/p>\n<p><strong>Caract\u00e9ristiques<\/strong><\/strong><\/p>\n<ul>\n<ul>\n<li>Le <strong>Audibax Event 78&nbsp;<strong>Audibax Event 78&nbsp;<\/strong>est un projecteur par led qui utilise une led RGBWAU de haute puissance, offrant d&#8217;excellentes couleurs et une grande luminosit\u00e9.nbsp;<\/strong>est un projecteur par led qui utilise une led RGBWAU de haute puissance, offrant d&#8217;excellentes couleurs et une grande luminosit\u00e9.<\/li>\n<li>Notre <strong>Event 78<\/strong> projecteur LED par <strong>est \u00e9quip\u00e9 de 6 LED RGBWAUV 6-en-1 d&#8217;une puissance de 12W.<\/li>\n<li>Ce projecteur est con\u00e7u avec de l&#8217;aluminium moul\u00e9 sous pression haute r\u00e9sistance qui lui permet de supporter des temp\u00e9ratures \u00e9lev\u00e9es.<\/li>\n<li>Il utilise un interrupteur d&#8217;alimentation, a un faible poids et une faible consommation d&#8217;\u00e9nergie, une capacit\u00e9 stable et une longue dur\u00e9e de vie.<\/li>\n<li>Le programme int\u00e9gr\u00e9 comprend un gradateur, une lumi\u00e8re stroboscopique, un changement progressif, un fondu, une activation sonore, etc, Il fonctionne en mode DMX sans fil, DMX512, ma\u00eetre-esclave, automatique, son actif et via une t\u00e9l\u00e9commande IR.<\/li>\n<\/ul>\n<p><strong>Sp\u00e9cifications<\/strong><\/p>\n<ul>\n<li>Power : 72W<\/li>\n<li>Source lumineuse : 6 x 12W LED RGBWAUV &#038;ndash ; 6 en 1<\/li>\n<li>Att\u00e9nuation : 0-100%<\/li>\n<li>La lumi\u00e8re stroboscopique : lumi\u00e8re stroboscopique \u00e9lectronique ind\u00e9pendante, 0-20 fois \/ seconde, vitesse r\u00e9glable<\/li>\n<li>Angle d&#8217;ouverture : 40 degr\u00e9s<\/li>\n<li>DMX512 canaux : 6 \/ 10 canaux<\/li>\n<li>Mode de contr\u00f4le : Contr\u00f4le DMX sans fil, t\u00e9l\u00e9commande IR, contr\u00f4le DMX512, ex\u00e9cution automatique, ma\u00eetre-esclave, son actif<\/li>\n<li>Avec contr\u00f4le DMX sans fil et t\u00e9l\u00e9commande IR<\/li>\n<li>Voltage : 90V-240VAC, 50\/60Hz<\/li>\n<li>Temps de fonctionnement de la batterie : 5 heures<\/li>\n<li>Couleur : Noir<\/li>\n<li>Dimensions : 130 x 130 x 122 mm<\/li>\n<li>Poids net : 2,2 kg<\/li>\n<\/ul>\n","protected":false},"excerpt":{"rendered":"<ul>\n<li>Projecteur par LED fonctionnant sur batterie<\/li>\n<li>Source lumineuse : 6 x 12W LED RGBWAUV RGBWAUV &#038;ndash ; 6 en 1<\/li>\n<li>Canaux DMX512 : 6 \/ 10 canaux<\/li>\n<li>DMX sans fil &#038; sans fil et t\u00e9l\u00e9commande IR<\/li>\n<li>Mode de contr\u00f4le : DMX512, AUTO, ma\u00eetre-esclave, son<\/li>\n<\/ul>\n","protected":false},"featured_media":34418,"comment_status":"open","ping_status":"closed","template":"","meta":[],"product_cat":[368,243],"product_tag":[],"class_list":{"0":"post-36662","1":"product","2":"type-product","3":"status-publish","4":"has-post-thumbnail","6":"product_cat-spotlights-fr","7":"product_cat-uncategorized","9":"first","10":"instock","11":"shipping-taxable","12":"product-type-simple"},"acf":[],"yoast_head":"<!-- This site is optimized with the Yoast SEO plugin v21.5 - https:\/\/yoast.com\/wordpress\/plugins\/seo\/ -->\n<title>Event 78 Black - Audibax<\/title>\n<meta name=\"robots\" content=\"noindex, follow, max-snippet:-1, max-image-preview:large, max-video-preview:-1\" \/>\n<meta property=\"og:locale\" content=\"fr_FR\" \/>\n<meta property=\"og:type\" content=\"article\" \/>\n<meta property=\"og:title\" content=\"Event 78 Black - Audibax\" \/>\n<meta property=\"og:description\" content=\"Projecteur par LED fonctionnant sur batterie Source lumineuse : 6 x 12W LED RGBWAUV RGBWAUV &amp;ndash ; 6 en 1 Canaux DMX512 : 6 \/ 10 canaux DMX sans fil &amp; sans fil et t\u00e9l\u00e9commande IR Mode de contr\u00f4le : DMX512, AUTO, ma\u00eetre-esclave, son\" \/>\n<meta property=\"og:url\" content=\"https:\/\/romantic-sinoussi.152-228-147-242.plesk.page\/fr\/produit\/event-78-black-2\/\" \/>\n<meta property=\"og:site_name\" content=\"Audibax\" \/>\n<meta name=\"twitter:card\" content=\"summary_large_image\" \/>\n<meta name=\"twitter:label1\" content=\"Dur\u00e9e de lecture estim\u00e9e\" \/>\n\t<meta name=\"twitter:data1\" content=\"1 minute\" \/>\n<script type=\"application\/ld+json\" class=\"yoast-schema-graph\">{\"@context\":\"https:\/\/schema.org\",\"@graph\":[{\"@type\":\"WebPage\",\"@id\":\"https:\/\/romantic-sinoussi.152-228-147-242.plesk.page\/fr\/produit\/event-78-black-2\/\",\"url\":\"https:\/\/romantic-sinoussi.152-228-147-242.plesk.page\/fr\/produit\/event-78-black-2\/\",\"name\":\"Event 78 Black - Audibax\",\"isPartOf\":{\"@id\":\"https:\/\/romantic-sinoussi.152-228-147-242.plesk.page\/fr\/#website\"},\"datePublished\":\"2023-12-27T10:57:10+00:00\",\"dateModified\":\"2023-12-27T10:57:10+00:00\",\"breadcrumb\":{\"@id\":\"https:\/\/romantic-sinoussi.152-228-147-242.plesk.page\/fr\/produit\/event-78-black-2\/#breadcrumb\"},\"inLanguage\":\"fr-FR\",\"potentialAction\":[{\"@type\":\"ReadAction\",\"target\":[\"https:\/\/romantic-sinoussi.152-228-147-242.plesk.page\/fr\/produit\/event-78-black-2\/\"]}]},{\"@type\":\"BreadcrumbList\",\"@id\":\"https:\/\/romantic-sinoussi.152-228-147-242.plesk.page\/fr\/produit\/event-78-black-2\/#breadcrumb\",\"itemListElement\":[{\"@type\":\"ListItem\",\"position\":1,\"name\":\"Portada\",\"item\":\"https:\/\/romantic-sinoussi.152-228-147-242.plesk.page\/fr\/\"},{\"@type\":\"ListItem\",\"position\":2,\"name\":\"Products\",\"item\":\"https:\/\/romantic-sinoussi.152-228-147-242.plesk.page\/fr\/shop\/\"},{\"@type\":\"ListItem\",\"position\":3,\"name\":\"Event 78 Black\"}]},{\"@type\":\"WebSite\",\"@id\":\"https:\/\/romantic-sinoussi.152-228-147-242.plesk.page\/fr\/#website\",\"url\":\"https:\/\/romantic-sinoussi.152-228-147-242.plesk.page\/fr\/\",\"name\":\"Audibax\",\"description\":\"\",\"publisher\":{\"@id\":\"https:\/\/romantic-sinoussi.152-228-147-242.plesk.page\/fr\/#organization\"},\"potentialAction\":[{\"@type\":\"SearchAction\",\"target\":{\"@type\":\"EntryPoint\",\"urlTemplate\":\"https:\/\/romantic-sinoussi.152-228-147-242.plesk.page\/fr\/?s={search_term_string}\"},\"query-input\":\"required name=search_term_string\"}],\"inLanguage\":\"fr-FR\"},{\"@type\":\"Organization\",\"@id\":\"https:\/\/romantic-sinoussi.152-228-147-242.plesk.page\/fr\/#organization\",\"name\":\"Audibax\",\"url\":\"https:\/\/romantic-sinoussi.152-228-147-242.plesk.page\/fr\/\",\"logo\":{\"@type\":\"ImageObject\",\"inLanguage\":\"fr-FR\",\"@id\":\"https:\/\/romantic-sinoussi.152-228-147-242.plesk.page\/fr\/#\/schema\/logo\/image\/\",\"url\":\"https:\/\/romantic-sinoussi.152-228-147-242.plesk.page\/wp-content\/uploads\/2023\/09\/logo-Audibax-BLANCO-SVG-1.svg\",\"contentUrl\":\"https:\/\/romantic-sinoussi.152-228-147-242.plesk.page\/wp-content\/uploads\/2023\/09\/logo-Audibax-BLANCO-SVG-1.svg\",\"width\":581,\"height\":146,\"caption\":\"Audibax\"},\"image\":{\"@id\":\"https:\/\/romantic-sinoussi.152-228-147-242.plesk.page\/fr\/#\/schema\/logo\/image\/\"}}]}<\/script>\n<!-- \/ Yoast SEO plugin. -->","yoast_head_json":{"title":"Event 78 Black - Audibax","robots":{"index":"noindex","follow":"follow","max-snippet":"max-snippet:-1","max-image-preview":"max-image-preview:large","max-video-preview":"max-video-preview:-1"},"og_locale":"fr_FR","og_type":"article","og_title":"Event 78 Black - Audibax","og_description":"Projecteur par LED fonctionnant sur batterie Source lumineuse : 6 x 12W LED RGBWAUV RGBWAUV &ndash ; 6 en 1 Canaux DMX512 : 6 \/ 10 canaux DMX sans fil & sans fil et t\u00e9l\u00e9commande IR Mode de contr\u00f4le : DMX512, AUTO, ma\u00eetre-esclave, son","og_url":"https:\/\/romantic-sinoussi.152-228-147-242.plesk.page\/fr\/produit\/event-78-black-2\/","og_site_name":"Audibax","twitter_card":"summary_large_image","twitter_misc":{"Dur\u00e9e de lecture estim\u00e9e":"1 minute"},"schema":{"@context":"https:\/\/schema.org","@graph":[{"@type":"WebPage","@id":"https:\/\/romantic-sinoussi.152-228-147-242.plesk.page\/fr\/produit\/event-78-black-2\/","url":"https:\/\/romantic-sinoussi.152-228-147-242.plesk.page\/fr\/produit\/event-78-black-2\/","name":"Event 78 Black - Audibax","isPartOf":{"@id":"https:\/\/romantic-sinoussi.152-228-147-242.plesk.page\/fr\/#website"},"datePublished":"2023-12-27T10:57:10+00:00","dateModified":"2023-12-27T10:57:10+00:00","breadcrumb":{"@id":"https:\/\/romantic-sinoussi.152-228-147-242.plesk.page\/fr\/produit\/event-78-black-2\/#breadcrumb"},"inLanguage":"fr-FR","potentialAction":[{"@type":"ReadAction","target":["https:\/\/romantic-sinoussi.152-228-147-242.plesk.page\/fr\/produit\/event-78-black-2\/"]}]},{"@type":"BreadcrumbList","@id":"https:\/\/romantic-sinoussi.152-228-147-242.plesk.page\/fr\/produit\/event-78-black-2\/#breadcrumb","itemListElement":[{"@type":"ListItem","position":1,"name":"Portada","item":"https:\/\/romantic-sinoussi.152-228-147-242.plesk.page\/fr\/"},{"@type":"ListItem","position":2,"name":"Products","item":"https:\/\/romantic-sinoussi.152-228-147-242.plesk.page\/fr\/shop\/"},{"@type":"ListItem","position":3,"name":"Event 78 Black"}]},{"@type":"WebSite","@id":"https:\/\/romantic-sinoussi.152-228-147-242.plesk.page\/fr\/#website","url":"https:\/\/romantic-sinoussi.152-228-147-242.plesk.page\/fr\/","name":"Audibax","description":"","publisher":{"@id":"https:\/\/romantic-sinoussi.152-228-147-242.plesk.page\/fr\/#organization"},"potentialAction":[{"@type":"SearchAction","target":{"@type":"EntryPoint","urlTemplate":"https:\/\/romantic-sinoussi.152-228-147-242.plesk.page\/fr\/?s={search_term_string}"},"query-input":"required name=search_term_string"}],"inLanguage":"fr-FR"},{"@type":"Organization","@id":"https:\/\/romantic-sinoussi.152-228-147-242.plesk.page\/fr\/#organization","name":"Audibax","url":"https:\/\/romantic-sinoussi.152-228-147-242.plesk.page\/fr\/","logo":{"@type":"ImageObject","inLanguage":"fr-FR","@id":"https:\/\/romantic-sinoussi.152-228-147-242.plesk.page\/fr\/#\/schema\/logo\/image\/","url":"https:\/\/romantic-sinoussi.152-228-147-242.plesk.page\/wp-content\/uploads\/2023\/09\/logo-Audibax-BLANCO-SVG-1.svg","contentUrl":"https:\/\/romantic-sinoussi.152-228-147-242.plesk.page\/wp-content\/uploads\/2023\/09\/logo-Audibax-BLANCO-SVG-1.svg","width":581,"height":146,"caption":"Audibax"},"image":{"@id":"https:\/\/romantic-sinoussi.152-228-147-242.plesk.page\/fr\/#\/schema\/logo\/image\/"}}]}},"_links":{"self":[{"href":"https:\/\/romantic-sinoussi.152-228-147-242.plesk.page\/fr\/wp-json\/wp\/v2\/product\/36662","targetHints":{"allow":["GET"]}}],"collection":[{"href":"https:\/\/romantic-sinoussi.152-228-147-242.plesk.page\/fr\/wp-json\/wp\/v2\/product"}],"about":[{"href":"https:\/\/romantic-sinoussi.152-228-147-242.plesk.page\/fr\/wp-json\/wp\/v2\/types\/product"}],"replies":[{"embeddable":true,"href":"https:\/\/romantic-sinoussi.152-228-147-242.plesk.page\/fr\/wp-json\/wp\/v2\/comments?post=36662"}],"wp:featuredmedia":[{"embeddable":true,"href":"https:\/\/romantic-sinoussi.152-228-147-242.plesk.page\/fr\/wp-json\/wp\/v2\/media\/34418"}],"wp:attachment":[{"href":"https:\/\/romantic-sinoussi.152-228-147-242.plesk.page\/fr\/wp-json\/wp\/v2\/media?parent=36662"}],"wp:term":[{"taxonomy":"product_cat","embeddable":true,"href":"https:\/\/romantic-sinoussi.152-228-147-242.plesk.page\/fr\/wp-json\/wp\/v2\/product_cat?post=36662"},{"taxonomy":"product_tag","embeddable":true,"href":"https:\/\/romantic-sinoussi.152-228-147-242.plesk.page\/fr\/wp-json\/wp\/v2\/product_tag?post=36662"}],"curies":[{"name":"wp","href":"https:\/\/api.w.org\/{rel}","templated":true}]}}