{"id":36665,"date":"2023-12-27T11:57:17","date_gmt":"2023-12-27T10:57:17","guid":{"rendered":"https:\/\/romantic-sinoussi.152-228-147-242.plesk.page\/product\/kit-8-event-90-event-90-fc-fight-case-2\/"},"modified":"2023-12-27T11:57:17","modified_gmt":"2023-12-27T10:57:17","slug":"kit-8-event-90-event-90-fc-fight-case-2","status":"publish","type":"product","link":"https:\/\/romantic-sinoussi.152-228-147-242.plesk.page\/fr\/produit\/kit-8-event-90-event-90-fc-fight-case-2\/","title":{"rendered":"Kit 8  Event 90 +  Event 90 FC Fight Case"},"content":{"rendered":"<\/p>\n<p><strong>Kit 8 Audibax Event 90 + Audibax Event 90 FC Flight Case&nbsp;<\/strong><\/p>\n<p>Kit compos\u00e9 de :<\/p>\n<p>&#8211; 8 unit\u00e9s de &nbsp;Audibax Event 90 Architectural Wash Spotlight avec batterie WiFi<\/p>\n<p>&#8211; 1 unit\u00e9 de &nbsp;Audibax Event 90 FC Fight Case avec fonction de chargement de batterie pour les spots Event 90<\/p>\n<p>&#8211; 1 unit\u00e9 de &nbsp;Audibax Event 90 FC Fight Case avec fonction de chargement de batterie<\/p>\n<p>&#8211; 1 unit\u00e9 de &nbsp;Audibax Event 90 FC Flight Case avec fonction de chargement de batterie pour les spots Event 90<\/p>\n<p>. <\/p>\n<p>&nbsp;<\/p>\n<p>Le&nbsp;<strong>Audibax Event 90<\/strong>&nbsp;est un projecteur de lavage architectural&nbsp;avec batterie&nbsp;fonction de chargement&nbsp;pour les projecteurs Event 90.nbsp;avec batterie et commande sans fil qui facilitera le conditionnement de n&#8217;importe quel environnement.<\/p>\n<p>Ce projecteur vous permettra de lib\u00e9rer votre cr\u00e9ativit\u00e9 gr\u00e2ce \u00e0 ses innombrables fonctions. Et tout cela avec la facilit\u00e9 de contr\u00f4le via smartphone ou tablette gr\u00e2ce \u00e0 sa connectivit\u00e9 WiFi.<\/p>\n<p>L&#8217;application gratuite LedHome\/Led Wifi Light, disponible \u00e0 la fois&nbsp;<a href=\"https:\/\/play.google.com\/store\/apps\/details?id=com.feicanled.ledhome&amp;hl=fr\">pour Android<\/a>&nbsp;que&nbsp;<a href=\"https:\/\/itunes.apple.com\/es\/app\/ledhome\/id1056921921?mt=8\">pour iOS<\/a>, vous permet de contr\u00f4ler \u00e0 la fois la couleur et l&#8217;intensit\u00e9 de votre Event 90, ainsi que d&#8217;activer le mode de contr\u00f4le du son ou le stroboscope. L&#8217;application dispose de 32 macros dans lesquelles vous pouvez cr\u00e9er vos propres combinaisons de changements de couleurs, de timings et de strobe.<\/p>\n<p>Bien s\u00fbr, il y a aussi le contr\u00f4le DMX, avec des modes \u00e0 6 ou 10 canaux, pour un contr\u00f4le plus traditionnel \u00e0 partir d&#8217;un pupitre ou de votre logiciel DMX favori.<\/p>\n<p>Ses 6 puissantes LED de 15 W vous donnent assez de puissance pour \u00e9clairer votre mur, un arbre ou n&#8217;importe quelle surface \u00e0 laquelle vous pouvez penser. De plus, comme il est dot\u00e9 d&#8217;une batterie, vous pouvez le changer de place ou de position \u00e0 votre guise sans avoir \u00e0 vous soucier des prises de courant.<\/p>\n<p>Caract\u00e9ristiques :<\/p>\n<ul>\n<li>Lumi\u00e8re de lavage architecturale&nbsp;<\/li>\n<li>6 leds de 15W\n<li>\n<li>RGB\n<li>\n<li>Lumi\u00e8re de lavage\n<li>.\/li>\n<li>RGBW+A+UV<\/li>\n<li>Contr\u00f4le Wi-Fi<\/li>\n<li>DMX 6\/10 Channels\n<li\/li>\n<li>Fonctionnement automatique, contr\u00f4le sonore, ma\u00eetre\/esclave, DMX<\/li>\n<li>Bo\u00eetier m\u00e9tallique<\/li>\n<li>Autonomie des piles : 4-5 heures<\/li>\n<li>Support r\u00e9tractable inclinable<\/li>\n<li>Mesures : 200 x 140 x 140 x 140 mm.<\/li>\n<\/ul>\n<p>&nbsp;<\/p>\n<p><strong>Audibax Event 90 FC Flight Case<\/strong><\/p>\n<ul>\n<li>Audibax Event 90 FC Flight Case<\/strong><\/p>\n<ul>\n<ul>\n<li>Fight Case avec rangement pour 8 unit\u00e9s.\/li>\n<li>4 roulettes pivotantes<\/li>\n<li>Mat\u00e9riau int\u00e9rieur EVA et mousse rembourr\u00e9e<\/li>\n<li>Dimensions : 650 x 440 x 240 mm (sans les roulettes)<\/li>\n<li>Dimensions int\u00e9rieures du compartiment unique : 150 x 150 x 150 x 220 cm<\/li>\n<\/ul>\n<p>&nbsp;<\/p>\n<p>.<\/p>\n","protected":false},"excerpt":{"rendered":"<p>Kit 8 Audibax Event 90 + Audibax Event 90 FC Flight Case&nbsp; Kit compos\u00e9 de : &#8211; 8 unit\u00e9s de &nbsp;Audibax Event 90 Architectural Wash Spotlight avec batterie WiFi &#8211; 1 unit\u00e9 de &nbsp;Audibax Event 90 FC Fight Case avec fonction de chargement de batterie pour les spots Event 90 &#8211; 1 unit\u00e9 de &nbsp;Audibax [&hellip;]<\/p>\n","protected":false},"featured_media":17129,"comment_status":"open","ping_status":"closed","template":"","meta":[],"product_cat":[368,243],"product_tag":[],"class_list":{"0":"post-36665","1":"product","2":"type-product","3":"status-publish","4":"has-post-thumbnail","6":"product_cat-spotlights-fr","7":"product_cat-uncategorized","9":"first","10":"instock","11":"shipping-taxable","12":"product-type-simple"},"acf":[],"yoast_head":"<!-- This site is optimized with the Yoast SEO plugin v21.5 - https:\/\/yoast.com\/wordpress\/plugins\/seo\/ -->\n<title>Kit 8 Event 90 + Event 90 FC Fight Case - Audibax<\/title>\n<meta name=\"robots\" content=\"noindex, follow, max-snippet:-1, max-image-preview:large, max-video-preview:-1\" \/>\n<meta property=\"og:locale\" content=\"fr_FR\" \/>\n<meta property=\"og:type\" content=\"article\" \/>\n<meta property=\"og:title\" content=\"Kit 8 Event 90 + Event 90 FC Fight Case - Audibax\" \/>\n<meta property=\"og:description\" content=\"Kit 8 Audibax Event 90 + Audibax Event 90 FC Flight Case&nbsp; Kit compos\u00e9 de : &#8211; 8 unit\u00e9s de &nbsp;Audibax Event 90 Architectural Wash Spotlight avec batterie WiFi &#8211; 1 unit\u00e9 de &nbsp;Audibax Event 90 FC Fight Case avec fonction de chargement de batterie pour les spots Event 90 &#8211; 1 unit\u00e9 de &nbsp;Audibax [&hellip;]\" \/>\n<meta property=\"og:url\" content=\"https:\/\/romantic-sinoussi.152-228-147-242.plesk.page\/fr\/produit\/kit-8-event-90-event-90-fc-fight-case-2\/\" \/>\n<meta property=\"og:site_name\" content=\"Audibax\" \/>\n<meta name=\"twitter:card\" content=\"summary_large_image\" \/>\n<meta name=\"twitter:label1\" content=\"Dur\u00e9e de lecture estim\u00e9e\" \/>\n\t<meta name=\"twitter:data1\" content=\"2 minutes\" \/>\n<script type=\"application\/ld+json\" class=\"yoast-schema-graph\">{\"@context\":\"https:\/\/schema.org\",\"@graph\":[{\"@type\":\"WebPage\",\"@id\":\"https:\/\/romantic-sinoussi.152-228-147-242.plesk.page\/fr\/produit\/kit-8-event-90-event-90-fc-fight-case-2\/\",\"url\":\"https:\/\/romantic-sinoussi.152-228-147-242.plesk.page\/fr\/produit\/kit-8-event-90-event-90-fc-fight-case-2\/\",\"name\":\"Kit 8 Event 90 + Event 90 FC Fight Case - Audibax\",\"isPartOf\":{\"@id\":\"https:\/\/romantic-sinoussi.152-228-147-242.plesk.page\/fr\/#website\"},\"datePublished\":\"2023-12-27T10:57:17+00:00\",\"dateModified\":\"2023-12-27T10:57:17+00:00\",\"breadcrumb\":{\"@id\":\"https:\/\/romantic-sinoussi.152-228-147-242.plesk.page\/fr\/produit\/kit-8-event-90-event-90-fc-fight-case-2\/#breadcrumb\"},\"inLanguage\":\"fr-FR\",\"potentialAction\":[{\"@type\":\"ReadAction\",\"target\":[\"https:\/\/romantic-sinoussi.152-228-147-242.plesk.page\/fr\/produit\/kit-8-event-90-event-90-fc-fight-case-2\/\"]}]},{\"@type\":\"BreadcrumbList\",\"@id\":\"https:\/\/romantic-sinoussi.152-228-147-242.plesk.page\/fr\/produit\/kit-8-event-90-event-90-fc-fight-case-2\/#breadcrumb\",\"itemListElement\":[{\"@type\":\"ListItem\",\"position\":1,\"name\":\"Portada\",\"item\":\"https:\/\/romantic-sinoussi.152-228-147-242.plesk.page\/fr\/\"},{\"@type\":\"ListItem\",\"position\":2,\"name\":\"Products\",\"item\":\"https:\/\/romantic-sinoussi.152-228-147-242.plesk.page\/fr\/shop\/\"},{\"@type\":\"ListItem\",\"position\":3,\"name\":\"Kit 8 Event 90 + Event 90 FC Fight Case\"}]},{\"@type\":\"WebSite\",\"@id\":\"https:\/\/romantic-sinoussi.152-228-147-242.plesk.page\/fr\/#website\",\"url\":\"https:\/\/romantic-sinoussi.152-228-147-242.plesk.page\/fr\/\",\"name\":\"Audibax\",\"description\":\"\",\"publisher\":{\"@id\":\"https:\/\/romantic-sinoussi.152-228-147-242.plesk.page\/fr\/#organization\"},\"potentialAction\":[{\"@type\":\"SearchAction\",\"target\":{\"@type\":\"EntryPoint\",\"urlTemplate\":\"https:\/\/romantic-sinoussi.152-228-147-242.plesk.page\/fr\/?s={search_term_string}\"},\"query-input\":\"required name=search_term_string\"}],\"inLanguage\":\"fr-FR\"},{\"@type\":\"Organization\",\"@id\":\"https:\/\/romantic-sinoussi.152-228-147-242.plesk.page\/fr\/#organization\",\"name\":\"Audibax\",\"url\":\"https:\/\/romantic-sinoussi.152-228-147-242.plesk.page\/fr\/\",\"logo\":{\"@type\":\"ImageObject\",\"inLanguage\":\"fr-FR\",\"@id\":\"https:\/\/romantic-sinoussi.152-228-147-242.plesk.page\/fr\/#\/schema\/logo\/image\/\",\"url\":\"https:\/\/romantic-sinoussi.152-228-147-242.plesk.page\/wp-content\/uploads\/2023\/09\/logo-Audibax-BLANCO-SVG-1.svg\",\"contentUrl\":\"https:\/\/romantic-sinoussi.152-228-147-242.plesk.page\/wp-content\/uploads\/2023\/09\/logo-Audibax-BLANCO-SVG-1.svg\",\"width\":581,\"height\":146,\"caption\":\"Audibax\"},\"image\":{\"@id\":\"https:\/\/romantic-sinoussi.152-228-147-242.plesk.page\/fr\/#\/schema\/logo\/image\/\"}}]}<\/script>\n<!-- \/ Yoast SEO plugin. -->","yoast_head_json":{"title":"Kit 8 Event 90 + Event 90 FC Fight Case - Audibax","robots":{"index":"noindex","follow":"follow","max-snippet":"max-snippet:-1","max-image-preview":"max-image-preview:large","max-video-preview":"max-video-preview:-1"},"og_locale":"fr_FR","og_type":"article","og_title":"Kit 8 Event 90 + Event 90 FC Fight Case - Audibax","og_description":"Kit 8 Audibax Event 90 + Audibax Event 90 FC Flight Case&nbsp; Kit compos\u00e9 de : &#8211; 8 unit\u00e9s de &nbsp;Audibax Event 90 Architectural Wash Spotlight avec batterie WiFi &#8211; 1 unit\u00e9 de &nbsp;Audibax Event 90 FC Fight Case avec fonction de chargement de batterie pour les spots Event 90 &#8211; 1 unit\u00e9 de &nbsp;Audibax [&hellip;]","og_url":"https:\/\/romantic-sinoussi.152-228-147-242.plesk.page\/fr\/produit\/kit-8-event-90-event-90-fc-fight-case-2\/","og_site_name":"Audibax","twitter_card":"summary_large_image","twitter_misc":{"Dur\u00e9e de lecture estim\u00e9e":"2 minutes"},"schema":{"@context":"https:\/\/schema.org","@graph":[{"@type":"WebPage","@id":"https:\/\/romantic-sinoussi.152-228-147-242.plesk.page\/fr\/produit\/kit-8-event-90-event-90-fc-fight-case-2\/","url":"https:\/\/romantic-sinoussi.152-228-147-242.plesk.page\/fr\/produit\/kit-8-event-90-event-90-fc-fight-case-2\/","name":"Kit 8 Event 90 + Event 90 FC Fight Case - Audibax","isPartOf":{"@id":"https:\/\/romantic-sinoussi.152-228-147-242.plesk.page\/fr\/#website"},"datePublished":"2023-12-27T10:57:17+00:00","dateModified":"2023-12-27T10:57:17+00:00","breadcrumb":{"@id":"https:\/\/romantic-sinoussi.152-228-147-242.plesk.page\/fr\/produit\/kit-8-event-90-event-90-fc-fight-case-2\/#breadcrumb"},"inLanguage":"fr-FR","potentialAction":[{"@type":"ReadAction","target":["https:\/\/romantic-sinoussi.152-228-147-242.plesk.page\/fr\/produit\/kit-8-event-90-event-90-fc-fight-case-2\/"]}]},{"@type":"BreadcrumbList","@id":"https:\/\/romantic-sinoussi.152-228-147-242.plesk.page\/fr\/produit\/kit-8-event-90-event-90-fc-fight-case-2\/#breadcrumb","itemListElement":[{"@type":"ListItem","position":1,"name":"Portada","item":"https:\/\/romantic-sinoussi.152-228-147-242.plesk.page\/fr\/"},{"@type":"ListItem","position":2,"name":"Products","item":"https:\/\/romantic-sinoussi.152-228-147-242.plesk.page\/fr\/shop\/"},{"@type":"ListItem","position":3,"name":"Kit 8 Event 90 + Event 90 FC Fight Case"}]},{"@type":"WebSite","@id":"https:\/\/romantic-sinoussi.152-228-147-242.plesk.page\/fr\/#website","url":"https:\/\/romantic-sinoussi.152-228-147-242.plesk.page\/fr\/","name":"Audibax","description":"","publisher":{"@id":"https:\/\/romantic-sinoussi.152-228-147-242.plesk.page\/fr\/#organization"},"potentialAction":[{"@type":"SearchAction","target":{"@type":"EntryPoint","urlTemplate":"https:\/\/romantic-sinoussi.152-228-147-242.plesk.page\/fr\/?s={search_term_string}"},"query-input":"required name=search_term_string"}],"inLanguage":"fr-FR"},{"@type":"Organization","@id":"https:\/\/romantic-sinoussi.152-228-147-242.plesk.page\/fr\/#organization","name":"Audibax","url":"https:\/\/romantic-sinoussi.152-228-147-242.plesk.page\/fr\/","logo":{"@type":"ImageObject","inLanguage":"fr-FR","@id":"https:\/\/romantic-sinoussi.152-228-147-242.plesk.page\/fr\/#\/schema\/logo\/image\/","url":"https:\/\/romantic-sinoussi.152-228-147-242.plesk.page\/wp-content\/uploads\/2023\/09\/logo-Audibax-BLANCO-SVG-1.svg","contentUrl":"https:\/\/romantic-sinoussi.152-228-147-242.plesk.page\/wp-content\/uploads\/2023\/09\/logo-Audibax-BLANCO-SVG-1.svg","width":581,"height":146,"caption":"Audibax"},"image":{"@id":"https:\/\/romantic-sinoussi.152-228-147-242.plesk.page\/fr\/#\/schema\/logo\/image\/"}}]}},"_links":{"self":[{"href":"https:\/\/romantic-sinoussi.152-228-147-242.plesk.page\/fr\/wp-json\/wp\/v2\/product\/36665","targetHints":{"allow":["GET"]}}],"collection":[{"href":"https:\/\/romantic-sinoussi.152-228-147-242.plesk.page\/fr\/wp-json\/wp\/v2\/product"}],"about":[{"href":"https:\/\/romantic-sinoussi.152-228-147-242.plesk.page\/fr\/wp-json\/wp\/v2\/types\/product"}],"replies":[{"embeddable":true,"href":"https:\/\/romantic-sinoussi.152-228-147-242.plesk.page\/fr\/wp-json\/wp\/v2\/comments?post=36665"}],"wp:featuredmedia":[{"embeddable":true,"href":"https:\/\/romantic-sinoussi.152-228-147-242.plesk.page\/fr\/wp-json\/wp\/v2\/media\/17129"}],"wp:attachment":[{"href":"https:\/\/romantic-sinoussi.152-228-147-242.plesk.page\/fr\/wp-json\/wp\/v2\/media?parent=36665"}],"wp:term":[{"taxonomy":"product_cat","embeddable":true,"href":"https:\/\/romantic-sinoussi.152-228-147-242.plesk.page\/fr\/wp-json\/wp\/v2\/product_cat?post=36665"},{"taxonomy":"product_tag","embeddable":true,"href":"https:\/\/romantic-sinoussi.152-228-147-242.plesk.page\/fr\/wp-json\/wp\/v2\/product_tag?post=36665"}],"curies":[{"name":"wp","href":"https:\/\/api.w.org\/{rel}","templated":true}]}}