{"id":36685,"date":"2023-12-27T11:58:06","date_gmt":"2023-12-27T10:58:06","guid":{"rendered":"https:\/\/romantic-sinoussi.152-228-147-242.plesk.page\/product\/sidney-conference-1000-black-2\/"},"modified":"2023-12-27T11:58:06","modified_gmt":"2023-12-27T10:58:06","slug":"sidney-conference-1000-black-2","status":"publish","type":"product","link":"https:\/\/romantic-sinoussi.152-228-147-242.plesk.page\/fr\/produit\/sidney-conference-1000-black-2\/","title":{"rendered":"Sidney Conference 1000 Black"},"content":{"rendered":"<ul>\n<li>Syst\u00e8me de conf\u00e9rence sans fil UHF \u00e0 4 canaux<\/li>\n<li>Possibilit\u00e9 de mettre 5 unit\u00e9s simultan\u00e9es pour un maximum de 20 microphones<\/li>\n<li>Gamme de fr\u00e9quences : 610 &#8211; 670MHz<\/li>\n<li>Modulation : FM<\/li>\n<li>Largeur de bande : 50MHz<\/li>\n<li>Nombre de canaux : 200<\/li>\n<li>Gamme de canaux : 300KHz<\/li>\n<li>Stabilit\u00e9 de fr\u00e9quence : &#038;plusmn ; 0.005%<\/li>\n<li>Dynamique : 100dB<\/li>\n<li>R\u00e9ponse en fr\u00e9quence : 80Hz-18KHz (+- 3dB)<\/li>\n<li>Ratio S \/ R : &#038;gt ; 105dB<\/li>\n<li>T.H.D : &lt;-0.5%<\/li>\n<\/ul>\n<h2>Caract\u00e9ristiques du r\u00e9cepteur<\/h2>\n<ul>\n<li>Mode du r\u00e9cepteur : Conversion de fr\u00e9quence secondaire Superh\u00e9t\u00e9rodyne<\/li>\n<li>IF-FRE : Premier : 110MHz, Deuxi\u00e8me : 10.7MHz<\/li>\n<li>Connecteur sans fil : BNC \/ 50&Omega;<\/li>\n<li>Sensibilit\u00e9 : 12dB uV (80dBS \/ N)<\/li>\n<li>Plage de sensibilit\u00e9 r\u00e9glable : 12-32dBuV<\/li>\n<li>Niveau de sortie maximum : + 10dBV<\/li>\n<li>Puissance de travail : 12V 1000mA<\/li>\n<li>Temp\u00e9rature de travail : -10 &#038;deg ; C \/ + 40 &#038;deg ; C<\/li>\n<\/ul>\n<p>&nbsp;<\/p>\n<p style=\"text-align :right\"><img decoding=\"async\" alt=\"\" src=\"\/crm\/documents\/fckeditor\/image\/menu-1-sidney-conference.jpg\" style=\"float:left ; height:204px ; width:354px\" \/><\/p>\n<h2 style=\"text-align:right\">Men&#038;uacute ; Infrared Sync<\/h2>\n<p style=\"text-align :right\">Appuyez sur le bouton &quot;SET&#038;quot ;, il affiche le statut &quot;&#8212;&#8212;-&#038;quot ;, le r\u00e9cepteur transmettra&#038;quot ; le canal<\/p>\n<p style=\"text-align :right\">Les donn\u00e9es de synchronisation IR, placez la face IR de la fen\u00eatre de l&#8217;\u00e9metteur dans la fen\u00eatre IR du r\u00e9cepteur et maintenez-la en ligne droite, la distance entre les deux ne doit pas \u00eatre sup\u00e9rieure \u00e0 30 CM. Si la synchronisation est correcte, le r\u00e9cepteur et l&#8217;\u00e9metteur auront la m\u00eame fr\u00e9quence et le syst\u00e8me commencera \u00e0 fonctionner.<\/p>\n<p style=\"text-align:center\">&nbsp;<\/p>\n<p style=\"text-align:center\">&nbsp;<\/p>\n<p style=\"text-align :center\">&nbsp;<\/p>\n<p style=\"text-align:center\">&nbsp;<\/p>\n<p style=\"text-align:center\"><img decoding=\"async\" alt=\"\" src=\"\/crm\/documents\/fckeditor\/image\/menu2-sidney-conference.jpg\" style=\"float:right ; height:204px ; width:354px\" \/><\/p>\n<h2>Men&#038;uacute ; Fr\u00e9quence de modulation manuelle<\/h2>\n<p>Appuyez sur le bouton %u25B2 ou %u25BC pour r\u00e9gler la fr\u00e9quence. Chaque \u00e9metteur dispose de 50 canaux<\/p>\n<p>Il est possible de la r\u00e9gler. Le pas de chaque canal est de 300 kHz. Apr\u00e8s avoir termin\u00e9 la modulation, le syst\u00e8me verrouille la fr\u00e9quence en 3 secondes, puis il peut commencer la synchronisation infrarouge.<\/p>\n<p style=\"text-align:center\">&nbsp;<\/p>\n<p style=\"text-align:center\">&nbsp;<\/p>\n<p style=\"text-align :center\">&nbsp;<\/p>\n<p style=\"text-align:center\">&nbsp;<\/p>\n<p style=\"text-align:center\"><img decoding=\"async\" alt=\"\" src=\"\/crm\/documents\/fckeditor\/image\/menu3-sidney-conference.jpg\" style=\"float:left ; height:203px ; width:351px\" \/><\/p>\n<h2 style=\"text-align:right\">Men&#038;uacute ; Bouton de verrouillage du syst\u00e8me<\/h2>\n<p style=\"text-align :right\">Appuyez sur le bouton Set pendant 3 secondes, l&#8217;\u00e9cran affiche&#038;aacute ; lock on, le syst\u00e8me verrouille ce canal et vous ne pouvez pas r\u00e9gler la fr\u00e9quence. Appuyez \u00e0 nouveau sur le bouton &quot;SET&#038;quot ; 3 secondes, le syst\u00e8me se d\u00e9verrouille&#038;aacute ;.<\/p>\n<p style=\"text-align:center\">&nbsp;<\/p>\n<p style=\"text-align:center\">&nbsp;<\/p>\n<p style=\"text-align :center\">&nbsp;<\/p>\n<p style=\"text-align:center\">&nbsp;<\/p>\n<p style=\"text-align:center\"><img decoding=\"async\" alt=\"\" src=\"\/crm\/documents\/fckeditor\/image\/menu4-sidney-conference.jpg\" style=\"float:right ; height:204px ; width :352px\" \/><\/p>\n<h2>Men&#038;uacute ; Groups<\/h2>\n<p>Cette touche GROUP ne peut \u00eatre utilis\u00e9e que si 4 r\u00e9cepteurs sont utilis\u00e9s en m\u00eame temps et au m\u00eame endroit ; la fr\u00e9quence GROUP int\u00e9gr\u00e9e permet d&#8217;\u00e9viter les interf\u00e9rences entre les r\u00e9cepteurs. Si vous n&#8217;utilisez qu&#8217;un seul r\u00e9cepteur, il n&#8217;est pas n\u00e9cessaire d&#8217;appuyer sur cette touche. S&#8217;il y a deux ensembles de fr\u00e9quences, la synchronisation IR est n\u00e9cessaire apr\u00e8s avoir appuy\u00e9 sur ce bouton GROUP.<\/p>\n<h2><img decoding=\"async\" alt=\"\" src=\"\/crm\/documents\/fckeditor\/image\/Capture%2520of%2520screen%25202018-11%2520a%2520las%252011_33_23.png\" style=\"font-size :13px\" \/><\/h2>\n<p>&nbsp;<\/p>\n<p>&nbsp;<\/p>\n<\/p>\n<p>&nbsp;<\/p>\n<p>.p><img decoding=\"async\" alt=\"\" src=\"\/crm\/documents\/fckeditor\/image\/11111\/audibax-sidney-conference-1000-system-inalambric-microphones.jpg\" style=\"height:316px ; width:675px\" \/><\/p>\n<p><img decoding=\"async\" alt=\"\" src=\"\/crm\/documents\/fckeditor\/image\/11111\/audibax-sidney-conference-1000-microphone-uhf.jpg\" style=\"height:591px ; width:675px\" \/><\/p>\n<\/p>\n<p>&nbsp;<\/p>\n<p>.<\/p>\n","protected":false},"excerpt":{"rendered":"<ul>\n<li>Syst\u00e8me de conf\u00e9rence sans fil UHF \u00e0 4 canaux<\/li>\n<li>Possibilit\u00e9 de mettre 5 unit\u00e9s simultan\u00e9es pour un maximum de 20 microphones<\/li>\n<li>Gamme de fr\u00e9quences : 610 &#8211; 670MHz<\/li>\n<li>Modulation : FM<\/li>\n<li>Largeur de bande : 50MHz<\/li>\n<li>Nombre de canaux : 200<\/li>\n<\/ul>\n<\/ul>\n<\/ul>\n","protected":false},"featured_media":17666,"comment_status":"open","ping_status":"closed","template":"","meta":[],"product_cat":[373,243],"product_tag":[],"class_list":{"0":"post-36685","1":"product","2":"type-product","3":"status-publish","4":"has-post-thumbnail","6":"product_cat-micros-de-conference","7":"product_cat-uncategorized","9":"first","10":"instock","11":"shipping-taxable","12":"product-type-simple"},"acf":[],"yoast_head":"<!-- This site is optimized with the Yoast SEO plugin v21.5 - https:\/\/yoast.com\/wordpress\/plugins\/seo\/ -->\n<title>Sidney Conference 1000 Black - Audibax<\/title>\n<meta name=\"robots\" content=\"noindex, follow, max-snippet:-1, max-image-preview:large, max-video-preview:-1\" \/>\n<meta property=\"og:locale\" content=\"fr_FR\" \/>\n<meta property=\"og:type\" content=\"article\" \/>\n<meta property=\"og:title\" content=\"Sidney Conference 1000 Black - Audibax\" \/>\n<meta property=\"og:description\" content=\"Syst\u00e8me de conf\u00e9rence sans fil UHF \u00e0 4 canaux Possibilit\u00e9 de mettre 5 unit\u00e9s simultan\u00e9es pour un maximum de 20 microphones Gamme de fr\u00e9quences : 610 - 670MHz Modulation : FM Largeur de bande : 50MHz Nombre de canaux : 200\" \/>\n<meta property=\"og:url\" content=\"https:\/\/romantic-sinoussi.152-228-147-242.plesk.page\/fr\/produit\/sidney-conference-1000-black-2\/\" \/>\n<meta property=\"og:site_name\" content=\"Audibax\" \/>\n<meta name=\"twitter:card\" content=\"summary_large_image\" \/>\n<meta name=\"twitter:label1\" content=\"Dur\u00e9e de lecture estim\u00e9e\" \/>\n\t<meta name=\"twitter:data1\" content=\"2 minutes\" \/>\n<script type=\"application\/ld+json\" class=\"yoast-schema-graph\">{\"@context\":\"https:\/\/schema.org\",\"@graph\":[{\"@type\":\"WebPage\",\"@id\":\"https:\/\/romantic-sinoussi.152-228-147-242.plesk.page\/fr\/produit\/sidney-conference-1000-black-2\/\",\"url\":\"https:\/\/romantic-sinoussi.152-228-147-242.plesk.page\/fr\/produit\/sidney-conference-1000-black-2\/\",\"name\":\"Sidney Conference 1000 Black - Audibax\",\"isPartOf\":{\"@id\":\"https:\/\/romantic-sinoussi.152-228-147-242.plesk.page\/fr\/#website\"},\"datePublished\":\"2023-12-27T10:58:06+00:00\",\"dateModified\":\"2023-12-27T10:58:06+00:00\",\"breadcrumb\":{\"@id\":\"https:\/\/romantic-sinoussi.152-228-147-242.plesk.page\/fr\/produit\/sidney-conference-1000-black-2\/#breadcrumb\"},\"inLanguage\":\"fr-FR\",\"potentialAction\":[{\"@type\":\"ReadAction\",\"target\":[\"https:\/\/romantic-sinoussi.152-228-147-242.plesk.page\/fr\/produit\/sidney-conference-1000-black-2\/\"]}]},{\"@type\":\"BreadcrumbList\",\"@id\":\"https:\/\/romantic-sinoussi.152-228-147-242.plesk.page\/fr\/produit\/sidney-conference-1000-black-2\/#breadcrumb\",\"itemListElement\":[{\"@type\":\"ListItem\",\"position\":1,\"name\":\"Portada\",\"item\":\"https:\/\/romantic-sinoussi.152-228-147-242.plesk.page\/fr\/\"},{\"@type\":\"ListItem\",\"position\":2,\"name\":\"Products\",\"item\":\"https:\/\/romantic-sinoussi.152-228-147-242.plesk.page\/fr\/shop\/\"},{\"@type\":\"ListItem\",\"position\":3,\"name\":\"Sidney Conference 1000 Black\"}]},{\"@type\":\"WebSite\",\"@id\":\"https:\/\/romantic-sinoussi.152-228-147-242.plesk.page\/fr\/#website\",\"url\":\"https:\/\/romantic-sinoussi.152-228-147-242.plesk.page\/fr\/\",\"name\":\"Audibax\",\"description\":\"\",\"publisher\":{\"@id\":\"https:\/\/romantic-sinoussi.152-228-147-242.plesk.page\/fr\/#organization\"},\"potentialAction\":[{\"@type\":\"SearchAction\",\"target\":{\"@type\":\"EntryPoint\",\"urlTemplate\":\"https:\/\/romantic-sinoussi.152-228-147-242.plesk.page\/fr\/?s={search_term_string}\"},\"query-input\":\"required name=search_term_string\"}],\"inLanguage\":\"fr-FR\"},{\"@type\":\"Organization\",\"@id\":\"https:\/\/romantic-sinoussi.152-228-147-242.plesk.page\/fr\/#organization\",\"name\":\"Audibax\",\"url\":\"https:\/\/romantic-sinoussi.152-228-147-242.plesk.page\/fr\/\",\"logo\":{\"@type\":\"ImageObject\",\"inLanguage\":\"fr-FR\",\"@id\":\"https:\/\/romantic-sinoussi.152-228-147-242.plesk.page\/fr\/#\/schema\/logo\/image\/\",\"url\":\"https:\/\/romantic-sinoussi.152-228-147-242.plesk.page\/wp-content\/uploads\/2023\/09\/logo-Audibax-BLANCO-SVG-1.svg\",\"contentUrl\":\"https:\/\/romantic-sinoussi.152-228-147-242.plesk.page\/wp-content\/uploads\/2023\/09\/logo-Audibax-BLANCO-SVG-1.svg\",\"width\":581,\"height\":146,\"caption\":\"Audibax\"},\"image\":{\"@id\":\"https:\/\/romantic-sinoussi.152-228-147-242.plesk.page\/fr\/#\/schema\/logo\/image\/\"}}]}<\/script>\n<!-- \/ Yoast SEO plugin. -->","yoast_head_json":{"title":"Sidney Conference 1000 Black - Audibax","robots":{"index":"noindex","follow":"follow","max-snippet":"max-snippet:-1","max-image-preview":"max-image-preview:large","max-video-preview":"max-video-preview:-1"},"og_locale":"fr_FR","og_type":"article","og_title":"Sidney Conference 1000 Black - Audibax","og_description":"Syst\u00e8me de conf\u00e9rence sans fil UHF \u00e0 4 canaux Possibilit\u00e9 de mettre 5 unit\u00e9s simultan\u00e9es pour un maximum de 20 microphones Gamme de fr\u00e9quences : 610 - 670MHz Modulation : FM Largeur de bande : 50MHz Nombre de canaux : 200","og_url":"https:\/\/romantic-sinoussi.152-228-147-242.plesk.page\/fr\/produit\/sidney-conference-1000-black-2\/","og_site_name":"Audibax","twitter_card":"summary_large_image","twitter_misc":{"Dur\u00e9e de lecture estim\u00e9e":"2 minutes"},"schema":{"@context":"https:\/\/schema.org","@graph":[{"@type":"WebPage","@id":"https:\/\/romantic-sinoussi.152-228-147-242.plesk.page\/fr\/produit\/sidney-conference-1000-black-2\/","url":"https:\/\/romantic-sinoussi.152-228-147-242.plesk.page\/fr\/produit\/sidney-conference-1000-black-2\/","name":"Sidney Conference 1000 Black - Audibax","isPartOf":{"@id":"https:\/\/romantic-sinoussi.152-228-147-242.plesk.page\/fr\/#website"},"datePublished":"2023-12-27T10:58:06+00:00","dateModified":"2023-12-27T10:58:06+00:00","breadcrumb":{"@id":"https:\/\/romantic-sinoussi.152-228-147-242.plesk.page\/fr\/produit\/sidney-conference-1000-black-2\/#breadcrumb"},"inLanguage":"fr-FR","potentialAction":[{"@type":"ReadAction","target":["https:\/\/romantic-sinoussi.152-228-147-242.plesk.page\/fr\/produit\/sidney-conference-1000-black-2\/"]}]},{"@type":"BreadcrumbList","@id":"https:\/\/romantic-sinoussi.152-228-147-242.plesk.page\/fr\/produit\/sidney-conference-1000-black-2\/#breadcrumb","itemListElement":[{"@type":"ListItem","position":1,"name":"Portada","item":"https:\/\/romantic-sinoussi.152-228-147-242.plesk.page\/fr\/"},{"@type":"ListItem","position":2,"name":"Products","item":"https:\/\/romantic-sinoussi.152-228-147-242.plesk.page\/fr\/shop\/"},{"@type":"ListItem","position":3,"name":"Sidney Conference 1000 Black"}]},{"@type":"WebSite","@id":"https:\/\/romantic-sinoussi.152-228-147-242.plesk.page\/fr\/#website","url":"https:\/\/romantic-sinoussi.152-228-147-242.plesk.page\/fr\/","name":"Audibax","description":"","publisher":{"@id":"https:\/\/romantic-sinoussi.152-228-147-242.plesk.page\/fr\/#organization"},"potentialAction":[{"@type":"SearchAction","target":{"@type":"EntryPoint","urlTemplate":"https:\/\/romantic-sinoussi.152-228-147-242.plesk.page\/fr\/?s={search_term_string}"},"query-input":"required name=search_term_string"}],"inLanguage":"fr-FR"},{"@type":"Organization","@id":"https:\/\/romantic-sinoussi.152-228-147-242.plesk.page\/fr\/#organization","name":"Audibax","url":"https:\/\/romantic-sinoussi.152-228-147-242.plesk.page\/fr\/","logo":{"@type":"ImageObject","inLanguage":"fr-FR","@id":"https:\/\/romantic-sinoussi.152-228-147-242.plesk.page\/fr\/#\/schema\/logo\/image\/","url":"https:\/\/romantic-sinoussi.152-228-147-242.plesk.page\/wp-content\/uploads\/2023\/09\/logo-Audibax-BLANCO-SVG-1.svg","contentUrl":"https:\/\/romantic-sinoussi.152-228-147-242.plesk.page\/wp-content\/uploads\/2023\/09\/logo-Audibax-BLANCO-SVG-1.svg","width":581,"height":146,"caption":"Audibax"},"image":{"@id":"https:\/\/romantic-sinoussi.152-228-147-242.plesk.page\/fr\/#\/schema\/logo\/image\/"}}]}},"_links":{"self":[{"href":"https:\/\/romantic-sinoussi.152-228-147-242.plesk.page\/fr\/wp-json\/wp\/v2\/product\/36685","targetHints":{"allow":["GET"]}}],"collection":[{"href":"https:\/\/romantic-sinoussi.152-228-147-242.plesk.page\/fr\/wp-json\/wp\/v2\/product"}],"about":[{"href":"https:\/\/romantic-sinoussi.152-228-147-242.plesk.page\/fr\/wp-json\/wp\/v2\/types\/product"}],"replies":[{"embeddable":true,"href":"https:\/\/romantic-sinoussi.152-228-147-242.plesk.page\/fr\/wp-json\/wp\/v2\/comments?post=36685"}],"wp:featuredmedia":[{"embeddable":true,"href":"https:\/\/romantic-sinoussi.152-228-147-242.plesk.page\/fr\/wp-json\/wp\/v2\/media\/17666"}],"wp:attachment":[{"href":"https:\/\/romantic-sinoussi.152-228-147-242.plesk.page\/fr\/wp-json\/wp\/v2\/media?parent=36685"}],"wp:term":[{"taxonomy":"product_cat","embeddable":true,"href":"https:\/\/romantic-sinoussi.152-228-147-242.plesk.page\/fr\/wp-json\/wp\/v2\/product_cat?post=36685"},{"taxonomy":"product_tag","embeddable":true,"href":"https:\/\/romantic-sinoussi.152-228-147-242.plesk.page\/fr\/wp-json\/wp\/v2\/product_tag?post=36685"}],"curies":[{"name":"wp","href":"https:\/\/api.w.org\/{rel}","templated":true}]}}