{"id":36686,"date":"2023-12-27T11:58:07","date_gmt":"2023-12-27T10:58:07","guid":{"rendered":"https:\/\/romantic-sinoussi.152-228-147-242.plesk.page\/product\/kioto-1200-black-2\/"},"modified":"2023-12-27T11:58:07","modified_gmt":"2023-12-27T10:58:07","slug":"kioto-1200-black-2","status":"publish","type":"product","link":"https:\/\/romantic-sinoussi.152-228-147-242.plesk.page\/fr\/produit\/kioto-1200-black-2\/","title":{"rendered":"Kioto 1200 Black"},"content":{"rendered":"<\/p>\n<p><strong>Audibax Kioto 1200 Microphone USB omnidirectionnel pour conf\u00e9rences et r\u00e9unions<\/strong><\/p>\n<p>Le microphone Auidbax Kioto 1200 dispose d&#8217;une directivit\u00e9 omnidirectionnelle et d&#8217;une port\u00e9e de 50 cm pour des performances optimales ;<\/p>\n<p>Le microphone Auidbax Kioto 1200 dispose d&#8217;une directivit\u00e9 omnidirectionnelle et d&#8217;une port\u00e9e de 50 cm pour des performances optimales, ce qui permet de capter facilement les sons les plus subtils dans toutes les directions et autour de tous les participants et de transmettre le son haut et clair.<\/p>\n<p><strong>Fait pour les conf\u00e9rences et les r\u00e9unions<\/strong><br \/> Ce microphone est parfait pour les r\u00e9unions de taille petite \u00e0 moyenne gr\u00e2ce \u00e0 l&#8217;utilisation d&#8217;un microphone ;Ce microphone est parfait pour les r\u00e9unions de petite ou moyenne taille via n&#8217;importe quelle application de vid\u00e9oconf\u00e9rence telle que Skype\/GoToMeeting\/WebEx\/Hangouts\/Fuze\/VoIP\/ Zoom et d&#8217;autres logiciels.<\/p>\n<p><strong>Plug &#038; Play, sans pilote et compatible avec Windows et macOS<\/strong><br \/> L&#8217;Audibax Kioto 1200 est compatible avec tous les syst\u00e8mes d&#8217;exploitation, aussi bien Windows que macOS. Il suffit de brancher le microphone sur n&#8217;importe quel port USB de votre ordinateur pour commencer \u00e0 l&#8217;utiliser. Si le microphone ne re\u00e7oit pas de signal apr\u00e8s l&#8217;avoir branch\u00e9, allez dans les param\u00e8tres audio de votre ordinateur et s\u00e9lectionnez l&#8217;Audibax Kioto 1200 comme p\u00e9riph\u00e9rique d&#8217;ENTR\u00c9E.<\/p>\n<p><strong>Mise en sourdine en un clic<\/strong><br \/> L&#8217;Audibax Kioto 1200 est dot\u00e9 d&#8217;un bouton de mise en sourdine qui permet de couper\/d\u00e9sactiver rapidement le microphone d&#8217;une simple pression. Le voyant bleu au milieu indique si le microphone USB est activ\u00e9 ou d\u00e9sactiv\u00e9<\/p>\n<p><strong>Construction robuste et compacte<\/strong><br \/> Le microphone est con\u00e7u pour \u00eatre utilis\u00e9 avec un microphone USB.Le microphone est construit \u00e0 partir d&#8217;un mat\u00e9riau m\u00e9tallique robuste et durable et la base est \u00e9quip\u00e9e d&#8217;un tapis antid\u00e9rapant qui le maintient stable sur le bureau pendant l&#8217;utilisation. Il est petit, rond et tr\u00e8s compact, de sorte qu&#8217;il ne prendra pas beaucoup de place sur votre bureau ou votre table de r\u00e9union.<\/p>\n<h3>Sp\u00e9cifications techniques de l&#8217;Audibax Kioto 1200 :<\/h3>\n<ul>\n<li>\n<li>&#038;nbsp ; &#038;nbsp ; Microphone de bureau USB pour les conf\u00e9rences et les r\u00e9unions<\/li>\n<li>\n<li>&#038;nbsp ; &#038;nbsp ; Id\u00e9al pour une utilisation avec Skype, Meet, Zoom, Hangouts, GoToMeeting,&#038;nbsp ; Fuze, VoIP, etc<\/li>\n<li>&#038;nbsp ; &#038;nbsp ; Compatible avec Windows &#038; MacOs<\/li>\n<li>&#038;nbsp ; &#038;nbsp ; Windows &#038; MacOs<\/li>\n<li>&#038;nbsp ; &#038;nbsp ; &#038;nbsp ; Plug &#038; Play sans avoir besoin d&#8217;un microphone USB.nbsp ; Plug and Play sans pilote requis<\/li>\n<li>&#038;nbsp ; &#038;nbsp ; Bouton Mute On\/Off avec led bleue<\/li>\n<li>&#038;nbsp ; &#038;nbsp ; Polar omnidirectional pattern<\/li>\n<li>&#038;nbsp ; &#038;nbsp ; Bouton Mute On\/Off avec led bleue<\/li>\n<li>&#038;nbsp ; &#038;nbsp ; Bouton Mute On\/Off avec led bleueMod\u00e8le polaire omnidirectionnel<\/li>\n<li>&#038;nbsp ; &#038;nbsp ; R\u00e9ponse en fr\u00e9quence 50Hz-16Khz<\/li>\n<li>&#038;nbsp ; &#038;nbsp ; Imp\u00e9dance de sortie : 200 &Omega;<\/li>\n<li>&#038;nbsp ; &#038;nbsp ; Sensibilit\u00e9 : -45db &plusmn;2dB<\/li>\n<li>&#038;nbsp ; &#038;nbsp ; Tension d&#8217;alimentation : DC3V<\/li>\n<li>&#038;nbsp ; &#038;nbsp ; Port\u00e9e maximale pour un signal optimal : 50\/75cm<\/li>\n<li>&#038;nbsp ; &#038;nbsp ; Dimensions : 69mm x 69mm x 15mm<\/li>\n<li>&#038;nbsp ; &#038;nbsp ; Longueur du c\u00e2ble : 194cm<\/li>\n<li>&#038;nbsp ; &#038;nbsp ; Poids du microphone :&nbsp;160gr<\/li>\n<li>&#038;nbsp ; &#038;nbsp ; Poids du produit, emballage compris : 0,19kg<\/li>\n<\/ul>\n<\/ul>\n","protected":false},"excerpt":{"rendered":"<p>Audibax Kioto 1200 Microphone USB omnidirectionnel pour conf\u00e9rences et r\u00e9unions Le microphone Auidbax Kioto 1200 dispose d&#8217;une directivit\u00e9 omnidirectionnelle et d&#8217;une port\u00e9e de 50 cm pour des performances optimales ; Le microphone Auidbax Kioto 1200 dispose d&#8217;une directivit\u00e9 omnidirectionnelle et d&#8217;une port\u00e9e de 50 cm pour des performances optimales, ce qui permet de capter facilement [&hellip;]<\/p>\n","protected":false},"featured_media":17276,"comment_status":"open","ping_status":"closed","template":"","meta":[],"product_cat":[373,243],"product_tag":[],"class_list":{"0":"post-36686","1":"product","2":"type-product","3":"status-publish","4":"has-post-thumbnail","6":"product_cat-micros-de-conference","7":"product_cat-uncategorized","9":"first","10":"instock","11":"shipping-taxable","12":"product-type-simple"},"acf":[],"yoast_head":"<!-- This site is optimized with the Yoast SEO plugin v21.5 - https:\/\/yoast.com\/wordpress\/plugins\/seo\/ -->\n<title>Kioto 1200 Black - Audibax<\/title>\n<meta name=\"robots\" content=\"noindex, follow, max-snippet:-1, max-image-preview:large, max-video-preview:-1\" \/>\n<meta property=\"og:locale\" content=\"fr_FR\" \/>\n<meta property=\"og:type\" content=\"article\" \/>\n<meta property=\"og:title\" content=\"Kioto 1200 Black - Audibax\" \/>\n<meta property=\"og:description\" content=\"Audibax Kioto 1200 Microphone USB omnidirectionnel pour conf\u00e9rences et r\u00e9unions Le microphone Auidbax Kioto 1200 dispose d&#8217;une directivit\u00e9 omnidirectionnelle et d&#8217;une port\u00e9e de 50 cm pour des performances optimales ; Le microphone Auidbax Kioto 1200 dispose d&#8217;une directivit\u00e9 omnidirectionnelle et d&#8217;une port\u00e9e de 50 cm pour des performances optimales, ce qui permet de capter facilement [&hellip;]\" \/>\n<meta property=\"og:url\" content=\"https:\/\/romantic-sinoussi.152-228-147-242.plesk.page\/fr\/produit\/kioto-1200-black-2\/\" \/>\n<meta property=\"og:site_name\" content=\"Audibax\" \/>\n<meta name=\"twitter:card\" content=\"summary_large_image\" \/>\n<meta name=\"twitter:label1\" content=\"Dur\u00e9e de lecture estim\u00e9e\" \/>\n\t<meta name=\"twitter:data1\" content=\"2 minutes\" \/>\n<script type=\"application\/ld+json\" class=\"yoast-schema-graph\">{\"@context\":\"https:\/\/schema.org\",\"@graph\":[{\"@type\":\"WebPage\",\"@id\":\"https:\/\/romantic-sinoussi.152-228-147-242.plesk.page\/fr\/produit\/kioto-1200-black-2\/\",\"url\":\"https:\/\/romantic-sinoussi.152-228-147-242.plesk.page\/fr\/produit\/kioto-1200-black-2\/\",\"name\":\"Kioto 1200 Black - Audibax\",\"isPartOf\":{\"@id\":\"https:\/\/romantic-sinoussi.152-228-147-242.plesk.page\/fr\/#website\"},\"datePublished\":\"2023-12-27T10:58:07+00:00\",\"dateModified\":\"2023-12-27T10:58:07+00:00\",\"breadcrumb\":{\"@id\":\"https:\/\/romantic-sinoussi.152-228-147-242.plesk.page\/fr\/produit\/kioto-1200-black-2\/#breadcrumb\"},\"inLanguage\":\"fr-FR\",\"potentialAction\":[{\"@type\":\"ReadAction\",\"target\":[\"https:\/\/romantic-sinoussi.152-228-147-242.plesk.page\/fr\/produit\/kioto-1200-black-2\/\"]}]},{\"@type\":\"BreadcrumbList\",\"@id\":\"https:\/\/romantic-sinoussi.152-228-147-242.plesk.page\/fr\/produit\/kioto-1200-black-2\/#breadcrumb\",\"itemListElement\":[{\"@type\":\"ListItem\",\"position\":1,\"name\":\"Portada\",\"item\":\"https:\/\/romantic-sinoussi.152-228-147-242.plesk.page\/fr\/\"},{\"@type\":\"ListItem\",\"position\":2,\"name\":\"Products\",\"item\":\"https:\/\/romantic-sinoussi.152-228-147-242.plesk.page\/fr\/shop\/\"},{\"@type\":\"ListItem\",\"position\":3,\"name\":\"Kioto 1200 Black\"}]},{\"@type\":\"WebSite\",\"@id\":\"https:\/\/romantic-sinoussi.152-228-147-242.plesk.page\/fr\/#website\",\"url\":\"https:\/\/romantic-sinoussi.152-228-147-242.plesk.page\/fr\/\",\"name\":\"Audibax\",\"description\":\"\",\"publisher\":{\"@id\":\"https:\/\/romantic-sinoussi.152-228-147-242.plesk.page\/fr\/#organization\"},\"potentialAction\":[{\"@type\":\"SearchAction\",\"target\":{\"@type\":\"EntryPoint\",\"urlTemplate\":\"https:\/\/romantic-sinoussi.152-228-147-242.plesk.page\/fr\/?s={search_term_string}\"},\"query-input\":\"required name=search_term_string\"}],\"inLanguage\":\"fr-FR\"},{\"@type\":\"Organization\",\"@id\":\"https:\/\/romantic-sinoussi.152-228-147-242.plesk.page\/fr\/#organization\",\"name\":\"Audibax\",\"url\":\"https:\/\/romantic-sinoussi.152-228-147-242.plesk.page\/fr\/\",\"logo\":{\"@type\":\"ImageObject\",\"inLanguage\":\"fr-FR\",\"@id\":\"https:\/\/romantic-sinoussi.152-228-147-242.plesk.page\/fr\/#\/schema\/logo\/image\/\",\"url\":\"https:\/\/romantic-sinoussi.152-228-147-242.plesk.page\/wp-content\/uploads\/2023\/09\/logo-Audibax-BLANCO-SVG-1.svg\",\"contentUrl\":\"https:\/\/romantic-sinoussi.152-228-147-242.plesk.page\/wp-content\/uploads\/2023\/09\/logo-Audibax-BLANCO-SVG-1.svg\",\"width\":581,\"height\":146,\"caption\":\"Audibax\"},\"image\":{\"@id\":\"https:\/\/romantic-sinoussi.152-228-147-242.plesk.page\/fr\/#\/schema\/logo\/image\/\"}}]}<\/script>\n<!-- \/ Yoast SEO plugin. -->","yoast_head_json":{"title":"Kioto 1200 Black - Audibax","robots":{"index":"noindex","follow":"follow","max-snippet":"max-snippet:-1","max-image-preview":"max-image-preview:large","max-video-preview":"max-video-preview:-1"},"og_locale":"fr_FR","og_type":"article","og_title":"Kioto 1200 Black - Audibax","og_description":"Audibax Kioto 1200 Microphone USB omnidirectionnel pour conf\u00e9rences et r\u00e9unions Le microphone Auidbax Kioto 1200 dispose d&#8217;une directivit\u00e9 omnidirectionnelle et d&#8217;une port\u00e9e de 50 cm pour des performances optimales ; Le microphone Auidbax Kioto 1200 dispose d&#8217;une directivit\u00e9 omnidirectionnelle et d&#8217;une port\u00e9e de 50 cm pour des performances optimales, ce qui permet de capter facilement [&hellip;]","og_url":"https:\/\/romantic-sinoussi.152-228-147-242.plesk.page\/fr\/produit\/kioto-1200-black-2\/","og_site_name":"Audibax","twitter_card":"summary_large_image","twitter_misc":{"Dur\u00e9e de lecture estim\u00e9e":"2 minutes"},"schema":{"@context":"https:\/\/schema.org","@graph":[{"@type":"WebPage","@id":"https:\/\/romantic-sinoussi.152-228-147-242.plesk.page\/fr\/produit\/kioto-1200-black-2\/","url":"https:\/\/romantic-sinoussi.152-228-147-242.plesk.page\/fr\/produit\/kioto-1200-black-2\/","name":"Kioto 1200 Black - Audibax","isPartOf":{"@id":"https:\/\/romantic-sinoussi.152-228-147-242.plesk.page\/fr\/#website"},"datePublished":"2023-12-27T10:58:07+00:00","dateModified":"2023-12-27T10:58:07+00:00","breadcrumb":{"@id":"https:\/\/romantic-sinoussi.152-228-147-242.plesk.page\/fr\/produit\/kioto-1200-black-2\/#breadcrumb"},"inLanguage":"fr-FR","potentialAction":[{"@type":"ReadAction","target":["https:\/\/romantic-sinoussi.152-228-147-242.plesk.page\/fr\/produit\/kioto-1200-black-2\/"]}]},{"@type":"BreadcrumbList","@id":"https:\/\/romantic-sinoussi.152-228-147-242.plesk.page\/fr\/produit\/kioto-1200-black-2\/#breadcrumb","itemListElement":[{"@type":"ListItem","position":1,"name":"Portada","item":"https:\/\/romantic-sinoussi.152-228-147-242.plesk.page\/fr\/"},{"@type":"ListItem","position":2,"name":"Products","item":"https:\/\/romantic-sinoussi.152-228-147-242.plesk.page\/fr\/shop\/"},{"@type":"ListItem","position":3,"name":"Kioto 1200 Black"}]},{"@type":"WebSite","@id":"https:\/\/romantic-sinoussi.152-228-147-242.plesk.page\/fr\/#website","url":"https:\/\/romantic-sinoussi.152-228-147-242.plesk.page\/fr\/","name":"Audibax","description":"","publisher":{"@id":"https:\/\/romantic-sinoussi.152-228-147-242.plesk.page\/fr\/#organization"},"potentialAction":[{"@type":"SearchAction","target":{"@type":"EntryPoint","urlTemplate":"https:\/\/romantic-sinoussi.152-228-147-242.plesk.page\/fr\/?s={search_term_string}"},"query-input":"required name=search_term_string"}],"inLanguage":"fr-FR"},{"@type":"Organization","@id":"https:\/\/romantic-sinoussi.152-228-147-242.plesk.page\/fr\/#organization","name":"Audibax","url":"https:\/\/romantic-sinoussi.152-228-147-242.plesk.page\/fr\/","logo":{"@type":"ImageObject","inLanguage":"fr-FR","@id":"https:\/\/romantic-sinoussi.152-228-147-242.plesk.page\/fr\/#\/schema\/logo\/image\/","url":"https:\/\/romantic-sinoussi.152-228-147-242.plesk.page\/wp-content\/uploads\/2023\/09\/logo-Audibax-BLANCO-SVG-1.svg","contentUrl":"https:\/\/romantic-sinoussi.152-228-147-242.plesk.page\/wp-content\/uploads\/2023\/09\/logo-Audibax-BLANCO-SVG-1.svg","width":581,"height":146,"caption":"Audibax"},"image":{"@id":"https:\/\/romantic-sinoussi.152-228-147-242.plesk.page\/fr\/#\/schema\/logo\/image\/"}}]}},"_links":{"self":[{"href":"https:\/\/romantic-sinoussi.152-228-147-242.plesk.page\/fr\/wp-json\/wp\/v2\/product\/36686","targetHints":{"allow":["GET"]}}],"collection":[{"href":"https:\/\/romantic-sinoussi.152-228-147-242.plesk.page\/fr\/wp-json\/wp\/v2\/product"}],"about":[{"href":"https:\/\/romantic-sinoussi.152-228-147-242.plesk.page\/fr\/wp-json\/wp\/v2\/types\/product"}],"replies":[{"embeddable":true,"href":"https:\/\/romantic-sinoussi.152-228-147-242.plesk.page\/fr\/wp-json\/wp\/v2\/comments?post=36686"}],"wp:featuredmedia":[{"embeddable":true,"href":"https:\/\/romantic-sinoussi.152-228-147-242.plesk.page\/fr\/wp-json\/wp\/v2\/media\/17276"}],"wp:attachment":[{"href":"https:\/\/romantic-sinoussi.152-228-147-242.plesk.page\/fr\/wp-json\/wp\/v2\/media?parent=36686"}],"wp:term":[{"taxonomy":"product_cat","embeddable":true,"href":"https:\/\/romantic-sinoussi.152-228-147-242.plesk.page\/fr\/wp-json\/wp\/v2\/product_cat?post=36686"},{"taxonomy":"product_tag","embeddable":true,"href":"https:\/\/romantic-sinoussi.152-228-147-242.plesk.page\/fr\/wp-json\/wp\/v2\/product_tag?post=36686"}],"curies":[{"name":"wp","href":"https:\/\/api.w.org\/{rel}","templated":true}]}}