{"id":36690,"date":"2023-12-27T11:58:10","date_gmt":"2023-12-27T10:58:10","guid":{"rendered":"https:\/\/romantic-sinoussi.152-228-147-242.plesk.page\/product\/tokyo-1600-black-and-silver-2\/"},"modified":"2023-12-27T11:58:10","modified_gmt":"2023-12-27T10:58:10","slug":"tokyo-1600-black-and-silver-2","status":"publish","type":"product","link":"https:\/\/romantic-sinoussi.152-228-147-242.plesk.page\/fr\/produit\/tokyo-1600-black-and-silver-2\/","title":{"rendered":"Tokyo 1600 Black and Silver"},"content":{"rendered":"<\/p>\n<p><strong>Audibax Tokyo 1600<\/strong>, est un <strong>microphone vocal dynamique \u00e0 main<\/strong> de haute qualit\u00e9.<\/p>\n<p>Microphone vocal \u00e0 main<strong>de type unidirectionnel<\/strong> avec <strong>interrupteur marche\/arr\u00eat<\/strong>.<strong><\/p>\n<p>Il offre une<strong>haute performance<\/strong> gr\u00e2ce \u00e0 un signal de sortie extr\u00eamement \u00e9lev\u00e9.<\/p>\n<p>Audibax Tokyo 1600 offre une <strong>tr\u00e8s faible distorsion<\/strong> et un <strong>son extr\u00eamement propre<\/strong>.<\/strong><\/strong><\/p>\n<p>Construction avec <strong>un corps m\u00e9tallique solide<\/strong>. qui r\u00e9siste aux conditions live les plus exigeantes, avec <strong>connexion XLR et broches plaqu\u00e9es or<\/strong>.<\/p>\n<p>D\u00e9di\u00e9 \u00e0 une utilisation vocale, ce microphone vous offre un niveau de qualit\u00e9 incroyable en studio ou en concert.<\/p>\n<p><strong>Caract\u00e9ristiques techniques Audibax Tokyo 1600 Microphone<\/strong><\/strong><\/p>\n<p><strong>Audibax Tokyo 1600 Microphone<\/strong><\/p>\n<p><strong>Caract\u00e9ristiques techniques<\/strong>.<\/p>\n<ul>\n<li>Type dynamique<strong>Cardio\u00efde<\/strong><\/strong><\/li>\n<li>Unidirectionnel.<\/li>\n<li>Interrupteur marche\/arr\u00eat<\/strong><\/strong><\/li>\n<li>Construction ;<strong>Construction m\u00e9tallique<\/strong><\/strong><\/li>\n<li>R\u00e9ponse en fr\u00e9quence : 80 Hz &#8211; 15 kHz<\/li>\n<li>Imp\u00e9dance : 600 Ohms<\/li>\n<li>Sensibilit\u00e9 : -52 dBV (0 dBV =1 V\/Pa), 2.5 mV\/Pa<\/li>\n<li>Connecteur : XLR sym\u00e9trique XLR 3 broches (m\u00e2le)<\/li>\n<\/ul>\n<p><strong>Emballage Tokyo 1600<\/strong><\/p>\n<p><strong>Emballage Tokyo 1600<\/strong><\/p>\n<p><strong>Conteneur.\/strong><\/p>\n<ul>\n<ul>\n<li>1 Tokyo 1600 Din&aacute;mico Cardio\u00efde<\/li>\n<li>\n<li>1 Tokyo 1600 Din&aacute;mico Cardio\u00efde<\/li>\n<li>\n<li>\n<li>1 Tokyo 1600 Din&aacute;mico Cardio\u00efde1 connexion XLR femelle vers Jack 6,35 mm <strong>(4 m\u00e8tres)<\/strong><\/strong><\/li>\n<\/ul>\n<\/ul>\n<ul>\n<ul>\n<ul>\n<ul>\n<ul>\n<ul>\n<ul>\n<ul>\n<ul>\n<ul>\n<ul>\n<ul>\n<ul>\n<ul>\n<ul>\n<ul>\n<ul>\n<ul>\n<ul>\n<ul>\n<ul>\n<ul>\n<ul>\n<ul>\n<ul>.p>&nbsp;<\/p>\n<p><img decoding=\"async\" alt=\"\" src=\"\/crm\/documents\/fckeditor\/image\/microfon-mano-audibax-tokyo-1600.jpg\" style=\"height:811px ; width:754px\" \/><\/p>\n<p>.<\/p>\n","protected":false},"excerpt":{"rendered":"<ul>\n<li>Type dynamique<strong>&nbsp;<\/strong>Cardio\u00efde<\/li>\n<li>R\u00e9ponse en fr\u00e9quence : 80 Hz &#8211; 15 kHz<\/li>\n<li>Unidirectionnel<\/li>\n<\/ul>\n<\/ul>\n","protected":false},"featured_media":17855,"comment_status":"open","ping_status":"closed","template":"","meta":[],"product_cat":[375,243],"product_tag":[],"class_list":{"0":"post-36690","1":"product","2":"type-product","3":"status-publish","4":"has-post-thumbnail","6":"product_cat-micros-a-main","7":"product_cat-uncategorized","9":"first","10":"instock","11":"shipping-taxable","12":"product-type-simple"},"acf":[],"yoast_head":"<!-- This site is optimized with the Yoast SEO plugin v21.5 - https:\/\/yoast.com\/wordpress\/plugins\/seo\/ -->\n<title>Tokyo 1600 Black and Silver - Audibax<\/title>\n<meta name=\"robots\" content=\"noindex, follow, max-snippet:-1, max-image-preview:large, max-video-preview:-1\" \/>\n<meta property=\"og:locale\" content=\"fr_FR\" \/>\n<meta property=\"og:type\" content=\"article\" \/>\n<meta property=\"og:title\" content=\"Tokyo 1600 Black and Silver - Audibax\" \/>\n<meta property=\"og:description\" content=\"Type dynamique&nbsp;Cardio\u00efde R\u00e9ponse en fr\u00e9quence : 80 Hz - 15 kHz Unidirectionnel\" \/>\n<meta property=\"og:url\" content=\"https:\/\/romantic-sinoussi.152-228-147-242.plesk.page\/fr\/produit\/tokyo-1600-black-and-silver-2\/\" \/>\n<meta property=\"og:site_name\" content=\"Audibax\" \/>\n<meta name=\"twitter:card\" content=\"summary_large_image\" \/>\n<meta name=\"twitter:label1\" content=\"Dur\u00e9e de lecture estim\u00e9e\" \/>\n\t<meta name=\"twitter:data1\" content=\"1 minute\" \/>\n<script type=\"application\/ld+json\" class=\"yoast-schema-graph\">{\"@context\":\"https:\/\/schema.org\",\"@graph\":[{\"@type\":\"WebPage\",\"@id\":\"https:\/\/romantic-sinoussi.152-228-147-242.plesk.page\/fr\/produit\/tokyo-1600-black-and-silver-2\/\",\"url\":\"https:\/\/romantic-sinoussi.152-228-147-242.plesk.page\/fr\/produit\/tokyo-1600-black-and-silver-2\/\",\"name\":\"Tokyo 1600 Black and Silver - Audibax\",\"isPartOf\":{\"@id\":\"https:\/\/romantic-sinoussi.152-228-147-242.plesk.page\/fr\/#website\"},\"datePublished\":\"2023-12-27T10:58:10+00:00\",\"dateModified\":\"2023-12-27T10:58:10+00:00\",\"breadcrumb\":{\"@id\":\"https:\/\/romantic-sinoussi.152-228-147-242.plesk.page\/fr\/produit\/tokyo-1600-black-and-silver-2\/#breadcrumb\"},\"inLanguage\":\"fr-FR\",\"potentialAction\":[{\"@type\":\"ReadAction\",\"target\":[\"https:\/\/romantic-sinoussi.152-228-147-242.plesk.page\/fr\/produit\/tokyo-1600-black-and-silver-2\/\"]}]},{\"@type\":\"BreadcrumbList\",\"@id\":\"https:\/\/romantic-sinoussi.152-228-147-242.plesk.page\/fr\/produit\/tokyo-1600-black-and-silver-2\/#breadcrumb\",\"itemListElement\":[{\"@type\":\"ListItem\",\"position\":1,\"name\":\"Portada\",\"item\":\"https:\/\/romantic-sinoussi.152-228-147-242.plesk.page\/fr\/\"},{\"@type\":\"ListItem\",\"position\":2,\"name\":\"Products\",\"item\":\"https:\/\/romantic-sinoussi.152-228-147-242.plesk.page\/fr\/shop\/\"},{\"@type\":\"ListItem\",\"position\":3,\"name\":\"Tokyo 1600 Black and Silver\"}]},{\"@type\":\"WebSite\",\"@id\":\"https:\/\/romantic-sinoussi.152-228-147-242.plesk.page\/fr\/#website\",\"url\":\"https:\/\/romantic-sinoussi.152-228-147-242.plesk.page\/fr\/\",\"name\":\"Audibax\",\"description\":\"\",\"publisher\":{\"@id\":\"https:\/\/romantic-sinoussi.152-228-147-242.plesk.page\/fr\/#organization\"},\"potentialAction\":[{\"@type\":\"SearchAction\",\"target\":{\"@type\":\"EntryPoint\",\"urlTemplate\":\"https:\/\/romantic-sinoussi.152-228-147-242.plesk.page\/fr\/?s={search_term_string}\"},\"query-input\":\"required name=search_term_string\"}],\"inLanguage\":\"fr-FR\"},{\"@type\":\"Organization\",\"@id\":\"https:\/\/romantic-sinoussi.152-228-147-242.plesk.page\/fr\/#organization\",\"name\":\"Audibax\",\"url\":\"https:\/\/romantic-sinoussi.152-228-147-242.plesk.page\/fr\/\",\"logo\":{\"@type\":\"ImageObject\",\"inLanguage\":\"fr-FR\",\"@id\":\"https:\/\/romantic-sinoussi.152-228-147-242.plesk.page\/fr\/#\/schema\/logo\/image\/\",\"url\":\"https:\/\/romantic-sinoussi.152-228-147-242.plesk.page\/wp-content\/uploads\/2023\/09\/logo-Audibax-BLANCO-SVG-1.svg\",\"contentUrl\":\"https:\/\/romantic-sinoussi.152-228-147-242.plesk.page\/wp-content\/uploads\/2023\/09\/logo-Audibax-BLANCO-SVG-1.svg\",\"width\":581,\"height\":146,\"caption\":\"Audibax\"},\"image\":{\"@id\":\"https:\/\/romantic-sinoussi.152-228-147-242.plesk.page\/fr\/#\/schema\/logo\/image\/\"}}]}<\/script>\n<!-- \/ Yoast SEO plugin. -->","yoast_head_json":{"title":"Tokyo 1600 Black and Silver - Audibax","robots":{"index":"noindex","follow":"follow","max-snippet":"max-snippet:-1","max-image-preview":"max-image-preview:large","max-video-preview":"max-video-preview:-1"},"og_locale":"fr_FR","og_type":"article","og_title":"Tokyo 1600 Black and Silver - Audibax","og_description":"Type dynamique&nbsp;Cardio\u00efde R\u00e9ponse en fr\u00e9quence : 80 Hz - 15 kHz Unidirectionnel","og_url":"https:\/\/romantic-sinoussi.152-228-147-242.plesk.page\/fr\/produit\/tokyo-1600-black-and-silver-2\/","og_site_name":"Audibax","twitter_card":"summary_large_image","twitter_misc":{"Dur\u00e9e de lecture estim\u00e9e":"1 minute"},"schema":{"@context":"https:\/\/schema.org","@graph":[{"@type":"WebPage","@id":"https:\/\/romantic-sinoussi.152-228-147-242.plesk.page\/fr\/produit\/tokyo-1600-black-and-silver-2\/","url":"https:\/\/romantic-sinoussi.152-228-147-242.plesk.page\/fr\/produit\/tokyo-1600-black-and-silver-2\/","name":"Tokyo 1600 Black and Silver - Audibax","isPartOf":{"@id":"https:\/\/romantic-sinoussi.152-228-147-242.plesk.page\/fr\/#website"},"datePublished":"2023-12-27T10:58:10+00:00","dateModified":"2023-12-27T10:58:10+00:00","breadcrumb":{"@id":"https:\/\/romantic-sinoussi.152-228-147-242.plesk.page\/fr\/produit\/tokyo-1600-black-and-silver-2\/#breadcrumb"},"inLanguage":"fr-FR","potentialAction":[{"@type":"ReadAction","target":["https:\/\/romantic-sinoussi.152-228-147-242.plesk.page\/fr\/produit\/tokyo-1600-black-and-silver-2\/"]}]},{"@type":"BreadcrumbList","@id":"https:\/\/romantic-sinoussi.152-228-147-242.plesk.page\/fr\/produit\/tokyo-1600-black-and-silver-2\/#breadcrumb","itemListElement":[{"@type":"ListItem","position":1,"name":"Portada","item":"https:\/\/romantic-sinoussi.152-228-147-242.plesk.page\/fr\/"},{"@type":"ListItem","position":2,"name":"Products","item":"https:\/\/romantic-sinoussi.152-228-147-242.plesk.page\/fr\/shop\/"},{"@type":"ListItem","position":3,"name":"Tokyo 1600 Black and Silver"}]},{"@type":"WebSite","@id":"https:\/\/romantic-sinoussi.152-228-147-242.plesk.page\/fr\/#website","url":"https:\/\/romantic-sinoussi.152-228-147-242.plesk.page\/fr\/","name":"Audibax","description":"","publisher":{"@id":"https:\/\/romantic-sinoussi.152-228-147-242.plesk.page\/fr\/#organization"},"potentialAction":[{"@type":"SearchAction","target":{"@type":"EntryPoint","urlTemplate":"https:\/\/romantic-sinoussi.152-228-147-242.plesk.page\/fr\/?s={search_term_string}"},"query-input":"required name=search_term_string"}],"inLanguage":"fr-FR"},{"@type":"Organization","@id":"https:\/\/romantic-sinoussi.152-228-147-242.plesk.page\/fr\/#organization","name":"Audibax","url":"https:\/\/romantic-sinoussi.152-228-147-242.plesk.page\/fr\/","logo":{"@type":"ImageObject","inLanguage":"fr-FR","@id":"https:\/\/romantic-sinoussi.152-228-147-242.plesk.page\/fr\/#\/schema\/logo\/image\/","url":"https:\/\/romantic-sinoussi.152-228-147-242.plesk.page\/wp-content\/uploads\/2023\/09\/logo-Audibax-BLANCO-SVG-1.svg","contentUrl":"https:\/\/romantic-sinoussi.152-228-147-242.plesk.page\/wp-content\/uploads\/2023\/09\/logo-Audibax-BLANCO-SVG-1.svg","width":581,"height":146,"caption":"Audibax"},"image":{"@id":"https:\/\/romantic-sinoussi.152-228-147-242.plesk.page\/fr\/#\/schema\/logo\/image\/"}}]}},"_links":{"self":[{"href":"https:\/\/romantic-sinoussi.152-228-147-242.plesk.page\/fr\/wp-json\/wp\/v2\/product\/36690","targetHints":{"allow":["GET"]}}],"collection":[{"href":"https:\/\/romantic-sinoussi.152-228-147-242.plesk.page\/fr\/wp-json\/wp\/v2\/product"}],"about":[{"href":"https:\/\/romantic-sinoussi.152-228-147-242.plesk.page\/fr\/wp-json\/wp\/v2\/types\/product"}],"replies":[{"embeddable":true,"href":"https:\/\/romantic-sinoussi.152-228-147-242.plesk.page\/fr\/wp-json\/wp\/v2\/comments?post=36690"}],"wp:featuredmedia":[{"embeddable":true,"href":"https:\/\/romantic-sinoussi.152-228-147-242.plesk.page\/fr\/wp-json\/wp\/v2\/media\/17855"}],"wp:attachment":[{"href":"https:\/\/romantic-sinoussi.152-228-147-242.plesk.page\/fr\/wp-json\/wp\/v2\/media?parent=36690"}],"wp:term":[{"taxonomy":"product_cat","embeddable":true,"href":"https:\/\/romantic-sinoussi.152-228-147-242.plesk.page\/fr\/wp-json\/wp\/v2\/product_cat?post=36690"},{"taxonomy":"product_tag","embeddable":true,"href":"https:\/\/romantic-sinoussi.152-228-147-242.plesk.page\/fr\/wp-json\/wp\/v2\/product_tag?post=36690"}],"curies":[{"name":"wp","href":"https:\/\/api.w.org\/{rel}","templated":true}]}}