{"id":36696,"date":"2023-12-27T11:58:13","date_gmt":"2023-12-27T10:58:13","guid":{"rendered":"https:\/\/romantic-sinoussi.152-228-147-242.plesk.page\/product\/rf10-black-2\/"},"modified":"2023-12-27T11:58:13","modified_gmt":"2023-12-27T10:58:13","slug":"rf10-black-2","status":"publish","type":"product","link":"https:\/\/romantic-sinoussi.152-228-147-242.plesk.page\/fr\/produit\/rf10-black-2\/","title":{"rendered":"RF10 Black"},"content":{"rendered":"<\/p>\n<p><strong>Audibax RF10 Black<\/strong><\/p>\n<p><strong>L&#8217;Audibax RF10 Black<\/strong><\/p>\n<p>Audibax RF10 Black<\/strong> est un filtre de r\u00e9flexion pour les enregistrements en studio. Gr\u00e2ce \u00e0 sa facilit\u00e9 de montage et \u00e0 sa taille compacte, il peut \u00eatre mont\u00e9 en un rien de temps et plac\u00e9 n&#8217;importe o\u00f9. La construction en aluminium avec un faible poids et la qualit\u00e9 acoustique font de ce produit un essentiel dans les home studios. Il est fix\u00e9 avec un support m\u00e9tallique sur un seul pied de microphone.<\/p>\n<ul>\n<li>\n<li>Dimensions : 325 x 180 x 365 mm.<\/p>\n<li>\n<li>Poids : 2 kg.<\/li>\n<li>Cadre en aluminium<\/li>\n<li>Non inclus le pied de micro sur pied montr\u00e9 sur la photo<\/li>\n<\/ul>\n<\/ul>\n<p>.<\/p>\n","protected":false},"excerpt":{"rendered":"<p><Le <strong>Audibax RF10 Black<\/strong> est un filtre anti-reflet pour les enregistrements en studio. Gr\u00e2ce \u00e0 sa facilit\u00e9 de montage et \u00e0 sa taille compacte, il peut \u00eatre mont\u00e9 en tr\u00e8s peu de temps et plac\u00e9 n&#8217;importe o\u00f9. La construction en aluminium avec un faible poids et la qualit\u00e9 acoustique font de ce produit un essentiel dans les home studios. Il est fix\u00e9 avec un support m\u00e9tallique sur un pied de microphone simple.<\/p>\n<ul>\n<li>\n<li>Dimensions : 325 x 180 x 365 mm.<\/li>\n<li>Poids : 2 kg.<\/li>\n<li>Construction en aluminium<\/li>\n<\/ul>\n<\/ul>\n<li>Pied de microphone avec support en m\u00e9tal.<br \/>\n","protected":false},"featured_media":17597,"comment_status":"open","ping_status":"closed","template":"","meta":[],"product_cat":[381,243],"product_tag":[],"class_list":{"0":"post-36696","1":"product","2":"type-product","3":"status-publish","4":"has-post-thumbnail","6":"product_cat-ecran-de-micro","7":"product_cat-uncategorized","9":"first","10":"instock","11":"shipping-taxable","12":"product-type-simple"},"acf":[],"yoast_head":"<!-- This site is optimized with the Yoast SEO plugin v21.5 - https:\/\/yoast.com\/wordpress\/plugins\/seo\/ -->\n<title>RF10 Black - Audibax<\/title>\n<meta name=\"robots\" content=\"noindex, follow, max-snippet:-1, max-image-preview:large, max-video-preview:-1\" \/>\n<meta property=\"og:locale\" content=\"fr_FR\" \/>\n<meta property=\"og:type\" content=\"article\" \/>\n<meta property=\"og:title\" content=\"RF10 Black - Audibax\" \/>\n<meta property=\"og:url\" content=\"https:\/\/romantic-sinoussi.152-228-147-242.plesk.page\/fr\/produit\/rf10-black-2\/\" \/>\n<meta property=\"og:site_name\" content=\"Audibax\" \/>\n<meta name=\"twitter:card\" content=\"summary_large_image\" \/>\n<meta name=\"twitter:label1\" content=\"Dur\u00e9e de lecture estim\u00e9e\" \/>\n\t<meta name=\"twitter:data1\" content=\"1 minute\" \/>\n<script type=\"application\/ld+json\" class=\"yoast-schema-graph\">{\"@context\":\"https:\/\/schema.org\",\"@graph\":[{\"@type\":\"WebPage\",\"@id\":\"https:\/\/romantic-sinoussi.152-228-147-242.plesk.page\/fr\/produit\/rf10-black-2\/\",\"url\":\"https:\/\/romantic-sinoussi.152-228-147-242.plesk.page\/fr\/produit\/rf10-black-2\/\",\"name\":\"RF10 Black - Audibax\",\"isPartOf\":{\"@id\":\"https:\/\/romantic-sinoussi.152-228-147-242.plesk.page\/fr\/#website\"},\"datePublished\":\"2023-12-27T10:58:13+00:00\",\"dateModified\":\"2023-12-27T10:58:13+00:00\",\"breadcrumb\":{\"@id\":\"https:\/\/romantic-sinoussi.152-228-147-242.plesk.page\/fr\/produit\/rf10-black-2\/#breadcrumb\"},\"inLanguage\":\"fr-FR\",\"potentialAction\":[{\"@type\":\"ReadAction\",\"target\":[\"https:\/\/romantic-sinoussi.152-228-147-242.plesk.page\/fr\/produit\/rf10-black-2\/\"]}]},{\"@type\":\"BreadcrumbList\",\"@id\":\"https:\/\/romantic-sinoussi.152-228-147-242.plesk.page\/fr\/produit\/rf10-black-2\/#breadcrumb\",\"itemListElement\":[{\"@type\":\"ListItem\",\"position\":1,\"name\":\"Portada\",\"item\":\"https:\/\/romantic-sinoussi.152-228-147-242.plesk.page\/fr\/\"},{\"@type\":\"ListItem\",\"position\":2,\"name\":\"Products\",\"item\":\"https:\/\/romantic-sinoussi.152-228-147-242.plesk.page\/fr\/shop\/\"},{\"@type\":\"ListItem\",\"position\":3,\"name\":\"RF10 Black\"}]},{\"@type\":\"WebSite\",\"@id\":\"https:\/\/romantic-sinoussi.152-228-147-242.plesk.page\/fr\/#website\",\"url\":\"https:\/\/romantic-sinoussi.152-228-147-242.plesk.page\/fr\/\",\"name\":\"Audibax\",\"description\":\"\",\"publisher\":{\"@id\":\"https:\/\/romantic-sinoussi.152-228-147-242.plesk.page\/fr\/#organization\"},\"potentialAction\":[{\"@type\":\"SearchAction\",\"target\":{\"@type\":\"EntryPoint\",\"urlTemplate\":\"https:\/\/romantic-sinoussi.152-228-147-242.plesk.page\/fr\/?s={search_term_string}\"},\"query-input\":\"required name=search_term_string\"}],\"inLanguage\":\"fr-FR\"},{\"@type\":\"Organization\",\"@id\":\"https:\/\/romantic-sinoussi.152-228-147-242.plesk.page\/fr\/#organization\",\"name\":\"Audibax\",\"url\":\"https:\/\/romantic-sinoussi.152-228-147-242.plesk.page\/fr\/\",\"logo\":{\"@type\":\"ImageObject\",\"inLanguage\":\"fr-FR\",\"@id\":\"https:\/\/romantic-sinoussi.152-228-147-242.plesk.page\/fr\/#\/schema\/logo\/image\/\",\"url\":\"https:\/\/romantic-sinoussi.152-228-147-242.plesk.page\/wp-content\/uploads\/2023\/09\/logo-Audibax-BLANCO-SVG-1.svg\",\"contentUrl\":\"https:\/\/romantic-sinoussi.152-228-147-242.plesk.page\/wp-content\/uploads\/2023\/09\/logo-Audibax-BLANCO-SVG-1.svg\",\"width\":581,\"height\":146,\"caption\":\"Audibax\"},\"image\":{\"@id\":\"https:\/\/romantic-sinoussi.152-228-147-242.plesk.page\/fr\/#\/schema\/logo\/image\/\"}}]}<\/script>\n<!-- \/ Yoast SEO plugin. -->","yoast_head_json":{"title":"RF10 Black - Audibax","robots":{"index":"noindex","follow":"follow","max-snippet":"max-snippet:-1","max-image-preview":"max-image-preview:large","max-video-preview":"max-video-preview:-1"},"og_locale":"fr_FR","og_type":"article","og_title":"RF10 Black - Audibax","og_url":"https:\/\/romantic-sinoussi.152-228-147-242.plesk.page\/fr\/produit\/rf10-black-2\/","og_site_name":"Audibax","twitter_card":"summary_large_image","twitter_misc":{"Dur\u00e9e de lecture estim\u00e9e":"1 minute"},"schema":{"@context":"https:\/\/schema.org","@graph":[{"@type":"WebPage","@id":"https:\/\/romantic-sinoussi.152-228-147-242.plesk.page\/fr\/produit\/rf10-black-2\/","url":"https:\/\/romantic-sinoussi.152-228-147-242.plesk.page\/fr\/produit\/rf10-black-2\/","name":"RF10 Black - Audibax","isPartOf":{"@id":"https:\/\/romantic-sinoussi.152-228-147-242.plesk.page\/fr\/#website"},"datePublished":"2023-12-27T10:58:13+00:00","dateModified":"2023-12-27T10:58:13+00:00","breadcrumb":{"@id":"https:\/\/romantic-sinoussi.152-228-147-242.plesk.page\/fr\/produit\/rf10-black-2\/#breadcrumb"},"inLanguage":"fr-FR","potentialAction":[{"@type":"ReadAction","target":["https:\/\/romantic-sinoussi.152-228-147-242.plesk.page\/fr\/produit\/rf10-black-2\/"]}]},{"@type":"BreadcrumbList","@id":"https:\/\/romantic-sinoussi.152-228-147-242.plesk.page\/fr\/produit\/rf10-black-2\/#breadcrumb","itemListElement":[{"@type":"ListItem","position":1,"name":"Portada","item":"https:\/\/romantic-sinoussi.152-228-147-242.plesk.page\/fr\/"},{"@type":"ListItem","position":2,"name":"Products","item":"https:\/\/romantic-sinoussi.152-228-147-242.plesk.page\/fr\/shop\/"},{"@type":"ListItem","position":3,"name":"RF10 Black"}]},{"@type":"WebSite","@id":"https:\/\/romantic-sinoussi.152-228-147-242.plesk.page\/fr\/#website","url":"https:\/\/romantic-sinoussi.152-228-147-242.plesk.page\/fr\/","name":"Audibax","description":"","publisher":{"@id":"https:\/\/romantic-sinoussi.152-228-147-242.plesk.page\/fr\/#organization"},"potentialAction":[{"@type":"SearchAction","target":{"@type":"EntryPoint","urlTemplate":"https:\/\/romantic-sinoussi.152-228-147-242.plesk.page\/fr\/?s={search_term_string}"},"query-input":"required name=search_term_string"}],"inLanguage":"fr-FR"},{"@type":"Organization","@id":"https:\/\/romantic-sinoussi.152-228-147-242.plesk.page\/fr\/#organization","name":"Audibax","url":"https:\/\/romantic-sinoussi.152-228-147-242.plesk.page\/fr\/","logo":{"@type":"ImageObject","inLanguage":"fr-FR","@id":"https:\/\/romantic-sinoussi.152-228-147-242.plesk.page\/fr\/#\/schema\/logo\/image\/","url":"https:\/\/romantic-sinoussi.152-228-147-242.plesk.page\/wp-content\/uploads\/2023\/09\/logo-Audibax-BLANCO-SVG-1.svg","contentUrl":"https:\/\/romantic-sinoussi.152-228-147-242.plesk.page\/wp-content\/uploads\/2023\/09\/logo-Audibax-BLANCO-SVG-1.svg","width":581,"height":146,"caption":"Audibax"},"image":{"@id":"https:\/\/romantic-sinoussi.152-228-147-242.plesk.page\/fr\/#\/schema\/logo\/image\/"}}]}},"_links":{"self":[{"href":"https:\/\/romantic-sinoussi.152-228-147-242.plesk.page\/fr\/wp-json\/wp\/v2\/product\/36696","targetHints":{"allow":["GET"]}}],"collection":[{"href":"https:\/\/romantic-sinoussi.152-228-147-242.plesk.page\/fr\/wp-json\/wp\/v2\/product"}],"about":[{"href":"https:\/\/romantic-sinoussi.152-228-147-242.plesk.page\/fr\/wp-json\/wp\/v2\/types\/product"}],"replies":[{"embeddable":true,"href":"https:\/\/romantic-sinoussi.152-228-147-242.plesk.page\/fr\/wp-json\/wp\/v2\/comments?post=36696"}],"wp:featuredmedia":[{"embeddable":true,"href":"https:\/\/romantic-sinoussi.152-228-147-242.plesk.page\/fr\/wp-json\/wp\/v2\/media\/17597"}],"wp:attachment":[{"href":"https:\/\/romantic-sinoussi.152-228-147-242.plesk.page\/fr\/wp-json\/wp\/v2\/media?parent=36696"}],"wp:term":[{"taxonomy":"product_cat","embeddable":true,"href":"https:\/\/romantic-sinoussi.152-228-147-242.plesk.page\/fr\/wp-json\/wp\/v2\/product_cat?post=36696"},{"taxonomy":"product_tag","embeddable":true,"href":"https:\/\/romantic-sinoussi.152-228-147-242.plesk.page\/fr\/wp-json\/wp\/v2\/product_tag?post=36696"}],"curies":[{"name":"wp","href":"https:\/\/api.w.org\/{rel}","templated":true}]}}