{"id":36699,"date":"2023-12-27T11:58:19","date_gmt":"2023-12-27T10:58:19","guid":{"rendered":"https:\/\/romantic-sinoussi.152-228-147-242.plesk.page\/product\/at2020-black-2\/"},"modified":"2023-12-27T11:58:19","modified_gmt":"2023-12-27T10:58:19","slug":"at2020-black-2","status":"publish","type":"product","link":"https:\/\/romantic-sinoussi.152-228-147-242.plesk.page\/fr\/produit\/at2020-black-2\/","title":{"rendered":"AT2020 Black"},"content":{"rendered":"<\/p>\n<p><strong>Audibax AT2020 Microphone \u00e0 condensateur de studio professionnel<\/strong><\/p>\n<p>L&#8217;Audibax AT2020 est un microphone \u00e0 directivit\u00e9 cardio\u00efde id\u00e9al pour une utilisation \u00e0 domicile.L&#8217;Audibax AT2020 est un microphone \u00e0 directivit\u00e9 cardio\u00efde id\u00e9al pour une utilisation \u00e0 domicile, que ce soit pour l&#8217;enregistrement de voix et d&#8217;instruments en home studio, le podcasting, le jeu vid\u00e9o ou la vid\u00e9oconf\u00e9rence.<\/p>\n<p><strong>Caract\u00e9ristiques du microphone Audibax AT2020 :<\/strong><\/p>\n<ul>\n<li>C&aacute;psula : transducteur de 16 mm<\/li>\n<li>Polarisation : Cardio\u00efde<\/li>\n<li>R\u00e9ponse en fr\u00e9quence : 50Hz-20kHz<\/li>\n<li>Sensibilit\u00e9 : -43dB &#038;plusmn ; 3dB (0dB = 1V \/ Pa \u00e0 1kHz)<\/li>\n<li>Imp\u00e9dance de sortie : &lt;2.2 K&#038;Omega ; (\u00e0 1 kHz)<\/li>\n<li>Tension de fonctionnement : 1-10 V<\/li>\n<li>Max. SPL : 120dB (\u00e0 1kHz &#038;le ; 1% T.H.D)<\/li>\n<li>Ratio S\/N : 66dB<\/li>\n<li>Courant \u00e9lectrique : 3 mA<\/li>\n<li>Finition : Noir<\/li>\n<\/ul>\n<p>&nbsp;<\/p>\n<p><strong>Audibax AT2020 Contenu de l&#8217;emballage :<\/strong><\/p>\n<ul>\n<ul>\n<li>1 Microphone Audibax AT2020<\/li>\n<li>1 C\u00e2ble XLR-XLR (2.5m)<\/li>\n<li>1 Clip de montage<\/li>\n<li>1 Pare-brise en mousse<\/li>\n<\/ul>\n<p>&nbsp;<\/p>\n<p>.<\/p>\n","protected":false},"excerpt":{"rendered":"<ul>\n<li>Finition : Noir<\/li>\n<li>C&aacute;psula : transducteur de 16mm<\/li>\n<li>Polarisation : Cardio\u00efde<\/li>\n<li>R\u00e9ponse en fr\u00e9quence : -43dB &#038;plusmn ; 3dB (0dB = 1V \/ Pa 1kHz)<\/li>\n<li>Kit : -43dB &#038;plusmn ; 3dB : 50Hz-20kHz<\/li>\n<li>Sensibilit\u00e9 : -43dB &#038;plusmn ; 3dB (0dB = 1V \/ Pa \u00e0 1kHz)<\/li>\n<li>Kit compos\u00e9 de:&nbsp;1 Microphone Audibax AT2020, 1 C\u00e2ble XLR-XLR (2.5m), 1 pince de montage, 1 bonnette anti-vent en mousse<\/li>\n<\/ul>\n<\/ul>\n","protected":false},"featured_media":16802,"comment_status":"open","ping_status":"closed","template":"","meta":[],"product_cat":[383,243],"product_tag":[],"class_list":{"0":"post-36699","1":"product","2":"type-product","3":"status-publish","4":"has-post-thumbnail","6":"product_cat-micros-de-studio","7":"product_cat-uncategorized","9":"first","10":"instock","11":"shipping-taxable","12":"product-type-simple"},"acf":[],"yoast_head":"<!-- This site is optimized with the Yoast SEO plugin v21.5 - https:\/\/yoast.com\/wordpress\/plugins\/seo\/ -->\n<title>AT2020 Black - Audibax<\/title>\n<meta name=\"robots\" content=\"noindex, follow, max-snippet:-1, max-image-preview:large, max-video-preview:-1\" \/>\n<meta property=\"og:locale\" content=\"fr_FR\" \/>\n<meta property=\"og:type\" content=\"article\" \/>\n<meta property=\"og:title\" content=\"AT2020 Black - Audibax\" \/>\n<meta property=\"og:description\" content=\"Finition : Noir C&aacute;psula : transducteur de 16mm Polarisation : Cardio\u00efde R\u00e9ponse en fr\u00e9quence : -43dB &amp;plusmn ; 3dB (0dB = 1V \/ Pa 1kHz) Kit : -43dB &amp;plusmn ; 3dB : 50Hz-20kHz Sensibilit\u00e9 : -43dB &amp;plusmn ; 3dB (0dB = 1V \/ Pa \u00e0 1kHz) Kit compos\u00e9 de:&nbsp;1 Microphone Audibax AT2020, 1 C\u00e2ble XLR-XLR (2.5m), 1 pince de montage, 1 bonnette anti-vent en mousse\" \/>\n<meta property=\"og:url\" content=\"https:\/\/romantic-sinoussi.152-228-147-242.plesk.page\/fr\/produit\/at2020-black-2\/\" \/>\n<meta property=\"og:site_name\" content=\"Audibax\" \/>\n<meta name=\"twitter:card\" content=\"summary_large_image\" \/>\n<meta name=\"twitter:label1\" content=\"Dur\u00e9e de lecture estim\u00e9e\" \/>\n\t<meta name=\"twitter:data1\" content=\"1 minute\" \/>\n<script type=\"application\/ld+json\" class=\"yoast-schema-graph\">{\"@context\":\"https:\/\/schema.org\",\"@graph\":[{\"@type\":\"WebPage\",\"@id\":\"https:\/\/romantic-sinoussi.152-228-147-242.plesk.page\/fr\/produit\/at2020-black-2\/\",\"url\":\"https:\/\/romantic-sinoussi.152-228-147-242.plesk.page\/fr\/produit\/at2020-black-2\/\",\"name\":\"AT2020 Black - Audibax\",\"isPartOf\":{\"@id\":\"https:\/\/romantic-sinoussi.152-228-147-242.plesk.page\/fr\/#website\"},\"datePublished\":\"2023-12-27T10:58:19+00:00\",\"dateModified\":\"2023-12-27T10:58:19+00:00\",\"breadcrumb\":{\"@id\":\"https:\/\/romantic-sinoussi.152-228-147-242.plesk.page\/fr\/produit\/at2020-black-2\/#breadcrumb\"},\"inLanguage\":\"fr-FR\",\"potentialAction\":[{\"@type\":\"ReadAction\",\"target\":[\"https:\/\/romantic-sinoussi.152-228-147-242.plesk.page\/fr\/produit\/at2020-black-2\/\"]}]},{\"@type\":\"BreadcrumbList\",\"@id\":\"https:\/\/romantic-sinoussi.152-228-147-242.plesk.page\/fr\/produit\/at2020-black-2\/#breadcrumb\",\"itemListElement\":[{\"@type\":\"ListItem\",\"position\":1,\"name\":\"Portada\",\"item\":\"https:\/\/romantic-sinoussi.152-228-147-242.plesk.page\/fr\/\"},{\"@type\":\"ListItem\",\"position\":2,\"name\":\"Products\",\"item\":\"https:\/\/romantic-sinoussi.152-228-147-242.plesk.page\/fr\/shop\/\"},{\"@type\":\"ListItem\",\"position\":3,\"name\":\"AT2020 Black\"}]},{\"@type\":\"WebSite\",\"@id\":\"https:\/\/romantic-sinoussi.152-228-147-242.plesk.page\/fr\/#website\",\"url\":\"https:\/\/romantic-sinoussi.152-228-147-242.plesk.page\/fr\/\",\"name\":\"Audibax\",\"description\":\"\",\"publisher\":{\"@id\":\"https:\/\/romantic-sinoussi.152-228-147-242.plesk.page\/fr\/#organization\"},\"potentialAction\":[{\"@type\":\"SearchAction\",\"target\":{\"@type\":\"EntryPoint\",\"urlTemplate\":\"https:\/\/romantic-sinoussi.152-228-147-242.plesk.page\/fr\/?s={search_term_string}\"},\"query-input\":\"required name=search_term_string\"}],\"inLanguage\":\"fr-FR\"},{\"@type\":\"Organization\",\"@id\":\"https:\/\/romantic-sinoussi.152-228-147-242.plesk.page\/fr\/#organization\",\"name\":\"Audibax\",\"url\":\"https:\/\/romantic-sinoussi.152-228-147-242.plesk.page\/fr\/\",\"logo\":{\"@type\":\"ImageObject\",\"inLanguage\":\"fr-FR\",\"@id\":\"https:\/\/romantic-sinoussi.152-228-147-242.plesk.page\/fr\/#\/schema\/logo\/image\/\",\"url\":\"https:\/\/romantic-sinoussi.152-228-147-242.plesk.page\/wp-content\/uploads\/2023\/09\/logo-Audibax-BLANCO-SVG-1.svg\",\"contentUrl\":\"https:\/\/romantic-sinoussi.152-228-147-242.plesk.page\/wp-content\/uploads\/2023\/09\/logo-Audibax-BLANCO-SVG-1.svg\",\"width\":581,\"height\":146,\"caption\":\"Audibax\"},\"image\":{\"@id\":\"https:\/\/romantic-sinoussi.152-228-147-242.plesk.page\/fr\/#\/schema\/logo\/image\/\"}}]}<\/script>\n<!-- \/ Yoast SEO plugin. -->","yoast_head_json":{"title":"AT2020 Black - Audibax","robots":{"index":"noindex","follow":"follow","max-snippet":"max-snippet:-1","max-image-preview":"max-image-preview:large","max-video-preview":"max-video-preview:-1"},"og_locale":"fr_FR","og_type":"article","og_title":"AT2020 Black - Audibax","og_description":"Finition : Noir C&aacute;psula : transducteur de 16mm Polarisation : Cardio\u00efde R\u00e9ponse en fr\u00e9quence : -43dB &plusmn ; 3dB (0dB = 1V \/ Pa 1kHz) Kit : -43dB &plusmn ; 3dB : 50Hz-20kHz Sensibilit\u00e9 : -43dB &plusmn ; 3dB (0dB = 1V \/ Pa \u00e0 1kHz) Kit compos\u00e9 de:&nbsp;1 Microphone Audibax AT2020, 1 C\u00e2ble XLR-XLR (2.5m), 1 pince de montage, 1 bonnette anti-vent en mousse","og_url":"https:\/\/romantic-sinoussi.152-228-147-242.plesk.page\/fr\/produit\/at2020-black-2\/","og_site_name":"Audibax","twitter_card":"summary_large_image","twitter_misc":{"Dur\u00e9e de lecture estim\u00e9e":"1 minute"},"schema":{"@context":"https:\/\/schema.org","@graph":[{"@type":"WebPage","@id":"https:\/\/romantic-sinoussi.152-228-147-242.plesk.page\/fr\/produit\/at2020-black-2\/","url":"https:\/\/romantic-sinoussi.152-228-147-242.plesk.page\/fr\/produit\/at2020-black-2\/","name":"AT2020 Black - Audibax","isPartOf":{"@id":"https:\/\/romantic-sinoussi.152-228-147-242.plesk.page\/fr\/#website"},"datePublished":"2023-12-27T10:58:19+00:00","dateModified":"2023-12-27T10:58:19+00:00","breadcrumb":{"@id":"https:\/\/romantic-sinoussi.152-228-147-242.plesk.page\/fr\/produit\/at2020-black-2\/#breadcrumb"},"inLanguage":"fr-FR","potentialAction":[{"@type":"ReadAction","target":["https:\/\/romantic-sinoussi.152-228-147-242.plesk.page\/fr\/produit\/at2020-black-2\/"]}]},{"@type":"BreadcrumbList","@id":"https:\/\/romantic-sinoussi.152-228-147-242.plesk.page\/fr\/produit\/at2020-black-2\/#breadcrumb","itemListElement":[{"@type":"ListItem","position":1,"name":"Portada","item":"https:\/\/romantic-sinoussi.152-228-147-242.plesk.page\/fr\/"},{"@type":"ListItem","position":2,"name":"Products","item":"https:\/\/romantic-sinoussi.152-228-147-242.plesk.page\/fr\/shop\/"},{"@type":"ListItem","position":3,"name":"AT2020 Black"}]},{"@type":"WebSite","@id":"https:\/\/romantic-sinoussi.152-228-147-242.plesk.page\/fr\/#website","url":"https:\/\/romantic-sinoussi.152-228-147-242.plesk.page\/fr\/","name":"Audibax","description":"","publisher":{"@id":"https:\/\/romantic-sinoussi.152-228-147-242.plesk.page\/fr\/#organization"},"potentialAction":[{"@type":"SearchAction","target":{"@type":"EntryPoint","urlTemplate":"https:\/\/romantic-sinoussi.152-228-147-242.plesk.page\/fr\/?s={search_term_string}"},"query-input":"required name=search_term_string"}],"inLanguage":"fr-FR"},{"@type":"Organization","@id":"https:\/\/romantic-sinoussi.152-228-147-242.plesk.page\/fr\/#organization","name":"Audibax","url":"https:\/\/romantic-sinoussi.152-228-147-242.plesk.page\/fr\/","logo":{"@type":"ImageObject","inLanguage":"fr-FR","@id":"https:\/\/romantic-sinoussi.152-228-147-242.plesk.page\/fr\/#\/schema\/logo\/image\/","url":"https:\/\/romantic-sinoussi.152-228-147-242.plesk.page\/wp-content\/uploads\/2023\/09\/logo-Audibax-BLANCO-SVG-1.svg","contentUrl":"https:\/\/romantic-sinoussi.152-228-147-242.plesk.page\/wp-content\/uploads\/2023\/09\/logo-Audibax-BLANCO-SVG-1.svg","width":581,"height":146,"caption":"Audibax"},"image":{"@id":"https:\/\/romantic-sinoussi.152-228-147-242.plesk.page\/fr\/#\/schema\/logo\/image\/"}}]}},"_links":{"self":[{"href":"https:\/\/romantic-sinoussi.152-228-147-242.plesk.page\/fr\/wp-json\/wp\/v2\/product\/36699","targetHints":{"allow":["GET"]}}],"collection":[{"href":"https:\/\/romantic-sinoussi.152-228-147-242.plesk.page\/fr\/wp-json\/wp\/v2\/product"}],"about":[{"href":"https:\/\/romantic-sinoussi.152-228-147-242.plesk.page\/fr\/wp-json\/wp\/v2\/types\/product"}],"replies":[{"embeddable":true,"href":"https:\/\/romantic-sinoussi.152-228-147-242.plesk.page\/fr\/wp-json\/wp\/v2\/comments?post=36699"}],"wp:featuredmedia":[{"embeddable":true,"href":"https:\/\/romantic-sinoussi.152-228-147-242.plesk.page\/fr\/wp-json\/wp\/v2\/media\/16802"}],"wp:attachment":[{"href":"https:\/\/romantic-sinoussi.152-228-147-242.plesk.page\/fr\/wp-json\/wp\/v2\/media?parent=36699"}],"wp:term":[{"taxonomy":"product_cat","embeddable":true,"href":"https:\/\/romantic-sinoussi.152-228-147-242.plesk.page\/fr\/wp-json\/wp\/v2\/product_cat?post=36699"},{"taxonomy":"product_tag","embeddable":true,"href":"https:\/\/romantic-sinoussi.152-228-147-242.plesk.page\/fr\/wp-json\/wp\/v2\/product_tag?post=36699"}],"curies":[{"name":"wp","href":"https:\/\/api.w.org\/{rel}","templated":true}]}}