{"id":36710,"date":"2023-12-27T11:58:28","date_gmt":"2023-12-27T10:58:28","guid":{"rendered":"https:\/\/romantic-sinoussi.152-228-147-242.plesk.page\/product\/berlin-1800-pro-pack-black-2\/"},"modified":"2023-12-27T11:58:28","modified_gmt":"2023-12-27T10:58:28","slug":"berlin-1800-pro-pack-black-2","status":"publish","type":"product","link":"https:\/\/romantic-sinoussi.152-228-147-242.plesk.page\/fr\/produit\/berlin-1800-pro-pack-black-2\/","title":{"rendered":"Berlin 1800 Pro Pack Black"},"content":{"rendered":"<\/p>\n<p><strong>Audibax Berlin 1800 Black Pro Pack Large Diaphragm Studio Microphone<\/strong><\/p>\n<p>Le microphone Berlin 1800 est un microphone de studio \u00e0 grand diaphragme<\/strong><\/p>\n<p>avec une directivit\u00e9 cardio\u00efde<\/strong>.nbsp;<strong>Microphone de studio \u00e0 grand diaphragme<\/strong>&nbsp;avec une directivit\u00e9 cardio\u00efde<\/strong>. Il offre toutes les performances que vous attendez d&#8217;un microphone \u00e0 condensateur professionnel haut de gamme, avec son transducteur de haute qualit\u00e9 et son connecteur XLR plaqu\u00e9 or.<\/p>\n<p>Parfait comme microphone principal ou d&#8217;appoint pour les applications en studio ou en direct, r\u00e9ponse en fr\u00e9quence extr\u00eamement lin\u00e9aire et haute r\u00e9solution sonore.<\/p>\n<p>De qualit\u00e9 studio, il est parfait pour l&#8217;enregistrement en home studio, l&#8217;enregistrement en ext\u00e9rieur, le podcasting et le doublage.<\/p>\n<p> <strong>Caract\u00e9ristiques Audibax Berlin 1800 Studio Microphone<\/strong><\/p>\n<ul>\n<li>Microphone \u00e0 condensateur \u00e0 grand diaphragme.<\/li>\n<li>Mod\u00e8le polaire cardio\u00efde.<\/li>\n<li>Unidirectionnel<\/li>\n<li>R\u00e9ponse en fr\u00e9quence : 40Hz &#038;ndash ; 20KHz.<\/li>\n<li>Sensibilit\u00e9 : -43 dB.<\/li>\n<li>Imp\u00e9dance de sortie : 200 Ohms<\/li>\n<li>Alimentation:&#038;nbsp ; DC48 Phantom<\/li>\n<li>SPL Max : 120 dB.<\/li>\n<li>Rapport S\/B : 66 dB.<\/li>\n<li>S\u00e9rie : Black Pro Pack<\/li>\n<li>Finition : Noir<\/li>\n<\/ul>\n<p><strong>Audibax Berlin 1800 Black Pro Pack contents :<\/strong><\/p>\n<ul>\n<ul>\n<li>1 Microphone Berlin 1800<\/li>\n<li>1 Pare-brise en mousse<\/li>\n<li>1 Support anti-vibration ( Ara&#038;.<\/li>\n<li>Tr\u00e9pied de table<\/li>\n<li>Pied de perche articul\u00e9<\/li>\n<li>Filtre anti-pop<\/li>\n<li>C\u00e2ble XLR-XLR (2.5m)<\/li>\n<li>C\u00e2ble XLR-Mini Jack (2,5m)<\/li>\n<\/ul>\n<p>&nbsp;<\/p>\n<p>.<\/p>\n","protected":false},"excerpt":{"rendered":"<ul>\n<li>S\u00e9rie : Black Pro Pack<\/li>\n<li>Finition : Noir<\/li>\n<li>Microphone \u00e0 condensateur \u00e0 grand diaphragme.<\/li>\n<li>Cardio\u00efde<\/li>\n<li>Unidirectionnel<\/li>\n<li>R\u00e9ponse en fr\u00e9quence : 40Hz &#038;ndash ; 20KHz.<\/li>\n<li>Kit compos\u00e9 de:&nbsp;1 microphone Berlin 1800,&nbsp;1 bonnette en mousse,&nbsp;1 support anti-vibration (araign\u00e9e), tr\u00e9pied de bureau, bras articul\u00e9, filtre anti-pop, c\u00e2ble XLR-XLR (2.5m), C\u00e2ble XLR-Mini Jack (2.5m)<\/li>\n<\/ul>\n<\/ul>\n","protected":false},"featured_media":16589,"comment_status":"open","ping_status":"closed","template":"","meta":[],"product_cat":[383,243],"product_tag":[],"class_list":{"0":"post-36710","1":"product","2":"type-product","3":"status-publish","4":"has-post-thumbnail","6":"product_cat-micros-de-studio","7":"product_cat-uncategorized","9":"first","10":"instock","11":"shipping-taxable","12":"product-type-simple"},"acf":[],"yoast_head":"<!-- This site is optimized with the Yoast SEO plugin v21.5 - https:\/\/yoast.com\/wordpress\/plugins\/seo\/ -->\n<title>Berlin 1800 Pro Pack Black - Audibax<\/title>\n<meta name=\"robots\" content=\"noindex, follow, max-snippet:-1, max-image-preview:large, max-video-preview:-1\" \/>\n<meta property=\"og:locale\" content=\"fr_FR\" \/>\n<meta property=\"og:type\" content=\"article\" \/>\n<meta property=\"og:title\" content=\"Berlin 1800 Pro Pack Black - Audibax\" \/>\n<meta property=\"og:description\" content=\"S\u00e9rie : Black Pro Pack Finition : Noir Microphone \u00e0 condensateur \u00e0 grand diaphragme. Cardio\u00efde Unidirectionnel R\u00e9ponse en fr\u00e9quence : 40Hz &amp;ndash ; 20KHz. Kit compos\u00e9 de:&nbsp;1 microphone Berlin 1800,&nbsp;1 bonnette en mousse,&nbsp;1 support anti-vibration (araign\u00e9e), tr\u00e9pied de bureau, bras articul\u00e9, filtre anti-pop, c\u00e2ble XLR-XLR (2.5m), C\u00e2ble XLR-Mini Jack (2.5m)\" \/>\n<meta property=\"og:url\" content=\"https:\/\/romantic-sinoussi.152-228-147-242.plesk.page\/fr\/produit\/berlin-1800-pro-pack-black-2\/\" \/>\n<meta property=\"og:site_name\" content=\"Audibax\" \/>\n<meta name=\"twitter:card\" content=\"summary_large_image\" \/>\n<meta name=\"twitter:label1\" content=\"Dur\u00e9e de lecture estim\u00e9e\" \/>\n\t<meta name=\"twitter:data1\" content=\"1 minute\" \/>\n<script type=\"application\/ld+json\" class=\"yoast-schema-graph\">{\"@context\":\"https:\/\/schema.org\",\"@graph\":[{\"@type\":\"WebPage\",\"@id\":\"https:\/\/romantic-sinoussi.152-228-147-242.plesk.page\/fr\/produit\/berlin-1800-pro-pack-black-2\/\",\"url\":\"https:\/\/romantic-sinoussi.152-228-147-242.plesk.page\/fr\/produit\/berlin-1800-pro-pack-black-2\/\",\"name\":\"Berlin 1800 Pro Pack Black - Audibax\",\"isPartOf\":{\"@id\":\"https:\/\/romantic-sinoussi.152-228-147-242.plesk.page\/fr\/#website\"},\"datePublished\":\"2023-12-27T10:58:28+00:00\",\"dateModified\":\"2023-12-27T10:58:28+00:00\",\"breadcrumb\":{\"@id\":\"https:\/\/romantic-sinoussi.152-228-147-242.plesk.page\/fr\/produit\/berlin-1800-pro-pack-black-2\/#breadcrumb\"},\"inLanguage\":\"fr-FR\",\"potentialAction\":[{\"@type\":\"ReadAction\",\"target\":[\"https:\/\/romantic-sinoussi.152-228-147-242.plesk.page\/fr\/produit\/berlin-1800-pro-pack-black-2\/\"]}]},{\"@type\":\"BreadcrumbList\",\"@id\":\"https:\/\/romantic-sinoussi.152-228-147-242.plesk.page\/fr\/produit\/berlin-1800-pro-pack-black-2\/#breadcrumb\",\"itemListElement\":[{\"@type\":\"ListItem\",\"position\":1,\"name\":\"Portada\",\"item\":\"https:\/\/romantic-sinoussi.152-228-147-242.plesk.page\/fr\/\"},{\"@type\":\"ListItem\",\"position\":2,\"name\":\"Products\",\"item\":\"https:\/\/romantic-sinoussi.152-228-147-242.plesk.page\/fr\/shop\/\"},{\"@type\":\"ListItem\",\"position\":3,\"name\":\"Berlin 1800 Pro Pack Black\"}]},{\"@type\":\"WebSite\",\"@id\":\"https:\/\/romantic-sinoussi.152-228-147-242.plesk.page\/fr\/#website\",\"url\":\"https:\/\/romantic-sinoussi.152-228-147-242.plesk.page\/fr\/\",\"name\":\"Audibax\",\"description\":\"\",\"publisher\":{\"@id\":\"https:\/\/romantic-sinoussi.152-228-147-242.plesk.page\/fr\/#organization\"},\"potentialAction\":[{\"@type\":\"SearchAction\",\"target\":{\"@type\":\"EntryPoint\",\"urlTemplate\":\"https:\/\/romantic-sinoussi.152-228-147-242.plesk.page\/fr\/?s={search_term_string}\"},\"query-input\":\"required name=search_term_string\"}],\"inLanguage\":\"fr-FR\"},{\"@type\":\"Organization\",\"@id\":\"https:\/\/romantic-sinoussi.152-228-147-242.plesk.page\/fr\/#organization\",\"name\":\"Audibax\",\"url\":\"https:\/\/romantic-sinoussi.152-228-147-242.plesk.page\/fr\/\",\"logo\":{\"@type\":\"ImageObject\",\"inLanguage\":\"fr-FR\",\"@id\":\"https:\/\/romantic-sinoussi.152-228-147-242.plesk.page\/fr\/#\/schema\/logo\/image\/\",\"url\":\"https:\/\/romantic-sinoussi.152-228-147-242.plesk.page\/wp-content\/uploads\/2023\/09\/logo-Audibax-BLANCO-SVG-1.svg\",\"contentUrl\":\"https:\/\/romantic-sinoussi.152-228-147-242.plesk.page\/wp-content\/uploads\/2023\/09\/logo-Audibax-BLANCO-SVG-1.svg\",\"width\":581,\"height\":146,\"caption\":\"Audibax\"},\"image\":{\"@id\":\"https:\/\/romantic-sinoussi.152-228-147-242.plesk.page\/fr\/#\/schema\/logo\/image\/\"}}]}<\/script>\n<!-- \/ Yoast SEO plugin. -->","yoast_head_json":{"title":"Berlin 1800 Pro Pack Black - Audibax","robots":{"index":"noindex","follow":"follow","max-snippet":"max-snippet:-1","max-image-preview":"max-image-preview:large","max-video-preview":"max-video-preview:-1"},"og_locale":"fr_FR","og_type":"article","og_title":"Berlin 1800 Pro Pack Black - Audibax","og_description":"S\u00e9rie : Black Pro Pack Finition : Noir Microphone \u00e0 condensateur \u00e0 grand diaphragme. Cardio\u00efde Unidirectionnel R\u00e9ponse en fr\u00e9quence : 40Hz &ndash ; 20KHz. Kit compos\u00e9 de:&nbsp;1 microphone Berlin 1800,&nbsp;1 bonnette en mousse,&nbsp;1 support anti-vibration (araign\u00e9e), tr\u00e9pied de bureau, bras articul\u00e9, filtre anti-pop, c\u00e2ble XLR-XLR (2.5m), C\u00e2ble XLR-Mini Jack (2.5m)","og_url":"https:\/\/romantic-sinoussi.152-228-147-242.plesk.page\/fr\/produit\/berlin-1800-pro-pack-black-2\/","og_site_name":"Audibax","twitter_card":"summary_large_image","twitter_misc":{"Dur\u00e9e de lecture estim\u00e9e":"1 minute"},"schema":{"@context":"https:\/\/schema.org","@graph":[{"@type":"WebPage","@id":"https:\/\/romantic-sinoussi.152-228-147-242.plesk.page\/fr\/produit\/berlin-1800-pro-pack-black-2\/","url":"https:\/\/romantic-sinoussi.152-228-147-242.plesk.page\/fr\/produit\/berlin-1800-pro-pack-black-2\/","name":"Berlin 1800 Pro Pack Black - Audibax","isPartOf":{"@id":"https:\/\/romantic-sinoussi.152-228-147-242.plesk.page\/fr\/#website"},"datePublished":"2023-12-27T10:58:28+00:00","dateModified":"2023-12-27T10:58:28+00:00","breadcrumb":{"@id":"https:\/\/romantic-sinoussi.152-228-147-242.plesk.page\/fr\/produit\/berlin-1800-pro-pack-black-2\/#breadcrumb"},"inLanguage":"fr-FR","potentialAction":[{"@type":"ReadAction","target":["https:\/\/romantic-sinoussi.152-228-147-242.plesk.page\/fr\/produit\/berlin-1800-pro-pack-black-2\/"]}]},{"@type":"BreadcrumbList","@id":"https:\/\/romantic-sinoussi.152-228-147-242.plesk.page\/fr\/produit\/berlin-1800-pro-pack-black-2\/#breadcrumb","itemListElement":[{"@type":"ListItem","position":1,"name":"Portada","item":"https:\/\/romantic-sinoussi.152-228-147-242.plesk.page\/fr\/"},{"@type":"ListItem","position":2,"name":"Products","item":"https:\/\/romantic-sinoussi.152-228-147-242.plesk.page\/fr\/shop\/"},{"@type":"ListItem","position":3,"name":"Berlin 1800 Pro Pack Black"}]},{"@type":"WebSite","@id":"https:\/\/romantic-sinoussi.152-228-147-242.plesk.page\/fr\/#website","url":"https:\/\/romantic-sinoussi.152-228-147-242.plesk.page\/fr\/","name":"Audibax","description":"","publisher":{"@id":"https:\/\/romantic-sinoussi.152-228-147-242.plesk.page\/fr\/#organization"},"potentialAction":[{"@type":"SearchAction","target":{"@type":"EntryPoint","urlTemplate":"https:\/\/romantic-sinoussi.152-228-147-242.plesk.page\/fr\/?s={search_term_string}"},"query-input":"required name=search_term_string"}],"inLanguage":"fr-FR"},{"@type":"Organization","@id":"https:\/\/romantic-sinoussi.152-228-147-242.plesk.page\/fr\/#organization","name":"Audibax","url":"https:\/\/romantic-sinoussi.152-228-147-242.plesk.page\/fr\/","logo":{"@type":"ImageObject","inLanguage":"fr-FR","@id":"https:\/\/romantic-sinoussi.152-228-147-242.plesk.page\/fr\/#\/schema\/logo\/image\/","url":"https:\/\/romantic-sinoussi.152-228-147-242.plesk.page\/wp-content\/uploads\/2023\/09\/logo-Audibax-BLANCO-SVG-1.svg","contentUrl":"https:\/\/romantic-sinoussi.152-228-147-242.plesk.page\/wp-content\/uploads\/2023\/09\/logo-Audibax-BLANCO-SVG-1.svg","width":581,"height":146,"caption":"Audibax"},"image":{"@id":"https:\/\/romantic-sinoussi.152-228-147-242.plesk.page\/fr\/#\/schema\/logo\/image\/"}}]}},"_links":{"self":[{"href":"https:\/\/romantic-sinoussi.152-228-147-242.plesk.page\/fr\/wp-json\/wp\/v2\/product\/36710","targetHints":{"allow":["GET"]}}],"collection":[{"href":"https:\/\/romantic-sinoussi.152-228-147-242.plesk.page\/fr\/wp-json\/wp\/v2\/product"}],"about":[{"href":"https:\/\/romantic-sinoussi.152-228-147-242.plesk.page\/fr\/wp-json\/wp\/v2\/types\/product"}],"replies":[{"embeddable":true,"href":"https:\/\/romantic-sinoussi.152-228-147-242.plesk.page\/fr\/wp-json\/wp\/v2\/comments?post=36710"}],"wp:featuredmedia":[{"embeddable":true,"href":"https:\/\/romantic-sinoussi.152-228-147-242.plesk.page\/fr\/wp-json\/wp\/v2\/media\/16589"}],"wp:attachment":[{"href":"https:\/\/romantic-sinoussi.152-228-147-242.plesk.page\/fr\/wp-json\/wp\/v2\/media?parent=36710"}],"wp:term":[{"taxonomy":"product_cat","embeddable":true,"href":"https:\/\/romantic-sinoussi.152-228-147-242.plesk.page\/fr\/wp-json\/wp\/v2\/product_cat?post=36710"},{"taxonomy":"product_tag","embeddable":true,"href":"https:\/\/romantic-sinoussi.152-228-147-242.plesk.page\/fr\/wp-json\/wp\/v2\/product_tag?post=36710"}],"curies":[{"name":"wp","href":"https:\/\/api.w.org\/{rel}","templated":true}]}}