{"id":36713,"date":"2023-12-27T11:58:31","date_gmt":"2023-12-27T10:58:31","guid":{"rendered":"https:\/\/romantic-sinoussi.152-228-147-242.plesk.page\/product\/dublin-3000-pack-black-2\/"},"modified":"2023-12-27T11:58:31","modified_gmt":"2023-12-27T10:58:31","slug":"dublin-3000-pack-black-2","status":"publish","type":"product","link":"https:\/\/romantic-sinoussi.152-228-147-242.plesk.page\/fr\/produit\/dublin-3000-pack-black-2\/","title":{"rendered":"Dublin 3000 Pack Black"},"content":{"rendered":"<\/p>\n<p><strong>Audibax Dublin 3000 Black Pack Large Diaphragm Studio Microphone<\/strong><\/p>\n<p>Le microphone Dublin 3000 est un microphone de studio \u00e0 grand diaphragme<\/strong><\/p>\n<p><strong>avec une directivit\u00e9<\/strong>.nbsp;<strong>Microphone de studio \u00e0 grand diaphragme<\/strong>&nbsp;avec une directivit\u00e9&nbsp;<strong>cardio\u00efde<\/strong>. Il offre toutes les performances que l&#8217;on peut attendre d&#8217;un microphone \u00e0 condensateur de cette cat\u00e9gorie, avec un transducteur de haute qualit\u00e9 et un connecteur XLR plaqu\u00e9 or.<\/p>\n<p>Le design de style vintage et la couleur bleu \u00e9lectrique en font un microphone tr\u00e8s sp\u00e9cial.<\/p>\n<p>Parfait comme microphone principal ou d&#8217;appoint pour les applications en studio ou en direct, r\u00e9ponse en fr\u00e9quence extr\u00eamement lin\u00e9aire et haute r\u00e9solution sonore.<\/p>\n<p>Le Dublin 3000 est parfait pour une utilisation en home studio, en ext\u00e9rieur, en podcasting et en doublage.<strong><\/p>\n<ul>\n<li>Microphone \u00e0 condensateur \u00e0 grand diaphragme<\/li>\n<li>Caacute;psula : Transducteur de 16 mm<\/li>\n<li>Polarisation : Cardio\u00efde<\/li>\n<li>R\u00e9ponse en fr\u00e9quence : 40Hz-20kHz<\/li>\n<li>Sensibilit\u00e9 : -43dB &#038;plusmn ; 2dB (0dB = 1V \/ Pa \u00e0 1kHz)<\/li>\n<li>Imp\u00e9dance de sortie : &lt;2.2 K&#038;Omega ; (\u00e0 1 kHz)<\/li>\n<li>Tension de fonctionnement : 1.5V<\/li>\n<li>Max. SPL : 120dB (\u00e0 1kHz &le;1% T.H.D)<\/li>\n<li>Rapport S&oacute;n S\/N : &ge;66dB<\/li>\n<li>R\u00e9duction de sensibilit\u00e9 : &le;3dB Vs = 1.5V-10V<\/li>\n<li>Courant \u00e9lectrique : 3 mA<\/li>\n<li>S\u00e9rie : Black Pack<\/li>\n<li>Finition : Noir<\/li>\n<\/ul>\n<p>&nbsp;<\/p>\n<p><strong>Audibax Dublin 3000 Black Pack Contents<\/p>\n<p><strong>Audibax Dublin 3000 Black Pack Contents<\/p>\n<p><strong><strong>Audibax Dublin 3000 Black Pack.\/strong><\/p>\n<ul>\n<li>1 Microphone Dublin 3000<\/li>\n<li>1 Pare-brise Dublin 3000<\/li>\n<li>1 Pack Dublin 3000 Noir<\/li>\n<li>1 Microphone Dublin 3000<\/li>\n<li>1 Pack Dublin 3000 Noir.\n<li>1 Pare-brise en mousse<\/li>\n<li>1 Support de vibration (araign\u00e9e)<\/li>\n<li>1 Support de vibration (araign\u00e9e)<\/li>\n<li>1 Support de vibration (araign\u00e9e)\n<li>1 Support de bureau<\/li>\n<li>1 Filtre anti-pop<\/li>\n<li>1 C\u00e2ble XLR-XLR (2.5m)<\/li>\n<li>1 C\u00e2ble XLR-Mini Jack (2,5m)<\/li>\n<\/ul>\n<\/ul>\n","protected":false},"excerpt":{"rendered":"<ul>\n<li>S\u00e9rie : Black Pack<\/li>\n<li>Finition : Noir<\/li>\n<li>Microphone \u00e0 condensateur \u00e0 large diaphragme<\/li>\n<li>Caacute;psula : transducteur de 16mm<\/li>\n<li>Polarisation : Cardio\u00efde<\/li>\n<li>R\u00e9ponse en fr\u00e9quence : 40Hz-20kHz<\/li>\n<li>Kit compos\u00e9 de:&nbsp;1 Microphone Dublin 3000, 1 bonnette anti-vent en mousse, 1 support de vibration (araign\u00e9e), 1 pied de bureau, 1 filtre anti-pop, 1 c\u00e2ble XLR-XLR (2.5m), 1 c\u00e2ble XLR-Mini Jack (2.5m)<\/li>\n<\/ul>\n<\/ul>\n<li>.<br \/>\n","protected":false},"featured_media":16622,"comment_status":"open","ping_status":"closed","template":"","meta":[],"product_cat":[383,243],"product_tag":[],"class_list":{"0":"post-36713","1":"product","2":"type-product","3":"status-publish","4":"has-post-thumbnail","6":"product_cat-micros-de-studio","7":"product_cat-uncategorized","9":"first","10":"instock","11":"shipping-taxable","12":"product-type-simple"},"acf":[],"yoast_head":"<!-- This site is optimized with the Yoast SEO plugin v21.5 - https:\/\/yoast.com\/wordpress\/plugins\/seo\/ -->\n<title>Dublin 3000 Pack Black - Audibax<\/title>\n<meta name=\"robots\" content=\"noindex, follow, max-snippet:-1, max-image-preview:large, max-video-preview:-1\" \/>\n<meta property=\"og:locale\" content=\"fr_FR\" \/>\n<meta property=\"og:type\" content=\"article\" \/>\n<meta property=\"og:title\" content=\"Dublin 3000 Pack Black - Audibax\" \/>\n<meta property=\"og:description\" content=\"S\u00e9rie : Black Pack Finition : Noir Microphone \u00e0 condensateur \u00e0 large diaphragme Caacute;psula : transducteur de 16mm Polarisation : Cardio\u00efde R\u00e9ponse en fr\u00e9quence : 40Hz-20kHz Kit compos\u00e9 de:&nbsp;1 Microphone Dublin 3000, 1 bonnette anti-vent en mousse, 1 support de vibration (araign\u00e9e), 1 pied de bureau, 1 filtre anti-pop, 1 c\u00e2ble XLR-XLR (2.5m), 1 c\u00e2ble XLR-Mini Jack (2.5m)  .\" \/>\n<meta property=\"og:url\" content=\"https:\/\/romantic-sinoussi.152-228-147-242.plesk.page\/fr\/produit\/dublin-3000-pack-black-2\/\" \/>\n<meta property=\"og:site_name\" content=\"Audibax\" \/>\n<meta name=\"twitter:card\" content=\"summary_large_image\" \/>\n<meta name=\"twitter:label1\" content=\"Dur\u00e9e de lecture estim\u00e9e\" \/>\n\t<meta name=\"twitter:data1\" content=\"1 minute\" \/>\n<script type=\"application\/ld+json\" class=\"yoast-schema-graph\">{\"@context\":\"https:\/\/schema.org\",\"@graph\":[{\"@type\":\"WebPage\",\"@id\":\"https:\/\/romantic-sinoussi.152-228-147-242.plesk.page\/fr\/produit\/dublin-3000-pack-black-2\/\",\"url\":\"https:\/\/romantic-sinoussi.152-228-147-242.plesk.page\/fr\/produit\/dublin-3000-pack-black-2\/\",\"name\":\"Dublin 3000 Pack Black - Audibax\",\"isPartOf\":{\"@id\":\"https:\/\/romantic-sinoussi.152-228-147-242.plesk.page\/fr\/#website\"},\"datePublished\":\"2023-12-27T10:58:31+00:00\",\"dateModified\":\"2023-12-27T10:58:31+00:00\",\"breadcrumb\":{\"@id\":\"https:\/\/romantic-sinoussi.152-228-147-242.plesk.page\/fr\/produit\/dublin-3000-pack-black-2\/#breadcrumb\"},\"inLanguage\":\"fr-FR\",\"potentialAction\":[{\"@type\":\"ReadAction\",\"target\":[\"https:\/\/romantic-sinoussi.152-228-147-242.plesk.page\/fr\/produit\/dublin-3000-pack-black-2\/\"]}]},{\"@type\":\"BreadcrumbList\",\"@id\":\"https:\/\/romantic-sinoussi.152-228-147-242.plesk.page\/fr\/produit\/dublin-3000-pack-black-2\/#breadcrumb\",\"itemListElement\":[{\"@type\":\"ListItem\",\"position\":1,\"name\":\"Portada\",\"item\":\"https:\/\/romantic-sinoussi.152-228-147-242.plesk.page\/fr\/\"},{\"@type\":\"ListItem\",\"position\":2,\"name\":\"Products\",\"item\":\"https:\/\/romantic-sinoussi.152-228-147-242.plesk.page\/fr\/shop\/\"},{\"@type\":\"ListItem\",\"position\":3,\"name\":\"Dublin 3000 Pack Black\"}]},{\"@type\":\"WebSite\",\"@id\":\"https:\/\/romantic-sinoussi.152-228-147-242.plesk.page\/fr\/#website\",\"url\":\"https:\/\/romantic-sinoussi.152-228-147-242.plesk.page\/fr\/\",\"name\":\"Audibax\",\"description\":\"\",\"publisher\":{\"@id\":\"https:\/\/romantic-sinoussi.152-228-147-242.plesk.page\/fr\/#organization\"},\"potentialAction\":[{\"@type\":\"SearchAction\",\"target\":{\"@type\":\"EntryPoint\",\"urlTemplate\":\"https:\/\/romantic-sinoussi.152-228-147-242.plesk.page\/fr\/?s={search_term_string}\"},\"query-input\":\"required name=search_term_string\"}],\"inLanguage\":\"fr-FR\"},{\"@type\":\"Organization\",\"@id\":\"https:\/\/romantic-sinoussi.152-228-147-242.plesk.page\/fr\/#organization\",\"name\":\"Audibax\",\"url\":\"https:\/\/romantic-sinoussi.152-228-147-242.plesk.page\/fr\/\",\"logo\":{\"@type\":\"ImageObject\",\"inLanguage\":\"fr-FR\",\"@id\":\"https:\/\/romantic-sinoussi.152-228-147-242.plesk.page\/fr\/#\/schema\/logo\/image\/\",\"url\":\"https:\/\/romantic-sinoussi.152-228-147-242.plesk.page\/wp-content\/uploads\/2023\/09\/logo-Audibax-BLANCO-SVG-1.svg\",\"contentUrl\":\"https:\/\/romantic-sinoussi.152-228-147-242.plesk.page\/wp-content\/uploads\/2023\/09\/logo-Audibax-BLANCO-SVG-1.svg\",\"width\":581,\"height\":146,\"caption\":\"Audibax\"},\"image\":{\"@id\":\"https:\/\/romantic-sinoussi.152-228-147-242.plesk.page\/fr\/#\/schema\/logo\/image\/\"}}]}<\/script>\n<!-- \/ Yoast SEO plugin. -->","yoast_head_json":{"title":"Dublin 3000 Pack Black - Audibax","robots":{"index":"noindex","follow":"follow","max-snippet":"max-snippet:-1","max-image-preview":"max-image-preview:large","max-video-preview":"max-video-preview:-1"},"og_locale":"fr_FR","og_type":"article","og_title":"Dublin 3000 Pack Black - Audibax","og_description":"S\u00e9rie : Black Pack Finition : Noir Microphone \u00e0 condensateur \u00e0 large diaphragme Caacute;psula : transducteur de 16mm Polarisation : Cardio\u00efde R\u00e9ponse en fr\u00e9quence : 40Hz-20kHz Kit compos\u00e9 de:&nbsp;1 Microphone Dublin 3000, 1 bonnette anti-vent en mousse, 1 support de vibration (araign\u00e9e), 1 pied de bureau, 1 filtre anti-pop, 1 c\u00e2ble XLR-XLR (2.5m), 1 c\u00e2ble XLR-Mini Jack (2.5m)  .","og_url":"https:\/\/romantic-sinoussi.152-228-147-242.plesk.page\/fr\/produit\/dublin-3000-pack-black-2\/","og_site_name":"Audibax","twitter_card":"summary_large_image","twitter_misc":{"Dur\u00e9e de lecture estim\u00e9e":"1 minute"},"schema":{"@context":"https:\/\/schema.org","@graph":[{"@type":"WebPage","@id":"https:\/\/romantic-sinoussi.152-228-147-242.plesk.page\/fr\/produit\/dublin-3000-pack-black-2\/","url":"https:\/\/romantic-sinoussi.152-228-147-242.plesk.page\/fr\/produit\/dublin-3000-pack-black-2\/","name":"Dublin 3000 Pack Black - Audibax","isPartOf":{"@id":"https:\/\/romantic-sinoussi.152-228-147-242.plesk.page\/fr\/#website"},"datePublished":"2023-12-27T10:58:31+00:00","dateModified":"2023-12-27T10:58:31+00:00","breadcrumb":{"@id":"https:\/\/romantic-sinoussi.152-228-147-242.plesk.page\/fr\/produit\/dublin-3000-pack-black-2\/#breadcrumb"},"inLanguage":"fr-FR","potentialAction":[{"@type":"ReadAction","target":["https:\/\/romantic-sinoussi.152-228-147-242.plesk.page\/fr\/produit\/dublin-3000-pack-black-2\/"]}]},{"@type":"BreadcrumbList","@id":"https:\/\/romantic-sinoussi.152-228-147-242.plesk.page\/fr\/produit\/dublin-3000-pack-black-2\/#breadcrumb","itemListElement":[{"@type":"ListItem","position":1,"name":"Portada","item":"https:\/\/romantic-sinoussi.152-228-147-242.plesk.page\/fr\/"},{"@type":"ListItem","position":2,"name":"Products","item":"https:\/\/romantic-sinoussi.152-228-147-242.plesk.page\/fr\/shop\/"},{"@type":"ListItem","position":3,"name":"Dublin 3000 Pack Black"}]},{"@type":"WebSite","@id":"https:\/\/romantic-sinoussi.152-228-147-242.plesk.page\/fr\/#website","url":"https:\/\/romantic-sinoussi.152-228-147-242.plesk.page\/fr\/","name":"Audibax","description":"","publisher":{"@id":"https:\/\/romantic-sinoussi.152-228-147-242.plesk.page\/fr\/#organization"},"potentialAction":[{"@type":"SearchAction","target":{"@type":"EntryPoint","urlTemplate":"https:\/\/romantic-sinoussi.152-228-147-242.plesk.page\/fr\/?s={search_term_string}"},"query-input":"required name=search_term_string"}],"inLanguage":"fr-FR"},{"@type":"Organization","@id":"https:\/\/romantic-sinoussi.152-228-147-242.plesk.page\/fr\/#organization","name":"Audibax","url":"https:\/\/romantic-sinoussi.152-228-147-242.plesk.page\/fr\/","logo":{"@type":"ImageObject","inLanguage":"fr-FR","@id":"https:\/\/romantic-sinoussi.152-228-147-242.plesk.page\/fr\/#\/schema\/logo\/image\/","url":"https:\/\/romantic-sinoussi.152-228-147-242.plesk.page\/wp-content\/uploads\/2023\/09\/logo-Audibax-BLANCO-SVG-1.svg","contentUrl":"https:\/\/romantic-sinoussi.152-228-147-242.plesk.page\/wp-content\/uploads\/2023\/09\/logo-Audibax-BLANCO-SVG-1.svg","width":581,"height":146,"caption":"Audibax"},"image":{"@id":"https:\/\/romantic-sinoussi.152-228-147-242.plesk.page\/fr\/#\/schema\/logo\/image\/"}}]}},"_links":{"self":[{"href":"https:\/\/romantic-sinoussi.152-228-147-242.plesk.page\/fr\/wp-json\/wp\/v2\/product\/36713","targetHints":{"allow":["GET"]}}],"collection":[{"href":"https:\/\/romantic-sinoussi.152-228-147-242.plesk.page\/fr\/wp-json\/wp\/v2\/product"}],"about":[{"href":"https:\/\/romantic-sinoussi.152-228-147-242.plesk.page\/fr\/wp-json\/wp\/v2\/types\/product"}],"replies":[{"embeddable":true,"href":"https:\/\/romantic-sinoussi.152-228-147-242.plesk.page\/fr\/wp-json\/wp\/v2\/comments?post=36713"}],"wp:featuredmedia":[{"embeddable":true,"href":"https:\/\/romantic-sinoussi.152-228-147-242.plesk.page\/fr\/wp-json\/wp\/v2\/media\/16622"}],"wp:attachment":[{"href":"https:\/\/romantic-sinoussi.152-228-147-242.plesk.page\/fr\/wp-json\/wp\/v2\/media?parent=36713"}],"wp:term":[{"taxonomy":"product_cat","embeddable":true,"href":"https:\/\/romantic-sinoussi.152-228-147-242.plesk.page\/fr\/wp-json\/wp\/v2\/product_cat?post=36713"},{"taxonomy":"product_tag","embeddable":true,"href":"https:\/\/romantic-sinoussi.152-228-147-242.plesk.page\/fr\/wp-json\/wp\/v2\/product_tag?post=36713"}],"curies":[{"name":"wp","href":"https:\/\/api.w.org\/{rel}","templated":true}]}}