{"id":36718,"date":"2023-12-27T11:58:36","date_gmt":"2023-12-27T10:58:36","guid":{"rendered":"https:\/\/romantic-sinoussi.152-228-147-242.plesk.page\/product\/oslo-1600-usb-black-2\/"},"modified":"2023-12-27T11:58:36","modified_gmt":"2023-12-27T10:58:36","slug":"oslo-1600-usb-black-2","status":"publish","type":"product","link":"https:\/\/romantic-sinoussi.152-228-147-242.plesk.page\/fr\/produit\/oslo-1600-usb-black-2\/","title":{"rendered":"Oslo 1600 USB Black"},"content":{"rendered":"<\/p>\n<p><strong>Audibax Oslo 1600 USB Microphone Pack pour Podcasting \/ Recording<\/strong><\/p>\n<p><strong>Le <strong>Audibax Oslo 1600 USB Microphone Pack<\/strong><\/p>\n<p>Le <strong>Audibax Oslo 1600 USB Microphone Pack<\/strong> est con\u00e7u pour les podcasters, les youtubers et pour les vid\u00e9oconf\u00e9rences.Audibax Oslo 1600 USB<\/strong> est un pack micro USB con\u00e7u pour les podcasteurs, les youtubers et les vid\u00e9oconf\u00e9rences. Il est livr\u00e9 avec tous les accessoires n\u00e9cessaires, un pied de micro de table, un pied de micro \u00e0 perche articul\u00e9e, un anti-pop, une araign\u00e9e, une pince et un c\u00e2ble USB. Il est \u00e9galement dot\u00e9 d&#8217;une lumi\u00e8re LED rouge qui lui conf\u00e8re un look moderne et tendance.<\/p>\n<h3>Qualit\u00e9 sonore professionnelle<\/h3>\n<p>Gr\u00e2ce \u00e0 sa capsule de 14 mm et \u00e0 une r\u00e9ponse en fr\u00e9quence de 30 Hz \u00e0 20 Khz, le <strong>Audibax Oslo 1600 USB Pack<\/strong> est capable de fournir une qualit\u00e9 professionnelle et de capturer tous les d\u00e9tails et nuances de la voix. Pour cette raison, il est id\u00e9al pour pratiquement toutes les applications o\u00f9 la voix doit \u00eatre captur\u00e9e dans les moindres d\u00e9tails.<\/p>\n<h3>Commandes accessibles<\/h3>\n<p>Le <strong>Audibax Oslo 1600 USB Pack<\/strong> dispose de toutes les commandes essentielles \u00e0 port\u00e9e de main, ce qui en fait un microphone facile et pratique \u00e0 utiliser. Sur la face avant, vous pouvez r\u00e9gler le gain du micro, brancher un casque sur la prise jack 3,5 mm ou couper le signal. <\/p>\n<p>Le <strong>Audibax Oslo 1600 USB Pack<\/strong> est un microphone USB plug-and-play, aucun pilote ou logiciel suppl\u00e9mentaire n&#8217;est n\u00e9cessaire pour le faire fonctionner. Il suffit de le connecter \u00e0 votre ordinateur \u00e0 l&#8217;aide du c\u00e2ble USB fourni et vous \u00eates pr\u00eat \u00e0 partir ! Ce micro est compatible avec MacOs et Windows.<\/p>\n<h3>Tous les accessoires dont vous avez besoin<\/h3>\n<p>Le <strong>Audibax Oslo 1600 pack<\/strong> est livr\u00e9 avec tous les accessoires dont vous avez besoin. Outre le microphone, vous trouverez \u00e0 l&#8217;int\u00e9rieur de la bo\u00eete un pied de perche articul\u00e9, une araign\u00e9e, un mini tr\u00e9pied de table, une pince, un anti-pop et un c\u00e2ble USB ! Tout est pr\u00eat pour que vous puissiez enregistrer d\u00e8s la sortie de la bo\u00eete.<\/p>\n<h3> Caract\u00e9ristiques techniques Audibax Oslo 1600 USB Podcast \/ Recording USB Microphone Pack :<\/h3>\n<ul>\n<li>Microphone USB<\/li>\n<li>Plug and Play<\/li>\n<li>Contr\u00f4le du volume en fa\u00e7ade<\/li>\n<li>Entr\u00e9e casque en fa\u00e7ade 3.5mm<\/li>\n<li>Contr\u00f4le de sourdine en fa\u00e7ade<\/li>\n<li>Cellule de 14mm<\/li>\n<li>Lumi\u00e8re LED sous la grille<\/li>\n<li>Directionnalit\u00e9 : Cardiode<\/li>\n<li>Sensibilit\u00e9 : -38dB&#038;nbsp ; &plusmn;2dB<\/li>\n<li>R\u00e9ponse en fr\u00e9quence : 30Hz &#038;ndash ; 20Khz<\/li>\n<li>Imp\u00e9dance de sortie : 2.2 &Omega;<\/li>\n<li>Courant : 3mA<\/li>\n<li>Compatible avec MacOs et Windows<\/li>\n<li>Accessoires :\n<ul>\n<li>Support de bras articul\u00e9<\/li>\n<li>Mini tr&iacute;pode type table stand<\/li>\n<li>Ara&#038;ntilde ;a<\/li>\n<li>Clamp<\/li>\n<li>Antipop<\/li>\n<li>C\u00e2ble USB<\/li>\n<\/ul>\n<\/li>\n<\/li>\n<li>Finition : Noir<\/li>\n<li>Dimensions : 14,5cm x 5,2cm x 5,2cm<\/li>\n<li>Poids du micron : 322gr<\/li>\n<li>Longueur du c\u00e2ble : 200cm<\/li>\n<\/ul>\n<li>Poids du micron : 322gr<\/li>\n<li>Longueur du c\u00e2ble : 200cm<\/li>\n<\/ul>\n","protected":false},"excerpt":{"rendered":"<ul>\n<li>Microphone USB<\/li>\n<li>Contr\u00f4le du volume \u00e0 l&#8217;avant<\/li>\n<li>Jack casque \u00e0 l&#8217;avant 3.5mm<\/li>\n<li>Contr\u00f4le de la sourdine \u00e0 l&#8217;avant<\/li>\n<li>Cellule de 14mm<\/li>\n<li>Finition : Noir<\/li>\n<li>Contenu : Microphone, support de perche articul\u00e9, mini support de table de type tr&iacute;pode, araign\u00e9e, pince, antipop, c\u00e2ble USB<\/li>\n<\/ul>\n<li>.<br \/>\n","protected":false},"featured_media":16496,"comment_status":"open","ping_status":"closed","template":"","meta":[],"product_cat":[385,243],"product_tag":[],"class_list":{"0":"post-36718","1":"product","2":"type-product","3":"status-publish","4":"has-post-thumbnail","6":"product_cat-microscope-usb","7":"product_cat-uncategorized","9":"first","10":"instock","11":"shipping-taxable","12":"product-type-simple"},"acf":[],"yoast_head":"<!-- This site is optimized with the Yoast SEO plugin v21.5 - https:\/\/yoast.com\/wordpress\/plugins\/seo\/ -->\n<title>Oslo 1600 USB Black - Audibax<\/title>\n<meta name=\"robots\" content=\"noindex, follow, max-snippet:-1, max-image-preview:large, max-video-preview:-1\" \/>\n<meta property=\"og:locale\" content=\"fr_FR\" \/>\n<meta property=\"og:type\" content=\"article\" \/>\n<meta property=\"og:title\" content=\"Oslo 1600 USB Black - Audibax\" \/>\n<meta property=\"og:description\" content=\"Microphone USB Contr\u00f4le du volume \u00e0 l&#039;avant Jack casque \u00e0 l&#039;avant 3.5mm Contr\u00f4le de la sourdine \u00e0 l&#039;avant Cellule de 14mm Finition : Noir Contenu : Microphone, support de perche articul\u00e9, mini support de table de type tr&iacute;pode, araign\u00e9e, pince, antipop, c\u00e2ble USB .\" \/>\n<meta property=\"og:url\" content=\"https:\/\/romantic-sinoussi.152-228-147-242.plesk.page\/fr\/produit\/oslo-1600-usb-black-2\/\" \/>\n<meta property=\"og:site_name\" content=\"Audibax\" \/>\n<meta name=\"twitter:card\" content=\"summary_large_image\" \/>\n<meta name=\"twitter:label1\" content=\"Dur\u00e9e de lecture estim\u00e9e\" \/>\n\t<meta name=\"twitter:data1\" content=\"2 minutes\" \/>\n<script type=\"application\/ld+json\" class=\"yoast-schema-graph\">{\"@context\":\"https:\/\/schema.org\",\"@graph\":[{\"@type\":\"WebPage\",\"@id\":\"https:\/\/romantic-sinoussi.152-228-147-242.plesk.page\/fr\/produit\/oslo-1600-usb-black-2\/\",\"url\":\"https:\/\/romantic-sinoussi.152-228-147-242.plesk.page\/fr\/produit\/oslo-1600-usb-black-2\/\",\"name\":\"Oslo 1600 USB Black - Audibax\",\"isPartOf\":{\"@id\":\"https:\/\/romantic-sinoussi.152-228-147-242.plesk.page\/fr\/#website\"},\"datePublished\":\"2023-12-27T10:58:36+00:00\",\"dateModified\":\"2023-12-27T10:58:36+00:00\",\"breadcrumb\":{\"@id\":\"https:\/\/romantic-sinoussi.152-228-147-242.plesk.page\/fr\/produit\/oslo-1600-usb-black-2\/#breadcrumb\"},\"inLanguage\":\"fr-FR\",\"potentialAction\":[{\"@type\":\"ReadAction\",\"target\":[\"https:\/\/romantic-sinoussi.152-228-147-242.plesk.page\/fr\/produit\/oslo-1600-usb-black-2\/\"]}]},{\"@type\":\"BreadcrumbList\",\"@id\":\"https:\/\/romantic-sinoussi.152-228-147-242.plesk.page\/fr\/produit\/oslo-1600-usb-black-2\/#breadcrumb\",\"itemListElement\":[{\"@type\":\"ListItem\",\"position\":1,\"name\":\"Portada\",\"item\":\"https:\/\/romantic-sinoussi.152-228-147-242.plesk.page\/fr\/\"},{\"@type\":\"ListItem\",\"position\":2,\"name\":\"Products\",\"item\":\"https:\/\/romantic-sinoussi.152-228-147-242.plesk.page\/fr\/shop\/\"},{\"@type\":\"ListItem\",\"position\":3,\"name\":\"Oslo 1600 USB Black\"}]},{\"@type\":\"WebSite\",\"@id\":\"https:\/\/romantic-sinoussi.152-228-147-242.plesk.page\/fr\/#website\",\"url\":\"https:\/\/romantic-sinoussi.152-228-147-242.plesk.page\/fr\/\",\"name\":\"Audibax\",\"description\":\"\",\"publisher\":{\"@id\":\"https:\/\/romantic-sinoussi.152-228-147-242.plesk.page\/fr\/#organization\"},\"potentialAction\":[{\"@type\":\"SearchAction\",\"target\":{\"@type\":\"EntryPoint\",\"urlTemplate\":\"https:\/\/romantic-sinoussi.152-228-147-242.plesk.page\/fr\/?s={search_term_string}\"},\"query-input\":\"required name=search_term_string\"}],\"inLanguage\":\"fr-FR\"},{\"@type\":\"Organization\",\"@id\":\"https:\/\/romantic-sinoussi.152-228-147-242.plesk.page\/fr\/#organization\",\"name\":\"Audibax\",\"url\":\"https:\/\/romantic-sinoussi.152-228-147-242.plesk.page\/fr\/\",\"logo\":{\"@type\":\"ImageObject\",\"inLanguage\":\"fr-FR\",\"@id\":\"https:\/\/romantic-sinoussi.152-228-147-242.plesk.page\/fr\/#\/schema\/logo\/image\/\",\"url\":\"https:\/\/romantic-sinoussi.152-228-147-242.plesk.page\/wp-content\/uploads\/2023\/09\/logo-Audibax-BLANCO-SVG-1.svg\",\"contentUrl\":\"https:\/\/romantic-sinoussi.152-228-147-242.plesk.page\/wp-content\/uploads\/2023\/09\/logo-Audibax-BLANCO-SVG-1.svg\",\"width\":581,\"height\":146,\"caption\":\"Audibax\"},\"image\":{\"@id\":\"https:\/\/romantic-sinoussi.152-228-147-242.plesk.page\/fr\/#\/schema\/logo\/image\/\"}}]}<\/script>\n<!-- \/ Yoast SEO plugin. -->","yoast_head_json":{"title":"Oslo 1600 USB Black - Audibax","robots":{"index":"noindex","follow":"follow","max-snippet":"max-snippet:-1","max-image-preview":"max-image-preview:large","max-video-preview":"max-video-preview:-1"},"og_locale":"fr_FR","og_type":"article","og_title":"Oslo 1600 USB Black - Audibax","og_description":"Microphone USB Contr\u00f4le du volume \u00e0 l'avant Jack casque \u00e0 l'avant 3.5mm Contr\u00f4le de la sourdine \u00e0 l'avant Cellule de 14mm Finition : Noir Contenu : Microphone, support de perche articul\u00e9, mini support de table de type tr&iacute;pode, araign\u00e9e, pince, antipop, c\u00e2ble USB .","og_url":"https:\/\/romantic-sinoussi.152-228-147-242.plesk.page\/fr\/produit\/oslo-1600-usb-black-2\/","og_site_name":"Audibax","twitter_card":"summary_large_image","twitter_misc":{"Dur\u00e9e de lecture estim\u00e9e":"2 minutes"},"schema":{"@context":"https:\/\/schema.org","@graph":[{"@type":"WebPage","@id":"https:\/\/romantic-sinoussi.152-228-147-242.plesk.page\/fr\/produit\/oslo-1600-usb-black-2\/","url":"https:\/\/romantic-sinoussi.152-228-147-242.plesk.page\/fr\/produit\/oslo-1600-usb-black-2\/","name":"Oslo 1600 USB Black - Audibax","isPartOf":{"@id":"https:\/\/romantic-sinoussi.152-228-147-242.plesk.page\/fr\/#website"},"datePublished":"2023-12-27T10:58:36+00:00","dateModified":"2023-12-27T10:58:36+00:00","breadcrumb":{"@id":"https:\/\/romantic-sinoussi.152-228-147-242.plesk.page\/fr\/produit\/oslo-1600-usb-black-2\/#breadcrumb"},"inLanguage":"fr-FR","potentialAction":[{"@type":"ReadAction","target":["https:\/\/romantic-sinoussi.152-228-147-242.plesk.page\/fr\/produit\/oslo-1600-usb-black-2\/"]}]},{"@type":"BreadcrumbList","@id":"https:\/\/romantic-sinoussi.152-228-147-242.plesk.page\/fr\/produit\/oslo-1600-usb-black-2\/#breadcrumb","itemListElement":[{"@type":"ListItem","position":1,"name":"Portada","item":"https:\/\/romantic-sinoussi.152-228-147-242.plesk.page\/fr\/"},{"@type":"ListItem","position":2,"name":"Products","item":"https:\/\/romantic-sinoussi.152-228-147-242.plesk.page\/fr\/shop\/"},{"@type":"ListItem","position":3,"name":"Oslo 1600 USB Black"}]},{"@type":"WebSite","@id":"https:\/\/romantic-sinoussi.152-228-147-242.plesk.page\/fr\/#website","url":"https:\/\/romantic-sinoussi.152-228-147-242.plesk.page\/fr\/","name":"Audibax","description":"","publisher":{"@id":"https:\/\/romantic-sinoussi.152-228-147-242.plesk.page\/fr\/#organization"},"potentialAction":[{"@type":"SearchAction","target":{"@type":"EntryPoint","urlTemplate":"https:\/\/romantic-sinoussi.152-228-147-242.plesk.page\/fr\/?s={search_term_string}"},"query-input":"required name=search_term_string"}],"inLanguage":"fr-FR"},{"@type":"Organization","@id":"https:\/\/romantic-sinoussi.152-228-147-242.plesk.page\/fr\/#organization","name":"Audibax","url":"https:\/\/romantic-sinoussi.152-228-147-242.plesk.page\/fr\/","logo":{"@type":"ImageObject","inLanguage":"fr-FR","@id":"https:\/\/romantic-sinoussi.152-228-147-242.plesk.page\/fr\/#\/schema\/logo\/image\/","url":"https:\/\/romantic-sinoussi.152-228-147-242.plesk.page\/wp-content\/uploads\/2023\/09\/logo-Audibax-BLANCO-SVG-1.svg","contentUrl":"https:\/\/romantic-sinoussi.152-228-147-242.plesk.page\/wp-content\/uploads\/2023\/09\/logo-Audibax-BLANCO-SVG-1.svg","width":581,"height":146,"caption":"Audibax"},"image":{"@id":"https:\/\/romantic-sinoussi.152-228-147-242.plesk.page\/fr\/#\/schema\/logo\/image\/"}}]}},"_links":{"self":[{"href":"https:\/\/romantic-sinoussi.152-228-147-242.plesk.page\/fr\/wp-json\/wp\/v2\/product\/36718","targetHints":{"allow":["GET"]}}],"collection":[{"href":"https:\/\/romantic-sinoussi.152-228-147-242.plesk.page\/fr\/wp-json\/wp\/v2\/product"}],"about":[{"href":"https:\/\/romantic-sinoussi.152-228-147-242.plesk.page\/fr\/wp-json\/wp\/v2\/types\/product"}],"replies":[{"embeddable":true,"href":"https:\/\/romantic-sinoussi.152-228-147-242.plesk.page\/fr\/wp-json\/wp\/v2\/comments?post=36718"}],"wp:featuredmedia":[{"embeddable":true,"href":"https:\/\/romantic-sinoussi.152-228-147-242.plesk.page\/fr\/wp-json\/wp\/v2\/media\/16496"}],"wp:attachment":[{"href":"https:\/\/romantic-sinoussi.152-228-147-242.plesk.page\/fr\/wp-json\/wp\/v2\/media?parent=36718"}],"wp:term":[{"taxonomy":"product_cat","embeddable":true,"href":"https:\/\/romantic-sinoussi.152-228-147-242.plesk.page\/fr\/wp-json\/wp\/v2\/product_cat?post=36718"},{"taxonomy":"product_tag","embeddable":true,"href":"https:\/\/romantic-sinoussi.152-228-147-242.plesk.page\/fr\/wp-json\/wp\/v2\/product_tag?post=36718"}],"curies":[{"name":"wp","href":"https:\/\/api.w.org\/{rel}","templated":true}]}}