{"id":36722,"date":"2023-12-27T11:58:42","date_gmt":"2023-12-27T10:58:42","guid":{"rendered":"https:\/\/romantic-sinoussi.152-228-147-242.plesk.page\/product\/memphis-30-usb-black-2\/"},"modified":"2023-12-27T11:58:42","modified_gmt":"2023-12-27T10:58:42","slug":"memphis-30-usb-black-2","status":"publish","type":"product","link":"https:\/\/romantic-sinoussi.152-228-147-242.plesk.page\/fr\/produit\/memphis-30-usb-black-2\/","title":{"rendered":"Memphis 30 USB Black"},"content":{"rendered":"<p><strong>Caract\u00e9ristiques<\/strong><\/strong><\/p>\n<ul>\n<ul>\n<li>Le<strong>Audibax Memphis 30 USB&nbsp;<\/strong>est un amplificateur m\u00e9langeur destin\u00e9 \u00e0 la sonorisation, parfait pour une utilisation dans les bureaux, les \u00e9coles, les \u00e9glises, les magasins, les centres commerciaux, les restaurants, les centres de congr\u00e8s ou les auditoriums.<\/li>\n<li>Notre amplificateur <strong>Memphis 30 USB<\/strong> est \u00e9quip\u00e9 de 2 entr\u00e9es micro, 1 entr\u00e9e ligne et de bornes haut-parleur, toutes deux pour 4\/8 Ohm.<\/li>\n<li>Des syst\u00e8mes de protection avanc\u00e9s pr\u00e9viennent les dommages caus\u00e9s par les courts-circuits, la surchauffe et la surcharge et le rendent s\u00fbr et fiable&nbsp;<\/li>\n<li>Tous les composants de l&#8217;unit\u00e9 sont con\u00e7us pour \u00eatre utilis\u00e9s de mani\u00e8re s\u00fbre et fiable.<\/li>\n<li>Fourni avec un module MP3 pour la lecture syntonis\u00e9e des pistes musicales et un r\u00e9cepteur Bluetooth pour la connexion des smartphones ou des tablettes.<\/li>\n<\/ul>\n<p><strong>Sp\u00e9cifications:<\/strong><\/p>\n<ul>\n<li>Power : 30W Musical<\/li>\n<li>Alimentation : 110-230V~AC-50\/60Hz ; 12V-16V<\/li>\n<li>Contr\u00f4les de hauteur : Aucune<\/li>\n<li>Imp\u00e9dance de sortie : 4-8 ohms<\/li>\n<li>Entr\u00e9e et sortie : RCA 1<\/li>\n<li>Entr\u00e9es micro : 2<\/li>\n<li>Lecteur mp3 : USB\/TF\/BT<\/li>\n<li>Bluetooth : S&#038;iacute ; Freq.2.4Ghz<\/li>\n<li>Autres fonctions : Radio FM \/ Priorit\u00e9 \/ Mute<\/li>\n<li>Fusible : 2A<\/li>\n<li>R\u00e9ponse en fr\u00e9quence Mic : 100Hz-20 KHz ; L&iacute;nea30Hz-20KHz<\/li>\n<li>THD totale (\u00e0 1 KHz) : Moins de 1%<\/li>\n<li>Rapport signal\/bruit Micr&oacute;phono&gt;70dB L&iacute;nea&#038;gt ;80dB<\/li>\n<li>Pile de t\u00e9l\u00e9commande CR 2032 3V Lithium (incluse)<\/li>\n<li>Couleur : Noir<\/li>\n<li>Mesures : 150 x 52 x 190 mm<\/li>\n<li>Poids : 1,0 kg<\/li>\n<\/ul>\n<p>&nbsp;<\/p>\n<\/p>\n<p>Poids : 1,0 kg<\/li>\n<\/ul>\n<p>.<\/p>\n","protected":false},"excerpt":{"rendered":"<ul>\n<li>Mixeur amplificateur<\/li>\n<li>Puissance 30 Watts<\/li>\n<li>Lecteur MP3 : USB\/TF\/BT<\/li>\n<li>Connexion Bluetooth<\/li>\n<li>T\u00e9l\u00e9commande<\/li>\n<\/ul>\n<\/ul>\n","protected":false},"featured_media":18476,"comment_status":"open","ping_status":"closed","template":"","meta":[],"product_cat":[397,243],"product_tag":[],"class_list":{"0":"post-36722","1":"product","2":"type-product","3":"status-publish","4":"has-post-thumbnail","6":"product_cat-amplificateurs-hifi","7":"product_cat-uncategorized","9":"first","10":"instock","11":"shipping-taxable","12":"product-type-simple"},"acf":[],"yoast_head":"<!-- This site is optimized with the Yoast SEO plugin v21.5 - https:\/\/yoast.com\/wordpress\/plugins\/seo\/ -->\n<title>Memphis 30 USB Black - Audibax<\/title>\n<meta name=\"robots\" content=\"noindex, follow, max-snippet:-1, max-image-preview:large, max-video-preview:-1\" \/>\n<meta property=\"og:locale\" content=\"fr_FR\" \/>\n<meta property=\"og:type\" content=\"article\" \/>\n<meta property=\"og:title\" content=\"Memphis 30 USB Black - Audibax\" \/>\n<meta property=\"og:description\" content=\"Mixeur amplificateur Puissance 30 Watts Lecteur MP3 : USB\/TF\/BT Connexion Bluetooth T\u00e9l\u00e9commande\" \/>\n<meta property=\"og:url\" content=\"https:\/\/romantic-sinoussi.152-228-147-242.plesk.page\/fr\/produit\/memphis-30-usb-black-2\/\" \/>\n<meta property=\"og:site_name\" content=\"Audibax\" \/>\n<meta name=\"twitter:card\" content=\"summary_large_image\" \/>\n<meta name=\"twitter:label1\" content=\"Dur\u00e9e de lecture estim\u00e9e\" \/>\n\t<meta name=\"twitter:data1\" content=\"1 minute\" \/>\n<script type=\"application\/ld+json\" class=\"yoast-schema-graph\">{\"@context\":\"https:\/\/schema.org\",\"@graph\":[{\"@type\":\"WebPage\",\"@id\":\"https:\/\/romantic-sinoussi.152-228-147-242.plesk.page\/fr\/produit\/memphis-30-usb-black-2\/\",\"url\":\"https:\/\/romantic-sinoussi.152-228-147-242.plesk.page\/fr\/produit\/memphis-30-usb-black-2\/\",\"name\":\"Memphis 30 USB Black - Audibax\",\"isPartOf\":{\"@id\":\"https:\/\/romantic-sinoussi.152-228-147-242.plesk.page\/fr\/#website\"},\"datePublished\":\"2023-12-27T10:58:42+00:00\",\"dateModified\":\"2023-12-27T10:58:42+00:00\",\"breadcrumb\":{\"@id\":\"https:\/\/romantic-sinoussi.152-228-147-242.plesk.page\/fr\/produit\/memphis-30-usb-black-2\/#breadcrumb\"},\"inLanguage\":\"fr-FR\",\"potentialAction\":[{\"@type\":\"ReadAction\",\"target\":[\"https:\/\/romantic-sinoussi.152-228-147-242.plesk.page\/fr\/produit\/memphis-30-usb-black-2\/\"]}]},{\"@type\":\"BreadcrumbList\",\"@id\":\"https:\/\/romantic-sinoussi.152-228-147-242.plesk.page\/fr\/produit\/memphis-30-usb-black-2\/#breadcrumb\",\"itemListElement\":[{\"@type\":\"ListItem\",\"position\":1,\"name\":\"Portada\",\"item\":\"https:\/\/romantic-sinoussi.152-228-147-242.plesk.page\/fr\/\"},{\"@type\":\"ListItem\",\"position\":2,\"name\":\"Products\",\"item\":\"https:\/\/romantic-sinoussi.152-228-147-242.plesk.page\/fr\/shop\/\"},{\"@type\":\"ListItem\",\"position\":3,\"name\":\"Memphis 30 USB Black\"}]},{\"@type\":\"WebSite\",\"@id\":\"https:\/\/romantic-sinoussi.152-228-147-242.plesk.page\/fr\/#website\",\"url\":\"https:\/\/romantic-sinoussi.152-228-147-242.plesk.page\/fr\/\",\"name\":\"Audibax\",\"description\":\"\",\"publisher\":{\"@id\":\"https:\/\/romantic-sinoussi.152-228-147-242.plesk.page\/fr\/#organization\"},\"potentialAction\":[{\"@type\":\"SearchAction\",\"target\":{\"@type\":\"EntryPoint\",\"urlTemplate\":\"https:\/\/romantic-sinoussi.152-228-147-242.plesk.page\/fr\/?s={search_term_string}\"},\"query-input\":\"required name=search_term_string\"}],\"inLanguage\":\"fr-FR\"},{\"@type\":\"Organization\",\"@id\":\"https:\/\/romantic-sinoussi.152-228-147-242.plesk.page\/fr\/#organization\",\"name\":\"Audibax\",\"url\":\"https:\/\/romantic-sinoussi.152-228-147-242.plesk.page\/fr\/\",\"logo\":{\"@type\":\"ImageObject\",\"inLanguage\":\"fr-FR\",\"@id\":\"https:\/\/romantic-sinoussi.152-228-147-242.plesk.page\/fr\/#\/schema\/logo\/image\/\",\"url\":\"https:\/\/romantic-sinoussi.152-228-147-242.plesk.page\/wp-content\/uploads\/2023\/09\/logo-Audibax-BLANCO-SVG-1.svg\",\"contentUrl\":\"https:\/\/romantic-sinoussi.152-228-147-242.plesk.page\/wp-content\/uploads\/2023\/09\/logo-Audibax-BLANCO-SVG-1.svg\",\"width\":581,\"height\":146,\"caption\":\"Audibax\"},\"image\":{\"@id\":\"https:\/\/romantic-sinoussi.152-228-147-242.plesk.page\/fr\/#\/schema\/logo\/image\/\"}}]}<\/script>\n<!-- \/ Yoast SEO plugin. -->","yoast_head_json":{"title":"Memphis 30 USB Black - Audibax","robots":{"index":"noindex","follow":"follow","max-snippet":"max-snippet:-1","max-image-preview":"max-image-preview:large","max-video-preview":"max-video-preview:-1"},"og_locale":"fr_FR","og_type":"article","og_title":"Memphis 30 USB Black - Audibax","og_description":"Mixeur amplificateur Puissance 30 Watts Lecteur MP3 : USB\/TF\/BT Connexion Bluetooth T\u00e9l\u00e9commande","og_url":"https:\/\/romantic-sinoussi.152-228-147-242.plesk.page\/fr\/produit\/memphis-30-usb-black-2\/","og_site_name":"Audibax","twitter_card":"summary_large_image","twitter_misc":{"Dur\u00e9e de lecture estim\u00e9e":"1 minute"},"schema":{"@context":"https:\/\/schema.org","@graph":[{"@type":"WebPage","@id":"https:\/\/romantic-sinoussi.152-228-147-242.plesk.page\/fr\/produit\/memphis-30-usb-black-2\/","url":"https:\/\/romantic-sinoussi.152-228-147-242.plesk.page\/fr\/produit\/memphis-30-usb-black-2\/","name":"Memphis 30 USB Black - Audibax","isPartOf":{"@id":"https:\/\/romantic-sinoussi.152-228-147-242.plesk.page\/fr\/#website"},"datePublished":"2023-12-27T10:58:42+00:00","dateModified":"2023-12-27T10:58:42+00:00","breadcrumb":{"@id":"https:\/\/romantic-sinoussi.152-228-147-242.plesk.page\/fr\/produit\/memphis-30-usb-black-2\/#breadcrumb"},"inLanguage":"fr-FR","potentialAction":[{"@type":"ReadAction","target":["https:\/\/romantic-sinoussi.152-228-147-242.plesk.page\/fr\/produit\/memphis-30-usb-black-2\/"]}]},{"@type":"BreadcrumbList","@id":"https:\/\/romantic-sinoussi.152-228-147-242.plesk.page\/fr\/produit\/memphis-30-usb-black-2\/#breadcrumb","itemListElement":[{"@type":"ListItem","position":1,"name":"Portada","item":"https:\/\/romantic-sinoussi.152-228-147-242.plesk.page\/fr\/"},{"@type":"ListItem","position":2,"name":"Products","item":"https:\/\/romantic-sinoussi.152-228-147-242.plesk.page\/fr\/shop\/"},{"@type":"ListItem","position":3,"name":"Memphis 30 USB Black"}]},{"@type":"WebSite","@id":"https:\/\/romantic-sinoussi.152-228-147-242.plesk.page\/fr\/#website","url":"https:\/\/romantic-sinoussi.152-228-147-242.plesk.page\/fr\/","name":"Audibax","description":"","publisher":{"@id":"https:\/\/romantic-sinoussi.152-228-147-242.plesk.page\/fr\/#organization"},"potentialAction":[{"@type":"SearchAction","target":{"@type":"EntryPoint","urlTemplate":"https:\/\/romantic-sinoussi.152-228-147-242.plesk.page\/fr\/?s={search_term_string}"},"query-input":"required name=search_term_string"}],"inLanguage":"fr-FR"},{"@type":"Organization","@id":"https:\/\/romantic-sinoussi.152-228-147-242.plesk.page\/fr\/#organization","name":"Audibax","url":"https:\/\/romantic-sinoussi.152-228-147-242.plesk.page\/fr\/","logo":{"@type":"ImageObject","inLanguage":"fr-FR","@id":"https:\/\/romantic-sinoussi.152-228-147-242.plesk.page\/fr\/#\/schema\/logo\/image\/","url":"https:\/\/romantic-sinoussi.152-228-147-242.plesk.page\/wp-content\/uploads\/2023\/09\/logo-Audibax-BLANCO-SVG-1.svg","contentUrl":"https:\/\/romantic-sinoussi.152-228-147-242.plesk.page\/wp-content\/uploads\/2023\/09\/logo-Audibax-BLANCO-SVG-1.svg","width":581,"height":146,"caption":"Audibax"},"image":{"@id":"https:\/\/romantic-sinoussi.152-228-147-242.plesk.page\/fr\/#\/schema\/logo\/image\/"}}]}},"_links":{"self":[{"href":"https:\/\/romantic-sinoussi.152-228-147-242.plesk.page\/fr\/wp-json\/wp\/v2\/product\/36722","targetHints":{"allow":["GET"]}}],"collection":[{"href":"https:\/\/romantic-sinoussi.152-228-147-242.plesk.page\/fr\/wp-json\/wp\/v2\/product"}],"about":[{"href":"https:\/\/romantic-sinoussi.152-228-147-242.plesk.page\/fr\/wp-json\/wp\/v2\/types\/product"}],"replies":[{"embeddable":true,"href":"https:\/\/romantic-sinoussi.152-228-147-242.plesk.page\/fr\/wp-json\/wp\/v2\/comments?post=36722"}],"wp:featuredmedia":[{"embeddable":true,"href":"https:\/\/romantic-sinoussi.152-228-147-242.plesk.page\/fr\/wp-json\/wp\/v2\/media\/18476"}],"wp:attachment":[{"href":"https:\/\/romantic-sinoussi.152-228-147-242.plesk.page\/fr\/wp-json\/wp\/v2\/media?parent=36722"}],"wp:term":[{"taxonomy":"product_cat","embeddable":true,"href":"https:\/\/romantic-sinoussi.152-228-147-242.plesk.page\/fr\/wp-json\/wp\/v2\/product_cat?post=36722"},{"taxonomy":"product_tag","embeddable":true,"href":"https:\/\/romantic-sinoussi.152-228-147-242.plesk.page\/fr\/wp-json\/wp\/v2\/product_tag?post=36722"}],"curies":[{"name":"wp","href":"https:\/\/api.w.org\/{rel}","templated":true}]}}