{"id":36725,"date":"2023-12-27T11:58:45","date_gmt":"2023-12-27T10:58:45","guid":{"rendered":"https:\/\/romantic-sinoussi.152-228-147-242.plesk.page\/product\/zone-360-bt-black-2\/"},"modified":"2023-12-27T11:58:45","modified_gmt":"2023-12-27T10:58:45","slug":"zone-360-bt-black-2","status":"publish","type":"product","link":"https:\/\/romantic-sinoussi.152-228-147-242.plesk.page\/fr\/produit\/zone-360-bt-black-2\/","title":{"rendered":"Zone 360 BT Black"},"content":{"rendered":"<\/p>\n<p><strong>Caract\u00e9ristiques<\/strong><\/p>\n<ul>\n<ul>\n<li>Le <strong>Audibax Zone 360BT&#038;nbsp ;<\/strong>est une table de mixage amplificatrice, qui offre une solution audio flexible pour contr\u00f4ler de multiples fonctions. Sa facilit\u00e9 d&#8217;utilisation, son excellente qualit\u00e9 sonore et son design moderne avanc\u00e9 en font un excellent choix pour divers \u00e9tablissements, tels que les restaurants, les h\u00f4tels, les magasins, les entrep\u00f4ts, les bureaux professionnels ou les b\u00e2timents publics.<\/li>\n<li>Notre amplificateur&nbsp;<strong>Zone 360BT<\/strong>&nbsp;est&nbsp;\u00e9quip\u00e9 de&#038;nbsp ;entr\u00e9es de niveau ligne mono sym\u00e9triques avec alimentation fant\u00f4me, 4 zones de sortie mono 100V haute imp\u00e9dance, 1 zone de sortie mono 4 ohms basse imp\u00e9dance, une sortie de liaison, une entr\u00e9e de signal t\u00e9l\u00e9phonique, une entr\u00e9e de signal de sonnerie et d&#8217;incendie, et une entr\u00e9e d&#8217;urgence 100V avec contr\u00f4le 24V.<\/li>\n<li>Comporte un lecteur de musique sans perte avec \u00e9cran, et inclut un tuner FM et Bluetooth.&nbsp;<\/li>\n<\/ul>\n<p><strong>Sp\u00e9cifications<\/strong><\/p>\n<ul>\n<li>R\u00e9ponse en fr\u00e9quence : 20Hz-20KHz<\/li>\n<li>Puissance de sortie RMS : 360W<\/li>\n<li>Alimentation:&nbsp;AC230V-240V\/50-60Hz<\/li>\n<li>Rapport signal\/bruit : &gt;90dB<\/li>\n<li>THD+N : &lt;0.5%<\/li>\n<li>R\u00e9jection en mode commun : &lt;0.5%<\/li>\n<li>Diaphon&iacute;a : &gt;70dB<\/li>\n<li>Couleur : Noir<\/li>\n<li>Mesures : 489 x 89 x 390 mm<\/li>\n<\/ul>\n<p><strong>Entr\u00e9es<\/strong><\/p>\n<p><u>MiC1-2<\/u><\/p>\n<ul>\n<li>Type : 2x mic\/Une sym\u00e9trique<\/li>\n<li>Sensibilit\u00e9 : -50dB<\/li>\n<li>Connecteurs : 2xXLR\/Jack 6.3mm combinaison<\/li>\n<li>Alimentation Phantonm : 15VDO<\/li>\n<\/ul>\n<p><u>LINE 1\/MIG3<\/u><\/p>\n<ul>\n<li>Type : Ligne \/ micro sym\u00e9trique<\/li>\n<li>Sensibilit\u00e9 : -50dB<\/li>\n<li>Connecteurs : connecteur combo XLBi6.3mm<\/li>\n<li>Priorit\u00e9 : S&Iacute;<\/li>\n<\/ul>\n<p><u>LINE2-3<\/u><\/p>\n<ul>\n<li>Type : 2 x audio est&eacute;reo<\/li>\n<li>Sensibilit\u00e9 : -30dB<\/li>\n<li>Connecteurs : 2x RCA<\/li>\n<\/ul>\n<p><u>Chime\/Fire\/TEL<\/u><\/p>\n<ul>\n<li>Type : Entr\u00e9es micro prioritaires<\/li>\n<li>Connecteurs Bornier euro-5.08mm<\/li>\n<\/ul>\n<p><strong>Players<\/strong><\/p>\n<p><u>USB<\/u><\/p>\n<ul>\n<li>Type :&nbsp;OTG2 contr\u00f4leur de vitesse complet.0<\/li>\n<li>Connecteurs : USB 2.0 type A<\/li>\n<\/ul>\n<p><u>SD\/MMC<\/u><\/p>\n<ul>\n<li>Connecteurs : Emplacement de carte \u00e0 verrouillage non automatique<\/li>\n<\/ul>\n<p><u>Bluetooth<\/u><\/p>\n<ul>\n<li>Versi&oacute;n : Bluetooth Ver20+EOR<\/li>\n<li>Port\u00e9e maximale : 10m (sans interf\u00e9rence)<\/li>\n<li>Fr\u00e9quence de transmission : 2402-2480MHz<\/li>\n<\/ul>\n<p><u>Formats musicaux :&nbsp;<\/u><\/p>\n<ul>\n<li>MP3\/WAW\/WMA\/FLAC&#038;nbsp ;(8\/16\/24bit)<\/li>\n<\/ul>\n<p><u>Syst\u00e8me de fichiers :<\/u><\/p>\n<ul>\n<li>FAT16 ou FAT32<\/li>\n<\/ul>\n<p><u>Section FM<\/u><\/p>\n<ul>\n<ul>\n<li>Tonalit\u00e9 :&nbsp;87.5MHz \u00e0 107.9MHz<\/li>\n<li>Entr\u00e9e antenne :&nbsp;75&#038;Omega ; asym\u00e9trique<\/li>\n<\/ul>\n<p><strong>Sorties<\/strong><\/p>\n<ul>\n<li>Basse imp\u00e9dance :&nbsp;4&Omega;<\/li>\n<li>Imp\u00e9dance \u00e0 tension constante:&nbsp;28&Omega;-Zone 360BT<\/li>\n<\/ul>\n<\/ul>\n<\/ul>\n","protected":false},"excerpt":{"rendered":"<ul>\n<li>Mixeur amplificateur<\/li>\n<li>4 zones de sortie mono 100V haute imp\u00e9dance<\/li>\n<li>Puissance RMS : 360W<\/li>\n<li>USB \/ SD \/ FM \/ lecteurs MP3<\/li>\n<li>Connectivit\u00e9 Bluetooth<\/li>\n<\/ul>\n<\/ul>\n<\/ul>\n","protected":false},"featured_media":16397,"comment_status":"open","ping_status":"closed","template":"","meta":[],"product_cat":[399,243],"product_tag":[],"class_list":{"0":"post-36725","1":"product","2":"type-product","3":"status-publish","4":"has-post-thumbnail","6":"product_cat-amplificateurs-dinstallation","7":"product_cat-uncategorized","9":"first","10":"instock","11":"shipping-taxable","12":"product-type-simple"},"acf":[],"yoast_head":"<!-- This site is optimized with the Yoast SEO plugin v21.5 - https:\/\/yoast.com\/wordpress\/plugins\/seo\/ -->\n<title>Zone 360 BT Black - Audibax<\/title>\n<meta name=\"robots\" content=\"noindex, follow, max-snippet:-1, max-image-preview:large, max-video-preview:-1\" \/>\n<meta property=\"og:locale\" content=\"fr_FR\" \/>\n<meta property=\"og:type\" content=\"article\" \/>\n<meta property=\"og:title\" content=\"Zone 360 BT Black - Audibax\" \/>\n<meta property=\"og:description\" content=\"Mixeur amplificateur 4 zones de sortie mono 100V haute imp\u00e9dance Puissance RMS : 360W USB \/ SD \/ FM \/ lecteurs MP3 Connectivit\u00e9 Bluetooth\" \/>\n<meta property=\"og:url\" content=\"https:\/\/romantic-sinoussi.152-228-147-242.plesk.page\/fr\/produit\/zone-360-bt-black-2\/\" \/>\n<meta property=\"og:site_name\" content=\"Audibax\" \/>\n<meta name=\"twitter:card\" content=\"summary_large_image\" \/>\n<meta name=\"twitter:label1\" content=\"Dur\u00e9e de lecture estim\u00e9e\" \/>\n\t<meta name=\"twitter:data1\" content=\"2 minutes\" \/>\n<script type=\"application\/ld+json\" class=\"yoast-schema-graph\">{\"@context\":\"https:\/\/schema.org\",\"@graph\":[{\"@type\":\"WebPage\",\"@id\":\"https:\/\/romantic-sinoussi.152-228-147-242.plesk.page\/fr\/produit\/zone-360-bt-black-2\/\",\"url\":\"https:\/\/romantic-sinoussi.152-228-147-242.plesk.page\/fr\/produit\/zone-360-bt-black-2\/\",\"name\":\"Zone 360 BT Black - Audibax\",\"isPartOf\":{\"@id\":\"https:\/\/romantic-sinoussi.152-228-147-242.plesk.page\/fr\/#website\"},\"datePublished\":\"2023-12-27T10:58:45+00:00\",\"dateModified\":\"2023-12-27T10:58:45+00:00\",\"breadcrumb\":{\"@id\":\"https:\/\/romantic-sinoussi.152-228-147-242.plesk.page\/fr\/produit\/zone-360-bt-black-2\/#breadcrumb\"},\"inLanguage\":\"fr-FR\",\"potentialAction\":[{\"@type\":\"ReadAction\",\"target\":[\"https:\/\/romantic-sinoussi.152-228-147-242.plesk.page\/fr\/produit\/zone-360-bt-black-2\/\"]}]},{\"@type\":\"BreadcrumbList\",\"@id\":\"https:\/\/romantic-sinoussi.152-228-147-242.plesk.page\/fr\/produit\/zone-360-bt-black-2\/#breadcrumb\",\"itemListElement\":[{\"@type\":\"ListItem\",\"position\":1,\"name\":\"Portada\",\"item\":\"https:\/\/romantic-sinoussi.152-228-147-242.plesk.page\/fr\/\"},{\"@type\":\"ListItem\",\"position\":2,\"name\":\"Products\",\"item\":\"https:\/\/romantic-sinoussi.152-228-147-242.plesk.page\/fr\/shop\/\"},{\"@type\":\"ListItem\",\"position\":3,\"name\":\"Zone 360 BT Black\"}]},{\"@type\":\"WebSite\",\"@id\":\"https:\/\/romantic-sinoussi.152-228-147-242.plesk.page\/fr\/#website\",\"url\":\"https:\/\/romantic-sinoussi.152-228-147-242.plesk.page\/fr\/\",\"name\":\"Audibax\",\"description\":\"\",\"publisher\":{\"@id\":\"https:\/\/romantic-sinoussi.152-228-147-242.plesk.page\/fr\/#organization\"},\"potentialAction\":[{\"@type\":\"SearchAction\",\"target\":{\"@type\":\"EntryPoint\",\"urlTemplate\":\"https:\/\/romantic-sinoussi.152-228-147-242.plesk.page\/fr\/?s={search_term_string}\"},\"query-input\":\"required name=search_term_string\"}],\"inLanguage\":\"fr-FR\"},{\"@type\":\"Organization\",\"@id\":\"https:\/\/romantic-sinoussi.152-228-147-242.plesk.page\/fr\/#organization\",\"name\":\"Audibax\",\"url\":\"https:\/\/romantic-sinoussi.152-228-147-242.plesk.page\/fr\/\",\"logo\":{\"@type\":\"ImageObject\",\"inLanguage\":\"fr-FR\",\"@id\":\"https:\/\/romantic-sinoussi.152-228-147-242.plesk.page\/fr\/#\/schema\/logo\/image\/\",\"url\":\"https:\/\/romantic-sinoussi.152-228-147-242.plesk.page\/wp-content\/uploads\/2023\/09\/logo-Audibax-BLANCO-SVG-1.svg\",\"contentUrl\":\"https:\/\/romantic-sinoussi.152-228-147-242.plesk.page\/wp-content\/uploads\/2023\/09\/logo-Audibax-BLANCO-SVG-1.svg\",\"width\":581,\"height\":146,\"caption\":\"Audibax\"},\"image\":{\"@id\":\"https:\/\/romantic-sinoussi.152-228-147-242.plesk.page\/fr\/#\/schema\/logo\/image\/\"}}]}<\/script>\n<!-- \/ Yoast SEO plugin. -->","yoast_head_json":{"title":"Zone 360 BT Black - Audibax","robots":{"index":"noindex","follow":"follow","max-snippet":"max-snippet:-1","max-image-preview":"max-image-preview:large","max-video-preview":"max-video-preview:-1"},"og_locale":"fr_FR","og_type":"article","og_title":"Zone 360 BT Black - Audibax","og_description":"Mixeur amplificateur 4 zones de sortie mono 100V haute imp\u00e9dance Puissance RMS : 360W USB \/ SD \/ FM \/ lecteurs MP3 Connectivit\u00e9 Bluetooth","og_url":"https:\/\/romantic-sinoussi.152-228-147-242.plesk.page\/fr\/produit\/zone-360-bt-black-2\/","og_site_name":"Audibax","twitter_card":"summary_large_image","twitter_misc":{"Dur\u00e9e de lecture estim\u00e9e":"2 minutes"},"schema":{"@context":"https:\/\/schema.org","@graph":[{"@type":"WebPage","@id":"https:\/\/romantic-sinoussi.152-228-147-242.plesk.page\/fr\/produit\/zone-360-bt-black-2\/","url":"https:\/\/romantic-sinoussi.152-228-147-242.plesk.page\/fr\/produit\/zone-360-bt-black-2\/","name":"Zone 360 BT Black - Audibax","isPartOf":{"@id":"https:\/\/romantic-sinoussi.152-228-147-242.plesk.page\/fr\/#website"},"datePublished":"2023-12-27T10:58:45+00:00","dateModified":"2023-12-27T10:58:45+00:00","breadcrumb":{"@id":"https:\/\/romantic-sinoussi.152-228-147-242.plesk.page\/fr\/produit\/zone-360-bt-black-2\/#breadcrumb"},"inLanguage":"fr-FR","potentialAction":[{"@type":"ReadAction","target":["https:\/\/romantic-sinoussi.152-228-147-242.plesk.page\/fr\/produit\/zone-360-bt-black-2\/"]}]},{"@type":"BreadcrumbList","@id":"https:\/\/romantic-sinoussi.152-228-147-242.plesk.page\/fr\/produit\/zone-360-bt-black-2\/#breadcrumb","itemListElement":[{"@type":"ListItem","position":1,"name":"Portada","item":"https:\/\/romantic-sinoussi.152-228-147-242.plesk.page\/fr\/"},{"@type":"ListItem","position":2,"name":"Products","item":"https:\/\/romantic-sinoussi.152-228-147-242.plesk.page\/fr\/shop\/"},{"@type":"ListItem","position":3,"name":"Zone 360 BT Black"}]},{"@type":"WebSite","@id":"https:\/\/romantic-sinoussi.152-228-147-242.plesk.page\/fr\/#website","url":"https:\/\/romantic-sinoussi.152-228-147-242.plesk.page\/fr\/","name":"Audibax","description":"","publisher":{"@id":"https:\/\/romantic-sinoussi.152-228-147-242.plesk.page\/fr\/#organization"},"potentialAction":[{"@type":"SearchAction","target":{"@type":"EntryPoint","urlTemplate":"https:\/\/romantic-sinoussi.152-228-147-242.plesk.page\/fr\/?s={search_term_string}"},"query-input":"required name=search_term_string"}],"inLanguage":"fr-FR"},{"@type":"Organization","@id":"https:\/\/romantic-sinoussi.152-228-147-242.plesk.page\/fr\/#organization","name":"Audibax","url":"https:\/\/romantic-sinoussi.152-228-147-242.plesk.page\/fr\/","logo":{"@type":"ImageObject","inLanguage":"fr-FR","@id":"https:\/\/romantic-sinoussi.152-228-147-242.plesk.page\/fr\/#\/schema\/logo\/image\/","url":"https:\/\/romantic-sinoussi.152-228-147-242.plesk.page\/wp-content\/uploads\/2023\/09\/logo-Audibax-BLANCO-SVG-1.svg","contentUrl":"https:\/\/romantic-sinoussi.152-228-147-242.plesk.page\/wp-content\/uploads\/2023\/09\/logo-Audibax-BLANCO-SVG-1.svg","width":581,"height":146,"caption":"Audibax"},"image":{"@id":"https:\/\/romantic-sinoussi.152-228-147-242.plesk.page\/fr\/#\/schema\/logo\/image\/"}}]}},"_links":{"self":[{"href":"https:\/\/romantic-sinoussi.152-228-147-242.plesk.page\/fr\/wp-json\/wp\/v2\/product\/36725","targetHints":{"allow":["GET"]}}],"collection":[{"href":"https:\/\/romantic-sinoussi.152-228-147-242.plesk.page\/fr\/wp-json\/wp\/v2\/product"}],"about":[{"href":"https:\/\/romantic-sinoussi.152-228-147-242.plesk.page\/fr\/wp-json\/wp\/v2\/types\/product"}],"replies":[{"embeddable":true,"href":"https:\/\/romantic-sinoussi.152-228-147-242.plesk.page\/fr\/wp-json\/wp\/v2\/comments?post=36725"}],"wp:featuredmedia":[{"embeddable":true,"href":"https:\/\/romantic-sinoussi.152-228-147-242.plesk.page\/fr\/wp-json\/wp\/v2\/media\/16397"}],"wp:attachment":[{"href":"https:\/\/romantic-sinoussi.152-228-147-242.plesk.page\/fr\/wp-json\/wp\/v2\/media?parent=36725"}],"wp:term":[{"taxonomy":"product_cat","embeddable":true,"href":"https:\/\/romantic-sinoussi.152-228-147-242.plesk.page\/fr\/wp-json\/wp\/v2\/product_cat?post=36725"},{"taxonomy":"product_tag","embeddable":true,"href":"https:\/\/romantic-sinoussi.152-228-147-242.plesk.page\/fr\/wp-json\/wp\/v2\/product_tag?post=36725"}],"curies":[{"name":"wp","href":"https:\/\/api.w.org\/{rel}","templated":true}]}}