{"id":36726,"date":"2023-12-27T11:58:46","date_gmt":"2023-12-27T10:58:46","guid":{"rendered":"https:\/\/romantic-sinoussi.152-228-147-242.plesk.page\/product\/dayton-60-bt-black-2\/"},"modified":"2023-12-27T11:58:46","modified_gmt":"2023-12-27T10:58:46","slug":"dayton-60-bt-black-2","status":"publish","type":"product","link":"https:\/\/romantic-sinoussi.152-228-147-242.plesk.page\/fr\/produit\/dayton-60-bt-black-2\/","title":{"rendered":"Dayton 60 BT Black"},"content":{"rendered":"<\/p>\n<p><strong>Caract\u00e9ristiques<\/strong><\/strong><\/p>\n<ul>\n<li>Le <strong>Audibax Dayton 60BT<\/strong> est un amplificateur de classe D, qui se distingue par sa petite taille et sa grande efficacit\u00e9.Le <strong>Audibax Dayton 60BT<\/strong> est un amplificateur de classe D, qui se distingue par sa petite taille et sa grande efficacit\u00e9, ce qui en fait le produit id\u00e9al pour le syst\u00e8me de sonorisation dans des lieux tels que les \u00e9coles, les gymnases, les parcs, les a\u00e9roports, les supermarch\u00e9s, etc.<\/li>\n<li>Notre<strong>amplificateur Dayton 60BT<\/strong> int\u00e8gre les fonctionnalit\u00e9s Bluetooth, FM et USB, ainsi que 2 entr\u00e9es MIC, 2 entr\u00e9es EMC, 2 entr\u00e9es ligne et 1 sortie ligne.<\/li>\n<li>Il prend en charge une sortie \u00e0 tension constante de 100V\/70V et 4 -16 &#038;Omega ;.&nbsp;<\/li>\n<li>Il peut \u00eatre contr\u00f4l\u00e9 gr\u00e2ce \u00e0 sa t\u00e9l\u00e9commande infrarouge.<\/li>\n<li>Le syst\u00e8me est prot\u00e9g\u00e9 contre les surcharges, la temp\u00e9rature, la distorsion et les courts-circuits.<\/li>\n<\/ul>\n<p><strong>Sp\u00e9cifications<\/strong><\/p>\n<ul>\n<li>\n<li>Amplificateur de petit format \u00e0 haut rendement ;Amplificateur petit format \u00e0 haut rendement<\/li>\n<li>Amplificateur classe-D \u00e0 haut rendement 60W&nbsp;<\/li>\n<li>Imp\u00e9dance de sortie : 70\/100v, 4-16 ohms&nbsp;<\/li>\n<li>Alimentation \u00e9lectrique : AC110v-240V\/50Hz\/60Hz ou DC 24V<\/li>\n<li>Protection du syst\u00e8me contre la surcharge ,la temp\u00e9rature ,la distorsion ,la distorsion ,le court-circuit<\/li>\n<li>Couleur : Noir<\/li>\n<li>Dimensions : 247 &#038;times ; 198 &times;&nbsp;&nbsp;66 mm<\/li>\n<li>Poids:2.6Kg<\/li>\n<\/ul>\n<p><u>Entr\u00e9es<\/u> :&nbsp;<\/p>\n<ul>\n<ul>\n<li>USB, FM et Bluetooth&nbsp;<\/li>\n<li>2 entr\u00e9es ligne (1-2)<\/li>\n<li>\n<li>.1 entr\u00e9e micro (1 avant avec priorit\u00e9 et MUTE)&nbsp;<\/li>\n<li>1 entr\u00e9e micro (2 arri\u00e8re, format XLR et source 48V Phantom)&nbsp;<\/li>\n<li>1 entr\u00e9e micro (2 arri\u00e8re, format XLR et source 48V Phantom)&nbsp;<\/li>\n<li>1 entr\u00e9e micro (2 arri\u00e8re, format XLR et source 48V Phantom)&nbsp;<\/li>\n<li>1 entr\u00e9e micro (2 arri\u00e8re, format XLR et source 48V Phantom)&nbsp;<\/li>\n<li>1 entr\u00e9e micro (2 arri\u00e8re, format XLR et source 48V Phantom).nbsp;<\/li>\n<li>(Priorit\u00e9 \u00e9chelonn\u00e9e EMC&gt;Mic&gt;AUX1, AUX2\/MIC2)<\/li>\n<li>1 RF (FM)&nbsp;<\/li>\n<li>1 RF (FM)&nbsp;<\/li>\n<p> jack <\/p>\n<li>1 prise Euroblock (entr\u00e9e d&#8217;alimentation auxiliaire 24V)&nbsp;<\/li>\n<\/ul>\n<p><u>Sorties<\/u> :&nbsp;<\/p>\n<ul>\n<ul>\n<li>1 RCA&nbsp;<\/li>\n<li>1 EuroBlock (100v)(4-16ohms)&nbsp;<\/li>\n<li>1 EuroBlock (100v)(4-16ohms)&nbsp;<\/li>\n<li>1 EuroBlock (100v)(4-16ohms)&nbsp;<\/li>\n<li>1 EuroBlock (100v)(4-16ohms)&#038;.nbsp;<\/li>\n<li>1 EuroBlock CEM (100v\/350mV pour les urgences)&nbsp;<\/li>\n<\/ul>\n<\/ul>\n","protected":false},"excerpt":{"rendered":"<ul>\n<li>Amplificateur de classe D<\/li>\n<li>Puissance : 60W<\/li>\n<li>Imp\u00e9dance de sortie : 70\/100v, 4-16 ohms&nbsp;<\/li>\n<li>USB \/ SD \/ FM \/ lecteurs MP3<\/li>\n<li>Connexion Bluetooth<\/li>\n<\/ul>\n","protected":false},"featured_media":18242,"comment_status":"open","ping_status":"closed","template":"","meta":[],"product_cat":[399,243],"product_tag":[],"class_list":{"0":"post-36726","1":"product","2":"type-product","3":"status-publish","4":"has-post-thumbnail","6":"product_cat-amplificateurs-dinstallation","7":"product_cat-uncategorized","9":"first","10":"instock","11":"shipping-taxable","12":"product-type-simple"},"acf":[],"yoast_head":"<!-- This site is optimized with the Yoast SEO plugin v21.5 - https:\/\/yoast.com\/wordpress\/plugins\/seo\/ -->\n<title>Dayton 60 BT Black - Audibax<\/title>\n<meta name=\"robots\" content=\"noindex, follow, max-snippet:-1, max-image-preview:large, max-video-preview:-1\" \/>\n<meta property=\"og:locale\" content=\"fr_FR\" \/>\n<meta property=\"og:type\" content=\"article\" \/>\n<meta property=\"og:title\" content=\"Dayton 60 BT Black - Audibax\" \/>\n<meta property=\"og:description\" content=\"Amplificateur de classe D Puissance : 60W Imp\u00e9dance de sortie : 70\/100v, 4-16 ohms&nbsp; USB \/ SD \/ FM \/ lecteurs MP3 Connexion Bluetooth\" \/>\n<meta property=\"og:url\" content=\"https:\/\/romantic-sinoussi.152-228-147-242.plesk.page\/fr\/produit\/dayton-60-bt-black-2\/\" \/>\n<meta property=\"og:site_name\" content=\"Audibax\" \/>\n<meta name=\"twitter:card\" content=\"summary_large_image\" \/>\n<meta name=\"twitter:label1\" content=\"Dur\u00e9e de lecture estim\u00e9e\" \/>\n\t<meta name=\"twitter:data1\" content=\"2 minutes\" \/>\n<script type=\"application\/ld+json\" class=\"yoast-schema-graph\">{\"@context\":\"https:\/\/schema.org\",\"@graph\":[{\"@type\":\"WebPage\",\"@id\":\"https:\/\/romantic-sinoussi.152-228-147-242.plesk.page\/fr\/produit\/dayton-60-bt-black-2\/\",\"url\":\"https:\/\/romantic-sinoussi.152-228-147-242.plesk.page\/fr\/produit\/dayton-60-bt-black-2\/\",\"name\":\"Dayton 60 BT Black - Audibax\",\"isPartOf\":{\"@id\":\"https:\/\/romantic-sinoussi.152-228-147-242.plesk.page\/fr\/#website\"},\"datePublished\":\"2023-12-27T10:58:46+00:00\",\"dateModified\":\"2023-12-27T10:58:46+00:00\",\"breadcrumb\":{\"@id\":\"https:\/\/romantic-sinoussi.152-228-147-242.plesk.page\/fr\/produit\/dayton-60-bt-black-2\/#breadcrumb\"},\"inLanguage\":\"fr-FR\",\"potentialAction\":[{\"@type\":\"ReadAction\",\"target\":[\"https:\/\/romantic-sinoussi.152-228-147-242.plesk.page\/fr\/produit\/dayton-60-bt-black-2\/\"]}]},{\"@type\":\"BreadcrumbList\",\"@id\":\"https:\/\/romantic-sinoussi.152-228-147-242.plesk.page\/fr\/produit\/dayton-60-bt-black-2\/#breadcrumb\",\"itemListElement\":[{\"@type\":\"ListItem\",\"position\":1,\"name\":\"Portada\",\"item\":\"https:\/\/romantic-sinoussi.152-228-147-242.plesk.page\/fr\/\"},{\"@type\":\"ListItem\",\"position\":2,\"name\":\"Products\",\"item\":\"https:\/\/romantic-sinoussi.152-228-147-242.plesk.page\/fr\/shop\/\"},{\"@type\":\"ListItem\",\"position\":3,\"name\":\"Dayton 60 BT Black\"}]},{\"@type\":\"WebSite\",\"@id\":\"https:\/\/romantic-sinoussi.152-228-147-242.plesk.page\/fr\/#website\",\"url\":\"https:\/\/romantic-sinoussi.152-228-147-242.plesk.page\/fr\/\",\"name\":\"Audibax\",\"description\":\"\",\"publisher\":{\"@id\":\"https:\/\/romantic-sinoussi.152-228-147-242.plesk.page\/fr\/#organization\"},\"potentialAction\":[{\"@type\":\"SearchAction\",\"target\":{\"@type\":\"EntryPoint\",\"urlTemplate\":\"https:\/\/romantic-sinoussi.152-228-147-242.plesk.page\/fr\/?s={search_term_string}\"},\"query-input\":\"required name=search_term_string\"}],\"inLanguage\":\"fr-FR\"},{\"@type\":\"Organization\",\"@id\":\"https:\/\/romantic-sinoussi.152-228-147-242.plesk.page\/fr\/#organization\",\"name\":\"Audibax\",\"url\":\"https:\/\/romantic-sinoussi.152-228-147-242.plesk.page\/fr\/\",\"logo\":{\"@type\":\"ImageObject\",\"inLanguage\":\"fr-FR\",\"@id\":\"https:\/\/romantic-sinoussi.152-228-147-242.plesk.page\/fr\/#\/schema\/logo\/image\/\",\"url\":\"https:\/\/romantic-sinoussi.152-228-147-242.plesk.page\/wp-content\/uploads\/2023\/09\/logo-Audibax-BLANCO-SVG-1.svg\",\"contentUrl\":\"https:\/\/romantic-sinoussi.152-228-147-242.plesk.page\/wp-content\/uploads\/2023\/09\/logo-Audibax-BLANCO-SVG-1.svg\",\"width\":581,\"height\":146,\"caption\":\"Audibax\"},\"image\":{\"@id\":\"https:\/\/romantic-sinoussi.152-228-147-242.plesk.page\/fr\/#\/schema\/logo\/image\/\"}}]}<\/script>\n<!-- \/ Yoast SEO plugin. -->","yoast_head_json":{"title":"Dayton 60 BT Black - Audibax","robots":{"index":"noindex","follow":"follow","max-snippet":"max-snippet:-1","max-image-preview":"max-image-preview:large","max-video-preview":"max-video-preview:-1"},"og_locale":"fr_FR","og_type":"article","og_title":"Dayton 60 BT Black - Audibax","og_description":"Amplificateur de classe D Puissance : 60W Imp\u00e9dance de sortie : 70\/100v, 4-16 ohms&nbsp; USB \/ SD \/ FM \/ lecteurs MP3 Connexion Bluetooth","og_url":"https:\/\/romantic-sinoussi.152-228-147-242.plesk.page\/fr\/produit\/dayton-60-bt-black-2\/","og_site_name":"Audibax","twitter_card":"summary_large_image","twitter_misc":{"Dur\u00e9e de lecture estim\u00e9e":"2 minutes"},"schema":{"@context":"https:\/\/schema.org","@graph":[{"@type":"WebPage","@id":"https:\/\/romantic-sinoussi.152-228-147-242.plesk.page\/fr\/produit\/dayton-60-bt-black-2\/","url":"https:\/\/romantic-sinoussi.152-228-147-242.plesk.page\/fr\/produit\/dayton-60-bt-black-2\/","name":"Dayton 60 BT Black - Audibax","isPartOf":{"@id":"https:\/\/romantic-sinoussi.152-228-147-242.plesk.page\/fr\/#website"},"datePublished":"2023-12-27T10:58:46+00:00","dateModified":"2023-12-27T10:58:46+00:00","breadcrumb":{"@id":"https:\/\/romantic-sinoussi.152-228-147-242.plesk.page\/fr\/produit\/dayton-60-bt-black-2\/#breadcrumb"},"inLanguage":"fr-FR","potentialAction":[{"@type":"ReadAction","target":["https:\/\/romantic-sinoussi.152-228-147-242.plesk.page\/fr\/produit\/dayton-60-bt-black-2\/"]}]},{"@type":"BreadcrumbList","@id":"https:\/\/romantic-sinoussi.152-228-147-242.plesk.page\/fr\/produit\/dayton-60-bt-black-2\/#breadcrumb","itemListElement":[{"@type":"ListItem","position":1,"name":"Portada","item":"https:\/\/romantic-sinoussi.152-228-147-242.plesk.page\/fr\/"},{"@type":"ListItem","position":2,"name":"Products","item":"https:\/\/romantic-sinoussi.152-228-147-242.plesk.page\/fr\/shop\/"},{"@type":"ListItem","position":3,"name":"Dayton 60 BT Black"}]},{"@type":"WebSite","@id":"https:\/\/romantic-sinoussi.152-228-147-242.plesk.page\/fr\/#website","url":"https:\/\/romantic-sinoussi.152-228-147-242.plesk.page\/fr\/","name":"Audibax","description":"","publisher":{"@id":"https:\/\/romantic-sinoussi.152-228-147-242.plesk.page\/fr\/#organization"},"potentialAction":[{"@type":"SearchAction","target":{"@type":"EntryPoint","urlTemplate":"https:\/\/romantic-sinoussi.152-228-147-242.plesk.page\/fr\/?s={search_term_string}"},"query-input":"required name=search_term_string"}],"inLanguage":"fr-FR"},{"@type":"Organization","@id":"https:\/\/romantic-sinoussi.152-228-147-242.plesk.page\/fr\/#organization","name":"Audibax","url":"https:\/\/romantic-sinoussi.152-228-147-242.plesk.page\/fr\/","logo":{"@type":"ImageObject","inLanguage":"fr-FR","@id":"https:\/\/romantic-sinoussi.152-228-147-242.plesk.page\/fr\/#\/schema\/logo\/image\/","url":"https:\/\/romantic-sinoussi.152-228-147-242.plesk.page\/wp-content\/uploads\/2023\/09\/logo-Audibax-BLANCO-SVG-1.svg","contentUrl":"https:\/\/romantic-sinoussi.152-228-147-242.plesk.page\/wp-content\/uploads\/2023\/09\/logo-Audibax-BLANCO-SVG-1.svg","width":581,"height":146,"caption":"Audibax"},"image":{"@id":"https:\/\/romantic-sinoussi.152-228-147-242.plesk.page\/fr\/#\/schema\/logo\/image\/"}}]}},"_links":{"self":[{"href":"https:\/\/romantic-sinoussi.152-228-147-242.plesk.page\/fr\/wp-json\/wp\/v2\/product\/36726","targetHints":{"allow":["GET"]}}],"collection":[{"href":"https:\/\/romantic-sinoussi.152-228-147-242.plesk.page\/fr\/wp-json\/wp\/v2\/product"}],"about":[{"href":"https:\/\/romantic-sinoussi.152-228-147-242.plesk.page\/fr\/wp-json\/wp\/v2\/types\/product"}],"replies":[{"embeddable":true,"href":"https:\/\/romantic-sinoussi.152-228-147-242.plesk.page\/fr\/wp-json\/wp\/v2\/comments?post=36726"}],"wp:featuredmedia":[{"embeddable":true,"href":"https:\/\/romantic-sinoussi.152-228-147-242.plesk.page\/fr\/wp-json\/wp\/v2\/media\/18242"}],"wp:attachment":[{"href":"https:\/\/romantic-sinoussi.152-228-147-242.plesk.page\/fr\/wp-json\/wp\/v2\/media?parent=36726"}],"wp:term":[{"taxonomy":"product_cat","embeddable":true,"href":"https:\/\/romantic-sinoussi.152-228-147-242.plesk.page\/fr\/wp-json\/wp\/v2\/product_cat?post=36726"},{"taxonomy":"product_tag","embeddable":true,"href":"https:\/\/romantic-sinoussi.152-228-147-242.plesk.page\/fr\/wp-json\/wp\/v2\/product_tag?post=36726"}],"curies":[{"name":"wp","href":"https:\/\/api.w.org\/{rel}","templated":true}]}}