{"id":36728,"date":"2023-12-27T11:58:47","date_gmt":"2023-12-27T10:58:47","guid":{"rendered":"https:\/\/romantic-sinoussi.152-228-147-242.plesk.page\/product\/dayton-120t-bt-black-2\/"},"modified":"2023-12-27T11:58:47","modified_gmt":"2023-12-27T10:58:47","slug":"dayton-120t-bt-black-2","status":"publish","type":"product","link":"https:\/\/romantic-sinoussi.152-228-147-242.plesk.page\/fr\/produit\/dayton-120t-bt-black-2\/","title":{"rendered":"Dayton 120T BT Black"},"content":{"rendered":"<\/p>\n<p><strong>Caract\u00e9ristiques<\/strong><\/strong><\/p>\n<ul>\n<ul>\n<li>Le <strong>Audibax Dayton 120T BT&nbsp;<\/strong>est un amplificateur m\u00e9langeur de classe D \u00e0 haut rendement, qui dispose de trois modes de fonctionnement : Bluetooth, USB et AUX.<\/li>\n<li>Il est dot\u00e9 de la fonctionnalit\u00e9 de lecture sans fil Bluetooth et d&#8217;indicateurs de niveau de signal (SIG), d&#8217;\u00e9cr\u00eatage (CLIP) et de protection (PRO).<\/li>\n<li>Il dispose d&#8217;une commande de volume principale, d&#8217;une commande de volume ind\u00e9pendante pour MIC et LINE, et d&#8217;une commande de volume pour les aigus et les basses.<\/li>\n<li>Il peut \u00eatre command\u00e9 par t\u00e9l\u00e9commande.<\/li>\n<li>Il dispose de plusieurs entr\u00e9es (USB, Bluetooth, ligne, micro, etc.) et sorties (RCA et Euroblock).<\/li>\n<li>L&#8217;appareil est dot\u00e9 d&#8217;une protection contre les surcharges, les courts-circuits et la temp\u00e9rature, ainsi que d&#8217;un ventilateur \u00e0 temp\u00e9rature contr\u00f4l\u00e9e.nbsp;<\/li>\n<li>Amplificateur classe D \u00e0 haut rendement 120W&nbsp;<\/li>\n<li>R\u00e9ponse en fr\u00e9quence : 80\/15kHz<\/li>\n<li>Imp\u00e9dance de sortie : 70\/100v<\/li>\n<li>Alimentation : AC220V\/50Hz\/60Hz ou DC 24V<\/li>\n<li>T.H.D : (Moins de 0,5%)<\/li>\n<li>Indicateur frontal (niveau de signal \u00e9lev\u00e9, protection)<\/li>\n<li>Couleur : Noir<\/li>\n<li>Dimensions : 200 &#038;times ; 190 &#038;times ; 44 mm<\/li>\n<li>Poids : 1.5 Kg<\/li>\n<\/ul>\n<p><u>Entr\u00e9es<\/u> :&nbsp;<\/p>\n<ul>\n<ul>\n<li>USB,&#038;nbsp ; Bluetooth&nbsp;<\/li>\n<li>2 entr\u00e9es ligne (1-2)&nbsp;<\/li>\n<li>\n<li>1 entr\u00e9e micro (1-2)&nbsp;<\/li>\n<li>1 entr\u00e9e micro (1-2)&nbsp;<\/li>\n<li>.li>1 entr\u00e9es micro (1 avant avec priorit\u00e9 et MUTE)&nbsp;<\/li>\n<li>1 entr\u00e9e micro (2 arri\u00e8re, format XLR et source 48V Phantom)&nbsp;<\/li>\n<li>1 entr\u00e9e micro (2 arri\u00e8re, format XLR et source 48V Phantom)&nbsp;<\/li>\n<li>1 entr\u00e9e micro (2 arri\u00e8re, format XLR et source 48V Phantom).li>1 prise Euroblock (entr\u00e9e d&#8217;alimentation auxiliaire 24V)<\/li>\n<\/ul>\n<p><u>Sorties<\/u> :&nbsp;<\/p>\n<ul>\n<ul>\n<li>1 RCA&nbsp;<\/li>\n<li>1 EuroBlock (100v)<\/li>\n<\/ul>\n<\/ul>\n<\/ul>\n","protected":false},"excerpt":{"rendered":"<ul>\n<li>Amplificateur classe D<\/li>\n<li>Puissance : 120W<\/li>\n<li>Connexion USB et lecture<\/li>\n<li>Connexion Bluetooth<\/li>\n<li>Ligne 100v<\/li>\n<\/ul>\n<li>Alimentation \u00e9lectrique.<br \/>\n","protected":false},"featured_media":18248,"comment_status":"open","ping_status":"closed","template":"","meta":[],"product_cat":[399,243],"product_tag":[],"class_list":{"0":"post-36728","1":"product","2":"type-product","3":"status-publish","4":"has-post-thumbnail","6":"product_cat-amplificateurs-dinstallation","7":"product_cat-uncategorized","9":"first","10":"instock","11":"shipping-taxable","12":"product-type-simple"},"acf":[],"yoast_head":"<!-- This site is optimized with the Yoast SEO plugin v21.5 - https:\/\/yoast.com\/wordpress\/plugins\/seo\/ -->\n<title>Dayton 120T BT Black - Audibax<\/title>\n<meta name=\"robots\" content=\"noindex, follow, max-snippet:-1, max-image-preview:large, max-video-preview:-1\" \/>\n<meta property=\"og:locale\" content=\"fr_FR\" \/>\n<meta property=\"og:type\" content=\"article\" \/>\n<meta property=\"og:title\" content=\"Dayton 120T BT Black - Audibax\" \/>\n<meta property=\"og:description\" content=\"Amplificateur classe D Puissance : 120W Connexion USB et lecture Connexion Bluetooth Ligne 100v Alimentation \u00e9lectrique.\" \/>\n<meta property=\"og:url\" content=\"https:\/\/romantic-sinoussi.152-228-147-242.plesk.page\/fr\/produit\/dayton-120t-bt-black-2\/\" \/>\n<meta property=\"og:site_name\" content=\"Audibax\" \/>\n<meta name=\"twitter:card\" content=\"summary_large_image\" \/>\n<meta name=\"twitter:label1\" content=\"Dur\u00e9e de lecture estim\u00e9e\" \/>\n\t<meta name=\"twitter:data1\" content=\"1 minute\" \/>\n<script type=\"application\/ld+json\" class=\"yoast-schema-graph\">{\"@context\":\"https:\/\/schema.org\",\"@graph\":[{\"@type\":\"WebPage\",\"@id\":\"https:\/\/romantic-sinoussi.152-228-147-242.plesk.page\/fr\/produit\/dayton-120t-bt-black-2\/\",\"url\":\"https:\/\/romantic-sinoussi.152-228-147-242.plesk.page\/fr\/produit\/dayton-120t-bt-black-2\/\",\"name\":\"Dayton 120T BT Black - Audibax\",\"isPartOf\":{\"@id\":\"https:\/\/romantic-sinoussi.152-228-147-242.plesk.page\/fr\/#website\"},\"datePublished\":\"2023-12-27T10:58:47+00:00\",\"dateModified\":\"2023-12-27T10:58:47+00:00\",\"breadcrumb\":{\"@id\":\"https:\/\/romantic-sinoussi.152-228-147-242.plesk.page\/fr\/produit\/dayton-120t-bt-black-2\/#breadcrumb\"},\"inLanguage\":\"fr-FR\",\"potentialAction\":[{\"@type\":\"ReadAction\",\"target\":[\"https:\/\/romantic-sinoussi.152-228-147-242.plesk.page\/fr\/produit\/dayton-120t-bt-black-2\/\"]}]},{\"@type\":\"BreadcrumbList\",\"@id\":\"https:\/\/romantic-sinoussi.152-228-147-242.plesk.page\/fr\/produit\/dayton-120t-bt-black-2\/#breadcrumb\",\"itemListElement\":[{\"@type\":\"ListItem\",\"position\":1,\"name\":\"Portada\",\"item\":\"https:\/\/romantic-sinoussi.152-228-147-242.plesk.page\/fr\/\"},{\"@type\":\"ListItem\",\"position\":2,\"name\":\"Products\",\"item\":\"https:\/\/romantic-sinoussi.152-228-147-242.plesk.page\/fr\/shop\/\"},{\"@type\":\"ListItem\",\"position\":3,\"name\":\"Dayton 120T BT Black\"}]},{\"@type\":\"WebSite\",\"@id\":\"https:\/\/romantic-sinoussi.152-228-147-242.plesk.page\/fr\/#website\",\"url\":\"https:\/\/romantic-sinoussi.152-228-147-242.plesk.page\/fr\/\",\"name\":\"Audibax\",\"description\":\"\",\"publisher\":{\"@id\":\"https:\/\/romantic-sinoussi.152-228-147-242.plesk.page\/fr\/#organization\"},\"potentialAction\":[{\"@type\":\"SearchAction\",\"target\":{\"@type\":\"EntryPoint\",\"urlTemplate\":\"https:\/\/romantic-sinoussi.152-228-147-242.plesk.page\/fr\/?s={search_term_string}\"},\"query-input\":\"required name=search_term_string\"}],\"inLanguage\":\"fr-FR\"},{\"@type\":\"Organization\",\"@id\":\"https:\/\/romantic-sinoussi.152-228-147-242.plesk.page\/fr\/#organization\",\"name\":\"Audibax\",\"url\":\"https:\/\/romantic-sinoussi.152-228-147-242.plesk.page\/fr\/\",\"logo\":{\"@type\":\"ImageObject\",\"inLanguage\":\"fr-FR\",\"@id\":\"https:\/\/romantic-sinoussi.152-228-147-242.plesk.page\/fr\/#\/schema\/logo\/image\/\",\"url\":\"https:\/\/romantic-sinoussi.152-228-147-242.plesk.page\/wp-content\/uploads\/2023\/09\/logo-Audibax-BLANCO-SVG-1.svg\",\"contentUrl\":\"https:\/\/romantic-sinoussi.152-228-147-242.plesk.page\/wp-content\/uploads\/2023\/09\/logo-Audibax-BLANCO-SVG-1.svg\",\"width\":581,\"height\":146,\"caption\":\"Audibax\"},\"image\":{\"@id\":\"https:\/\/romantic-sinoussi.152-228-147-242.plesk.page\/fr\/#\/schema\/logo\/image\/\"}}]}<\/script>\n<!-- \/ Yoast SEO plugin. -->","yoast_head_json":{"title":"Dayton 120T BT Black - Audibax","robots":{"index":"noindex","follow":"follow","max-snippet":"max-snippet:-1","max-image-preview":"max-image-preview:large","max-video-preview":"max-video-preview:-1"},"og_locale":"fr_FR","og_type":"article","og_title":"Dayton 120T BT Black - Audibax","og_description":"Amplificateur classe D Puissance : 120W Connexion USB et lecture Connexion Bluetooth Ligne 100v Alimentation \u00e9lectrique.","og_url":"https:\/\/romantic-sinoussi.152-228-147-242.plesk.page\/fr\/produit\/dayton-120t-bt-black-2\/","og_site_name":"Audibax","twitter_card":"summary_large_image","twitter_misc":{"Dur\u00e9e de lecture estim\u00e9e":"1 minute"},"schema":{"@context":"https:\/\/schema.org","@graph":[{"@type":"WebPage","@id":"https:\/\/romantic-sinoussi.152-228-147-242.plesk.page\/fr\/produit\/dayton-120t-bt-black-2\/","url":"https:\/\/romantic-sinoussi.152-228-147-242.plesk.page\/fr\/produit\/dayton-120t-bt-black-2\/","name":"Dayton 120T BT Black - Audibax","isPartOf":{"@id":"https:\/\/romantic-sinoussi.152-228-147-242.plesk.page\/fr\/#website"},"datePublished":"2023-12-27T10:58:47+00:00","dateModified":"2023-12-27T10:58:47+00:00","breadcrumb":{"@id":"https:\/\/romantic-sinoussi.152-228-147-242.plesk.page\/fr\/produit\/dayton-120t-bt-black-2\/#breadcrumb"},"inLanguage":"fr-FR","potentialAction":[{"@type":"ReadAction","target":["https:\/\/romantic-sinoussi.152-228-147-242.plesk.page\/fr\/produit\/dayton-120t-bt-black-2\/"]}]},{"@type":"BreadcrumbList","@id":"https:\/\/romantic-sinoussi.152-228-147-242.plesk.page\/fr\/produit\/dayton-120t-bt-black-2\/#breadcrumb","itemListElement":[{"@type":"ListItem","position":1,"name":"Portada","item":"https:\/\/romantic-sinoussi.152-228-147-242.plesk.page\/fr\/"},{"@type":"ListItem","position":2,"name":"Products","item":"https:\/\/romantic-sinoussi.152-228-147-242.plesk.page\/fr\/shop\/"},{"@type":"ListItem","position":3,"name":"Dayton 120T BT Black"}]},{"@type":"WebSite","@id":"https:\/\/romantic-sinoussi.152-228-147-242.plesk.page\/fr\/#website","url":"https:\/\/romantic-sinoussi.152-228-147-242.plesk.page\/fr\/","name":"Audibax","description":"","publisher":{"@id":"https:\/\/romantic-sinoussi.152-228-147-242.plesk.page\/fr\/#organization"},"potentialAction":[{"@type":"SearchAction","target":{"@type":"EntryPoint","urlTemplate":"https:\/\/romantic-sinoussi.152-228-147-242.plesk.page\/fr\/?s={search_term_string}"},"query-input":"required name=search_term_string"}],"inLanguage":"fr-FR"},{"@type":"Organization","@id":"https:\/\/romantic-sinoussi.152-228-147-242.plesk.page\/fr\/#organization","name":"Audibax","url":"https:\/\/romantic-sinoussi.152-228-147-242.plesk.page\/fr\/","logo":{"@type":"ImageObject","inLanguage":"fr-FR","@id":"https:\/\/romantic-sinoussi.152-228-147-242.plesk.page\/fr\/#\/schema\/logo\/image\/","url":"https:\/\/romantic-sinoussi.152-228-147-242.plesk.page\/wp-content\/uploads\/2023\/09\/logo-Audibax-BLANCO-SVG-1.svg","contentUrl":"https:\/\/romantic-sinoussi.152-228-147-242.plesk.page\/wp-content\/uploads\/2023\/09\/logo-Audibax-BLANCO-SVG-1.svg","width":581,"height":146,"caption":"Audibax"},"image":{"@id":"https:\/\/romantic-sinoussi.152-228-147-242.plesk.page\/fr\/#\/schema\/logo\/image\/"}}]}},"_links":{"self":[{"href":"https:\/\/romantic-sinoussi.152-228-147-242.plesk.page\/fr\/wp-json\/wp\/v2\/product\/36728","targetHints":{"allow":["GET"]}}],"collection":[{"href":"https:\/\/romantic-sinoussi.152-228-147-242.plesk.page\/fr\/wp-json\/wp\/v2\/product"}],"about":[{"href":"https:\/\/romantic-sinoussi.152-228-147-242.plesk.page\/fr\/wp-json\/wp\/v2\/types\/product"}],"replies":[{"embeddable":true,"href":"https:\/\/romantic-sinoussi.152-228-147-242.plesk.page\/fr\/wp-json\/wp\/v2\/comments?post=36728"}],"wp:featuredmedia":[{"embeddable":true,"href":"https:\/\/romantic-sinoussi.152-228-147-242.plesk.page\/fr\/wp-json\/wp\/v2\/media\/18248"}],"wp:attachment":[{"href":"https:\/\/romantic-sinoussi.152-228-147-242.plesk.page\/fr\/wp-json\/wp\/v2\/media?parent=36728"}],"wp:term":[{"taxonomy":"product_cat","embeddable":true,"href":"https:\/\/romantic-sinoussi.152-228-147-242.plesk.page\/fr\/wp-json\/wp\/v2\/product_cat?post=36728"},{"taxonomy":"product_tag","embeddable":true,"href":"https:\/\/romantic-sinoussi.152-228-147-242.plesk.page\/fr\/wp-json\/wp\/v2\/product_tag?post=36728"}],"curies":[{"name":"wp","href":"https:\/\/api.w.org\/{rel}","templated":true}]}}